{"id":11637,"date":"2019-07-25T14:21:41","date_gmt":"2019-07-25T18:21:41","guid":{"rendered":"https:\/\/optimate1.com\/?page_id=11637"},"modified":"2024-12-11T10:30:53","modified_gmt":"2024-12-11T15:30:53","slug":"datenschutzerklaerung","status":"publish","type":"page","link":"https:\/\/optimate1.com\/de\/datenschutzerklaerung\/","title":{"rendered":"Datenschutzerkl\u00e4rung"},"content":{"rendered":"<p>Tecmate legt gro\u00dfen Wert auf den Schutz Ihrer pers\u00f6nlichen Daten und die Achtung Ihrer Privatsph\u00e4re. In dieser Datenschutzerkl\u00e4rung m\u00f6chten wir Sie klar und transparent dar\u00fcber informieren, welche Daten wir erheben und wie wir mit personenbezogenen Daten umgehen. Wir setzen alles daran, Ihre Privatsph\u00e4re zu sch\u00fctzen, und gehen daher mit personenbezogenen Daten sorgf\u00e4ltig um. Tecmate h\u00e4lt sich in allen F\u00e4llen an die geltenden Gesetze und Vorschriften, einschlie\u00dflich der Datenschutz-Grundverordnung (DSGVO) vom 25.\u00a0Mai 2018.<\/p>\n<p>Bei Tecmate sind wir f\u00fcr die Verarbeitung Ihrer personenbezogenen Daten verantwortlich. Wenn Sie nach dem Lesen unserer Datenschutzerkl\u00e4rung oder generell Fragen diesbez\u00fcglich haben oder uns kontaktieren m\u00f6chten, k\u00f6nnen Sie dies \u00fcber die folgenden Kontaktdaten tun:<\/p>\n<p>TECMATE INTERNATIONAL<br \/>\nNeringstraat 14<br \/>\n3300 Tienen<br \/>\nBelgium<\/p>\n<h1>Warum verarbeiten wir personenbezogene Daten?<\/h1>\n<p>Ihre personenbezogenen Daten werden von Tecmate f\u00fcr die folgenden Zwecke verarbeitet:<\/p>\n<h3>Die Ausf\u00fchrung eines Vertrags \u00fcber die Lieferung von Tecmate-Produkten.<\/h3>\n<p>Wir verarbeiten Ihre personenbezogenen Daten im Rahmen von Bestellungen, Buchhaltung und Rechnungsstellung und informieren Sie \u00fcber den Status Ihrer Bestellungen.<\/p>\n<p>Tecmate erhebt dazu folgende personenbezogenen Daten: Nachname, Vorname, Titel, Position, E-Mail-Adresse, Telefonnummer, Mobiltelefonnummer, Firmenadresse, Sprache des Unternehmens und das Land, in dem sich Ihr Unternehmen befindet.<\/p>\n<p>Die Verarbeitung personenbezogener Daten f\u00fcr den oben genannten Zweck ist f\u00fcr die Ausf\u00fchrung eines Vertrags erforderlich.<\/p>\n<h3>Marketing und Kommunikation<\/h3>\n<p>Wir halten Importeure und Vertriebsh\u00e4ndler \u00fcber unsere Produkte, Preislisten, Aktionen und Produkteinf\u00fchrungen, sachdienliche Informationen usw. auf dem Laufenden.<\/p>\n<p>H\u00e4ndler erhalten von Tecmate informative und lehrreiche Schreiben \u00fcber Batterien und Ladeger\u00e4te.<\/p>\n<p>F\u00fcr den oben genannten Zweck erheben, sammeln und verarbeiten wir folgende Informationen: Nachname, Vorname, Titel, Position, E-Mail-Adresse, Telefonnummer, Mobiltelefonnummer, Firmenadresse, Sprache des Unternehmens und das Land, in dem sich Ihr Unternehmen befindet.<\/p>\n<p>Die Verarbeitung personenbezogener Daten f\u00fcr den oben genannten Zweck erfolgt auf der Grundlage berechtigter Notwendigkeit.<\/p>\n<h3>Kundenservice<\/h3>\n<p>Um Ihre Fragen beantworten und Ihnen den bestm\u00f6glichen Service bieten zu k\u00f6nnen, erheben wir folgende Daten: Nachname, Vorname und Ihre E-Mail-Adresse.<\/p>\n<p>Die Verarbeitung personenbezogener Daten f\u00fcr den oben genannten Zweck erfolgt auf der Grundlage berechtigter Notwendigkeit und zum Zweck der Vertragsabwicklung.<\/p>\n<h3>Juristische Zwecke<\/h3>\n<p>In bestimmten F\u00e4llen m\u00fcssen wir Ihre Daten zur Bearbeitung und L\u00f6sung von Rechtsstreitigkeiten oder zu Ermittlungs- und Compliance-Zwecken verwenden, die nach Gesetz und Vorschriften erforderlich sind.<\/p>\n<p>Die Verarbeitung personenbezogener Daten f\u00fcr den oben genannten Zweck erfolgt auf der Grundlage berechtigter Notwendigkeit.<\/p>\n<p>Aufdeckung und Pr\u00e4vention von Betrug<\/p>\n<p>Wir k\u00f6nnen Ihre personenbezogenen Daten verwenden, um Betrug und andere illegale Aktivit\u00e4ten zu erkennen und zu verhindern.<\/p>\n<p>Die Verarbeitung personenbezogener Daten f\u00fcr den oben genannten Zweck basiert auf einer gesetzlichen Anforderung.<\/p>\n<h3>Identifizieren und Sammeln von Informationen \u00fcber Website-Besuche<\/h3>\n<p>Auf der Website des Unternehmens werden allgemeine Daten \u00fcber alle Besuche aufgezeichnet, einschlie\u00dflich der IP-Adresse Ihres Computers und der Zeit, zu der Informationen abgerufen werden und der Daten, die Ihr Browser sendet. Diese Daten werden zur Analyse von Website-Besuchen und des Klickverhaltens auf der Website verwendet.<\/p>\n<p>Tecmate verwendet diese Informationen, um die Funktionalit\u00e4t der Website zu verbessern. Tecmate verwendet zu diesem Zweck Google Analytics. Die so erhaltenen Informationen einschlie\u00dflich der Adresse Ihres Computers (IP-Adresse) werden an Google \u00fcbermittelt und von Google auf dessen Servern gespeichert.<\/p>\n<p>Google verwendet diese Informationen, um die Nutzung unserer Website zu verfolgen, um Tecmate Berichte \u00fcber die Website und Informationen \u00fcber die Wirksamkeit von Kampagnen zur Verf\u00fcgung stellen zu k\u00f6nnen.<\/p>\n<p>Google wird diese Informationen nur dann an Dritte weitergeben, sofern dies gesetzlich vorgeschrieben ist oder soweit diese Dritten diese Daten im Auftrag von Google verarbeiten. Tecmate hat auf diese Vorg\u00e4nge keinen Einfluss.<\/p>\n<p>Tecmate hat Google nicht die Erlaubnis erteilt, die \u00fcber Tecmate erhaltenen Analytics-Informationen f\u00fcr andere Google-Dienste zu verwenden.<\/p>\n<p>Die Verarbeitung personenbezogener Daten f\u00fcr den oben genannten Zweck erfolgt auf der Grundlage berechtigter Notwendigkeit.<\/p>\n<p>Wir verwenden die erhobenen Daten ausschlie\u00dflich f\u00fcr die Zwecke, f\u00fcr die wir die Daten erhoben haben.<\/p>\n<p>Wir verarbeiten Daten, die Sie als betroffene Person teilen, sobald Sie Kunde werden oder unsere Dienste nutzen. Wir verarbeiten auch personenbezogene Daten, die nicht von Ihnen als betroffene Person zur Verf\u00fcgung gestellt wurden, wie z.\u00a0B. \u00fcbermittelte personenbezogene Daten \u00fcber Mitarbeiter. Die personenbezogenen Daten k\u00f6nnen auch aus \u00f6ffentlichen Quellen stammen, wie z.\u00a0B. der Crossroads Bank for Enterprises, dem Belgischen Staatsblatt und dessen Anh\u00e4ngen usw.<\/p>\n<h1>Die Weitergabe der Daten an Dritte<\/h1>\n<p>Wir k\u00f6nnen die von Ihnen zur Verf\u00fcgung gestellten Informationen an Dritte weitergeben, wenn dies gesetzlich vorgeschrieben und zul\u00e4ssig ist.<\/p>\n<p>Wir k\u00f6nnen die Informationen, die Sie uns zur Verf\u00fcgung stellen, an Dritte weitergeben, wenn dies f\u00fcr die oben beschriebenen Zwecke erforderlich ist. In solchen F\u00e4llen erfolgt diese Weitergabe von Informationen im Rahmen Ihrer Anfrage oder Ihres Auftrags.<\/p>\n<p>Wir k\u00f6nnen Ihre personenbezogenen Daten auch an Dritte weitergeben, wenn Sie Ihre Zustimmung dazu gegeben haben. Sie haben das Recht, diese Einwilligung jederzeit zu widerrufen, unbeschadet der Rechtm\u00e4\u00dfigkeit der Verarbeitung vor dem Widerruf Ihrer Einwilligung.<\/p>\n<p>Mit Ausnahme der oben genannten F\u00e4lle werden wir personenbezogene Daten niemals an Dritte weitergeben.<\/p>\n<p>Wir geben unter keinen Umst\u00e4nden personenbezogene Daten an Personen mit Sitz au\u00dferhalb der EU weiter.<\/p>\n<h3>Minderj\u00e4hrige<\/h3>\n<p>Wir verarbeiten in keinem Fall die personenbezogenen Daten von Personen unter 16 Jahren.<\/p>\n<h3>Aufbewahrungsfrist<\/h3>\n<p>Tecmate speichert personenbezogene Daten nicht l\u00e4nger als f\u00fcr den Zweck, f\u00fcr den sie bereitgestellt wurden, und als es gesetzlich vorgeschrieben ist.<\/p>\n<p><img loading=\"lazy\" decoding=\"async\" class=\"alignnone size-full wp-image-11659\" src=\"https:\/\/optimate1.com\/wp-content\/uploads\/2019\/07\/privtable-de.png\" alt=\"\" width=\"612\" height=\"336\" srcset=\"https:\/\/optimate1.com\/wp-content\/uploads\/2019\/07\/privtable-de.png 612w, https:\/\/optimate1.com\/wp-content\/uploads\/2019\/07\/privtable-de-600x329.png 600w, https:\/\/optimate1.com\/wp-content\/uploads\/2019\/07\/privtable-de-64x35.png 64w, https:\/\/optimate1.com\/wp-content\/uploads\/2019\/07\/privtable-de-300x165.png 300w\" sizes=\"auto, (max-width: 612px) 100vw, 612px\" \/><\/p>\n<p>Nach Ablauf der oben genannten Fristen werden die personenbezogenen Daten gel\u00f6scht, sofern nicht andere geltende Gesetze eine l\u00e4ngere Aufbewahrungsfrist vorsehen.<\/p>\n<h3>Schutz der Daten<\/h3>\n<p>Wir haben hinreichende technische und organisatorische Ma\u00dfnahmen getroffen, um Ihre personenbezogenen Daten vor unrechtm\u00e4\u00dfiger Nutzung zu sch\u00fctzen.<\/p>\n<p>So haben wir beispielsweise folgende Ma\u00dfnahmen ergriffen:<\/p>\n<ul>\n<li>Alle Personen, die im Auftrag von Tecmate Zugang zu Ihren Daten haben, sind zur Vertraulichkeit verpflichtet.<\/li>\n<li>Wir verwenden auf allen unseren Systemen eine Richtlinie f\u00fcr Benutzernamen und Passw\u00f6rter.<\/li>\n<li>Wir sichern personenbezogene Daten, um sie im Fall von physischen oder technischen Vorf\u00e4llen wiederherstellen zu k\u00f6nnen.<\/li>\n<li>Wir pr\u00fcfen und bewerten unsere Ma\u00dfnahmen regelm\u00e4\u00dfig.<\/li>\n<li>Alle Mitarbeiter von Tecmate sind \u00fcber die Bedeutung des Schutzes personenbezogener Daten informiert.<\/li>\n<li>Unsere Firmengeb\u00e4ude sind durch eine Alarmanlage gesichert.<\/li>\n<\/ul>\n<h3>Ihre Rechte bez\u00fcglich Ihrer Daten<\/h3>\n<p>Sie haben das Recht auf Zugang, Berichtigung und L\u00f6schung der personenbezogenen Daten, die wir von Ihnen erhalten haben. Unsere Kontaktinformationen finden Sie oben in dieser Datenschutzerkl\u00e4rung. Sie k\u00f6nnen auch der Verarbeitung Ihrer personenbezogenen Daten (oder eines Teils davon) durch uns oder einen unserer Verarbeiter widersprechen bzw. dagegen Einspruch erheben. Sie haben auch das Recht, die von Ihnen zur Verf\u00fcgung gestellten Daten auf Anfrage an Sie oder direkt an eine andere Partei weiterzugeben. Wir k\u00f6nnen Sie bitten, einen Identit\u00e4tsnachweis vorzulegen, bevor wir solchen Anfragen nachkommen k\u00f6nnen.<\/p>\n<h3>Beschwerden<\/h3>\n<p>Wenn Sie eine Beschwerde \u00fcber die Verarbeitung Ihrer personenbezogenen Daten haben, bitten wir Sie, sich umgehend mit uns in Verbindung zu setzen. Sie haben jederzeit das Recht, eine Beschwerde bei der belgischen Datenschutzkommission, der Aufsichtsbeh\u00f6rde im Bereich des Datenschutzes, einzureichen.<\/p>\n<h3>\u00c4nderungen der Datenschutzerkl\u00e4rung<\/h3>\n<p>Tecmate kann \u00c4nderungen an seiner Datenschutzerkl\u00e4rung vornehmen. Alle \u00c4nderungen werden wir auf unserer Website bekannt geben.<\/p>\n","protected":false},"excerpt":{"rendered":"<p>Tecmate legt gro\u00dfen Wert auf den Schutz Ihrer pers\u00f6nlichen Daten und die Achtung Ihrer Privatsph\u00e4re. In dieser Datenschutzerkl\u00e4rung m\u00f6chten wir Sie klar und transparent dar\u00fcber informieren, welche Daten wir erheben und wie wir mit personenbezogenen Daten umgehen. Wir setzen alles daran, Ihre Privatsph\u00e4re zu sch\u00fctzen, und gehen daher mit personenbezogenen Daten sorgf\u00e4ltig um. Tecmate h\u00e4lt &hellip;<\/p>\n<p class=\"read-more\"> <a class=\" thunk-readmore button \" href=\"https:\/\/optimate1.com\/de\/datenschutzerklaerung\/\"> <span class=\"screen-reader-text\">Datenschutzerkl\u00e4rung<\/span>Read More<\/a><\/p>\n","protected":false},"author":12,"featured_media":0,"parent":0,"menu_order":90,"comment_status":"closed","ping_status":"closed","template":"","meta":{"footnotes":""},"class_list":["post-11637","page","type-page","status-publish","hentry","thunk-woo-product-list","opn-qv-enable","big-store-woo-hover-","open-single-product-tab-horizontal","open-shadow-","open-shadow-hover-"],"yoast_head":"<!-- This site is optimized with the Yoast SEO plugin v27.2 - https:\/\/yoast.com\/product\/yoast-seo-wordpress\/ -->\n<title>Datenschutzerkl\u00e4rung - OptiMate<\/title>\n<meta name=\"robots\" content=\"index, follow, max-snippet:-1, max-image-preview:large, max-video-preview:-1\" \/>\n<link rel=\"canonical\" href=\"https:\/\/optimate1.com\/privacy-statement\/\" \/>\n<meta property=\"og:locale\" content=\"de_DE\" \/>\n<meta property=\"og:type\" content=\"article\" \/>\n<meta property=\"og:title\" content=\"Datenschutzerkl\u00e4rung - OptiMate\" \/>\n<meta property=\"og:description\" content=\"Tecmate legt gro\u00dfen Wert auf den Schutz Ihrer pers\u00f6nlichen Daten und die Achtung Ihrer Privatsph\u00e4re. In dieser Datenschutzerkl\u00e4rung m\u00f6chten wir Sie klar und transparent dar\u00fcber informieren, welche Daten wir erheben und wie wir mit personenbezogenen Daten umgehen. Wir setzen alles daran, Ihre Privatsph\u00e4re zu sch\u00fctzen, und gehen daher mit personenbezogenen Daten sorgf\u00e4ltig um. Tecmate h\u00e4lt &hellip; Datenschutzerkl\u00e4rungRead More\" \/>\n<meta property=\"og:url\" content=\"https:\/\/optimate1.com\/privacy-statement\/\" \/>\n<meta property=\"og:site_name\" content=\"OptiMate\" \/>\n<meta property=\"article:publisher\" content=\"https:\/\/www.facebook.com\/OptiMatebatterysavingcharger\/\" \/>\n<meta property=\"article:modified_time\" content=\"2024-12-11T15:30:53+00:00\" \/>\n<meta property=\"og:image\" content=\"https:\/\/optimate1.com\/wp-content\/uploads\/2019\/07\/privtable-de.png\" \/>\n\t<meta property=\"og:image:width\" content=\"612\" \/>\n\t<meta property=\"og:image:height\" content=\"336\" \/>\n\t<meta property=\"og:image:type\" content=\"image\/png\" \/>\n<meta name=\"twitter:card\" content=\"summary_large_image\" \/>\n<meta name=\"twitter:label1\" content=\"Gesch\u00e4tzte Lesezeit\" \/>\n\t<meta name=\"twitter:data1\" content=\"6\u00a0Minuten\" \/>\n<script type=\"application\/ld+json\" class=\"yoast-schema-graph\">{\"@context\":\"https:\/\/schema.org\",\"@graph\":[{\"@type\":\"WebPage\",\"@id\":\"https:\/\/optimate1.com\/privacy-statement\/\",\"url\":\"https:\/\/optimate1.com\/privacy-statement\/\",\"name\":\"Datenschutzerkl\u00e4rung - OptiMate\",\"isPartOf\":{\"@id\":\"https:\/\/optimate1.com\/#website\"},\"primaryImageOfPage\":{\"@id\":\"https:\/\/optimate1.com\/privacy-statement\/#primaryimage\"},\"image\":{\"@id\":\"https:\/\/optimate1.com\/privacy-statement\/#primaryimage\"},\"thumbnailUrl\":\"https:\/\/optimate1.com\/wp-content\/uploads\/2019\/07\/privtable-de.png\",\"datePublished\":\"2019-07-25T18:21:41+00:00\",\"dateModified\":\"2024-12-11T15:30:53+00:00\",\"breadcrumb\":{\"@id\":\"https:\/\/optimate1.com\/privacy-statement\/#breadcrumb\"},\"inLanguage\":\"de\",\"potentialAction\":[{\"@type\":\"ReadAction\",\"target\":[\"https:\/\/optimate1.com\/privacy-statement\/\"]}]},{\"@type\":\"ImageObject\",\"inLanguage\":\"de\",\"@id\":\"https:\/\/optimate1.com\/privacy-statement\/#primaryimage\",\"url\":\"https:\/\/optimate1.com\/wp-content\/uploads\/2019\/07\/privtable-de.png\",\"contentUrl\":\"https:\/\/optimate1.com\/wp-content\/uploads\/2019\/07\/privtable-de.png\"},{\"@type\":\"BreadcrumbList\",\"@id\":\"https:\/\/optimate1.com\/privacy-statement\/#breadcrumb\",\"itemListElement\":[{\"@type\":\"ListItem\",\"position\":1,\"name\":\"Home\",\"item\":\"https:\/\/optimate1.com\/\"},{\"@type\":\"ListItem\",\"position\":2,\"name\":\"Datenschutzerkl\u00e4rung\"}]},{\"@type\":\"WebSite\",\"@id\":\"https:\/\/optimate1.com\/#website\",\"url\":\"https:\/\/optimate1.com\/\",\"name\":\"OptiMate\",\"description\":\"Battery Chargers &amp; Accessories\",\"publisher\":{\"@id\":\"https:\/\/optimate1.com\/#organization\"},\"potentialAction\":[{\"@type\":\"SearchAction\",\"target\":{\"@type\":\"EntryPoint\",\"urlTemplate\":\"https:\/\/optimate1.com\/?s={search_term_string}\"},\"query-input\":{\"@type\":\"PropertyValueSpecification\",\"valueRequired\":true,\"valueName\":\"search_term_string\"}}],\"inLanguage\":\"de\"},{\"@type\":\"Organization\",\"@id\":\"https:\/\/optimate1.com\/#organization\",\"name\":\"OptiMate\",\"url\":\"https:\/\/optimate1.com\/\",\"logo\":{\"@type\":\"ImageObject\",\"inLanguage\":\"de\",\"@id\":\"https:\/\/optimate1.com\/#\/schema\/logo\/image\/\",\"url\":\"https:\/\/optimate1.com\/wp-content\/uploads\/2021\/06\/optimate-hpbc-stacklogo.jpg\",\"contentUrl\":\"https:\/\/optimate1.com\/wp-content\/uploads\/2021\/06\/optimate-hpbc-stacklogo.jpg\",\"width\":1025,\"height\":529,\"caption\":\"OptiMate\"},\"image\":{\"@id\":\"https:\/\/optimate1.com\/#\/schema\/logo\/image\/\"},\"sameAs\":[\"https:\/\/www.facebook.com\/OptiMatebatterysavingcharger\/\"]}]}<\/script>\n<!-- \/ Yoast SEO plugin. -->","yoast_head_json":{"title":"Datenschutzerkl\u00e4rung - OptiMate","robots":{"index":"index","follow":"follow","max-snippet":"max-snippet:-1","max-image-preview":"max-image-preview:large","max-video-preview":"max-video-preview:-1"},"canonical":"https:\/\/optimate1.com\/privacy-statement\/","og_locale":"de_DE","og_type":"article","og_title":"Datenschutzerkl\u00e4rung - OptiMate","og_description":"Tecmate legt gro\u00dfen Wert auf den Schutz Ihrer pers\u00f6nlichen Daten und die Achtung Ihrer Privatsph\u00e4re. In dieser Datenschutzerkl\u00e4rung m\u00f6chten wir Sie klar und transparent dar\u00fcber informieren, welche Daten wir erheben und wie wir mit personenbezogenen Daten umgehen. Wir setzen alles daran, Ihre Privatsph\u00e4re zu sch\u00fctzen, und gehen daher mit personenbezogenen Daten sorgf\u00e4ltig um. Tecmate h\u00e4lt &hellip; Datenschutzerkl\u00e4rungRead More","og_url":"https:\/\/optimate1.com\/privacy-statement\/","og_site_name":"OptiMate","article_publisher":"https:\/\/www.facebook.com\/OptiMatebatterysavingcharger\/","article_modified_time":"2024-12-11T15:30:53+00:00","og_image":[{"width":612,"height":336,"url":"https:\/\/optimate1.com\/wp-content\/uploads\/2019\/07\/privtable-de.png","type":"image\/png"}],"twitter_card":"summary_large_image","twitter_misc":{"Gesch\u00e4tzte Lesezeit":"6\u00a0Minuten"},"schema":{"@context":"https:\/\/schema.org","@graph":[{"@type":"WebPage","@id":"https:\/\/optimate1.com\/privacy-statement\/","url":"https:\/\/optimate1.com\/privacy-statement\/","name":"Datenschutzerkl\u00e4rung - OptiMate","isPartOf":{"@id":"https:\/\/optimate1.com\/#website"},"primaryImageOfPage":{"@id":"https:\/\/optimate1.com\/privacy-statement\/#primaryimage"},"image":{"@id":"https:\/\/optimate1.com\/privacy-statement\/#primaryimage"},"thumbnailUrl":"https:\/\/optimate1.com\/wp-content\/uploads\/2019\/07\/privtable-de.png","datePublished":"2019-07-25T18:21:41+00:00","dateModified":"2024-12-11T15:30:53+00:00","breadcrumb":{"@id":"https:\/\/optimate1.com\/privacy-statement\/#breadcrumb"},"inLanguage":"de","potentialAction":[{"@type":"ReadAction","target":["https:\/\/optimate1.com\/privacy-statement\/"]}]},{"@type":"ImageObject","inLanguage":"de","@id":"https:\/\/optimate1.com\/privacy-statement\/#primaryimage","url":"https:\/\/optimate1.com\/wp-content\/uploads\/2019\/07\/privtable-de.png","contentUrl":"https:\/\/optimate1.com\/wp-content\/uploads\/2019\/07\/privtable-de.png"},{"@type":"BreadcrumbList","@id":"https:\/\/optimate1.com\/privacy-statement\/#breadcrumb","itemListElement":[{"@type":"ListItem","position":1,"name":"Home","item":"https:\/\/optimate1.com\/"},{"@type":"ListItem","position":2,"name":"Datenschutzerkl\u00e4rung"}]},{"@type":"WebSite","@id":"https:\/\/optimate1.com\/#website","url":"https:\/\/optimate1.com\/","name":"OptiMate","description":"Battery Chargers &amp; Accessories","publisher":{"@id":"https:\/\/optimate1.com\/#organization"},"potentialAction":[{"@type":"SearchAction","target":{"@type":"EntryPoint","urlTemplate":"https:\/\/optimate1.com\/?s={search_term_string}"},"query-input":{"@type":"PropertyValueSpecification","valueRequired":true,"valueName":"search_term_string"}}],"inLanguage":"de"},{"@type":"Organization","@id":"https:\/\/optimate1.com\/#organization","name":"OptiMate","url":"https:\/\/optimate1.com\/","logo":{"@type":"ImageObject","inLanguage":"de","@id":"https:\/\/optimate1.com\/#\/schema\/logo\/image\/","url":"https:\/\/optimate1.com\/wp-content\/uploads\/2021\/06\/optimate-hpbc-stacklogo.jpg","contentUrl":"https:\/\/optimate1.com\/wp-content\/uploads\/2021\/06\/optimate-hpbc-stacklogo.jpg","width":1025,"height":529,"caption":"OptiMate"},"image":{"@id":"https:\/\/optimate1.com\/#\/schema\/logo\/image\/"},"sameAs":["https:\/\/www.facebook.com\/OptiMatebatterysavingcharger\/"]}]}},"_links":{"self":[{"href":"https:\/\/optimate1.com\/de\/wp-json\/wp\/v2\/pages\/11637","targetHints":{"allow":["GET"]}}],"collection":[{"href":"https:\/\/optimate1.com\/de\/wp-json\/wp\/v2\/pages"}],"about":[{"href":"https:\/\/optimate1.com\/de\/wp-json\/wp\/v2\/types\/page"}],"author":[{"embeddable":true,"href":"https:\/\/optimate1.com\/de\/wp-json\/wp\/v2\/users\/12"}],"replies":[{"embeddable":true,"href":"https:\/\/optimate1.com\/de\/wp-json\/wp\/v2\/comments?post=11637"}],"version-history":[{"count":1,"href":"https:\/\/optimate1.com\/de\/wp-json\/wp\/v2\/pages\/11637\/revisions"}],"predecessor-version":[{"id":38068,"href":"https:\/\/optimate1.com\/de\/wp-json\/wp\/v2\/pages\/11637\/revisions\/38068"}],"wp:attachment":[{"href":"https:\/\/optimate1.com\/de\/wp-json\/wp\/v2\/media?parent=11637"}],"curies":[{"name":"wp","href":"https:\/\/api.w.org\/{rel}","templated":true}]}}