{"id":28409,"date":"2021-11-09T08:14:34","date_gmt":"2021-11-09T13:14:34","guid":{"rendered":"https:\/\/optimate1.com\/choosing-charger-series\/"},"modified":"2023-04-25T03:49:53","modified_gmt":"2023-04-25T07:49:53","slug":"welches-ladegerat","status":"publish","type":"page","link":"https:\/\/optimate1.com\/de\/welches-ladegerat\/","title":{"rendered":"Welches Ladeger\u00e4t soll man w\u00e4hlen?"},"content":{"rendered":"\n<table id=\"tablepress-125\" class=\"tablepress tablepress-id-125\">\n<tbody class=\"row-hover\">\n<tr class=\"row-1\">\n\t<td class=\"column-1\"><a href=\"https:\/\/optimate1.com\/bronze\"><img loading=\"lazy\" decoding=\"async\" src=\"https:\/\/optimate1.com\/wp-content\/uploads\/2021\/09\/bronze-corner-xx.png\" alt=\"\" width=\"50\" height=\"50\" class=\"aligncenter size-medium wp-image-20927\" \/><\/a><br \/>\n<\/td><td class=\"column-2\"><body><h6>\ud83d\udee0\ufe0f  Leicht<br \/>\n\u2699\ufe0f  Automatisch<br \/>\n<img loading=\"lazy\" decoding=\"async\" src=\"https:\/\/optimate1.com\/wp-content\/uploads\/2021\/10\/Blue-voltage-symbol-copy-01.png\" alt=\"\" width=\"20\" height=\"20\" class=\"alignleft size-full wp-image-27872\" srcset=\"https:\/\/optimate1.com\/wp-content\/uploads\/2021\/10\/Blue-voltage-symbol-copy-01.png 71w, https:\/\/optimate1.com\/wp-content\/uploads\/2021\/10\/Blue-voltage-symbol-copy-01-64x64.png 64w\" sizes=\"auto, (max-width: 20px) 100vw, 20px\" \/> Laden &amp; warten<\/body><\/h6><\/td><td class=\"column-3\"><body><p>Die Ladeger\u00e4te der OptiMate Bronze-Serie sind einfach zu bedienen, es sind nur einige Grundkenntnisse erforderlich. Diese Ladeger\u00e4te laden und pflegen automatisch.<br \/>\n<br \/>\nLerne mehr \u00fcber:            <a href=\"https:\/\/optimate1.com\/de\/bronze-de\/\" rel=\"noopener\" target=\"_blank\">BRONZE<\/a><\/body><\/p><\/td>\n<\/tr>\n<tr class=\"row-2\">\n\t<td class=\"column-1\"><a href=\"https:\/\/optimate1.com\/silver\"><img loading=\"lazy\" decoding=\"async\" src=\"https:\/\/optimate1.com\/wp-content\/uploads\/2021\/09\/silver-corner-xx.png\" alt=\"\" width=\"50\" height=\"50\" class=\"aligncenter size-medium wp-image-20927\" \/><\/a><\/td><td class=\"column-2\"><body><h6>\ud83d\udee0\ufe0f  Intelligenter<br \/>\n\u2699\ufe0f  Automatisch, mehr Funktionen<br \/>\n<img loading=\"lazy\" decoding=\"async\" src=\"https:\/\/optimate1.com\/wp-content\/uploads\/2021\/10\/Blue-voltage-symbol-copy-01.png\" alt=\"\" width=\"20\" height=\"20\" class=\"alignleft size-full wp-image-27872\" srcset=\"https:\/\/optimate1.com\/wp-content\/uploads\/2021\/10\/Blue-voltage-symbol-copy-01.png 71w, https:\/\/optimate1.com\/wp-content\/uploads\/2021\/10\/Blue-voltage-symbol-copy-01-64x64.png 64w\" sizes=\"auto, (max-width: 20px) 100vw, 20px\" \/> Sichern, aufladen und warten<\/body><\/h6><\/td><td class=\"column-3\"><body><p>Die Ladeger\u00e4te der OptiMate Silver-Serie sind intelligentere Ladeger\u00e4te mit mehr Leistung und F\u00e4higkeiten. Ladeger\u00e4te der Silver-Serie k\u00f6nnen Niedervoltbatterien desulfatieren und automatisch retten, laden und pflegen.<br \/>\n<br \/>\nLerne mehr \u00fcber:            <a href=\"https:\/\/optimate1.com\/de\/silver-de\/\" rel=\"noopener\" target=\"_blank\">SILVER<\/a><\/body><\/p><\/td>\n<\/tr>\n<tr class=\"row-3\">\n\t<td class=\"column-1\"><a href=\"https:\/\/optimate1.com\/gold\"><img loading=\"lazy\" decoding=\"async\" src=\"https:\/\/optimate1.com\/wp-content\/uploads\/2021\/09\/GOLD-corner-xx.png\" alt=\"\" width=\"50\" height=\"50\" class=\"aligncenter size-medium wp-image-20927\" \/><\/a><\/td><td class=\"column-2\"><body><h6>\ud83d\udee0\ufe0f  Fortschrittlich<br \/>\n\u2699\ufe0f  W\u00e4hlbar, die meisten Funktionen<br \/>\n<img loading=\"lazy\" decoding=\"async\" src=\"https:\/\/optimate1.com\/wp-content\/uploads\/2021\/10\/Blue-voltage-symbol-copy-01.png\" alt=\"\" width=\"20\" height=\"20\" class=\"alignleft size-full wp-image-27872\" srcset=\"https:\/\/optimate1.com\/wp-content\/uploads\/2021\/10\/Blue-voltage-symbol-copy-01.png 71w, https:\/\/optimate1.com\/wp-content\/uploads\/2021\/10\/Blue-voltage-symbol-copy-01-64x64.png 64w\" sizes=\"auto, (max-width: 20px) 100vw, 20px\" \/> Sichern, testen, laden und warten<\/body><\/h6><\/td><td class=\"column-3\"><body><p>Die Ladeger\u00e4te der OptiMate Gold-Serie sind fortschrittliche Ladeger\u00e4te f\u00fcr die ultimative Leistung. Die Ladeger\u00e4te der Gold-Serie k\u00f6nnen Niedervoltbatterien desulfatieren und automatisch retten, testen, laden und pflegen.<br \/>\n<br \/>\nLerne mehr \u00fcber:            <a href=\"https:\/\/optimate1.com\/de\/gold-de\/\" rel=\"noopener\" target=\"_blank\">GOLD<\/a><\/body><\/p><\/td>\n<\/tr>\n<tr class=\"row-4\">\n\t<td class=\"column-1\"><a href=\"https:\/\/optimate1.com\/lithium\"><img loading=\"lazy\" decoding=\"async\" src=\"https:\/\/optimate1.com\/wp-content\/uploads\/2021\/09\/lithium-corner-xx.png\" alt=\"\" width=\"50\" height=\"50\" class=\"aligncenter size-medium wp-image-20927\" \/><\/a><\/td><td class=\"column-2\"><body><h6>\ud83d\udee0\ufe0f  Experte<br \/>\n\u2699\ufe0f  Spezifische Funktionen, BMS-Reset<br \/>\n<img loading=\"lazy\" decoding=\"async\" src=\"https:\/\/optimate1.com\/wp-content\/uploads\/2021\/10\/Blue-voltage-symbol-copy-01.png\" alt=\"\" width=\"20\" height=\"20\" class=\"alignleft size-full wp-image-27872\" srcset=\"https:\/\/optimate1.com\/wp-content\/uploads\/2021\/10\/Blue-voltage-symbol-copy-01.png 71w, https:\/\/optimate1.com\/wp-content\/uploads\/2021\/10\/Blue-voltage-symbol-copy-01-64x64.png 64w\" sizes=\"auto, (max-width: 20px) 100vw, 20px\" \/> Zur\u00fccksetzen, sichern, testen, laden und warten<\/body><\/h6><\/td><td class=\"column-3\"><body><p>OptiMate hat eine spezielle Reihe von Lithium-Batterieladeger\u00e4ten f\u00fcr Fahrzeuge entwickelt! Lithium-Batterien sind ein beliebter Ersatz f\u00fcr sperrigere und schwerere Blei-S\u00e4ure-Batterien und haben unterschiedliche Ladeanforderungen.<br \/>\n<br \/>\nLerne mehr \u00fcber:            <a href=\"https:\/\/optimate1.com\/de\/lithium-ionen\/\" rel=\"noopener\" target=\"_blank\">LITHIUM<\/a><\/body><\/p><\/td>\n<\/tr>\n<tr class=\"row-5\">\n\t<td class=\"column-1\"><a href=\"https:\/\/optimate1.com\/de\/off-grid-page\/\"><img loading=\"lazy\" decoding=\"async\" src=\"https:\/\/optimate1.com\/wp-content\/uploads\/2021\/09\/off-grid-corner-xx.png\" alt=\"\" width=\"50\" height=\"50\" class=\"aligncenter size-medium wp-image-20927\" \/><\/a><\/td><td class=\"column-2\"><body><h6>\ud83d\udee0\ufe0f  \u00d6ko-smart<br \/>\n\u2699\ufe0f  Automatisch, Sonderfunktionen<br \/>\n<img loading=\"lazy\" decoding=\"async\" src=\"https:\/\/optimate1.com\/wp-content\/uploads\/2021\/10\/Blue-voltage-symbol-copy-01.png\" alt=\"\" width=\"20\" height=\"20\" class=\"alignleft size-full wp-image-27872\" srcset=\"https:\/\/optimate1.com\/wp-content\/uploads\/2021\/10\/Blue-voltage-symbol-copy-01.png 71w, https:\/\/optimate1.com\/wp-content\/uploads\/2021\/10\/Blue-voltage-symbol-copy-01-64x64.png 64w\" sizes=\"auto, (max-width: 20px) 100vw, 20px\" \/> Sichern, testen, laden und warten<\/body><\/h6><\/td><td class=\"column-3\"><body><p>Die OptiMate OFF-GRID-Serie umfasst die UMWELTfreundlichen SOLAR-Produkte und unsere Niederspannungs-DC-DC-Produkte, die von einer 12-V-Batterie oder einem 12-V-Fahrzeugsystem gespeist werden.<br \/>\n<br \/>\nLerne mehr \u00fcber:            <a href=\"https:\/\/optimate1.com\/de\/solar\/\" rel=\"noopener\" target=\"_blank\"\">SOLAR<\/a> &amp; <a href=\"https:\/\/optimate1.com\/de\/optimate-dc-duo-dc-dc-ladegerat\/\" rel=\"noopener\" target=\"_blank\">DC-DC<\/a><\/body><\/p><\/td>\n<\/tr>\n<tr class=\"row-6\">\n\t<td class=\"column-1\"><a href=\"https:\/\/optimate1.com\/pro\/\"><img loading=\"lazy\" decoding=\"async\" src=\"https:\/\/optimate1.com\/wp-content\/uploads\/2021\/10\/PRO-corner_x.png\" alt=\"\" width=\"50\" height=\"50\" class=\"aligncenter size-medium wp-image-20927\" \/><\/a><\/td><td class=\"column-2\"><body><h6>\ud83d\udee0\ufe0f  Professionell<br \/>\n\u2699\ufe0f  Ausw\u00e4hlbar, h\u00e4ndlerfreundliche Funktionen, Sonderfunktionen<br \/>\n<img loading=\"lazy\" decoding=\"async\" src=\"https:\/\/optimate1.com\/wp-content\/uploads\/2021\/10\/Blue-voltage-symbol-copy-01.png\" alt=\"\" width=\"20\" height=\"20\" class=\"alignleft size-full wp-image-27872\" srcset=\"https:\/\/optimate1.com\/wp-content\/uploads\/2021\/10\/Blue-voltage-symbol-copy-01.png 71w, https:\/\/optimate1.com\/wp-content\/uploads\/2021\/10\/Blue-voltage-symbol-copy-01-64x64.png 64w\" sizes=\"auto, (max-width: 20px) 100vw, 20px\" \/> Sichern, laden, testen, mit Strom versorgen<\/body><\/h6><\/td><td class=\"column-3\"><body><p>Die OptiMate Pro-Serie ist f\u00fcr den professionellen Anwender und kleine Handwerker, Maschinenprofis, Reparaturwerkst\u00e4tten und Batterieh\u00e4ndler. Neben dem Laden der Batterie sind unsere Ladeger\u00e4te der Pro-Serie auch f\u00fcr die Fahrzeugdiagnose konzipiert.<br \/>\n<br \/>\nLerne mehr \u00fcber:            <a href=\"https:\/\/optimate1.com\/pro\/\" rel=\"noopener\" target=\"_blank\">PRO<\/a><\/body><\/p><\/td>\n<\/tr>\n<\/tbody>\n<\/table>\n<!-- #tablepress-125 from cache -->\n<p>&nbsp;<\/p>\n","protected":false},"excerpt":{"rendered":"<p>&nbsp;<\/p>\n","protected":false},"author":12,"featured_media":30499,"parent":0,"menu_order":0,"comment_status":"closed","ping_status":"closed","template":"","meta":{"footnotes":""},"class_list":["post-28409","page","type-page","status-publish","has-post-thumbnail","hentry","thunk-woo-product-list","opn-qv-enable","big-store-woo-hover-","open-single-product-tab-horizontal","open-shadow-","open-shadow-hover-"],"yoast_head":"<!-- This site is optimized with the Yoast SEO plugin v27.2 - https:\/\/yoast.com\/product\/yoast-seo-wordpress\/ -->\n<title>Welches Ladeger\u00e4t soll man w\u00e4hlen? - OptiMate<\/title>\n<meta name=\"description\" content=\"Welchen OptiMate Ladeger\u00e4t Sie w\u00e4hlen sollen? Mit unserer OptiMate-Serie haben wir es Ihnen jetzt einfacher gemacht. Schau mal!\" \/>\n<meta name=\"robots\" content=\"index, follow, max-snippet:-1, max-image-preview:large, max-video-preview:-1, noarchive\" \/>\n<link rel=\"canonical\" href=\"https:\/\/optimate1.com\/series\/\" \/>\n<meta property=\"og:locale\" content=\"de_DE\" \/>\n<meta property=\"og:type\" content=\"article\" \/>\n<meta property=\"og:title\" content=\"Welches Ladeger\u00e4t soll man w\u00e4hlen? - OptiMate\" \/>\n<meta property=\"og:description\" content=\"Welchen OptiMate Ladeger\u00e4t Sie w\u00e4hlen sollen? Mit unserer OptiMate-Serie haben wir es Ihnen jetzt einfacher gemacht. Schau mal!\" \/>\n<meta property=\"og:url\" content=\"https:\/\/optimate1.com\/series\/\" \/>\n<meta property=\"og:site_name\" content=\"OptiMate\" \/>\n<meta property=\"article:publisher\" content=\"https:\/\/www.facebook.com\/OptiMatebatterysavingcharger\/\" \/>\n<meta property=\"article:modified_time\" content=\"2023-04-25T07:49:53+00:00\" \/>\n<meta property=\"og:image\" content=\"https:\/\/optimate1.com\/wp-content\/uploads\/2022\/08\/BUTTON-SERIES-de.jpeg\" \/>\n\t<meta property=\"og:image:width\" content=\"270\" \/>\n\t<meta property=\"og:image:height\" content=\"252\" \/>\n\t<meta property=\"og:image:type\" content=\"image\/jpeg\" \/>\n<meta name=\"twitter:card\" content=\"summary_large_image\" \/>\n<meta name=\"twitter:label1\" content=\"Gesch\u00e4tzte Lesezeit\" \/>\n\t<meta name=\"twitter:data1\" content=\"1\u00a0Minute\" \/>\n<script type=\"application\/ld+json\" class=\"yoast-schema-graph\">{\"@context\":\"https:\/\/schema.org\",\"@graph\":[{\"@type\":\"WebPage\",\"@id\":\"https:\/\/optimate1.com\/series\/\",\"url\":\"https:\/\/optimate1.com\/series\/\",\"name\":\"Welches Ladeger\u00e4t soll man w\u00e4hlen? - OptiMate\",\"isPartOf\":{\"@id\":\"https:\/\/optimate1.com\/#website\"},\"primaryImageOfPage\":{\"@id\":\"https:\/\/optimate1.com\/series\/#primaryimage\"},\"image\":{\"@id\":\"https:\/\/optimate1.com\/series\/#primaryimage\"},\"thumbnailUrl\":\"https:\/\/optimate1.com\/wp-content\/uploads\/2022\/08\/BUTTON-SERIES-de.jpeg\",\"datePublished\":\"2021-11-09T13:14:34+00:00\",\"dateModified\":\"2023-04-25T07:49:53+00:00\",\"description\":\"Welchen OptiMate Ladeger\u00e4t Sie w\u00e4hlen sollen? Mit unserer OptiMate-Serie haben wir es Ihnen jetzt einfacher gemacht. Schau mal!\",\"breadcrumb\":{\"@id\":\"https:\/\/optimate1.com\/series\/#breadcrumb\"},\"inLanguage\":\"de\",\"potentialAction\":[{\"@type\":\"ReadAction\",\"target\":[\"https:\/\/optimate1.com\/series\/\"]}]},{\"@type\":\"ImageObject\",\"inLanguage\":\"de\",\"@id\":\"https:\/\/optimate1.com\/series\/#primaryimage\",\"url\":\"https:\/\/optimate1.com\/wp-content\/uploads\/2022\/08\/BUTTON-SERIES-de.jpeg\",\"contentUrl\":\"https:\/\/optimate1.com\/wp-content\/uploads\/2022\/08\/BUTTON-SERIES-de.jpeg\",\"width\":270,\"height\":252},{\"@type\":\"BreadcrumbList\",\"@id\":\"https:\/\/optimate1.com\/series\/#breadcrumb\",\"itemListElement\":[{\"@type\":\"ListItem\",\"position\":1,\"name\":\"Home\",\"item\":\"https:\/\/optimate1.com\/\"},{\"@type\":\"ListItem\",\"position\":2,\"name\":\"Welches Ladeger\u00e4t soll man w\u00e4hlen?\"}]},{\"@type\":\"WebSite\",\"@id\":\"https:\/\/optimate1.com\/#website\",\"url\":\"https:\/\/optimate1.com\/\",\"name\":\"OptiMate\",\"description\":\"Battery Chargers &amp; Accessories\",\"publisher\":{\"@id\":\"https:\/\/optimate1.com\/#organization\"},\"potentialAction\":[{\"@type\":\"SearchAction\",\"target\":{\"@type\":\"EntryPoint\",\"urlTemplate\":\"https:\/\/optimate1.com\/?s={search_term_string}\"},\"query-input\":{\"@type\":\"PropertyValueSpecification\",\"valueRequired\":true,\"valueName\":\"search_term_string\"}}],\"inLanguage\":\"de\"},{\"@type\":\"Organization\",\"@id\":\"https:\/\/optimate1.com\/#organization\",\"name\":\"OptiMate\",\"url\":\"https:\/\/optimate1.com\/\",\"logo\":{\"@type\":\"ImageObject\",\"inLanguage\":\"de\",\"@id\":\"https:\/\/optimate1.com\/#\/schema\/logo\/image\/\",\"url\":\"https:\/\/optimate1.com\/wp-content\/uploads\/2021\/06\/optimate-hpbc-stacklogo.jpg\",\"contentUrl\":\"https:\/\/optimate1.com\/wp-content\/uploads\/2021\/06\/optimate-hpbc-stacklogo.jpg\",\"width\":1025,\"height\":529,\"caption\":\"OptiMate\"},\"image\":{\"@id\":\"https:\/\/optimate1.com\/#\/schema\/logo\/image\/\"},\"sameAs\":[\"https:\/\/www.facebook.com\/OptiMatebatterysavingcharger\/\"]}]}<\/script>\n<!-- \/ Yoast SEO plugin. -->","yoast_head_json":{"title":"Welches Ladeger\u00e4t soll man w\u00e4hlen? - OptiMate","description":"Welchen OptiMate Ladeger\u00e4t Sie w\u00e4hlen sollen? Mit unserer OptiMate-Serie haben wir es Ihnen jetzt einfacher gemacht. Schau mal!","robots":{"index":"index","follow":"follow","max-snippet":"max-snippet:-1","max-image-preview":"max-image-preview:large","max-video-preview":"max-video-preview:-1","archive":"noarchive"},"canonical":"https:\/\/optimate1.com\/series\/","og_locale":"de_DE","og_type":"article","og_title":"Welches Ladeger\u00e4t soll man w\u00e4hlen? - OptiMate","og_description":"Welchen OptiMate Ladeger\u00e4t Sie w\u00e4hlen sollen? Mit unserer OptiMate-Serie haben wir es Ihnen jetzt einfacher gemacht. Schau mal!","og_url":"https:\/\/optimate1.com\/series\/","og_site_name":"OptiMate","article_publisher":"https:\/\/www.facebook.com\/OptiMatebatterysavingcharger\/","article_modified_time":"2023-04-25T07:49:53+00:00","og_image":[{"width":270,"height":252,"url":"https:\/\/optimate1.com\/wp-content\/uploads\/2022\/08\/BUTTON-SERIES-de.jpeg","type":"image\/jpeg"}],"twitter_card":"summary_large_image","twitter_misc":{"Gesch\u00e4tzte Lesezeit":"1\u00a0Minute"},"schema":{"@context":"https:\/\/schema.org","@graph":[{"@type":"WebPage","@id":"https:\/\/optimate1.com\/series\/","url":"https:\/\/optimate1.com\/series\/","name":"Welches Ladeger\u00e4t soll man w\u00e4hlen? - OptiMate","isPartOf":{"@id":"https:\/\/optimate1.com\/#website"},"primaryImageOfPage":{"@id":"https:\/\/optimate1.com\/series\/#primaryimage"},"image":{"@id":"https:\/\/optimate1.com\/series\/#primaryimage"},"thumbnailUrl":"https:\/\/optimate1.com\/wp-content\/uploads\/2022\/08\/BUTTON-SERIES-de.jpeg","datePublished":"2021-11-09T13:14:34+00:00","dateModified":"2023-04-25T07:49:53+00:00","description":"Welchen OptiMate Ladeger\u00e4t Sie w\u00e4hlen sollen? Mit unserer OptiMate-Serie haben wir es Ihnen jetzt einfacher gemacht. Schau mal!","breadcrumb":{"@id":"https:\/\/optimate1.com\/series\/#breadcrumb"},"inLanguage":"de","potentialAction":[{"@type":"ReadAction","target":["https:\/\/optimate1.com\/series\/"]}]},{"@type":"ImageObject","inLanguage":"de","@id":"https:\/\/optimate1.com\/series\/#primaryimage","url":"https:\/\/optimate1.com\/wp-content\/uploads\/2022\/08\/BUTTON-SERIES-de.jpeg","contentUrl":"https:\/\/optimate1.com\/wp-content\/uploads\/2022\/08\/BUTTON-SERIES-de.jpeg","width":270,"height":252},{"@type":"BreadcrumbList","@id":"https:\/\/optimate1.com\/series\/#breadcrumb","itemListElement":[{"@type":"ListItem","position":1,"name":"Home","item":"https:\/\/optimate1.com\/"},{"@type":"ListItem","position":2,"name":"Welches Ladeger\u00e4t soll man w\u00e4hlen?"}]},{"@type":"WebSite","@id":"https:\/\/optimate1.com\/#website","url":"https:\/\/optimate1.com\/","name":"OptiMate","description":"Battery Chargers &amp; Accessories","publisher":{"@id":"https:\/\/optimate1.com\/#organization"},"potentialAction":[{"@type":"SearchAction","target":{"@type":"EntryPoint","urlTemplate":"https:\/\/optimate1.com\/?s={search_term_string}"},"query-input":{"@type":"PropertyValueSpecification","valueRequired":true,"valueName":"search_term_string"}}],"inLanguage":"de"},{"@type":"Organization","@id":"https:\/\/optimate1.com\/#organization","name":"OptiMate","url":"https:\/\/optimate1.com\/","logo":{"@type":"ImageObject","inLanguage":"de","@id":"https:\/\/optimate1.com\/#\/schema\/logo\/image\/","url":"https:\/\/optimate1.com\/wp-content\/uploads\/2021\/06\/optimate-hpbc-stacklogo.jpg","contentUrl":"https:\/\/optimate1.com\/wp-content\/uploads\/2021\/06\/optimate-hpbc-stacklogo.jpg","width":1025,"height":529,"caption":"OptiMate"},"image":{"@id":"https:\/\/optimate1.com\/#\/schema\/logo\/image\/"},"sameAs":["https:\/\/www.facebook.com\/OptiMatebatterysavingcharger\/"]}]}},"_links":{"self":[{"href":"https:\/\/optimate1.com\/de\/wp-json\/wp\/v2\/pages\/28409","targetHints":{"allow":["GET"]}}],"collection":[{"href":"https:\/\/optimate1.com\/de\/wp-json\/wp\/v2\/pages"}],"about":[{"href":"https:\/\/optimate1.com\/de\/wp-json\/wp\/v2\/types\/page"}],"author":[{"embeddable":true,"href":"https:\/\/optimate1.com\/de\/wp-json\/wp\/v2\/users\/12"}],"replies":[{"embeddable":true,"href":"https:\/\/optimate1.com\/de\/wp-json\/wp\/v2\/comments?post=28409"}],"version-history":[{"count":5,"href":"https:\/\/optimate1.com\/de\/wp-json\/wp\/v2\/pages\/28409\/revisions"}],"predecessor-version":[{"id":32570,"href":"https:\/\/optimate1.com\/de\/wp-json\/wp\/v2\/pages\/28409\/revisions\/32570"}],"wp:featuredmedia":[{"embeddable":true,"href":"https:\/\/optimate1.com\/de\/wp-json\/wp\/v2\/media\/30499"}],"wp:attachment":[{"href":"https:\/\/optimate1.com\/de\/wp-json\/wp\/v2\/media?parent=28409"}],"curies":[{"name":"wp","href":"https:\/\/api.w.org\/{rel}","templated":true}]}}