{"id":34743,"date":"2023-11-03T04:17:32","date_gmt":"2023-11-03T08:17:32","guid":{"rendered":"https:\/\/optimate1.com\/sicher-lagern-und-laden-schuetzen-sie-den-akku-ihres-e-bikes-mit-optimate-akkuladegeraeten\/"},"modified":"2023-11-03T05:51:02","modified_gmt":"2023-11-03T09:51:02","slug":"sicher-lagern-und-laden-schuetzen-sie-den-akku-ihres-e-bikes-mit-optimate-akkuladegeraeten","status":"publish","type":"page","link":"https:\/\/optimate1.com\/de\/sicher-lagern-und-laden-schuetzen-sie-den-akku-ihres-e-bikes-mit-optimate-akkuladegeraeten\/","title":{"rendered":"Sicher lagern und laden: Sch\u00fctzen Sie den Akku Ihres E-Bikes mit OptiMate-Akkuladeger\u00e4ten"},"content":{"rendered":"<p><img loading=\"lazy\" decoding=\"async\" class=\"alignleft wp-image-19321 size-full\" src=\"https:\/\/optimate1.com\/wp-content\/uploads\/2023\/04\/Car-Battery-Charger-banner_9-copy-3.png\" alt=\"\" width=\"1280\" height=\"540\" \/><\/p>\n<h2><\/h2>\n<p style=\"text-align: center; font-size: 30px;\"><strong>Sicher lagern und laden: Sch\u00fctzen Sie den Akku Ihres E-Bikes mit OptiMate-Akkuladeger\u00e4ten<\/strong><\/p>\n<p><strong>Zu den OptiMate-Produkten f\u00fcr Hochleistungsbatterieladeger\u00e4te geh\u00f6ren innovative intelligente Ladeger\u00e4te mit Benutzerauswahl f\u00fcr l\u00e4ngere Lebensdauer, mehr Leistung und Schlafmodus f\u00fcr sichere Langzeitlagerung sowie Anschl\u00fcsse und intelligente Batterie\u00fcberwachung.<br \/>\nUnser Ziel ist es, E-Bike-Fahrern eine sehr sichere, zuverl\u00e4ssige und effiziente M\u00f6glichkeit zu bieten, ihren E-Bike-Akku aufzuladen und die Lebensdauer zu verl\u00e4ngern, egal ob sie zur Arbeit pendeln, eine Langstreckenfahrt unternehmen oder das Fahrrad abstellen \u00fcber den Winter eingelagert. Unser innovativer Ansatz nimmt Ihnen die Angst vor unbeaufsichtigtem Laden und beseitigt Probleme mit der Batterieleistung.<br \/>\nOptiMate m\u00f6chte mit Herstellern und H\u00e4ndlern von E-Bikes zusammenarbeiten, um der wachsenden Nachfrage nach sicherem, unbeaufsichtigtem Laden und korrekter Langzeitpflege von E-Bike-Akkus gerecht zu werden.<\/strong><\/p>\n<p>Mit der OptiMate-Ladetechnologie konzentrieren wir uns haupts\u00e4chlich auf 3 Arten von Li-Ionen-Akkus:<br \/>\nLithium-Mangan-Oxid (LMO), Lithium-Kobalt-Oxid (LCO) und Lithium-Nickel-Mangan-Kobalt-Oxid (NMC), mit einer Nennspannung pro Zelle von 3.6V\u20133.7V und einer maximalen Ladespannung von 4.2V pro Zelle. NMC-Akkus sind die beliebtesten Akkus f\u00fcr E-Bikes.<\/p>\n<p>&nbsp;<\/p>\n<p><img loading=\"lazy\" decoding=\"async\" class=\"alignleft wp-image-19321 size-full\" src=\"https:\/\/optimate1.com\/wp-content\/uploads\/2023\/04\/Car-Battery-Charger-banner_9-copy-12.png\" alt=\"\" width=\"1280\" height=\"340\" \/><\/p>\n<h2>Temperaturkontrolle: Warum es wichtig ist<\/h2>\n<p>Lithiumbatterien k\u00f6nnen \u00fcber einen weiten Temperaturbereich entladen werden, es ist jedoch keine gute Idee, sie bei extremen Temperaturen aufzuladen. Extreme K\u00e4lte und Hitze verringern die Ladungsaufnahme. Der beste Batterieleistungsbereich liegt zwischen 10\u00b0C und 30\u00b0C, der ideale Ladebereich zwischen 0\u00b0C und 40\u00b0C.<\/p>\n<p>&#8211; 20\u00b0C und niedriger: keine Geb\u00fchr<\/p>\n<p>&#8211; 20\u00b0C bis &#8211; 10\u00b0C: Laden mit 25% Strom<\/p>\n<p>&#8211; 10\u00b0C bis 0\u00b0C: Laden mit 50% Strom<\/p>\n<p>0\u00b0C bis 40\u00b0C: Laden mit 100% Strom<\/p>\n<p>40\u00b0C bis 50\u00b0C: Laden mit 50% Strom<\/p>\n<p>50\u00b0C bis 55\u00b0C: Laden mit 25% Strom<\/p>\n<p>55\u00b0C und mehr: kostenlos<\/p>\n<p><img decoding=\"async\" src=\"https:\/\/optimate1.com\/wp-content\/uploads\/2023\/04\/Car-Battery-Charger-banner_9-copy-10.png\" \/><\/p>\n<p>Die innovativen intelligenten Ladeger\u00e4te von OptiMate verf\u00fcgen \u00fcber <strong>erweiterte Funktionen<\/strong> zur sicheren Wiederherstellung von Akkus mit weniger als 40 % Ladung. Sicherheit beim Laden ist von entscheidender Bedeutung, um eine \u00dcber- oder Unterladung Ihres Akkus zu verhindern. Beides besch\u00e4digt Ihren Akku und verk\u00fcrzt seine Lebensdauer.<\/p>\n<p><img loading=\"lazy\" decoding=\"async\" class=\"alignleft wp-image-19321 size-full\" src=\"https:\/\/optimate1.com\/wp-content\/uploads\/2023\/04\/charge-wait-algorithm-copy.png\" alt=\"\" width=\"1280\" height=\"340\" \/><\/p>\n<p>&nbsp;<\/p>\n<p>OptiMate bietet au\u00dferdem eine Reihe von Anschl\u00fcssen und Adapterkabeln passend zu Ihrem E-Bike-Akku.<\/p>\n<p><img loading=\"lazy\" decoding=\"async\" class=\"alignleft wp-image-19321 size-full\" src=\"https:\/\/optimate1.com\/wp-content\/uploads\/2023\/05\/Car-Battery-Charger-banner_9-copy-13.png\" alt=\"\" width=\"1280\" height=\"340\" \/><\/p>\n<p>Ein Sicherheitsmonitor, der zwischen der Batterie und jedem Batterieladeger\u00e4t montiert werden kann, kann den Batterieladezustand jederzeit \u00fcberwachen. Wenn eine besch\u00e4digte Zelle erkannt wird, stoppt das Ladeger\u00e4t automatisch den Ladevorgang, um eine \u00dcberhitzung oder weitere Sch\u00e4den an Ihrem Akku zu verhindern. Mit diesen Sicherheitsfunktionen k\u00f6nnen Sie darauf vertrauen, dass OptiMate die Batterie Ihres Elektrofahrrads sicher und in ausgezeichnetem Zustand h\u00e4lt.<\/p>\n<p><img loading=\"lazy\" decoding=\"async\" class=\"alignleft wp-image-19321 size-full\" src=\"https:\/\/optimate1.com\/wp-content\/uploads\/2023\/05\/Car-Battery-Charger-banner_9-copy-14.png\" alt=\"\" width=\"1280\" height=\"340\" \/><\/p>\n<p>Zusammenfassend l\u00e4sst sich sagen: Wenn Sie die Sicherheit und Langlebigkeit Ihres Lithium-Ionen-Akkus f\u00fcr Ihr Elektrofahrrad gew\u00e4hrleisten m\u00f6chten, dann sind Sie bei OptiMate genau richtig! Mit ihren fortschrittlichen Funktionen, Sicherheitsfunktionen und strengen Tests sind OptiMate-Batterieladeger\u00e4te die kluge Wahl f\u00fcr jeden Besitzer eines Elektrofahrrads, der das Beste aus seiner Investition herausholen m\u00f6chte.<\/p>\n<h6 style=\"text-align: center;\">Copyright 2023. TecMate International<\/h6>\n","protected":false},"excerpt":{"rendered":"<p>Sicher lagern und laden: Sch\u00fctzen Sie den Akku Ihres E-Bikes mit OptiMate-Akkuladeger\u00e4ten Zu den OptiMate-Produkten f\u00fcr Hochleistungsbatterieladeger\u00e4te geh\u00f6ren innovative intelligente Ladeger\u00e4te mit Benutzerauswahl f\u00fcr l\u00e4ngere Lebensdauer, mehr Leistung und Schlafmodus f\u00fcr sichere Langzeitlagerung sowie Anschl\u00fcsse und intelligente Batterie\u00fcberwachung. Unser Ziel ist es, E-Bike-Fahrern eine sehr sichere, zuverl\u00e4ssige und effiziente M\u00f6glichkeit zu bieten, ihren E-Bike-Akku aufzuladen &hellip;<\/p>\n<p class=\"read-more\"> <a class=\" thunk-readmore button \" href=\"https:\/\/optimate1.com\/de\/sicher-lagern-und-laden-schuetzen-sie-den-akku-ihres-e-bikes-mit-optimate-akkuladegeraeten\/\"> <span class=\"screen-reader-text\">Sicher lagern und laden: Sch\u00fctzen Sie den Akku Ihres E-Bikes mit OptiMate-Akkuladeger\u00e4ten<\/span>Read More<\/a><\/p>\n","protected":false},"author":12,"featured_media":34730,"parent":0,"menu_order":0,"comment_status":"closed","ping_status":"closed","template":"","meta":{"footnotes":""},"class_list":["post-34743","page","type-page","status-publish","has-post-thumbnail","hentry","thunk-woo-product-list","opn-qv-enable","big-store-woo-hover-","open-single-product-tab-horizontal","open-shadow-","open-shadow-hover-"],"yoast_head":"<!-- This site is optimized with the Yoast SEO plugin v27.4 - https:\/\/yoast.com\/product\/yoast-seo-wordpress\/ -->\n<title>Sicher lagern und laden: Sch\u00fctzen Sie den Akku Ihres E-Bikes mit OptiMate-Akkuladeger\u00e4ten - OptiMate<\/title>\n<meta name=\"description\" content=\"Sicher lagern und laden: Sch\u00fctzen Sie den Akku Ihres E-Bikes mit OptiMate-Akkuladeger\u00e4ten. Klicken Sie hier, um weitere Informationen zu erhalten.\" \/>\n<meta name=\"robots\" content=\"index, follow, max-snippet:-1, max-image-preview:large, max-video-preview:-1, noarchive\" \/>\n<link rel=\"canonical\" href=\"https:\/\/optimate1.com\/electric-bike-charger\/\" \/>\n<meta property=\"og:locale\" content=\"de_DE\" \/>\n<meta property=\"og:type\" content=\"article\" \/>\n<meta property=\"og:title\" content=\"Sicher lagern und laden: Sch\u00fctzen Sie den Akku Ihres E-Bikes mit OptiMate-Akkuladeger\u00e4ten - OptiMate\" \/>\n<meta property=\"og:description\" content=\"Sicher lagern und laden: Sch\u00fctzen Sie den Akku Ihres E-Bikes mit OptiMate-Akkuladeger\u00e4ten. Klicken Sie hier, um weitere Informationen zu erhalten.\" \/>\n<meta property=\"og:url\" content=\"https:\/\/optimate1.com\/electric-bike-charger\/\" \/>\n<meta property=\"og:site_name\" content=\"OptiMate\" \/>\n<meta property=\"article:publisher\" content=\"https:\/\/www.facebook.com\/OptiMatebatterysavingcharger\/\" \/>\n<meta property=\"article:modified_time\" content=\"2023-11-03T09:51:02+00:00\" \/>\n<meta property=\"og:image\" content=\"https:\/\/optimate1.com\/wp-content\/uploads\/2023\/11\/Ebike-DE.png\" \/>\n\t<meta property=\"og:image:width\" content=\"1080\" \/>\n\t<meta property=\"og:image:height\" content=\"1080\" \/>\n\t<meta property=\"og:image:type\" content=\"image\/png\" \/>\n<meta name=\"twitter:card\" content=\"summary_large_image\" \/>\n<meta name=\"twitter:label1\" content=\"Gesch\u00e4tzte Lesezeit\" \/>\n\t<meta name=\"twitter:data1\" content=\"4\u00a0Minuten\" \/>\n<script type=\"application\/ld+json\" class=\"yoast-schema-graph\">{\"@context\":\"https:\\\/\\\/schema.org\",\"@graph\":[{\"@type\":\"WebPage\",\"@id\":\"https:\\\/\\\/optimate1.com\\\/electric-bike-charger\\\/\",\"url\":\"https:\\\/\\\/optimate1.com\\\/electric-bike-charger\\\/\",\"name\":\"Sicher lagern und laden: Sch\u00fctzen Sie den Akku Ihres E-Bikes mit OptiMate-Akkuladeger\u00e4ten - OptiMate\",\"isPartOf\":{\"@id\":\"https:\\\/\\\/optimate1.com\\\/#website\"},\"primaryImageOfPage\":{\"@id\":\"https:\\\/\\\/optimate1.com\\\/electric-bike-charger\\\/#primaryimage\"},\"image\":{\"@id\":\"https:\\\/\\\/optimate1.com\\\/electric-bike-charger\\\/#primaryimage\"},\"thumbnailUrl\":\"https:\\\/\\\/optimate1.com\\\/wp-content\\\/uploads\\\/2023\\\/11\\\/Ebike-DE.png\",\"datePublished\":\"2023-11-03T08:17:32+00:00\",\"dateModified\":\"2023-11-03T09:51:02+00:00\",\"description\":\"Sicher lagern und laden: Sch\u00fctzen Sie den Akku Ihres E-Bikes mit OptiMate-Akkuladeger\u00e4ten. Klicken Sie hier, um weitere Informationen zu erhalten.\",\"breadcrumb\":{\"@id\":\"https:\\\/\\\/optimate1.com\\\/electric-bike-charger\\\/#breadcrumb\"},\"inLanguage\":\"de\",\"potentialAction\":[{\"@type\":\"ReadAction\",\"target\":[\"https:\\\/\\\/optimate1.com\\\/electric-bike-charger\\\/\"]}]},{\"@type\":\"ImageObject\",\"inLanguage\":\"de\",\"@id\":\"https:\\\/\\\/optimate1.com\\\/electric-bike-charger\\\/#primaryimage\",\"url\":\"https:\\\/\\\/optimate1.com\\\/wp-content\\\/uploads\\\/2023\\\/11\\\/Ebike-DE.png\",\"contentUrl\":\"https:\\\/\\\/optimate1.com\\\/wp-content\\\/uploads\\\/2023\\\/11\\\/Ebike-DE.png\",\"width\":1080,\"height\":1080},{\"@type\":\"BreadcrumbList\",\"@id\":\"https:\\\/\\\/optimate1.com\\\/electric-bike-charger\\\/#breadcrumb\",\"itemListElement\":[{\"@type\":\"ListItem\",\"position\":1,\"name\":\"Home\",\"item\":\"https:\\\/\\\/optimate1.com\\\/\"},{\"@type\":\"ListItem\",\"position\":2,\"name\":\"Optimieren Sie die Akkulaufzeit Ihres Elektrofahrrads mit OptiMate-Akkuladeger\u00e4ten\"}]},{\"@type\":\"WebSite\",\"@id\":\"https:\\\/\\\/optimate1.com\\\/#website\",\"url\":\"https:\\\/\\\/optimate1.com\\\/\",\"name\":\"OptiMate\",\"description\":\"Battery Chargers &amp; Accessories\",\"publisher\":{\"@id\":\"https:\\\/\\\/optimate1.com\\\/#organization\"},\"potentialAction\":[{\"@type\":\"SearchAction\",\"target\":{\"@type\":\"EntryPoint\",\"urlTemplate\":\"https:\\\/\\\/optimate1.com\\\/?s={search_term_string}\"},\"query-input\":{\"@type\":\"PropertyValueSpecification\",\"valueRequired\":true,\"valueName\":\"search_term_string\"}}],\"inLanguage\":\"de\"},{\"@type\":\"Organization\",\"@id\":\"https:\\\/\\\/optimate1.com\\\/#organization\",\"name\":\"OptiMate\",\"url\":\"https:\\\/\\\/optimate1.com\\\/\",\"logo\":{\"@type\":\"ImageObject\",\"inLanguage\":\"de\",\"@id\":\"https:\\\/\\\/optimate1.com\\\/#\\\/schema\\\/logo\\\/image\\\/\",\"url\":\"https:\\\/\\\/optimate1.com\\\/wp-content\\\/uploads\\\/2021\\\/06\\\/optimate-hpbc-stacklogo.jpg\",\"contentUrl\":\"https:\\\/\\\/optimate1.com\\\/wp-content\\\/uploads\\\/2021\\\/06\\\/optimate-hpbc-stacklogo.jpg\",\"width\":1025,\"height\":529,\"caption\":\"OptiMate\"},\"image\":{\"@id\":\"https:\\\/\\\/optimate1.com\\\/#\\\/schema\\\/logo\\\/image\\\/\"},\"sameAs\":[\"https:\\\/\\\/www.facebook.com\\\/OptiMatebatterysavingcharger\\\/\"]}]}<\/script>\n<!-- \/ Yoast SEO plugin. -->","yoast_head_json":{"title":"Sicher lagern und laden: Sch\u00fctzen Sie den Akku Ihres E-Bikes mit OptiMate-Akkuladeger\u00e4ten - OptiMate","description":"Sicher lagern und laden: Sch\u00fctzen Sie den Akku Ihres E-Bikes mit OptiMate-Akkuladeger\u00e4ten. Klicken Sie hier, um weitere Informationen zu erhalten.","robots":{"index":"index","follow":"follow","max-snippet":"max-snippet:-1","max-image-preview":"max-image-preview:large","max-video-preview":"max-video-preview:-1","archive":"noarchive"},"canonical":"https:\/\/optimate1.com\/electric-bike-charger\/","og_locale":"de_DE","og_type":"article","og_title":"Sicher lagern und laden: Sch\u00fctzen Sie den Akku Ihres E-Bikes mit OptiMate-Akkuladeger\u00e4ten - OptiMate","og_description":"Sicher lagern und laden: Sch\u00fctzen Sie den Akku Ihres E-Bikes mit OptiMate-Akkuladeger\u00e4ten. Klicken Sie hier, um weitere Informationen zu erhalten.","og_url":"https:\/\/optimate1.com\/electric-bike-charger\/","og_site_name":"OptiMate","article_publisher":"https:\/\/www.facebook.com\/OptiMatebatterysavingcharger\/","article_modified_time":"2023-11-03T09:51:02+00:00","og_image":[{"width":1080,"height":1080,"url":"https:\/\/optimate1.com\/wp-content\/uploads\/2023\/11\/Ebike-DE.png","type":"image\/png"}],"twitter_card":"summary_large_image","twitter_misc":{"Gesch\u00e4tzte Lesezeit":"4\u00a0Minuten"},"schema":{"@context":"https:\/\/schema.org","@graph":[{"@type":"WebPage","@id":"https:\/\/optimate1.com\/electric-bike-charger\/","url":"https:\/\/optimate1.com\/electric-bike-charger\/","name":"Sicher lagern und laden: Sch\u00fctzen Sie den Akku Ihres E-Bikes mit OptiMate-Akkuladeger\u00e4ten - OptiMate","isPartOf":{"@id":"https:\/\/optimate1.com\/#website"},"primaryImageOfPage":{"@id":"https:\/\/optimate1.com\/electric-bike-charger\/#primaryimage"},"image":{"@id":"https:\/\/optimate1.com\/electric-bike-charger\/#primaryimage"},"thumbnailUrl":"https:\/\/optimate1.com\/wp-content\/uploads\/2023\/11\/Ebike-DE.png","datePublished":"2023-11-03T08:17:32+00:00","dateModified":"2023-11-03T09:51:02+00:00","description":"Sicher lagern und laden: Sch\u00fctzen Sie den Akku Ihres E-Bikes mit OptiMate-Akkuladeger\u00e4ten. Klicken Sie hier, um weitere Informationen zu erhalten.","breadcrumb":{"@id":"https:\/\/optimate1.com\/electric-bike-charger\/#breadcrumb"},"inLanguage":"de","potentialAction":[{"@type":"ReadAction","target":["https:\/\/optimate1.com\/electric-bike-charger\/"]}]},{"@type":"ImageObject","inLanguage":"de","@id":"https:\/\/optimate1.com\/electric-bike-charger\/#primaryimage","url":"https:\/\/optimate1.com\/wp-content\/uploads\/2023\/11\/Ebike-DE.png","contentUrl":"https:\/\/optimate1.com\/wp-content\/uploads\/2023\/11\/Ebike-DE.png","width":1080,"height":1080},{"@type":"BreadcrumbList","@id":"https:\/\/optimate1.com\/electric-bike-charger\/#breadcrumb","itemListElement":[{"@type":"ListItem","position":1,"name":"Home","item":"https:\/\/optimate1.com\/"},{"@type":"ListItem","position":2,"name":"Optimieren Sie die Akkulaufzeit Ihres Elektrofahrrads mit OptiMate-Akkuladeger\u00e4ten"}]},{"@type":"WebSite","@id":"https:\/\/optimate1.com\/#website","url":"https:\/\/optimate1.com\/","name":"OptiMate","description":"Battery Chargers &amp; Accessories","publisher":{"@id":"https:\/\/optimate1.com\/#organization"},"potentialAction":[{"@type":"SearchAction","target":{"@type":"EntryPoint","urlTemplate":"https:\/\/optimate1.com\/?s={search_term_string}"},"query-input":{"@type":"PropertyValueSpecification","valueRequired":true,"valueName":"search_term_string"}}],"inLanguage":"de"},{"@type":"Organization","@id":"https:\/\/optimate1.com\/#organization","name":"OptiMate","url":"https:\/\/optimate1.com\/","logo":{"@type":"ImageObject","inLanguage":"de","@id":"https:\/\/optimate1.com\/#\/schema\/logo\/image\/","url":"https:\/\/optimate1.com\/wp-content\/uploads\/2021\/06\/optimate-hpbc-stacklogo.jpg","contentUrl":"https:\/\/optimate1.com\/wp-content\/uploads\/2021\/06\/optimate-hpbc-stacklogo.jpg","width":1025,"height":529,"caption":"OptiMate"},"image":{"@id":"https:\/\/optimate1.com\/#\/schema\/logo\/image\/"},"sameAs":["https:\/\/www.facebook.com\/OptiMatebatterysavingcharger\/"]}]}},"_links":{"self":[{"href":"https:\/\/optimate1.com\/de\/wp-json\/wp\/v2\/pages\/34743","targetHints":{"allow":["GET"]}}],"collection":[{"href":"https:\/\/optimate1.com\/de\/wp-json\/wp\/v2\/pages"}],"about":[{"href":"https:\/\/optimate1.com\/de\/wp-json\/wp\/v2\/types\/page"}],"author":[{"embeddable":true,"href":"https:\/\/optimate1.com\/de\/wp-json\/wp\/v2\/users\/12"}],"replies":[{"embeddable":true,"href":"https:\/\/optimate1.com\/de\/wp-json\/wp\/v2\/comments?post=34743"}],"version-history":[{"count":1,"href":"https:\/\/optimate1.com\/de\/wp-json\/wp\/v2\/pages\/34743\/revisions"}],"predecessor-version":[{"id":34744,"href":"https:\/\/optimate1.com\/de\/wp-json\/wp\/v2\/pages\/34743\/revisions\/34744"}],"wp:featuredmedia":[{"embeddable":true,"href":"https:\/\/optimate1.com\/de\/wp-json\/wp\/v2\/media\/34730"}],"wp:attachment":[{"href":"https:\/\/optimate1.com\/de\/wp-json\/wp\/v2\/media?parent=34743"}],"curies":[{"name":"wp","href":"https:\/\/api.w.org\/{rel}","templated":true}]}}