{"id":35773,"date":"2024-02-26T04:18:22","date_gmt":"2024-02-26T09:18:22","guid":{"rendered":"https:\/\/optimate1.com\/magcode-series\/"},"modified":"2024-02-26T05:30:07","modified_gmt":"2024-02-26T10:30:07","slug":"magcode-series","status":"publish","type":"page","link":"https:\/\/optimate1.com\/de\/magcode-series\/","title":{"rendered":"MagCode Series"},"content":{"rendered":"<h3 class=\"entry-summary hidden-phone\" style=\"text-align: left;\"><strong>OptiMate MC-Magnetsteckverbinder bieten eine einfache und sichere elektrische Verbindung zum Laden und Warten von Batterien in Sport- und Rennfahrzeugen sowie in landwirtschaftlichen und industriellen Ger\u00e4ten.<\/strong><\/h3>\n<p>&nbsp;<\/p>\n<p>Der OptiMate MC-Magnetclip verf\u00fcgt \u00fcber einen SAE-Anschluss, der an OptiMate-Batterieladeger\u00e4te mit einer Nennleistung von bis zu 10 Ampere angeschlossen werden kann. Das Kabel ist mit einer roten Nylonh\u00fclle gesch\u00fctzt.<\/p>\n<p><img loading=\"lazy\" decoding=\"async\" class=\"alignleft wp-image-19321 size-full\" src=\"https:\/\/optimate1.com\/wp-content\/uploads\/2024\/02\/Banner-Acco-97-01_240222.png\" alt=\"\" width=\"1280\" height=\"540\" \/><\/p>\n<p>&nbsp;<\/p>\n<p>Der magnetische Port OptiMate MC wird mit 4 Schrauben an einer Plattenoberfl\u00e4che montiert. Der Batteriekabelbaum ist durch eine 15A-ATO-Inline-Sicherung gesch\u00fctzt und endet in M8-10-Ringen (5\/16 Zoll \u2013 3\/8 Zoll) in Doppelgr\u00f6\u00dfe. Um eine M10-Schraube (3\/8 Zoll) anzubringen, wird die innere Lasche entfernt.<\/p>\n<p><img loading=\"lazy\" decoding=\"async\" class=\"alignleft wp-image-19321 size-full\" src=\"https:\/\/optimate1.com\/wp-content\/uploads\/2024\/02\/Banner-Acco-97-02.png\" alt=\"\" width=\"1280\" height=\"540\" \/><\/p>\n<p>&nbsp;<\/p>\n<p>OptiMate verwendet Rosenberger MagCode\u00ae-Komponenten. Der 12V-Clip passt zum 12V-Anschluss und der 24V-Clip passt zum 24V-Anschluss.<\/p>\n<p><img loading=\"lazy\" decoding=\"async\" class=\"alignleft wp-image-19321 size-full\" src=\"https:\/\/optimate1.com\/wp-content\/uploads\/2024\/02\/Banner-Acco-97-03.png\" alt=\"\" width=\"1280\" height=\"540\" \/><\/p>\n<p>&nbsp;<\/p>\n<p><img loading=\"lazy\" decoding=\"async\" class=\"alignleft wp-image-19321 size-full\" src=\"https:\/\/optimate1.com\/wp-content\/uploads\/2024\/02\/Banner-Acco-97-04_240222.png\" alt=\"\" width=\"1280\" height=\"540\" \/><\/p>\n<p>&nbsp;<\/p>\n<p><strong>12V-Clip und Anschluss:<\/strong><\/p>\n<div class=\"woocommerce-product-details__short-description\">\n<div class=\"woocommerce columns-4 \"><ul class=\"products columns-4\">\n<li class=\"thunk-woo-product-list opn-qv-enable big-store-woo-hover- open-single-product-tab-horizontal open-shadow- open-shadow-hover- product type-product post-33545 status-publish first instock product_cat-cablesconnectors-de has-post-thumbnail featured shipping-taxable purchasable product-type-simple\">\n\t<div class=\"thunk-product-wrap\"><div class=\"thunk-product\"><a href=\"https:\/\/optimate1.com\/de\/product\/o-97c12\/\" class=\"woocommerce-LoopProduct-link woocommerce-loop-product__link\"><div class=\"thunk-product-image\"><img loading=\"lazy\" decoding=\"async\" width=\"320\" height=\"320\" src=\"https:\/\/optimate1.com\/wp-content\/uploads\/2024\/03\/O-97C12-OptiMate-MC-12V-Clip-1-DE-320x320.png\" class=\"attachment-woocommerce_thumbnail size-woocommerce_thumbnail\" alt=\"OptiMate CABLE O-97C12\" srcset=\"https:\/\/optimate1.com\/wp-content\/uploads\/2024\/03\/O-97C12-OptiMate-MC-12V-Clip-1-DE-320x320.png 320w, https:\/\/optimate1.com\/wp-content\/uploads\/2024\/03\/O-97C12-OptiMate-MC-12V-Clip-1-DE-300x300.png 300w, https:\/\/optimate1.com\/wp-content\/uploads\/2024\/03\/O-97C12-OptiMate-MC-12V-Clip-1-DE-1024x1024.png 1024w, https:\/\/optimate1.com\/wp-content\/uploads\/2024\/03\/O-97C12-OptiMate-MC-12V-Clip-1-DE-150x150.png 150w, https:\/\/optimate1.com\/wp-content\/uploads\/2024\/03\/O-97C12-OptiMate-MC-12V-Clip-1-DE-768x768.png 768w, https:\/\/optimate1.com\/wp-content\/uploads\/2024\/03\/O-97C12-OptiMate-MC-12V-Clip-1-DE-600x600.png 600w, https:\/\/optimate1.com\/wp-content\/uploads\/2024\/03\/O-97C12-OptiMate-MC-12V-Clip-1-DE-100x100.png 100w, https:\/\/optimate1.com\/wp-content\/uploads\/2024\/03\/O-97C12-OptiMate-MC-12V-Clip-1-DE-64x64.png 64w, https:\/\/optimate1.com\/wp-content\/uploads\/2024\/03\/O-97C12-OptiMate-MC-12V-Clip-1-DE.png 1500w\" sizes=\"auto, (max-width: 320px) 100vw, 320px\" \/><\/div><div class=\"thunk-product-content\"><h2 class=\"woocommerce-loop-product__title\">OptiMate CABLE O-97C12<\/h2>\n\t<span class=\"price\"><span class=\"woocommerce-Price-amount amount\"><bdi><span class=\"woocommerce-Price-currencySymbol\">&#36;<\/span>69.95<\/bdi><\/span><\/span>\n<\/div><div class=\"thunk-product-hover\"><\/a>           <div class=\"os-product-excerpt\"><h3><span style=\"color: #ff0000;\"><span style=\"color: #cd202c;\">Adapter, MagCode-Clip.<\/span> <\/span><\/h3>\n<\/div>\n        <div class=\"thunk-quik\">\n\t\t\t             <div class=\"thunk-quickview\">\n                               <span class=\"quik-view\">\n                                   <a href=\"#\" class=\"opn-quick-view-text\"  data-product_id=\"33545\">\n                                      <span>Quick View<\/span>\n                                    \n                                   <\/a>\n                            <\/span>\n                          <\/div><\/div><\/div><\/div><\/div><\/li>\n<li class=\"thunk-woo-product-list opn-qv-enable big-store-woo-hover- open-single-product-tab-horizontal open-shadow- open-shadow-hover- product type-product post-33562 status-publish instock product_cat-cablesconnectors-de has-post-thumbnail featured shipping-taxable purchasable product-type-simple\">\n\t<div class=\"thunk-product-wrap\"><div class=\"thunk-product\"><a href=\"https:\/\/optimate1.com\/de\/product\/o-97p12\/\" class=\"woocommerce-LoopProduct-link woocommerce-loop-product__link\"><div class=\"thunk-product-image\"><img loading=\"lazy\" decoding=\"async\" width=\"320\" height=\"320\" src=\"https:\/\/optimate1.com\/wp-content\/uploads\/2024\/03\/O-97C12-OptiMate-MC-12V-Clip-1-copy-2-NEW_DE-320x320.png\" class=\"attachment-woocommerce_thumbnail size-woocommerce_thumbnail\" alt=\"OptiMate PORT O-97P12\" srcset=\"https:\/\/optimate1.com\/wp-content\/uploads\/2024\/03\/O-97C12-OptiMate-MC-12V-Clip-1-copy-2-NEW_DE-320x320.png 320w, https:\/\/optimate1.com\/wp-content\/uploads\/2024\/03\/O-97C12-OptiMate-MC-12V-Clip-1-copy-2-NEW_DE-300x300.png 300w, https:\/\/optimate1.com\/wp-content\/uploads\/2024\/03\/O-97C12-OptiMate-MC-12V-Clip-1-copy-2-NEW_DE-1024x1024.png 1024w, https:\/\/optimate1.com\/wp-content\/uploads\/2024\/03\/O-97C12-OptiMate-MC-12V-Clip-1-copy-2-NEW_DE-150x150.png 150w, https:\/\/optimate1.com\/wp-content\/uploads\/2024\/03\/O-97C12-OptiMate-MC-12V-Clip-1-copy-2-NEW_DE-768x768.png 768w, https:\/\/optimate1.com\/wp-content\/uploads\/2024\/03\/O-97C12-OptiMate-MC-12V-Clip-1-copy-2-NEW_DE-600x600.png 600w, https:\/\/optimate1.com\/wp-content\/uploads\/2024\/03\/O-97C12-OptiMate-MC-12V-Clip-1-copy-2-NEW_DE-100x100.png 100w, https:\/\/optimate1.com\/wp-content\/uploads\/2024\/03\/O-97C12-OptiMate-MC-12V-Clip-1-copy-2-NEW_DE-64x64.png 64w, https:\/\/optimate1.com\/wp-content\/uploads\/2024\/03\/O-97C12-OptiMate-MC-12V-Clip-1-copy-2-NEW_DE.png 1500w\" sizes=\"auto, (max-width: 320px) 100vw, 320px\" \/><\/div><div class=\"thunk-product-content\"><h2 class=\"woocommerce-loop-product__title\">OptiMate PORT O-97P12<\/h2>\n\t<span class=\"price\"><span class=\"woocommerce-Price-amount amount\"><bdi><span class=\"woocommerce-Price-currencySymbol\">&#36;<\/span>74.95<\/bdi><\/span><\/span>\n<\/div><div class=\"thunk-product-hover\"><\/a>           <div class=\"os-product-excerpt\"><h3><span style=\"color: #ff0000;\"><span style=\"color: #cd202c;\">MagCode-Anschluss, Panelmontage.<\/span><\/span><\/h3>\n<\/div>\n        <div class=\"thunk-quik\">\n\t\t\t             <div class=\"thunk-quickview\">\n                               <span class=\"quik-view\">\n                                   <a href=\"#\" class=\"opn-quick-view-text\"  data-product_id=\"33562\">\n                                      <span>Quick View<\/span>\n                                    \n                                   <\/a>\n                            <\/span>\n                          <\/div><\/div><\/div><\/div><\/div><\/li>\n<\/ul>\n<\/div>\n<\/div>\n<p><strong>24V-Clip und Anschluss:<\/strong><\/p>\n<div class=\"woocommerce columns-4 \"><ul class=\"products columns-4\">\n<li class=\"thunk-woo-product-list opn-qv-enable big-store-woo-hover- open-single-product-tab-horizontal open-shadow- open-shadow-hover- product type-product post-35676 status-publish first instock product_cat-cablesconnectors-de has-post-thumbnail featured shipping-taxable purchasable product-type-simple\">\n\t<div class=\"thunk-product-wrap\"><div class=\"thunk-product\"><a href=\"https:\/\/optimate1.com\/de\/product\/o-97c24\/\" class=\"woocommerce-LoopProduct-link woocommerce-loop-product__link\"><div class=\"thunk-product-image\"><img loading=\"lazy\" decoding=\"async\" width=\"320\" height=\"320\" src=\"https:\/\/optimate1.com\/wp-content\/uploads\/2024\/03\/O-97C24-OptiMate-MC-24V-Clip-1_DE-320x320.png\" class=\"attachment-woocommerce_thumbnail size-woocommerce_thumbnail\" alt=\"OptiMate CABLE O-97C24\" srcset=\"https:\/\/optimate1.com\/wp-content\/uploads\/2024\/03\/O-97C24-OptiMate-MC-24V-Clip-1_DE-320x320.png 320w, https:\/\/optimate1.com\/wp-content\/uploads\/2024\/03\/O-97C24-OptiMate-MC-24V-Clip-1_DE-300x300.png 300w, https:\/\/optimate1.com\/wp-content\/uploads\/2024\/03\/O-97C24-OptiMate-MC-24V-Clip-1_DE-1024x1024.png 1024w, https:\/\/optimate1.com\/wp-content\/uploads\/2024\/03\/O-97C24-OptiMate-MC-24V-Clip-1_DE-150x150.png 150w, https:\/\/optimate1.com\/wp-content\/uploads\/2024\/03\/O-97C24-OptiMate-MC-24V-Clip-1_DE-768x768.png 768w, https:\/\/optimate1.com\/wp-content\/uploads\/2024\/03\/O-97C24-OptiMate-MC-24V-Clip-1_DE-600x600.png 600w, https:\/\/optimate1.com\/wp-content\/uploads\/2024\/03\/O-97C24-OptiMate-MC-24V-Clip-1_DE-100x100.png 100w, https:\/\/optimate1.com\/wp-content\/uploads\/2024\/03\/O-97C24-OptiMate-MC-24V-Clip-1_DE-64x64.png 64w, https:\/\/optimate1.com\/wp-content\/uploads\/2024\/03\/O-97C24-OptiMate-MC-24V-Clip-1_DE.png 1500w\" sizes=\"auto, (max-width: 320px) 100vw, 320px\" \/><\/div><div class=\"thunk-product-content\"><h2 class=\"woocommerce-loop-product__title\">OptiMate CABLE O-97C24<\/h2>\n\t<span class=\"price\"><span class=\"woocommerce-Price-amount amount\"><bdi><span class=\"woocommerce-Price-currencySymbol\">&#36;<\/span>74.95<\/bdi><\/span><\/span>\n<\/div><div class=\"thunk-product-hover\"><\/a>           <div class=\"os-product-excerpt\"><h3><span style=\"color: #ff0000;\"><span style=\"color: #cd202c;\">Adapter, MagCode-Clip.<\/span> <\/span><\/h3>\n<\/div>\n        <div class=\"thunk-quik\">\n\t\t\t             <div class=\"thunk-quickview\">\n                               <span class=\"quik-view\">\n                                   <a href=\"#\" class=\"opn-quick-view-text\"  data-product_id=\"35676\">\n                                      <span>Quick View<\/span>\n                                    \n                                   <\/a>\n                            <\/span>\n                          <\/div><\/div><\/div><\/div><\/div><\/li>\n<li class=\"thunk-woo-product-list opn-qv-enable big-store-woo-hover- open-single-product-tab-horizontal open-shadow- open-shadow-hover- product type-product post-35664 status-publish instock product_cat-cablesconnectors-de has-post-thumbnail featured shipping-taxable purchasable product-type-simple\">\n\t<div class=\"thunk-product-wrap\"><div class=\"thunk-product\"><a href=\"https:\/\/optimate1.com\/de\/product\/o-97p24\/\" class=\"woocommerce-LoopProduct-link woocommerce-loop-product__link\"><div class=\"thunk-product-image\"><img loading=\"lazy\" decoding=\"async\" width=\"320\" height=\"320\" src=\"https:\/\/optimate1.com\/wp-content\/uploads\/2024\/03\/O-97C12-OptiMate-MC-12V-Clip-1-copy-2-NEW_DE-320x320.png\" class=\"attachment-woocommerce_thumbnail size-woocommerce_thumbnail\" alt=\"OptiMate PORT O-97P24\" srcset=\"https:\/\/optimate1.com\/wp-content\/uploads\/2024\/03\/O-97C12-OptiMate-MC-12V-Clip-1-copy-2-NEW_DE-320x320.png 320w, https:\/\/optimate1.com\/wp-content\/uploads\/2024\/03\/O-97C12-OptiMate-MC-12V-Clip-1-copy-2-NEW_DE-300x300.png 300w, https:\/\/optimate1.com\/wp-content\/uploads\/2024\/03\/O-97C12-OptiMate-MC-12V-Clip-1-copy-2-NEW_DE-1024x1024.png 1024w, https:\/\/optimate1.com\/wp-content\/uploads\/2024\/03\/O-97C12-OptiMate-MC-12V-Clip-1-copy-2-NEW_DE-150x150.png 150w, https:\/\/optimate1.com\/wp-content\/uploads\/2024\/03\/O-97C12-OptiMate-MC-12V-Clip-1-copy-2-NEW_DE-768x768.png 768w, https:\/\/optimate1.com\/wp-content\/uploads\/2024\/03\/O-97C12-OptiMate-MC-12V-Clip-1-copy-2-NEW_DE-600x600.png 600w, https:\/\/optimate1.com\/wp-content\/uploads\/2024\/03\/O-97C12-OptiMate-MC-12V-Clip-1-copy-2-NEW_DE-100x100.png 100w, https:\/\/optimate1.com\/wp-content\/uploads\/2024\/03\/O-97C12-OptiMate-MC-12V-Clip-1-copy-2-NEW_DE-64x64.png 64w, https:\/\/optimate1.com\/wp-content\/uploads\/2024\/03\/O-97C12-OptiMate-MC-12V-Clip-1-copy-2-NEW_DE.png 1500w\" sizes=\"auto, (max-width: 320px) 100vw, 320px\" \/><\/div><div class=\"thunk-product-content\"><h2 class=\"woocommerce-loop-product__title\">OptiMate PORT O-97P24<\/h2>\n\t<span class=\"price\"><span class=\"woocommerce-Price-amount amount\"><bdi><span class=\"woocommerce-Price-currencySymbol\">&#36;<\/span>79.95<\/bdi><\/span><\/span>\n<\/div><div class=\"thunk-product-hover\"><\/a>           <div class=\"os-product-excerpt\"><h3><span style=\"color: #ff0000;\"><span style=\"color: #cd202c;\">MagCode-Anschluss, Panelmontage.<\/span><\/span><\/h3>\n<\/div>\n        <div class=\"thunk-quik\">\n\t\t\t             <div class=\"thunk-quickview\">\n                               <span class=\"quik-view\">\n                                   <a href=\"#\" class=\"opn-quick-view-text\"  data-product_id=\"35664\">\n                                      <span>Quick View<\/span>\n                                    \n                                   <\/a>\n                            <\/span>\n                          <\/div><\/div><\/div><\/div><\/div><\/li>\n<\/ul>\n<\/div>\n","protected":false},"excerpt":{"rendered":"<p>OptiMate MC-Magnetsteckverbinder bieten eine einfache und sichere elektrische Verbindung zum Laden und Warten von Batterien in Sport- und Rennfahrzeugen sowie in landwirtschaftlichen und industriellen Ger\u00e4ten. &nbsp; Der OptiMate MC-Magnetclip verf\u00fcgt \u00fcber einen SAE-Anschluss, der an OptiMate-Batterieladeger\u00e4te mit einer Nennleistung von bis zu 10 Ampere angeschlossen werden kann. Das Kabel ist mit einer roten Nylonh\u00fclle gesch\u00fctzt. &hellip;<\/p>\n<p class=\"read-more\"> <a class=\" thunk-readmore button \" href=\"https:\/\/optimate1.com\/de\/magcode-series\/\"> <span class=\"screen-reader-text\">MagCode Series<\/span>Read More<\/a><\/p>\n","protected":false},"author":12,"featured_media":35782,"parent":0,"menu_order":0,"comment_status":"closed","ping_status":"closed","template":"","meta":{"footnotes":""},"class_list":["post-35773","page","type-page","status-publish","has-post-thumbnail","hentry","thunk-woo-product-list","opn-qv-enable","big-store-woo-hover-","open-single-product-tab-horizontal","open-shadow-","open-shadow-hover-"],"yoast_head":"<!-- This site is optimized with the Yoast SEO plugin v27.2 - https:\/\/yoast.com\/product\/yoast-seo-wordpress\/ -->\n<title>MagCode Series - OptiMate<\/title>\n<meta name=\"description\" content=\"Die OptiMate O-97-Serie nutzt MagCode\u00ae-Anschl\u00fcsse, um kurzschlusssichere, selbstfindende magnetische Batterieladeanschl\u00fcsse bereitzustellen.\" \/>\n<meta name=\"robots\" content=\"index, follow, max-snippet:-1, max-image-preview:large, max-video-preview:-1, noarchive\" \/>\n<link rel=\"canonical\" href=\"https:\/\/optimate1.com\/acco-97\/\" \/>\n<meta property=\"og:locale\" content=\"de_DE\" \/>\n<meta property=\"og:type\" content=\"article\" \/>\n<meta property=\"og:title\" content=\"MagCode Series - OptiMate\" \/>\n<meta property=\"og:description\" content=\"Die OptiMate O-97-Serie nutzt MagCode\u00ae-Anschl\u00fcsse, um kurzschlusssichere, selbstfindende magnetische Batterieladeanschl\u00fcsse bereitzustellen.\" \/>\n<meta property=\"og:url\" content=\"https:\/\/optimate1.com\/acco-97\/\" \/>\n<meta property=\"og:site_name\" content=\"OptiMate\" \/>\n<meta property=\"article:publisher\" content=\"https:\/\/www.facebook.com\/OptiMatebatterysavingcharger\/\" \/>\n<meta property=\"article:modified_time\" content=\"2024-02-26T10:30:07+00:00\" \/>\n<meta property=\"og:image\" content=\"https:\/\/optimate1.com\/wp-content\/uploads\/2024\/02\/acco-97-featured-image-DE.png\" \/>\n\t<meta property=\"og:image:width\" content=\"900\" \/>\n\t<meta property=\"og:image:height\" content=\"900\" \/>\n\t<meta property=\"og:image:type\" content=\"image\/png\" \/>\n<meta name=\"twitter:card\" content=\"summary_large_image\" \/>\n<meta name=\"twitter:label1\" content=\"Gesch\u00e4tzte Lesezeit\" \/>\n\t<meta name=\"twitter:data1\" content=\"2\u00a0Minuten\" \/>\n<script type=\"application\/ld+json\" class=\"yoast-schema-graph\">{\"@context\":\"https:\/\/schema.org\",\"@graph\":[{\"@type\":\"WebPage\",\"@id\":\"https:\/\/optimate1.com\/acco-97\/\",\"url\":\"https:\/\/optimate1.com\/acco-97\/\",\"name\":\"MagCode Series - OptiMate\",\"isPartOf\":{\"@id\":\"https:\/\/optimate1.com\/#website\"},\"primaryImageOfPage\":{\"@id\":\"https:\/\/optimate1.com\/acco-97\/#primaryimage\"},\"image\":{\"@id\":\"https:\/\/optimate1.com\/acco-97\/#primaryimage\"},\"thumbnailUrl\":\"https:\/\/optimate1.com\/wp-content\/uploads\/2024\/02\/acco-97-featured-image-DE.png\",\"datePublished\":\"2024-02-26T09:18:22+00:00\",\"dateModified\":\"2024-02-26T10:30:07+00:00\",\"description\":\"Die OptiMate O-97-Serie nutzt MagCode\u00ae-Anschl\u00fcsse, um kurzschlusssichere, selbstfindende magnetische Batterieladeanschl\u00fcsse bereitzustellen.\",\"breadcrumb\":{\"@id\":\"https:\/\/optimate1.com\/acco-97\/#breadcrumb\"},\"inLanguage\":\"de\",\"potentialAction\":[{\"@type\":\"ReadAction\",\"target\":[\"https:\/\/optimate1.com\/acco-97\/\"]}]},{\"@type\":\"ImageObject\",\"inLanguage\":\"de\",\"@id\":\"https:\/\/optimate1.com\/acco-97\/#primaryimage\",\"url\":\"https:\/\/optimate1.com\/wp-content\/uploads\/2024\/02\/acco-97-featured-image-DE.png\",\"contentUrl\":\"https:\/\/optimate1.com\/wp-content\/uploads\/2024\/02\/acco-97-featured-image-DE.png\",\"width\":900,\"height\":900},{\"@type\":\"BreadcrumbList\",\"@id\":\"https:\/\/optimate1.com\/acco-97\/#breadcrumb\",\"itemListElement\":[{\"@type\":\"ListItem\",\"position\":1,\"name\":\"Home\",\"item\":\"https:\/\/optimate1.com\/\"},{\"@type\":\"ListItem\",\"position\":2,\"name\":\"MagCode Series\"}]},{\"@type\":\"WebSite\",\"@id\":\"https:\/\/optimate1.com\/#website\",\"url\":\"https:\/\/optimate1.com\/\",\"name\":\"OptiMate\",\"description\":\"Battery Chargers &amp; Accessories\",\"publisher\":{\"@id\":\"https:\/\/optimate1.com\/#organization\"},\"potentialAction\":[{\"@type\":\"SearchAction\",\"target\":{\"@type\":\"EntryPoint\",\"urlTemplate\":\"https:\/\/optimate1.com\/?s={search_term_string}\"},\"query-input\":{\"@type\":\"PropertyValueSpecification\",\"valueRequired\":true,\"valueName\":\"search_term_string\"}}],\"inLanguage\":\"de\"},{\"@type\":\"Organization\",\"@id\":\"https:\/\/optimate1.com\/#organization\",\"name\":\"OptiMate\",\"url\":\"https:\/\/optimate1.com\/\",\"logo\":{\"@type\":\"ImageObject\",\"inLanguage\":\"de\",\"@id\":\"https:\/\/optimate1.com\/#\/schema\/logo\/image\/\",\"url\":\"https:\/\/optimate1.com\/wp-content\/uploads\/2021\/06\/optimate-hpbc-stacklogo.jpg\",\"contentUrl\":\"https:\/\/optimate1.com\/wp-content\/uploads\/2021\/06\/optimate-hpbc-stacklogo.jpg\",\"width\":1025,\"height\":529,\"caption\":\"OptiMate\"},\"image\":{\"@id\":\"https:\/\/optimate1.com\/#\/schema\/logo\/image\/\"},\"sameAs\":[\"https:\/\/www.facebook.com\/OptiMatebatterysavingcharger\/\"]}]}<\/script>\n<!-- \/ Yoast SEO plugin. -->","yoast_head_json":{"title":"MagCode Series - OptiMate","description":"Die OptiMate O-97-Serie nutzt MagCode\u00ae-Anschl\u00fcsse, um kurzschlusssichere, selbstfindende magnetische Batterieladeanschl\u00fcsse bereitzustellen.","robots":{"index":"index","follow":"follow","max-snippet":"max-snippet:-1","max-image-preview":"max-image-preview:large","max-video-preview":"max-video-preview:-1","archive":"noarchive"},"canonical":"https:\/\/optimate1.com\/acco-97\/","og_locale":"de_DE","og_type":"article","og_title":"MagCode Series - OptiMate","og_description":"Die OptiMate O-97-Serie nutzt MagCode\u00ae-Anschl\u00fcsse, um kurzschlusssichere, selbstfindende magnetische Batterieladeanschl\u00fcsse bereitzustellen.","og_url":"https:\/\/optimate1.com\/acco-97\/","og_site_name":"OptiMate","article_publisher":"https:\/\/www.facebook.com\/OptiMatebatterysavingcharger\/","article_modified_time":"2024-02-26T10:30:07+00:00","og_image":[{"width":900,"height":900,"url":"https:\/\/optimate1.com\/wp-content\/uploads\/2024\/02\/acco-97-featured-image-DE.png","type":"image\/png"}],"twitter_card":"summary_large_image","twitter_misc":{"Gesch\u00e4tzte Lesezeit":"2\u00a0Minuten"},"schema":{"@context":"https:\/\/schema.org","@graph":[{"@type":"WebPage","@id":"https:\/\/optimate1.com\/acco-97\/","url":"https:\/\/optimate1.com\/acco-97\/","name":"MagCode Series - OptiMate","isPartOf":{"@id":"https:\/\/optimate1.com\/#website"},"primaryImageOfPage":{"@id":"https:\/\/optimate1.com\/acco-97\/#primaryimage"},"image":{"@id":"https:\/\/optimate1.com\/acco-97\/#primaryimage"},"thumbnailUrl":"https:\/\/optimate1.com\/wp-content\/uploads\/2024\/02\/acco-97-featured-image-DE.png","datePublished":"2024-02-26T09:18:22+00:00","dateModified":"2024-02-26T10:30:07+00:00","description":"Die OptiMate O-97-Serie nutzt MagCode\u00ae-Anschl\u00fcsse, um kurzschlusssichere, selbstfindende magnetische Batterieladeanschl\u00fcsse bereitzustellen.","breadcrumb":{"@id":"https:\/\/optimate1.com\/acco-97\/#breadcrumb"},"inLanguage":"de","potentialAction":[{"@type":"ReadAction","target":["https:\/\/optimate1.com\/acco-97\/"]}]},{"@type":"ImageObject","inLanguage":"de","@id":"https:\/\/optimate1.com\/acco-97\/#primaryimage","url":"https:\/\/optimate1.com\/wp-content\/uploads\/2024\/02\/acco-97-featured-image-DE.png","contentUrl":"https:\/\/optimate1.com\/wp-content\/uploads\/2024\/02\/acco-97-featured-image-DE.png","width":900,"height":900},{"@type":"BreadcrumbList","@id":"https:\/\/optimate1.com\/acco-97\/#breadcrumb","itemListElement":[{"@type":"ListItem","position":1,"name":"Home","item":"https:\/\/optimate1.com\/"},{"@type":"ListItem","position":2,"name":"MagCode Series"}]},{"@type":"WebSite","@id":"https:\/\/optimate1.com\/#website","url":"https:\/\/optimate1.com\/","name":"OptiMate","description":"Battery Chargers &amp; Accessories","publisher":{"@id":"https:\/\/optimate1.com\/#organization"},"potentialAction":[{"@type":"SearchAction","target":{"@type":"EntryPoint","urlTemplate":"https:\/\/optimate1.com\/?s={search_term_string}"},"query-input":{"@type":"PropertyValueSpecification","valueRequired":true,"valueName":"search_term_string"}}],"inLanguage":"de"},{"@type":"Organization","@id":"https:\/\/optimate1.com\/#organization","name":"OptiMate","url":"https:\/\/optimate1.com\/","logo":{"@type":"ImageObject","inLanguage":"de","@id":"https:\/\/optimate1.com\/#\/schema\/logo\/image\/","url":"https:\/\/optimate1.com\/wp-content\/uploads\/2021\/06\/optimate-hpbc-stacklogo.jpg","contentUrl":"https:\/\/optimate1.com\/wp-content\/uploads\/2021\/06\/optimate-hpbc-stacklogo.jpg","width":1025,"height":529,"caption":"OptiMate"},"image":{"@id":"https:\/\/optimate1.com\/#\/schema\/logo\/image\/"},"sameAs":["https:\/\/www.facebook.com\/OptiMatebatterysavingcharger\/"]}]}},"_links":{"self":[{"href":"https:\/\/optimate1.com\/de\/wp-json\/wp\/v2\/pages\/35773","targetHints":{"allow":["GET"]}}],"collection":[{"href":"https:\/\/optimate1.com\/de\/wp-json\/wp\/v2\/pages"}],"about":[{"href":"https:\/\/optimate1.com\/de\/wp-json\/wp\/v2\/types\/page"}],"author":[{"embeddable":true,"href":"https:\/\/optimate1.com\/de\/wp-json\/wp\/v2\/users\/12"}],"replies":[{"embeddable":true,"href":"https:\/\/optimate1.com\/de\/wp-json\/wp\/v2\/comments?post=35773"}],"version-history":[{"count":1,"href":"https:\/\/optimate1.com\/de\/wp-json\/wp\/v2\/pages\/35773\/revisions"}],"predecessor-version":[{"id":35774,"href":"https:\/\/optimate1.com\/de\/wp-json\/wp\/v2\/pages\/35773\/revisions\/35774"}],"wp:featuredmedia":[{"embeddable":true,"href":"https:\/\/optimate1.com\/de\/wp-json\/wp\/v2\/media\/35782"}],"wp:attachment":[{"href":"https:\/\/optimate1.com\/de\/wp-json\/wp\/v2\/media?parent=35773"}],"curies":[{"name":"wp","href":"https:\/\/api.w.org\/{rel}","templated":true}]}}