{"id":40330,"date":"2025-11-04T03:56:26","date_gmt":"2025-11-04T08:56:26","guid":{"rendered":"https:\/\/optimate1.com\/pro-ladegeraete\/"},"modified":"2025-11-04T04:09:36","modified_gmt":"2025-11-04T09:09:36","slug":"pro-ladegeraete","status":"publish","type":"page","link":"https:\/\/optimate1.com\/de\/pro-ladegeraete\/","title":{"rendered":"PRO Ladeger\u00e4te"},"content":{"rendered":"<p><img loading=\"lazy\" decoding=\"async\" class=\"alignleft wp-image-19321 size-full\" src=\"https:\/\/optimate1.com\/wp-content\/uploads\/2025\/10\/2025-1029-Banner-PRO-scaled.png\" alt=\"car and portable car battery chargers: OptiMate 7 Select and OptiMate Lithium 4s 10A battery charger\" width=\"1280\" height=\"540\" \/><\/p>\n<p style=\"text-align: center; font-size: 30px;\"><strong>OPTIMATE PROFESSIONELLE LADEGER\u00c4TE<\/strong><\/p>\n<p>Die PRO Serie wurde f\u00fcr professionelle Werkst\u00e4tten, Batteriespezialisten und H\u00e4ndler entwickelt: Hochleistungs-Lade- und Testger\u00e4te, die f\u00fcr den professionellen Einsatz gebaut sind. Mit w\u00e4hlbaren Ladeprogrammen und erweiterten \u201ePRO\u201c-Funktionen bieten diese Ger\u00e4te Kontrolle, Diagnose und Zuverl\u00e4ssigkeit.<br \/>\n\n<table id=\"tablepress-687\" class=\"tablepress tablepress-id-687\">\n<tbody class=\"row-hover\">\n<tr class=\"row-1\">\n\t<td class=\"column-1\"><body><h6><strong>AUTOMATISCH \u2013<\/strong> OptiMate Ladeger\u00e4te arbeiten vollautomatisch, sobald die richtige Batterietechnologie oder der passende Modus ausgew\u00e4hlt wurde.<\/h6><\/center><\/td>\n<\/tr>\n<tr class=\"row-2\">\n\t<td class=\"column-1\"><body><h6><strong>AKTIVIERT NEUE BATTERIEN \u2013 <\/strong>Bereitet jede Motorrad- oder Powersport-Batterie f\u00fcr die erste Verwendung vor.<\/h6><\/center><\/td>\n<\/tr>\n<tr class=\"row-3\">\n\t<td class=\"column-1\"><body><h6><strong>STELLT TIEFENTLADENE BATTERIEN WIEDER HER \u2013 <\/strong>Stellt Blei-S\u00e4ure- (Pb) oder Lithium-LFP- (LiFePO\u2084) Batterien ab nur 0,5 Volt wieder her. Setzt Lithium-LFP-Batterien mit BMS-Schutz zur\u00fcck und stellt sie wieder her.<\/h6><\/center><\/td>\n<\/tr>\n<tr class=\"row-4\">\n\t<td class=\"column-1\"><body><h6><strong>BATTERIE-ZUSTANDSTEST \u2013 <\/strong> GUT (80\u2013100 %), OK (60\u201380 %), SCHLECHT (<60 %) \u2013 hilft festzustellen, ob eine Batterie ersetzt werden sollte.<\/h6><\/center><\/td>\n<\/tr>\n<tr class=\"row-5\">\n\t<td class=\"column-1\"><body><h6><strong>WELTWEITE EINGANGSSPANNUNG \u2013 <\/strong> Eingangsspannung (100\u2013240V 50\u201360Hz) \u00fcber eine standardm\u00e4\u00dfige IEC320-C8-Buchse; das Netzkabel kann ausgetauscht werden, um zu jedem regionalen Steckdosentyp zu passen.<\/h6><\/center><\/td>\n<\/tr>\n<tr class=\"row-6\">\n\t<td class=\"column-1\"><body><h6><strong>GERINGERER ENERGIEVERBRAUCH \u2013 <\/strong> OptiMate Ladeger\u00e4te sind energieeffizient zertifiziert. Die fortschrittliche Elektroniktechnologie von OptiMate reduziert den Stromverbrauch und spart Kosten.<\/h6><\/center><\/td>\n<\/tr>\n<tr class=\"row-7\">\n\t<td class=\"column-1\"><body><h6><strong>INTERNATIONALE ZERTIFIZIERUNG: \u2013 <\/strong> CE, UKCA, NRTL (UL &amp; CSA), PSE, SAA.<\/h6><\/center><\/td>\n<\/tr>\n<\/tbody>\n<\/table>\n<!-- #tablepress-687 from cache --><\/p>\n<p style=\"text-align: center; font-size: 30px;\"><strong>DEN RICHTIGEN LADEGER\u00c4T W\u00c4HLEN<\/strong><\/p>\n<h3 data-start=\"905\" data-end=\"924\">Vorgestellte Modelle<\/h3>\n<h4 data-start=\"926\" data-end=\"964\"><strong data-start=\"931\" data-end=\"962\">OptiMate PRO-1 DUO (TM-650)<\/strong><\/h4>\n<p data-start=\"965\" data-end=\"1082\">Ideal f\u00fcr den Fahrzeugeinsatz und das schnelle Laden oder Vorbereiten von Batterien.<\/p>\n<p>\n<table id=\"tablepress-688\" class=\"tablepress tablepress-id-688\">\n<tbody class=\"row-hover\">\n<tr class=\"row-1\">\n\t<td class=\"column-1\"><body><h6><strong>3 W\u00c4HLBARE MODI \u2013<\/strong> 12V Blei-S\u00e4ure oder 12,8V\/13,2V Lithium LiFePO\u2084 oder Stromversorgung.<\/h6><\/center><\/td>\n<\/tr>\n<tr class=\"row-2\">\n\t<td class=\"column-1\"><body><h6><strong>EIN LADEKREIS \u2013 <\/strong>10 A max, die Ampmatic-Ladesteuerung passt den Strom an kleinere Batterien an.<\/h6><\/center><\/td>\n<\/tr>\n<tr class=\"row-3\">\n\t<td class=\"column-1\"><body><h6><strong>EINFACHER SERVICE \/ BATTERIEUNTERST\u00dcTZUNG \u2013 <\/strong> Der Netzteilmodus bietet stabile Unterst\u00fctzung f\u00fcr die Fahrzeugbatterie, die f\u00fcr elektrische Fehlersuche oder Softwareaktualisierungen erforderlich ist.<\/h6><\/center><\/td>\n<\/tr>\n<tr class=\"row-4\">\n\t<td class=\"column-1\"><body><h6><strong>BATTERIESCHONUNG \/ RESET \u2013 <\/strong>Intelligenter Wiederherstellungsmodus f\u00fcr tiefentladene Batterien oder Zur\u00fccksetzen des Niederspannungsschutzes einer Lithiumbatterie im Fahrzeug.<\/h6><\/center><\/td>\n<\/tr>\n<\/tbody>\n<\/table>\n<!-- #tablepress-688 from cache --><br \/>\n<div class=\"woocommerce columns-5 \"><ul class=\"products columns-5\">\n<li class=\"thunk-woo-product-list opn-qv-enable big-store-woo-hover- open-single-product-tab-horizontal open-shadow- open-shadow-hover- product type-product post-28727 status-publish first instock product_cat-battery-chargers-de has-post-thumbnail shipping-taxable purchasable product-type-simple\">\n\t<div class=\"thunk-product-wrap\"><div class=\"thunk-product\"><a href=\"https:\/\/optimate1.com\/de\/product\/optimate-pro-1-duo\/\" class=\"woocommerce-LoopProduct-link woocommerce-loop-product__link\"><div class=\"thunk-product-image\"><img loading=\"lazy\" decoding=\"async\" width=\"320\" height=\"320\" src=\"https:\/\/optimate1.com\/wp-content\/uploads\/2026\/03\/OptiMate-PRO-1-TM650-12-copy-de-1-320x320.png\" class=\"attachment-woocommerce_thumbnail size-woocommerce_thumbnail\" alt=\"OptiMate PRO-1 DUO\" srcset=\"https:\/\/optimate1.com\/wp-content\/uploads\/2026\/03\/OptiMate-PRO-1-TM650-12-copy-de-1-320x320.png 320w, https:\/\/optimate1.com\/wp-content\/uploads\/2026\/03\/OptiMate-PRO-1-TM650-12-copy-de-1-300x300.png 300w, https:\/\/optimate1.com\/wp-content\/uploads\/2026\/03\/OptiMate-PRO-1-TM650-12-copy-de-1-1024x1024.png 1024w, https:\/\/optimate1.com\/wp-content\/uploads\/2026\/03\/OptiMate-PRO-1-TM650-12-copy-de-1-150x150.png 150w, https:\/\/optimate1.com\/wp-content\/uploads\/2026\/03\/OptiMate-PRO-1-TM650-12-copy-de-1-768x768.png 768w, https:\/\/optimate1.com\/wp-content\/uploads\/2026\/03\/OptiMate-PRO-1-TM650-12-copy-de-1-600x600.png 600w, https:\/\/optimate1.com\/wp-content\/uploads\/2026\/03\/OptiMate-PRO-1-TM650-12-copy-de-1-100x100.png 100w, https:\/\/optimate1.com\/wp-content\/uploads\/2026\/03\/OptiMate-PRO-1-TM650-12-copy-de-1-64x64.png 64w, https:\/\/optimate1.com\/wp-content\/uploads\/2026\/03\/OptiMate-PRO-1-TM650-12-copy-de-1.png 1500w\" sizes=\"auto, (max-width: 320px) 100vw, 320px\" \/><\/div><div class=\"thunk-product-content\"><h2 class=\"woocommerce-loop-product__title\">OptiMate PRO-1 DUO<\/h2>\n\t<span class=\"price\"><span class=\"woocommerce-Price-amount amount\"><bdi><span class=\"woocommerce-Price-currencySymbol\">&#36;<\/span>209.95<\/bdi><\/span><\/span>\n<div class=\"short_desc\">12V \/ 12.8V 10A<\/div><\/div><div class=\"thunk-product-hover\"><\/a>           <div class=\"os-product-excerpt\"><h3><span style=\"color: #231f20;\">PRO-Serie: 12V 10 A-Diagnose-Batterieladeger\u00e4t-Tester &amp; Netzteil<\/span><\/h3>\n<\/div>\n        <div class=\"thunk-quik\">\n\t\t\t             <div class=\"thunk-quickview\">\n                               <span class=\"quik-view\">\n                                   <a href=\"#\" class=\"opn-quick-view-text\"  data-product_id=\"28727\">\n                                      <span>Quick View<\/span>\n                                    \n                                   <\/a>\n                            <\/span>\n                          <\/div><\/div><\/div><\/div><\/div><\/li>\n<\/ul>\n<\/div><\/p>\n<h4 data-start=\"1651\" data-end=\"1689\"><strong data-start=\"1656\" data-end=\"1687\">OptiMate PRO-4 DUO (TM-670)<\/strong><\/h4>\n<p data-start=\"1690\" data-end=\"1807\">Entwickelt f\u00fcr anspruchsvolle Werkst\u00e4tten und Servicezentren, die eine professionelle Mehrbank-Ladel\u00f6sung ben\u00f6tigen.<\/p>\n<p data-start=\"1690\" data-end=\"1807\">\n<table id=\"tablepress-689\" class=\"tablepress tablepress-id-689\">\n<tbody class=\"row-hover\">\n<tr class=\"row-1\">\n\t<td class=\"column-1\"><body><h6><strong>3 W\u00c4HLBARE MODI \u2013<\/strong> 12V Blei-S\u00e4ure oder 12,8V\/13,2V Lithium LiFePO\u2084 oder Schnellvorbereitung einer neuen Batterie in 60 Minuten.<\/h6><\/center><\/td>\n<\/tr>\n<tr class=\"row-2\">\n\t<td class=\"column-1\"><body><h6><strong>VIER UNABH\u00c4NGIGE LADEKREISE \u2013 <\/strong>5 A max pro Kreis, die Ampmatic-Ladesteuerung reduziert den Strom f\u00fcr kleinere Batterien.<\/h6><\/center><\/td>\n<\/tr>\n<tr class=\"row-3\">\n\t<td class=\"column-1\"><body><h6><strong>AUTOMATISCHE SCHNELLE BATTERIEAKTIVIERUNG \u2013 <\/strong>60-Minuten-Modus zur schnellen Vorbereitung einer neuen Batterie.<\/h6><\/center><\/td>\n<\/tr>\n<\/tbody>\n<\/table>\n<!-- #tablepress-689 from cache --><\/p>\n<div class=\"woocommerce columns-5 \"><ul class=\"products columns-5\">\n<li class=\"thunk-woo-product-list opn-qv-enable big-store-woo-hover- open-single-product-tab-horizontal open-shadow- open-shadow-hover- product type-product post-31486 status-publish first instock product_cat-battery-chargers-de has-post-thumbnail shipping-taxable purchasable product-type-simple\">\n\t<div class=\"thunk-product-wrap\"><div class=\"thunk-product\"><a href=\"https:\/\/optimate1.com\/de\/product\/tm670\/\" class=\"woocommerce-LoopProduct-link woocommerce-loop-product__link\"><div class=\"thunk-product-image\"><img loading=\"lazy\" decoding=\"async\" width=\"320\" height=\"320\" src=\"https:\/\/optimate1.com\/wp-content\/uploads\/2026\/03\/OptiMate-PRO-4-DUO-TM670-11-copy-de-320x320.png\" class=\"attachment-woocommerce_thumbnail size-woocommerce_thumbnail\" alt=\"OptiMate PRO-4 DUO\" srcset=\"https:\/\/optimate1.com\/wp-content\/uploads\/2026\/03\/OptiMate-PRO-4-DUO-TM670-11-copy-de-320x320.png 320w, https:\/\/optimate1.com\/wp-content\/uploads\/2026\/03\/OptiMate-PRO-4-DUO-TM670-11-copy-de-300x300.png 300w, https:\/\/optimate1.com\/wp-content\/uploads\/2026\/03\/OptiMate-PRO-4-DUO-TM670-11-copy-de-1024x1024.png 1024w, https:\/\/optimate1.com\/wp-content\/uploads\/2026\/03\/OptiMate-PRO-4-DUO-TM670-11-copy-de-150x150.png 150w, https:\/\/optimate1.com\/wp-content\/uploads\/2026\/03\/OptiMate-PRO-4-DUO-TM670-11-copy-de-768x768.png 768w, https:\/\/optimate1.com\/wp-content\/uploads\/2026\/03\/OptiMate-PRO-4-DUO-TM670-11-copy-de-600x600.png 600w, https:\/\/optimate1.com\/wp-content\/uploads\/2026\/03\/OptiMate-PRO-4-DUO-TM670-11-copy-de-100x100.png 100w, https:\/\/optimate1.com\/wp-content\/uploads\/2026\/03\/OptiMate-PRO-4-DUO-TM670-11-copy-de-64x64.png 64w, https:\/\/optimate1.com\/wp-content\/uploads\/2026\/03\/OptiMate-PRO-4-DUO-TM670-11-copy-de.png 1500w\" sizes=\"auto, (max-width: 320px) 100vw, 320px\" \/><\/div><div class=\"thunk-product-content\"><h2 class=\"woocommerce-loop-product__title\">OptiMate PRO-4 DUO<\/h2>\n\t<span class=\"price\"><span class=\"woocommerce-Price-amount amount\"><bdi><span class=\"woocommerce-Price-currencySymbol\">&#36;<\/span>619.95<\/bdi><\/span><\/span>\n<div class=\"short_desc\">12V \/ 12.8V 5A<\/div><\/div><div class=\"thunk-product-hover\"><\/a>           <div class=\"os-product-excerpt\"><h3><span style=\"color: #231f20;\">PRO-Serie: Automatisches 12V 5A Diagnose-Batterieladeger\u00e4t <\/span><strong>x4<\/strong><\/h3>\n<\/div>\n        <div class=\"thunk-quik\">\n\t\t\t             <div class=\"thunk-quickview\">\n                               <span class=\"quik-view\">\n                                   <a href=\"#\" class=\"opn-quick-view-text\"  data-product_id=\"31486\">\n                                      <span>Quick View<\/span>\n                                    \n                                   <\/a>\n                            <\/span>\n                          <\/div><\/div><\/div><\/div><\/div><\/li>\n<\/ul>\n<\/div>\n<h3 data-start=\"2443\" data-end=\"2480\">Welches PRO Modell passt zu Ihnen?<\/h3>\n<p data-start=\"2483\" data-end=\"2641\">W\u00e4hlen Sie das <strong data-start=\"2494\" data-end=\"2514\">TM-650 OptiMate PRO-1 DUO<\/strong>, wenn Sie mit Fahrzeugen, Motorr\u00e4dern oder Hochleistungsbatterien an einer einzelnen Station arbeiten und Pr\u00e4zision sowie Diagnose ben\u00f6tigen.<\/p>\n<p data-start=\"2644\" data-end=\"2842\">W\u00e4hlen Sie das <strong data-start=\"2655\" data-end=\"2675\">TM-670 OptiMate PRO-4 DUO<\/strong>, wenn Sie eine Mehrbank-L\u00f6sung ben\u00f6tigen (z. B. in einer Werkstatt, bei einem H\u00e4ndler oder f\u00fcr mehrere Fahrzeuge gleichzeitig) mit vollst\u00e4ndiger Diagnose und unabh\u00e4ngigen Ladestationen.<\/p>\n<p>&nbsp;<\/p>\n<h4><a href=\"https:\/\/optimate1.com\/de\/welches-ladegerat\/\" target=\"_blank\" rel=\"noopener\">Erfahren Sie hier mehr \u00fcber unsere OptiMate Serie!<\/a><\/h4>\n","protected":false},"excerpt":{"rendered":"<p>OPTIMATE PROFESSIONELLE LADEGER\u00c4TE Die PRO Serie wurde f\u00fcr professionelle Werkst\u00e4tten, Batteriespezialisten und H\u00e4ndler entwickelt: Hochleistungs-Lade- und Testger\u00e4te, die f\u00fcr den professionellen Einsatz gebaut sind. Mit w\u00e4hlbaren Ladeprogrammen und erweiterten \u201ePRO\u201c-Funktionen bieten diese Ger\u00e4te Kontrolle, Diagnose und Zuverl\u00e4ssigkeit. DEN RICHTIGEN LADEGER\u00c4T W\u00c4HLEN Vorgestellte Modelle OptiMate PRO-1 DUO (TM-650) Ideal f\u00fcr den Fahrzeugeinsatz und das schnelle Laden &hellip;<\/p>\n<p class=\"read-more\"> <a class=\" thunk-readmore button \" href=\"https:\/\/optimate1.com\/de\/pro-ladegeraete\/\"> <span class=\"screen-reader-text\">PRO Ladeger\u00e4te<\/span>Read More<\/a><\/p>\n","protected":false},"author":12,"featured_media":0,"parent":0,"menu_order":0,"comment_status":"closed","ping_status":"closed","template":"","meta":{"footnotes":""},"class_list":["post-40330","page","type-page","status-publish","hentry","thunk-woo-product-list","opn-qv-enable","big-store-woo-hover-","open-single-product-tab-horizontal","open-shadow-","open-shadow-hover-"],"yoast_head":"<!-- This site is optimized with the Yoast SEO plugin v27.4 - https:\/\/yoast.com\/product\/yoast-seo-wordpress\/ -->\n<title>PRO Ladeger\u00e4te - OptiMate<\/title>\n<meta name=\"description\" content=\"Die PRO Serie wurde f\u00fcr professionelle Werkst\u00e4tten, Batteriespezialisten und H\u00e4ndler entwickelt: Hochleistungs-Lade- und Testger\u00e4te, die f\u00fcr den professionellen Einsatz gebaut sind.\" \/>\n<meta name=\"robots\" content=\"index, follow, max-snippet:-1, max-image-preview:large, max-video-preview:-1, noarchive\" \/>\n<link rel=\"canonical\" href=\"https:\/\/optimate1.com\/pro-chargers\/\" \/>\n<meta property=\"og:locale\" content=\"de_DE\" \/>\n<meta property=\"og:type\" content=\"article\" \/>\n<meta property=\"og:title\" content=\"PRO Ladeger\u00e4te - OptiMate\" \/>\n<meta property=\"og:description\" content=\"Die PRO Serie wurde f\u00fcr professionelle Werkst\u00e4tten, Batteriespezialisten und H\u00e4ndler entwickelt: Hochleistungs-Lade- und Testger\u00e4te, die f\u00fcr den professionellen Einsatz gebaut sind.\" \/>\n<meta property=\"og:url\" content=\"https:\/\/optimate1.com\/pro-chargers\/\" \/>\n<meta property=\"og:site_name\" content=\"OptiMate\" \/>\n<meta property=\"article:publisher\" content=\"https:\/\/www.facebook.com\/OptiMatebatterysavingcharger\/\" \/>\n<meta property=\"article:modified_time\" content=\"2025-11-04T09:09:36+00:00\" \/>\n<meta property=\"og:image\" content=\"https:\/\/optimate1.com\/wp-content\/uploads\/2020\/10\/SolarHeader_3Artboard-1@3x-100-1.jpg\" \/>\n\t<meta property=\"og:image:width\" content=\"1200\" \/>\n\t<meta property=\"og:image:height\" content=\"540\" \/>\n\t<meta property=\"og:image:type\" content=\"image\/jpeg\" \/>\n<meta name=\"twitter:card\" content=\"summary_large_image\" \/>\n<meta name=\"twitter:label1\" content=\"Gesch\u00e4tzte Lesezeit\" \/>\n\t<meta name=\"twitter:data1\" content=\"1\u00a0Minute\" \/>\n<script type=\"application\/ld+json\" class=\"yoast-schema-graph\">{\"@context\":\"https:\\\/\\\/schema.org\",\"@graph\":[{\"@type\":\"WebPage\",\"@id\":\"https:\\\/\\\/optimate1.com\\\/pro-chargers\\\/\",\"url\":\"https:\\\/\\\/optimate1.com\\\/pro-chargers\\\/\",\"name\":\"PRO Ladeger\u00e4te - OptiMate\",\"isPartOf\":{\"@id\":\"https:\\\/\\\/optimate1.com\\\/#website\"},\"primaryImageOfPage\":{\"@id\":\"https:\\\/\\\/optimate1.com\\\/pro-chargers\\\/#primaryimage\"},\"image\":{\"@id\":\"https:\\\/\\\/optimate1.com\\\/pro-chargers\\\/#primaryimage\"},\"thumbnailUrl\":\"https:\\\/\\\/optimate1.com\\\/wp-content\\\/uploads\\\/2025\\\/10\\\/2025-1029-Banner-PRO-scaled.png\",\"datePublished\":\"2025-11-04T08:56:26+00:00\",\"dateModified\":\"2025-11-04T09:09:36+00:00\",\"description\":\"Die PRO Serie wurde f\u00fcr professionelle Werkst\u00e4tten, Batteriespezialisten und H\u00e4ndler entwickelt: Hochleistungs-Lade- und Testger\u00e4te, die f\u00fcr den professionellen Einsatz gebaut sind.\",\"breadcrumb\":{\"@id\":\"https:\\\/\\\/optimate1.com\\\/pro-chargers\\\/#breadcrumb\"},\"inLanguage\":\"de\",\"potentialAction\":[{\"@type\":\"ReadAction\",\"target\":[\"https:\\\/\\\/optimate1.com\\\/pro-chargers\\\/\"]}]},{\"@type\":\"ImageObject\",\"inLanguage\":\"de\",\"@id\":\"https:\\\/\\\/optimate1.com\\\/pro-chargers\\\/#primaryimage\",\"url\":\"https:\\\/\\\/optimate1.com\\\/wp-content\\\/uploads\\\/2025\\\/10\\\/2025-1029-Banner-PRO-scaled.png\",\"contentUrl\":\"https:\\\/\\\/optimate1.com\\\/wp-content\\\/uploads\\\/2025\\\/10\\\/2025-1029-Banner-PRO-scaled.png\"},{\"@type\":\"BreadcrumbList\",\"@id\":\"https:\\\/\\\/optimate1.com\\\/pro-chargers\\\/#breadcrumb\",\"itemListElement\":[{\"@type\":\"ListItem\",\"position\":1,\"name\":\"Home\",\"item\":\"https:\\\/\\\/optimate1.com\\\/\"},{\"@type\":\"ListItem\",\"position\":2,\"name\":\"PRO Ladeger\u00e4te\"}]},{\"@type\":\"WebSite\",\"@id\":\"https:\\\/\\\/optimate1.com\\\/#website\",\"url\":\"https:\\\/\\\/optimate1.com\\\/\",\"name\":\"OptiMate\",\"description\":\"Battery Chargers &amp; Accessories\",\"publisher\":{\"@id\":\"https:\\\/\\\/optimate1.com\\\/#organization\"},\"potentialAction\":[{\"@type\":\"SearchAction\",\"target\":{\"@type\":\"EntryPoint\",\"urlTemplate\":\"https:\\\/\\\/optimate1.com\\\/?s={search_term_string}\"},\"query-input\":{\"@type\":\"PropertyValueSpecification\",\"valueRequired\":true,\"valueName\":\"search_term_string\"}}],\"inLanguage\":\"de\"},{\"@type\":\"Organization\",\"@id\":\"https:\\\/\\\/optimate1.com\\\/#organization\",\"name\":\"OptiMate\",\"url\":\"https:\\\/\\\/optimate1.com\\\/\",\"logo\":{\"@type\":\"ImageObject\",\"inLanguage\":\"de\",\"@id\":\"https:\\\/\\\/optimate1.com\\\/#\\\/schema\\\/logo\\\/image\\\/\",\"url\":\"https:\\\/\\\/optimate1.com\\\/wp-content\\\/uploads\\\/2021\\\/06\\\/optimate-hpbc-stacklogo.jpg\",\"contentUrl\":\"https:\\\/\\\/optimate1.com\\\/wp-content\\\/uploads\\\/2021\\\/06\\\/optimate-hpbc-stacklogo.jpg\",\"width\":1025,\"height\":529,\"caption\":\"OptiMate\"},\"image\":{\"@id\":\"https:\\\/\\\/optimate1.com\\\/#\\\/schema\\\/logo\\\/image\\\/\"},\"sameAs\":[\"https:\\\/\\\/www.facebook.com\\\/OptiMatebatterysavingcharger\\\/\"]}]}<\/script>\n<!-- \/ Yoast SEO plugin. -->","yoast_head_json":{"title":"PRO Ladeger\u00e4te - OptiMate","description":"Die PRO Serie wurde f\u00fcr professionelle Werkst\u00e4tten, Batteriespezialisten und H\u00e4ndler entwickelt: Hochleistungs-Lade- und Testger\u00e4te, die f\u00fcr den professionellen Einsatz gebaut sind.","robots":{"index":"index","follow":"follow","max-snippet":"max-snippet:-1","max-image-preview":"max-image-preview:large","max-video-preview":"max-video-preview:-1","archive":"noarchive"},"canonical":"https:\/\/optimate1.com\/pro-chargers\/","og_locale":"de_DE","og_type":"article","og_title":"PRO Ladeger\u00e4te - OptiMate","og_description":"Die PRO Serie wurde f\u00fcr professionelle Werkst\u00e4tten, Batteriespezialisten und H\u00e4ndler entwickelt: Hochleistungs-Lade- und Testger\u00e4te, die f\u00fcr den professionellen Einsatz gebaut sind.","og_url":"https:\/\/optimate1.com\/pro-chargers\/","og_site_name":"OptiMate","article_publisher":"https:\/\/www.facebook.com\/OptiMatebatterysavingcharger\/","article_modified_time":"2025-11-04T09:09:36+00:00","og_image":[{"width":1200,"height":540,"url":"https:\/\/optimate1.com\/wp-content\/uploads\/2020\/10\/SolarHeader_3Artboard-1@3x-100-1.jpg","type":"image\/jpeg"}],"twitter_card":"summary_large_image","twitter_misc":{"Gesch\u00e4tzte Lesezeit":"1\u00a0Minute"},"schema":{"@context":"https:\/\/schema.org","@graph":[{"@type":"WebPage","@id":"https:\/\/optimate1.com\/pro-chargers\/","url":"https:\/\/optimate1.com\/pro-chargers\/","name":"PRO Ladeger\u00e4te - OptiMate","isPartOf":{"@id":"https:\/\/optimate1.com\/#website"},"primaryImageOfPage":{"@id":"https:\/\/optimate1.com\/pro-chargers\/#primaryimage"},"image":{"@id":"https:\/\/optimate1.com\/pro-chargers\/#primaryimage"},"thumbnailUrl":"https:\/\/optimate1.com\/wp-content\/uploads\/2025\/10\/2025-1029-Banner-PRO-scaled.png","datePublished":"2025-11-04T08:56:26+00:00","dateModified":"2025-11-04T09:09:36+00:00","description":"Die PRO Serie wurde f\u00fcr professionelle Werkst\u00e4tten, Batteriespezialisten und H\u00e4ndler entwickelt: Hochleistungs-Lade- und Testger\u00e4te, die f\u00fcr den professionellen Einsatz gebaut sind.","breadcrumb":{"@id":"https:\/\/optimate1.com\/pro-chargers\/#breadcrumb"},"inLanguage":"de","potentialAction":[{"@type":"ReadAction","target":["https:\/\/optimate1.com\/pro-chargers\/"]}]},{"@type":"ImageObject","inLanguage":"de","@id":"https:\/\/optimate1.com\/pro-chargers\/#primaryimage","url":"https:\/\/optimate1.com\/wp-content\/uploads\/2025\/10\/2025-1029-Banner-PRO-scaled.png","contentUrl":"https:\/\/optimate1.com\/wp-content\/uploads\/2025\/10\/2025-1029-Banner-PRO-scaled.png"},{"@type":"BreadcrumbList","@id":"https:\/\/optimate1.com\/pro-chargers\/#breadcrumb","itemListElement":[{"@type":"ListItem","position":1,"name":"Home","item":"https:\/\/optimate1.com\/"},{"@type":"ListItem","position":2,"name":"PRO Ladeger\u00e4te"}]},{"@type":"WebSite","@id":"https:\/\/optimate1.com\/#website","url":"https:\/\/optimate1.com\/","name":"OptiMate","description":"Battery Chargers &amp; Accessories","publisher":{"@id":"https:\/\/optimate1.com\/#organization"},"potentialAction":[{"@type":"SearchAction","target":{"@type":"EntryPoint","urlTemplate":"https:\/\/optimate1.com\/?s={search_term_string}"},"query-input":{"@type":"PropertyValueSpecification","valueRequired":true,"valueName":"search_term_string"}}],"inLanguage":"de"},{"@type":"Organization","@id":"https:\/\/optimate1.com\/#organization","name":"OptiMate","url":"https:\/\/optimate1.com\/","logo":{"@type":"ImageObject","inLanguage":"de","@id":"https:\/\/optimate1.com\/#\/schema\/logo\/image\/","url":"https:\/\/optimate1.com\/wp-content\/uploads\/2021\/06\/optimate-hpbc-stacklogo.jpg","contentUrl":"https:\/\/optimate1.com\/wp-content\/uploads\/2021\/06\/optimate-hpbc-stacklogo.jpg","width":1025,"height":529,"caption":"OptiMate"},"image":{"@id":"https:\/\/optimate1.com\/#\/schema\/logo\/image\/"},"sameAs":["https:\/\/www.facebook.com\/OptiMatebatterysavingcharger\/"]}]}},"_links":{"self":[{"href":"https:\/\/optimate1.com\/de\/wp-json\/wp\/v2\/pages\/40330","targetHints":{"allow":["GET"]}}],"collection":[{"href":"https:\/\/optimate1.com\/de\/wp-json\/wp\/v2\/pages"}],"about":[{"href":"https:\/\/optimate1.com\/de\/wp-json\/wp\/v2\/types\/page"}],"author":[{"embeddable":true,"href":"https:\/\/optimate1.com\/de\/wp-json\/wp\/v2\/users\/12"}],"replies":[{"embeddable":true,"href":"https:\/\/optimate1.com\/de\/wp-json\/wp\/v2\/comments?post=40330"}],"version-history":[{"count":1,"href":"https:\/\/optimate1.com\/de\/wp-json\/wp\/v2\/pages\/40330\/revisions"}],"predecessor-version":[{"id":40337,"href":"https:\/\/optimate1.com\/de\/wp-json\/wp\/v2\/pages\/40330\/revisions\/40337"}],"wp:attachment":[{"href":"https:\/\/optimate1.com\/de\/wp-json\/wp\/v2\/media?parent=40330"}],"curies":[{"name":"wp","href":"https:\/\/api.w.org\/{rel}","templated":true}]}}