{"id":9750,"date":"2019-07-18T15:01:15","date_gmt":"2019-07-18T19:01:15","guid":{"rendered":"https:\/\/optimate1.com\/unsere-geschichte\/"},"modified":"2019-10-15T06:29:58","modified_gmt":"2019-10-15T10:29:58","slug":"unsere-geschichte","status":"publish","type":"page","link":"https:\/\/optimate1.com\/de\/unsere-geschichte\/","title":{"rendered":"Unsere Geschichte"},"content":{"rendered":"<p>Seit 1994 sorgen die leistungsstarken Batterieladeger\u00e4te von OptiMate daf\u00fcr, dass Lebensdauer und Leistungsf\u00e4higkeit von AGM-, GEL-, STD-Bleis\u00e4ure- und LiFePO4-Lithiumbatterien optimal genutzt werden k\u00f6nnen. OptiMate ist der vertrauensw\u00fcrde Partner von \u00fcber 15 f\u00fchrenden Fahrzeug- und Leistungsbatterie-Erstausr\u00fcstern sowie Millionen gl\u00fccklichen Fahrzeug-\/Boots-\/Ausr\u00fcstungseigent\u00fcmern in aller Welt. Dies liegt nicht nur an der unerreichten Zuverl\u00e4ssigkeit von OptiMate, sondern auch an Alleinstellungsmerkmalen wie der Ampmatic-Stromkontrolle f\u00fcr die Anpassung der Laderate an Gr\u00f6\u00dfe und Zustand der Batterie, den gepulsten Ladeabschluss f\u00fcr wirksamen Zellenausgleich ohne \u00dcberladung, \u201eAnschlie\u00dfen und Vergessen\u201c-Wartung rund um die Uhr f\u00fcr st\u00e4ndige Einsatzbereitschaft der Batterien und \u2013 f\u00fcr all diejenigen, die vergessen haben, ihre Batterie zu laden \u2013 die einzigartige F\u00e4higkeit zur Wiederherstellung vollst\u00e4ndig entleerter Batterien, an denen andere Ladeger\u00e4te scheitern. Die vollautomatische, energiesparende, \u00fcberall ansteckbare (100 \u2013 240 V) Elektronik von OptiMate ist umweltfreundlich \u2013 und liefert beste Leistung bei optimal effizienter Nutzung der Energie.<\/p>\n<p>OptiMate bietet eine Vielzahl hochwertiger und zuverl\u00e4ssiger Zubeh\u00f6rteile, von Batteriepr\u00fcfger\u00e4ten und USB-Produkten bis hin zu Kabeln und Anschlusssteckern.<\/p>\n<p>Alle Produkte von OptiMate wurden von TecMate entwickelt, einem Unternehmen, das kontinuierlich an der Verbesserung bestehender Produktbauweisen arbeitet und neue, einzigartige Produkte auf den Markt bringen m\u00f6chte. OptiMate ist ein eingetragenes Markenzeichen.<\/p>\n","protected":false},"excerpt":{"rendered":"<p>Seit 1994 sorgen die leistungsstarken Batterieladeger\u00e4te von OptiMate daf\u00fcr, dass Lebensdauer und Leistungsf\u00e4higkeit von AGM-, GEL-, STD-Bleis\u00e4ure- und LiFePO4-Lithiumbatterien optimal genutzt werden k\u00f6nnen. OptiMate ist der vertrauensw\u00fcrde Partner von \u00fcber 15 f\u00fchrenden Fahrzeug- und Leistungsbatterie-Erstausr\u00fcstern sowie Millionen gl\u00fccklichen Fahrzeug-\/Boots-\/Ausr\u00fcstungseigent\u00fcmern in aller Welt. Dies liegt nicht nur an der unerreichten Zuverl\u00e4ssigkeit von OptiMate, sondern auch an &hellip;<\/p>\n<p class=\"read-more\"> <a class=\" thunk-readmore button \" href=\"https:\/\/optimate1.com\/de\/unsere-geschichte\/\"> <span class=\"screen-reader-text\">Unsere Geschichte<\/span>Read More<\/a><\/p>\n","protected":false},"author":12,"featured_media":0,"parent":0,"menu_order":39,"comment_status":"closed","ping_status":"closed","template":"","meta":{"footnotes":""},"class_list":["post-9750","page","type-page","status-publish","hentry","thunk-woo-product-list","opn-qv-enable","big-store-woo-hover-","open-single-product-tab-horizontal","open-shadow-","open-shadow-hover-"],"yoast_head":"<!-- This site is optimized with the Yoast SEO plugin v27.2 - https:\/\/yoast.com\/product\/yoast-seo-wordpress\/ -->\n<title>Unsere Geschichte - OptiMate<\/title>\n<meta name=\"robots\" content=\"index, follow, max-snippet:-1, max-image-preview:large, max-video-preview:-1\" \/>\n<link rel=\"canonical\" href=\"https:\/\/optimate1.com\/about\/\" \/>\n<meta property=\"og:locale\" content=\"de_DE\" \/>\n<meta property=\"og:type\" content=\"article\" \/>\n<meta property=\"og:title\" content=\"Unsere Geschichte - OptiMate\" \/>\n<meta property=\"og:description\" content=\"Seit 1994 sorgen die leistungsstarken Batterieladeger\u00e4te von OptiMate daf\u00fcr, dass Lebensdauer und Leistungsf\u00e4higkeit von AGM-, GEL-, STD-Bleis\u00e4ure- und LiFePO4-Lithiumbatterien optimal genutzt werden k\u00f6nnen. OptiMate ist der vertrauensw\u00fcrde Partner von \u00fcber 15 f\u00fchrenden Fahrzeug- und Leistungsbatterie-Erstausr\u00fcstern sowie Millionen gl\u00fccklichen Fahrzeug-\/Boots-\/Ausr\u00fcstungseigent\u00fcmern in aller Welt. Dies liegt nicht nur an der unerreichten Zuverl\u00e4ssigkeit von OptiMate, sondern auch an &hellip; Unsere GeschichteRead More\" \/>\n<meta property=\"og:url\" content=\"https:\/\/optimate1.com\/about\/\" \/>\n<meta property=\"og:site_name\" content=\"OptiMate\" \/>\n<meta property=\"article:publisher\" content=\"https:\/\/www.facebook.com\/OptiMatebatterysavingcharger\/\" \/>\n<meta property=\"article:modified_time\" content=\"2019-10-15T10:29:58+00:00\" \/>\n<meta property=\"og:image\" content=\"https:\/\/optimate1.com\/wp-content\/uploads\/2026\/03\/OptiMate-High-Performance-Battery-chargers.jpg\" \/>\n\t<meta property=\"og:image:width\" content=\"1200\" \/>\n\t<meta property=\"og:image:height\" content=\"675\" \/>\n\t<meta property=\"og:image:type\" content=\"image\/jpeg\" \/>\n<meta name=\"twitter:card\" content=\"summary_large_image\" \/>\n<meta name=\"twitter:label1\" content=\"Gesch\u00e4tzte Lesezeit\" \/>\n\t<meta name=\"twitter:data1\" content=\"1\u00a0Minute\" \/>\n<script type=\"application\/ld+json\" class=\"yoast-schema-graph\">{\"@context\":\"https:\/\/schema.org\",\"@graph\":[{\"@type\":\"WebPage\",\"@id\":\"https:\/\/optimate1.com\/about\/\",\"url\":\"https:\/\/optimate1.com\/about\/\",\"name\":\"Unsere Geschichte - OptiMate\",\"isPartOf\":{\"@id\":\"https:\/\/optimate1.com\/#website\"},\"datePublished\":\"2019-07-18T19:01:15+00:00\",\"dateModified\":\"2019-10-15T10:29:58+00:00\",\"breadcrumb\":{\"@id\":\"https:\/\/optimate1.com\/about\/#breadcrumb\"},\"inLanguage\":\"de\",\"potentialAction\":[{\"@type\":\"ReadAction\",\"target\":[\"https:\/\/optimate1.com\/about\/\"]}]},{\"@type\":\"BreadcrumbList\",\"@id\":\"https:\/\/optimate1.com\/about\/#breadcrumb\",\"itemListElement\":[{\"@type\":\"ListItem\",\"position\":1,\"name\":\"Home\",\"item\":\"https:\/\/optimate1.com\/\"},{\"@type\":\"ListItem\",\"position\":2,\"name\":\"Unsere Geschichte\"}]},{\"@type\":\"WebSite\",\"@id\":\"https:\/\/optimate1.com\/#website\",\"url\":\"https:\/\/optimate1.com\/\",\"name\":\"OptiMate\",\"description\":\"Battery Chargers &amp; Accessories\",\"publisher\":{\"@id\":\"https:\/\/optimate1.com\/#organization\"},\"potentialAction\":[{\"@type\":\"SearchAction\",\"target\":{\"@type\":\"EntryPoint\",\"urlTemplate\":\"https:\/\/optimate1.com\/?s={search_term_string}\"},\"query-input\":{\"@type\":\"PropertyValueSpecification\",\"valueRequired\":true,\"valueName\":\"search_term_string\"}}],\"inLanguage\":\"de\"},{\"@type\":\"Organization\",\"@id\":\"https:\/\/optimate1.com\/#organization\",\"name\":\"OptiMate\",\"url\":\"https:\/\/optimate1.com\/\",\"logo\":{\"@type\":\"ImageObject\",\"inLanguage\":\"de\",\"@id\":\"https:\/\/optimate1.com\/#\/schema\/logo\/image\/\",\"url\":\"https:\/\/optimate1.com\/wp-content\/uploads\/2021\/06\/optimate-hpbc-stacklogo.jpg\",\"contentUrl\":\"https:\/\/optimate1.com\/wp-content\/uploads\/2021\/06\/optimate-hpbc-stacklogo.jpg\",\"width\":1025,\"height\":529,\"caption\":\"OptiMate\"},\"image\":{\"@id\":\"https:\/\/optimate1.com\/#\/schema\/logo\/image\/\"},\"sameAs\":[\"https:\/\/www.facebook.com\/OptiMatebatterysavingcharger\/\"]}]}<\/script>\n<!-- \/ Yoast SEO plugin. -->","yoast_head_json":{"title":"Unsere Geschichte - OptiMate","robots":{"index":"index","follow":"follow","max-snippet":"max-snippet:-1","max-image-preview":"max-image-preview:large","max-video-preview":"max-video-preview:-1"},"canonical":"https:\/\/optimate1.com\/about\/","og_locale":"de_DE","og_type":"article","og_title":"Unsere Geschichte - OptiMate","og_description":"Seit 1994 sorgen die leistungsstarken Batterieladeger\u00e4te von OptiMate daf\u00fcr, dass Lebensdauer und Leistungsf\u00e4higkeit von AGM-, GEL-, STD-Bleis\u00e4ure- und LiFePO4-Lithiumbatterien optimal genutzt werden k\u00f6nnen. OptiMate ist der vertrauensw\u00fcrde Partner von \u00fcber 15 f\u00fchrenden Fahrzeug- und Leistungsbatterie-Erstausr\u00fcstern sowie Millionen gl\u00fccklichen Fahrzeug-\/Boots-\/Ausr\u00fcstungseigent\u00fcmern in aller Welt. Dies liegt nicht nur an der unerreichten Zuverl\u00e4ssigkeit von OptiMate, sondern auch an &hellip; Unsere GeschichteRead More","og_url":"https:\/\/optimate1.com\/about\/","og_site_name":"OptiMate","article_publisher":"https:\/\/www.facebook.com\/OptiMatebatterysavingcharger\/","article_modified_time":"2019-10-15T10:29:58+00:00","og_image":[{"width":1200,"height":675,"url":"https:\/\/optimate1.com\/wp-content\/uploads\/2026\/03\/OptiMate-High-Performance-Battery-chargers.jpg","type":"image\/jpeg"}],"twitter_card":"summary_large_image","twitter_misc":{"Gesch\u00e4tzte Lesezeit":"1\u00a0Minute"},"schema":{"@context":"https:\/\/schema.org","@graph":[{"@type":"WebPage","@id":"https:\/\/optimate1.com\/about\/","url":"https:\/\/optimate1.com\/about\/","name":"Unsere Geschichte - OptiMate","isPartOf":{"@id":"https:\/\/optimate1.com\/#website"},"datePublished":"2019-07-18T19:01:15+00:00","dateModified":"2019-10-15T10:29:58+00:00","breadcrumb":{"@id":"https:\/\/optimate1.com\/about\/#breadcrumb"},"inLanguage":"de","potentialAction":[{"@type":"ReadAction","target":["https:\/\/optimate1.com\/about\/"]}]},{"@type":"BreadcrumbList","@id":"https:\/\/optimate1.com\/about\/#breadcrumb","itemListElement":[{"@type":"ListItem","position":1,"name":"Home","item":"https:\/\/optimate1.com\/"},{"@type":"ListItem","position":2,"name":"Unsere Geschichte"}]},{"@type":"WebSite","@id":"https:\/\/optimate1.com\/#website","url":"https:\/\/optimate1.com\/","name":"OptiMate","description":"Battery Chargers &amp; Accessories","publisher":{"@id":"https:\/\/optimate1.com\/#organization"},"potentialAction":[{"@type":"SearchAction","target":{"@type":"EntryPoint","urlTemplate":"https:\/\/optimate1.com\/?s={search_term_string}"},"query-input":{"@type":"PropertyValueSpecification","valueRequired":true,"valueName":"search_term_string"}}],"inLanguage":"de"},{"@type":"Organization","@id":"https:\/\/optimate1.com\/#organization","name":"OptiMate","url":"https:\/\/optimate1.com\/","logo":{"@type":"ImageObject","inLanguage":"de","@id":"https:\/\/optimate1.com\/#\/schema\/logo\/image\/","url":"https:\/\/optimate1.com\/wp-content\/uploads\/2021\/06\/optimate-hpbc-stacklogo.jpg","contentUrl":"https:\/\/optimate1.com\/wp-content\/uploads\/2021\/06\/optimate-hpbc-stacklogo.jpg","width":1025,"height":529,"caption":"OptiMate"},"image":{"@id":"https:\/\/optimate1.com\/#\/schema\/logo\/image\/"},"sameAs":["https:\/\/www.facebook.com\/OptiMatebatterysavingcharger\/"]}]}},"_links":{"self":[{"href":"https:\/\/optimate1.com\/de\/wp-json\/wp\/v2\/pages\/9750","targetHints":{"allow":["GET"]}}],"collection":[{"href":"https:\/\/optimate1.com\/de\/wp-json\/wp\/v2\/pages"}],"about":[{"href":"https:\/\/optimate1.com\/de\/wp-json\/wp\/v2\/types\/page"}],"author":[{"embeddable":true,"href":"https:\/\/optimate1.com\/de\/wp-json\/wp\/v2\/users\/12"}],"replies":[{"embeddable":true,"href":"https:\/\/optimate1.com\/de\/wp-json\/wp\/v2\/comments?post=9750"}],"version-history":[{"count":0,"href":"https:\/\/optimate1.com\/de\/wp-json\/wp\/v2\/pages\/9750\/revisions"}],"wp:attachment":[{"href":"https:\/\/optimate1.com\/de\/wp-json\/wp\/v2\/media?parent=9750"}],"curies":[{"name":"wp","href":"https:\/\/api.w.org\/{rel}","templated":true}]}}