{"id":15198,"date":"2019-10-17T09:36:21","date_gmt":"2019-10-17T13:36:21","guid":{"rendered":"https:\/\/optimate1.com\/product\/optimate-led-o-124-copy\/"},"modified":"2022-09-14T05:16:22","modified_gmt":"2022-09-14T09:16:22","slug":"optimate-led-o-124-x20-de","status":"publish","type":"product","link":"https:\/\/optimate1.com\/de\/product\/optimate-led-o-124-x20-de\/","title":{"rendered":"OptiMate MONITOR O-124 x20"},"content":{"rendered":"<h3 class=\"entry-summary hidden-phone\"><strong>Witterungsbest\u00e4ndiges Batteriekabel mit Ladezustands\u00fcberwachung f\u00fcr die 12V Blei-S\u00e4ure-Batterie in Ihrem abgestellten Motorsportfahrzeug<i> &#8211; Batteriestatus 24-7 mit einer LED im Blick!\u00a0<\/i><\/strong><\/h3>\n<ul>\n<li style=\"list-style-type: none;\">\n<ul>\n<li style=\"list-style-type: none;\">\n<ul>\n<li style=\"list-style-type: none;\">\n<ul>\n<li style=\"list-style-type: none;\">\n<ul>\n<li style=\"list-style-type: none;\">\n<ul>\n<li style=\"list-style-type: none;\">\n<ul>\n<li style=\"list-style-type: none;\"><\/li>\n<\/ul>\n<\/li>\n<\/ul>\n<\/li>\n<\/ul>\n<\/li>\n<\/ul>\n<\/li>\n<\/ul>\n<\/li>\n<\/ul>\n<\/li>\n<\/ul>\n<h6 style=\"text-align: center;\"><img loading=\"lazy\" decoding=\"async\" class=\"aligncenter wp-image-20660\" src=\"https:\/\/optimate1.com\/wp-content\/uploads\/2022\/09\/O-124-battery-range-copy.png\" alt=\"The battery monitor 12v is ideal for 12V lead-acid batteries (AGM, STD, GEL and Spiral)\" width=\"428\" height=\"100\" \/><img loading=\"lazy\" decoding=\"async\" class=\"aligncenter wp-image-20668\" src=\"https:\/\/optimate1.com\/wp-content\/uploads\/2022\/09\/O-124-vehicle-range-copy.png\" alt=\"The battery monitor 12v is recommended for cars, boats and maritime\" width=\"428\" height=\"66\" \/><strong><span style=\"color: #10069f;\">Ideal f\u00fcr 12V Bleiakkus, die in den oben genannten Fahrzeugen und Ger\u00e4ten Verwendung finden.<\/span><\/strong><\/h6>\n<p>&nbsp;<\/p>\n<h6 style=\"text-align: center;\"><img loading=\"lazy\" decoding=\"async\" class=\"aligncenter wp-image-20876\" src=\"https:\/\/optimate1.com\/wp-content\/uploads\/2022\/09\/rings-SAE-copy.png\" alt=\"It has a SAE quick connect charge port for charing battery.\" width=\"428\" height=\"70\" \/><\/h6>\n<h6 style=\"text-align: center;\"><strong><span style=\"color: #10069f;\"><b>SAE-Schnellanschluss f\u00fcr das Laden der Batterie bei Bedarf!<\/b><\/span><\/strong><\/h6>\n<p>&nbsp;<\/p>\n<h6 style=\"text-align: center;\"><img loading=\"lazy\" decoding=\"async\" class=\"aligncenter wp-image-20876\" src=\"https:\/\/optimate1.com\/wp-content\/uploads\/2022\/09\/o-124-length_Xx-final.png\" alt=\"The battery monitor 12V has ringlets that fit a variety of battery terminals with 15A fuse that protects -40\u00b0 rated cable and electronics\" width=\"428\" height=\"70\" \/><\/h6>\n<h6 style=\"text-align: center;\"><strong><span style=\"color: #10069f;\"><b>Mit M6 \/ 1\/4\u2033 &#8211; M8 \/ 5\/16&#8243; \u00d6sen, die perfekt an Ihre Motorsport-Batterieklemmen passen, und 15A-Sicherung, die das bis -40\u00b0C einsatzf\u00e4hige Kabel und die Elektronik sch\u00fctzt &#8211; <i>Premium-Qualit\u00e4t! <\/i><\/b><\/span><\/strong><\/h6>\n<p>&nbsp;<\/p>\n<h4 style=\"text-align: center;\"><strong><span style=\"text-decoration: underline;\">LADESZUSTANDSMONITOR:<\/span><\/strong><\/h4>\n<p style=\"text-align: center;\">\n<table id=\"tablepress-43\" class=\"tablepress tablepress-id-43\">\n<tbody class=\"row-hover\">\n<tr class=\"row-1\">\n\t<td class=\"column-1\"><a href=\"\"><img loading=\"lazy\" decoding=\"async\" src=\"https:\/\/optimate1.com\/wp-content\/uploads\/2022\/04\/O-128_sealed-cap_long-copy.png\" alt=\"\" width=\"600\" height=\"50\" class=\"aligncenter size-medium wp-image-20927\" \/><\/a><body><h6><center>Mit witterungsbest\u00e4ndiger \u2013 Verschlusskappe. <\/body><\/h6><\/center><br \/>\n<\/td>\n<\/tr>\n<tr class=\"row-2\">\n\t<td class=\"column-1\"><a href=\"\"><img loading=\"lazy\" decoding=\"async\" src=\"https:\/\/optimate1.com\/wp-content\/uploads\/2021\/02\/LEDs-1-01.jpg\" alt=\"\" width=\"145\" height=\"50\" class=\"aligncenter size-medium wp-image-20927\" \/><\/a><body><h6><center>Batteriestatus alle 3 Sekunden angezeigt (LED blinkt). <\/body><\/h6><\/center><br \/>\n<\/td>\n<\/tr>\n<tr class=\"row-3\">\n\t<td class=\"column-1\"><a href=\"\"><img loading=\"lazy\" decoding=\"async\" src=\"https:\/\/optimate1.com\/wp-content\/uploads\/2021\/02\/LEDs-2-01.png\" alt=\"\" width=\"145\" height=\"50\" class=\"aligncenter size-medium wp-image-20982\" \/><\/a><body><h6><center>Statusanzeige f\u00fcr eine Hochleistungs-AGM-Batterie.<\/center><\/h6><\/body><\/td>\n<\/tr>\n<tr class=\"row-4\">\n\t<td class=\"column-1\"><a href=\"\"><img loading=\"lazy\" decoding=\"async\" src=\"https:\/\/optimate1.com\/wp-content\/uploads\/2021\/02\/LEDs-3-01.png\" alt=\"\" width=\"145\" height=\"50\" class=\"aligncenter size-medium wp-image-20993\" \/><\/a><body><h6><center>Ideal Ladebereich bei laufendem Motor - 13.5V bis 14.5V.<\/body><\/h6><\/center><\/td>\n<\/tr>\n<\/tbody>\n<\/table>\n<!-- #tablepress-43 from cache --><\/p>\n","protected":false},"excerpt":{"rendered":"<h3><span style=\"color: #cd202c;\">Permanente Batterieleitung f\u00fcr Motorsport mit integriertem Batteriestatus-\/Ladesystem-Monitor f\u00fcr 12V-Bleiakkus.<\/span><\/h3>\n","protected":false},"featured_media":15121,"template":"","meta":[],"product_brand":[],"product_cat":[426,1061],"product_tag":[],"class_list":{"0":"post-15198","1":"product","2":"type-product","3":"status-publish","4":"has-post-thumbnail","6":"product_cat-battery-testers-de","7":"product_cat-cablesconnectors-de","8":"pa_cable-type-battery-lead-de","9":"pa_cable-type-battery-lead-w-led-de","10":"pa_cable-type-smart-led-monitor-de","11":"pa_connector-type-ring-m6-1-4-de","12":"pa_region-ca-de-2","13":"pa_region-eu-de-2","14":"pa_region-uk-de-2","15":"pa_region-us-de-2","16":"iside_cable_type-batteriekabel-mit-monitor","17":"iside_connector_type-ringe-m6-m8","18":"compatible_with-batterie-auto-lkw-boot","19":"compatible_with-batterie-motor-pwc","20":"thunk-woo-product-list","21":"opn-qv-enable","22":"big-store-woo-hover-","23":"open-single-product-tab-horizontal","24":"open-shadow-","25":"open-shadow-hover-","27":"first","28":"instock","29":"featured","30":"shipping-taxable","31":"purchasable","32":"product-type-simple"},"yoast_head":"<!-- This site is optimized with the Yoast SEO plugin v27.2 - https:\/\/yoast.com\/product\/yoast-seo-wordpress\/ -->\n<title>OptiMate MONITOR O-124 x20 - OptiMate<\/title>\n<meta name=\"robots\" content=\"index, follow, max-snippet:-1, max-image-preview:large, max-video-preview:-1, noarchive\" \/>\n<link rel=\"canonical\" href=\"https:\/\/optimate1.com\/product\/optimate-led-o-124-jar\/\" \/>\n<meta property=\"og:locale\" content=\"de_DE\" \/>\n<meta property=\"og:type\" content=\"article\" \/>\n<meta property=\"og:title\" content=\"OptiMate MONITOR O-124 x20 - OptiMate\" \/>\n<meta property=\"og:description\" content=\"Permanente Batterieleitung f\u00fcr Motorsport mit integriertem Batteriestatus-\/Ladesystem-Monitor f\u00fcr 12V-Bleiakkus.\" \/>\n<meta property=\"og:url\" content=\"https:\/\/optimate1.com\/product\/optimate-led-o-124-jar\/\" \/>\n<meta property=\"og:site_name\" content=\"OptiMate\" \/>\n<meta property=\"article:publisher\" content=\"https:\/\/www.facebook.com\/OptiMatebatterysavingcharger\/\" \/>\n<meta property=\"article:modified_time\" content=\"2022-09-14T09:16:22+00:00\" \/>\n<meta property=\"og:image\" content=\"https:\/\/optimate1.com\/wp-content\/uploads\/2019\/10\/OptiMate-O124-JAR-1.jpg\" \/>\n\t<meta property=\"og:image:width\" content=\"900\" \/>\n\t<meta property=\"og:image:height\" content=\"900\" \/>\n\t<meta property=\"og:image:type\" content=\"image\/jpeg\" \/>\n<meta name=\"twitter:card\" content=\"summary_large_image\" \/>\n<script type=\"application\/ld+json\" class=\"yoast-schema-graph\">{\"@context\":\"https:\/\/schema.org\",\"@graph\":[{\"@type\":\"WebPage\",\"@id\":\"https:\/\/optimate1.com\/product\/optimate-led-o-124-jar\/\",\"url\":\"https:\/\/optimate1.com\/product\/optimate-led-o-124-jar\/\",\"name\":\"OptiMate MONITOR O-124 x20 - OptiMate\",\"isPartOf\":{\"@id\":\"https:\/\/optimate1.com\/#website\"},\"primaryImageOfPage\":{\"@id\":\"https:\/\/optimate1.com\/product\/optimate-led-o-124-jar\/#primaryimage\"},\"image\":{\"@id\":\"https:\/\/optimate1.com\/product\/optimate-led-o-124-jar\/#primaryimage\"},\"thumbnailUrl\":\"https:\/\/optimate1.com\/wp-content\/uploads\/2019\/10\/OptiMate-O124-JAR-1.jpg\",\"datePublished\":\"2019-10-17T13:36:21+00:00\",\"dateModified\":\"2022-09-14T09:16:22+00:00\",\"breadcrumb\":{\"@id\":\"https:\/\/optimate1.com\/product\/optimate-led-o-124-jar\/#breadcrumb\"},\"inLanguage\":\"de\",\"potentialAction\":[{\"@type\":\"ReadAction\",\"target\":[\"https:\/\/optimate1.com\/product\/optimate-led-o-124-jar\/\"]}]},{\"@type\":\"ImageObject\",\"inLanguage\":\"de\",\"@id\":\"https:\/\/optimate1.com\/product\/optimate-led-o-124-jar\/#primaryimage\",\"url\":\"https:\/\/optimate1.com\/wp-content\/uploads\/2019\/10\/OptiMate-O124-JAR-1.jpg\",\"contentUrl\":\"https:\/\/optimate1.com\/wp-content\/uploads\/2019\/10\/OptiMate-O124-JAR-1.jpg\",\"width\":900,\"height\":900,\"caption\":\"lead acid 12V charger product image\"},{\"@type\":\"BreadcrumbList\",\"@id\":\"https:\/\/optimate1.com\/product\/optimate-led-o-124-jar\/#breadcrumb\",\"itemListElement\":[{\"@type\":\"ListItem\",\"position\":1,\"name\":\"Home\",\"item\":\"https:\/\/optimate1.com\/\"},{\"@type\":\"ListItem\",\"position\":2,\"name\":\"Produkte\",\"item\":\"https:\/\/optimate1.com\/shop\/\"},{\"@type\":\"ListItem\",\"position\":3,\"name\":\"OptiMate MONITOR O-124 x20\"}]},{\"@type\":\"WebSite\",\"@id\":\"https:\/\/optimate1.com\/#website\",\"url\":\"https:\/\/optimate1.com\/\",\"name\":\"OptiMate\",\"description\":\"Battery Chargers &amp; Accessories\",\"publisher\":{\"@id\":\"https:\/\/optimate1.com\/#organization\"},\"potentialAction\":[{\"@type\":\"SearchAction\",\"target\":{\"@type\":\"EntryPoint\",\"urlTemplate\":\"https:\/\/optimate1.com\/?s={search_term_string}\"},\"query-input\":{\"@type\":\"PropertyValueSpecification\",\"valueRequired\":true,\"valueName\":\"search_term_string\"}}],\"inLanguage\":\"de\"},{\"@type\":\"Organization\",\"@id\":\"https:\/\/optimate1.com\/#organization\",\"name\":\"OptiMate\",\"url\":\"https:\/\/optimate1.com\/\",\"logo\":{\"@type\":\"ImageObject\",\"inLanguage\":\"de\",\"@id\":\"https:\/\/optimate1.com\/#\/schema\/logo\/image\/\",\"url\":\"https:\/\/optimate1.com\/wp-content\/uploads\/2021\/06\/optimate-hpbc-stacklogo.jpg\",\"contentUrl\":\"https:\/\/optimate1.com\/wp-content\/uploads\/2021\/06\/optimate-hpbc-stacklogo.jpg\",\"width\":1025,\"height\":529,\"caption\":\"OptiMate\"},\"image\":{\"@id\":\"https:\/\/optimate1.com\/#\/schema\/logo\/image\/\"},\"sameAs\":[\"https:\/\/www.facebook.com\/OptiMatebatterysavingcharger\/\"]}]}<\/script>\n<!-- \/ Yoast SEO plugin. -->","yoast_head_json":{"title":"OptiMate MONITOR O-124 x20 - OptiMate","robots":{"index":"index","follow":"follow","max-snippet":"max-snippet:-1","max-image-preview":"max-image-preview:large","max-video-preview":"max-video-preview:-1","archive":"noarchive"},"canonical":"https:\/\/optimate1.com\/product\/optimate-led-o-124-jar\/","og_locale":"de_DE","og_type":"article","og_title":"OptiMate MONITOR O-124 x20 - OptiMate","og_description":"Permanente Batterieleitung f\u00fcr Motorsport mit integriertem Batteriestatus-\/Ladesystem-Monitor f\u00fcr 12V-Bleiakkus.","og_url":"https:\/\/optimate1.com\/product\/optimate-led-o-124-jar\/","og_site_name":"OptiMate","article_publisher":"https:\/\/www.facebook.com\/OptiMatebatterysavingcharger\/","article_modified_time":"2022-09-14T09:16:22+00:00","og_image":[{"width":900,"height":900,"url":"https:\/\/optimate1.com\/wp-content\/uploads\/2019\/10\/OptiMate-O124-JAR-1.jpg","type":"image\/jpeg"}],"twitter_card":"summary_large_image","schema":{"@context":"https:\/\/schema.org","@graph":[{"@type":"WebPage","@id":"https:\/\/optimate1.com\/product\/optimate-led-o-124-jar\/","url":"https:\/\/optimate1.com\/product\/optimate-led-o-124-jar\/","name":"OptiMate MONITOR O-124 x20 - OptiMate","isPartOf":{"@id":"https:\/\/optimate1.com\/#website"},"primaryImageOfPage":{"@id":"https:\/\/optimate1.com\/product\/optimate-led-o-124-jar\/#primaryimage"},"image":{"@id":"https:\/\/optimate1.com\/product\/optimate-led-o-124-jar\/#primaryimage"},"thumbnailUrl":"https:\/\/optimate1.com\/wp-content\/uploads\/2019\/10\/OptiMate-O124-JAR-1.jpg","datePublished":"2019-10-17T13:36:21+00:00","dateModified":"2022-09-14T09:16:22+00:00","breadcrumb":{"@id":"https:\/\/optimate1.com\/product\/optimate-led-o-124-jar\/#breadcrumb"},"inLanguage":"de","potentialAction":[{"@type":"ReadAction","target":["https:\/\/optimate1.com\/product\/optimate-led-o-124-jar\/"]}]},{"@type":"ImageObject","inLanguage":"de","@id":"https:\/\/optimate1.com\/product\/optimate-led-o-124-jar\/#primaryimage","url":"https:\/\/optimate1.com\/wp-content\/uploads\/2019\/10\/OptiMate-O124-JAR-1.jpg","contentUrl":"https:\/\/optimate1.com\/wp-content\/uploads\/2019\/10\/OptiMate-O124-JAR-1.jpg","width":900,"height":900,"caption":"lead acid 12V charger product image"},{"@type":"BreadcrumbList","@id":"https:\/\/optimate1.com\/product\/optimate-led-o-124-jar\/#breadcrumb","itemListElement":[{"@type":"ListItem","position":1,"name":"Home","item":"https:\/\/optimate1.com\/"},{"@type":"ListItem","position":2,"name":"Produkte","item":"https:\/\/optimate1.com\/shop\/"},{"@type":"ListItem","position":3,"name":"OptiMate MONITOR O-124 x20"}]},{"@type":"WebSite","@id":"https:\/\/optimate1.com\/#website","url":"https:\/\/optimate1.com\/","name":"OptiMate","description":"Battery Chargers &amp; Accessories","publisher":{"@id":"https:\/\/optimate1.com\/#organization"},"potentialAction":[{"@type":"SearchAction","target":{"@type":"EntryPoint","urlTemplate":"https:\/\/optimate1.com\/?s={search_term_string}"},"query-input":{"@type":"PropertyValueSpecification","valueRequired":true,"valueName":"search_term_string"}}],"inLanguage":"de"},{"@type":"Organization","@id":"https:\/\/optimate1.com\/#organization","name":"OptiMate","url":"https:\/\/optimate1.com\/","logo":{"@type":"ImageObject","inLanguage":"de","@id":"https:\/\/optimate1.com\/#\/schema\/logo\/image\/","url":"https:\/\/optimate1.com\/wp-content\/uploads\/2021\/06\/optimate-hpbc-stacklogo.jpg","contentUrl":"https:\/\/optimate1.com\/wp-content\/uploads\/2021\/06\/optimate-hpbc-stacklogo.jpg","width":1025,"height":529,"caption":"OptiMate"},"image":{"@id":"https:\/\/optimate1.com\/#\/schema\/logo\/image\/"},"sameAs":["https:\/\/www.facebook.com\/OptiMatebatterysavingcharger\/"]}]}},"_links":{"self":[{"href":"https:\/\/optimate1.com\/de\/wp-json\/wp\/v2\/product\/15198","targetHints":{"allow":["GET"]}}],"collection":[{"href":"https:\/\/optimate1.com\/de\/wp-json\/wp\/v2\/product"}],"about":[{"href":"https:\/\/optimate1.com\/de\/wp-json\/wp\/v2\/types\/product"}],"wp:featuredmedia":[{"embeddable":true,"href":"https:\/\/optimate1.com\/de\/wp-json\/wp\/v2\/media\/15121"}],"wp:attachment":[{"href":"https:\/\/optimate1.com\/de\/wp-json\/wp\/v2\/media?parent=15198"}],"wp:term":[{"taxonomy":"product_brand","embeddable":true,"href":"https:\/\/optimate1.com\/de\/wp-json\/wp\/v2\/product_brand?post=15198"},{"taxonomy":"product_cat","embeddable":true,"href":"https:\/\/optimate1.com\/de\/wp-json\/wp\/v2\/product_cat?post=15198"},{"taxonomy":"product_tag","embeddable":true,"href":"https:\/\/optimate1.com\/de\/wp-json\/wp\/v2\/product_tag?post=15198"}],"curies":[{"name":"wp","href":"https:\/\/api.w.org\/{rel}","templated":true}]}}