{"id":15561,"date":"2019-12-16T21:42:04","date_gmt":"2019-12-17T02:42:04","guid":{"rendered":"https:\/\/optimate1.com\/product\/optimate-cable-o-01-copy\/"},"modified":"2026-02-25T04:21:31","modified_gmt":"2026-02-25T09:21:31","slug":"optimate-cable-o-01-copy","status":"publish","type":"product","link":"https:\/\/optimate1.com\/de\/product\/optimate-cable-o-01-copy\/","title":{"rendered":"O-01 Batteriekabel x20 |Ring\u00f6sen M6-M8 > SAE | 7A max"},"content":{"rendered":"<h6 style=\"text-align: center;\"><strong><span style=\"color: #10069f;\">F\u00fcr Powersport-Batterien ausgelegt <\/span><\/strong><span style=\"color: #10069f;\">&#8211; <\/span><span style=\"color: #10069f;\"><i>Die Ringanschl\u00fcsse passen auf Standard M6 (1\/4\u2033) Bolzen von Motorrad-, ATV-, UTV- und PWC-Batterien.<\/i><\/span><\/h6>\n<h6 style=\"text-align: center;\"><img loading=\"lazy\" decoding=\"async\" class=\"aligncenter wp-image-20668\" src=\"https:\/\/optimate1.com\/wp-content\/uploads\/2023\/09\/O-01-vehicles-without-ring-on-battery-post.png\" alt=\"This SAE battery connector is ideal for powersport vehicles\" width=\"528\" height=\"132\" \/><\/h6>\n<p>&nbsp;<\/p>\n<h6 style=\"text-align: center;\"><strong><span style=\"color: #10069f;\">Konzipiert f\u00fcr enge R\u00e4ume <\/span><\/strong><span style=\"color: #10069f;\">&#8211; <\/span><span style=\"color: #10069f;\"><i>Die Konstruktion der Ringanschl\u00fcsse erlaubt eine platzsparende Positionierung.<\/i><\/span><\/h6>\n<h6 style=\"text-align: center;\"><img loading=\"lazy\" decoding=\"async\" class=\"aligncenter wp-image-20876\" src=\"https:\/\/optimate1.com\/wp-content\/uploads\/2023\/04\/Starter-battery-connection-230329_2.png\" alt=\"slots for velcro \/ cable strap\" width=\"428\" height=\"70\" \/><\/h6>\n<p>&nbsp;<\/p>\n<h6 style=\"text-align: center;\"><strong><span style=\"color: #10069f;\">Gesch\u00fctzter SAE-Anschluss <\/span><\/strong><span style=\"color: #10069f;\">&#8211; <\/span><span style=\"color: #10069f;\"><i>Gummikappe und Ummantelung verhindern das Eindringen von Wasser\/Schmutz und Schlitze f\u00fcr Rei\u00dfverschl\u00fcsse sorgen f\u00fcr eine sichere Befestigung.<\/i><\/span><\/h6>\n<h6 style=\"text-align: center;\"><img loading=\"lazy\" decoding=\"async\" class=\"aligncenter wp-image-20876\" src=\"https:\/\/optimate1.com\/wp-content\/uploads\/2023\/03\/ziptie-slits.png\" alt=\"slots for velcro \/ cable strap\" width=\"528\" height=\"70\" \/><\/h6>\n<p>&nbsp;<\/p>\n<h6 style=\"text-align: center;\"><strong><span style=\"color: #10069f;\">Anpassbare Doppelringtechnik <\/span><\/strong><span style=\"color: #10069f;\">&#8211; <\/span><span style=\"color: #10069f;\"><i>Ringanschluss passt auf die M8 (5\/16\u2033) Schraube an den Batteriepolen von gro\u00dfen UTVs oder Kleinwagen.<\/i><\/span><\/h6>\n<h6 style=\"text-align: center;\"><img loading=\"lazy\" decoding=\"async\" class=\"aligncenter wp-image-20668\" src=\"https:\/\/optimate1.com\/wp-content\/uploads\/2023\/03\/Vehicle-m8-rings.png\" alt=\"This SAE battery connector is ideal for powersport vehicles\" width=\"528\" height=\"132\" \/><\/h6>\n<p>&nbsp;<\/p>\n<h6 style=\"text-align: center;\"><strong><span style=\"color: #10069f;\"><b>Premium-Spezifikationen <\/b><\/span><\/strong><span style=\"color: #10069f;\">\u2013 <\/span><span style=\"color: #10069f;\"><i>50 cm (20\u2033) L\u00e4nge, 15A Sicherung, Kabel f\u00fcr -40\u00b0 geeignet, 5A (7A max.) Nennstrom, Standard-SAE-Ladestecker.<\/i><\/span><\/h6>\n<h6 style=\"text-align: center;\"><img loading=\"lazy\" decoding=\"async\" class=\"aligncenter wp-image-20876\" src=\"https:\/\/optimate1.com\/wp-content\/uploads\/2023\/10\/O-01-cable-without-green-cap-copy.png\" alt=\"50cm \/ 20 cable length, with M6 (1\/4&quot;) \/ M8 (5\/16&quot;) adjustable ringlets\" width=\"528\" height=\"70\" \/><\/h6>\n<p>&nbsp;<\/p>\n<p>&nbsp;<\/p>\n<h4 style=\"text-align: center;\"><span style=\"text-decoration: underline;\"><strong>MEHR FUNKTIONEN:<\/strong><\/span><\/h4>\n<p style=\"text-align: center;\">\n<table id=\"tablepress-529\" class=\"tablepress tablepress-id-529\">\n<tbody class=\"row-hover\">\n<tr class=\"row-1\">\n\t<td class=\"column-1\"><a href=\"\"><img loading=\"lazy\" decoding=\"async\" src=\"https:\/\/optimate1.com\/wp-content\/uploads\/2023\/03\/Connection-part-2-copy-5.png\" alt=\"\" width=\"300\" height=\"50\" class=\"aligncenter size-medium wp-image-20927\" \/><\/a><body><h6><center>Die wetterfeste schwarze Kappe sch\u00fctzt den SAE-Anschluss vor Schmutz und Wasser.<\/body><\/h6><\/center><br \/>\n<\/td>\n<\/tr>\n<tr class=\"row-2\">\n\t<td class=\"column-1\"><a href=\"\"><img loading=\"lazy\" decoding=\"async\" src=\"https:\/\/optimate1.com\/wp-content\/uploads\/2023\/03\/SPT-2.png\" alt=\"\" width=\"300\" height=\"50\" class=\"aligncenter size-medium wp-image-20928\" \/><\/a><body><h6><center>Dickere Isolierung f\u00fcr besseren Schutz.<\/body><\/h6><\/center><\/td>\n<\/tr>\n<tr class=\"row-3\">\n\t<td class=\"column-1\"><a href=\"\"><img loading=\"lazy\" decoding=\"async\" src=\"https:\/\/optimate1.com\/wp-content\/uploads\/2023\/03\/18AWG.png\" alt=\"\" width=\"300\" height=\"50\" class=\"aligncenter size-medium wp-image-20995\" \/><\/a><body><h6><center>Bemessungstrom: 5A Durchschn. \/ 7A max.<\/body><\/h6><\/center><\/td>\n<\/tr>\n<tr class=\"row-4\">\n\t<td class=\"column-1\"><a href=\"\"><img loading=\"lazy\" decoding=\"async\" src=\"https:\/\/optimate1.com\/wp-content\/uploads\/2023\/09\/weather-icon-2-copy-01.png\" alt=\"\" width=\"300\" height=\"50\" class=\"aligncenter size-medium wp-image-20982\" \/><\/a><body><h6><center>Geeignet f\u00fcr Temperaturen und den Einsatz im Freien.<\/center><\/h6><\/body><\/td>\n<\/tr>\n<\/tbody>\n<\/table>\n<!-- #tablepress-529 from cache --><\/p>\n","protected":false},"excerpt":{"rendered":"<h3 class=\"entry-summary hidden-phone\"><span style=\"color: #cd202c;\">Witterungsbest\u00e4ndige Batteriezuleitung, Motorsport<\/span><\/h3>\n","protected":false},"featured_media":16179,"template":"","meta":[],"product_brand":[],"product_cat":[1061],"product_tag":[],"class_list":{"0":"post-15561","1":"product","2":"type-product","3":"status-publish","4":"has-post-thumbnail","6":"product_cat-cablesconnectors-de","7":"pa_cable-type-battery-lead-de","8":"pa_connector-type-ring-m6-1-4-de","9":"pa_region-ca-de-2","10":"pa_region-eu-de-2","11":"pa_region-uk-de-2","12":"pa_region-us-de-2","13":"iside_cable_type-battery-lead-de","14":"iside_connector_type-ringe-m6-m8","15":"recommended_for-optimate-1-1-duo-de","16":"recommended_for-optimate-2-2-duo-de","17":"recommended_for-optimate-3-de","18":"recommended_for-optimate-4-de","19":"recommended_for-optimate-5-de","20":"recommended_for-optimate-dc-dc-de","21":"recommended_for-optimate-solar-duo-de","22":"compatible_with-akku-moto-li-lfp","23":"compatible_with-batterie-motor-pwc","24":"thunk-woo-product-list","25":"opn-qv-enable","26":"big-store-woo-hover-","27":"open-single-product-tab-horizontal","28":"open-shadow-","29":"open-shadow-hover-","31":"first","32":"instock","33":"featured","34":"shipping-taxable","35":"purchasable","36":"product-type-simple"},"yoast_head":"<!-- This site is optimized with the Yoast SEO plugin v27.2 - https:\/\/yoast.com\/product\/yoast-seo-wordpress\/ -->\n<title>O-01 Batteriekabel x20 |Ring\u00f6sen M6-M8 &gt; SAE | 7A max - OptiMate<\/title>\n<meta name=\"description\" content=\"Das OptiMate CABLE O-01 x20 ist ein Batteriekabel SAE f\u00fcr eine einfache dauerhafte wetterfeste Verbindung. Klicken Sie hier, um mehr zu lesen!\" \/>\n<meta name=\"robots\" content=\"index, follow, max-snippet:-1, max-image-preview:large, max-video-preview:-1, noarchive\" \/>\n<link rel=\"canonical\" href=\"https:\/\/optimate1.com\/product\/optimate-cable-o-01-copy\/\" \/>\n<meta property=\"og:locale\" content=\"de_DE\" \/>\n<meta property=\"og:type\" content=\"article\" \/>\n<meta property=\"og:title\" content=\"O-01 Batteriekabel x20 |Ring\u00f6sen M6-M8 &gt; SAE | 7A max - OptiMate\" \/>\n<meta property=\"og:description\" content=\"Das OptiMate CABLE O-01 x20 ist ein Batteriekabel SAE f\u00fcr eine einfache dauerhafte wetterfeste Verbindung. Klicken Sie hier, um mehr zu lesen!\" \/>\n<meta property=\"og:url\" content=\"https:\/\/optimate1.com\/product\/optimate-cable-o-01-copy\/\" \/>\n<meta property=\"og:site_name\" content=\"OptiMate\" \/>\n<meta property=\"article:publisher\" content=\"https:\/\/www.facebook.com\/OptiMatebatterysavingcharger\/\" \/>\n<meta property=\"article:modified_time\" content=\"2026-02-25T09:21:31+00:00\" \/>\n<meta property=\"og:image\" content=\"https:\/\/optimate1.com\/wp-content\/uploads\/2019\/12\/O-01-JAR-1.jpg\" \/>\n\t<meta property=\"og:image:width\" content=\"900\" \/>\n\t<meta property=\"og:image:height\" content=\"900\" \/>\n\t<meta property=\"og:image:type\" content=\"image\/jpeg\" \/>\n<meta name=\"twitter:card\" content=\"summary_large_image\" \/>\n<meta name=\"twitter:label1\" content=\"Gesch\u00e4tzte Lesezeit\" \/>\n\t<meta name=\"twitter:data1\" content=\"2\u00a0Minuten\" \/>\n<script type=\"application\/ld+json\" class=\"yoast-schema-graph\">{\"@context\":\"https:\/\/schema.org\",\"@graph\":[{\"@type\":\"WebPage\",\"@id\":\"https:\/\/optimate1.com\/product\/optimate-cable-o-01-copy\/\",\"url\":\"https:\/\/optimate1.com\/product\/optimate-cable-o-01-copy\/\",\"name\":\"O-01 Batteriekabel x20 |Ring\u00f6sen M6-M8 > SAE | 7A max - OptiMate\",\"isPartOf\":{\"@id\":\"https:\/\/optimate1.com\/#website\"},\"primaryImageOfPage\":{\"@id\":\"https:\/\/optimate1.com\/product\/optimate-cable-o-01-copy\/#primaryimage\"},\"image\":{\"@id\":\"https:\/\/optimate1.com\/product\/optimate-cable-o-01-copy\/#primaryimage\"},\"thumbnailUrl\":\"https:\/\/optimate1.com\/wp-content\/uploads\/2019\/12\/O-01-JAR-1.jpg\",\"datePublished\":\"2019-12-17T02:42:04+00:00\",\"dateModified\":\"2026-02-25T09:21:31+00:00\",\"description\":\"Das OptiMate CABLE O-01 x20 ist ein Batteriekabel SAE f\u00fcr eine einfache dauerhafte wetterfeste Verbindung. Klicken Sie hier, um mehr zu lesen!\",\"breadcrumb\":{\"@id\":\"https:\/\/optimate1.com\/product\/optimate-cable-o-01-copy\/#breadcrumb\"},\"inLanguage\":\"de\",\"potentialAction\":[{\"@type\":\"ReadAction\",\"target\":[\"https:\/\/optimate1.com\/product\/optimate-cable-o-01-copy\/\"]}]},{\"@type\":\"ImageObject\",\"inLanguage\":\"de\",\"@id\":\"https:\/\/optimate1.com\/product\/optimate-cable-o-01-copy\/#primaryimage\",\"url\":\"https:\/\/optimate1.com\/wp-content\/uploads\/2019\/12\/O-01-JAR-1.jpg\",\"contentUrl\":\"https:\/\/optimate1.com\/wp-content\/uploads\/2019\/12\/O-01-JAR-1.jpg\",\"width\":900,\"height\":900,\"caption\":\"battery cable sae product image\"},{\"@type\":\"BreadcrumbList\",\"@id\":\"https:\/\/optimate1.com\/product\/optimate-cable-o-01-copy\/#breadcrumb\",\"itemListElement\":[{\"@type\":\"ListItem\",\"position\":1,\"name\":\"Home\",\"item\":\"https:\/\/optimate1.com\/\"},{\"@type\":\"ListItem\",\"position\":2,\"name\":\"Produkte\",\"item\":\"https:\/\/optimate1.com\/shop\/\"},{\"@type\":\"ListItem\",\"position\":3,\"name\":\"OptiMate CABLE O-01 x20\"}]},{\"@type\":\"WebSite\",\"@id\":\"https:\/\/optimate1.com\/#website\",\"url\":\"https:\/\/optimate1.com\/\",\"name\":\"OptiMate\",\"description\":\"Battery Chargers &amp; Accessories\",\"publisher\":{\"@id\":\"https:\/\/optimate1.com\/#organization\"},\"potentialAction\":[{\"@type\":\"SearchAction\",\"target\":{\"@type\":\"EntryPoint\",\"urlTemplate\":\"https:\/\/optimate1.com\/?s={search_term_string}\"},\"query-input\":{\"@type\":\"PropertyValueSpecification\",\"valueRequired\":true,\"valueName\":\"search_term_string\"}}],\"inLanguage\":\"de\"},{\"@type\":\"Organization\",\"@id\":\"https:\/\/optimate1.com\/#organization\",\"name\":\"OptiMate\",\"url\":\"https:\/\/optimate1.com\/\",\"logo\":{\"@type\":\"ImageObject\",\"inLanguage\":\"de\",\"@id\":\"https:\/\/optimate1.com\/#\/schema\/logo\/image\/\",\"url\":\"https:\/\/optimate1.com\/wp-content\/uploads\/2021\/06\/optimate-hpbc-stacklogo.jpg\",\"contentUrl\":\"https:\/\/optimate1.com\/wp-content\/uploads\/2021\/06\/optimate-hpbc-stacklogo.jpg\",\"width\":1025,\"height\":529,\"caption\":\"OptiMate\"},\"image\":{\"@id\":\"https:\/\/optimate1.com\/#\/schema\/logo\/image\/\"},\"sameAs\":[\"https:\/\/www.facebook.com\/OptiMatebatterysavingcharger\/\"]}]}<\/script>\n<!-- \/ Yoast SEO plugin. -->","yoast_head_json":{"title":"O-01 Batteriekabel x20 |Ring\u00f6sen M6-M8 > SAE | 7A max - OptiMate","description":"Das OptiMate CABLE O-01 x20 ist ein Batteriekabel SAE f\u00fcr eine einfache dauerhafte wetterfeste Verbindung. Klicken Sie hier, um mehr zu lesen!","robots":{"index":"index","follow":"follow","max-snippet":"max-snippet:-1","max-image-preview":"max-image-preview:large","max-video-preview":"max-video-preview:-1","archive":"noarchive"},"canonical":"https:\/\/optimate1.com\/product\/optimate-cable-o-01-copy\/","og_locale":"de_DE","og_type":"article","og_title":"O-01 Batteriekabel x20 |Ring\u00f6sen M6-M8 > SAE | 7A max - OptiMate","og_description":"Das OptiMate CABLE O-01 x20 ist ein Batteriekabel SAE f\u00fcr eine einfache dauerhafte wetterfeste Verbindung. Klicken Sie hier, um mehr zu lesen!","og_url":"https:\/\/optimate1.com\/product\/optimate-cable-o-01-copy\/","og_site_name":"OptiMate","article_publisher":"https:\/\/www.facebook.com\/OptiMatebatterysavingcharger\/","article_modified_time":"2026-02-25T09:21:31+00:00","og_image":[{"width":900,"height":900,"url":"https:\/\/optimate1.com\/wp-content\/uploads\/2019\/12\/O-01-JAR-1.jpg","type":"image\/jpeg"}],"twitter_card":"summary_large_image","twitter_misc":{"Gesch\u00e4tzte Lesezeit":"2\u00a0Minuten"},"schema":{"@context":"https:\/\/schema.org","@graph":[{"@type":"WebPage","@id":"https:\/\/optimate1.com\/product\/optimate-cable-o-01-copy\/","url":"https:\/\/optimate1.com\/product\/optimate-cable-o-01-copy\/","name":"O-01 Batteriekabel x20 |Ring\u00f6sen M6-M8 > SAE | 7A max - OptiMate","isPartOf":{"@id":"https:\/\/optimate1.com\/#website"},"primaryImageOfPage":{"@id":"https:\/\/optimate1.com\/product\/optimate-cable-o-01-copy\/#primaryimage"},"image":{"@id":"https:\/\/optimate1.com\/product\/optimate-cable-o-01-copy\/#primaryimage"},"thumbnailUrl":"https:\/\/optimate1.com\/wp-content\/uploads\/2019\/12\/O-01-JAR-1.jpg","datePublished":"2019-12-17T02:42:04+00:00","dateModified":"2026-02-25T09:21:31+00:00","description":"Das OptiMate CABLE O-01 x20 ist ein Batteriekabel SAE f\u00fcr eine einfache dauerhafte wetterfeste Verbindung. Klicken Sie hier, um mehr zu lesen!","breadcrumb":{"@id":"https:\/\/optimate1.com\/product\/optimate-cable-o-01-copy\/#breadcrumb"},"inLanguage":"de","potentialAction":[{"@type":"ReadAction","target":["https:\/\/optimate1.com\/product\/optimate-cable-o-01-copy\/"]}]},{"@type":"ImageObject","inLanguage":"de","@id":"https:\/\/optimate1.com\/product\/optimate-cable-o-01-copy\/#primaryimage","url":"https:\/\/optimate1.com\/wp-content\/uploads\/2019\/12\/O-01-JAR-1.jpg","contentUrl":"https:\/\/optimate1.com\/wp-content\/uploads\/2019\/12\/O-01-JAR-1.jpg","width":900,"height":900,"caption":"battery cable sae product image"},{"@type":"BreadcrumbList","@id":"https:\/\/optimate1.com\/product\/optimate-cable-o-01-copy\/#breadcrumb","itemListElement":[{"@type":"ListItem","position":1,"name":"Home","item":"https:\/\/optimate1.com\/"},{"@type":"ListItem","position":2,"name":"Produkte","item":"https:\/\/optimate1.com\/shop\/"},{"@type":"ListItem","position":3,"name":"OptiMate CABLE O-01 x20"}]},{"@type":"WebSite","@id":"https:\/\/optimate1.com\/#website","url":"https:\/\/optimate1.com\/","name":"OptiMate","description":"Battery Chargers &amp; Accessories","publisher":{"@id":"https:\/\/optimate1.com\/#organization"},"potentialAction":[{"@type":"SearchAction","target":{"@type":"EntryPoint","urlTemplate":"https:\/\/optimate1.com\/?s={search_term_string}"},"query-input":{"@type":"PropertyValueSpecification","valueRequired":true,"valueName":"search_term_string"}}],"inLanguage":"de"},{"@type":"Organization","@id":"https:\/\/optimate1.com\/#organization","name":"OptiMate","url":"https:\/\/optimate1.com\/","logo":{"@type":"ImageObject","inLanguage":"de","@id":"https:\/\/optimate1.com\/#\/schema\/logo\/image\/","url":"https:\/\/optimate1.com\/wp-content\/uploads\/2021\/06\/optimate-hpbc-stacklogo.jpg","contentUrl":"https:\/\/optimate1.com\/wp-content\/uploads\/2021\/06\/optimate-hpbc-stacklogo.jpg","width":1025,"height":529,"caption":"OptiMate"},"image":{"@id":"https:\/\/optimate1.com\/#\/schema\/logo\/image\/"},"sameAs":["https:\/\/www.facebook.com\/OptiMatebatterysavingcharger\/"]}]}},"_links":{"self":[{"href":"https:\/\/optimate1.com\/de\/wp-json\/wp\/v2\/product\/15561","targetHints":{"allow":["GET"]}}],"collection":[{"href":"https:\/\/optimate1.com\/de\/wp-json\/wp\/v2\/product"}],"about":[{"href":"https:\/\/optimate1.com\/de\/wp-json\/wp\/v2\/types\/product"}],"wp:featuredmedia":[{"embeddable":true,"href":"https:\/\/optimate1.com\/de\/wp-json\/wp\/v2\/media\/16179"}],"wp:attachment":[{"href":"https:\/\/optimate1.com\/de\/wp-json\/wp\/v2\/media?parent=15561"}],"wp:term":[{"taxonomy":"product_brand","embeddable":true,"href":"https:\/\/optimate1.com\/de\/wp-json\/wp\/v2\/product_brand?post=15561"},{"taxonomy":"product_cat","embeddable":true,"href":"https:\/\/optimate1.com\/de\/wp-json\/wp\/v2\/product_cat?post=15561"},{"taxonomy":"product_tag","embeddable":true,"href":"https:\/\/optimate1.com\/de\/wp-json\/wp\/v2\/product_tag?post=15561"}],"curies":[{"name":"wp","href":"https:\/\/api.w.org\/{rel}","templated":true}]}}