{"id":15688,"date":"2020-01-16T18:55:01","date_gmt":"2020-01-16T23:55:01","guid":{"rendered":"https:\/\/optimate1.com\/product\/optimate-monitor-o-127-b\/"},"modified":"2024-12-16T09:01:12","modified_gmt":"2024-12-16T14:01:12","slug":"optimate-monitor-o-127","status":"publish","type":"product","link":"https:\/\/optimate1.com\/de\/product\/optimate-monitor-o-127\/","title":{"rendered":"OptiMate Lithium MONITOR O-127"},"content":{"rendered":"<h3 class=\"entry-summary hidden-phone\">Witterungsbest\u00e4ndiges Batteriekabel mit Ladezustands\u00fcberwachung f\u00fcr die 12.8V\/13.2V LifePO4-\/LFP-Batterie in Ihrem abgestellten Motorsportfahrzeug &#8211; <i>Batteriestatus 24-7 mit einer LED im Blick!\u00a0<\/i><\/h3>\n<h6 style=\"text-align: center;\"><img loading=\"lazy\" decoding=\"async\" class=\"aligncenter wp-image-20660\" src=\"https:\/\/optimate1.com\/wp-content\/uploads\/2022\/09\/O-127-battery-range-copy-2.png\" width=\"428\" height=\"100\" \/><img loading=\"lazy\" decoding=\"async\" class=\"aligncenter wp-image-20668\" src=\"https:\/\/optimate1.com\/wp-content\/uploads\/2022\/09\/o-127-vehicle-range-copy.png\" alt=\"The 12V lithium battery monitor is recommended for powersport vehicles like a motorcycle, ATV, waterscooter or car\" width=\"428\" height=\"66\" \/><strong><span style=\"color: #10069f;\">Ideal f\u00fcr 12.8V\/13.2V LiFePO4 \/ LFP-Lithiumbatterien, die in den oben genannten Fahrzeugen und Ger\u00e4ten Verwendung finden.<\/span><\/strong><\/h6>\n<p>&nbsp;<\/p>\n<h6 style=\"text-align: center;\"><img loading=\"lazy\" decoding=\"async\" class=\"aligncenter wp-image-20876\" src=\"https:\/\/optimate1.com\/wp-content\/uploads\/2022\/09\/rings-SAE-copy-3.png\" alt=\"It has a SAE quick connect charge port for charging battery.\" width=\"428\" height=\"70\" \/><\/h6>\n<h6 style=\"text-align: center;\"><strong><span style=\"color: #10069f;\"><b>SAE-Schnellanschluss f\u00fcr das Laden der Batterie bei Bedarf!<\/b><\/span><\/strong><\/h6>\n<p>&nbsp;<\/p>\n<h6 style=\"text-align: center;\"><img loading=\"lazy\" decoding=\"async\" class=\"aligncenter wp-image-20876\" src=\"https:\/\/optimate1.com\/wp-content\/uploads\/2022\/09\/cable-length-o-127.png\" alt=\"The 12V lithium battery monitor has ringlets that fit a variety of battery terminals with 15A fuse that protects -40\u00b0 rated cable and electronics\" width=\"428\" height=\"70\" \/><\/h6>\n<h6 style=\"text-align: center;\"><strong><span style=\"color: #10069f;\"><b>Mit M6 \/ 1\/4\u2033 \u2013 M8 \/ 5\/16\u2033 \u00d6sen, die perfekt an Ihre Motorsport- und die meisten Kfz-Batterieklemmen passen, und 15A-Sicherung, die das bis <\/b><\/span><\/strong><strong><span style=\"color: #10069f;\"><b>-40\u00b0C \/ <\/b><\/span><\/strong><strong><span style=\"color: #10069f;\"><b>-40\u00b0F <\/b><\/span><\/strong><strong><span style=\"color: #10069f;\"><b>einsatzf\u00e4hige Kabel und die Elektronik sch\u00fctzt<\/b> &#8211; <\/span><\/strong><i><span style=\"color: #10069f;\">Premium-Qualit\u00e4t! <\/span><\/i><\/h6>\n<p>&nbsp;<\/p>\n<h4 style=\"text-align: center;\"><strong><span style=\"text-decoration: underline;\">LADESZUSTANDSMONITOR:<\/span><\/strong><\/h4>\n<p style=\"text-align: center;\">\n<table id=\"tablepress-197\" class=\"tablepress tablepress-id-197\">\n<tbody class=\"row-hover\">\n<tr class=\"row-1\">\n\t<td class=\"column-1\"><a href=\"\"><img loading=\"lazy\" decoding=\"async\" src=\"https:\/\/optimate1.com\/wp-content\/uploads\/2022\/09\/O-128_sealed-cap_long-copy-3.png\" alt=\"\" width=\"600\" height=\"50\" class=\"aligncenter size-medium wp-image-20927\" \/><\/a><body><h6><center>Mit witterungsbest\u00e4ndiger \u2013 Verschlusskappe. <\/body><\/h6><\/center><br \/>\n<\/td>\n<\/tr>\n<tr class=\"row-2\">\n\t<td class=\"column-1\"><a href=\"\"><img loading=\"lazy\" decoding=\"async\" src=\"https:\/\/optimate1.com\/wp-content\/uploads\/2022\/09\/LEDs-1-lfp.png\" alt=\"\" width=\"145\" height=\"50\" class=\"aligncenter size-medium wp-image-20927\" \/><\/a><body><h6><center>Batteriestatus alle 3 Sekunden angezeigt (LED blinkt).<\/body><\/h6><\/center><br \/>\n<\/td>\n<\/tr>\n<tr class=\"row-3\">\n\t<td class=\"column-1\"><a href=\"\"><img loading=\"lazy\" decoding=\"async\" src=\"https:\/\/optimate1.com\/wp-content\/uploads\/2022\/09\/LEDs-2-lfp-copy.png\" alt=\"\" width=\"145\" height=\"50\" class=\"aligncenter size-medium wp-image-20982\" \/><\/a><body><h6><center>Ideal Ladebereich bei laufendem Motor - 13.9V bis 14.5V.<\/center><\/h6><\/body><\/td>\n<\/tr>\n<tr class=\"row-4\">\n\t<td class=\"column-1\"><a href=\"\"><img loading=\"lazy\" decoding=\"async\" src=\"https:\/\/optimate1.com\/wp-content\/uploads\/2022\/09\/LEDs-3-lfp-copy-2.png\" alt=\"\" width=\"145\" height=\"50\" class=\"aligncenter size-medium wp-image-20993\" \/><\/a><body><h6><center>WARNUNG! Ladespannung \u00fcberschreitet 14.6 Volt.<\/body><\/h6><\/center><\/td>\n<\/tr>\n<\/tbody>\n<\/table>\n<!-- #tablepress-197 from cache --><\/p>\n","protected":false},"excerpt":{"rendered":"<h3><span style=\"color: #006400;\">Permanente Batterieleitung f\u00fcr Motorsport mit integriertem Batteriestatus-\/Ladesystem-Monitor f\u00fcr 12.8\/13.2V Lithium-Batterien.<\/span><\/h3>\n","protected":false},"featured_media":15029,"template":"","meta":[],"product_brand":[],"product_cat":[426,1061,2247,2248],"product_tag":[],"class_list":{"0":"post-15688","1":"product","2":"type-product","3":"status-publish","4":"has-post-thumbnail","6":"product_cat-battery-testers-de","7":"product_cat-cablesconnectors-de","8":"product_cat-marine-de","9":"product_cat-accessories-de","10":"pa_cable-type-battery-lead-de","11":"pa_cable-type-battery-lead-w-led-de","12":"pa_cable-type-smart-led-monitor-de","13":"pa_connector-type-ring-m6-1-4-de","14":"pa_region-ca-de-2","15":"pa_region-eu-de-2","16":"pa_region-uk-de-2","17":"pa_region-us-de-2","18":"iside_cable_type-batteriekabel-mit-monitor","19":"iside_connector_type-ringe-m6-m8","20":"recommended_for-optimate-1-1-duo-de","21":"recommended_for-optimate-2-2-duo-de","22":"recommended_for-optimate-3-de","23":"recommended_for-optimate-4-de","24":"recommended_for-optimate-5-de","25":"recommended_for-optimate-6-7-de","26":"recommended_for-optimate-dc-dc-de","27":"recommended_for-optimate-g10-de","28":"recommended_for-optimate-pro-duo-de","29":"recommended_for-optimate-solar-duo-de","30":"compatible_with-akku-moto-li-lfp","31":"thunk-woo-product-list","32":"opn-qv-enable","33":"big-store-woo-hover-","34":"open-single-product-tab-horizontal","35":"open-shadow-","36":"open-shadow-hover-","38":"first","39":"instock","40":"featured","41":"shipping-taxable","42":"purchasable","43":"product-type-simple"},"yoast_head":"<!-- This site is optimized with the Yoast SEO plugin v27.4 - https:\/\/yoast.com\/product\/yoast-seo-wordpress\/ -->\n<title>OptiMate Lithium MONITOR O-127 - OptiMate<\/title>\n<meta name=\"robots\" content=\"index, follow, max-snippet:-1, max-image-preview:large, max-video-preview:-1, noarchive\" \/>\n<link rel=\"canonical\" href=\"https:\/\/optimate1.com\/product\/lithmntr12v\/\" \/>\n<meta property=\"og:locale\" content=\"de_DE\" \/>\n<meta property=\"og:type\" content=\"article\" \/>\n<meta property=\"og:title\" content=\"OptiMate Lithium MONITOR O-127 - OptiMate\" \/>\n<meta property=\"og:description\" content=\"Permanente Batterieleitung f\u00fcr Motorsport mit integriertem Batteriestatus-\/Ladesystem-Monitor f\u00fcr 12.8\/13.2V Lithium-Batterien.\" \/>\n<meta property=\"og:url\" content=\"https:\/\/optimate1.com\/product\/lithmntr12v\/\" \/>\n<meta property=\"og:site_name\" content=\"OptiMate\" \/>\n<meta property=\"article:publisher\" content=\"https:\/\/www.facebook.com\/OptiMatebatterysavingcharger\/\" \/>\n<meta property=\"article:modified_time\" content=\"2024-12-16T14:01:12+00:00\" \/>\n<meta property=\"og:image\" content=\"https:\/\/optimate1.com\/wp-content\/uploads\/2019\/06\/OptiMate-O-127-1-1.jpg\" \/>\n\t<meta property=\"og:image:width\" content=\"900\" \/>\n\t<meta property=\"og:image:height\" content=\"900\" \/>\n\t<meta property=\"og:image:type\" content=\"image\/jpeg\" \/>\n<meta name=\"twitter:card\" content=\"summary_large_image\" \/>\n<meta name=\"twitter:label1\" content=\"Gesch\u00e4tzte Lesezeit\" \/>\n\t<meta name=\"twitter:data1\" content=\"2\u00a0Minuten\" \/>\n<script type=\"application\/ld+json\" class=\"yoast-schema-graph\">{\"@context\":\"https:\\\/\\\/schema.org\",\"@graph\":[{\"@type\":\"WebPage\",\"@id\":\"https:\\\/\\\/optimate1.com\\\/product\\\/lithmntr12v\\\/\",\"url\":\"https:\\\/\\\/optimate1.com\\\/product\\\/lithmntr12v\\\/\",\"name\":\"OptiMate Lithium MONITOR O-127 - OptiMate\",\"isPartOf\":{\"@id\":\"https:\\\/\\\/optimate1.com\\\/#website\"},\"primaryImageOfPage\":{\"@id\":\"https:\\\/\\\/optimate1.com\\\/product\\\/lithmntr12v\\\/#primaryimage\"},\"image\":{\"@id\":\"https:\\\/\\\/optimate1.com\\\/product\\\/lithmntr12v\\\/#primaryimage\"},\"thumbnailUrl\":\"https:\\\/\\\/optimate1.com\\\/wp-content\\\/uploads\\\/2019\\\/06\\\/OptiMate-O-127-1-1.jpg\",\"datePublished\":\"2020-01-16T23:55:01+00:00\",\"dateModified\":\"2024-12-16T14:01:12+00:00\",\"breadcrumb\":{\"@id\":\"https:\\\/\\\/optimate1.com\\\/product\\\/lithmntr12v\\\/#breadcrumb\"},\"inLanguage\":\"de\",\"potentialAction\":[{\"@type\":\"ReadAction\",\"target\":[\"https:\\\/\\\/optimate1.com\\\/product\\\/lithmntr12v\\\/\"]}]},{\"@type\":\"ImageObject\",\"inLanguage\":\"de\",\"@id\":\"https:\\\/\\\/optimate1.com\\\/product\\\/lithmntr12v\\\/#primaryimage\",\"url\":\"https:\\\/\\\/optimate1.com\\\/wp-content\\\/uploads\\\/2019\\\/06\\\/OptiMate-O-127-1-1.jpg\",\"contentUrl\":\"https:\\\/\\\/optimate1.com\\\/wp-content\\\/uploads\\\/2019\\\/06\\\/OptiMate-O-127-1-1.jpg\",\"width\":900,\"height\":900,\"caption\":\"12V lithium battery monitor product image\"},{\"@type\":\"BreadcrumbList\",\"@id\":\"https:\\\/\\\/optimate1.com\\\/product\\\/lithmntr12v\\\/#breadcrumb\",\"itemListElement\":[{\"@type\":\"ListItem\",\"position\":1,\"name\":\"Home\",\"item\":\"https:\\\/\\\/optimate1.com\\\/\"},{\"@type\":\"ListItem\",\"position\":2,\"name\":\"Produkte\",\"item\":\"https:\\\/\\\/optimate1.com\\\/shop\\\/\"},{\"@type\":\"ListItem\",\"position\":3,\"name\":\"OptiMate Lithium MONITOR O-127\"}]},{\"@type\":\"WebSite\",\"@id\":\"https:\\\/\\\/optimate1.com\\\/#website\",\"url\":\"https:\\\/\\\/optimate1.com\\\/\",\"name\":\"OptiMate\",\"description\":\"Battery Chargers &amp; Accessories\",\"publisher\":{\"@id\":\"https:\\\/\\\/optimate1.com\\\/#organization\"},\"potentialAction\":[{\"@type\":\"SearchAction\",\"target\":{\"@type\":\"EntryPoint\",\"urlTemplate\":\"https:\\\/\\\/optimate1.com\\\/?s={search_term_string}\"},\"query-input\":{\"@type\":\"PropertyValueSpecification\",\"valueRequired\":true,\"valueName\":\"search_term_string\"}}],\"inLanguage\":\"de\"},{\"@type\":\"Organization\",\"@id\":\"https:\\\/\\\/optimate1.com\\\/#organization\",\"name\":\"OptiMate\",\"url\":\"https:\\\/\\\/optimate1.com\\\/\",\"logo\":{\"@type\":\"ImageObject\",\"inLanguage\":\"de\",\"@id\":\"https:\\\/\\\/optimate1.com\\\/#\\\/schema\\\/logo\\\/image\\\/\",\"url\":\"https:\\\/\\\/optimate1.com\\\/wp-content\\\/uploads\\\/2021\\\/06\\\/optimate-hpbc-stacklogo.jpg\",\"contentUrl\":\"https:\\\/\\\/optimate1.com\\\/wp-content\\\/uploads\\\/2021\\\/06\\\/optimate-hpbc-stacklogo.jpg\",\"width\":1025,\"height\":529,\"caption\":\"OptiMate\"},\"image\":{\"@id\":\"https:\\\/\\\/optimate1.com\\\/#\\\/schema\\\/logo\\\/image\\\/\"},\"sameAs\":[\"https:\\\/\\\/www.facebook.com\\\/OptiMatebatterysavingcharger\\\/\"]}]}<\/script>\n<!-- \/ Yoast SEO plugin. -->","yoast_head_json":{"title":"OptiMate Lithium MONITOR O-127 - OptiMate","robots":{"index":"index","follow":"follow","max-snippet":"max-snippet:-1","max-image-preview":"max-image-preview:large","max-video-preview":"max-video-preview:-1","archive":"noarchive"},"canonical":"https:\/\/optimate1.com\/product\/lithmntr12v\/","og_locale":"de_DE","og_type":"article","og_title":"OptiMate Lithium MONITOR O-127 - OptiMate","og_description":"Permanente Batterieleitung f\u00fcr Motorsport mit integriertem Batteriestatus-\/Ladesystem-Monitor f\u00fcr 12.8\/13.2V Lithium-Batterien.","og_url":"https:\/\/optimate1.com\/product\/lithmntr12v\/","og_site_name":"OptiMate","article_publisher":"https:\/\/www.facebook.com\/OptiMatebatterysavingcharger\/","article_modified_time":"2024-12-16T14:01:12+00:00","og_image":[{"width":900,"height":900,"url":"https:\/\/optimate1.com\/wp-content\/uploads\/2019\/06\/OptiMate-O-127-1-1.jpg","type":"image\/jpeg"}],"twitter_card":"summary_large_image","twitter_misc":{"Gesch\u00e4tzte Lesezeit":"2\u00a0Minuten"},"schema":{"@context":"https:\/\/schema.org","@graph":[{"@type":"WebPage","@id":"https:\/\/optimate1.com\/product\/lithmntr12v\/","url":"https:\/\/optimate1.com\/product\/lithmntr12v\/","name":"OptiMate Lithium MONITOR O-127 - OptiMate","isPartOf":{"@id":"https:\/\/optimate1.com\/#website"},"primaryImageOfPage":{"@id":"https:\/\/optimate1.com\/product\/lithmntr12v\/#primaryimage"},"image":{"@id":"https:\/\/optimate1.com\/product\/lithmntr12v\/#primaryimage"},"thumbnailUrl":"https:\/\/optimate1.com\/wp-content\/uploads\/2019\/06\/OptiMate-O-127-1-1.jpg","datePublished":"2020-01-16T23:55:01+00:00","dateModified":"2024-12-16T14:01:12+00:00","breadcrumb":{"@id":"https:\/\/optimate1.com\/product\/lithmntr12v\/#breadcrumb"},"inLanguage":"de","potentialAction":[{"@type":"ReadAction","target":["https:\/\/optimate1.com\/product\/lithmntr12v\/"]}]},{"@type":"ImageObject","inLanguage":"de","@id":"https:\/\/optimate1.com\/product\/lithmntr12v\/#primaryimage","url":"https:\/\/optimate1.com\/wp-content\/uploads\/2019\/06\/OptiMate-O-127-1-1.jpg","contentUrl":"https:\/\/optimate1.com\/wp-content\/uploads\/2019\/06\/OptiMate-O-127-1-1.jpg","width":900,"height":900,"caption":"12V lithium battery monitor product image"},{"@type":"BreadcrumbList","@id":"https:\/\/optimate1.com\/product\/lithmntr12v\/#breadcrumb","itemListElement":[{"@type":"ListItem","position":1,"name":"Home","item":"https:\/\/optimate1.com\/"},{"@type":"ListItem","position":2,"name":"Produkte","item":"https:\/\/optimate1.com\/shop\/"},{"@type":"ListItem","position":3,"name":"OptiMate Lithium MONITOR O-127"}]},{"@type":"WebSite","@id":"https:\/\/optimate1.com\/#website","url":"https:\/\/optimate1.com\/","name":"OptiMate","description":"Battery Chargers &amp; Accessories","publisher":{"@id":"https:\/\/optimate1.com\/#organization"},"potentialAction":[{"@type":"SearchAction","target":{"@type":"EntryPoint","urlTemplate":"https:\/\/optimate1.com\/?s={search_term_string}"},"query-input":{"@type":"PropertyValueSpecification","valueRequired":true,"valueName":"search_term_string"}}],"inLanguage":"de"},{"@type":"Organization","@id":"https:\/\/optimate1.com\/#organization","name":"OptiMate","url":"https:\/\/optimate1.com\/","logo":{"@type":"ImageObject","inLanguage":"de","@id":"https:\/\/optimate1.com\/#\/schema\/logo\/image\/","url":"https:\/\/optimate1.com\/wp-content\/uploads\/2021\/06\/optimate-hpbc-stacklogo.jpg","contentUrl":"https:\/\/optimate1.com\/wp-content\/uploads\/2021\/06\/optimate-hpbc-stacklogo.jpg","width":1025,"height":529,"caption":"OptiMate"},"image":{"@id":"https:\/\/optimate1.com\/#\/schema\/logo\/image\/"},"sameAs":["https:\/\/www.facebook.com\/OptiMatebatterysavingcharger\/"]}]}},"_links":{"self":[{"href":"https:\/\/optimate1.com\/de\/wp-json\/wp\/v2\/product\/15688","targetHints":{"allow":["GET"]}}],"collection":[{"href":"https:\/\/optimate1.com\/de\/wp-json\/wp\/v2\/product"}],"about":[{"href":"https:\/\/optimate1.com\/de\/wp-json\/wp\/v2\/types\/product"}],"wp:featuredmedia":[{"embeddable":true,"href":"https:\/\/optimate1.com\/de\/wp-json\/wp\/v2\/media\/15029"}],"wp:attachment":[{"href":"https:\/\/optimate1.com\/de\/wp-json\/wp\/v2\/media?parent=15688"}],"wp:term":[{"taxonomy":"product_brand","embeddable":true,"href":"https:\/\/optimate1.com\/de\/wp-json\/wp\/v2\/product_brand?post=15688"},{"taxonomy":"product_cat","embeddable":true,"href":"https:\/\/optimate1.com\/de\/wp-json\/wp\/v2\/product_cat?post=15688"},{"taxonomy":"product_tag","embeddable":true,"href":"https:\/\/optimate1.com\/de\/wp-json\/wp\/v2\/product_tag?post=15688"}],"curies":[{"name":"wp","href":"https:\/\/api.w.org\/{rel}","templated":true}]}}