{"id":16061,"date":"2020-03-03T04:13:15","date_gmt":"2020-03-03T09:13:15","guid":{"rendered":"https:\/\/optimate1.com\/?post_type=product&#038;p=16061"},"modified":"2026-04-15T05:22:42","modified_gmt":"2026-04-15T09:22:42","slug":"optimate-usb-o-100-ladegerat","status":"publish","type":"product","link":"https:\/\/optimate1.com\/de\/product\/optimate-usb-o-100-ladegerat\/","title":{"rendered":"OptiMate USB O-100"},"content":{"rendered":"<h3>Das tragbare &amp; kompakte SAE auf USB 2400 mA Ladeger\u00e4t zum sicheren und schnellen Laden jedes USB-Ger\u00e4ts, einschlie\u00dflich Handy, Kamera oder GPS.<\/h3>\n<ul>\n<li><span style=\"color: #10069f;\"><b>Wird an das Batteriekabel mit dem 2-poligen SAE-Stecker nach Industriestandard angeschlossen<em> &#8211; Dichtet perfekt ab, wenn an OptiMate SAE angeschlossen!\u00a0<\/em><\/b><\/span><\/li>\n<li><span style=\"color: #10069f;\"><b>L\u00e4dt 1x USB-Ger\u00e4t mit bis zu 2400mA Strom (oder optional mit O-110 USB-Splitter 2 Ger\u00e4te laden).<em> &#8211; Der Ladestrom passt sich dem angeschlossenen Ger\u00e4t f\u00fcr sicheres Aufladen an.\u00a0<\/em><\/b><\/span><\/li>\n<li><span style=\"color: #10069f;\"><b>Sorgt f\u00fcr witterungsbest\u00e4ndige Abdichtung am eingef\u00fchrten USB-Kabel oder \u201efahrtaugliche\u201c Abdichtung mit Kappe bei Nichtgebrauch<em> &#8211; Problemloses Aufladen von Telefon, Kamera oder GPS bei jedem Wetter!\u00a0<\/em><\/b><\/span><\/li>\n<li><span style=\"color: #10069f;\"><b>Der eingebaute Schutz unterbricht den USB-Ladevorgang und verhindert, dass die LFP (LiFePO4) oder AGM (Pb) Batterie Ihres geparkten Fahrzeugs sich entleert <em>&#8211; Startet wieder, sobald der Fahrzeugmotor anspringt!<\/em><\/b><\/span><\/li>\n<li><span style=\"color: #10069f;\"><b>\u00dcberwacht und zeigt den Batteriestatus des geparkten Fahrzeugs an &#8211;<em>\u00a0Zeigt durch Blinken einer LED an, dass die Batterie \u201estartbereit\u201c ist!\u00a0<\/em><br \/>\n<\/b><\/span><\/li>\n<\/ul>\n<p>&nbsp;<\/p>\n","protected":false},"excerpt":{"rendered":"<h2><span style=\"color: #cd202c;\">Intelligentes 2400mA USB-Ladeger\u00e4t mit Standby-Modus und Fahrzeugbatterie-Monitor.<\/span><\/h2>\n","protected":false},"featured_media":30157,"template":"","meta":[],"product_brand":[],"product_cat":[1319,2247,2248],"product_tag":[],"class_list":{"0":"post-16061","1":"product","2":"type-product","3":"status-publish","4":"has-post-thumbnail","6":"product_cat-usb-de","7":"product_cat-marine-de","8":"product_cat-accessories-de","9":"pa_region-ca-de-2","10":"pa_region-eu-de-2","11":"pa_region-uk-de-2","12":"pa_region-us-de-2","13":"pa_special-use-auto-on-off-lithium-friendly-de","14":"pa_usb-product-usb-charger-de","15":"pa_vehicle-connection-sae-de","16":"iside_usb_product-usb-charger-de","17":"iside_vehicle_connection-sae-de","18":"iside_special_use-auto-on-off-lithium-friendly-de","19":"thunk-woo-product-list","20":"opn-qv-enable","21":"big-store-woo-hover-","22":"open-single-product-tab-horizontal","23":"open-shadow-","24":"open-shadow-hover-","26":"first","27":"instock","28":"featured","29":"shipping-taxable","30":"purchasable","31":"product-type-simple"},"yoast_head":"<!-- This site is optimized with the Yoast SEO plugin v27.2 - https:\/\/yoast.com\/product\/yoast-seo-wordpress\/ -->\n<title>OptiMate USB O-100 - OptiMate<\/title>\n<meta name=\"description\" content=\"Das OptiMate USB O-100 ist das tragbare &amp; kompakte SAE auf USB 2400 mA Ladeger\u00e4t zum sicheren. Klicken Sie hier f\u00fcr weitere Informationen!\" \/>\n<meta name=\"robots\" content=\"index, follow, max-snippet:-1, max-image-preview:large, max-video-preview:-1, noarchive\" \/>\n<link rel=\"canonical\" href=\"https:\/\/optimate1.com\/de\/product\/optimate-usb-o-100-ladegerat\/\" \/>\n<meta property=\"og:locale\" content=\"de_DE\" \/>\n<meta property=\"og:type\" content=\"article\" \/>\n<meta property=\"og:title\" content=\"OptiMate USB O-100 - OptiMate\" \/>\n<meta property=\"og:description\" content=\"Das OptiMate USB O-100 ist das tragbare &amp; kompakte SAE auf USB 2400 mA Ladeger\u00e4t zum sicheren. Klicken Sie hier f\u00fcr weitere Informationen!\" \/>\n<meta property=\"og:url\" content=\"https:\/\/optimate1.com\/de\/product\/optimate-usb-o-100-ladegerat\/\" \/>\n<meta property=\"og:site_name\" content=\"OptiMate\" \/>\n<meta property=\"article:publisher\" content=\"https:\/\/www.facebook.com\/OptiMatebatterysavingcharger\/\" \/>\n<meta property=\"article:modified_time\" content=\"2026-04-15T09:22:42+00:00\" \/>\n<meta property=\"og:image\" content=\"https:\/\/optimate1.com\/wp-content\/uploads\/2020\/03\/O100-1-de.png\" \/>\n\t<meta property=\"og:image:width\" content=\"1500\" \/>\n\t<meta property=\"og:image:height\" content=\"1500\" \/>\n\t<meta property=\"og:image:type\" content=\"image\/png\" \/>\n<meta name=\"twitter:card\" content=\"summary_large_image\" \/>\n<meta name=\"twitter:label1\" content=\"Gesch\u00e4tzte Lesezeit\" \/>\n\t<meta name=\"twitter:data1\" content=\"1\u00a0Minute\" \/>\n<script type=\"application\/ld+json\" class=\"yoast-schema-graph\">{\"@context\":\"https:\/\/schema.org\",\"@graph\":[{\"@type\":\"WebPage\",\"@id\":\"https:\/\/optimate1.com\/de\/product\/optimate-usb-o-100-ladegerat\/\",\"url\":\"https:\/\/optimate1.com\/de\/product\/optimate-usb-o-100-ladegerat\/\",\"name\":\"OptiMate USB O-100 - OptiMate\",\"isPartOf\":{\"@id\":\"https:\/\/optimate1.com\/#website\"},\"primaryImageOfPage\":{\"@id\":\"https:\/\/optimate1.com\/de\/product\/optimate-usb-o-100-ladegerat\/#primaryimage\"},\"image\":{\"@id\":\"https:\/\/optimate1.com\/de\/product\/optimate-usb-o-100-ladegerat\/#primaryimage\"},\"thumbnailUrl\":\"https:\/\/optimate1.com\/wp-content\/uploads\/2020\/03\/O100-1-de.png\",\"datePublished\":\"2020-03-03T09:13:15+00:00\",\"dateModified\":\"2026-04-15T09:22:42+00:00\",\"description\":\"Das OptiMate USB O-100 ist das tragbare & kompakte SAE auf USB 2400 mA Ladeger\u00e4t zum sicheren. Klicken Sie hier f\u00fcr weitere Informationen!\",\"breadcrumb\":{\"@id\":\"https:\/\/optimate1.com\/de\/product\/optimate-usb-o-100-ladegerat\/#breadcrumb\"},\"inLanguage\":\"de\",\"potentialAction\":[{\"@type\":\"ReadAction\",\"target\":[\"https:\/\/optimate1.com\/de\/product\/optimate-usb-o-100-ladegerat\/\"]}]},{\"@type\":\"ImageObject\",\"inLanguage\":\"de\",\"@id\":\"https:\/\/optimate1.com\/de\/product\/optimate-usb-o-100-ladegerat\/#primaryimage\",\"url\":\"https:\/\/optimate1.com\/wp-content\/uploads\/2020\/03\/O100-1-de.png\",\"contentUrl\":\"https:\/\/optimate1.com\/wp-content\/uploads\/2020\/03\/O100-1-de.png\",\"width\":1500,\"height\":1500,\"caption\":\"optimate usb ladeger\u00e4t produktbild\"},{\"@type\":\"BreadcrumbList\",\"@id\":\"https:\/\/optimate1.com\/de\/product\/optimate-usb-o-100-ladegerat\/#breadcrumb\",\"itemListElement\":[{\"@type\":\"ListItem\",\"position\":1,\"name\":\"Home\",\"item\":\"https:\/\/optimate1.com\/\"},{\"@type\":\"ListItem\",\"position\":2,\"name\":\"Produkte\",\"item\":\"https:\/\/optimate1.com\/shop\/\"},{\"@type\":\"ListItem\",\"position\":3,\"name\":\"OptiMate USB O-100\"}]},{\"@type\":\"WebSite\",\"@id\":\"https:\/\/optimate1.com\/#website\",\"url\":\"https:\/\/optimate1.com\/\",\"name\":\"OptiMate\",\"description\":\"Battery Chargers &amp; Accessories\",\"publisher\":{\"@id\":\"https:\/\/optimate1.com\/#organization\"},\"potentialAction\":[{\"@type\":\"SearchAction\",\"target\":{\"@type\":\"EntryPoint\",\"urlTemplate\":\"https:\/\/optimate1.com\/?s={search_term_string}\"},\"query-input\":{\"@type\":\"PropertyValueSpecification\",\"valueRequired\":true,\"valueName\":\"search_term_string\"}}],\"inLanguage\":\"de\"},{\"@type\":\"Organization\",\"@id\":\"https:\/\/optimate1.com\/#organization\",\"name\":\"OptiMate\",\"url\":\"https:\/\/optimate1.com\/\",\"logo\":{\"@type\":\"ImageObject\",\"inLanguage\":\"de\",\"@id\":\"https:\/\/optimate1.com\/#\/schema\/logo\/image\/\",\"url\":\"https:\/\/optimate1.com\/wp-content\/uploads\/2021\/06\/optimate-hpbc-stacklogo.jpg\",\"contentUrl\":\"https:\/\/optimate1.com\/wp-content\/uploads\/2021\/06\/optimate-hpbc-stacklogo.jpg\",\"width\":1025,\"height\":529,\"caption\":\"OptiMate\"},\"image\":{\"@id\":\"https:\/\/optimate1.com\/#\/schema\/logo\/image\/\"},\"sameAs\":[\"https:\/\/www.facebook.com\/OptiMatebatterysavingcharger\/\"]}]}<\/script>\n<!-- \/ Yoast SEO plugin. -->","yoast_head_json":{"title":"OptiMate USB O-100 - OptiMate","description":"Das OptiMate USB O-100 ist das tragbare & kompakte SAE auf USB 2400 mA Ladeger\u00e4t zum sicheren. Klicken Sie hier f\u00fcr weitere Informationen!","robots":{"index":"index","follow":"follow","max-snippet":"max-snippet:-1","max-image-preview":"max-image-preview:large","max-video-preview":"max-video-preview:-1","archive":"noarchive"},"canonical":"https:\/\/optimate1.com\/de\/product\/optimate-usb-o-100-ladegerat\/","og_locale":"de_DE","og_type":"article","og_title":"OptiMate USB O-100 - OptiMate","og_description":"Das OptiMate USB O-100 ist das tragbare & kompakte SAE auf USB 2400 mA Ladeger\u00e4t zum sicheren. Klicken Sie hier f\u00fcr weitere Informationen!","og_url":"https:\/\/optimate1.com\/de\/product\/optimate-usb-o-100-ladegerat\/","og_site_name":"OptiMate","article_publisher":"https:\/\/www.facebook.com\/OptiMatebatterysavingcharger\/","article_modified_time":"2026-04-15T09:22:42+00:00","og_image":[{"width":1500,"height":1500,"url":"https:\/\/optimate1.com\/wp-content\/uploads\/2020\/03\/O100-1-de.png","type":"image\/png"}],"twitter_card":"summary_large_image","twitter_misc":{"Gesch\u00e4tzte Lesezeit":"1\u00a0Minute"},"schema":{"@context":"https:\/\/schema.org","@graph":[{"@type":"WebPage","@id":"https:\/\/optimate1.com\/de\/product\/optimate-usb-o-100-ladegerat\/","url":"https:\/\/optimate1.com\/de\/product\/optimate-usb-o-100-ladegerat\/","name":"OptiMate USB O-100 - OptiMate","isPartOf":{"@id":"https:\/\/optimate1.com\/#website"},"primaryImageOfPage":{"@id":"https:\/\/optimate1.com\/de\/product\/optimate-usb-o-100-ladegerat\/#primaryimage"},"image":{"@id":"https:\/\/optimate1.com\/de\/product\/optimate-usb-o-100-ladegerat\/#primaryimage"},"thumbnailUrl":"https:\/\/optimate1.com\/wp-content\/uploads\/2020\/03\/O100-1-de.png","datePublished":"2020-03-03T09:13:15+00:00","dateModified":"2026-04-15T09:22:42+00:00","description":"Das OptiMate USB O-100 ist das tragbare & kompakte SAE auf USB 2400 mA Ladeger\u00e4t zum sicheren. Klicken Sie hier f\u00fcr weitere Informationen!","breadcrumb":{"@id":"https:\/\/optimate1.com\/de\/product\/optimate-usb-o-100-ladegerat\/#breadcrumb"},"inLanguage":"de","potentialAction":[{"@type":"ReadAction","target":["https:\/\/optimate1.com\/de\/product\/optimate-usb-o-100-ladegerat\/"]}]},{"@type":"ImageObject","inLanguage":"de","@id":"https:\/\/optimate1.com\/de\/product\/optimate-usb-o-100-ladegerat\/#primaryimage","url":"https:\/\/optimate1.com\/wp-content\/uploads\/2020\/03\/O100-1-de.png","contentUrl":"https:\/\/optimate1.com\/wp-content\/uploads\/2020\/03\/O100-1-de.png","width":1500,"height":1500,"caption":"optimate usb ladeger\u00e4t produktbild"},{"@type":"BreadcrumbList","@id":"https:\/\/optimate1.com\/de\/product\/optimate-usb-o-100-ladegerat\/#breadcrumb","itemListElement":[{"@type":"ListItem","position":1,"name":"Home","item":"https:\/\/optimate1.com\/"},{"@type":"ListItem","position":2,"name":"Produkte","item":"https:\/\/optimate1.com\/shop\/"},{"@type":"ListItem","position":3,"name":"OptiMate USB O-100"}]},{"@type":"WebSite","@id":"https:\/\/optimate1.com\/#website","url":"https:\/\/optimate1.com\/","name":"OptiMate","description":"Battery Chargers &amp; Accessories","publisher":{"@id":"https:\/\/optimate1.com\/#organization"},"potentialAction":[{"@type":"SearchAction","target":{"@type":"EntryPoint","urlTemplate":"https:\/\/optimate1.com\/?s={search_term_string}"},"query-input":{"@type":"PropertyValueSpecification","valueRequired":true,"valueName":"search_term_string"}}],"inLanguage":"de"},{"@type":"Organization","@id":"https:\/\/optimate1.com\/#organization","name":"OptiMate","url":"https:\/\/optimate1.com\/","logo":{"@type":"ImageObject","inLanguage":"de","@id":"https:\/\/optimate1.com\/#\/schema\/logo\/image\/","url":"https:\/\/optimate1.com\/wp-content\/uploads\/2021\/06\/optimate-hpbc-stacklogo.jpg","contentUrl":"https:\/\/optimate1.com\/wp-content\/uploads\/2021\/06\/optimate-hpbc-stacklogo.jpg","width":1025,"height":529,"caption":"OptiMate"},"image":{"@id":"https:\/\/optimate1.com\/#\/schema\/logo\/image\/"},"sameAs":["https:\/\/www.facebook.com\/OptiMatebatterysavingcharger\/"]}]}},"_links":{"self":[{"href":"https:\/\/optimate1.com\/de\/wp-json\/wp\/v2\/product\/16061","targetHints":{"allow":["GET"]}}],"collection":[{"href":"https:\/\/optimate1.com\/de\/wp-json\/wp\/v2\/product"}],"about":[{"href":"https:\/\/optimate1.com\/de\/wp-json\/wp\/v2\/types\/product"}],"wp:featuredmedia":[{"embeddable":true,"href":"https:\/\/optimate1.com\/de\/wp-json\/wp\/v2\/media\/30157"}],"wp:attachment":[{"href":"https:\/\/optimate1.com\/de\/wp-json\/wp\/v2\/media?parent=16061"}],"wp:term":[{"taxonomy":"product_brand","embeddable":true,"href":"https:\/\/optimate1.com\/de\/wp-json\/wp\/v2\/product_brand?post=16061"},{"taxonomy":"product_cat","embeddable":true,"href":"https:\/\/optimate1.com\/de\/wp-json\/wp\/v2\/product_cat?post=16061"},{"taxonomy":"product_tag","embeddable":true,"href":"https:\/\/optimate1.com\/de\/wp-json\/wp\/v2\/product_tag?post=16061"}],"curies":[{"name":"wp","href":"https:\/\/api.w.org\/{rel}","templated":true}]}}