{"id":16113,"date":"2020-03-06T05:10:38","date_gmt":"2020-03-06T10:10:38","guid":{"rendered":"https:\/\/optimate1.com\/?post_type=product&#038;p=16113"},"modified":"2024-04-04T04:27:26","modified_gmt":"2024-04-04T08:27:26","slug":"optimate-usb-o-105-duales-usb-ladegeraet","status":"publish","type":"product","link":"https:\/\/optimate1.com\/de\/product\/optimate-usb-o-105-duales-usb-ladegeraet\/","title":{"rendered":"OptiMate USB O-105"},"content":{"rendered":"<h3 class=\"entry-summary hidden-phone\">Das tragbare 3300mA Dual-USB-Ladeger\u00e4t, mit 90\u00b0 Winkel-MOTORRAD-Steckverbinder, passend f\u00fcr Ihr BMW und Triumph Motorrad<em> &#8211; beliebt bei BMW-Fahrern!\u00a0<\/em><\/h3>\n<ul>\n<li><span style=\"color: #10069f;\"><b>Zum Anschluss an eine \u00d812 mm DIN-\/MOTORRAD-12V-Buchse, die bei BMW und Triumph Motorr\u00e4dern zu finden ist.\u00a0<\/b><\/span><\/li>\n<li><span style=\"color: #10069f;\"><b>L\u00e4dt 2 x USB-Ger\u00e4te mit bis zu 3300mA Strom, die zum Teilen zur Verf\u00fcgung stehen.<\/b><\/span><em><span style=\"color: #10069f;\"><b> &#8211; Der Ladestrom passt sich jedem angeschlossenen Ger\u00e4t f\u00fcr sicheres Aufladen an.\u00a0<\/b><\/span><\/em><\/li>\n<li><span style=\"color: #10069f;\"><b>Sorgt f\u00fcr witterungsbest\u00e4ndige Abdichtung am eingef\u00fchrten USB-Kabel oder die \u201efahrtaugliche\u201c Kappe sch\u00fctzt den USB-Port bei Nichtgebrauch <em>&#8211; Problemloses Aufladen von Telefon, Kamera oder GPS bei jedem Wetter!\u00a0<\/em><\/b><\/span><\/li>\n<li><span style=\"color: #10069f;\"><b>Der eingebaute Schutz unterbricht den USB-Ladevorgang und verhindert, dass die LFP (LiFePO4) oder AGM (Pb) Batterie Ihres geparkten Fahrzeugs sich entleert <em>&#8211; Startet wieder, sobald der Fahrzeugmotor anspringt.\u00a0<\/em><\/b><\/span><\/li>\n<li><span style=\"color: #10069f;\"><b>\u00dcberwacht und zeigt den Batteriestatus des geparkten Fahrzeugs an <em>&#8211; Zeigt durch Blinken einer LED an, dass die Batterie \u201estartbereit\u201c ist!\u00a0<\/em><br \/>\n<\/b><\/span><\/li>\n<\/ul>\n<p class=\"p1\">\n","protected":false},"excerpt":{"rendered":"<h3><span style=\"color: #cd202c;\">Intelligentes Dual-Output-USB-Ladeger\u00e4t mit 3300mA , mit MOTORRAD-Stecker\u00a0<\/span><\/h3>\n","protected":false},"featured_media":30162,"template":"","meta":[],"product_brand":[],"product_cat":[1319],"product_tag":[],"class_list":{"0":"post-16113","1":"product","2":"type-product","3":"status-publish","4":"has-post-thumbnail","6":"product_cat-usb-de","7":"pa_region-ca-de-2","8":"pa_region-eu-de-2","9":"pa_region-uk-de-2","10":"pa_region-us-de-2","11":"pa_special-use-2-x-usb-ports-de","12":"pa_special-use-auto-on-off-de","13":"pa_special-use-bmw-motorad-triumph-de","14":"pa_usb-product-usb-charger-de","15":"pa_vehicle-connection-socket-din-hella-de","16":"iside_usb_product-usb-charger-de","17":"iside_vehicle_connection-socket-din-hella-de","18":"iside_special_use-2-x-usb-ports-de","19":"iside_special_use-auto-on-off-de","20":"iside_special_use-bmw-motorad-triumph-de","21":"thunk-woo-product-list","22":"opn-qv-enable","23":"big-store-woo-hover-","24":"open-single-product-tab-horizontal","25":"open-shadow-","26":"open-shadow-hover-","28":"first","29":"instock","30":"featured","31":"shipping-taxable","32":"purchasable","33":"product-type-simple"},"yoast_head":"<!-- This site is optimized with the Yoast SEO plugin v27.2 - https:\/\/yoast.com\/product\/yoast-seo-wordpress\/ -->\n<title>OptiMate USB O-105 - OptiMate<\/title>\n<meta name=\"description\" content=\"Das OptiMate USB O-105 ist das tragbare 3300mA Dual-USB-Ladeger\u00e4t, mit 90\u00b0 Winkel-MOTORRAD-Steckverbinder. Klicken Sie hier &amp; lesen Sie mehr!\" \/>\n<meta name=\"robots\" content=\"index, follow, max-snippet:-1, max-image-preview:large, max-video-preview:-1, noarchive\" \/>\n<link rel=\"canonical\" href=\"https:\/\/optimate1.com\/product\/usbo-105\/\" \/>\n<meta property=\"og:locale\" content=\"de_DE\" \/>\n<meta property=\"og:type\" content=\"article\" \/>\n<meta property=\"og:title\" content=\"OptiMate USB O-105 - OptiMate\" \/>\n<meta property=\"og:description\" content=\"Das OptiMate USB O-105 ist das tragbare 3300mA Dual-USB-Ladeger\u00e4t, mit 90\u00b0 Winkel-MOTORRAD-Steckverbinder. Klicken Sie hier &amp; lesen Sie mehr!\" \/>\n<meta property=\"og:url\" content=\"https:\/\/optimate1.com\/product\/usbo-105\/\" \/>\n<meta property=\"og:site_name\" content=\"OptiMate\" \/>\n<meta property=\"article:publisher\" content=\"https:\/\/www.facebook.com\/OptiMatebatterysavingcharger\/\" \/>\n<meta property=\"article:modified_time\" content=\"2024-04-04T08:27:26+00:00\" \/>\n<meta property=\"og:image\" content=\"https:\/\/optimate1.com\/wp-content\/uploads\/2020\/03\/O105-1-de.png\" \/>\n\t<meta property=\"og:image:width\" content=\"1500\" \/>\n\t<meta property=\"og:image:height\" content=\"1500\" \/>\n\t<meta property=\"og:image:type\" content=\"image\/png\" \/>\n<meta name=\"twitter:card\" content=\"summary_large_image\" \/>\n<meta name=\"twitter:label1\" content=\"Gesch\u00e4tzte Lesezeit\" \/>\n\t<meta name=\"twitter:data1\" content=\"1\u00a0Minute\" \/>\n<script type=\"application\/ld+json\" class=\"yoast-schema-graph\">{\"@context\":\"https:\/\/schema.org\",\"@graph\":[{\"@type\":\"WebPage\",\"@id\":\"https:\/\/optimate1.com\/product\/usbo-105\/\",\"url\":\"https:\/\/optimate1.com\/product\/usbo-105\/\",\"name\":\"OptiMate USB O-105 - OptiMate\",\"isPartOf\":{\"@id\":\"https:\/\/optimate1.com\/#website\"},\"primaryImageOfPage\":{\"@id\":\"https:\/\/optimate1.com\/product\/usbo-105\/#primaryimage\"},\"image\":{\"@id\":\"https:\/\/optimate1.com\/product\/usbo-105\/#primaryimage\"},\"thumbnailUrl\":\"https:\/\/optimate1.com\/wp-content\/uploads\/2020\/03\/O105-1-de.png\",\"datePublished\":\"2020-03-06T10:10:38+00:00\",\"dateModified\":\"2024-04-04T08:27:26+00:00\",\"description\":\"Das OptiMate USB O-105 ist das tragbare 3300mA Dual-USB-Ladeger\u00e4t, mit 90\u00b0 Winkel-MOTORRAD-Steckverbinder. Klicken Sie hier & lesen Sie mehr!\",\"breadcrumb\":{\"@id\":\"https:\/\/optimate1.com\/product\/usbo-105\/#breadcrumb\"},\"inLanguage\":\"de\",\"potentialAction\":[{\"@type\":\"ReadAction\",\"target\":[\"https:\/\/optimate1.com\/product\/usbo-105\/\"]}]},{\"@type\":\"ImageObject\",\"inLanguage\":\"de\",\"@id\":\"https:\/\/optimate1.com\/product\/usbo-105\/#primaryimage\",\"url\":\"https:\/\/optimate1.com\/wp-content\/uploads\/2020\/03\/O105-1-de.png\",\"contentUrl\":\"https:\/\/optimate1.com\/wp-content\/uploads\/2020\/03\/O105-1-de.png\",\"width\":1500,\"height\":1500,\"caption\":\"duales usb ladeger\u00e4t produktbild\"},{\"@type\":\"BreadcrumbList\",\"@id\":\"https:\/\/optimate1.com\/product\/usbo-105\/#breadcrumb\",\"itemListElement\":[{\"@type\":\"ListItem\",\"position\":1,\"name\":\"Home\",\"item\":\"https:\/\/optimate1.com\/\"},{\"@type\":\"ListItem\",\"position\":2,\"name\":\"Produkte\",\"item\":\"https:\/\/optimate1.com\/shop\/\"},{\"@type\":\"ListItem\",\"position\":3,\"name\":\"OptiMate USB O-105\"}]},{\"@type\":\"WebSite\",\"@id\":\"https:\/\/optimate1.com\/#website\",\"url\":\"https:\/\/optimate1.com\/\",\"name\":\"OptiMate\",\"description\":\"Battery Chargers &amp; Accessories\",\"publisher\":{\"@id\":\"https:\/\/optimate1.com\/#organization\"},\"potentialAction\":[{\"@type\":\"SearchAction\",\"target\":{\"@type\":\"EntryPoint\",\"urlTemplate\":\"https:\/\/optimate1.com\/?s={search_term_string}\"},\"query-input\":{\"@type\":\"PropertyValueSpecification\",\"valueRequired\":true,\"valueName\":\"search_term_string\"}}],\"inLanguage\":\"de\"},{\"@type\":\"Organization\",\"@id\":\"https:\/\/optimate1.com\/#organization\",\"name\":\"OptiMate\",\"url\":\"https:\/\/optimate1.com\/\",\"logo\":{\"@type\":\"ImageObject\",\"inLanguage\":\"de\",\"@id\":\"https:\/\/optimate1.com\/#\/schema\/logo\/image\/\",\"url\":\"https:\/\/optimate1.com\/wp-content\/uploads\/2021\/06\/optimate-hpbc-stacklogo.jpg\",\"contentUrl\":\"https:\/\/optimate1.com\/wp-content\/uploads\/2021\/06\/optimate-hpbc-stacklogo.jpg\",\"width\":1025,\"height\":529,\"caption\":\"OptiMate\"},\"image\":{\"@id\":\"https:\/\/optimate1.com\/#\/schema\/logo\/image\/\"},\"sameAs\":[\"https:\/\/www.facebook.com\/OptiMatebatterysavingcharger\/\"]}]}<\/script>\n<!-- \/ Yoast SEO plugin. -->","yoast_head_json":{"title":"OptiMate USB O-105 - OptiMate","description":"Das OptiMate USB O-105 ist das tragbare 3300mA Dual-USB-Ladeger\u00e4t, mit 90\u00b0 Winkel-MOTORRAD-Steckverbinder. Klicken Sie hier & lesen Sie mehr!","robots":{"index":"index","follow":"follow","max-snippet":"max-snippet:-1","max-image-preview":"max-image-preview:large","max-video-preview":"max-video-preview:-1","archive":"noarchive"},"canonical":"https:\/\/optimate1.com\/product\/usbo-105\/","og_locale":"de_DE","og_type":"article","og_title":"OptiMate USB O-105 - OptiMate","og_description":"Das OptiMate USB O-105 ist das tragbare 3300mA Dual-USB-Ladeger\u00e4t, mit 90\u00b0 Winkel-MOTORRAD-Steckverbinder. Klicken Sie hier & lesen Sie mehr!","og_url":"https:\/\/optimate1.com\/product\/usbo-105\/","og_site_name":"OptiMate","article_publisher":"https:\/\/www.facebook.com\/OptiMatebatterysavingcharger\/","article_modified_time":"2024-04-04T08:27:26+00:00","og_image":[{"width":1500,"height":1500,"url":"https:\/\/optimate1.com\/wp-content\/uploads\/2020\/03\/O105-1-de.png","type":"image\/png"}],"twitter_card":"summary_large_image","twitter_misc":{"Gesch\u00e4tzte Lesezeit":"1\u00a0Minute"},"schema":{"@context":"https:\/\/schema.org","@graph":[{"@type":"WebPage","@id":"https:\/\/optimate1.com\/product\/usbo-105\/","url":"https:\/\/optimate1.com\/product\/usbo-105\/","name":"OptiMate USB O-105 - OptiMate","isPartOf":{"@id":"https:\/\/optimate1.com\/#website"},"primaryImageOfPage":{"@id":"https:\/\/optimate1.com\/product\/usbo-105\/#primaryimage"},"image":{"@id":"https:\/\/optimate1.com\/product\/usbo-105\/#primaryimage"},"thumbnailUrl":"https:\/\/optimate1.com\/wp-content\/uploads\/2020\/03\/O105-1-de.png","datePublished":"2020-03-06T10:10:38+00:00","dateModified":"2024-04-04T08:27:26+00:00","description":"Das OptiMate USB O-105 ist das tragbare 3300mA Dual-USB-Ladeger\u00e4t, mit 90\u00b0 Winkel-MOTORRAD-Steckverbinder. Klicken Sie hier & lesen Sie mehr!","breadcrumb":{"@id":"https:\/\/optimate1.com\/product\/usbo-105\/#breadcrumb"},"inLanguage":"de","potentialAction":[{"@type":"ReadAction","target":["https:\/\/optimate1.com\/product\/usbo-105\/"]}]},{"@type":"ImageObject","inLanguage":"de","@id":"https:\/\/optimate1.com\/product\/usbo-105\/#primaryimage","url":"https:\/\/optimate1.com\/wp-content\/uploads\/2020\/03\/O105-1-de.png","contentUrl":"https:\/\/optimate1.com\/wp-content\/uploads\/2020\/03\/O105-1-de.png","width":1500,"height":1500,"caption":"duales usb ladeger\u00e4t produktbild"},{"@type":"BreadcrumbList","@id":"https:\/\/optimate1.com\/product\/usbo-105\/#breadcrumb","itemListElement":[{"@type":"ListItem","position":1,"name":"Home","item":"https:\/\/optimate1.com\/"},{"@type":"ListItem","position":2,"name":"Produkte","item":"https:\/\/optimate1.com\/shop\/"},{"@type":"ListItem","position":3,"name":"OptiMate USB O-105"}]},{"@type":"WebSite","@id":"https:\/\/optimate1.com\/#website","url":"https:\/\/optimate1.com\/","name":"OptiMate","description":"Battery Chargers &amp; Accessories","publisher":{"@id":"https:\/\/optimate1.com\/#organization"},"potentialAction":[{"@type":"SearchAction","target":{"@type":"EntryPoint","urlTemplate":"https:\/\/optimate1.com\/?s={search_term_string}"},"query-input":{"@type":"PropertyValueSpecification","valueRequired":true,"valueName":"search_term_string"}}],"inLanguage":"de"},{"@type":"Organization","@id":"https:\/\/optimate1.com\/#organization","name":"OptiMate","url":"https:\/\/optimate1.com\/","logo":{"@type":"ImageObject","inLanguage":"de","@id":"https:\/\/optimate1.com\/#\/schema\/logo\/image\/","url":"https:\/\/optimate1.com\/wp-content\/uploads\/2021\/06\/optimate-hpbc-stacklogo.jpg","contentUrl":"https:\/\/optimate1.com\/wp-content\/uploads\/2021\/06\/optimate-hpbc-stacklogo.jpg","width":1025,"height":529,"caption":"OptiMate"},"image":{"@id":"https:\/\/optimate1.com\/#\/schema\/logo\/image\/"},"sameAs":["https:\/\/www.facebook.com\/OptiMatebatterysavingcharger\/"]}]}},"_links":{"self":[{"href":"https:\/\/optimate1.com\/de\/wp-json\/wp\/v2\/product\/16113","targetHints":{"allow":["GET"]}}],"collection":[{"href":"https:\/\/optimate1.com\/de\/wp-json\/wp\/v2\/product"}],"about":[{"href":"https:\/\/optimate1.com\/de\/wp-json\/wp\/v2\/types\/product"}],"wp:featuredmedia":[{"embeddable":true,"href":"https:\/\/optimate1.com\/de\/wp-json\/wp\/v2\/media\/30162"}],"wp:attachment":[{"href":"https:\/\/optimate1.com\/de\/wp-json\/wp\/v2\/media?parent=16113"}],"wp:term":[{"taxonomy":"product_brand","embeddable":true,"href":"https:\/\/optimate1.com\/de\/wp-json\/wp\/v2\/product_brand?post=16113"},{"taxonomy":"product_cat","embeddable":true,"href":"https:\/\/optimate1.com\/de\/wp-json\/wp\/v2\/product_cat?post=16113"},{"taxonomy":"product_tag","embeddable":true,"href":"https:\/\/optimate1.com\/de\/wp-json\/wp\/v2\/product_tag?post=16113"}],"curies":[{"name":"wp","href":"https:\/\/api.w.org\/{rel}","templated":true}]}}