{"id":20155,"date":"2020-04-17T01:12:25","date_gmt":"2020-04-17T05:12:25","guid":{"rendered":"https:\/\/optimate1.com\/product\/optimate-cable-o-17-de\/"},"modified":"2026-02-25T05:17:05","modified_gmt":"2026-02-25T10:17:05","slug":"cble-tm-de","status":"publish","type":"product","link":"https:\/\/optimate1.com\/de\/product\/cble-tm-de\/","title":{"rendered":"TM-71 Batteriekabel |Ring\u00f6se M6 > KET-Buchse | 7A max"},"content":{"rendered":"<div class=\"woocommerce-product-details__short-description\">\n<div class=\"woocommerce-product-details__short-description\">\n<h3 class=\"entry-summary hidden-phone\" style=\"text-align: center;\"><strong>TM-\/KET-Stecker wurden bis 2012 bei OptiMate- und AccuMate-Ladeger\u00e4ten verwendet.<\/strong><\/h3>\n<h6 style=\"text-align: center;\"><img loading=\"lazy\" decoding=\"async\" class=\"aligncenter wp-image-20668\" src=\"https:\/\/optimate1.com\/wp-content\/uploads\/2023\/03\/Powersport-vehicles-2.png\" alt=\"This SAE battery connector is ideal for powersport vehicles\" width=\"528\" height=\"132\" \/><\/h6>\n<h6 style=\"text-align: center;\"><strong><span style=\"color: #10069f;\">F\u00fcr Powersport-Batterien ausgelegt <\/span><\/strong><span style=\"color: #10069f;\">&#8211; <\/span><span style=\"color: #10069f;\"><i>Die Ringanschl\u00fcsse passen auf Standard M6 (1\/4&#8243;) Bolzen von Motorrad-, ATV-, UTV- und PWC-Batterien.<\/i><\/span><\/h6>\n<h6 style=\"text-align: center;\"><img loading=\"lazy\" decoding=\"async\" class=\"aligncenter wp-image-20977\" src=\"https:\/\/optimate1.com\/wp-content\/uploads\/2023\/03\/TM-71-copy-5.png\" alt=\"\" width=\"428\" height=\"70\" \/><strong><span style=\"color: #10069f;\">Passend f\u00fcr \u00e4ltere OptiMate- und AccuMate-Batterieladeger\u00e4te mit TM\/KET-Stecker.<\/span><\/strong><\/h6>\n<h6 style=\"text-align: center;\"><img loading=\"lazy\" decoding=\"async\" class=\"aligncenter wp-image-20910\" src=\"https:\/\/optimate1.com\/wp-content\/uploads\/2023\/03\/TM-71-cable-length-feature-copy-2.png\" alt=\"\" width=\"528\" height=\"70\" \/><strong><span style=\"color: #10069f;\">Premium-Spezifikationen<\/span><\/strong><span style=\"color: #10069f;\"> &#8211; <\/span><span style=\"color: #10069f;\"><i>40 cm (16&#8243;) L\u00e4nge, Kabel f\u00fcr -40\u00b0 geeignet, 10A (13A max.) Nennstrom, TM\/KET-Stecker.<\/i><\/span><\/h6>\n<p>&nbsp;<\/p>\n<h4 style=\"text-align: center;\"><span style=\"text-decoration: underline;\"><strong>WEITERE MERKMALE:<\/strong><\/span><\/h4>\n<p style=\"text-align: center;\">\n<table id=\"tablepress-331\" class=\"tablepress tablepress-id-331\">\n<tbody class=\"row-hover\">\n<tr class=\"row-1\">\n\t<td class=\"column-1\"><a href=\"\"><img loading=\"lazy\" decoding=\"async\" src=\"https:\/\/optimate1.com\/wp-content\/uploads\/2023\/03\/TM-71-red-cap.png\" alt=\"\" width=\"300\" height=\"50\" class=\"aligncenter size-medium wp-image-20982\" \/><\/a><body><h6><center>Gummi-Inline-Dichtung sch\u00fctzt SAE-Anschluss.<\/center><\/h6><\/body><\/td>\n<\/tr>\n<tr class=\"row-2\">\n\t<td class=\"column-1\"><a href=\"\"><img loading=\"lazy\" decoding=\"async\" src=\"https:\/\/optimate1.com\/wp-content\/uploads\/2021\/11\/weather-icon-copy_600px-01.png\" alt=\"\" width=\"600\" height=\"40\" class=\"aligncenter size-medium wp-image-21012\" \/><\/a><body><h6><center>Geeignet f\u00fcr Temperaturen und den Einsatz im Freien.<\/body><\/h6><\/center><\/td>\n<\/tr>\n<tr class=\"row-3\">\n\t<td class=\"column-1\"><a href=\"\"><img loading=\"lazy\" decoding=\"async\" src=\"https:\/\/optimate1.com\/wp-content\/uploads\/2023\/03\/SPT-2.png\" alt=\"\" width=\"300\" height=\"40\" class=\"aligncenter size-medium wp-image-21012\" \/><\/a><body><h6><center>Dickere Isolierung f\u00fcr besseren Schutz.<\/body><\/h6><\/center><\/td>\n<\/tr>\n<tr class=\"row-4\">\n\t<td class=\"column-1\"><a href=\"\"><img loading=\"lazy\" decoding=\"async\" src=\"https:\/\/optimate1.com\/wp-content\/uploads\/2023\/03\/16AWG.png\" alt=\"\" width=\"300\" height=\"40\" class=\"aligncenter size-medium wp-image-21012\" \/><\/a><body><h6><center>Bemessungsstrom: 10A Durchschn. \/ 13A max.<\/body><\/h6><\/center><br \/>\n<br \/>\n<br \/>\n<br \/>\n<br \/>\n<br \/>\n<\/td>\n<\/tr>\n<\/tbody>\n<\/table>\n<!-- #tablepress-331 from cache --><\/p>\n<\/div>\n<\/div>\n","protected":false},"excerpt":{"rendered":"<h3><span style=\"color: #cd202c;\">Witterungsbest\u00e4ndige Dauerbatteriezuleitung, Powersport<\/span><\/h3>\n","protected":false},"featured_media":18282,"template":"","meta":[],"product_brand":[],"product_cat":[1061,2247,2248],"product_tag":[],"class_list":{"0":"post-20155","1":"product","2":"type-product","3":"status-publish","4":"has-post-thumbnail","6":"product_cat-cablesconnectors-de","7":"product_cat-marine-de","8":"product_cat-accessories-de","9":"pa_cable-type-optimate-ket-adapter-de","10":"pa_connector-type-ket-classic-optimate-de","11":"pa_region-ca-de-2","12":"pa_region-eu-de-2","13":"pa_region-uk-de-2","14":"pa_region-us-de-2","15":"iside_connector_type-ket-classic-optimate-de","16":"thunk-woo-product-list","17":"opn-qv-enable","18":"big-store-woo-hover-","19":"open-single-product-tab-horizontal","20":"open-shadow-","21":"open-shadow-hover-","23":"first","24":"instock","25":"featured","26":"shipping-taxable","27":"product-type-simple"},"yoast_head":"<!-- This site is optimized with the Yoast SEO plugin v27.2 - https:\/\/yoast.com\/product\/yoast-seo-wordpress\/ -->\n<title>TM-71 Batteriekabel |Ring\u00f6se M6 &gt; KET-Buchse | 7A max - OptiMate<\/title>\n<meta name=\"description\" content=\"Der OptiMate TM-71 ist ein KET\/TM-Anschluss f\u00fcr OptiMate- und AccuMate-Batterieladeger\u00e4te bis 2012. Erfahren Sie mehr \u00fcber dieses Produkt!\" \/>\n<meta name=\"robots\" content=\"index, follow, max-snippet:-1, max-image-preview:large, max-video-preview:-1, noarchive\" \/>\n<link rel=\"canonical\" href=\"https:\/\/optimate1.com\/product\/cble-tm\/\" \/>\n<meta property=\"og:locale\" content=\"de_DE\" \/>\n<meta property=\"og:type\" content=\"article\" \/>\n<meta property=\"og:title\" content=\"TM-71 Batteriekabel |Ring\u00f6se M6 &gt; KET-Buchse | 7A max - OptiMate\" \/>\n<meta property=\"og:description\" content=\"Der OptiMate TM-71 ist ein KET\/TM-Anschluss f\u00fcr OptiMate- und AccuMate-Batterieladeger\u00e4te bis 2012. Erfahren Sie mehr \u00fcber dieses Produkt!\" \/>\n<meta property=\"og:url\" content=\"https:\/\/optimate1.com\/product\/cble-tm\/\" \/>\n<meta property=\"og:site_name\" content=\"OptiMate\" \/>\n<meta property=\"article:publisher\" content=\"https:\/\/www.facebook.com\/OptiMatebatterysavingcharger\/\" \/>\n<meta property=\"article:modified_time\" content=\"2026-02-25T10:17:05+00:00\" \/>\n<meta property=\"og:image\" content=\"https:\/\/optimate1.com\/wp-content\/uploads\/2020\/04\/TM71-1.jpg\" \/>\n\t<meta property=\"og:image:width\" content=\"900\" \/>\n\t<meta property=\"og:image:height\" content=\"900\" \/>\n\t<meta property=\"og:image:type\" content=\"image\/jpeg\" \/>\n<meta name=\"twitter:card\" content=\"summary_large_image\" \/>\n<meta name=\"twitter:label1\" content=\"Gesch\u00e4tzte Lesezeit\" \/>\n\t<meta name=\"twitter:data1\" content=\"1\u00a0Minute\" \/>\n<script type=\"application\/ld+json\" class=\"yoast-schema-graph\">{\"@context\":\"https:\/\/schema.org\",\"@graph\":[{\"@type\":\"WebPage\",\"@id\":\"https:\/\/optimate1.com\/product\/cble-tm\/\",\"url\":\"https:\/\/optimate1.com\/product\/cble-tm\/\",\"name\":\"TM-71 Batteriekabel |Ring\u00f6se M6 > KET-Buchse | 7A max - OptiMate\",\"isPartOf\":{\"@id\":\"https:\/\/optimate1.com\/#website\"},\"primaryImageOfPage\":{\"@id\":\"https:\/\/optimate1.com\/product\/cble-tm\/#primaryimage\"},\"image\":{\"@id\":\"https:\/\/optimate1.com\/product\/cble-tm\/#primaryimage\"},\"thumbnailUrl\":\"https:\/\/optimate1.com\/wp-content\/uploads\/2020\/04\/TM71-1.jpg\",\"datePublished\":\"2020-04-17T05:12:25+00:00\",\"dateModified\":\"2026-02-25T10:17:05+00:00\",\"description\":\"Der OptiMate TM-71 ist ein KET\/TM-Anschluss f\u00fcr OptiMate- und AccuMate-Batterieladeger\u00e4te bis 2012. Erfahren Sie mehr \u00fcber dieses Produkt!\",\"breadcrumb\":{\"@id\":\"https:\/\/optimate1.com\/product\/cble-tm\/#breadcrumb\"},\"inLanguage\":\"de\",\"potentialAction\":[{\"@type\":\"ReadAction\",\"target\":[\"https:\/\/optimate1.com\/product\/cble-tm\/\"]}]},{\"@type\":\"ImageObject\",\"inLanguage\":\"de\",\"@id\":\"https:\/\/optimate1.com\/product\/cble-tm\/#primaryimage\",\"url\":\"https:\/\/optimate1.com\/wp-content\/uploads\/2020\/04\/TM71-1.jpg\",\"contentUrl\":\"https:\/\/optimate1.com\/wp-content\/uploads\/2020\/04\/TM71-1.jpg\",\"width\":900,\"height\":900,\"caption\":\"tm connector product image\"},{\"@type\":\"BreadcrumbList\",\"@id\":\"https:\/\/optimate1.com\/product\/cble-tm\/#breadcrumb\",\"itemListElement\":[{\"@type\":\"ListItem\",\"position\":1,\"name\":\"Home\",\"item\":\"https:\/\/optimate1.com\/\"},{\"@type\":\"ListItem\",\"position\":2,\"name\":\"Produkte\",\"item\":\"https:\/\/optimate1.com\/shop\/\"},{\"@type\":\"ListItem\",\"position\":3,\"name\":\"OptiMate TM-71\"}]},{\"@type\":\"WebSite\",\"@id\":\"https:\/\/optimate1.com\/#website\",\"url\":\"https:\/\/optimate1.com\/\",\"name\":\"OptiMate\",\"description\":\"Battery Chargers &amp; Accessories\",\"publisher\":{\"@id\":\"https:\/\/optimate1.com\/#organization\"},\"potentialAction\":[{\"@type\":\"SearchAction\",\"target\":{\"@type\":\"EntryPoint\",\"urlTemplate\":\"https:\/\/optimate1.com\/?s={search_term_string}\"},\"query-input\":{\"@type\":\"PropertyValueSpecification\",\"valueRequired\":true,\"valueName\":\"search_term_string\"}}],\"inLanguage\":\"de\"},{\"@type\":\"Organization\",\"@id\":\"https:\/\/optimate1.com\/#organization\",\"name\":\"OptiMate\",\"url\":\"https:\/\/optimate1.com\/\",\"logo\":{\"@type\":\"ImageObject\",\"inLanguage\":\"de\",\"@id\":\"https:\/\/optimate1.com\/#\/schema\/logo\/image\/\",\"url\":\"https:\/\/optimate1.com\/wp-content\/uploads\/2021\/06\/optimate-hpbc-stacklogo.jpg\",\"contentUrl\":\"https:\/\/optimate1.com\/wp-content\/uploads\/2021\/06\/optimate-hpbc-stacklogo.jpg\",\"width\":1025,\"height\":529,\"caption\":\"OptiMate\"},\"image\":{\"@id\":\"https:\/\/optimate1.com\/#\/schema\/logo\/image\/\"},\"sameAs\":[\"https:\/\/www.facebook.com\/OptiMatebatterysavingcharger\/\"]}]}<\/script>\n<!-- \/ Yoast SEO plugin. -->","yoast_head_json":{"title":"TM-71 Batteriekabel |Ring\u00f6se M6 > KET-Buchse | 7A max - OptiMate","description":"Der OptiMate TM-71 ist ein KET\/TM-Anschluss f\u00fcr OptiMate- und AccuMate-Batterieladeger\u00e4te bis 2012. Erfahren Sie mehr \u00fcber dieses Produkt!","robots":{"index":"index","follow":"follow","max-snippet":"max-snippet:-1","max-image-preview":"max-image-preview:large","max-video-preview":"max-video-preview:-1","archive":"noarchive"},"canonical":"https:\/\/optimate1.com\/product\/cble-tm\/","og_locale":"de_DE","og_type":"article","og_title":"TM-71 Batteriekabel |Ring\u00f6se M6 > KET-Buchse | 7A max - OptiMate","og_description":"Der OptiMate TM-71 ist ein KET\/TM-Anschluss f\u00fcr OptiMate- und AccuMate-Batterieladeger\u00e4te bis 2012. Erfahren Sie mehr \u00fcber dieses Produkt!","og_url":"https:\/\/optimate1.com\/product\/cble-tm\/","og_site_name":"OptiMate","article_publisher":"https:\/\/www.facebook.com\/OptiMatebatterysavingcharger\/","article_modified_time":"2026-02-25T10:17:05+00:00","og_image":[{"width":900,"height":900,"url":"https:\/\/optimate1.com\/wp-content\/uploads\/2020\/04\/TM71-1.jpg","type":"image\/jpeg"}],"twitter_card":"summary_large_image","twitter_misc":{"Gesch\u00e4tzte Lesezeit":"1\u00a0Minute"},"schema":{"@context":"https:\/\/schema.org","@graph":[{"@type":"WebPage","@id":"https:\/\/optimate1.com\/product\/cble-tm\/","url":"https:\/\/optimate1.com\/product\/cble-tm\/","name":"TM-71 Batteriekabel |Ring\u00f6se M6 > KET-Buchse | 7A max - OptiMate","isPartOf":{"@id":"https:\/\/optimate1.com\/#website"},"primaryImageOfPage":{"@id":"https:\/\/optimate1.com\/product\/cble-tm\/#primaryimage"},"image":{"@id":"https:\/\/optimate1.com\/product\/cble-tm\/#primaryimage"},"thumbnailUrl":"https:\/\/optimate1.com\/wp-content\/uploads\/2020\/04\/TM71-1.jpg","datePublished":"2020-04-17T05:12:25+00:00","dateModified":"2026-02-25T10:17:05+00:00","description":"Der OptiMate TM-71 ist ein KET\/TM-Anschluss f\u00fcr OptiMate- und AccuMate-Batterieladeger\u00e4te bis 2012. Erfahren Sie mehr \u00fcber dieses Produkt!","breadcrumb":{"@id":"https:\/\/optimate1.com\/product\/cble-tm\/#breadcrumb"},"inLanguage":"de","potentialAction":[{"@type":"ReadAction","target":["https:\/\/optimate1.com\/product\/cble-tm\/"]}]},{"@type":"ImageObject","inLanguage":"de","@id":"https:\/\/optimate1.com\/product\/cble-tm\/#primaryimage","url":"https:\/\/optimate1.com\/wp-content\/uploads\/2020\/04\/TM71-1.jpg","contentUrl":"https:\/\/optimate1.com\/wp-content\/uploads\/2020\/04\/TM71-1.jpg","width":900,"height":900,"caption":"tm connector product image"},{"@type":"BreadcrumbList","@id":"https:\/\/optimate1.com\/product\/cble-tm\/#breadcrumb","itemListElement":[{"@type":"ListItem","position":1,"name":"Home","item":"https:\/\/optimate1.com\/"},{"@type":"ListItem","position":2,"name":"Produkte","item":"https:\/\/optimate1.com\/shop\/"},{"@type":"ListItem","position":3,"name":"OptiMate TM-71"}]},{"@type":"WebSite","@id":"https:\/\/optimate1.com\/#website","url":"https:\/\/optimate1.com\/","name":"OptiMate","description":"Battery Chargers &amp; Accessories","publisher":{"@id":"https:\/\/optimate1.com\/#organization"},"potentialAction":[{"@type":"SearchAction","target":{"@type":"EntryPoint","urlTemplate":"https:\/\/optimate1.com\/?s={search_term_string}"},"query-input":{"@type":"PropertyValueSpecification","valueRequired":true,"valueName":"search_term_string"}}],"inLanguage":"de"},{"@type":"Organization","@id":"https:\/\/optimate1.com\/#organization","name":"OptiMate","url":"https:\/\/optimate1.com\/","logo":{"@type":"ImageObject","inLanguage":"de","@id":"https:\/\/optimate1.com\/#\/schema\/logo\/image\/","url":"https:\/\/optimate1.com\/wp-content\/uploads\/2021\/06\/optimate-hpbc-stacklogo.jpg","contentUrl":"https:\/\/optimate1.com\/wp-content\/uploads\/2021\/06\/optimate-hpbc-stacklogo.jpg","width":1025,"height":529,"caption":"OptiMate"},"image":{"@id":"https:\/\/optimate1.com\/#\/schema\/logo\/image\/"},"sameAs":["https:\/\/www.facebook.com\/OptiMatebatterysavingcharger\/"]}]}},"_links":{"self":[{"href":"https:\/\/optimate1.com\/de\/wp-json\/wp\/v2\/product\/20155","targetHints":{"allow":["GET"]}}],"collection":[{"href":"https:\/\/optimate1.com\/de\/wp-json\/wp\/v2\/product"}],"about":[{"href":"https:\/\/optimate1.com\/de\/wp-json\/wp\/v2\/types\/product"}],"wp:featuredmedia":[{"embeddable":true,"href":"https:\/\/optimate1.com\/de\/wp-json\/wp\/v2\/media\/18282"}],"wp:attachment":[{"href":"https:\/\/optimate1.com\/de\/wp-json\/wp\/v2\/media?parent=20155"}],"wp:term":[{"taxonomy":"product_brand","embeddable":true,"href":"https:\/\/optimate1.com\/de\/wp-json\/wp\/v2\/product_brand?post=20155"},{"taxonomy":"product_cat","embeddable":true,"href":"https:\/\/optimate1.com\/de\/wp-json\/wp\/v2\/product_cat?post=20155"},{"taxonomy":"product_tag","embeddable":true,"href":"https:\/\/optimate1.com\/de\/wp-json\/wp\/v2\/product_tag?post=20155"}],"curies":[{"name":"wp","href":"https:\/\/api.w.org\/{rel}","templated":true}]}}