{"id":23143,"date":"2021-01-22T07:49:31","date_gmt":"2021-01-22T12:49:31","guid":{"rendered":"https:\/\/optimate1.com\/product\/optimate-solar-60w-solar-panel-de\/"},"modified":"2026-03-16T11:17:15","modified_gmt":"2026-03-16T15:17:15","slug":"optimate-solar-60w-travel-kit-akku-ladegerat","status":"publish","type":"product","link":"https:\/\/optimate1.com\/de\/product\/optimate-solar-60w-travel-kit-akku-ladegerat\/","title":{"rendered":"OptiMate Solar 60W Travel Kit"},"content":{"rendered":"<h6 style=\"text-align: center;\"><strong><span style=\"color: #10069f;\">OptiMate Solar 60W ist das intelligente, sonnenbetriebene 24-7 Ladeger\u00e4t &amp; Wartungsger\u00e4t f\u00fcr alle 12V-Blei-S\u00e4ure-Batterien. &#8211; <\/span><\/strong><i><span style=\"color: #10069f;\">Ideal f\u00fcr Batterien, die in diesen Fahrzeugen zu finden sind.<\/span><\/i><\/h6>\n<h6 style=\"text-align: center;\"><img loading=\"lazy\" decoding=\"async\" class=\"aligncenter wp-image-20668\" src=\"https:\/\/optimate1.com\/wp-content\/uploads\/2021\/01\/Vehicle-range-Solar-60WTK80WTK-01.png\" alt=\"The solar battery charger RV is for recommended for cars, 4x4 cars, RV, maritime and light aircraft\" width=\"428\" height=\"66\" \/><\/h6>\n<p>&nbsp;<\/p>\n<h6 style=\"text-align: center;\"><strong><span style=\"color: #10069f;\">Der intelligente Laderegler passt die Ladung automatisch je nach Batterietyp und -zustand an. &#8211; <\/span><\/strong><i><span style=\"color: #10069f;\">Die intelligente Steuerung von OptiMate Solar garantiert eine l\u00e4ngere Batterielebensdauer und mehr Batterieleistung!<\/span><\/i><\/h6>\n<h6 style=\"text-align: center;\"><img loading=\"lazy\" decoding=\"async\" class=\"aligncenter wp-image-20876\" src=\"https:\/\/optimate1.com\/wp-content\/uploads\/2021\/01\/Smart-control-copy-01-scaled.jpg\" alt=\"The smart charge controller automatically adjusts charge according to battery type and condition. \" width=\"428\" height=\"70\" \/><\/h6>\n<p>&nbsp;<\/p>\n<h6 style=\"text-align: center;\"><strong><span style=\"color: #10069f;\">Das vollautomatische, mehrstufige Programm des Reglers bringt die Batterie sicher zur vollen Ladung &#8211; <\/span><\/strong><span style=\"color: #10069f;\"><i style=\"caret-color: #10069f;\">Schlie\u00dfen Sie den OptiMate Solar 60W an die Batterie an und er erledigt den Rest, ohne dass eine \u00dcberwachung erforderlich ist!<\/i><\/span><\/h6>\n<h6 style=\"text-align: center;\"><img loading=\"lazy\" decoding=\"async\" class=\"aligncenter wp-image-20876\" src=\"https:\/\/optimate1.com\/wp-content\/uploads\/2021\/01\/SAVE-CHARGE-MAINTAIN-Solar-DUO-10W.png\" alt=\"The fully automatic multi-step program of the controller brings the battery to full charge. \" width=\"428\" height=\"70\" \/><\/h6>\n<p>&nbsp;<\/p>\n<h6 style=\"text-align: center;\"><strong><span style=\"color: #10069f;\">Das Reiseset enth\u00e4lt Komponenten in Premiumqualit\u00e4t<br \/>\n1) Reisetasche 2) polykristallines Solarmodul, mit verstellbarem St\u00e4nder! 3) OptiMate Solar Controller 4) O-04 Batterieklemmen 5) O-01 Batteriekabel &#8211; <\/span><\/strong><i><span style=\"color: #10069f;\">f\u00fcr das komplette Solarladeerlebnis!<\/span><\/i><\/h6>\n<h6 style=\"text-align: center;\"><img loading=\"lazy\" decoding=\"async\" class=\"aligncenter wp-image-20876\" src=\"https:\/\/optimate1.com\/wp-content\/uploads\/2021\/01\/Travel-Kit-included-60W-01-scaled.jpg\" alt=\"The solar battery charger RV includes premium quality components: polycristalline solar panel, travel bag, OptiMate Solar Duo controller, O-04 battery clips and O-01 battery lead. \" width=\"428\" height=\"70\" \/><\/h6>\n<p>&nbsp;<\/p>\n<p>&nbsp;<\/p>\n<h4 style=\"text-align: center;\"><strong><span style=\"text-decoration: underline;\">MEHR FEATURES:<\/span><\/strong><\/h4>\n<p style=\"text-align: center;\">\n<table id=\"tablepress-596\" class=\"tablepress tablepress-id-596\">\n<tbody class=\"row-hover\">\n<tr class=\"row-1\">\n\t<td class=\"column-1\"><a href=\"\"><img loading=\"lazy\" decoding=\"async\" src=\"https:\/\/optimate1.com\/wp-content\/uploads\/2023\/11\/OptiMate-solar-batteries.png\" alt=\"\" width=\"300\" height=\"50\" class=\"aligncenter size-medium wp-image-20927\" \/><\/a><body><h6><center>F\u00fcr Blei-S\u00e4ure (Pb) 12V-Batterietypen, einschlie\u00dflich STD (mit Einf\u00fcllkappen), AGM &amp; GEL (versiegelte VRLA).<\/body><\/h6><\/center><br \/>\n<\/td>\n<\/tr>\n<tr class=\"row-2\">\n\t<td class=\"column-1\"><a href=\"\"><img loading=\"lazy\" decoding=\"async\" src=\"https:\/\/optimate1.com\/wp-content\/uploads\/2021\/01\/SMART-dual-conversion.png\" alt=\"\" width=\"300\" height=\"50\" class=\"aligncenter size-medium wp-image-20928\" \/><\/a><body><h6><center>Wandelt geringe Solarenergie in effiziente Impulsladung um.<\/body><\/h6><\/center><\/td>\n<\/tr>\n<tr class=\"row-3\">\n\t<td class=\"column-1\"><a href=\"\"><img loading=\"lazy\" decoding=\"async\" src=\"https:\/\/optimate1.com\/wp-content\/uploads\/2021\/01\/MONITOR-01-1.png\" alt=\"\" width=\"300\" height=\"50\" class=\"aligncenter size-medium wp-image-20995\" \/><\/a><body><h6><center>DAY: Laden und warten. NACHT: \u00dcberwachung des Ladezustands.<\/body><\/h6><\/center><\/td>\n<\/tr>\n<tr class=\"row-4\">\n\t<td class=\"column-1\"><a href=\"\"><img loading=\"lazy\" decoding=\"async\" src=\"https:\/\/optimate1.com\/wp-content\/uploads\/2021\/01\/safe-solar-connection-01-scaled.jpg\" alt=\"\" width=\"300\" height=\"50\" class=\"aligncenter size-medium wp-image-20982\" \/><\/a><body><h6><center>Kann sicher angeschlossen bleiben. Vollst\u00e4ndiger elektronischer Schutz. <\/center><\/h6><\/body><\/td>\n<\/tr>\n<tr class=\"row-5\">\n\t<td class=\"column-1\"><a href=\"\"><img loading=\"lazy\" decoding=\"async\" src=\"https:\/\/optimate1.com\/wp-content\/uploads\/2021\/01\/Saves-from-as-low-as-1V-60W80W-01.png\" alt=\"\" width=\"300\" height=\"50\" class=\"aligncenter size-medium wp-image-20993\" \/><\/a><body><h6><center>Rettet Ihre \"tote\" Batterie schon ab 1V.<\/body><\/h6><\/center><\/td>\n<\/tr>\n<tr class=\"row-6\">\n\t<td class=\"column-1\"><a href=\"\"><img loading=\"lazy\" decoding=\"async\" src=\"https:\/\/optimate1.com\/wp-content\/uploads\/2021\/01\/Monitors-STD-battery-state-of-charge-01-scaled.jpg\" alt=\"\" width=\"300\" height=\"50\" class=\"aligncenter size-medium wp-image-20985\" \/><\/a><body><h6><center>Zeigt den Ladezustand der Batterie an.<\/body><\/h6><\/center><\/td>\n<\/tr>\n<tr class=\"row-7\">\n\t<td class=\"column-1\"><a href=\"\"><img loading=\"lazy\" decoding=\"async\" src=\"https:\/\/optimate1.com\/wp-content\/uploads\/2020\/12\/green-technology-hx2-1-300x49.png\" alt=\"\" width=\"300\" height=\"50\" class=\"aligncenter size-medium wp-image-20983\" \/><\/a><body><h6><center>Energiesparende Technologie.<br \/>\n<strong>\u221a<\/strong> Effiziente Doppelwandlung.<br \/>\n<strong>\u221a<\/strong> Vollst\u00e4ndige 24\/7-Wartung.<\/body><\/h6><\/center><\/td>\n<\/tr>\n<tr class=\"row-8\">\n\t<td class=\"column-1\"><a href=\"\"><img loading=\"lazy\" decoding=\"async\" src=\"https:\/\/optimate1.com\/wp-content\/uploads\/2021\/01\/Weatherproof-Solar-01.png\" alt=\"\" width=\"300\" height=\"50\" class=\"aligncenter size-medium wp-image-21012\" \/><\/a><body><h6><center>Funktioniert bei jedem Wetter!<\/body><\/h6><\/center><\/td>\n<\/tr>\n<\/tbody>\n<\/table>\n<!-- #tablepress-596 from cache --><\/p>\n<h4 style=\"text-align: center;\"><strong><span style=\"text-decoration: underline;\">MEHR \u00dcBER SOLAR:<\/span><\/strong><\/h4>\n<p style=\"text-align: center;\"><a href=\"https:\/\/optimate1.com\/de\/solar\/\">https:\/\/optimate1.com\/solar\/<\/a><\/p>\n","protected":false},"excerpt":{"rendered":"<h3><span style=\"color: #cd202c;\">6-stufiges gekapseltes batterieschonendes 12V 5A Solarlade- &amp; -wartungsger\u00e4t<\/span><\/h3>\n","protected":false},"featured_media":30097,"template":"","meta":[],"product_brand":[],"product_cat":[419],"product_tag":[],"class_list":{"0":"post-23143","1":"product","2":"type-product","3":"status-publish","4":"has-post-thumbnail","6":"product_cat-battery-chargers-de","7":"pa_charge-battery-chemistry-pb-agm-gel-std-lead-acid-de","8":"pa_charge-battery-chemistry-pb-li-both-above-de","9":"pa_charge-battery-more-12v-de","10":"pa_charge-battery-more-boot-wasserfahrzeug","11":"pa_charge-battery-more-deep-cycle-industriell","12":"pa_charge-battery-more-traktor-baumaschine","13":"pa_charge-battery-more-wohnmobil-wagen","14":"pa_power-solar-de","15":"pa_product-group-optimate-solar-de","16":"pa_region-ca-de-2","17":"pa_region-eu-de-2","18":"pa_region-uk-de-2","19":"pa_region-us-de-2","20":"iside_voltage-12-de","21":"iside_ampere-5-de","22":"iside_vehicle-marine-de","23":"iside_vehicle-rv-caravan-de","24":"iside_charger_series-off-grid-eco-de","25":"iside_charger_features-save-sulphated-pb-lead-acid-de","26":"iside_charger_features-sichere-batteriewartung-rund-um-die-uhr","27":"iside_charger_type-solar-de","28":"iside_battery_voltage-12v-de","29":"iside_battery_chemistry-pb-lead-acid-de","30":"battery_charger_current-5a-6a-de","31":"thunk-woo-product-list","32":"opn-qv-enable","33":"big-store-woo-hover-","34":"open-single-product-tab-horizontal","35":"open-shadow-","36":"open-shadow-hover-","38":"first","39":"instock","40":"featured","41":"shipping-taxable","42":"purchasable","43":"product-type-simple"},"yoast_head":"<!-- This site is optimized with the Yoast SEO plugin v27.2 - https:\/\/yoast.com\/product\/yoast-seo-wordpress\/ -->\n<title>OptiMate Solar 60W Travel Kit - OptiMate<\/title>\n<meta name=\"description\" content=\"Das OptiMate Solar 60W Travel Kit ist das intelligente, solar Akku Ladeger\u00e4t f\u00fcr alle 12V-Bleiakkus. Lesen Sie mehr!\" \/>\n<meta name=\"robots\" content=\"index, follow, max-snippet:-1, max-image-preview:large, max-video-preview:-1, noarchive\" \/>\n<link rel=\"canonical\" href=\"https:\/\/optimate1.com\/product\/tm523-6-tk\/\" \/>\n<meta property=\"og:locale\" content=\"de_DE\" \/>\n<meta property=\"og:type\" content=\"article\" \/>\n<meta property=\"og:title\" content=\"OptiMate Solar 60W Travel Kit - OptiMate\" \/>\n<meta property=\"og:description\" content=\"Das OptiMate Solar 60W Travel Kit ist das intelligente, solar Akku Ladeger\u00e4t f\u00fcr alle 12V-Bleiakkus. Lesen Sie mehr!\" \/>\n<meta property=\"og:url\" content=\"https:\/\/optimate1.com\/product\/tm523-6-tk\/\" \/>\n<meta property=\"og:site_name\" content=\"OptiMate\" \/>\n<meta property=\"article:publisher\" content=\"https:\/\/www.facebook.com\/OptiMatebatterysavingcharger\/\" \/>\n<meta property=\"article:modified_time\" content=\"2026-03-16T15:17:15+00:00\" \/>\n<meta property=\"og:image\" content=\"https:\/\/optimate1.com\/wp-content\/uploads\/2021\/01\/OptiMate-Solar-Panel-60W-Kit-TM523-6TK-im1-orange-corner-de.png\" \/>\n\t<meta property=\"og:image:width\" content=\"900\" \/>\n\t<meta property=\"og:image:height\" content=\"900\" \/>\n\t<meta property=\"og:image:type\" content=\"image\/png\" \/>\n<meta name=\"twitter:card\" content=\"summary_large_image\" \/>\n<meta name=\"twitter:label1\" content=\"Gesch\u00e4tzte Lesezeit\" \/>\n\t<meta name=\"twitter:data1\" content=\"2\u00a0Minuten\" \/>\n<script type=\"application\/ld+json\" class=\"yoast-schema-graph\">{\"@context\":\"https:\/\/schema.org\",\"@graph\":[{\"@type\":\"WebPage\",\"@id\":\"https:\/\/optimate1.com\/product\/tm523-6-tk\/\",\"url\":\"https:\/\/optimate1.com\/product\/tm523-6-tk\/\",\"name\":\"OptiMate Solar 60W Travel Kit - OptiMate\",\"isPartOf\":{\"@id\":\"https:\/\/optimate1.com\/#website\"},\"primaryImageOfPage\":{\"@id\":\"https:\/\/optimate1.com\/product\/tm523-6-tk\/#primaryimage\"},\"image\":{\"@id\":\"https:\/\/optimate1.com\/product\/tm523-6-tk\/#primaryimage\"},\"thumbnailUrl\":\"https:\/\/optimate1.com\/wp-content\/uploads\/2021\/01\/OptiMate-Solar-Panel-60W-Kit-TM523-6TK-im1-orange-corner-de.png\",\"datePublished\":\"2021-01-22T12:49:31+00:00\",\"dateModified\":\"2026-03-16T15:17:15+00:00\",\"description\":\"Das OptiMate Solar 60W Travel Kit ist das intelligente, solar Akku Ladeger\u00e4t f\u00fcr alle 12V-Bleiakkus. Lesen Sie mehr!\",\"breadcrumb\":{\"@id\":\"https:\/\/optimate1.com\/product\/tm523-6-tk\/#breadcrumb\"},\"inLanguage\":\"de\",\"potentialAction\":[{\"@type\":\"ReadAction\",\"target\":[\"https:\/\/optimate1.com\/product\/tm523-6-tk\/\"]}]},{\"@type\":\"ImageObject\",\"inLanguage\":\"de\",\"@id\":\"https:\/\/optimate1.com\/product\/tm523-6-tk\/#primaryimage\",\"url\":\"https:\/\/optimate1.com\/wp-content\/uploads\/2021\/01\/OptiMate-Solar-Panel-60W-Kit-TM523-6TK-im1-orange-corner-de.png\",\"contentUrl\":\"https:\/\/optimate1.com\/wp-content\/uploads\/2021\/01\/OptiMate-Solar-Panel-60W-Kit-TM523-6TK-im1-orange-corner-de.png\",\"width\":900,\"height\":900,\"caption\":\"solar akku ladeger\u00e4t produktbild\"},{\"@type\":\"BreadcrumbList\",\"@id\":\"https:\/\/optimate1.com\/product\/tm523-6-tk\/#breadcrumb\",\"itemListElement\":[{\"@type\":\"ListItem\",\"position\":1,\"name\":\"Home\",\"item\":\"https:\/\/optimate1.com\/\"},{\"@type\":\"ListItem\",\"position\":2,\"name\":\"Produkte\",\"item\":\"https:\/\/optimate1.com\/shop\/\"},{\"@type\":\"ListItem\",\"position\":3,\"name\":\"OptiMate Solar 60W Travel Kit\"}]},{\"@type\":\"WebSite\",\"@id\":\"https:\/\/optimate1.com\/#website\",\"url\":\"https:\/\/optimate1.com\/\",\"name\":\"OptiMate\",\"description\":\"Battery Chargers &amp; Accessories\",\"publisher\":{\"@id\":\"https:\/\/optimate1.com\/#organization\"},\"potentialAction\":[{\"@type\":\"SearchAction\",\"target\":{\"@type\":\"EntryPoint\",\"urlTemplate\":\"https:\/\/optimate1.com\/?s={search_term_string}\"},\"query-input\":{\"@type\":\"PropertyValueSpecification\",\"valueRequired\":true,\"valueName\":\"search_term_string\"}}],\"inLanguage\":\"de\"},{\"@type\":\"Organization\",\"@id\":\"https:\/\/optimate1.com\/#organization\",\"name\":\"OptiMate\",\"url\":\"https:\/\/optimate1.com\/\",\"logo\":{\"@type\":\"ImageObject\",\"inLanguage\":\"de\",\"@id\":\"https:\/\/optimate1.com\/#\/schema\/logo\/image\/\",\"url\":\"https:\/\/optimate1.com\/wp-content\/uploads\/2021\/06\/optimate-hpbc-stacklogo.jpg\",\"contentUrl\":\"https:\/\/optimate1.com\/wp-content\/uploads\/2021\/06\/optimate-hpbc-stacklogo.jpg\",\"width\":1025,\"height\":529,\"caption\":\"OptiMate\"},\"image\":{\"@id\":\"https:\/\/optimate1.com\/#\/schema\/logo\/image\/\"},\"sameAs\":[\"https:\/\/www.facebook.com\/OptiMatebatterysavingcharger\/\"]}]}<\/script>\n<!-- \/ Yoast SEO plugin. -->","yoast_head_json":{"title":"OptiMate Solar 60W Travel Kit - OptiMate","description":"Das OptiMate Solar 60W Travel Kit ist das intelligente, solar Akku Ladeger\u00e4t f\u00fcr alle 12V-Bleiakkus. Lesen Sie mehr!","robots":{"index":"index","follow":"follow","max-snippet":"max-snippet:-1","max-image-preview":"max-image-preview:large","max-video-preview":"max-video-preview:-1","archive":"noarchive"},"canonical":"https:\/\/optimate1.com\/product\/tm523-6-tk\/","og_locale":"de_DE","og_type":"article","og_title":"OptiMate Solar 60W Travel Kit - OptiMate","og_description":"Das OptiMate Solar 60W Travel Kit ist das intelligente, solar Akku Ladeger\u00e4t f\u00fcr alle 12V-Bleiakkus. Lesen Sie mehr!","og_url":"https:\/\/optimate1.com\/product\/tm523-6-tk\/","og_site_name":"OptiMate","article_publisher":"https:\/\/www.facebook.com\/OptiMatebatterysavingcharger\/","article_modified_time":"2026-03-16T15:17:15+00:00","og_image":[{"width":900,"height":900,"url":"https:\/\/optimate1.com\/wp-content\/uploads\/2021\/01\/OptiMate-Solar-Panel-60W-Kit-TM523-6TK-im1-orange-corner-de.png","type":"image\/png"}],"twitter_card":"summary_large_image","twitter_misc":{"Gesch\u00e4tzte Lesezeit":"2\u00a0Minuten"},"schema":{"@context":"https:\/\/schema.org","@graph":[{"@type":"WebPage","@id":"https:\/\/optimate1.com\/product\/tm523-6-tk\/","url":"https:\/\/optimate1.com\/product\/tm523-6-tk\/","name":"OptiMate Solar 60W Travel Kit - OptiMate","isPartOf":{"@id":"https:\/\/optimate1.com\/#website"},"primaryImageOfPage":{"@id":"https:\/\/optimate1.com\/product\/tm523-6-tk\/#primaryimage"},"image":{"@id":"https:\/\/optimate1.com\/product\/tm523-6-tk\/#primaryimage"},"thumbnailUrl":"https:\/\/optimate1.com\/wp-content\/uploads\/2021\/01\/OptiMate-Solar-Panel-60W-Kit-TM523-6TK-im1-orange-corner-de.png","datePublished":"2021-01-22T12:49:31+00:00","dateModified":"2026-03-16T15:17:15+00:00","description":"Das OptiMate Solar 60W Travel Kit ist das intelligente, solar Akku Ladeger\u00e4t f\u00fcr alle 12V-Bleiakkus. Lesen Sie mehr!","breadcrumb":{"@id":"https:\/\/optimate1.com\/product\/tm523-6-tk\/#breadcrumb"},"inLanguage":"de","potentialAction":[{"@type":"ReadAction","target":["https:\/\/optimate1.com\/product\/tm523-6-tk\/"]}]},{"@type":"ImageObject","inLanguage":"de","@id":"https:\/\/optimate1.com\/product\/tm523-6-tk\/#primaryimage","url":"https:\/\/optimate1.com\/wp-content\/uploads\/2021\/01\/OptiMate-Solar-Panel-60W-Kit-TM523-6TK-im1-orange-corner-de.png","contentUrl":"https:\/\/optimate1.com\/wp-content\/uploads\/2021\/01\/OptiMate-Solar-Panel-60W-Kit-TM523-6TK-im1-orange-corner-de.png","width":900,"height":900,"caption":"solar akku ladeger\u00e4t produktbild"},{"@type":"BreadcrumbList","@id":"https:\/\/optimate1.com\/product\/tm523-6-tk\/#breadcrumb","itemListElement":[{"@type":"ListItem","position":1,"name":"Home","item":"https:\/\/optimate1.com\/"},{"@type":"ListItem","position":2,"name":"Produkte","item":"https:\/\/optimate1.com\/shop\/"},{"@type":"ListItem","position":3,"name":"OptiMate Solar 60W Travel Kit"}]},{"@type":"WebSite","@id":"https:\/\/optimate1.com\/#website","url":"https:\/\/optimate1.com\/","name":"OptiMate","description":"Battery Chargers &amp; Accessories","publisher":{"@id":"https:\/\/optimate1.com\/#organization"},"potentialAction":[{"@type":"SearchAction","target":{"@type":"EntryPoint","urlTemplate":"https:\/\/optimate1.com\/?s={search_term_string}"},"query-input":{"@type":"PropertyValueSpecification","valueRequired":true,"valueName":"search_term_string"}}],"inLanguage":"de"},{"@type":"Organization","@id":"https:\/\/optimate1.com\/#organization","name":"OptiMate","url":"https:\/\/optimate1.com\/","logo":{"@type":"ImageObject","inLanguage":"de","@id":"https:\/\/optimate1.com\/#\/schema\/logo\/image\/","url":"https:\/\/optimate1.com\/wp-content\/uploads\/2021\/06\/optimate-hpbc-stacklogo.jpg","contentUrl":"https:\/\/optimate1.com\/wp-content\/uploads\/2021\/06\/optimate-hpbc-stacklogo.jpg","width":1025,"height":529,"caption":"OptiMate"},"image":{"@id":"https:\/\/optimate1.com\/#\/schema\/logo\/image\/"},"sameAs":["https:\/\/www.facebook.com\/OptiMatebatterysavingcharger\/"]}]}},"_links":{"self":[{"href":"https:\/\/optimate1.com\/de\/wp-json\/wp\/v2\/product\/23143","targetHints":{"allow":["GET"]}}],"collection":[{"href":"https:\/\/optimate1.com\/de\/wp-json\/wp\/v2\/product"}],"about":[{"href":"https:\/\/optimate1.com\/de\/wp-json\/wp\/v2\/types\/product"}],"wp:featuredmedia":[{"embeddable":true,"href":"https:\/\/optimate1.com\/de\/wp-json\/wp\/v2\/media\/30097"}],"wp:attachment":[{"href":"https:\/\/optimate1.com\/de\/wp-json\/wp\/v2\/media?parent=23143"}],"wp:term":[{"taxonomy":"product_brand","embeddable":true,"href":"https:\/\/optimate1.com\/de\/wp-json\/wp\/v2\/product_brand?post=23143"},{"taxonomy":"product_cat","embeddable":true,"href":"https:\/\/optimate1.com\/de\/wp-json\/wp\/v2\/product_cat?post=23143"},{"taxonomy":"product_tag","embeddable":true,"href":"https:\/\/optimate1.com\/de\/wp-json\/wp\/v2\/product_tag?post=23143"}],"curies":[{"name":"wp","href":"https:\/\/api.w.org\/{rel}","templated":true}]}}