{"id":23316,"date":"2021-01-19T07:15:04","date_gmt":"2021-01-19T12:15:04","guid":{"rendered":"https:\/\/optimate1.com\/product\/optimate-solar-20w-solar-panel-de\/"},"modified":"2026-01-27T08:27:09","modified_gmt":"2026-01-27T13:27:09","slug":"optimate-solar-duo-20w-12v-ladegerat","status":"publish","type":"product","link":"https:\/\/optimate1.com\/de\/product\/optimate-solar-duo-20w-12v-ladegerat\/","title":{"rendered":"OptiMate Solar DUO 20W"},"content":{"rendered":"<h6 style=\"text-align: center;\"><strong><span style=\"color: #10069f;\">OptiMate Solar DUO 20W ist das intelligente sonnenbetriebene Ladeger\u00e4t &amp; Wartungsger\u00e4t f\u00fcr alle 12V-Batterien.<\/span><\/strong><\/h6>\n<h6 style=\"text-align: center;\"><a href=\"https:\/\/optimate1.com\/wp-content\/uploads\/2021\/02\/DUO-concept.png\"><img loading=\"lazy\" decoding=\"async\" class=\"aligncenter wp-image-23033 size-full\" src=\"https:\/\/optimate1.com\/wp-content\/uploads\/2021\/02\/DUO-concept.png\" alt=\"The optimate 1 duo adapts automatically to the connected battery type: Lithium or standard.\" width=\"428\" height=\"98\" srcset=\"https:\/\/optimate1.com\/wp-content\/uploads\/2021\/02\/DUO-concept.png 428w, https:\/\/optimate1.com\/wp-content\/uploads\/2021\/02\/DUO-concept-64x15.png 64w, https:\/\/optimate1.com\/wp-content\/uploads\/2021\/02\/DUO-concept-300x69.png 300w\" sizes=\"auto, (max-width: 428px) 100vw, 428px\" \/><\/a><\/h6>\n<p>&nbsp;<\/p>\n<h6 style=\"text-align: center;\"><strong><span style=\"color: #10069f;\">Ideal f\u00fcr Batterien, die in diesen Fahrzeugen zu finden sind.<\/span><\/strong><\/h6>\n<h6 style=\"text-align: center;\"><img loading=\"lazy\" decoding=\"async\" class=\"aligncenter wp-image-20668\" src=\"https:\/\/optimate1.com\/wp-content\/uploads\/2021\/01\/Vehicle-range-Solar-DUO-10W-01.png\" alt=\"The 20w solar charger is recommended for ATV, motorcycles, jet skis, cars and lawn mowers. \" width=\"428\" height=\"66\" \/><\/h6>\n<p>&nbsp;<\/p>\n<h6 style=\"text-align: center;\"><strong><span style=\"color: #10069f;\">Der intelligente Laderegler passt die Ladung automatisch an den Batterietyp und -zustand an. &#8211; <\/span><\/strong><em><span style=\"color: #10069f;\">Die intelligente Steuerung des OptiMate Solar DUO garantiert eine l\u00e4ngere Batterielebensdauer und mehr Batterieleistung!<\/span><\/em><\/h6>\n<h6 style=\"text-align: center;\"><img loading=\"lazy\" decoding=\"async\" class=\"aligncenter wp-image-20876\" src=\"https:\/\/optimate1.com\/wp-content\/uploads\/2021\/01\/Smart-control-scaled.jpg\" alt=\"The smart charge controller automatically adjusts charge according to battery type and condition. \" width=\"428\" height=\"70\" \/><\/h6>\n<p>&nbsp;<\/p>\n<h6 style=\"text-align: center;\"><strong><span style=\"color: #10069f;\">Das vollautomatische, mehrstufige Programm des Reglers bringt die Batterie sicher zur vollen Ladung &#8211; &#8211; <\/span><\/strong><span style=\"color: #10069f;\"><i style=\"caret-color: #10069f;\">Schlie\u00dfen Sie die Batterie an, und OptiMate Solar DUO 20W erledigt den Rest, ohne dass eine \u00dcberwachung erforderlich ist!<\/i><\/span><\/h6>\n<h6 style=\"text-align: center;\"><img loading=\"lazy\" decoding=\"async\" class=\"aligncenter wp-image-20876\" src=\"https:\/\/optimate1.com\/wp-content\/uploads\/2021\/01\/SAVE-CHARGE-MAINTAIN-Solar-DUO-10W.png\" alt=\"The fully automatic multi-step program of the controller brings the battery to full charge. \" width=\"428\" height=\"70\" \/><\/h6>\n<p>&nbsp;<\/p>\n<p>&nbsp;<\/p>\n<h4 style=\"text-align: center;\"><strong><span style=\"text-decoration: underline;\">MEHR FEATURES:<\/span><\/strong><\/h4>\n<p style=\"text-align: center;\">\n<table id=\"tablepress-591\" class=\"tablepress tablepress-id-591\">\n<tbody class=\"row-hover\">\n<tr class=\"row-1\">\n\t<td class=\"column-1\"><a href=\"\"><img loading=\"lazy\" decoding=\"async\" src=\"https:\/\/optimate1.com\/wp-content\/uploads\/2023\/09\/1DUO-batteries-copy-2.png\" alt=\"\" width=\"300\" height=\"50\" class=\"aligncenter size-medium wp-image-20927\" \/><\/a><body><h6><center>F\u00fcr alle 12-Volt-Energiesportbatterietypen, einschlie\u00dflich Blei-S\u00e4ure (Pb) > STD (mit Einf\u00fcllkappen), AGM &amp; GEL (versiegelte VRLA) ) und Li-Ion mit LiFePO4 \/ LFP-Technologie.<\/body><\/h6><\/center><br \/>\n<\/td>\n<\/tr>\n<tr class=\"row-2\">\n\t<td class=\"column-1\"><a href=\"\"><img loading=\"lazy\" decoding=\"async\" src=\"https:\/\/optimate1.com\/wp-content\/uploads\/2021\/01\/SMART-dual-conversion.png\" alt=\"\" width=\"300\" height=\"50\" class=\"aligncenter size-medium wp-image-20928\" \/><\/a><body><h6><center>Wandelt geringe Sonnenenergie in effiziente Impulsladung um. <\/body><\/h6><\/center><\/td>\n<\/tr>\n<tr class=\"row-3\">\n\t<td class=\"column-1\"><a href=\"\"><img loading=\"lazy\" decoding=\"async\" src=\"https:\/\/optimate1.com\/wp-content\/uploads\/2021\/01\/MONITOR-01-1.png\" alt=\"\" width=\"300\" height=\"50\" class=\"aligncenter size-medium wp-image-20995\" \/><\/a><body><h6><center>DAY: Aufladen und warten. NACHT: \u00dcberwachung des Ladezustands.<\/body><\/h6><\/center><\/td>\n<\/tr>\n<tr class=\"row-4\">\n\t<td class=\"column-1\"><a href=\"\"><img loading=\"lazy\" decoding=\"async\" src=\"https:\/\/optimate1.com\/wp-content\/uploads\/2021\/01\/safe-solar-connection-01-scaled.jpg\" alt=\"\" width=\"300\" height=\"50\" class=\"aligncenter size-medium wp-image-20982\" \/><\/a><body><h6><center>Kann sicher angeschlossen bleiben. Vollst\u00e4ndiger elektronischer Schutz.<\/center><\/h6><\/body><\/td>\n<\/tr>\n<tr class=\"row-5\">\n\t<td class=\"column-1\"><a href=\"\"><img loading=\"lazy\" decoding=\"async\" src=\"https:\/\/optimate1.com\/wp-content\/uploads\/2021\/01\/Saves-from-as-low-as-4V-01.png\" alt=\"\" width=\"300\" height=\"50\" class=\"aligncenter size-medium wp-image-20993\" \/><\/a><body><h6><center>Rettet Ihre \"tote\" Batterie schon ab 4V.<\/body><\/h6><\/center><\/td>\n<\/tr>\n<tr class=\"row-6\">\n\t<td class=\"column-1\"><a href=\"\"><img loading=\"lazy\" decoding=\"async\" src=\"https:\/\/optimate1.com\/wp-content\/uploads\/2021\/01\/Monitors-battery-state-of-charge-01_with-LEDs-scaled.jpg\" alt=\"\" width=\"300\" height=\"50\" class=\"aligncenter size-medium wp-image-20985\" \/><\/a><body><h6><center>Zeigt den Ladezustand der Batterie an.<\/body><\/h6><\/center><\/td>\n<\/tr>\n<tr class=\"row-7\">\n\t<td class=\"column-1\"><a href=\"\"><img loading=\"lazy\" decoding=\"async\" src=\"https:\/\/optimate1.com\/wp-content\/uploads\/2020\/12\/green-technology-hx2-1-300x49.png\" alt=\"\" width=\"300\" height=\"50\" class=\"aligncenter size-medium wp-image-20983\" \/><\/a><body><h6><center>Energiesparende Technologie.<br \/>\n<strong>\u221a<\/strong> Effiziente Doppelwandlung.<br \/>\n<strong>\u221a<\/strong> Vollst\u00e4ndige 24\/7-Wartung.<\/body><\/h6><\/center><\/td>\n<\/tr>\n<tr class=\"row-8\">\n\t<td class=\"column-1\"><a href=\"\"><img loading=\"lazy\" decoding=\"async\" src=\"https:\/\/optimate1.com\/wp-content\/uploads\/2021\/01\/Weatherproof-Solar-01.png\" alt=\"\" width=\"300\" height=\"50\" class=\"aligncenter size-medium wp-image-21012\" \/><\/a><body><h6><center>Funktioniert bei jedem Wetter!<\/body><\/h6><\/center><\/td>\n<\/tr>\n<\/tbody>\n<\/table>\n<!-- #tablepress-591 from cache --><\/p>\n<h4 style=\"text-align: center;\"><strong><span style=\"text-decoration: underline;\">MEHR \u00dcBER SOLAR:<\/span><\/strong><\/h4>\n<p style=\"text-align: center;\"><a href=\"https:\/\/optimate1.com\/de\/solar\/\">https:\/\/optimate1.com\/solar\/<\/a><\/p>\n","protected":false},"excerpt":{"rendered":"<h3><span style=\"color: #cd202c;\">6-stufiges gekapseltes batterieschonendes 12V \/ 12.8V 1.67A Solarlade- &amp; -wartungsger\u00e4t<\/span><\/h3>\n","protected":false},"featured_media":30077,"template":"","meta":[],"product_brand":[],"product_cat":[419],"product_tag":[],"class_list":{"0":"post-23316","1":"product","2":"type-product","3":"status-publish","4":"has-post-thumbnail","6":"product_cat-battery-chargers-de","7":"pa_charge-battery-chemistry-pb-agm-gel-std-lead-acid-de","8":"pa_charge-battery-chemistry-pb-li-both-above-de","9":"pa_charge-battery-more-12v-de","10":"pa_charge-battery-more-auto-lieferwagen","11":"pa_charge-battery-more-boot-wasserfahrzeug","12":"pa_charge-battery-more-flugzeug-licht","13":"pa_charge-battery-more-motorrad-gelandewagen","14":"pa_charge-battery-more-oldtimer-de","15":"pa_charge-battery-more-utv-sxs-cruiser-de","16":"pa_power-solar-de","17":"pa_product-group-optimate-duo-de","18":"pa_product-group-optimate-solar-de","19":"pa_region-ca-de-2","20":"pa_region-eu-de-2","21":"pa_region-uk-de-2","22":"pa_region-us-de-2","23":"iside_voltage-12-de","24":"iside_voltage-12-8-de","25":"iside_ampere-1-67-de","26":"iside_vehicle-motorrad-powersport-de","27":"iside_charger_series-off-grid-eco-de","28":"iside_charger_features-duo-24-7-wartung-fur-pb-lfp","29":"iside_charger_features-save-sulphated-pb-lead-acid-de","30":"iside_charger_features-sichere-batteriewartung-rund-um-die-uhr","31":"iside_charger_type-solar-de","32":"iside_battery_voltage-12-8v-13-2v","33":"iside_battery_voltage-12v-de","34":"iside_battery_chemistry-lfp-lifepo4-lithium-ion-de","35":"iside_battery_chemistry-pb-lead-acid-de","36":"battery_charger_current-06a-19a-de","37":"thunk-woo-product-list","38":"opn-qv-enable","39":"big-store-woo-hover-","40":"open-single-product-tab-horizontal","41":"open-shadow-","42":"open-shadow-hover-","44":"first","45":"instock","46":"featured","47":"shipping-taxable","48":"purchasable","49":"product-type-simple"},"yoast_head":"<!-- This site is optimized with the Yoast SEO plugin v27.2 - https:\/\/yoast.com\/product\/yoast-seo-wordpress\/ -->\n<title>OptiMate Solar DUO 20W - OptiMate<\/title>\n<meta name=\"description\" content=\"Das OptiMate Solar DUO 20W ist das 12V intelligente, Solar ladeger\u00e4t f\u00fcr alle 12V-Batterien. Lesen Sie mehr!\" \/>\n<meta name=\"robots\" content=\"index, follow, max-snippet:-1, max-image-preview:large, max-video-preview:-1, noarchive\" \/>\n<link rel=\"canonical\" href=\"https:\/\/optimate1.com\/product\/tm522d2\/\" \/>\n<meta property=\"og:locale\" content=\"de_DE\" \/>\n<meta property=\"og:type\" content=\"article\" \/>\n<meta property=\"og:title\" content=\"OptiMate Solar DUO 20W - OptiMate\" \/>\n<meta property=\"og:description\" content=\"Das OptiMate Solar DUO 20W ist das 12V intelligente, Solar ladeger\u00e4t f\u00fcr alle 12V-Batterien. Lesen Sie mehr!\" \/>\n<meta property=\"og:url\" content=\"https:\/\/optimate1.com\/product\/tm522d2\/\" \/>\n<meta property=\"og:site_name\" content=\"OptiMate\" \/>\n<meta property=\"article:publisher\" content=\"https:\/\/www.facebook.com\/OptiMatebatterysavingcharger\/\" \/>\n<meta property=\"article:modified_time\" content=\"2026-01-27T13:27:09+00:00\" \/>\n<meta property=\"og:image\" content=\"https:\/\/optimate1.com\/wp-content\/uploads\/2021\/01\/OptiMate-Solar-Panel-20W-Kit-TM522-D2-im1-ornage-corner-de.png\" \/>\n\t<meta property=\"og:image:width\" content=\"900\" \/>\n\t<meta property=\"og:image:height\" content=\"900\" \/>\n\t<meta property=\"og:image:type\" content=\"image\/png\" \/>\n<meta name=\"twitter:card\" content=\"summary_large_image\" \/>\n<meta name=\"twitter:label1\" content=\"Gesch\u00e4tzte Lesezeit\" \/>\n\t<meta name=\"twitter:data1\" content=\"2\u00a0Minuten\" \/>\n<script type=\"application\/ld+json\" class=\"yoast-schema-graph\">{\"@context\":\"https:\/\/schema.org\",\"@graph\":[{\"@type\":\"WebPage\",\"@id\":\"https:\/\/optimate1.com\/product\/tm522d2\/\",\"url\":\"https:\/\/optimate1.com\/product\/tm522d2\/\",\"name\":\"OptiMate Solar DUO 20W - OptiMate\",\"isPartOf\":{\"@id\":\"https:\/\/optimate1.com\/#website\"},\"primaryImageOfPage\":{\"@id\":\"https:\/\/optimate1.com\/product\/tm522d2\/#primaryimage\"},\"image\":{\"@id\":\"https:\/\/optimate1.com\/product\/tm522d2\/#primaryimage\"},\"thumbnailUrl\":\"https:\/\/optimate1.com\/wp-content\/uploads\/2021\/01\/OptiMate-Solar-Panel-20W-Kit-TM522-D2-im1-ornage-corner-de.png\",\"datePublished\":\"2021-01-19T12:15:04+00:00\",\"dateModified\":\"2026-01-27T13:27:09+00:00\",\"description\":\"Das OptiMate Solar DUO 20W ist das 12V intelligente, Solar ladeger\u00e4t f\u00fcr alle 12V-Batterien. Lesen Sie mehr!\",\"breadcrumb\":{\"@id\":\"https:\/\/optimate1.com\/product\/tm522d2\/#breadcrumb\"},\"inLanguage\":\"de\",\"potentialAction\":[{\"@type\":\"ReadAction\",\"target\":[\"https:\/\/optimate1.com\/product\/tm522d2\/\"]}]},{\"@type\":\"ImageObject\",\"inLanguage\":\"de\",\"@id\":\"https:\/\/optimate1.com\/product\/tm522d2\/#primaryimage\",\"url\":\"https:\/\/optimate1.com\/wp-content\/uploads\/2021\/01\/OptiMate-Solar-Panel-20W-Kit-TM522-D2-im1-ornage-corner-de.png\",\"contentUrl\":\"https:\/\/optimate1.com\/wp-content\/uploads\/2021\/01\/OptiMate-Solar-Panel-20W-Kit-TM522-D2-im1-ornage-corner-de.png\",\"width\":900,\"height\":900,\"caption\":\"12v solar ladeger\u00e4t produktbild\"},{\"@type\":\"BreadcrumbList\",\"@id\":\"https:\/\/optimate1.com\/product\/tm522d2\/#breadcrumb\",\"itemListElement\":[{\"@type\":\"ListItem\",\"position\":1,\"name\":\"Home\",\"item\":\"https:\/\/optimate1.com\/\"},{\"@type\":\"ListItem\",\"position\":2,\"name\":\"Produkte\",\"item\":\"https:\/\/optimate1.com\/shop\/\"},{\"@type\":\"ListItem\",\"position\":3,\"name\":\"OptiMate Solar DUO 20W\"}]},{\"@type\":\"WebSite\",\"@id\":\"https:\/\/optimate1.com\/#website\",\"url\":\"https:\/\/optimate1.com\/\",\"name\":\"OptiMate\",\"description\":\"Battery Chargers &amp; Accessories\",\"publisher\":{\"@id\":\"https:\/\/optimate1.com\/#organization\"},\"potentialAction\":[{\"@type\":\"SearchAction\",\"target\":{\"@type\":\"EntryPoint\",\"urlTemplate\":\"https:\/\/optimate1.com\/?s={search_term_string}\"},\"query-input\":{\"@type\":\"PropertyValueSpecification\",\"valueRequired\":true,\"valueName\":\"search_term_string\"}}],\"inLanguage\":\"de\"},{\"@type\":\"Organization\",\"@id\":\"https:\/\/optimate1.com\/#organization\",\"name\":\"OptiMate\",\"url\":\"https:\/\/optimate1.com\/\",\"logo\":{\"@type\":\"ImageObject\",\"inLanguage\":\"de\",\"@id\":\"https:\/\/optimate1.com\/#\/schema\/logo\/image\/\",\"url\":\"https:\/\/optimate1.com\/wp-content\/uploads\/2021\/06\/optimate-hpbc-stacklogo.jpg\",\"contentUrl\":\"https:\/\/optimate1.com\/wp-content\/uploads\/2021\/06\/optimate-hpbc-stacklogo.jpg\",\"width\":1025,\"height\":529,\"caption\":\"OptiMate\"},\"image\":{\"@id\":\"https:\/\/optimate1.com\/#\/schema\/logo\/image\/\"},\"sameAs\":[\"https:\/\/www.facebook.com\/OptiMatebatterysavingcharger\/\"]}]}<\/script>\n<!-- \/ Yoast SEO plugin. -->","yoast_head_json":{"title":"OptiMate Solar DUO 20W - OptiMate","description":"Das OptiMate Solar DUO 20W ist das 12V intelligente, Solar ladeger\u00e4t f\u00fcr alle 12V-Batterien. Lesen Sie mehr!","robots":{"index":"index","follow":"follow","max-snippet":"max-snippet:-1","max-image-preview":"max-image-preview:large","max-video-preview":"max-video-preview:-1","archive":"noarchive"},"canonical":"https:\/\/optimate1.com\/product\/tm522d2\/","og_locale":"de_DE","og_type":"article","og_title":"OptiMate Solar DUO 20W - OptiMate","og_description":"Das OptiMate Solar DUO 20W ist das 12V intelligente, Solar ladeger\u00e4t f\u00fcr alle 12V-Batterien. Lesen Sie mehr!","og_url":"https:\/\/optimate1.com\/product\/tm522d2\/","og_site_name":"OptiMate","article_publisher":"https:\/\/www.facebook.com\/OptiMatebatterysavingcharger\/","article_modified_time":"2026-01-27T13:27:09+00:00","og_image":[{"width":900,"height":900,"url":"https:\/\/optimate1.com\/wp-content\/uploads\/2021\/01\/OptiMate-Solar-Panel-20W-Kit-TM522-D2-im1-ornage-corner-de.png","type":"image\/png"}],"twitter_card":"summary_large_image","twitter_misc":{"Gesch\u00e4tzte Lesezeit":"2\u00a0Minuten"},"schema":{"@context":"https:\/\/schema.org","@graph":[{"@type":"WebPage","@id":"https:\/\/optimate1.com\/product\/tm522d2\/","url":"https:\/\/optimate1.com\/product\/tm522d2\/","name":"OptiMate Solar DUO 20W - OptiMate","isPartOf":{"@id":"https:\/\/optimate1.com\/#website"},"primaryImageOfPage":{"@id":"https:\/\/optimate1.com\/product\/tm522d2\/#primaryimage"},"image":{"@id":"https:\/\/optimate1.com\/product\/tm522d2\/#primaryimage"},"thumbnailUrl":"https:\/\/optimate1.com\/wp-content\/uploads\/2021\/01\/OptiMate-Solar-Panel-20W-Kit-TM522-D2-im1-ornage-corner-de.png","datePublished":"2021-01-19T12:15:04+00:00","dateModified":"2026-01-27T13:27:09+00:00","description":"Das OptiMate Solar DUO 20W ist das 12V intelligente, Solar ladeger\u00e4t f\u00fcr alle 12V-Batterien. Lesen Sie mehr!","breadcrumb":{"@id":"https:\/\/optimate1.com\/product\/tm522d2\/#breadcrumb"},"inLanguage":"de","potentialAction":[{"@type":"ReadAction","target":["https:\/\/optimate1.com\/product\/tm522d2\/"]}]},{"@type":"ImageObject","inLanguage":"de","@id":"https:\/\/optimate1.com\/product\/tm522d2\/#primaryimage","url":"https:\/\/optimate1.com\/wp-content\/uploads\/2021\/01\/OptiMate-Solar-Panel-20W-Kit-TM522-D2-im1-ornage-corner-de.png","contentUrl":"https:\/\/optimate1.com\/wp-content\/uploads\/2021\/01\/OptiMate-Solar-Panel-20W-Kit-TM522-D2-im1-ornage-corner-de.png","width":900,"height":900,"caption":"12v solar ladeger\u00e4t produktbild"},{"@type":"BreadcrumbList","@id":"https:\/\/optimate1.com\/product\/tm522d2\/#breadcrumb","itemListElement":[{"@type":"ListItem","position":1,"name":"Home","item":"https:\/\/optimate1.com\/"},{"@type":"ListItem","position":2,"name":"Produkte","item":"https:\/\/optimate1.com\/shop\/"},{"@type":"ListItem","position":3,"name":"OptiMate Solar DUO 20W"}]},{"@type":"WebSite","@id":"https:\/\/optimate1.com\/#website","url":"https:\/\/optimate1.com\/","name":"OptiMate","description":"Battery Chargers &amp; Accessories","publisher":{"@id":"https:\/\/optimate1.com\/#organization"},"potentialAction":[{"@type":"SearchAction","target":{"@type":"EntryPoint","urlTemplate":"https:\/\/optimate1.com\/?s={search_term_string}"},"query-input":{"@type":"PropertyValueSpecification","valueRequired":true,"valueName":"search_term_string"}}],"inLanguage":"de"},{"@type":"Organization","@id":"https:\/\/optimate1.com\/#organization","name":"OptiMate","url":"https:\/\/optimate1.com\/","logo":{"@type":"ImageObject","inLanguage":"de","@id":"https:\/\/optimate1.com\/#\/schema\/logo\/image\/","url":"https:\/\/optimate1.com\/wp-content\/uploads\/2021\/06\/optimate-hpbc-stacklogo.jpg","contentUrl":"https:\/\/optimate1.com\/wp-content\/uploads\/2021\/06\/optimate-hpbc-stacklogo.jpg","width":1025,"height":529,"caption":"OptiMate"},"image":{"@id":"https:\/\/optimate1.com\/#\/schema\/logo\/image\/"},"sameAs":["https:\/\/www.facebook.com\/OptiMatebatterysavingcharger\/"]}]}},"_links":{"self":[{"href":"https:\/\/optimate1.com\/de\/wp-json\/wp\/v2\/product\/23316","targetHints":{"allow":["GET"]}}],"collection":[{"href":"https:\/\/optimate1.com\/de\/wp-json\/wp\/v2\/product"}],"about":[{"href":"https:\/\/optimate1.com\/de\/wp-json\/wp\/v2\/types\/product"}],"wp:featuredmedia":[{"embeddable":true,"href":"https:\/\/optimate1.com\/de\/wp-json\/wp\/v2\/media\/30077"}],"wp:attachment":[{"href":"https:\/\/optimate1.com\/de\/wp-json\/wp\/v2\/media?parent=23316"}],"wp:term":[{"taxonomy":"product_brand","embeddable":true,"href":"https:\/\/optimate1.com\/de\/wp-json\/wp\/v2\/product_brand?post=23316"},{"taxonomy":"product_cat","embeddable":true,"href":"https:\/\/optimate1.com\/de\/wp-json\/wp\/v2\/product_cat?post=23316"},{"taxonomy":"product_tag","embeddable":true,"href":"https:\/\/optimate1.com\/de\/wp-json\/wp\/v2\/product_tag?post=23316"}],"curies":[{"name":"wp","href":"https:\/\/api.w.org\/{rel}","templated":true}]}}