{"id":24125,"date":"2021-03-02T08:01:42","date_gmt":"2021-03-02T13:01:42","guid":{"rendered":"https:\/\/optimate1.com\/product\/optimate-3-x-2-bank-de\/"},"modified":"2026-03-26T05:02:23","modified_gmt":"2026-03-26T09:02:23","slug":"optimate-2-duo-x-2-bank-ladegerat","status":"publish","type":"product","link":"https:\/\/optimate1.com\/de\/product\/optimate-2-duo-x-2-bank-ladegerat\/","title":{"rendered":"OptiMate 2 DUO x 2 BANK"},"content":{"rendered":"<h6 style=\"text-align: center;\"><strong><span style=\"color: #10069f;\">OptiMate 2 DUO DUAL bank passt sich automatisch an den angeschlossenen Batterietyp an\u00a0<\/span><\/strong><span style=\"color: #10069f;\">&#8211; <\/span><i><span style=\"color: #10069f;\">Garantiert gesunde Lithium- oder Blei-S\u00e4ure-Batterien!<\/span><\/i><\/h6>\n<h6 style=\"text-align: center;\"><a href=\"https:\/\/optimate1.com\/wp-content\/uploads\/2021\/02\/DUO-concept.png\"><img loading=\"lazy\" decoding=\"async\" class=\"aligncenter wp-image-23033 size-full\" src=\"https:\/\/optimate1.com\/wp-content\/uploads\/2021\/02\/DUO-concept.png\" alt=\"The optimate 1 duo adapts automatically to the connected battery type: Lithium or standard.\" width=\"428\" height=\"98\" srcset=\"https:\/\/optimate1.com\/wp-content\/uploads\/2021\/02\/DUO-concept.png 428w, https:\/\/optimate1.com\/wp-content\/uploads\/2021\/02\/DUO-concept-64x15.png 64w, https:\/\/optimate1.com\/wp-content\/uploads\/2021\/02\/DUO-concept-300x69.png 300w\" sizes=\"auto, (max-width: 428px) 100vw, 428px\" \/><\/a><\/h6>\n<p>&nbsp;<\/p>\n<h6 style=\"text-align: center;\"><strong><span style=\"color: #10069f;\">Ideal f\u00fcr Batterien in diesen Fahrzeugen.<\/span><\/strong><\/h6>\n<h6 style=\"text-align: center;\"><img loading=\"lazy\" decoding=\"async\" class=\"aligncenter wp-image-20668\" src=\"https:\/\/optimate1.com\/wp-content\/uploads\/2021\/03\/Vehicle-range-OM2-DUO-X2-01.png\" alt=\"Optimate 1 DUO is ideal for motorcycles, ATVs, scooters and jet skis\" width=\"428\" height=\"66\" \/><\/h6>\n<p>&nbsp;<\/p>\n<h6 style=\"text-align: center;\"><strong><span style=\"color: #10069f;\">Unabh\u00e4ngiges Laden, Testen und Warten von 2 x 12V-Bleibatterien (STD, AGM, GEL) \/ 12.8V-Lithium-LFP-Batterien (LiFePO4) <\/span><\/strong><span style=\"color: #10069f;\">&#8211; <\/span><span style=\"color: #10069f;\"><i>Die Batterien sind immer einsatzbereit.<\/i><\/span><\/h6>\n<h6 style=\"text-align: center;\"><img loading=\"lazy\" decoding=\"async\" class=\"aligncenter wp-image-20668\" src=\"https:\/\/optimate1.com\/wp-content\/uploads\/2021\/03\/2DUO-banks-2X-only-2-01.png\" alt=\"Optimate 1 DUO is ideal for motorcycles, ATVs, scooters and jet skis\" width=\"428\" height=\"66\" \/><\/h6>\n<p>&nbsp;<\/p>\n<h6 style=\"text-align: center;\"><strong><span style=\"color: #10069f;\">L\u00e4dt automatisch auf und sorgt f\u00fcr eine langfristige Wartung <\/span><\/strong><span style=\"color: #10069f;\">&#8211; <\/span><span style=\"color: #10069f;\"><i style=\"caret-color: #10069f;\">OptiMate 2 DUO DUAL bank macht Ihren Akku st\u00e4rker und h\u00e4lt l\u00e4nger, ohne dass eine Aufsicht erforderlich ist!<\/i><\/span><\/h6>\n<h6 style=\"text-align: center;\"><img loading=\"lazy\" decoding=\"async\" class=\"aligncenter wp-image-20876\" src=\"https:\/\/optimate1.com\/wp-content\/uploads\/2021\/02\/CONNECT-CHARGE-MAINTAIN-01.png\" alt=\"The steps for long term maintenance: Connect, charge and maintain.\" width=\"500\" height=\"102\" \/><\/h6>\n<p>&nbsp;<\/p>\n<p>&nbsp;<\/p>\n<h4 style=\"text-align: center;\"><strong><span style=\"text-decoration: underline;\">MEHR FUNKTIONEN:<\/span><\/strong><\/h4>\n<p style=\"text-align: center;\">\n<table id=\"tablepress-436\" class=\"tablepress tablepress-id-436\">\n<tbody class=\"row-hover\">\n<tr class=\"row-1\">\n\t<td class=\"column-1\"><a href=\"\"><img loading=\"lazy\" decoding=\"async\" src=\"https:\/\/optimate1.com\/wp-content\/uploads\/2023\/09\/2DUO-batteries-copy-3.png\" alt=\"\" width=\"300\" height=\"50\" class=\"aligncenter size-medium wp-image-20927\" \/><\/a><body><h6><center>F\u00fcr alle 12V-Power-Sportbatterietypen, einschlie\u00dflich Blei-S\u00e4ure (Pb) > STD (mit F\u00fclldeckeln), AGM, GEL (versiegeltes VRLA) und EFB sowie Li-Ion, hergestellt mit LiFePO4\/LFP-Technologie.<\/body><\/h6><\/center><br \/>\n<\/td>\n<\/tr>\n<tr class=\"row-2\">\n\t<td class=\"column-1\"><a href=\"\"><img loading=\"lazy\" decoding=\"async\" src=\"https:\/\/optimate1.com\/wp-content\/uploads\/2021\/12\/SAFE-Lithium-0.8A-copy-01.png\" alt=\"\" width=\"300\" height=\"50\" class=\"aligncenter size-medium wp-image-20928\" \/><\/a><body><h6><center>Sicher verbunden zu lassen. Voller elektronischer Schutz.<\/body><\/h6><\/center><\/td>\n<\/tr>\n<tr class=\"row-3\">\n\t<td class=\"column-1\"><a href=\"\"><img loading=\"lazy\" decoding=\"async\" src=\"https:\/\/optimate1.com\/wp-content\/uploads\/2020\/12\/24-7-x2-300x49.png\" alt=\"\" width=\"300\" height=\"50\" class=\"aligncenter size-medium wp-image-20995\" \/><\/a><body><h6><center>Erh\u00e4lt die Batterie bei voller Ladung und guter Gesundheit.<\/body><\/h6><\/center><\/td>\n<\/tr>\n<tr class=\"row-4\">\n\t<td class=\"column-1\"><a href=\"\"><img loading=\"lazy\" decoding=\"async\" src=\"https:\/\/optimate1.com\/wp-content\/uploads\/2021\/02\/Low-Volt-Start-of-4V-01.png\" alt=\"\" width=\"300\" height=\"50\" class=\"aligncenter size-medium wp-image-20982\" \/><\/a><body><h6><center>Start bei niedriger Spannung - 4V.<\/center><\/h6><\/body><\/td>\n<\/tr>\n<tr class=\"row-5\">\n\t<td class=\"column-1\"><a href=\"\"><img loading=\"lazy\" decoding=\"async\" src=\"https:\/\/optimate1.com\/wp-content\/uploads\/2021\/02\/Pb-LFP-OM2-duo-copy-01.png\" alt=\"\" width=\"300\" height=\"50\" class=\"aligncenter size-medium wp-image-20982\" \/><\/a><body><h6><center>Warnt, wenn ein Batterieschaden erkannt wird.<\/center><\/h6><\/body><\/td>\n<\/tr>\n<tr class=\"row-6\">\n\t<td class=\"column-1\"><a href=\"\"><img loading=\"lazy\" decoding=\"async\" src=\"https:\/\/optimate1.com\/wp-content\/uploads\/2020\/12\/green-technology-hx2-1-300x49.png\" alt=\"\" width=\"300\" height=\"50\" class=\"aligncenter size-medium wp-image-20993\" \/><\/a><body><h6><center>Energiespartechnologie.<br \/>\n\u221a Standby-Leistung unter 0.5W.<br \/>\n\u221a Effiziente 24-7-Batteriewartung.<\/body><\/h6><\/center><\/td>\n<\/tr>\n<tr class=\"row-7\">\n\t<td class=\"column-1\"><a href=\"\"><img loading=\"lazy\" decoding=\"async\" src=\"https:\/\/optimate1.com\/wp-content\/uploads\/2020\/12\/weatherproof-x2-300x49.png\" alt=\"\" width=\"300\" height=\"50\" class=\"aligncenter size-medium wp-image-20985\" \/><\/a><body><h6><center>Witterungsbest\u00e4ndig. Kann noch bei -40\u00b0C \/ -40\u00b0F eingesetzt werden.<\/body><\/h6><\/center><\/td>\n<\/tr>\n<\/tbody>\n<\/table>\n<!-- #tablepress-436 from cache --><\/p>\n","protected":false},"excerpt":{"rendered":"<h3><span style=\"color: #6b4c59;\">BRONZE-Serie: 5-stufiges 2x 12V\/12,8V 2A Batterielade- &amp; -wartungsger\u00e4t f\u00fcr versiegelte Batterien<\/span><\/h3>\n","protected":false},"featured_media":41777,"template":"","meta":[],"product_brand":[],"product_cat":[419],"product_tag":[],"class_list":{"0":"post-24125","1":"product","2":"type-product","3":"status-publish","4":"has-post-thumbnail","6":"product_cat-battery-chargers-de","7":"pa_charge-battery-chemistry-li-lifepo4-lfp-lithium-de","8":"pa_charge-battery-chemistry-pb-agm-gel-std-lead-acid-de","9":"pa_charge-battery-chemistry-pb-li-both-above-de","10":"pa_charge-battery-more-12v-de","11":"pa_charge-battery-more-auto-lieferwagen","12":"pa_charge-battery-more-boot-wasserfahrzeug","13":"pa_charge-battery-more-motorrad-gelandewagen","14":"pa_charge-battery-more-utv-sxs-cruiser-de","15":"pa_power-ac-100-240vac-de","16":"pa_product-group-optimate-2-de","17":"pa_product-group-optimate-duo-de","18":"pa_region-ca-de-2","19":"pa_region-eu-de-2","20":"pa_region-uk-de-2","21":"pa_region-us-de-2","22":"iside_voltage-12-de","23":"iside_voltage-12-8-de","24":"iside_ampere-2-de","25":"iside_vehicle-luftfahrt-de","26":"iside_vehicle-motorrad-powersport-de","27":"iside_charger_series-bronze-easy-de","28":"iside_charger_features-duo-24-7-wartung-fur-pb-lfp","29":"iside_charger_features-sichere-batteriewartung-rund-um-die-uhr","30":"iside_charger_type-multibank-de","31":"iside_battery_voltage-12-8v-13-2v","32":"iside_battery_voltage-12v-de","33":"iside_battery_chemistry-lfp-lifepo4-lithium-ion-de","34":"iside_battery_chemistry-pb-lead-acid-de","35":"battery_charger_current-2a-4a-de","36":"thunk-woo-product-list","37":"opn-qv-enable","38":"big-store-woo-hover-","39":"open-single-product-tab-horizontal","40":"open-shadow-","41":"open-shadow-hover-","43":"first","44":"instock","45":"featured","46":"shipping-taxable","47":"purchasable","48":"product-type-simple"},"yoast_head":"<!-- This site is optimized with the Yoast SEO plugin v27.2 - https:\/\/yoast.com\/product\/yoast-seo-wordpress\/ -->\n<title>OptiMate 2 DUO x 2 BANK - OptiMate<\/title>\n<meta name=\"description\" content=\"Das OptiMate 2 DUO x 2 BANK ladeger\u00e4t 2-Bank-Lade- und Erhaltungsger\u00e4t f\u00fcr die Hightech-Batterie in jedem Ihrer Fahrzeuge. Lesen Sie mehr!\" \/>\n<meta name=\"robots\" content=\"index, follow, max-snippet:-1, max-image-preview:large, max-video-preview:-1, noarchive\" \/>\n<link rel=\"canonical\" href=\"https:\/\/optimate1.com\/de\/product\/optimate-2-duo-x-2-bank-ladegerat\/\" \/>\n<meta property=\"og:locale\" content=\"de_DE\" \/>\n<meta property=\"og:type\" content=\"article\" \/>\n<meta property=\"og:title\" content=\"OptiMate 2 DUO x 2 BANK - OptiMate\" \/>\n<meta property=\"og:description\" content=\"Das OptiMate 2 DUO x 2 BANK ladeger\u00e4t 2-Bank-Lade- und Erhaltungsger\u00e4t f\u00fcr die Hightech-Batterie in jedem Ihrer Fahrzeuge. Lesen Sie mehr!\" \/>\n<meta property=\"og:url\" content=\"https:\/\/optimate1.com\/de\/product\/optimate-2-duo-x-2-bank-ladegerat\/\" \/>\n<meta property=\"og:site_name\" content=\"OptiMate\" \/>\n<meta property=\"article:publisher\" content=\"https:\/\/www.facebook.com\/OptiMatebatterysavingcharger\/\" \/>\n<meta property=\"article:modified_time\" content=\"2026-03-26T09:02:23+00:00\" \/>\n<meta property=\"og:image\" content=\"https:\/\/optimate1.com\/wp-content\/uploads\/2026\/03\/OptiMate-2-DUO-x2-TM56x-11_webshop-de.png\" \/>\n\t<meta property=\"og:image:width\" content=\"1500\" \/>\n\t<meta property=\"og:image:height\" content=\"1500\" \/>\n\t<meta property=\"og:image:type\" content=\"image\/png\" \/>\n<meta name=\"twitter:card\" content=\"summary_large_image\" \/>\n<meta name=\"twitter:label1\" content=\"Gesch\u00e4tzte Lesezeit\" \/>\n\t<meta name=\"twitter:data1\" content=\"2\u00a0Minuten\" \/>\n<script type=\"application\/ld+json\" class=\"yoast-schema-graph\">{\"@context\":\"https:\/\/schema.org\",\"@graph\":[{\"@type\":\"WebPage\",\"@id\":\"https:\/\/optimate1.com\/de\/product\/optimate-2-duo-x-2-bank-ladegerat\/\",\"url\":\"https:\/\/optimate1.com\/de\/product\/optimate-2-duo-x-2-bank-ladegerat\/\",\"name\":\"OptiMate 2 DUO x 2 BANK - OptiMate\",\"isPartOf\":{\"@id\":\"https:\/\/optimate1.com\/#website\"},\"primaryImageOfPage\":{\"@id\":\"https:\/\/optimate1.com\/de\/product\/optimate-2-duo-x-2-bank-ladegerat\/#primaryimage\"},\"image\":{\"@id\":\"https:\/\/optimate1.com\/de\/product\/optimate-2-duo-x-2-bank-ladegerat\/#primaryimage\"},\"thumbnailUrl\":\"https:\/\/optimate1.com\/wp-content\/uploads\/2026\/03\/OptiMate-2-DUO-x2-TM56x-11_webshop-de.png\",\"datePublished\":\"2021-03-02T13:01:42+00:00\",\"dateModified\":\"2026-03-26T09:02:23+00:00\",\"description\":\"Das OptiMate 2 DUO x 2 BANK ladeger\u00e4t 2-Bank-Lade- und Erhaltungsger\u00e4t f\u00fcr die Hightech-Batterie in jedem Ihrer Fahrzeuge. Lesen Sie mehr!\",\"breadcrumb\":{\"@id\":\"https:\/\/optimate1.com\/de\/product\/optimate-2-duo-x-2-bank-ladegerat\/#breadcrumb\"},\"inLanguage\":\"de\",\"potentialAction\":[{\"@type\":\"ReadAction\",\"target\":[\"https:\/\/optimate1.com\/de\/product\/optimate-2-duo-x-2-bank-ladegerat\/\"]}]},{\"@type\":\"ImageObject\",\"inLanguage\":\"de\",\"@id\":\"https:\/\/optimate1.com\/de\/product\/optimate-2-duo-x-2-bank-ladegerat\/#primaryimage\",\"url\":\"https:\/\/optimate1.com\/wp-content\/uploads\/2026\/03\/OptiMate-2-DUO-x2-TM56x-11_webshop-de.png\",\"contentUrl\":\"https:\/\/optimate1.com\/wp-content\/uploads\/2026\/03\/OptiMate-2-DUO-x2-TM56x-11_webshop-de.png\",\"width\":1500,\"height\":1500},{\"@type\":\"BreadcrumbList\",\"@id\":\"https:\/\/optimate1.com\/de\/product\/optimate-2-duo-x-2-bank-ladegerat\/#breadcrumb\",\"itemListElement\":[{\"@type\":\"ListItem\",\"position\":1,\"name\":\"Home\",\"item\":\"https:\/\/optimate1.com\/\"},{\"@type\":\"ListItem\",\"position\":2,\"name\":\"Produkte\",\"item\":\"https:\/\/optimate1.com\/shop\/\"},{\"@type\":\"ListItem\",\"position\":3,\"name\":\"OptiMate 2 DUO x 2 BANK\"}]},{\"@type\":\"WebSite\",\"@id\":\"https:\/\/optimate1.com\/#website\",\"url\":\"https:\/\/optimate1.com\/\",\"name\":\"OptiMate\",\"description\":\"Battery Chargers &amp; Accessories\",\"publisher\":{\"@id\":\"https:\/\/optimate1.com\/#organization\"},\"potentialAction\":[{\"@type\":\"SearchAction\",\"target\":{\"@type\":\"EntryPoint\",\"urlTemplate\":\"https:\/\/optimate1.com\/?s={search_term_string}\"},\"query-input\":{\"@type\":\"PropertyValueSpecification\",\"valueRequired\":true,\"valueName\":\"search_term_string\"}}],\"inLanguage\":\"de\"},{\"@type\":\"Organization\",\"@id\":\"https:\/\/optimate1.com\/#organization\",\"name\":\"OptiMate\",\"url\":\"https:\/\/optimate1.com\/\",\"logo\":{\"@type\":\"ImageObject\",\"inLanguage\":\"de\",\"@id\":\"https:\/\/optimate1.com\/#\/schema\/logo\/image\/\",\"url\":\"https:\/\/optimate1.com\/wp-content\/uploads\/2021\/06\/optimate-hpbc-stacklogo.jpg\",\"contentUrl\":\"https:\/\/optimate1.com\/wp-content\/uploads\/2021\/06\/optimate-hpbc-stacklogo.jpg\",\"width\":1025,\"height\":529,\"caption\":\"OptiMate\"},\"image\":{\"@id\":\"https:\/\/optimate1.com\/#\/schema\/logo\/image\/\"},\"sameAs\":[\"https:\/\/www.facebook.com\/OptiMatebatterysavingcharger\/\"]}]}<\/script>\n<!-- \/ Yoast SEO plugin. -->","yoast_head_json":{"title":"OptiMate 2 DUO x 2 BANK - OptiMate","description":"Das OptiMate 2 DUO x 2 BANK ladeger\u00e4t 2-Bank-Lade- und Erhaltungsger\u00e4t f\u00fcr die Hightech-Batterie in jedem Ihrer Fahrzeuge. Lesen Sie mehr!","robots":{"index":"index","follow":"follow","max-snippet":"max-snippet:-1","max-image-preview":"max-image-preview:large","max-video-preview":"max-video-preview:-1","archive":"noarchive"},"canonical":"https:\/\/optimate1.com\/de\/product\/optimate-2-duo-x-2-bank-ladegerat\/","og_locale":"de_DE","og_type":"article","og_title":"OptiMate 2 DUO x 2 BANK - OptiMate","og_description":"Das OptiMate 2 DUO x 2 BANK ladeger\u00e4t 2-Bank-Lade- und Erhaltungsger\u00e4t f\u00fcr die Hightech-Batterie in jedem Ihrer Fahrzeuge. Lesen Sie mehr!","og_url":"https:\/\/optimate1.com\/de\/product\/optimate-2-duo-x-2-bank-ladegerat\/","og_site_name":"OptiMate","article_publisher":"https:\/\/www.facebook.com\/OptiMatebatterysavingcharger\/","article_modified_time":"2026-03-26T09:02:23+00:00","og_image":[{"width":1500,"height":1500,"url":"https:\/\/optimate1.com\/wp-content\/uploads\/2026\/03\/OptiMate-2-DUO-x2-TM56x-11_webshop-de.png","type":"image\/png"}],"twitter_card":"summary_large_image","twitter_misc":{"Gesch\u00e4tzte Lesezeit":"2\u00a0Minuten"},"schema":{"@context":"https:\/\/schema.org","@graph":[{"@type":"WebPage","@id":"https:\/\/optimate1.com\/de\/product\/optimate-2-duo-x-2-bank-ladegerat\/","url":"https:\/\/optimate1.com\/de\/product\/optimate-2-duo-x-2-bank-ladegerat\/","name":"OptiMate 2 DUO x 2 BANK - OptiMate","isPartOf":{"@id":"https:\/\/optimate1.com\/#website"},"primaryImageOfPage":{"@id":"https:\/\/optimate1.com\/de\/product\/optimate-2-duo-x-2-bank-ladegerat\/#primaryimage"},"image":{"@id":"https:\/\/optimate1.com\/de\/product\/optimate-2-duo-x-2-bank-ladegerat\/#primaryimage"},"thumbnailUrl":"https:\/\/optimate1.com\/wp-content\/uploads\/2026\/03\/OptiMate-2-DUO-x2-TM56x-11_webshop-de.png","datePublished":"2021-03-02T13:01:42+00:00","dateModified":"2026-03-26T09:02:23+00:00","description":"Das OptiMate 2 DUO x 2 BANK ladeger\u00e4t 2-Bank-Lade- und Erhaltungsger\u00e4t f\u00fcr die Hightech-Batterie in jedem Ihrer Fahrzeuge. Lesen Sie mehr!","breadcrumb":{"@id":"https:\/\/optimate1.com\/de\/product\/optimate-2-duo-x-2-bank-ladegerat\/#breadcrumb"},"inLanguage":"de","potentialAction":[{"@type":"ReadAction","target":["https:\/\/optimate1.com\/de\/product\/optimate-2-duo-x-2-bank-ladegerat\/"]}]},{"@type":"ImageObject","inLanguage":"de","@id":"https:\/\/optimate1.com\/de\/product\/optimate-2-duo-x-2-bank-ladegerat\/#primaryimage","url":"https:\/\/optimate1.com\/wp-content\/uploads\/2026\/03\/OptiMate-2-DUO-x2-TM56x-11_webshop-de.png","contentUrl":"https:\/\/optimate1.com\/wp-content\/uploads\/2026\/03\/OptiMate-2-DUO-x2-TM56x-11_webshop-de.png","width":1500,"height":1500},{"@type":"BreadcrumbList","@id":"https:\/\/optimate1.com\/de\/product\/optimate-2-duo-x-2-bank-ladegerat\/#breadcrumb","itemListElement":[{"@type":"ListItem","position":1,"name":"Home","item":"https:\/\/optimate1.com\/"},{"@type":"ListItem","position":2,"name":"Produkte","item":"https:\/\/optimate1.com\/shop\/"},{"@type":"ListItem","position":3,"name":"OptiMate 2 DUO x 2 BANK"}]},{"@type":"WebSite","@id":"https:\/\/optimate1.com\/#website","url":"https:\/\/optimate1.com\/","name":"OptiMate","description":"Battery Chargers &amp; Accessories","publisher":{"@id":"https:\/\/optimate1.com\/#organization"},"potentialAction":[{"@type":"SearchAction","target":{"@type":"EntryPoint","urlTemplate":"https:\/\/optimate1.com\/?s={search_term_string}"},"query-input":{"@type":"PropertyValueSpecification","valueRequired":true,"valueName":"search_term_string"}}],"inLanguage":"de"},{"@type":"Organization","@id":"https:\/\/optimate1.com\/#organization","name":"OptiMate","url":"https:\/\/optimate1.com\/","logo":{"@type":"ImageObject","inLanguage":"de","@id":"https:\/\/optimate1.com\/#\/schema\/logo\/image\/","url":"https:\/\/optimate1.com\/wp-content\/uploads\/2021\/06\/optimate-hpbc-stacklogo.jpg","contentUrl":"https:\/\/optimate1.com\/wp-content\/uploads\/2021\/06\/optimate-hpbc-stacklogo.jpg","width":1025,"height":529,"caption":"OptiMate"},"image":{"@id":"https:\/\/optimate1.com\/#\/schema\/logo\/image\/"},"sameAs":["https:\/\/www.facebook.com\/OptiMatebatterysavingcharger\/"]}]}},"_links":{"self":[{"href":"https:\/\/optimate1.com\/de\/wp-json\/wp\/v2\/product\/24125","targetHints":{"allow":["GET"]}}],"collection":[{"href":"https:\/\/optimate1.com\/de\/wp-json\/wp\/v2\/product"}],"about":[{"href":"https:\/\/optimate1.com\/de\/wp-json\/wp\/v2\/types\/product"}],"wp:featuredmedia":[{"embeddable":true,"href":"https:\/\/optimate1.com\/de\/wp-json\/wp\/v2\/media\/41777"}],"wp:attachment":[{"href":"https:\/\/optimate1.com\/de\/wp-json\/wp\/v2\/media?parent=24125"}],"wp:term":[{"taxonomy":"product_brand","embeddable":true,"href":"https:\/\/optimate1.com\/de\/wp-json\/wp\/v2\/product_brand?post=24125"},{"taxonomy":"product_cat","embeddable":true,"href":"https:\/\/optimate1.com\/de\/wp-json\/wp\/v2\/product_cat?post=24125"},{"taxonomy":"product_tag","embeddable":true,"href":"https:\/\/optimate1.com\/de\/wp-json\/wp\/v2\/product_tag?post=24125"}],"curies":[{"name":"wp","href":"https:\/\/api.w.org\/{rel}","templated":true}]}}