{"id":25512,"date":"2020-12-17T04:17:38","date_gmt":"2020-12-17T09:17:38","guid":{"rendered":"https:\/\/optimate1.com\/product\/optimate-6-select-de\/"},"modified":"2026-04-16T08:41:21","modified_gmt":"2026-04-16T12:41:21","slug":"optimate-6-select-ladegerat","status":"publish","type":"product","link":"https:\/\/optimate1.com\/de\/product\/optimate-6-select-ladegerat\/","title":{"rendered":"OptiMate 6 Select"},"content":{"rendered":"<h6 style=\"text-align: center;\"><strong><span style=\"color: #10069f;\">OptiMate 6 Select ist das &#8220;PRO choice&#8221;-Batterieladeger\u00e4t, das das volle Potenzial Ihrer 12V-Hochleistungsbatterie aussch\u00f6pft. <\/span><\/strong><strong>\u2013 <\/strong><span style=\"color: #10069f;\"><i>Inklusive Unterst\u00fctzung f\u00fcr stabile Leistung f\u00fcr Tuning \/ Fehlersuche.<\/i><\/span><\/h6>\n<h6 style=\"text-align: center;\"><strong><span style=\"color: #10069f;\"><img loading=\"lazy\" decoding=\"async\" class=\"aligncenter wp-image-20665\" src=\"https:\/\/optimate1.com\/wp-content\/uploads\/2020\/12\/vehicles_TM250-01.png\" alt=\"The OptiMate 6 battery charger is recommended for batteries of sports cars, 4x4 cars, tractors, RV, maritime and motorcycles. \" width=\"428\" height=\"70\" \/><\/span><\/strong><\/h6>\n<p>&nbsp;<\/p>\n<h6 style=\"text-align: center;\"><strong><span style=\"color: #10069f;\">W\u00e4hlen Sie eine Ladespannung von 14.4V f\u00fcr die meisten Batterien oder 14.7V f\u00fcr hochwertige AGM-Batterien, oder w\u00e4hlen Sie den Modus zur Unterst\u00fctzung der Stromversorgung <\/span><\/strong><strong>\u2013 <\/strong><span style=\"color: #10069f;\"><i>Die Auswahl bleibt gespeichert, auch wenn die Netzspannung ausf\u00e4llt.<\/i><\/span><\/h6>\n<h6 style=\"text-align: center;\"><img loading=\"lazy\" decoding=\"async\" class=\"aligncenter wp-image-20910\" src=\"https:\/\/optimate1.com\/wp-content\/uploads\/2020\/12\/TM250-select-hx2-300x49.png\" alt=\"With the OptiMate 6 battery charger you can select the charge voltage of 14.4V for most batteries or 14.7V for premium AGM batteries or select Power Supply support mode.\" width=\"428\" height=\"70\" srcset=\"https:\/\/optimate1.com\/wp-content\/uploads\/2020\/12\/TM250-select-hx2-300x49.png 300w, https:\/\/optimate1.com\/wp-content\/uploads\/2020\/12\/TM250-select-hx2-600x98.png 600w, https:\/\/optimate1.com\/wp-content\/uploads\/2020\/12\/TM250-select-hx2-64x10.png 64w, https:\/\/optimate1.com\/wp-content\/uploads\/2020\/12\/TM250-select-hx2-768x126.png 768w, https:\/\/optimate1.com\/wp-content\/uploads\/2020\/12\/TM250-select-hx2.png 856w\" sizes=\"auto, (max-width: 428px) 100vw, 428px\" \/><\/h6>\n<p>&nbsp;<\/p>\n<h6 style=\"text-align: center;\"><strong><span style=\"color: #10069f;\">Der Stromversorgungsmodus liefert konstanten Strom f\u00fcr Fahrzeugtuning, Diagnose und Fehlersuche.<\/span><\/strong><\/h6>\n<h6 style=\"text-align: center;\"><img loading=\"lazy\" decoding=\"async\" class=\"aligncenter wp-image-20977\" src=\"https:\/\/optimate1.com\/wp-content\/uploads\/2020\/12\/TUNE-power-supplyx2-300x49.png\" alt=\"The power supply mode of the OptiMate 6 Select provides constant power for vehicle tuning, diagnostics and troubleshooting.\" width=\"428\" height=\"70\" srcset=\"https:\/\/optimate1.com\/wp-content\/uploads\/2020\/12\/TUNE-power-supplyx2-300x49.png 300w, https:\/\/optimate1.com\/wp-content\/uploads\/2020\/12\/TUNE-power-supplyx2-600x98.png 600w, https:\/\/optimate1.com\/wp-content\/uploads\/2020\/12\/TUNE-power-supplyx2-64x10.png 64w, https:\/\/optimate1.com\/wp-content\/uploads\/2020\/12\/TUNE-power-supplyx2-768x126.png 768w, https:\/\/optimate1.com\/wp-content\/uploads\/2020\/12\/TUNE-power-supplyx2.png 856w\" sizes=\"auto, (max-width: 428px) 100vw, 428px\" \/><\/h6>\n<p>&nbsp;<\/p>\n<h6 style=\"text-align: center;\"><strong><span style=\"color: #10069f;\">Ein vollautomatisches, mehrstufiges Programm bringt die Batterie sicher auf volle Ladung &#8211; <\/span><\/strong><i><span style=\"color: #10069f;\">Schlie\u00dfen Sie das Ger\u00e4t an die Batterie an, und OptiMate 6 Select erledigt den Rest &#8211; keine \u00dcberwachung erforderlich!<\/span><\/i><\/h6>\n<h6 style=\"text-align: center;\"><img loading=\"lazy\" decoding=\"async\" class=\"aligncenter wp-image-20876\" src=\"https:\/\/optimate1.com\/wp-content\/uploads\/2020\/12\/connect-save-charge-optimize-maintain-200.png\" alt=\"The fully automatic multi-step program to full charge the battery safely. \" width=\"428\" height=\"70\" \/><\/h6>\n<p>&nbsp;<\/p>\n<p>&nbsp;<\/p>\n<h4 style=\"text-align: center;\"><strong><span style=\"text-decoration: underline;\">MEHR FEATURES:<\/span><\/strong><\/h4>\n<p style=\"text-align: center;\">\n<table id=\"tablepress-548\" class=\"tablepress tablepress-id-548\">\n<tbody class=\"row-hover\">\n<tr class=\"row-1\">\n\t<td class=\"column-1\"><a href=\"\"><img loading=\"lazy\" decoding=\"async\" src=\"https:\/\/optimate1.com\/wp-content\/uploads\/2023\/11\/TM370-batteries.png\" alt=\"\" width=\"300\" height=\"50\" class=\"aligncenter size-medium wp-image-20927\" \/><\/a><body><h6><center>F\u00fcr Blei-S\u00e4ure (Pb) 12V-Autostarter (SLI), einschlie\u00dflich STD (mit Einf\u00fcllkappen), AGM, GEL (verschlossene VRLA) &amp; EFB und Deep-Cycle-Batterietypen.<\/body><\/h6><\/center><br \/>\n<\/td>\n<\/tr>\n<tr class=\"row-2\">\n\t<td class=\"column-1\"><a href=\"\"><img loading=\"lazy\" decoding=\"async\" src=\"https:\/\/optimate1.com\/wp-content\/uploads\/2020\/12\/Ampmatic-SFL200.png\" alt=\"\" width=\"300\" height=\"50\" class=\"aligncenter size-medium wp-image-20927\" \/><\/a><body><h6><center>Passt den Strom automatisch an die Gr\u00f6\u00dfe und den Zustand der Batterie an.<\/body><\/h6><\/center><br \/>\n<\/td>\n<\/tr>\n<tr class=\"row-3\">\n\t<td class=\"column-1\"><a href=\"\"><img loading=\"lazy\" decoding=\"async\" src=\"https:\/\/optimate1.com\/wp-content\/uploads\/2020\/12\/Ambient-SFL200-1.png\" alt=\"\" width=\"300\" height=\"50\" class=\"aligncenter size-medium wp-image-20928\" \/><\/a><body><h6><center>Temperaturkompensation: Die Spannung wird bei K\u00e4lte h\u00f6her und bei Hitze niedriger eingestellt.<\/body><\/h6><\/center><\/td>\n<\/tr>\n<tr class=\"row-4\">\n\t<td class=\"column-1\"><a href=\"\"><img loading=\"lazy\" decoding=\"async\" src=\"https:\/\/optimate1.com\/wp-content\/uploads\/2020\/12\/SAFE-connected-x2-300x49.jpg\" alt=\"\" width=\"300\" height=\"50\" class=\"aligncenter size-medium wp-image-20995\" srcset=\"https:\/\/optimate1.com\/wp-content\/uploads\/2020\/12\/SAFE-connected-x2-300x49.jpg 300w, https:\/\/optimate1.com\/wp-content\/uploads\/2020\/12\/SAFE-connected-x2-600x98.jpg 600w, https:\/\/optimate1.com\/wp-content\/uploads\/2020\/12\/SAFE-connected-x2-64x10.jpg 64w, https:\/\/optimate1.com\/wp-content\/uploads\/2020\/12\/SAFE-connected-x2-768x126.jpg 768w, https:\/\/optimate1.com\/wp-content\/uploads\/2020\/12\/SAFE-connected-x2.jpg 856w\" sizes=\"auto, (max-width: 300px) 100vw, 300px\" \/><\/a><body><h6><center>Kann sicher angeschlossen bleiben. Vollst\u00e4ndiger elektronischer Schutz.<\/body><\/h6><\/center><\/td>\n<\/tr>\n<tr class=\"row-5\">\n\t<td class=\"column-1\"><a href=\"\"><img loading=\"lazy\" decoding=\"async\" src=\"https:\/\/optimate1.com\/wp-content\/uploads\/2020\/12\/24-7-x2-300x49.png\" alt=\"\" width=\"300\" height=\"50\" class=\"aligncenter size-medium wp-image-20982\" srcset=\"https:\/\/optimate1.com\/wp-content\/uploads\/2020\/12\/24-7-x2-300x49.png 300w, https:\/\/optimate1.com\/wp-content\/uploads\/2020\/12\/24-7-x2-600x98.png 600w, https:\/\/optimate1.com\/wp-content\/uploads\/2020\/12\/24-7-x2-64x10.png 64w, https:\/\/optimate1.com\/wp-content\/uploads\/2020\/12\/24-7-x2-768x126.png 768w, https:\/\/optimate1.com\/wp-content\/uploads\/2020\/12\/24-7-x2.png 856w\" sizes=\"auto, (max-width: 300px) 100vw, 300px\" \/><\/a><body><h6><center>H\u00e4lt die Batterie voll geladen und in gutem Zustand.<\/center><\/h6><\/body><\/td>\n<\/tr>\n<tr class=\"row-6\">\n\t<td class=\"column-1\"><a href=\"\"><img loading=\"lazy\" decoding=\"async\" src=\"https:\/\/optimate1.com\/wp-content\/uploads\/2020\/12\/SAVE-dead-battery-x2-300x49.png\" alt=\"\" width=\"300\" height=\"50\" class=\"aligncenter size-medium wp-image-20993\" srcset=\"https:\/\/optimate1.com\/wp-content\/uploads\/2020\/12\/SAVE-dead-battery-x2-300x49.png 300w, https:\/\/optimate1.com\/wp-content\/uploads\/2020\/12\/SAVE-dead-battery-x2-64x10.png 64w, https:\/\/optimate1.com\/wp-content\/uploads\/2020\/12\/SAVE-dead-battery-x2.png 428w\" sizes=\"auto, (max-width: 300px) 100vw, 300px\" \/><\/a><body><h6><center>Rettet Ihre \"tote\" Batterie von nur 0.5V.<\/body><\/h6><\/center><\/td>\n<\/tr>\n<tr class=\"row-7\">\n\t<td class=\"column-1\"><a href=\"\"><img loading=\"lazy\" decoding=\"async\" src=\"https:\/\/optimate1.com\/wp-content\/uploads\/2020\/12\/state-of-health-test-3-LEDx2-300x49.png\" alt=\"\" width=\"300\" height=\"50\" class=\"aligncenter size-medium wp-image-20985\" srcset=\"https:\/\/optimate1.com\/wp-content\/uploads\/2020\/12\/state-of-health-test-3-LEDx2-300x49.png 300w, https:\/\/optimate1.com\/wp-content\/uploads\/2020\/12\/state-of-health-test-3-LEDx2-600x98.png 600w, https:\/\/optimate1.com\/wp-content\/uploads\/2020\/12\/state-of-health-test-3-LEDx2-64x10.png 64w, https:\/\/optimate1.com\/wp-content\/uploads\/2020\/12\/state-of-health-test-3-LEDx2-768x126.png 768w, https:\/\/optimate1.com\/wp-content\/uploads\/2020\/12\/state-of-health-test-3-LEDx2.png 856w\" sizes=\"auto, (max-width: 300px) 100vw, 300px\" \/><\/a><body><h6><center>Testet den Gesundheitszustand der Batterie.<\/body><\/h6><\/center><\/td>\n<\/tr>\n<tr class=\"row-8\">\n\t<td class=\"column-1\"><a href=\"\"><img loading=\"lazy\" decoding=\"async\" src=\"https:\/\/optimate1.com\/wp-content\/uploads\/2020\/12\/green-technology-hx2-1-300x49.png\" alt=\"\" width=\"300\" height=\"50\" class=\"aligncenter size-medium wp-image-20983\" \/><\/a><body><h6><center>50% weniger Energie, 50% geringere Kosten.<br \/>\n<strong>\u221a<\/strong> Leistungsfaktor-Korrektur<br \/>\n<strong>\u221a<\/strong> Synchrone Gleichrichtung<\/body><\/h6><\/center><\/td>\n<\/tr>\n<tr class=\"row-9\">\n\t<td class=\"column-1\"><a href=\"\"><img loading=\"lazy\" decoding=\"async\" src=\"https:\/\/optimate1.com\/wp-content\/uploads\/2020\/12\/weatherproof-x2-300x49.png\" alt=\"\" width=\"300\" height=\"50\" class=\"aligncenter size-medium wp-image-21012\" srcset=\"https:\/\/optimate1.com\/wp-content\/uploads\/2020\/12\/weatherproof-x2-300x49.png 300w, https:\/\/optimate1.com\/wp-content\/uploads\/2020\/12\/weatherproof-x2-600x98.png 600w, https:\/\/optimate1.com\/wp-content\/uploads\/2020\/12\/weatherproof-x2-64x10.png 64w, https:\/\/optimate1.com\/wp-content\/uploads\/2020\/12\/weatherproof-x2-768x126.png 768w, https:\/\/optimate1.com\/wp-content\/uploads\/2020\/12\/weatherproof-x2.png 856w\" sizes=\"auto, (max-width: 300px) 100vw, 300px\" \/><\/a><body><h6><center>Wetterfest. Ausgelegt f\u00fcr den Einsatz bei bis zu -40\u00b0C \/ -40\u00b0F.<\/body><\/h6><\/center><\/td>\n<\/tr>\n<\/tbody>\n<\/table>\n<!-- #tablepress-548 from cache --><\/p>\n","protected":false},"excerpt":{"rendered":"<h3><span style=\"color: #947c4e;\">GOLD Serie: 9-stufiges gekapseltes batterieschonendes 12V 6A Lade- &amp; Wartungsger\u00e4t<\/span><\/h3>\n","protected":false},"featured_media":30004,"template":"","meta":[],"product_brand":[],"product_cat":[419],"product_tag":[],"class_list":{"0":"post-25512","1":"product","2":"type-product","3":"status-publish","4":"has-post-thumbnail","6":"product_cat-battery-chargers-de","7":"pa_charge-battery-chemistry-pb-agm-gel-std-lead-acid-de","8":"pa_charge-battery-more-12v-de","9":"pa_charge-battery-more-4x4-abenteuer","10":"pa_charge-battery-more-auto-lieferwagen","11":"pa_charge-battery-more-boot-wasserfahrzeug","12":"pa_charge-battery-more-flugzeug-licht","13":"pa_charge-battery-more-optima-odyssey-de-2","14":"pa_charge-battery-more-oldtimer-de","15":"pa_charge-battery-more-traktor-baumaschine","16":"pa_charge-battery-more-wohnmobil-wagen","17":"pa_power-ac-100-240vac-de","18":"pa_product-group-optimate-6-de","19":"pa_region-ca-de-2","20":"pa_region-eu-de-2","21":"pa_region-uk-de-2","22":"pa_region-us-de-2","23":"iside_voltage-12-de","24":"iside_ampere-6-de","25":"iside_vehicle-hochleistungsauto-rennwagen-de","26":"iside_vehicle-luftfahrt-de","27":"iside_vehicle-marine-de","28":"iside_vehicle-oldtimer-classic-car-de","29":"iside_charger_series-gold-advanced-de-2","30":"iside_charger_features-save-sulphated-pb-lead-acid-de","31":"iside_charger_features-power-supply-tune-mode-de","32":"iside_charger_type-single-de","33":"iside_battery_voltage-12v-de","34":"iside_battery_chemistry-pb-lead-acid-de","35":"thunk-woo-product-list","36":"opn-qv-enable","37":"big-store-woo-hover-","38":"open-single-product-tab-horizontal","39":"open-shadow-","40":"open-shadow-hover-","42":"first","43":"instock","44":"featured","45":"shipping-taxable","46":"purchasable","47":"product-type-simple"},"yoast_head":"<!-- This site is optimized with the Yoast SEO plugin v27.2 - https:\/\/yoast.com\/product\/yoast-seo-wordpress\/ -->\n<title>OptiMate 6 Select - OptiMate<\/title>\n<meta name=\"description\" content=\"Das OptiMate 6 Select ist das Profi-Ladeger\u00e4t, mit dem Sie das Potential Ihrer Hochleistungs-12V-Batterie voll aussch\u00f6pfen. Mehr lesen!\" \/>\n<meta name=\"robots\" content=\"index, follow, max-snippet:-1, max-image-preview:large, max-video-preview:-1, noarchive\" \/>\n<link rel=\"canonical\" href=\"https:\/\/optimate1.com\/de\/product\/optimate-6-select-ladegerat\/\" \/>\n<meta property=\"og:locale\" content=\"de_DE\" \/>\n<meta property=\"og:type\" content=\"article\" \/>\n<meta property=\"og:title\" content=\"OptiMate 6 Select - OptiMate\" \/>\n<meta property=\"og:description\" content=\"Das OptiMate 6 Select ist das Profi-Ladeger\u00e4t, mit dem Sie das Potential Ihrer Hochleistungs-12V-Batterie voll aussch\u00f6pfen. Mehr lesen!\" \/>\n<meta property=\"og:url\" content=\"https:\/\/optimate1.com\/de\/product\/optimate-6-select-ladegerat\/\" \/>\n<meta property=\"og:site_name\" content=\"OptiMate\" \/>\n<meta property=\"article:publisher\" content=\"https:\/\/www.facebook.com\/OptiMatebatterysavingcharger\/\" \/>\n<meta property=\"article:modified_time\" content=\"2026-04-16T12:41:21+00:00\" \/>\n<meta property=\"og:image\" content=\"https:\/\/optimate1.com\/wp-content\/uploads\/2022\/07\/OptiMate-6-SELECT-GOLD-corner-de.png\" \/>\n\t<meta property=\"og:image:width\" content=\"900\" \/>\n\t<meta property=\"og:image:height\" content=\"900\" \/>\n\t<meta property=\"og:image:type\" content=\"image\/png\" \/>\n<meta name=\"twitter:card\" content=\"summary_large_image\" \/>\n<meta name=\"twitter:label1\" content=\"Gesch\u00e4tzte Lesezeit\" \/>\n\t<meta name=\"twitter:data1\" content=\"2\u00a0Minuten\" \/>\n<script type=\"application\/ld+json\" class=\"yoast-schema-graph\">{\"@context\":\"https:\/\/schema.org\",\"@graph\":[{\"@type\":\"WebPage\",\"@id\":\"https:\/\/optimate1.com\/de\/product\/optimate-6-select-ladegerat\/\",\"url\":\"https:\/\/optimate1.com\/de\/product\/optimate-6-select-ladegerat\/\",\"name\":\"OptiMate 6 Select - OptiMate\",\"isPartOf\":{\"@id\":\"https:\/\/optimate1.com\/#website\"},\"primaryImageOfPage\":{\"@id\":\"https:\/\/optimate1.com\/de\/product\/optimate-6-select-ladegerat\/#primaryimage\"},\"image\":{\"@id\":\"https:\/\/optimate1.com\/de\/product\/optimate-6-select-ladegerat\/#primaryimage\"},\"thumbnailUrl\":\"https:\/\/optimate1.com\/wp-content\/uploads\/2022\/07\/OptiMate-6-SELECT-GOLD-corner-de.png\",\"datePublished\":\"2020-12-17T09:17:38+00:00\",\"dateModified\":\"2026-04-16T12:41:21+00:00\",\"description\":\"Das OptiMate 6 Select ist das Profi-Ladeger\u00e4t, mit dem Sie das Potential Ihrer Hochleistungs-12V-Batterie voll aussch\u00f6pfen. Mehr lesen!\",\"breadcrumb\":{\"@id\":\"https:\/\/optimate1.com\/de\/product\/optimate-6-select-ladegerat\/#breadcrumb\"},\"inLanguage\":\"de\",\"potentialAction\":[{\"@type\":\"ReadAction\",\"target\":[\"https:\/\/optimate1.com\/de\/product\/optimate-6-select-ladegerat\/\"]}]},{\"@type\":\"ImageObject\",\"inLanguage\":\"de\",\"@id\":\"https:\/\/optimate1.com\/de\/product\/optimate-6-select-ladegerat\/#primaryimage\",\"url\":\"https:\/\/optimate1.com\/wp-content\/uploads\/2022\/07\/OptiMate-6-SELECT-GOLD-corner-de.png\",\"contentUrl\":\"https:\/\/optimate1.com\/wp-content\/uploads\/2022\/07\/OptiMate-6-SELECT-GOLD-corner-de.png\",\"width\":900,\"height\":900,\"caption\":\"optimate 6 ladeger\u00e4t produktbild\"},{\"@type\":\"BreadcrumbList\",\"@id\":\"https:\/\/optimate1.com\/de\/product\/optimate-6-select-ladegerat\/#breadcrumb\",\"itemListElement\":[{\"@type\":\"ListItem\",\"position\":1,\"name\":\"Home\",\"item\":\"https:\/\/optimate1.com\/\"},{\"@type\":\"ListItem\",\"position\":2,\"name\":\"Produkte\",\"item\":\"https:\/\/optimate1.com\/shop\/\"},{\"@type\":\"ListItem\",\"position\":3,\"name\":\"OptiMate 6 Select\"}]},{\"@type\":\"WebSite\",\"@id\":\"https:\/\/optimate1.com\/#website\",\"url\":\"https:\/\/optimate1.com\/\",\"name\":\"OptiMate\",\"description\":\"Battery Chargers &amp; Accessories\",\"publisher\":{\"@id\":\"https:\/\/optimate1.com\/#organization\"},\"potentialAction\":[{\"@type\":\"SearchAction\",\"target\":{\"@type\":\"EntryPoint\",\"urlTemplate\":\"https:\/\/optimate1.com\/?s={search_term_string}\"},\"query-input\":{\"@type\":\"PropertyValueSpecification\",\"valueRequired\":true,\"valueName\":\"search_term_string\"}}],\"inLanguage\":\"de\"},{\"@type\":\"Organization\",\"@id\":\"https:\/\/optimate1.com\/#organization\",\"name\":\"OptiMate\",\"url\":\"https:\/\/optimate1.com\/\",\"logo\":{\"@type\":\"ImageObject\",\"inLanguage\":\"de\",\"@id\":\"https:\/\/optimate1.com\/#\/schema\/logo\/image\/\",\"url\":\"https:\/\/optimate1.com\/wp-content\/uploads\/2021\/06\/optimate-hpbc-stacklogo.jpg\",\"contentUrl\":\"https:\/\/optimate1.com\/wp-content\/uploads\/2021\/06\/optimate-hpbc-stacklogo.jpg\",\"width\":1025,\"height\":529,\"caption\":\"OptiMate\"},\"image\":{\"@id\":\"https:\/\/optimate1.com\/#\/schema\/logo\/image\/\"},\"sameAs\":[\"https:\/\/www.facebook.com\/OptiMatebatterysavingcharger\/\"]}]}<\/script>\n<!-- \/ Yoast SEO plugin. -->","yoast_head_json":{"title":"OptiMate 6 Select - OptiMate","description":"Das OptiMate 6 Select ist das Profi-Ladeger\u00e4t, mit dem Sie das Potential Ihrer Hochleistungs-12V-Batterie voll aussch\u00f6pfen. Mehr lesen!","robots":{"index":"index","follow":"follow","max-snippet":"max-snippet:-1","max-image-preview":"max-image-preview:large","max-video-preview":"max-video-preview:-1","archive":"noarchive"},"canonical":"https:\/\/optimate1.com\/de\/product\/optimate-6-select-ladegerat\/","og_locale":"de_DE","og_type":"article","og_title":"OptiMate 6 Select - OptiMate","og_description":"Das OptiMate 6 Select ist das Profi-Ladeger\u00e4t, mit dem Sie das Potential Ihrer Hochleistungs-12V-Batterie voll aussch\u00f6pfen. Mehr lesen!","og_url":"https:\/\/optimate1.com\/de\/product\/optimate-6-select-ladegerat\/","og_site_name":"OptiMate","article_publisher":"https:\/\/www.facebook.com\/OptiMatebatterysavingcharger\/","article_modified_time":"2026-04-16T12:41:21+00:00","og_image":[{"width":900,"height":900,"url":"https:\/\/optimate1.com\/wp-content\/uploads\/2022\/07\/OptiMate-6-SELECT-GOLD-corner-de.png","type":"image\/png"}],"twitter_card":"summary_large_image","twitter_misc":{"Gesch\u00e4tzte Lesezeit":"2\u00a0Minuten"},"schema":{"@context":"https:\/\/schema.org","@graph":[{"@type":"WebPage","@id":"https:\/\/optimate1.com\/de\/product\/optimate-6-select-ladegerat\/","url":"https:\/\/optimate1.com\/de\/product\/optimate-6-select-ladegerat\/","name":"OptiMate 6 Select - OptiMate","isPartOf":{"@id":"https:\/\/optimate1.com\/#website"},"primaryImageOfPage":{"@id":"https:\/\/optimate1.com\/de\/product\/optimate-6-select-ladegerat\/#primaryimage"},"image":{"@id":"https:\/\/optimate1.com\/de\/product\/optimate-6-select-ladegerat\/#primaryimage"},"thumbnailUrl":"https:\/\/optimate1.com\/wp-content\/uploads\/2022\/07\/OptiMate-6-SELECT-GOLD-corner-de.png","datePublished":"2020-12-17T09:17:38+00:00","dateModified":"2026-04-16T12:41:21+00:00","description":"Das OptiMate 6 Select ist das Profi-Ladeger\u00e4t, mit dem Sie das Potential Ihrer Hochleistungs-12V-Batterie voll aussch\u00f6pfen. Mehr lesen!","breadcrumb":{"@id":"https:\/\/optimate1.com\/de\/product\/optimate-6-select-ladegerat\/#breadcrumb"},"inLanguage":"de","potentialAction":[{"@type":"ReadAction","target":["https:\/\/optimate1.com\/de\/product\/optimate-6-select-ladegerat\/"]}]},{"@type":"ImageObject","inLanguage":"de","@id":"https:\/\/optimate1.com\/de\/product\/optimate-6-select-ladegerat\/#primaryimage","url":"https:\/\/optimate1.com\/wp-content\/uploads\/2022\/07\/OptiMate-6-SELECT-GOLD-corner-de.png","contentUrl":"https:\/\/optimate1.com\/wp-content\/uploads\/2022\/07\/OptiMate-6-SELECT-GOLD-corner-de.png","width":900,"height":900,"caption":"optimate 6 ladeger\u00e4t produktbild"},{"@type":"BreadcrumbList","@id":"https:\/\/optimate1.com\/de\/product\/optimate-6-select-ladegerat\/#breadcrumb","itemListElement":[{"@type":"ListItem","position":1,"name":"Home","item":"https:\/\/optimate1.com\/"},{"@type":"ListItem","position":2,"name":"Produkte","item":"https:\/\/optimate1.com\/shop\/"},{"@type":"ListItem","position":3,"name":"OptiMate 6 Select"}]},{"@type":"WebSite","@id":"https:\/\/optimate1.com\/#website","url":"https:\/\/optimate1.com\/","name":"OptiMate","description":"Battery Chargers &amp; Accessories","publisher":{"@id":"https:\/\/optimate1.com\/#organization"},"potentialAction":[{"@type":"SearchAction","target":{"@type":"EntryPoint","urlTemplate":"https:\/\/optimate1.com\/?s={search_term_string}"},"query-input":{"@type":"PropertyValueSpecification","valueRequired":true,"valueName":"search_term_string"}}],"inLanguage":"de"},{"@type":"Organization","@id":"https:\/\/optimate1.com\/#organization","name":"OptiMate","url":"https:\/\/optimate1.com\/","logo":{"@type":"ImageObject","inLanguage":"de","@id":"https:\/\/optimate1.com\/#\/schema\/logo\/image\/","url":"https:\/\/optimate1.com\/wp-content\/uploads\/2021\/06\/optimate-hpbc-stacklogo.jpg","contentUrl":"https:\/\/optimate1.com\/wp-content\/uploads\/2021\/06\/optimate-hpbc-stacklogo.jpg","width":1025,"height":529,"caption":"OptiMate"},"image":{"@id":"https:\/\/optimate1.com\/#\/schema\/logo\/image\/"},"sameAs":["https:\/\/www.facebook.com\/OptiMatebatterysavingcharger\/"]}]}},"_links":{"self":[{"href":"https:\/\/optimate1.com\/de\/wp-json\/wp\/v2\/product\/25512","targetHints":{"allow":["GET"]}}],"collection":[{"href":"https:\/\/optimate1.com\/de\/wp-json\/wp\/v2\/product"}],"about":[{"href":"https:\/\/optimate1.com\/de\/wp-json\/wp\/v2\/types\/product"}],"wp:featuredmedia":[{"embeddable":true,"href":"https:\/\/optimate1.com\/de\/wp-json\/wp\/v2\/media\/30004"}],"wp:attachment":[{"href":"https:\/\/optimate1.com\/de\/wp-json\/wp\/v2\/media?parent=25512"}],"wp:term":[{"taxonomy":"product_brand","embeddable":true,"href":"https:\/\/optimate1.com\/de\/wp-json\/wp\/v2\/product_brand?post=25512"},{"taxonomy":"product_cat","embeddable":true,"href":"https:\/\/optimate1.com\/de\/wp-json\/wp\/v2\/product_cat?post=25512"},{"taxonomy":"product_tag","embeddable":true,"href":"https:\/\/optimate1.com\/de\/wp-json\/wp\/v2\/product_tag?post=25512"}],"curies":[{"name":"wp","href":"https:\/\/api.w.org\/{rel}","templated":true}]}}