{"id":27527,"date":"2021-08-30T03:58:44","date_gmt":"2021-08-30T07:58:44","guid":{"rendered":"https:\/\/optimate1.com\/product\/optimate-1-duo-2-de\/"},"modified":"2026-03-26T04:01:39","modified_gmt":"2026-03-26T08:01:39","slug":"optimate-1-voltmatic-akkuladegerat","status":"publish","type":"product","link":"https:\/\/optimate1.com\/de\/product\/optimate-1-voltmatic-akkuladegerat\/","title":{"rendered":"OptiMate 1 VoltMatic"},"content":{"rendered":"<h6 style=\"text-align: center;\"><strong><span style=\"color: #10069f;\">OptiMate 1 VoltMatic passt sich automatisch an die Batteriespannung an (6V oder 12V) &#8211; <\/span><\/strong><em><span style=\"color: #10069f;\">Schlie\u00dfen Sie die Batterie an und OptiMate 1 VoltMatic erledigt den Rest, keine \u00dcberwachung erforderlich!<\/span><\/em><\/h6>\n<h6 style=\"text-align: center;\"><img loading=\"lazy\" decoding=\"async\" class=\"aligncenter wp-image-20660\" src=\"https:\/\/optimate1.com\/wp-content\/uploads\/2021\/11\/VoltMatic-copy-01.png\" alt=\"OptiMate 1 battery charger is ideal for 6V or 12V lead-acid batteries.\" width=\"428\" height=\"100\" \/><\/h6>\n<p>&nbsp;<\/p>\n<h6 style=\"text-align: center;\"><strong><span style=\"color: #10069f;\">Liefert 0,6 Ampere Ladestrom, empfohlen f\u00fcr die Wartung kleinerer Batterien.<\/span><\/strong><\/h6>\n<h6 style=\"text-align: center;\"><img loading=\"lazy\" decoding=\"async\" class=\"aligncenter wp-image-20668\" src=\"https:\/\/optimate1.com\/wp-content\/uploads\/2021\/08\/Vehicle-range-OM1-VoltMatic-copy-3-01.jpg\" alt=\"The OptiMate 1 battery charger is recommended for oldtimers, motorcycles, ATVs, medical equipment, snowmobiles, security devices and jet skis.\" width=\"428\" height=\"66\" \/><\/h6>\n<p>&nbsp;<\/p>\n<h6 style=\"text-align: center;\"><strong><span style=\"color: #10069f;\">L\u00e4dt und liefert langfristige Wartung &#8211; <\/span><\/strong><em><span style=\"color: #10069f;\">Schlie\u00dfen Sie die Batterie an und OptiMate 1 VoltMatic erledigt den Rest, keine \u00dcberwachung erforderlich!<\/span><\/em><\/h6>\n<h6 style=\"text-align: center;\"><img loading=\"lazy\" decoding=\"async\" class=\"aligncenter wp-image-20876\" src=\"https:\/\/optimate1.com\/wp-content\/uploads\/2021\/02\/CONNECT-CHARGE-MAINTAIN-01.png\" alt=\"The steps for long term maintenance: Connect, charge and maintain.\" width=\"428\" height=\"70\" \/><\/h6>\n<p>&nbsp;<\/p>\n<p>&nbsp;<\/p>\n<h4 style=\"text-align: center;\"><strong><span style=\"text-decoration: underline;\">MEHR FEATURES:<\/span><\/strong><\/h4>\n<p style=\"text-align: center;\">\n<table id=\"tablepress-524\" class=\"tablepress tablepress-id-524\">\n<tbody class=\"row-hover\">\n<tr class=\"row-1\">\n\t<td class=\"column-1\"><a href=\"\"><img loading=\"lazy\" decoding=\"async\" src=\"https:\/\/optimate1.com\/wp-content\/uploads\/2023\/10\/OptiMate-1-VoltMatic.png\" alt=\"\" width=\"300\" height=\"50\" class=\"aligncenter size-medium wp-image-20927\" \/><\/a><body><h6><center>F\u00fcr Blei-S\u00e4ure (Pb) 6V &amp; 12V Batterietypen einschlie\u00dflich STD (mit Einf\u00fcllkappen), AGM &amp; GEL (versiegelte VRLA).<\/body><\/h6><\/center><br \/>\n<\/td>\n<\/tr>\n<tr class=\"row-2\">\n\t<td class=\"column-1\"><a href=\"\"><img loading=\"lazy\" decoding=\"async\" src=\"https:\/\/optimate1.com\/wp-content\/uploads\/2021\/08\/incase-style-TM40x_2-01-scaled.jpg\" alt=\"\" width=\"300\" height=\"50\" class=\"aligncenter size-medium wp-image-20928\" \/><\/a><body><h6><center>Staubgesch\u00fctzter Stecker in Geh\u00e4useform.<\/body><\/h6><\/center><\/td>\n<\/tr>\n<tr class=\"row-3\">\n\t<td class=\"column-1\"><a href=\"\"><img loading=\"lazy\" decoding=\"async\" src=\"https:\/\/optimate1.com\/wp-content\/uploads\/2021\/08\/SAFE-OM1-DUO-copy-01.png\" alt=\"\" width=\"300\" height=\"50\" class=\"aligncenter size-medium wp-image-20995\" \/><\/a><body><h6><center>Kann sicher angeschlossen bleiben. Vollst\u00e4ndiger elektronischer Schutz.<\/body><\/h6><\/center><\/td>\n<\/tr>\n<tr class=\"row-4\">\n\t<td class=\"column-1\"><a href=\"\"><img loading=\"lazy\" decoding=\"async\" src=\"https:\/\/optimate1.com\/wp-content\/uploads\/2020\/12\/24-7-x2-300x49.png\" alt=\"\" width=\"300\" height=\"50\" class=\"aligncenter size-medium wp-image-20982\" srcset=\"https:\/\/optimate1.com\/wp-content\/uploads\/2020\/12\/24-7-x2-300x49.png 300w, https:\/\/optimate1.com\/wp-content\/uploads\/2020\/12\/24-7-x2-600x98.png 600w, https:\/\/optimate1.com\/wp-content\/uploads\/2020\/12\/24-7-x2-64x10.png 64w, https:\/\/optimate1.com\/wp-content\/uploads\/2020\/12\/24-7-x2-768x126.png 768w, https:\/\/optimate1.com\/wp-content\/uploads\/2020\/12\/24-7-x2.png 856w\" sizes=\"auto, (max-width: 300px) 100vw, 300px\" \/><\/a><body><h6><center>H\u00e4lt die Batterie bei voller Ladung und in gutem Zustand.<\/center><\/h6><\/body><\/td>\n<\/tr>\n<tr class=\"row-5\">\n\t<td class=\"column-1\"><a href=\"\"><img loading=\"lazy\" decoding=\"async\" src=\"https:\/\/optimate1.com\/wp-content\/uploads\/2021\/02\/Low-Volt-Start-of-4V-01.png\" alt=\"\" width=\"300\" height=\"50\" class=\"aligncenter size-medium wp-image-20993\" \/><\/a><body><h6><center>Niedrige Startspannung von 4V.<\/body><\/h6><\/center><\/td>\n<\/tr>\n<tr class=\"row-6\">\n\t<td class=\"column-1\"><a href=\"\"><img loading=\"lazy\" decoding=\"async\" src=\"https:\/\/optimate1.com\/wp-content\/uploads\/2020\/12\/green-technology-hx2-1-300x49.png\" alt=\"\" width=\"300\" height=\"50\" class=\"aligncenter size-medium wp-image-20985\" \/><\/a><body><h6><center>Energiesparende Technologie.<br \/>\n<strong>\u221a<\/strong> Stand-by-Leistung weniger als 0,5W.<br \/>\n<strong>\u221a<\/strong> Effiziente 24-7 Batteriewartung.<\/body><\/h6><\/center><\/td>\n<\/tr>\n<tr class=\"row-7\">\n\t<td class=\"column-1\"><a href=\"\"><img loading=\"lazy\" decoding=\"async\" src=\"https:\/\/optimate1.com\/wp-content\/uploads\/2022\/03\/OM1-IP-T-rating-copy-01.png\" alt=\"\" width=\"300\" height=\"50\" class=\"aligncenter size-medium wp-image-20983\" \/><\/a><body><h6><center>Wetterfest. Ausgelegt f\u00fcr den Einsatz bei bis zu -20\u00b0C \/ -4\u00b0F.<\/body><\/h6><\/center><\/td>\n<\/tr>\n<\/tbody>\n<\/table>\n<!-- #tablepress-524 from cache --><\/p>\n","protected":false},"excerpt":{"rendered":"<h3><span style=\"color: #6b4c59;\">BRONZE-Serie: 4-stufiges 6V \/ 12V 0.6A Batterieladeger\u00e4t und -wartung<\/span><\/h3>\n","protected":false},"featured_media":41752,"template":"","meta":[],"product_brand":[],"product_cat":[419],"product_tag":[],"class_list":{"0":"post-27527","1":"product","2":"type-product","3":"status-publish","4":"has-post-thumbnail","6":"product_cat-battery-chargers-de","7":"pa_charge-battery-chemistry-pb-agm-gel-std-lead-acid-de","8":"pa_charge-battery-more-12v-de","9":"pa_charge-battery-more-6v-de","10":"pa_charge-battery-more-motorrad-gelandewagen","11":"pa_charge-battery-more-oldtimer-de","12":"pa_charge-battery-more-utv-sxs-cruiser-de","13":"pa_power-ac-100-240vac-de","14":"pa_product-group-optimate-1-de","15":"pa_region-ca-de-2","16":"pa_region-eu-de-2","17":"pa_region-us-de-2","18":"iside_voltage-6-de","19":"iside_ampere-0-6-de","20":"iside_vehicle-motorrad-powersport-de","21":"iside_vehicle-oldtimer-classic-car-de","22":"iside_charger_series-bronze-easy-de","23":"iside_charger_features-sichere-batteriewartung-rund-um-die-uhr","24":"iside_charger_type-single-de","25":"iside_battery_voltage-12v-de","26":"iside_battery_voltage-6v-de","27":"iside_battery_chemistry-pb-lead-acid-de","28":"battery_charger_current-0-6a-1-5a-de","29":"thunk-woo-product-list","30":"opn-qv-enable","31":"big-store-woo-hover-","32":"open-single-product-tab-horizontal","33":"open-shadow-","34":"open-shadow-hover-","36":"first","37":"instock","38":"featured","39":"shipping-taxable","40":"purchasable","41":"product-type-simple"},"yoast_head":"<!-- This site is optimized with the Yoast SEO plugin v27.2 - https:\/\/yoast.com\/product\/yoast-seo-wordpress\/ -->\n<title>OptiMate 1 VoltMatic - OptiMate<\/title>\n<meta name=\"description\" content=\"Das OptiMate 1 VoltMatic ist ein akkuladeger\u00e4t f\u00fcr Ihre 6V oder 12V Blei-S\u00e4ure-Batterien. Entdecken Sie unser Angebot auf unserer Website!\" \/>\n<meta name=\"robots\" content=\"index, follow, max-snippet:-1, max-image-preview:large, max-video-preview:-1, noarchive\" \/>\n<link rel=\"canonical\" href=\"https:\/\/optimate1.com\/de\/product\/optimate-1-voltmatic-akkuladegerat\/\" \/>\n<meta property=\"og:locale\" content=\"de_DE\" \/>\n<meta property=\"og:type\" content=\"article\" \/>\n<meta property=\"og:title\" content=\"OptiMate 1 VoltMatic - OptiMate\" \/>\n<meta property=\"og:description\" content=\"Das OptiMate 1 VoltMatic ist ein akkuladeger\u00e4t f\u00fcr Ihre 6V oder 12V Blei-S\u00e4ure-Batterien. Entdecken Sie unser Angebot auf unserer Website!\" \/>\n<meta property=\"og:url\" content=\"https:\/\/optimate1.com\/de\/product\/optimate-1-voltmatic-akkuladegerat\/\" \/>\n<meta property=\"og:site_name\" content=\"OptiMate\" \/>\n<meta property=\"article:publisher\" content=\"https:\/\/www.facebook.com\/OptiMatebatterysavingcharger\/\" \/>\n<meta property=\"article:modified_time\" content=\"2026-03-26T08:01:39+00:00\" \/>\n<meta property=\"og:image\" content=\"https:\/\/optimate1.com\/wp-content\/uploads\/2026\/03\/OptiMate-1-VoltMatic-TM402xD-11-de.png\" \/>\n\t<meta property=\"og:image:width\" content=\"1500\" \/>\n\t<meta property=\"og:image:height\" content=\"1500\" \/>\n\t<meta property=\"og:image:type\" content=\"image\/png\" \/>\n<meta name=\"twitter:card\" content=\"summary_large_image\" \/>\n<meta name=\"twitter:label1\" content=\"Gesch\u00e4tzte Lesezeit\" \/>\n\t<meta name=\"twitter:data1\" content=\"2\u00a0Minuten\" \/>\n<script type=\"application\/ld+json\" class=\"yoast-schema-graph\">{\"@context\":\"https:\/\/schema.org\",\"@graph\":[{\"@type\":\"WebPage\",\"@id\":\"https:\/\/optimate1.com\/de\/product\/optimate-1-voltmatic-akkuladegerat\/\",\"url\":\"https:\/\/optimate1.com\/de\/product\/optimate-1-voltmatic-akkuladegerat\/\",\"name\":\"OptiMate 1 VoltMatic - OptiMate\",\"isPartOf\":{\"@id\":\"https:\/\/optimate1.com\/#website\"},\"primaryImageOfPage\":{\"@id\":\"https:\/\/optimate1.com\/de\/product\/optimate-1-voltmatic-akkuladegerat\/#primaryimage\"},\"image\":{\"@id\":\"https:\/\/optimate1.com\/de\/product\/optimate-1-voltmatic-akkuladegerat\/#primaryimage\"},\"thumbnailUrl\":\"https:\/\/optimate1.com\/wp-content\/uploads\/2026\/03\/OptiMate-1-VoltMatic-TM402xD-11-de.png\",\"datePublished\":\"2021-08-30T07:58:44+00:00\",\"dateModified\":\"2026-03-26T08:01:39+00:00\",\"description\":\"Das OptiMate 1 VoltMatic ist ein akkuladeger\u00e4t f\u00fcr Ihre 6V oder 12V Blei-S\u00e4ure-Batterien. Entdecken Sie unser Angebot auf unserer Website!\",\"breadcrumb\":{\"@id\":\"https:\/\/optimate1.com\/de\/product\/optimate-1-voltmatic-akkuladegerat\/#breadcrumb\"},\"inLanguage\":\"de\",\"potentialAction\":[{\"@type\":\"ReadAction\",\"target\":[\"https:\/\/optimate1.com\/de\/product\/optimate-1-voltmatic-akkuladegerat\/\"]}]},{\"@type\":\"ImageObject\",\"inLanguage\":\"de\",\"@id\":\"https:\/\/optimate1.com\/de\/product\/optimate-1-voltmatic-akkuladegerat\/#primaryimage\",\"url\":\"https:\/\/optimate1.com\/wp-content\/uploads\/2026\/03\/OptiMate-1-VoltMatic-TM402xD-11-de.png\",\"contentUrl\":\"https:\/\/optimate1.com\/wp-content\/uploads\/2026\/03\/OptiMate-1-VoltMatic-TM402xD-11-de.png\",\"width\":1500,\"height\":1500},{\"@type\":\"BreadcrumbList\",\"@id\":\"https:\/\/optimate1.com\/de\/product\/optimate-1-voltmatic-akkuladegerat\/#breadcrumb\",\"itemListElement\":[{\"@type\":\"ListItem\",\"position\":1,\"name\":\"Home\",\"item\":\"https:\/\/optimate1.com\/\"},{\"@type\":\"ListItem\",\"position\":2,\"name\":\"Produkte\",\"item\":\"https:\/\/optimate1.com\/shop\/\"},{\"@type\":\"ListItem\",\"position\":3,\"name\":\"OptiMate 1 VoltMatic\"}]},{\"@type\":\"WebSite\",\"@id\":\"https:\/\/optimate1.com\/#website\",\"url\":\"https:\/\/optimate1.com\/\",\"name\":\"OptiMate\",\"description\":\"Battery Chargers &amp; Accessories\",\"publisher\":{\"@id\":\"https:\/\/optimate1.com\/#organization\"},\"potentialAction\":[{\"@type\":\"SearchAction\",\"target\":{\"@type\":\"EntryPoint\",\"urlTemplate\":\"https:\/\/optimate1.com\/?s={search_term_string}\"},\"query-input\":{\"@type\":\"PropertyValueSpecification\",\"valueRequired\":true,\"valueName\":\"search_term_string\"}}],\"inLanguage\":\"de\"},{\"@type\":\"Organization\",\"@id\":\"https:\/\/optimate1.com\/#organization\",\"name\":\"OptiMate\",\"url\":\"https:\/\/optimate1.com\/\",\"logo\":{\"@type\":\"ImageObject\",\"inLanguage\":\"de\",\"@id\":\"https:\/\/optimate1.com\/#\/schema\/logo\/image\/\",\"url\":\"https:\/\/optimate1.com\/wp-content\/uploads\/2021\/06\/optimate-hpbc-stacklogo.jpg\",\"contentUrl\":\"https:\/\/optimate1.com\/wp-content\/uploads\/2021\/06\/optimate-hpbc-stacklogo.jpg\",\"width\":1025,\"height\":529,\"caption\":\"OptiMate\"},\"image\":{\"@id\":\"https:\/\/optimate1.com\/#\/schema\/logo\/image\/\"},\"sameAs\":[\"https:\/\/www.facebook.com\/OptiMatebatterysavingcharger\/\"]}]}<\/script>\n<!-- \/ Yoast SEO plugin. -->","yoast_head_json":{"title":"OptiMate 1 VoltMatic - OptiMate","description":"Das OptiMate 1 VoltMatic ist ein akkuladeger\u00e4t f\u00fcr Ihre 6V oder 12V Blei-S\u00e4ure-Batterien. Entdecken Sie unser Angebot auf unserer Website!","robots":{"index":"index","follow":"follow","max-snippet":"max-snippet:-1","max-image-preview":"max-image-preview:large","max-video-preview":"max-video-preview:-1","archive":"noarchive"},"canonical":"https:\/\/optimate1.com\/de\/product\/optimate-1-voltmatic-akkuladegerat\/","og_locale":"de_DE","og_type":"article","og_title":"OptiMate 1 VoltMatic - OptiMate","og_description":"Das OptiMate 1 VoltMatic ist ein akkuladeger\u00e4t f\u00fcr Ihre 6V oder 12V Blei-S\u00e4ure-Batterien. Entdecken Sie unser Angebot auf unserer Website!","og_url":"https:\/\/optimate1.com\/de\/product\/optimate-1-voltmatic-akkuladegerat\/","og_site_name":"OptiMate","article_publisher":"https:\/\/www.facebook.com\/OptiMatebatterysavingcharger\/","article_modified_time":"2026-03-26T08:01:39+00:00","og_image":[{"width":1500,"height":1500,"url":"https:\/\/optimate1.com\/wp-content\/uploads\/2026\/03\/OptiMate-1-VoltMatic-TM402xD-11-de.png","type":"image\/png"}],"twitter_card":"summary_large_image","twitter_misc":{"Gesch\u00e4tzte Lesezeit":"2\u00a0Minuten"},"schema":{"@context":"https:\/\/schema.org","@graph":[{"@type":"WebPage","@id":"https:\/\/optimate1.com\/de\/product\/optimate-1-voltmatic-akkuladegerat\/","url":"https:\/\/optimate1.com\/de\/product\/optimate-1-voltmatic-akkuladegerat\/","name":"OptiMate 1 VoltMatic - OptiMate","isPartOf":{"@id":"https:\/\/optimate1.com\/#website"},"primaryImageOfPage":{"@id":"https:\/\/optimate1.com\/de\/product\/optimate-1-voltmatic-akkuladegerat\/#primaryimage"},"image":{"@id":"https:\/\/optimate1.com\/de\/product\/optimate-1-voltmatic-akkuladegerat\/#primaryimage"},"thumbnailUrl":"https:\/\/optimate1.com\/wp-content\/uploads\/2026\/03\/OptiMate-1-VoltMatic-TM402xD-11-de.png","datePublished":"2021-08-30T07:58:44+00:00","dateModified":"2026-03-26T08:01:39+00:00","description":"Das OptiMate 1 VoltMatic ist ein akkuladeger\u00e4t f\u00fcr Ihre 6V oder 12V Blei-S\u00e4ure-Batterien. Entdecken Sie unser Angebot auf unserer Website!","breadcrumb":{"@id":"https:\/\/optimate1.com\/de\/product\/optimate-1-voltmatic-akkuladegerat\/#breadcrumb"},"inLanguage":"de","potentialAction":[{"@type":"ReadAction","target":["https:\/\/optimate1.com\/de\/product\/optimate-1-voltmatic-akkuladegerat\/"]}]},{"@type":"ImageObject","inLanguage":"de","@id":"https:\/\/optimate1.com\/de\/product\/optimate-1-voltmatic-akkuladegerat\/#primaryimage","url":"https:\/\/optimate1.com\/wp-content\/uploads\/2026\/03\/OptiMate-1-VoltMatic-TM402xD-11-de.png","contentUrl":"https:\/\/optimate1.com\/wp-content\/uploads\/2026\/03\/OptiMate-1-VoltMatic-TM402xD-11-de.png","width":1500,"height":1500},{"@type":"BreadcrumbList","@id":"https:\/\/optimate1.com\/de\/product\/optimate-1-voltmatic-akkuladegerat\/#breadcrumb","itemListElement":[{"@type":"ListItem","position":1,"name":"Home","item":"https:\/\/optimate1.com\/"},{"@type":"ListItem","position":2,"name":"Produkte","item":"https:\/\/optimate1.com\/shop\/"},{"@type":"ListItem","position":3,"name":"OptiMate 1 VoltMatic"}]},{"@type":"WebSite","@id":"https:\/\/optimate1.com\/#website","url":"https:\/\/optimate1.com\/","name":"OptiMate","description":"Battery Chargers &amp; Accessories","publisher":{"@id":"https:\/\/optimate1.com\/#organization"},"potentialAction":[{"@type":"SearchAction","target":{"@type":"EntryPoint","urlTemplate":"https:\/\/optimate1.com\/?s={search_term_string}"},"query-input":{"@type":"PropertyValueSpecification","valueRequired":true,"valueName":"search_term_string"}}],"inLanguage":"de"},{"@type":"Organization","@id":"https:\/\/optimate1.com\/#organization","name":"OptiMate","url":"https:\/\/optimate1.com\/","logo":{"@type":"ImageObject","inLanguage":"de","@id":"https:\/\/optimate1.com\/#\/schema\/logo\/image\/","url":"https:\/\/optimate1.com\/wp-content\/uploads\/2021\/06\/optimate-hpbc-stacklogo.jpg","contentUrl":"https:\/\/optimate1.com\/wp-content\/uploads\/2021\/06\/optimate-hpbc-stacklogo.jpg","width":1025,"height":529,"caption":"OptiMate"},"image":{"@id":"https:\/\/optimate1.com\/#\/schema\/logo\/image\/"},"sameAs":["https:\/\/www.facebook.com\/OptiMatebatterysavingcharger\/"]}]}},"_links":{"self":[{"href":"https:\/\/optimate1.com\/de\/wp-json\/wp\/v2\/product\/27527","targetHints":{"allow":["GET"]}}],"collection":[{"href":"https:\/\/optimate1.com\/de\/wp-json\/wp\/v2\/product"}],"about":[{"href":"https:\/\/optimate1.com\/de\/wp-json\/wp\/v2\/types\/product"}],"wp:featuredmedia":[{"embeddable":true,"href":"https:\/\/optimate1.com\/de\/wp-json\/wp\/v2\/media\/41752"}],"wp:attachment":[{"href":"https:\/\/optimate1.com\/de\/wp-json\/wp\/v2\/media?parent=27527"}],"wp:term":[{"taxonomy":"product_brand","embeddable":true,"href":"https:\/\/optimate1.com\/de\/wp-json\/wp\/v2\/product_brand?post=27527"},{"taxonomy":"product_cat","embeddable":true,"href":"https:\/\/optimate1.com\/de\/wp-json\/wp\/v2\/product_cat?post=27527"},{"taxonomy":"product_tag","embeddable":true,"href":"https:\/\/optimate1.com\/de\/wp-json\/wp\/v2\/product_tag?post=27527"}],"curies":[{"name":"wp","href":"https:\/\/api.w.org\/{rel}","templated":true}]}}