{"id":27667,"date":"2021-10-04T02:52:29","date_gmt":"2021-10-04T06:52:29","guid":{"rendered":"https:\/\/optimate1.com\/product\/optimate-5-start-stop-de\/"},"modified":"2026-01-21T05:43:48","modified_gmt":"2026-01-21T10:43:48","slug":"optimate-5-start-stop-ladegerat","status":"publish","type":"product","link":"https:\/\/optimate1.com\/de\/product\/optimate-5-start-stop-ladegerat\/","title":{"rendered":"OptiMate 5 Start\/Stop"},"content":{"rendered":"<h6 style=\"text-align: center;\"><strong><span style=\"color: #10069f;\">OptiMate 5 Start\/Stop ist das perfekte Ladeger\u00e4t &amp; Wartungsger\u00e4t f\u00fcr Ihr Auto, Ihren Pick-up, Ihr Hybridfahrzeug oder Ihr Elektroauto <\/span><\/strong><i><strong><span style=\"color: #10069f;\">&#8211; <\/span><\/strong><span style=\"color: #10069f;\">24-7 Batteriepflege f\u00fcr mittlere bis gro\u00dfe 12V-Batterien!<\/span><\/i><\/h6>\n<h6 style=\"text-align: center;\"><img loading=\"lazy\" decoding=\"async\" class=\"aligncenter wp-image-20668\" src=\"https:\/\/optimate1.com\/wp-content\/uploads\/2021\/10\/Vehicle-range-OM5-start-stop-01.png\" alt=\"The OptiMate 6 Ampmatic is recommended for batteries of sports cars, 4x4 cars, tractors, RV, maritime and motorcycles.\" width=\"428\" height=\"66\" \/><\/h6>\n<p>&nbsp;<\/p>\n<h6 style=\"text-align: center;\"><strong><span style=\"color: #10069f;\">Das vollautomatische Mehrstufenprogramm bringt die Batterie sicher auf volle Ladung &#8211; <\/span><\/strong><em><span style=\"color: #10069f;\">Schlie\u00dfen Sie die Batterie an und OptiMate 5 Start\/Stopp erledigt den Rest, keine \u00dcberwachung erforderlich!<\/span><\/em><\/h6>\n<h6 style=\"text-align: center;\"><img loading=\"lazy\" decoding=\"async\" class=\"aligncenter wp-image-20876\" src=\"https:\/\/optimate1.com\/wp-content\/uploads\/2020\/12\/connect_save_charge-maintain-01.png\" alt=\"The fully automatic multi-step program to full charge the battery safely. \" width=\"428\" height=\"70\" \/><\/h6>\n<p>&nbsp;<\/p>\n<p>&nbsp;<\/p>\n<h4 style=\"text-align: center;\"><strong><span style=\"text-decoration: underline;\">MEHR FEATURES:<\/span><\/strong><\/h4>\n<p style=\"text-align: center;\">\n<table id=\"tablepress-535\" class=\"tablepress tablepress-id-535\">\n<tbody class=\"row-hover\">\n<tr class=\"row-1\">\n\t<td class=\"column-1\"><a href=\"\"><img loading=\"lazy\" decoding=\"async\" src=\"https:\/\/optimate1.com\/wp-content\/uploads\/2023\/10\/optimate-5-start-stop.png\" alt=\"\" width=\"300\" height=\"50\" class=\"aligncenter size-medium wp-image-20927\" \/><\/a><body><h6><center>F\u00fcr Blei-S\u00e4ure (Pb) 12-V-Autobatterietypen, einschlie\u00dflich STD (mit Einf\u00fclldeckel), AGM, GEL (versiegelte VRLA) &amp; EFB.<\/body><\/h6><\/center><br \/>\n<\/td>\n<\/tr>\n<tr class=\"row-2\">\n\t<td class=\"column-1\"><a href=\"\"><img loading=\"lazy\" decoding=\"async\" src=\"https:\/\/optimate1.com\/wp-content\/uploads\/2020\/12\/SAFE-connected-x2-300x49.jpg\" alt=\"\" width=\"300\" height=\"50\" class=\"aligncenter size-medium wp-image-20928\" \/><\/a><body><h6><center>Kann sicher angeschlossen bleiben. Vollst\u00e4ndiger elektronischer Schutz.<\/body><\/h6><\/center><\/td>\n<\/tr>\n<tr class=\"row-3\">\n\t<td class=\"column-1\"><a href=\"\"><img loading=\"lazy\" decoding=\"async\" src=\"https:\/\/optimate1.com\/wp-content\/uploads\/2020\/12\/24-7-x2-300x49.png\" alt=\"\" width=\"300\" height=\"50\" class=\"aligncenter size-medium wp-image-20995\" \/><\/a><body><h6><center>H\u00e4lt die Batterie voll geladen und in gutem Zustand.<\/body><\/h6><\/center><\/td>\n<\/tr>\n<tr class=\"row-4\">\n\t<td class=\"column-1\"><a href=\"\"><img loading=\"lazy\" decoding=\"async\" src=\"https:\/\/optimate1.com\/wp-content\/uploads\/2021\/02\/Low-Volt-Start-of-4V-01.png\" alt=\"\" width=\"300\" height=\"50\" class=\"aligncenter size-medium wp-image-20982\" \/><\/a><body><h6><center>Niedervolt-Start ab 4V.<\/center><\/h6><\/body><\/td>\n<\/tr>\n<tr class=\"row-5\">\n\t<td class=\"column-1\"><a href=\"\"><img loading=\"lazy\" decoding=\"async\" src=\"https:\/\/optimate1.com\/wp-content\/uploads\/2020\/12\/state-of-health-test-2-LED-200.png\" alt=\"\" width=\"300\" height=\"50\" class=\"aligncenter size-medium wp-image-20993\" \/><\/a><body><h6><center>Testet den Gesundheitszustand der Batterie.<\/body><\/h6><\/center><\/td>\n<\/tr>\n<tr class=\"row-6\">\n\t<td class=\"column-1\"><a href=\"\"><img loading=\"lazy\" decoding=\"async\" src=\"https:\/\/optimate1.com\/wp-content\/uploads\/2020\/12\/green-technology-hx2-1-300x49.png\" alt=\"\" width=\"300\" height=\"50\" class=\"aligncenter size-medium wp-image-20985\" \/><\/a><body><h6><center>Energiesparende Technologie.<br \/>\n<strong>\u221a<\/strong> Stand-by-Leistung weniger als 0.5W.<br \/>\n<strong>\u221a<\/strong> Effiziente Wartung der Batterie rund um die Uhr.<\/body><\/h6><\/center><\/td>\n<\/tr>\n<tr class=\"row-7\">\n\t<td class=\"column-1\"><a href=\"\"><img loading=\"lazy\" decoding=\"async\" src=\"https:\/\/optimate1.com\/wp-content\/uploads\/2020\/12\/weatherproof-x2-300x49.png\" alt=\"\" width=\"300\" height=\"50\" class=\"aligncenter size-medium wp-image-20983\" \/><\/a><body><h6><center>Wetterfest. Geeignet f\u00fcr den Einsatz bis zu -40\u00b0C \/ -40\u00b0F.<\/body><\/h6><\/center><\/td>\n<\/tr>\n<\/tbody>\n<\/table>\n<!-- #tablepress-535 from cache --><\/p>\n","protected":false},"excerpt":{"rendered":"<h3><span style=\"color: #6b4c59;\">BRONZE-Serie: 6-stufiges gekapseltes batterieschonendes 12V 4A Lade- &amp; Wartungsger\u00e4t<\/span><\/h3>\n","protected":false},"featured_media":29984,"template":"","meta":[],"product_brand":[],"product_cat":[419],"product_tag":[],"class_list":{"0":"post-27667","1":"product","2":"type-product","3":"status-publish","4":"has-post-thumbnail","6":"product_cat-battery-chargers-de","7":"pa_charge-battery-chemistry-pb-agm-gel-std-lead-acid-de","8":"pa_charge-battery-more-12v-de","9":"pa_charge-battery-more-auto-lieferwagen","10":"pa_charge-battery-more-boot-wasserfahrzeug","11":"pa_charge-battery-more-oldtimer-de","12":"pa_charge-battery-more-traktor-baumaschine","13":"pa_charge-battery-more-utv-sxs-cruiser-de","14":"pa_power-ac-100-240vac-de","15":"pa_product-group-optimate-5-de","16":"pa_region-ca-de-2","17":"pa_region-eu-de-2","18":"pa_region-uk-de-2","19":"pa_region-us-de-2","20":"iside_voltage-12-de","21":"iside_ampere-4-de","22":"iside_charger_series-bronze-easy-de","23":"iside_charger_features-sichere-batteriewartung-rund-um-die-uhr","24":"iside_charger_type-single-de","25":"iside_battery_voltage-12v-de","26":"iside_battery_chemistry-pb-lead-acid-de","27":"battery_charger_current-2a-4a-de","28":"thunk-woo-product-list","29":"opn-qv-enable","30":"big-store-woo-hover-","31":"open-single-product-tab-horizontal","32":"open-shadow-","33":"open-shadow-hover-","35":"first","36":"instock","37":"featured","38":"shipping-taxable","39":"purchasable","40":"product-type-simple"},"yoast_head":"<!-- This site is optimized with the Yoast SEO plugin v27.2 - https:\/\/yoast.com\/product\/yoast-seo-wordpress\/ -->\n<title>OptiMate 5 Start\/Stop - OptiMate<\/title>\n<meta name=\"description\" content=\"Das OptiMate 5 Start\/Stop ladeger\u00e4t ist das perfekte Lade- &amp; Wartungsger\u00e4t f\u00fcr Ihr Auto, Pick-up, Hybridfahrzeug oder Elektroauto. Mehr lesen.\" \/>\n<meta name=\"robots\" content=\"index, follow, max-snippet:-1, max-image-preview:large, max-video-preview:-1, noarchive\" \/>\n<link rel=\"canonical\" href=\"https:\/\/optimate1.com\/product\/om5ss-bronze\/\" \/>\n<meta property=\"og:locale\" content=\"de_DE\" \/>\n<meta property=\"og:type\" content=\"article\" \/>\n<meta property=\"og:title\" content=\"OptiMate 5 Start\/Stop - OptiMate\" \/>\n<meta property=\"og:description\" content=\"Das OptiMate 5 Start\/Stop ladeger\u00e4t ist das perfekte Lade- &amp; Wartungsger\u00e4t f\u00fcr Ihr Auto, Pick-up, Hybridfahrzeug oder Elektroauto. Mehr lesen.\" \/>\n<meta property=\"og:url\" content=\"https:\/\/optimate1.com\/product\/om5ss-bronze\/\" \/>\n<meta property=\"og:site_name\" content=\"OptiMate\" \/>\n<meta property=\"article:publisher\" content=\"https:\/\/www.facebook.com\/OptiMatebatterysavingcharger\/\" \/>\n<meta property=\"article:modified_time\" content=\"2026-01-21T10:43:48+00:00\" \/>\n<meta property=\"og:image\" content=\"https:\/\/optimate1.com\/wp-content\/uploads\/2022\/07\/TM220-bronze-corner-de.png\" \/>\n\t<meta property=\"og:image:width\" content=\"900\" \/>\n\t<meta property=\"og:image:height\" content=\"900\" \/>\n\t<meta property=\"og:image:type\" content=\"image\/png\" \/>\n<meta name=\"twitter:card\" content=\"summary_large_image\" \/>\n<meta name=\"twitter:label1\" content=\"Gesch\u00e4tzte Lesezeit\" \/>\n\t<meta name=\"twitter:data1\" content=\"1\u00a0Minute\" \/>\n<script type=\"application\/ld+json\" class=\"yoast-schema-graph\">{\"@context\":\"https:\/\/schema.org\",\"@graph\":[{\"@type\":\"WebPage\",\"@id\":\"https:\/\/optimate1.com\/product\/om5ss-bronze\/\",\"url\":\"https:\/\/optimate1.com\/product\/om5ss-bronze\/\",\"name\":\"OptiMate 5 Start\/Stop - OptiMate\",\"isPartOf\":{\"@id\":\"https:\/\/optimate1.com\/#website\"},\"primaryImageOfPage\":{\"@id\":\"https:\/\/optimate1.com\/product\/om5ss-bronze\/#primaryimage\"},\"image\":{\"@id\":\"https:\/\/optimate1.com\/product\/om5ss-bronze\/#primaryimage\"},\"thumbnailUrl\":\"https:\/\/optimate1.com\/wp-content\/uploads\/2022\/07\/TM220-bronze-corner-de.png\",\"datePublished\":\"2021-10-04T06:52:29+00:00\",\"dateModified\":\"2026-01-21T10:43:48+00:00\",\"description\":\"Das OptiMate 5 Start\/Stop ladeger\u00e4t ist das perfekte Lade- & Wartungsger\u00e4t f\u00fcr Ihr Auto, Pick-up, Hybridfahrzeug oder Elektroauto. Mehr lesen.\",\"breadcrumb\":{\"@id\":\"https:\/\/optimate1.com\/product\/om5ss-bronze\/#breadcrumb\"},\"inLanguage\":\"de\",\"potentialAction\":[{\"@type\":\"ReadAction\",\"target\":[\"https:\/\/optimate1.com\/product\/om5ss-bronze\/\"]}]},{\"@type\":\"ImageObject\",\"inLanguage\":\"de\",\"@id\":\"https:\/\/optimate1.com\/product\/om5ss-bronze\/#primaryimage\",\"url\":\"https:\/\/optimate1.com\/wp-content\/uploads\/2022\/07\/TM220-bronze-corner-de.png\",\"contentUrl\":\"https:\/\/optimate1.com\/wp-content\/uploads\/2022\/07\/TM220-bronze-corner-de.png\",\"width\":900,\"height\":900,\"caption\":\"start stop ladeger\u00e4t produktbild\"},{\"@type\":\"BreadcrumbList\",\"@id\":\"https:\/\/optimate1.com\/product\/om5ss-bronze\/#breadcrumb\",\"itemListElement\":[{\"@type\":\"ListItem\",\"position\":1,\"name\":\"Home\",\"item\":\"https:\/\/optimate1.com\/\"},{\"@type\":\"ListItem\",\"position\":2,\"name\":\"Produkte\",\"item\":\"https:\/\/optimate1.com\/shop\/\"},{\"@type\":\"ListItem\",\"position\":3,\"name\":\"OptiMate 5 Start\/Stop\"}]},{\"@type\":\"WebSite\",\"@id\":\"https:\/\/optimate1.com\/#website\",\"url\":\"https:\/\/optimate1.com\/\",\"name\":\"OptiMate\",\"description\":\"Battery Chargers &amp; Accessories\",\"publisher\":{\"@id\":\"https:\/\/optimate1.com\/#organization\"},\"potentialAction\":[{\"@type\":\"SearchAction\",\"target\":{\"@type\":\"EntryPoint\",\"urlTemplate\":\"https:\/\/optimate1.com\/?s={search_term_string}\"},\"query-input\":{\"@type\":\"PropertyValueSpecification\",\"valueRequired\":true,\"valueName\":\"search_term_string\"}}],\"inLanguage\":\"de\"},{\"@type\":\"Organization\",\"@id\":\"https:\/\/optimate1.com\/#organization\",\"name\":\"OptiMate\",\"url\":\"https:\/\/optimate1.com\/\",\"logo\":{\"@type\":\"ImageObject\",\"inLanguage\":\"de\",\"@id\":\"https:\/\/optimate1.com\/#\/schema\/logo\/image\/\",\"url\":\"https:\/\/optimate1.com\/wp-content\/uploads\/2021\/06\/optimate-hpbc-stacklogo.jpg\",\"contentUrl\":\"https:\/\/optimate1.com\/wp-content\/uploads\/2021\/06\/optimate-hpbc-stacklogo.jpg\",\"width\":1025,\"height\":529,\"caption\":\"OptiMate\"},\"image\":{\"@id\":\"https:\/\/optimate1.com\/#\/schema\/logo\/image\/\"},\"sameAs\":[\"https:\/\/www.facebook.com\/OptiMatebatterysavingcharger\/\"]}]}<\/script>\n<!-- \/ Yoast SEO plugin. -->","yoast_head_json":{"title":"OptiMate 5 Start\/Stop - OptiMate","description":"Das OptiMate 5 Start\/Stop ladeger\u00e4t ist das perfekte Lade- & Wartungsger\u00e4t f\u00fcr Ihr Auto, Pick-up, Hybridfahrzeug oder Elektroauto. Mehr lesen.","robots":{"index":"index","follow":"follow","max-snippet":"max-snippet:-1","max-image-preview":"max-image-preview:large","max-video-preview":"max-video-preview:-1","archive":"noarchive"},"canonical":"https:\/\/optimate1.com\/product\/om5ss-bronze\/","og_locale":"de_DE","og_type":"article","og_title":"OptiMate 5 Start\/Stop - OptiMate","og_description":"Das OptiMate 5 Start\/Stop ladeger\u00e4t ist das perfekte Lade- & Wartungsger\u00e4t f\u00fcr Ihr Auto, Pick-up, Hybridfahrzeug oder Elektroauto. Mehr lesen.","og_url":"https:\/\/optimate1.com\/product\/om5ss-bronze\/","og_site_name":"OptiMate","article_publisher":"https:\/\/www.facebook.com\/OptiMatebatterysavingcharger\/","article_modified_time":"2026-01-21T10:43:48+00:00","og_image":[{"width":900,"height":900,"url":"https:\/\/optimate1.com\/wp-content\/uploads\/2022\/07\/TM220-bronze-corner-de.png","type":"image\/png"}],"twitter_card":"summary_large_image","twitter_misc":{"Gesch\u00e4tzte Lesezeit":"1\u00a0Minute"},"schema":{"@context":"https:\/\/schema.org","@graph":[{"@type":"WebPage","@id":"https:\/\/optimate1.com\/product\/om5ss-bronze\/","url":"https:\/\/optimate1.com\/product\/om5ss-bronze\/","name":"OptiMate 5 Start\/Stop - OptiMate","isPartOf":{"@id":"https:\/\/optimate1.com\/#website"},"primaryImageOfPage":{"@id":"https:\/\/optimate1.com\/product\/om5ss-bronze\/#primaryimage"},"image":{"@id":"https:\/\/optimate1.com\/product\/om5ss-bronze\/#primaryimage"},"thumbnailUrl":"https:\/\/optimate1.com\/wp-content\/uploads\/2022\/07\/TM220-bronze-corner-de.png","datePublished":"2021-10-04T06:52:29+00:00","dateModified":"2026-01-21T10:43:48+00:00","description":"Das OptiMate 5 Start\/Stop ladeger\u00e4t ist das perfekte Lade- & Wartungsger\u00e4t f\u00fcr Ihr Auto, Pick-up, Hybridfahrzeug oder Elektroauto. Mehr lesen.","breadcrumb":{"@id":"https:\/\/optimate1.com\/product\/om5ss-bronze\/#breadcrumb"},"inLanguage":"de","potentialAction":[{"@type":"ReadAction","target":["https:\/\/optimate1.com\/product\/om5ss-bronze\/"]}]},{"@type":"ImageObject","inLanguage":"de","@id":"https:\/\/optimate1.com\/product\/om5ss-bronze\/#primaryimage","url":"https:\/\/optimate1.com\/wp-content\/uploads\/2022\/07\/TM220-bronze-corner-de.png","contentUrl":"https:\/\/optimate1.com\/wp-content\/uploads\/2022\/07\/TM220-bronze-corner-de.png","width":900,"height":900,"caption":"start stop ladeger\u00e4t produktbild"},{"@type":"BreadcrumbList","@id":"https:\/\/optimate1.com\/product\/om5ss-bronze\/#breadcrumb","itemListElement":[{"@type":"ListItem","position":1,"name":"Home","item":"https:\/\/optimate1.com\/"},{"@type":"ListItem","position":2,"name":"Produkte","item":"https:\/\/optimate1.com\/shop\/"},{"@type":"ListItem","position":3,"name":"OptiMate 5 Start\/Stop"}]},{"@type":"WebSite","@id":"https:\/\/optimate1.com\/#website","url":"https:\/\/optimate1.com\/","name":"OptiMate","description":"Battery Chargers &amp; Accessories","publisher":{"@id":"https:\/\/optimate1.com\/#organization"},"potentialAction":[{"@type":"SearchAction","target":{"@type":"EntryPoint","urlTemplate":"https:\/\/optimate1.com\/?s={search_term_string}"},"query-input":{"@type":"PropertyValueSpecification","valueRequired":true,"valueName":"search_term_string"}}],"inLanguage":"de"},{"@type":"Organization","@id":"https:\/\/optimate1.com\/#organization","name":"OptiMate","url":"https:\/\/optimate1.com\/","logo":{"@type":"ImageObject","inLanguage":"de","@id":"https:\/\/optimate1.com\/#\/schema\/logo\/image\/","url":"https:\/\/optimate1.com\/wp-content\/uploads\/2021\/06\/optimate-hpbc-stacklogo.jpg","contentUrl":"https:\/\/optimate1.com\/wp-content\/uploads\/2021\/06\/optimate-hpbc-stacklogo.jpg","width":1025,"height":529,"caption":"OptiMate"},"image":{"@id":"https:\/\/optimate1.com\/#\/schema\/logo\/image\/"},"sameAs":["https:\/\/www.facebook.com\/OptiMatebatterysavingcharger\/"]}]}},"_links":{"self":[{"href":"https:\/\/optimate1.com\/de\/wp-json\/wp\/v2\/product\/27667","targetHints":{"allow":["GET"]}}],"collection":[{"href":"https:\/\/optimate1.com\/de\/wp-json\/wp\/v2\/product"}],"about":[{"href":"https:\/\/optimate1.com\/de\/wp-json\/wp\/v2\/types\/product"}],"wp:featuredmedia":[{"embeddable":true,"href":"https:\/\/optimate1.com\/de\/wp-json\/wp\/v2\/media\/29984"}],"wp:attachment":[{"href":"https:\/\/optimate1.com\/de\/wp-json\/wp\/v2\/media?parent=27667"}],"wp:term":[{"taxonomy":"product_brand","embeddable":true,"href":"https:\/\/optimate1.com\/de\/wp-json\/wp\/v2\/product_brand?post=27667"},{"taxonomy":"product_cat","embeddable":true,"href":"https:\/\/optimate1.com\/de\/wp-json\/wp\/v2\/product_cat?post=27667"},{"taxonomy":"product_tag","embeddable":true,"href":"https:\/\/optimate1.com\/de\/wp-json\/wp\/v2\/product_tag?post=27667"}],"curies":[{"name":"wp","href":"https:\/\/api.w.org\/{rel}","templated":true}]}}