{"id":27889,"date":"2021-09-02T04:00:14","date_gmt":"2021-09-02T08:00:14","guid":{"rendered":"https:\/\/optimate1.com\/product\/optimate-6-ampmatic-de\/"},"modified":"2026-03-30T03:30:48","modified_gmt":"2026-03-30T07:30:48","slug":"optimate-6-ampmatic-12v-blei-saure","status":"publish","type":"product","link":"https:\/\/optimate1.com\/de\/product\/optimate-6-ampmatic-12v-blei-saure\/","title":{"rendered":"OptiMate 6 Ampmatic"},"content":{"rendered":"<h6 style=\"text-align: center;\"><strong><span style=\"color: #10069f;\">OptiMate 6 Ampmatic ist das intelligente vollautomatische Plug &amp; Play-Batterieladeger\u00e4t f\u00fcr Ihr Motorrad, Auto\/Pick-up, Boot oder Wohnmobil.<\/span><\/strong><\/h6>\n<h6 style=\"text-align: center;\"><img loading=\"lazy\" decoding=\"async\" class=\"aligncenter wp-image-20668\" src=\"https:\/\/optimate1.com\/wp-content\/uploads\/2021\/09\/Vehicles-om6-amp-01.png\" alt=\"The OptiMate 6 Ampmatic is recommended for batteries of sports cars, 4x4 cars, tractors, RV, maritime and motorcycles.\" width=\"428\" height=\"66\" \/><\/h6>\n<p>&nbsp;<\/p>\n<h6 style=\"text-align: center;\"><strong><span style=\"color: #10069f;\">Voll automatisches Mehrstufenprogramm bringt die Batterie sicher zur vollen Ladung <\/span><\/strong><i><span style=\"color: #10069f;\">&#8211; <\/span><span style=\"color: #10069f;\">An die Batterie anschlie\u00dfen und OptiMate 6 Ampmatic erledigt den Rest, keine Aufsicht erforderlich!<\/span><\/i><\/h6>\n<h6 style=\"text-align: center;\"><img loading=\"lazy\" decoding=\"async\" class=\"aligncenter wp-image-20876\" src=\"https:\/\/optimate1.com\/wp-content\/uploads\/2020\/12\/connect-save-charge-optimize-maintain-200.png\" alt=\"The fully automatic multi-step program to full charge the battery safely. \" width=\"428\" height=\"70\" \/><\/h6>\n<p>&nbsp;<\/p>\n<p>&nbsp;<\/p>\n<h4 style=\"text-align: center;\"><strong><span style=\"text-decoration: underline;\">WEITERE MERKMALE:<\/span><\/strong><\/h4>\n<p style=\"text-align: center;\">\n<table id=\"tablepress-446\" class=\"tablepress tablepress-id-446\">\n<tbody class=\"row-hover\">\n<tr class=\"row-1\">\n\t<td class=\"column-1\"><a href=\"\"><img loading=\"lazy\" decoding=\"async\" src=\"https:\/\/optimate1.com\/wp-content\/uploads\/2023\/09\/optimate-ampmatic-6.png\" alt=\"\" width=\"300\" height=\"50\" class=\"aligncenter size-medium wp-image-20927\" \/><\/a><body><h6><center>F\u00fcr 12V-Sport- und Autobatterietypen mit Bleis\u00e4ure (Pb), einschlie\u00dflich STD (mit Einf\u00fclldeckeln), AGM und GEL (versiegeltes VRLA).<\/body><\/h6><\/center><br \/>\n<\/td>\n<\/tr>\n<tr class=\"row-2\">\n\t<td class=\"column-1\"><a href=\"https:\/\/optimate1.com\/wp-content\/uploads\/2020\/12\/Green-arrow-ampmatic-logo2-.png\"><img loading=\"lazy\" decoding=\"async\" src=\"https:\/\/optimate1.com\/wp-content\/uploads\/2020\/12\/Ampmatic-SFL200.png\" alt=\"\" width=\"300\" height=\"50\" class=\"aligncenter size-medium wp-image-20927\" \/><\/a><body><h6><center>Automatische Anpassung des Stroms an Batteriegr\u00f6\u00dfe und -zustand.<\/body><\/h6><\/center><br \/>\n<\/td>\n<\/tr>\n<tr class=\"row-3\">\n\t<td class=\"column-1\"><a href=\"https:\/\/optimate1.com\/wp-content\/uploads\/2020\/12\/Ambient-SFL200-1.png\"><img loading=\"lazy\" decoding=\"async\" src=\"https:\/\/optimate1.com\/wp-content\/uploads\/2020\/12\/Ambient-SFL200-1.png\" alt=\"\" width=\"300\" height=\"50\" class=\"aligncenter size-medium wp-image-20928\" \/><\/a><body><h6><center>Temperaturkompensation: Bei niedrigeren Temperaturen wird die Spannung erh\u00f6ht, bei h\u00f6heren Temperaturen verringert.<\/body><\/h6><\/center><\/td>\n<\/tr>\n<tr class=\"row-4\">\n\t<td class=\"column-1\"><a href=\"https:\/\/optimate1.com\/wp-content\/uploads\/2020\/12\/SAFE-connected-x2.jpg\"><img loading=\"lazy\" decoding=\"async\" src=\"https:\/\/optimate1.com\/wp-content\/uploads\/2020\/12\/SAFE-connected-x2-300x49.jpg\" alt=\"\" width=\"300\" height=\"50\" class=\"aligncenter size-medium wp-image-20995\" srcset=\"https:\/\/optimate1.com\/wp-content\/uploads\/2020\/12\/SAFE-connected-x2-300x49.jpg 300w, https:\/\/optimate1.com\/wp-content\/uploads\/2020\/12\/SAFE-connected-x2-600x98.jpg 600w, https:\/\/optimate1.com\/wp-content\/uploads\/2020\/12\/SAFE-connected-x2-64x10.jpg 64w, https:\/\/optimate1.com\/wp-content\/uploads\/2020\/12\/SAFE-connected-x2-768x126.jpg 768w, https:\/\/optimate1.com\/wp-content\/uploads\/2020\/12\/SAFE-connected-x2.jpg 856w\" sizes=\"auto, (max-width: 300px) 100vw, 300px\" \/><\/a><body><h6><center>Kann problemlos angeschlossen bleiben. Vollst\u00e4ndiger elektronischer Schutz.<\/body><\/h6><\/center><\/td>\n<\/tr>\n<tr class=\"row-5\">\n\t<td class=\"column-1\"><a href=\"https:\/\/optimate1.com\/wp-content\/uploads\/2020\/12\/24-7-x2.png\"><img loading=\"lazy\" decoding=\"async\" src=\"https:\/\/optimate1.com\/wp-content\/uploads\/2020\/12\/24-7-x2-300x49.png\" alt=\"\" width=\"300\" height=\"50\" class=\"aligncenter size-medium wp-image-20982\" srcset=\"https:\/\/optimate1.com\/wp-content\/uploads\/2020\/12\/24-7-x2-300x49.png 300w, https:\/\/optimate1.com\/wp-content\/uploads\/2020\/12\/24-7-x2-600x98.png 600w, https:\/\/optimate1.com\/wp-content\/uploads\/2020\/12\/24-7-x2-64x10.png 64w, https:\/\/optimate1.com\/wp-content\/uploads\/2020\/12\/24-7-x2-768x126.png 768w, https:\/\/optimate1.com\/wp-content\/uploads\/2020\/12\/24-7-x2.png 856w\" sizes=\"auto, (max-width: 300px) 100vw, 300px\" \/><\/a><body><h6><center>Erh\u00e4lt volle Ladung und Gesundheit der Batterie.<\/center><\/h6><\/body><\/td>\n<\/tr>\n<tr class=\"row-6\">\n\t<td class=\"column-1\"><a href=\"https:\/\/optimate1.com\/wp-content\/uploads\/2020\/12\/SAVE-dead-battery-x2.png\"><img loading=\"lazy\" decoding=\"async\" src=\"https:\/\/optimate1.com\/wp-content\/uploads\/2020\/12\/SAVE-dead-battery-x2-300x49.png\" alt=\"\" width=\"300\" height=\"50\" class=\"aligncenter size-medium wp-image-20993\" srcset=\"https:\/\/optimate1.com\/wp-content\/uploads\/2020\/12\/SAVE-dead-battery-x2-300x49.png 300w, https:\/\/optimate1.com\/wp-content\/uploads\/2020\/12\/SAVE-dead-battery-x2-64x10.png 64w, https:\/\/optimate1.com\/wp-content\/uploads\/2020\/12\/SAVE-dead-battery-x2.png 428w\" sizes=\"auto, (max-width: 300px) 100vw, 300px\" \/><\/a><body><h6><center>Rettet Ihre tiefentladene Batterie noch bei 0.5V.<\/body><\/h6><\/center><\/td>\n<\/tr>\n<tr class=\"row-7\">\n\t<td class=\"column-1\"><a href=\"https:\/\/optimate1.com\/wp-content\/uploads\/2020\/12\/state-of-health-test-3-LEDx2.png\"><img loading=\"lazy\" decoding=\"async\" src=\"https:\/\/optimate1.com\/wp-content\/uploads\/2020\/12\/state-of-health-test-3-LEDx2-300x49.png\" alt=\"\" width=\"300\" height=\"50\" class=\"aligncenter size-medium wp-image-20985\" srcset=\"https:\/\/optimate1.com\/wp-content\/uploads\/2020\/12\/state-of-health-test-3-LEDx2-300x49.png 300w, https:\/\/optimate1.com\/wp-content\/uploads\/2020\/12\/state-of-health-test-3-LEDx2-600x98.png 600w, https:\/\/optimate1.com\/wp-content\/uploads\/2020\/12\/state-of-health-test-3-LEDx2-64x10.png 64w, https:\/\/optimate1.com\/wp-content\/uploads\/2020\/12\/state-of-health-test-3-LEDx2-768x126.png 768w, https:\/\/optimate1.com\/wp-content\/uploads\/2020\/12\/state-of-health-test-3-LEDx2.png 856w\" sizes=\"auto, (max-width: 300px) 100vw, 300px\" \/><\/a><body><h6><center>Testet den Gesundheitszustand der Batterie.<\/body><\/h6><\/center><\/td>\n<\/tr>\n<tr class=\"row-8\">\n\t<td class=\"column-1\"><a href=\"https:\/\/optimate1.com\/wp-content\/uploads\/2020\/12\/green-technology-hx2-1.png\"><img loading=\"lazy\" decoding=\"async\" src=\"https:\/\/optimate1.com\/wp-content\/uploads\/2020\/12\/green-technology-hx2-1-300x49.png\" alt=\"\" width=\"300\" height=\"50\" class=\"aligncenter size-medium wp-image-20983\" \/><\/a><body><h6><center>Energiespartechnologie.<br \/>\n\u221a Standby-Leistung unter 0,5W.<br \/>\n\u221a Effiziente 24-7-Batteriewartung.<\/body><\/h6><\/center><\/td>\n<\/tr>\n<tr class=\"row-9\">\n\t<td class=\"column-1\"><a href=\"https:\/\/optimate1.com\/wp-content\/uploads\/2020\/12\/weatherproof-x2.png\"><img loading=\"lazy\" decoding=\"async\" src=\"https:\/\/optimate1.com\/wp-content\/uploads\/2020\/12\/weatherproof-x2-300x49.png\" alt=\"\" width=\"300\" height=\"50\" class=\"aligncenter size-medium wp-image-21012\" srcset=\"https:\/\/optimate1.com\/wp-content\/uploads\/2020\/12\/weatherproof-x2-300x49.png 300w, https:\/\/optimate1.com\/wp-content\/uploads\/2020\/12\/weatherproof-x2-600x98.png 600w, https:\/\/optimate1.com\/wp-content\/uploads\/2020\/12\/weatherproof-x2-64x10.png 64w, https:\/\/optimate1.com\/wp-content\/uploads\/2020\/12\/weatherproof-x2-768x126.png 768w, https:\/\/optimate1.com\/wp-content\/uploads\/2020\/12\/weatherproof-x2.png 856w\" sizes=\"auto, (max-width: 300px) 100vw, 300px\" \/><\/a><body><h6><center>Witterungsbest\u00e4ndig. Kann noch bei -40\u00b0C \/ -40\u00b0F eingesetzt werden.<\/body><\/h6><\/center><\/td>\n<\/tr>\n<\/tbody>\n<\/table>\n<!-- #tablepress-446 from cache --><\/p>\n","protected":false},"excerpt":{"rendered":"<h3><span style=\"color: #959b9d;\">SILVER serie: 9-stufiges gekapseltes batterieschonendes 12V 6A Lade- &amp; Wartungsger\u00e4t<\/span><\/h3>\n","protected":false},"featured_media":41850,"template":"","meta":[],"product_brand":[],"product_cat":[419],"product_tag":[],"class_list":{"0":"post-27889","1":"product","2":"type-product","3":"status-publish","4":"has-post-thumbnail","6":"product_cat-battery-chargers-de","7":"pa_charge-battery-chemistry-pb-agm-gel-std-lead-acid-de","8":"pa_charge-battery-more-12v-de","9":"pa_charge-battery-more-4x4-abenteuer","10":"pa_charge-battery-more-auto-lieferwagen","11":"pa_charge-battery-more-boot-wasserfahrzeug","12":"pa_charge-battery-more-motorrad-gelandewagen","13":"pa_charge-battery-more-oldtimer-de","14":"pa_charge-battery-more-traktor-baumaschine","15":"pa_charge-battery-more-wohnmobil-wagen","16":"pa_power-ac-100-240vac-de","17":"pa_product-group-optimate-6-de","18":"pa_region-ca-de-2","19":"pa_region-eu-de-2","20":"pa_region-uk-de-2","21":"pa_region-us-de-2","22":"iside_voltage-12-de","23":"iside_ampere-6-de","24":"iside_vehicle-luftfahrt-de","25":"iside_vehicle-marine-de","26":"iside_vehicle-motorrad-powersport-de","27":"iside_vehicle-rv-caravan-de","28":"iside_charger_series-silver-smarter-de","29":"iside_charger_features-save-sulphated-pb-lead-acid-de","30":"iside_charger_features-sichere-batteriewartung-rund-um-die-uhr","31":"iside_charger_features-spannung-an-temperatur-anpassen-fur-pb","32":"iside_charger_type-single-de","33":"iside_battery_voltage-12v-de","34":"iside_battery_chemistry-pb-lead-acid-de","35":"battery_charger_current-5a-6a-de","36":"battery_charger_current-ampmatic-1-to-6a-de","37":"thunk-woo-product-list","38":"opn-qv-enable","39":"big-store-woo-hover-","40":"open-single-product-tab-horizontal","41":"open-shadow-","42":"open-shadow-hover-","44":"first","45":"instock","46":"featured","47":"shipping-taxable","48":"purchasable","49":"product-type-simple"},"yoast_head":"<!-- This site is optimized with the Yoast SEO plugin v27.2 - https:\/\/yoast.com\/product\/yoast-seo-wordpress\/ -->\n<title>OptiMate 6 Ampmatic - OptiMate<\/title>\n<meta name=\"description\" content=\"Das OptiMate 6 Ampmatic ist ein 12V Blei-Sa\u00fcre-batterie ladeger\u00e4t mit vollautomatische Plug&amp;Play. Klicken Sie hier f\u00fcr weitere Informationen!\" \/>\n<meta name=\"robots\" content=\"index, follow, max-snippet:-1, max-image-preview:large, max-video-preview:-1, noarchive\" \/>\n<link rel=\"canonical\" href=\"https:\/\/optimate1.com\/de\/product\/optimate-6-ampmatic-12v-blei-saure\/\" \/>\n<meta property=\"og:locale\" content=\"de_DE\" \/>\n<meta property=\"og:type\" content=\"article\" \/>\n<meta property=\"og:title\" content=\"OptiMate 6 Ampmatic - OptiMate\" \/>\n<meta property=\"og:description\" content=\"Das OptiMate 6 Ampmatic ist ein 12V Blei-Sa\u00fcre-batterie ladeger\u00e4t mit vollautomatische Plug&amp;Play. Klicken Sie hier f\u00fcr weitere Informationen!\" \/>\n<meta property=\"og:url\" content=\"https:\/\/optimate1.com\/de\/product\/optimate-6-ampmatic-12v-blei-saure\/\" \/>\n<meta property=\"og:site_name\" content=\"OptiMate\" \/>\n<meta property=\"article:publisher\" content=\"https:\/\/www.facebook.com\/OptiMatebatterysavingcharger\/\" \/>\n<meta property=\"article:modified_time\" content=\"2026-03-30T07:30:48+00:00\" \/>\n<meta property=\"og:image\" content=\"https:\/\/optimate1.com\/wp-content\/uploads\/2026\/03\/OptiMate-6-Ampmatic-TM36x-11-copy-2-with-silver-corner-de.png\" \/>\n\t<meta property=\"og:image:width\" content=\"1500\" \/>\n\t<meta property=\"og:image:height\" content=\"1500\" \/>\n\t<meta property=\"og:image:type\" content=\"image\/png\" \/>\n<meta name=\"twitter:card\" content=\"summary_large_image\" \/>\n<meta name=\"twitter:label1\" content=\"Gesch\u00e4tzte Lesezeit\" \/>\n\t<meta name=\"twitter:data1\" content=\"1\u00a0Minute\" \/>\n<script type=\"application\/ld+json\" class=\"yoast-schema-graph\">{\"@context\":\"https:\/\/schema.org\",\"@graph\":[{\"@type\":\"WebPage\",\"@id\":\"https:\/\/optimate1.com\/de\/product\/optimate-6-ampmatic-12v-blei-saure\/\",\"url\":\"https:\/\/optimate1.com\/de\/product\/optimate-6-ampmatic-12v-blei-saure\/\",\"name\":\"OptiMate 6 Ampmatic - OptiMate\",\"isPartOf\":{\"@id\":\"https:\/\/optimate1.com\/#website\"},\"primaryImageOfPage\":{\"@id\":\"https:\/\/optimate1.com\/de\/product\/optimate-6-ampmatic-12v-blei-saure\/#primaryimage\"},\"image\":{\"@id\":\"https:\/\/optimate1.com\/de\/product\/optimate-6-ampmatic-12v-blei-saure\/#primaryimage\"},\"thumbnailUrl\":\"https:\/\/optimate1.com\/wp-content\/uploads\/2026\/03\/OptiMate-6-Ampmatic-TM36x-11-copy-2-with-silver-corner-de.png\",\"datePublished\":\"2021-09-02T08:00:14+00:00\",\"dateModified\":\"2026-03-30T07:30:48+00:00\",\"description\":\"Das OptiMate 6 Ampmatic ist ein 12V Blei-Sa\u00fcre-batterie ladeger\u00e4t mit vollautomatische Plug&Play. Klicken Sie hier f\u00fcr weitere Informationen!\",\"breadcrumb\":{\"@id\":\"https:\/\/optimate1.com\/de\/product\/optimate-6-ampmatic-12v-blei-saure\/#breadcrumb\"},\"inLanguage\":\"de\",\"potentialAction\":[{\"@type\":\"ReadAction\",\"target\":[\"https:\/\/optimate1.com\/de\/product\/optimate-6-ampmatic-12v-blei-saure\/\"]}]},{\"@type\":\"ImageObject\",\"inLanguage\":\"de\",\"@id\":\"https:\/\/optimate1.com\/de\/product\/optimate-6-ampmatic-12v-blei-saure\/#primaryimage\",\"url\":\"https:\/\/optimate1.com\/wp-content\/uploads\/2026\/03\/OptiMate-6-Ampmatic-TM36x-11-copy-2-with-silver-corner-de.png\",\"contentUrl\":\"https:\/\/optimate1.com\/wp-content\/uploads\/2026\/03\/OptiMate-6-Ampmatic-TM36x-11-copy-2-with-silver-corner-de.png\",\"width\":1500,\"height\":1500},{\"@type\":\"BreadcrumbList\",\"@id\":\"https:\/\/optimate1.com\/de\/product\/optimate-6-ampmatic-12v-blei-saure\/#breadcrumb\",\"itemListElement\":[{\"@type\":\"ListItem\",\"position\":1,\"name\":\"Home\",\"item\":\"https:\/\/optimate1.com\/\"},{\"@type\":\"ListItem\",\"position\":2,\"name\":\"Produkte\",\"item\":\"https:\/\/optimate1.com\/shop\/\"},{\"@type\":\"ListItem\",\"position\":3,\"name\":\"OptiMate 6 Ampmatic\"}]},{\"@type\":\"WebSite\",\"@id\":\"https:\/\/optimate1.com\/#website\",\"url\":\"https:\/\/optimate1.com\/\",\"name\":\"OptiMate\",\"description\":\"Battery Chargers &amp; Accessories\",\"publisher\":{\"@id\":\"https:\/\/optimate1.com\/#organization\"},\"potentialAction\":[{\"@type\":\"SearchAction\",\"target\":{\"@type\":\"EntryPoint\",\"urlTemplate\":\"https:\/\/optimate1.com\/?s={search_term_string}\"},\"query-input\":{\"@type\":\"PropertyValueSpecification\",\"valueRequired\":true,\"valueName\":\"search_term_string\"}}],\"inLanguage\":\"de\"},{\"@type\":\"Organization\",\"@id\":\"https:\/\/optimate1.com\/#organization\",\"name\":\"OptiMate\",\"url\":\"https:\/\/optimate1.com\/\",\"logo\":{\"@type\":\"ImageObject\",\"inLanguage\":\"de\",\"@id\":\"https:\/\/optimate1.com\/#\/schema\/logo\/image\/\",\"url\":\"https:\/\/optimate1.com\/wp-content\/uploads\/2021\/06\/optimate-hpbc-stacklogo.jpg\",\"contentUrl\":\"https:\/\/optimate1.com\/wp-content\/uploads\/2021\/06\/optimate-hpbc-stacklogo.jpg\",\"width\":1025,\"height\":529,\"caption\":\"OptiMate\"},\"image\":{\"@id\":\"https:\/\/optimate1.com\/#\/schema\/logo\/image\/\"},\"sameAs\":[\"https:\/\/www.facebook.com\/OptiMatebatterysavingcharger\/\"]}]}<\/script>\n<!-- \/ Yoast SEO plugin. -->","yoast_head_json":{"title":"OptiMate 6 Ampmatic - OptiMate","description":"Das OptiMate 6 Ampmatic ist ein 12V Blei-Sa\u00fcre-batterie ladeger\u00e4t mit vollautomatische Plug&Play. Klicken Sie hier f\u00fcr weitere Informationen!","robots":{"index":"index","follow":"follow","max-snippet":"max-snippet:-1","max-image-preview":"max-image-preview:large","max-video-preview":"max-video-preview:-1","archive":"noarchive"},"canonical":"https:\/\/optimate1.com\/de\/product\/optimate-6-ampmatic-12v-blei-saure\/","og_locale":"de_DE","og_type":"article","og_title":"OptiMate 6 Ampmatic - OptiMate","og_description":"Das OptiMate 6 Ampmatic ist ein 12V Blei-Sa\u00fcre-batterie ladeger\u00e4t mit vollautomatische Plug&Play. Klicken Sie hier f\u00fcr weitere Informationen!","og_url":"https:\/\/optimate1.com\/de\/product\/optimate-6-ampmatic-12v-blei-saure\/","og_site_name":"OptiMate","article_publisher":"https:\/\/www.facebook.com\/OptiMatebatterysavingcharger\/","article_modified_time":"2026-03-30T07:30:48+00:00","og_image":[{"width":1500,"height":1500,"url":"https:\/\/optimate1.com\/wp-content\/uploads\/2026\/03\/OptiMate-6-Ampmatic-TM36x-11-copy-2-with-silver-corner-de.png","type":"image\/png"}],"twitter_card":"summary_large_image","twitter_misc":{"Gesch\u00e4tzte Lesezeit":"1\u00a0Minute"},"schema":{"@context":"https:\/\/schema.org","@graph":[{"@type":"WebPage","@id":"https:\/\/optimate1.com\/de\/product\/optimate-6-ampmatic-12v-blei-saure\/","url":"https:\/\/optimate1.com\/de\/product\/optimate-6-ampmatic-12v-blei-saure\/","name":"OptiMate 6 Ampmatic - OptiMate","isPartOf":{"@id":"https:\/\/optimate1.com\/#website"},"primaryImageOfPage":{"@id":"https:\/\/optimate1.com\/de\/product\/optimate-6-ampmatic-12v-blei-saure\/#primaryimage"},"image":{"@id":"https:\/\/optimate1.com\/de\/product\/optimate-6-ampmatic-12v-blei-saure\/#primaryimage"},"thumbnailUrl":"https:\/\/optimate1.com\/wp-content\/uploads\/2026\/03\/OptiMate-6-Ampmatic-TM36x-11-copy-2-with-silver-corner-de.png","datePublished":"2021-09-02T08:00:14+00:00","dateModified":"2026-03-30T07:30:48+00:00","description":"Das OptiMate 6 Ampmatic ist ein 12V Blei-Sa\u00fcre-batterie ladeger\u00e4t mit vollautomatische Plug&Play. Klicken Sie hier f\u00fcr weitere Informationen!","breadcrumb":{"@id":"https:\/\/optimate1.com\/de\/product\/optimate-6-ampmatic-12v-blei-saure\/#breadcrumb"},"inLanguage":"de","potentialAction":[{"@type":"ReadAction","target":["https:\/\/optimate1.com\/de\/product\/optimate-6-ampmatic-12v-blei-saure\/"]}]},{"@type":"ImageObject","inLanguage":"de","@id":"https:\/\/optimate1.com\/de\/product\/optimate-6-ampmatic-12v-blei-saure\/#primaryimage","url":"https:\/\/optimate1.com\/wp-content\/uploads\/2026\/03\/OptiMate-6-Ampmatic-TM36x-11-copy-2-with-silver-corner-de.png","contentUrl":"https:\/\/optimate1.com\/wp-content\/uploads\/2026\/03\/OptiMate-6-Ampmatic-TM36x-11-copy-2-with-silver-corner-de.png","width":1500,"height":1500},{"@type":"BreadcrumbList","@id":"https:\/\/optimate1.com\/de\/product\/optimate-6-ampmatic-12v-blei-saure\/#breadcrumb","itemListElement":[{"@type":"ListItem","position":1,"name":"Home","item":"https:\/\/optimate1.com\/"},{"@type":"ListItem","position":2,"name":"Produkte","item":"https:\/\/optimate1.com\/shop\/"},{"@type":"ListItem","position":3,"name":"OptiMate 6 Ampmatic"}]},{"@type":"WebSite","@id":"https:\/\/optimate1.com\/#website","url":"https:\/\/optimate1.com\/","name":"OptiMate","description":"Battery Chargers &amp; Accessories","publisher":{"@id":"https:\/\/optimate1.com\/#organization"},"potentialAction":[{"@type":"SearchAction","target":{"@type":"EntryPoint","urlTemplate":"https:\/\/optimate1.com\/?s={search_term_string}"},"query-input":{"@type":"PropertyValueSpecification","valueRequired":true,"valueName":"search_term_string"}}],"inLanguage":"de"},{"@type":"Organization","@id":"https:\/\/optimate1.com\/#organization","name":"OptiMate","url":"https:\/\/optimate1.com\/","logo":{"@type":"ImageObject","inLanguage":"de","@id":"https:\/\/optimate1.com\/#\/schema\/logo\/image\/","url":"https:\/\/optimate1.com\/wp-content\/uploads\/2021\/06\/optimate-hpbc-stacklogo.jpg","contentUrl":"https:\/\/optimate1.com\/wp-content\/uploads\/2021\/06\/optimate-hpbc-stacklogo.jpg","width":1025,"height":529,"caption":"OptiMate"},"image":{"@id":"https:\/\/optimate1.com\/#\/schema\/logo\/image\/"},"sameAs":["https:\/\/www.facebook.com\/OptiMatebatterysavingcharger\/"]}]}},"_links":{"self":[{"href":"https:\/\/optimate1.com\/de\/wp-json\/wp\/v2\/product\/27889","targetHints":{"allow":["GET"]}}],"collection":[{"href":"https:\/\/optimate1.com\/de\/wp-json\/wp\/v2\/product"}],"about":[{"href":"https:\/\/optimate1.com\/de\/wp-json\/wp\/v2\/types\/product"}],"wp:featuredmedia":[{"embeddable":true,"href":"https:\/\/optimate1.com\/de\/wp-json\/wp\/v2\/media\/41850"}],"wp:attachment":[{"href":"https:\/\/optimate1.com\/de\/wp-json\/wp\/v2\/media?parent=27889"}],"wp:term":[{"taxonomy":"product_brand","embeddable":true,"href":"https:\/\/optimate1.com\/de\/wp-json\/wp\/v2\/product_brand?post=27889"},{"taxonomy":"product_cat","embeddable":true,"href":"https:\/\/optimate1.com\/de\/wp-json\/wp\/v2\/product_cat?post=27889"},{"taxonomy":"product_tag","embeddable":true,"href":"https:\/\/optimate1.com\/de\/wp-json\/wp\/v2\/product_tag?post=27889"}],"curies":[{"name":"wp","href":"https:\/\/api.w.org\/{rel}","templated":true}]}}