{"id":28727,"date":"2021-10-29T06:01:43","date_gmt":"2021-10-29T10:01:43","guid":{"rendered":"https:\/\/optimate1.com\/product\/optimate-7-select-c-de\/"},"modified":"2026-03-31T05:50:50","modified_gmt":"2026-03-31T09:50:50","slug":"optimate-pro-1-duo","status":"publish","type":"product","link":"https:\/\/optimate1.com\/de\/product\/optimate-pro-1-duo\/","title":{"rendered":"OptiMate PRO-1 DUO"},"content":{"rendered":"<h6 style=\"text-align: center;\"><strong><span style=\"color: #10069f;\">OptiMate PRO-1 DUO ist die professionelle Kombination aus Batterieladeger\u00e4t und -tester &amp; Stromversorgung f\u00fcr Powersport &amp; Kleingewerbetreibende, Reparaturwerkst\u00e4tten und Batterieh\u00e4ndler.<\/span><\/strong><\/h6>\n<h6 style=\"text-align: center;\"><img loading=\"lazy\" decoding=\"async\" class=\"aligncenter wp-image-20910\" src=\"https:\/\/optimate1.com\/wp-content\/uploads\/2023\/11\/pro-series-image-copy-10.png\" alt=\"optimate pro 1 duo has 3 Selections: select a charge mode for 12V lead-acid OR 12.8V LiFePO4, or PowerSupply mode\" width=\"328\" height=\"70\" \/><\/h6>\n<p>&nbsp;<\/p>\n<h6 style=\"text-align: center;\"><strong><span style=\"color: #10069f;\">3 Auswahlm\u00f6glichkeiten: W\u00e4hlen Sie einen Lademodus f\u00fcr 12V Blei-S\u00e4ure- ODER 12.8V LiFePO4-Batterien oder w\u00e4hlen Sie den PowerSupply-Modus zur Unterst\u00fctzung der Batterie bei Fahrzeugdiagnose, Tuning oder Fehlersuche.<\/span><\/strong><\/h6>\n<h6 style=\"text-align: center;\"><img loading=\"lazy\" decoding=\"async\" class=\"aligncenter wp-image-20910\" src=\"https:\/\/optimate1.com\/wp-content\/uploads\/2021\/11\/3-PRO-selections.png\" alt=\"optimate pro 1 duo has 3 Selections: select a charge mode for 12V lead-acid OR 12.8V LiFePO4, or PowerSupply mode\" width=\"428\" height=\"70\" \/><\/h6>\n<p>&nbsp;<\/p>\n<h6 style=\"text-align: center;\"><strong><span style=\"color: #10069f;\">Automatische Schnellaktivierung der Batterie: eine blinkende gr\u00fcne Testleuchte zeigt an, dass die Batterie gesund und ausreichend geladen ist.<\/span><\/strong><\/h6>\n<h6 style=\"text-align: center;\"><img loading=\"lazy\" decoding=\"async\" class=\"aligncenter wp-image-20977\" src=\"https:\/\/optimate1.com\/wp-content\/uploads\/2021\/11\/PRO-battery-activation-copy-1.png\" alt=\"optimate pro 1 duo has automatic fast battery activation\" width=\"428\" height=\"70\" \/><\/h6>\n<p>&nbsp;<\/p>\n<h6 style=\"text-align: center;\"><strong><span style=\"color: #10069f;\">Intelligenter Wiederherstellungsmodus f\u00fcr tiefentladene Batterien, eine schlechte Batterie wird schnell identifiziert, eine gute Batterie erh\u00e4lt Ladung und wird danach erneut getestet.<\/span><\/strong><\/h6>\n<h6 style=\"text-align: center;\"><strong><span style=\"color: #10069f;\"><img loading=\"lazy\" decoding=\"async\" class=\"aligncenter wp-image-20876\" src=\"https:\/\/optimate1.com\/wp-content\/uploads\/2021\/11\/PRO-steps.png\" alt=\"optimate pro 1 duo has smart recovery mode for deep discharged batteries\" width=\"428\" height=\"70\" \/><\/span><\/strong><\/h6>\n<p>&nbsp;<\/p>\n<h6 style=\"text-align: center;\"><strong><span style=\"color: #10069f;\">Drucktaste aktiviert BMS-Reset f\u00fcr LiFePO4-Batterien.<\/span><\/strong><\/h6>\n<h6 style=\"text-align: center;\"><strong><span style=\"color: #10069f;\"><img loading=\"lazy\" decoding=\"async\" class=\"aligncenter wp-image-20660\" src=\"https:\/\/optimate1.com\/wp-content\/uploads\/2021\/11\/BMS-reset-copy-01.png\" alt=\"optimate pro 1 duo has a pushbutton activated BMS reset for Lithium batteries\" width=\"428\" height=\"100\" \/><\/span><\/strong><\/h6>\n<p>&nbsp;<\/p>\n<h6 style=\"text-align: center;\"><strong><span style=\"color: #10069f;\">Testanzeige f\u00fcr GUT (80 bis 100%), OK (60 bis 80%) und SCHLECHT (unter 60%) Batterien.<\/span><\/strong><\/h6>\n<h6 style=\"text-align: center;\"><img loading=\"lazy\" decoding=\"async\" class=\"aligncenter wp-image-20910\" src=\"https:\/\/optimate1.com\/wp-content\/uploads\/2021\/11\/PRO-TEST-lights-copy-2.png\" alt=\"test light indication optimate pro 1 duo\" width=\"428\" height=\"70\" \/><\/h6>\n<p>&nbsp;<\/p>\n<h6 style=\"text-align: center;\"><strong><span style=\"color: #10069f;\">Der Stromversorgungsmodus liefert konstanten Strom f\u00fcr Fahrzeugtuning, Diagnose und Fehlersuche.<br \/>\n<\/span><\/strong><\/h6>\n<h6 style=\"text-align: center;\"><img loading=\"lazy\" decoding=\"async\" class=\"aligncenter wp-image-20977\" src=\"https:\/\/optimate1.com\/wp-content\/uploads\/2020\/12\/TUNE-power-supplyx2-300x49.png\" alt=\"PowerSupply mode for vehicle tuning\" width=\"428\" height=\"70\" srcset=\"https:\/\/optimate1.com\/wp-content\/uploads\/2020\/12\/TUNE-power-supplyx2-300x49.png 300w, https:\/\/optimate1.com\/wp-content\/uploads\/2020\/12\/TUNE-power-supplyx2-600x98.png 600w, https:\/\/optimate1.com\/wp-content\/uploads\/2020\/12\/TUNE-power-supplyx2-64x10.png 64w, https:\/\/optimate1.com\/wp-content\/uploads\/2020\/12\/TUNE-power-supplyx2-768x126.png 768w, https:\/\/optimate1.com\/wp-content\/uploads\/2020\/12\/TUNE-power-supplyx2.png 856w\" sizes=\"auto, (max-width: 428px) 100vw, 428px\" \/><\/h6>\n<p>&nbsp;<\/p>\n<p>&nbsp;<\/p>\n<h4 style=\"text-align: center;\"><strong><span style=\"text-decoration: underline;\">MEHR FEATURES:<\/span><\/strong><\/h4>\n<p style=\"text-align: center;\">\n<table id=\"tablepress-581\" class=\"tablepress tablepress-id-581\">\n<tbody class=\"row-hover\">\n<tr class=\"row-1\">\n\t<td class=\"column-1\"><a href=\"\"><img loading=\"lazy\" decoding=\"async\" src=\"https:\/\/optimate1.com\/wp-content\/uploads\/2023\/09\/1DUO-batteries-copy-2.png\" alt=\"\" width=\"300\" height=\"50\" class=\"aligncenter size-medium wp-image-20927\" \/><\/a><body><h6><center>F\u00fcr alle 12-Volt-Energiesportbatterietypen, einschlie\u00dflich Blei-S\u00e4ure (Pb) > STD (mit Einf\u00fcllkappen), AGM &amp; GEL (versiegelte VRLA) und Li-Ion mit LiFePO4 \/ LFP-Technologie.<\/body><\/h6><\/center><br \/>\n<\/td>\n<\/tr>\n<tr class=\"row-2\">\n\t<td class=\"column-1\"><a href=\"\"><img loading=\"lazy\" decoding=\"async\" src=\"https:\/\/optimate1.com\/wp-content\/uploads\/2023\/11\/50-60hz.png\" alt=\"\" width=\"300\" height=\"50\" class=\"aligncenter size-medium wp-image-20928\" \/><\/a><body><h6><center>Globaler Eingang - 100 bis 240V 50-60Hz.<\/body><\/h6><\/center><\/td>\n<\/tr>\n<tr class=\"row-3\">\n\t<td class=\"column-1\"><a href=\"\"><img loading=\"lazy\" decoding=\"async\" src=\"https:\/\/optimate1.com\/wp-content\/uploads\/2021\/11\/AC-power-socket-copy-01.png\" alt=\"\" width=\"300\" height=\"50\" class=\"aligncenter size-medium wp-image-20995\" \/><\/a><body><h6><center>AC-Steckdose f\u00fcr Netzkabel der Klasse 2.<\/body><\/h6><\/center><\/td>\n<\/tr>\n<tr class=\"row-4\">\n\t<td class=\"column-1\"><a href=\"\"><img loading=\"lazy\" decoding=\"async\" src=\"https:\/\/optimate1.com\/wp-content\/uploads\/2021\/11\/CE-certification-x-01-2.png\" alt=\"\" width=\"300\" height=\"50\" class=\"aligncenter size-medium wp-image-20982\" \/><\/a><body><h6><center>Zertifizierung - CE, UKCA, NRTL (UL &amp; CSA), PSE (Japan), SAA (Aus &amp; NZ).<\/center><\/h6><\/body><\/td>\n<\/tr>\n<tr class=\"row-5\">\n\t<td class=\"column-1\"><a href=\"\"><img loading=\"lazy\" decoding=\"async\" src=\"https:\/\/optimate1.com\/wp-content\/uploads\/2021\/11\/PRO-hooks-copy-2-x-01.png\" alt=\"\" width=\"300\" height=\"50\" class=\"aligncenter size-medium wp-image-20993\" \/><\/a><body><h6><center>Tragbarer Einsatz - Haken zum Aufh\u00e4ngen am Fahrzeug und Wandempf\u00e4nger im Lieferumfang enthalten.<\/body><\/h6><\/center><\/td>\n<\/tr>\n<tr class=\"row-6\">\n\t<td class=\"column-1\"><a href=\"\"><img loading=\"lazy\" decoding=\"async\" src=\"https:\/\/optimate1.com\/wp-content\/uploads\/2020\/12\/green-technology-hx2-1-300x49.png\" alt=\"\" width=\"300\" height=\"50\" class=\"aligncenter size-medium wp-image-20985\" \/><\/a><body><h6><center>50 % weniger Energie, 50 % geringere Kosten.<br \/>\n<strong>\u221a<\/strong> Leistungsfaktor-Korrektur<br \/>\n<strong>\u221a<\/strong> Synchrone Gleichrichtung<\/body><\/h6><\/center><\/td>\n<\/tr>\n<\/tbody>\n<\/table>\n<!-- #tablepress-581 from cache --><\/p>\n","protected":false},"excerpt":{"rendered":"<h3><span style=\"color: #231f20;\">PRO-Serie: 12V 10 A-Diagnose-Batterieladeger\u00e4t-Tester &amp; Netzteil<\/span><\/h3>\n","protected":false},"featured_media":41968,"template":"","meta":[],"product_brand":[],"product_cat":[419],"product_tag":[],"class_list":{"0":"post-28727","1":"product","2":"type-product","3":"status-publish","4":"has-post-thumbnail","6":"product_cat-battery-chargers-de","7":"pa_charge-battery-chemistry-pb-agm-gel-std-lead-acid-de","8":"pa_charge-battery-more-12v-de","9":"pa_charge-battery-more-motorrad-gelandewagen","10":"pa_charge-battery-more-utv-sxs-cruiser-de","11":"pa_power-ac-100-240vac-de","12":"pa_product-group-optimate-7-de","13":"pa_region-ca-de-2","14":"pa_region-eu-de-2","15":"pa_region-uk-de-2","16":"pa_region-us-de-2","17":"iside_voltage-12-de","18":"iside_voltage-12-8-de","19":"iside_ampere-9-9-de","20":"iside_vehicle-motorrad-powersport-de","21":"iside_charger_series-pro-professional-de","22":"iside_charger_features-bms-reset-fur-lfp-batterie","23":"iside_charger_features-duo-24-7-wartung-fur-pb-lfp","24":"iside_charger_features-save-low-volt-reset-bms-lithium-lfp-de","25":"iside_charger_features-save-sulphated-pb-lead-acid-de","26":"iside_charger_features-sichere-batteriewartung-rund-um-die-uhr","27":"iside_charger_features-spannung-an-temperatur-anpassen-fur-pb","28":"iside_charger_features-stromstarke-an-temperatur-anpassen-fur-lfp","29":"iside_charger_features-power-supply-tune-mode-de","30":"iside_charger_type-single-de","31":"iside_battery_voltage-12-8v-13-2v","32":"iside_battery_voltage-12v-de","33":"iside_battery_chemistry-lfp-lifepo4-lithium-ion-de","34":"iside_battery_chemistry-pb-lead-acid-de","35":"battery_charger_current-7-10a-de","36":"battery_charger_current-ampmatic-1-to-10a-de","37":"thunk-woo-product-list","38":"opn-qv-enable","39":"big-store-woo-hover-","40":"open-single-product-tab-horizontal","41":"open-shadow-","42":"open-shadow-hover-","44":"first","45":"instock","46":"shipping-taxable","47":"purchasable","48":"product-type-simple"},"yoast_head":"<!-- This site is optimized with the Yoast SEO plugin v27.2 - https:\/\/yoast.com\/product\/yoast-seo-wordpress\/ -->\n<title>OptiMate PRO-1 DUO - OptiMate<\/title>\n<meta name=\"description\" content=\"OptiMate PRO-1 DUO ist die professionelle Kombination aus Batterieladeger\u00e4t, Tester und Netzteil f\u00fcr den Powersport. Weiterlesen.\" \/>\n<meta name=\"robots\" content=\"index, follow, max-snippet:-1, max-image-preview:large, max-video-preview:-1, noarchive\" \/>\n<link rel=\"canonical\" href=\"https:\/\/optimate1.com\/de\/product\/optimate-pro-1-duo\/\" \/>\n<meta property=\"og:locale\" content=\"de_DE\" \/>\n<meta property=\"og:type\" content=\"article\" \/>\n<meta property=\"og:title\" content=\"OptiMate PRO-1 DUO - OptiMate\" \/>\n<meta property=\"og:description\" content=\"OptiMate PRO-1 DUO ist die professionelle Kombination aus Batterieladeger\u00e4t, Tester und Netzteil f\u00fcr den Powersport. Weiterlesen.\" \/>\n<meta property=\"og:url\" content=\"https:\/\/optimate1.com\/de\/product\/optimate-pro-1-duo\/\" \/>\n<meta property=\"og:site_name\" content=\"OptiMate\" \/>\n<meta property=\"article:publisher\" content=\"https:\/\/www.facebook.com\/OptiMatebatterysavingcharger\/\" \/>\n<meta property=\"article:modified_time\" content=\"2026-03-31T09:50:50+00:00\" \/>\n<meta property=\"og:image\" content=\"https:\/\/optimate1.com\/wp-content\/uploads\/2026\/03\/OptiMate-PRO-1-TM650-12-copy-de-1.png\" \/>\n\t<meta property=\"og:image:width\" content=\"1500\" \/>\n\t<meta property=\"og:image:height\" content=\"1500\" \/>\n\t<meta property=\"og:image:type\" content=\"image\/png\" \/>\n<meta name=\"twitter:card\" content=\"summary_large_image\" \/>\n<meta name=\"twitter:label1\" content=\"Gesch\u00e4tzte Lesezeit\" \/>\n\t<meta name=\"twitter:data1\" content=\"3\u00a0Minuten\" \/>\n<script type=\"application\/ld+json\" class=\"yoast-schema-graph\">{\"@context\":\"https:\/\/schema.org\",\"@graph\":[{\"@type\":\"WebPage\",\"@id\":\"https:\/\/optimate1.com\/de\/product\/optimate-pro-1-duo\/\",\"url\":\"https:\/\/optimate1.com\/de\/product\/optimate-pro-1-duo\/\",\"name\":\"OptiMate PRO-1 DUO - OptiMate\",\"isPartOf\":{\"@id\":\"https:\/\/optimate1.com\/#website\"},\"primaryImageOfPage\":{\"@id\":\"https:\/\/optimate1.com\/de\/product\/optimate-pro-1-duo\/#primaryimage\"},\"image\":{\"@id\":\"https:\/\/optimate1.com\/de\/product\/optimate-pro-1-duo\/#primaryimage\"},\"thumbnailUrl\":\"https:\/\/optimate1.com\/wp-content\/uploads\/2026\/03\/OptiMate-PRO-1-TM650-12-copy-de-1.png\",\"datePublished\":\"2021-10-29T10:01:43+00:00\",\"dateModified\":\"2026-03-31T09:50:50+00:00\",\"description\":\"OptiMate PRO-1 DUO ist die professionelle Kombination aus Batterieladeger\u00e4t, Tester und Netzteil f\u00fcr den Powersport. Weiterlesen.\",\"breadcrumb\":{\"@id\":\"https:\/\/optimate1.com\/de\/product\/optimate-pro-1-duo\/#breadcrumb\"},\"inLanguage\":\"de\",\"potentialAction\":[{\"@type\":\"ReadAction\",\"target\":[\"https:\/\/optimate1.com\/de\/product\/optimate-pro-1-duo\/\"]}]},{\"@type\":\"ImageObject\",\"inLanguage\":\"de\",\"@id\":\"https:\/\/optimate1.com\/de\/product\/optimate-pro-1-duo\/#primaryimage\",\"url\":\"https:\/\/optimate1.com\/wp-content\/uploads\/2026\/03\/OptiMate-PRO-1-TM650-12-copy-de-1.png\",\"contentUrl\":\"https:\/\/optimate1.com\/wp-content\/uploads\/2026\/03\/OptiMate-PRO-1-TM650-12-copy-de-1.png\",\"width\":1500,\"height\":1500},{\"@type\":\"BreadcrumbList\",\"@id\":\"https:\/\/optimate1.com\/de\/product\/optimate-pro-1-duo\/#breadcrumb\",\"itemListElement\":[{\"@type\":\"ListItem\",\"position\":1,\"name\":\"Home\",\"item\":\"https:\/\/optimate1.com\/\"},{\"@type\":\"ListItem\",\"position\":2,\"name\":\"Produkte\",\"item\":\"https:\/\/optimate1.com\/shop\/\"},{\"@type\":\"ListItem\",\"position\":3,\"name\":\"OptiMate PRO-1 DUO\"}]},{\"@type\":\"WebSite\",\"@id\":\"https:\/\/optimate1.com\/#website\",\"url\":\"https:\/\/optimate1.com\/\",\"name\":\"OptiMate\",\"description\":\"Battery Chargers &amp; Accessories\",\"publisher\":{\"@id\":\"https:\/\/optimate1.com\/#organization\"},\"potentialAction\":[{\"@type\":\"SearchAction\",\"target\":{\"@type\":\"EntryPoint\",\"urlTemplate\":\"https:\/\/optimate1.com\/?s={search_term_string}\"},\"query-input\":{\"@type\":\"PropertyValueSpecification\",\"valueRequired\":true,\"valueName\":\"search_term_string\"}}],\"inLanguage\":\"de\"},{\"@type\":\"Organization\",\"@id\":\"https:\/\/optimate1.com\/#organization\",\"name\":\"OptiMate\",\"url\":\"https:\/\/optimate1.com\/\",\"logo\":{\"@type\":\"ImageObject\",\"inLanguage\":\"de\",\"@id\":\"https:\/\/optimate1.com\/#\/schema\/logo\/image\/\",\"url\":\"https:\/\/optimate1.com\/wp-content\/uploads\/2021\/06\/optimate-hpbc-stacklogo.jpg\",\"contentUrl\":\"https:\/\/optimate1.com\/wp-content\/uploads\/2021\/06\/optimate-hpbc-stacklogo.jpg\",\"width\":1025,\"height\":529,\"caption\":\"OptiMate\"},\"image\":{\"@id\":\"https:\/\/optimate1.com\/#\/schema\/logo\/image\/\"},\"sameAs\":[\"https:\/\/www.facebook.com\/OptiMatebatterysavingcharger\/\"]}]}<\/script>\n<!-- \/ Yoast SEO plugin. -->","yoast_head_json":{"title":"OptiMate PRO-1 DUO - OptiMate","description":"OptiMate PRO-1 DUO ist die professionelle Kombination aus Batterieladeger\u00e4t, Tester und Netzteil f\u00fcr den Powersport. Weiterlesen.","robots":{"index":"index","follow":"follow","max-snippet":"max-snippet:-1","max-image-preview":"max-image-preview:large","max-video-preview":"max-video-preview:-1","archive":"noarchive"},"canonical":"https:\/\/optimate1.com\/de\/product\/optimate-pro-1-duo\/","og_locale":"de_DE","og_type":"article","og_title":"OptiMate PRO-1 DUO - OptiMate","og_description":"OptiMate PRO-1 DUO ist die professionelle Kombination aus Batterieladeger\u00e4t, Tester und Netzteil f\u00fcr den Powersport. Weiterlesen.","og_url":"https:\/\/optimate1.com\/de\/product\/optimate-pro-1-duo\/","og_site_name":"OptiMate","article_publisher":"https:\/\/www.facebook.com\/OptiMatebatterysavingcharger\/","article_modified_time":"2026-03-31T09:50:50+00:00","og_image":[{"width":1500,"height":1500,"url":"https:\/\/optimate1.com\/wp-content\/uploads\/2026\/03\/OptiMate-PRO-1-TM650-12-copy-de-1.png","type":"image\/png"}],"twitter_card":"summary_large_image","twitter_misc":{"Gesch\u00e4tzte Lesezeit":"3\u00a0Minuten"},"schema":{"@context":"https:\/\/schema.org","@graph":[{"@type":"WebPage","@id":"https:\/\/optimate1.com\/de\/product\/optimate-pro-1-duo\/","url":"https:\/\/optimate1.com\/de\/product\/optimate-pro-1-duo\/","name":"OptiMate PRO-1 DUO - OptiMate","isPartOf":{"@id":"https:\/\/optimate1.com\/#website"},"primaryImageOfPage":{"@id":"https:\/\/optimate1.com\/de\/product\/optimate-pro-1-duo\/#primaryimage"},"image":{"@id":"https:\/\/optimate1.com\/de\/product\/optimate-pro-1-duo\/#primaryimage"},"thumbnailUrl":"https:\/\/optimate1.com\/wp-content\/uploads\/2026\/03\/OptiMate-PRO-1-TM650-12-copy-de-1.png","datePublished":"2021-10-29T10:01:43+00:00","dateModified":"2026-03-31T09:50:50+00:00","description":"OptiMate PRO-1 DUO ist die professionelle Kombination aus Batterieladeger\u00e4t, Tester und Netzteil f\u00fcr den Powersport. Weiterlesen.","breadcrumb":{"@id":"https:\/\/optimate1.com\/de\/product\/optimate-pro-1-duo\/#breadcrumb"},"inLanguage":"de","potentialAction":[{"@type":"ReadAction","target":["https:\/\/optimate1.com\/de\/product\/optimate-pro-1-duo\/"]}]},{"@type":"ImageObject","inLanguage":"de","@id":"https:\/\/optimate1.com\/de\/product\/optimate-pro-1-duo\/#primaryimage","url":"https:\/\/optimate1.com\/wp-content\/uploads\/2026\/03\/OptiMate-PRO-1-TM650-12-copy-de-1.png","contentUrl":"https:\/\/optimate1.com\/wp-content\/uploads\/2026\/03\/OptiMate-PRO-1-TM650-12-copy-de-1.png","width":1500,"height":1500},{"@type":"BreadcrumbList","@id":"https:\/\/optimate1.com\/de\/product\/optimate-pro-1-duo\/#breadcrumb","itemListElement":[{"@type":"ListItem","position":1,"name":"Home","item":"https:\/\/optimate1.com\/"},{"@type":"ListItem","position":2,"name":"Produkte","item":"https:\/\/optimate1.com\/shop\/"},{"@type":"ListItem","position":3,"name":"OptiMate PRO-1 DUO"}]},{"@type":"WebSite","@id":"https:\/\/optimate1.com\/#website","url":"https:\/\/optimate1.com\/","name":"OptiMate","description":"Battery Chargers &amp; Accessories","publisher":{"@id":"https:\/\/optimate1.com\/#organization"},"potentialAction":[{"@type":"SearchAction","target":{"@type":"EntryPoint","urlTemplate":"https:\/\/optimate1.com\/?s={search_term_string}"},"query-input":{"@type":"PropertyValueSpecification","valueRequired":true,"valueName":"search_term_string"}}],"inLanguage":"de"},{"@type":"Organization","@id":"https:\/\/optimate1.com\/#organization","name":"OptiMate","url":"https:\/\/optimate1.com\/","logo":{"@type":"ImageObject","inLanguage":"de","@id":"https:\/\/optimate1.com\/#\/schema\/logo\/image\/","url":"https:\/\/optimate1.com\/wp-content\/uploads\/2021\/06\/optimate-hpbc-stacklogo.jpg","contentUrl":"https:\/\/optimate1.com\/wp-content\/uploads\/2021\/06\/optimate-hpbc-stacklogo.jpg","width":1025,"height":529,"caption":"OptiMate"},"image":{"@id":"https:\/\/optimate1.com\/#\/schema\/logo\/image\/"},"sameAs":["https:\/\/www.facebook.com\/OptiMatebatterysavingcharger\/"]}]}},"_links":{"self":[{"href":"https:\/\/optimate1.com\/de\/wp-json\/wp\/v2\/product\/28727","targetHints":{"allow":["GET"]}}],"collection":[{"href":"https:\/\/optimate1.com\/de\/wp-json\/wp\/v2\/product"}],"about":[{"href":"https:\/\/optimate1.com\/de\/wp-json\/wp\/v2\/types\/product"}],"wp:featuredmedia":[{"embeddable":true,"href":"https:\/\/optimate1.com\/de\/wp-json\/wp\/v2\/media\/41968"}],"wp:attachment":[{"href":"https:\/\/optimate1.com\/de\/wp-json\/wp\/v2\/media?parent=28727"}],"wp:term":[{"taxonomy":"product_brand","embeddable":true,"href":"https:\/\/optimate1.com\/de\/wp-json\/wp\/v2\/product_brand?post=28727"},{"taxonomy":"product_cat","embeddable":true,"href":"https:\/\/optimate1.com\/de\/wp-json\/wp\/v2\/product_cat?post=28727"},{"taxonomy":"product_tag","embeddable":true,"href":"https:\/\/optimate1.com\/de\/wp-json\/wp\/v2\/product_tag?post=28727"}],"curies":[{"name":"wp","href":"https:\/\/api.w.org\/{rel}","templated":true}]}}