{"id":30961,"date":"2022-09-28T02:42:54","date_gmt":"2022-09-28T06:42:54","guid":{"rendered":"https:\/\/optimate1.com\/product\/om3x4\/"},"modified":"2026-03-26T06:20:08","modified_gmt":"2026-03-26T10:20:08","slug":"om3x4","status":"publish","type":"product","link":"https:\/\/optimate1.com\/de\/product\/om3x4\/","title":{"rendered":"OptiMate 3 x 4 BANK"},"content":{"rendered":"<h6 style=\"text-align: center;\"><strong><span style=\"color: #10069f;\">OptiMate 3 Quad-Bank ist das vollst\u00e4ndig versiegelte 4-Bank-Batteriesparladeger\u00e4t &amp; Wartungsger\u00e4t f\u00fcr 12V AGM-, GEL- oder STD-Batterien <\/span><\/strong><strong><span style=\"color: #10069f;\">&#8211;\u00a0<\/span><\/strong><i><span style=\"color: #10069f;\">Die Wahl des H\u00e4ndlers f\u00fcr vielbesch\u00e4ftigte Werkst\u00e4tten.<\/span><\/i><\/h6>\n<h6 style=\"text-align: center;\"><img loading=\"lazy\" decoding=\"async\" class=\"aligncenter wp-image-20668\" src=\"https:\/\/optimate1.com\/wp-content\/uploads\/2021\/11\/Vehicle-range-OM3-01.png\" alt=\"The OptiMate 3 battery charger is recommended for batteries found in: motorcycles, scooters, ATV, jet skis, snowmobiles, lawn mowers.\" width=\"428\" height=\"66\" \/><\/h6>\n<p>&nbsp;<\/p>\n<h6 style=\"text-align: center;\"><strong><span style=\"color: #10069f;\">Die Ladeb\u00e4nke sind elektrisch voneinander isoliert und <\/span><\/strong><strong><span style=\"color: #10069f;\">arbeiten unabh\u00e4ngig voneinander &#8211;\u00a0<\/span><\/strong><i><span style=\"color: #10069f;\">Laden Sie Batterien separat oder in Reihe geschaltete Batterien auf!<\/span><\/i><\/h6>\n<p><a href=\"https:\/\/optimate1.com\/wp-content\/uploads\/2019\/01\/multibank-x2.png\"><img loading=\"lazy\" decoding=\"async\" class=\"aligncenter wp-image-28078 size-full\" src=\"https:\/\/optimate1.com\/wp-content\/uploads\/2019\/01\/multibank-x2.png\" alt=\"The OptiMate 3 x 2 Bank can charge batteries separately or charge batteries connected in series.\" width=\"852\" height=\"140\" srcset=\"https:\/\/optimate1.com\/wp-content\/uploads\/2019\/01\/multibank-x2.png 852w, https:\/\/optimate1.com\/wp-content\/uploads\/2019\/01\/multibank-x2-300x49.png 300w, https:\/\/optimate1.com\/wp-content\/uploads\/2019\/01\/multibank-x2-768x126.png 768w, https:\/\/optimate1.com\/wp-content\/uploads\/2019\/01\/multibank-x2-600x99.png 600w, https:\/\/optimate1.com\/wp-content\/uploads\/2019\/01\/multibank-x2-64x11.png 64w\" sizes=\"auto, (max-width: 852px) 100vw, 852px\" \/><\/a><\/p>\n<p>&nbsp;<\/p>\n<h6 style=\"text-align: center;\"><strong><span style=\"color: #10069f;\">Ein vollautomatisches, mehrstufiges Programm bringt die Batterie sicher zur vollen Ladung &#8211; <\/span><\/strong><em><span style=\"color: #10069f;\">Schlie\u00dfen Sie die Batterie an, und der OptiMate 3 erledigt den Rest &#8211; keine \u00dcberwachung erforderlich!<\/span><\/em><\/h6>\n<h6 style=\"text-align: center;\"><img loading=\"lazy\" decoding=\"async\" class=\"aligncenter wp-image-20876\" src=\"https:\/\/optimate1.com\/wp-content\/uploads\/2020\/12\/connect_save_charge-maintain-01.png\" alt=\"The fully automatic multi-step program to full charge the battery safely.\" width=\"428\" height=\"70\" \/><\/h6>\n<p>&nbsp;<\/p>\n<p>&nbsp;<\/p>\n<h4 style=\"text-align: center;\"><strong><span style=\"text-decoration: underline;\">MEHR FEATURES:<\/span><\/strong><\/h4>\n<p style=\"text-align: center;\">\n<table id=\"tablepress-509\" class=\"tablepress tablepress-id-509\">\n<tbody class=\"row-hover\">\n<tr class=\"row-1\">\n\t<td class=\"column-1\"><a href=\"\"><img loading=\"lazy\" decoding=\"async\" src=\"https:\/\/optimate1.com\/wp-content\/uploads\/2023\/10\/OptiMate-3-batteries.png\" alt=\"\" width=\"300\" height=\"50\" class=\"aligncenter size-medium wp-image-20927\" \/><\/a><body><h6><center>F\u00fcr Blei-S\u00e4ure (Pb) 12-V-Energiesport-Batterietypen, einschlie\u00dflich STD (mit Einf\u00fcllkappen), AGM, GEL (versiegelte VRLA), Deep Cycle &amp; EFB.<\/body><\/h6><\/center><br \/>\n<\/td>\n<\/tr>\n<tr class=\"row-2\">\n\t<td class=\"column-1\"><a href=\"\"><img loading=\"lazy\" decoding=\"async\" src=\"https:\/\/optimate1.com\/wp-content\/uploads\/2023\/10\/analysis-desulphate-x-01.png\" alt=\"\" width=\"300\" height=\"50\" class=\"aligncenter size-medium wp-image-20928\" \/><\/a><body><h6><center>Diagnostiziert den Zustand sulfatierter Batterien.<\/body><\/h6><\/center><\/td>\n<\/tr>\n<tr class=\"row-3\">\n\t<td class=\"column-1\"><a href=\"\"><img loading=\"lazy\" decoding=\"async\" src=\"https:\/\/optimate1.com\/wp-content\/uploads\/2021\/11\/SAVE-dead-battery-x2x.png\" alt=\"\" width=\"300\" height=\"50\" class=\"aligncenter size-medium wp-image-20995\" \/><\/a><body><h6><center>Rettet Ihre \"leere\" Batterie ab 2V.<\/body><\/h6><\/center><\/td>\n<\/tr>\n<tr class=\"row-4\">\n\t<td class=\"column-1\"><a href=\"\"><img loading=\"lazy\" decoding=\"async\" src=\"https:\/\/optimate1.com\/wp-content\/uploads\/2020\/12\/state-of-health-test-2-LED-200.png\" alt=\"\" width=\"300\" height=\"50\" class=\"aligncenter size-medium wp-image-20982\" \/><\/a><body><h6><center>Testet den Gesundheitszustand der Batterie.<\/center><\/h6><\/body><\/td>\n<\/tr>\n<tr class=\"row-5\">\n\t<td class=\"column-1\"><a href=\"\"><img loading=\"lazy\" decoding=\"async\" src=\"https:\/\/optimate1.com\/wp-content\/uploads\/2021\/11\/SAFE-OM1-DUO-01-1.png\" alt=\"\" width=\"300\" height=\"50\" class=\"aligncenter size-medium wp-image-20993\" \/><\/a><body><h6><center>Sicher angeschlossen lassen. Vollst\u00e4ndiger elektronischer Schutz.<\/body><\/h6><\/center><\/td>\n<\/tr>\n<tr class=\"row-6\">\n\t<td class=\"column-1\"><a href=\"\"><img loading=\"lazy\" decoding=\"async\" src=\"https:\/\/optimate1.com\/wp-content\/uploads\/2020\/12\/24-7-x2-300x49.png\" alt=\"\" width=\"300\" height=\"50\" class=\"aligncenter size-medium wp-image-20985\" \/><\/a><body><h6><center>H\u00e4lt die Batterie voll geladen und in gutem Zustand.<\/body><\/h6><\/center><\/td>\n<\/tr>\n<tr class=\"row-7\">\n\t<td class=\"column-1\"><a href=\"\"><img loading=\"lazy\" decoding=\"async\" src=\"https:\/\/optimate1.com\/wp-content\/uploads\/2020\/12\/green-technology-hx2-1-300x49.png\" alt=\"\" width=\"300\" height=\"50\" class=\"aligncenter size-medium wp-image-20983\" \/><\/a><body><h6><center>Energiesparende Technologie.<br \/>\n<strong>\u221a<\/strong> Stand-by-Leistung weniger als 0,5W.<br \/>\n<strong>\u221a<\/strong> Effiziente Batteriewartung rund um die Uhr.<\/body><\/h6><\/center><\/td>\n<\/tr>\n<tr class=\"row-8\">\n\t<td class=\"column-1\"><a href=\"\"><img loading=\"lazy\" decoding=\"async\" src=\"https:\/\/optimate1.com\/wp-content\/uploads\/2020\/12\/weatherproof-x2-300x49.png\" alt=\"\" width=\"300\" height=\"50\" class=\"aligncenter size-medium wp-image-21012\" srcset=\"https:\/\/optimate1.com\/wp-content\/uploads\/2020\/12\/weatherproof-x2-300x49.png 300w, https:\/\/optimate1.com\/wp-content\/uploads\/2020\/12\/weatherproof-x2-600x98.png 600w, https:\/\/optimate1.com\/wp-content\/uploads\/2020\/12\/weatherproof-x2-64x10.png 64w, https:\/\/optimate1.com\/wp-content\/uploads\/2020\/12\/weatherproof-x2-768x126.png 768w, https:\/\/optimate1.com\/wp-content\/uploads\/2020\/12\/weatherproof-x2.png 856w\" sizes=\"auto, (max-width: 300px) 100vw, 300px\" \/><\/a><body><h6><center>Wetterfest. Geeignet f\u00fcr den Einsatz bis zu -40\u00b0C \/ -40\u00b0F.<\/body><\/h6><\/center><\/td>\n<\/tr>\n<\/tbody>\n<\/table>\n<!-- #tablepress-509 from cache --><\/p>\n","protected":false},"excerpt":{"rendered":"<h3><span style=\"color: #959b9d;\">SILVER-Serie: 7-stufiges 12V 0.8A versiegeltes Batteriesparlade- und Wartungsger\u00e4t <\/span><strong>x4<\/strong><\/h3>\n","protected":false},"featured_media":41796,"template":"","meta":[],"product_brand":[],"product_cat":[419],"product_tag":[],"class_list":{"0":"post-30961","1":"product","2":"type-product","3":"status-publish","4":"has-post-thumbnail","6":"product_cat-battery-chargers-de","7":"pa_charge-battery-chemistry-pb-agm-gel-std-lead-acid-de","8":"pa_charge-battery-more-12v-de","9":"pa_charge-battery-more-motorrad-gelandewagen","10":"pa_charge-battery-more-utv-sxs-cruiser-de","11":"pa_power-ac-100-240vac-de","12":"pa_product-group-optimate-3-de","13":"pa_region-ca-de-2","14":"pa_region-eu-de-2","15":"pa_region-uk-de-2","16":"pa_region-us-de-2","17":"iside_voltage-12-de","18":"iside_ampere-0-8-de","19":"iside_vehicle-motorrad-powersport-de","20":"iside_charger_series-silver-smarter-de","21":"iside_charger_features-save-sulphated-pb-lead-acid-de","22":"iside_charger_features-sichere-batteriewartung-rund-um-die-uhr","23":"iside_charger_type-multibank-de","24":"iside_battery_voltage-12v-de","25":"iside_battery_chemistry-pb-lead-acid-de","26":"battery_charger_current-0-6a-1-5a-de","27":"thunk-woo-product-list","28":"opn-qv-enable","29":"big-store-woo-hover-","30":"open-single-product-tab-horizontal","31":"open-shadow-","32":"open-shadow-hover-","34":"first","35":"instock","36":"featured","37":"shipping-taxable","38":"purchasable","39":"product-type-simple"},"yoast_head":"<!-- This site is optimized with the Yoast SEO plugin v27.2 - https:\/\/yoast.com\/product\/yoast-seo-wordpress\/ -->\n<title>OptiMate 3 x 4 BANK - OptiMate<\/title>\n<meta name=\"description\" content=\"Das OptiMate 3 x 4 Bank ist das vollst\u00e4ndig versiegelte 4-BANK-Ladeger\u00e4t und Erhaltungsladeger\u00e4t f\u00fcr 12V-AGM-, GEL- oder STD-Batterien.\" \/>\n<meta name=\"robots\" content=\"index, follow, max-snippet:-1, max-image-preview:large, max-video-preview:-1, noarchive\" \/>\n<link rel=\"canonical\" href=\"https:\/\/optimate1.com\/de\/product\/om3x4\/\" \/>\n<meta property=\"og:locale\" content=\"de_DE\" \/>\n<meta property=\"og:type\" content=\"article\" \/>\n<meta property=\"og:title\" content=\"OptiMate 3 x 4 BANK - OptiMate\" \/>\n<meta property=\"og:description\" content=\"Das OptiMate 3 x 4 Bank ist das vollst\u00e4ndig versiegelte 4-BANK-Ladeger\u00e4t und Erhaltungsladeger\u00e4t f\u00fcr 12V-AGM-, GEL- oder STD-Batterien.\" \/>\n<meta property=\"og:url\" content=\"https:\/\/optimate1.com\/de\/product\/om3x4\/\" \/>\n<meta property=\"og:site_name\" content=\"OptiMate\" \/>\n<meta property=\"article:publisher\" content=\"https:\/\/www.facebook.com\/OptiMatebatterysavingcharger\/\" \/>\n<meta property=\"article:modified_time\" content=\"2026-03-26T10:20:08+00:00\" \/>\n<meta property=\"og:image\" content=\"https:\/\/optimate1.com\/wp-content\/uploads\/2026\/03\/OptiMate-3-TM450-x4-de.png\" \/>\n\t<meta property=\"og:image:width\" content=\"1500\" \/>\n\t<meta property=\"og:image:height\" content=\"1500\" \/>\n\t<meta property=\"og:image:type\" content=\"image\/png\" \/>\n<meta name=\"twitter:card\" content=\"summary_large_image\" \/>\n<meta name=\"twitter:label1\" content=\"Gesch\u00e4tzte Lesezeit\" \/>\n\t<meta name=\"twitter:data1\" content=\"2\u00a0Minuten\" \/>\n<script type=\"application\/ld+json\" class=\"yoast-schema-graph\">{\"@context\":\"https:\/\/schema.org\",\"@graph\":[{\"@type\":\"WebPage\",\"@id\":\"https:\/\/optimate1.com\/de\/product\/om3x4\/\",\"url\":\"https:\/\/optimate1.com\/de\/product\/om3x4\/\",\"name\":\"OptiMate 3 x 4 BANK - OptiMate\",\"isPartOf\":{\"@id\":\"https:\/\/optimate1.com\/#website\"},\"primaryImageOfPage\":{\"@id\":\"https:\/\/optimate1.com\/de\/product\/om3x4\/#primaryimage\"},\"image\":{\"@id\":\"https:\/\/optimate1.com\/de\/product\/om3x4\/#primaryimage\"},\"thumbnailUrl\":\"https:\/\/optimate1.com\/wp-content\/uploads\/2026\/03\/OptiMate-3-TM450-x4-de.png\",\"datePublished\":\"2022-09-28T06:42:54+00:00\",\"dateModified\":\"2026-03-26T10:20:08+00:00\",\"description\":\"Das OptiMate 3 x 4 Bank ist das vollst\u00e4ndig versiegelte 4-BANK-Ladeger\u00e4t und Erhaltungsladeger\u00e4t f\u00fcr 12V-AGM-, GEL- oder STD-Batterien.\",\"breadcrumb\":{\"@id\":\"https:\/\/optimate1.com\/de\/product\/om3x4\/#breadcrumb\"},\"inLanguage\":\"de\",\"potentialAction\":[{\"@type\":\"ReadAction\",\"target\":[\"https:\/\/optimate1.com\/de\/product\/om3x4\/\"]}]},{\"@type\":\"ImageObject\",\"inLanguage\":\"de\",\"@id\":\"https:\/\/optimate1.com\/de\/product\/om3x4\/#primaryimage\",\"url\":\"https:\/\/optimate1.com\/wp-content\/uploads\/2026\/03\/OptiMate-3-TM450-x4-de.png\",\"contentUrl\":\"https:\/\/optimate1.com\/wp-content\/uploads\/2026\/03\/OptiMate-3-TM450-x4-de.png\",\"width\":1500,\"height\":1500},{\"@type\":\"BreadcrumbList\",\"@id\":\"https:\/\/optimate1.com\/de\/product\/om3x4\/#breadcrumb\",\"itemListElement\":[{\"@type\":\"ListItem\",\"position\":1,\"name\":\"Home\",\"item\":\"https:\/\/optimate1.com\/\"},{\"@type\":\"ListItem\",\"position\":2,\"name\":\"Produkte\",\"item\":\"https:\/\/optimate1.com\/shop\/\"},{\"@type\":\"ListItem\",\"position\":3,\"name\":\"OptiMate 3 x 4 BANK\"}]},{\"@type\":\"WebSite\",\"@id\":\"https:\/\/optimate1.com\/#website\",\"url\":\"https:\/\/optimate1.com\/\",\"name\":\"OptiMate\",\"description\":\"Battery Chargers &amp; Accessories\",\"publisher\":{\"@id\":\"https:\/\/optimate1.com\/#organization\"},\"potentialAction\":[{\"@type\":\"SearchAction\",\"target\":{\"@type\":\"EntryPoint\",\"urlTemplate\":\"https:\/\/optimate1.com\/?s={search_term_string}\"},\"query-input\":{\"@type\":\"PropertyValueSpecification\",\"valueRequired\":true,\"valueName\":\"search_term_string\"}}],\"inLanguage\":\"de\"},{\"@type\":\"Organization\",\"@id\":\"https:\/\/optimate1.com\/#organization\",\"name\":\"OptiMate\",\"url\":\"https:\/\/optimate1.com\/\",\"logo\":{\"@type\":\"ImageObject\",\"inLanguage\":\"de\",\"@id\":\"https:\/\/optimate1.com\/#\/schema\/logo\/image\/\",\"url\":\"https:\/\/optimate1.com\/wp-content\/uploads\/2021\/06\/optimate-hpbc-stacklogo.jpg\",\"contentUrl\":\"https:\/\/optimate1.com\/wp-content\/uploads\/2021\/06\/optimate-hpbc-stacklogo.jpg\",\"width\":1025,\"height\":529,\"caption\":\"OptiMate\"},\"image\":{\"@id\":\"https:\/\/optimate1.com\/#\/schema\/logo\/image\/\"},\"sameAs\":[\"https:\/\/www.facebook.com\/OptiMatebatterysavingcharger\/\"]}]}<\/script>\n<!-- \/ Yoast SEO plugin. -->","yoast_head_json":{"title":"OptiMate 3 x 4 BANK - OptiMate","description":"Das OptiMate 3 x 4 Bank ist das vollst\u00e4ndig versiegelte 4-BANK-Ladeger\u00e4t und Erhaltungsladeger\u00e4t f\u00fcr 12V-AGM-, GEL- oder STD-Batterien.","robots":{"index":"index","follow":"follow","max-snippet":"max-snippet:-1","max-image-preview":"max-image-preview:large","max-video-preview":"max-video-preview:-1","archive":"noarchive"},"canonical":"https:\/\/optimate1.com\/de\/product\/om3x4\/","og_locale":"de_DE","og_type":"article","og_title":"OptiMate 3 x 4 BANK - OptiMate","og_description":"Das OptiMate 3 x 4 Bank ist das vollst\u00e4ndig versiegelte 4-BANK-Ladeger\u00e4t und Erhaltungsladeger\u00e4t f\u00fcr 12V-AGM-, GEL- oder STD-Batterien.","og_url":"https:\/\/optimate1.com\/de\/product\/om3x4\/","og_site_name":"OptiMate","article_publisher":"https:\/\/www.facebook.com\/OptiMatebatterysavingcharger\/","article_modified_time":"2026-03-26T10:20:08+00:00","og_image":[{"width":1500,"height":1500,"url":"https:\/\/optimate1.com\/wp-content\/uploads\/2026\/03\/OptiMate-3-TM450-x4-de.png","type":"image\/png"}],"twitter_card":"summary_large_image","twitter_misc":{"Gesch\u00e4tzte Lesezeit":"2\u00a0Minuten"},"schema":{"@context":"https:\/\/schema.org","@graph":[{"@type":"WebPage","@id":"https:\/\/optimate1.com\/de\/product\/om3x4\/","url":"https:\/\/optimate1.com\/de\/product\/om3x4\/","name":"OptiMate 3 x 4 BANK - OptiMate","isPartOf":{"@id":"https:\/\/optimate1.com\/#website"},"primaryImageOfPage":{"@id":"https:\/\/optimate1.com\/de\/product\/om3x4\/#primaryimage"},"image":{"@id":"https:\/\/optimate1.com\/de\/product\/om3x4\/#primaryimage"},"thumbnailUrl":"https:\/\/optimate1.com\/wp-content\/uploads\/2026\/03\/OptiMate-3-TM450-x4-de.png","datePublished":"2022-09-28T06:42:54+00:00","dateModified":"2026-03-26T10:20:08+00:00","description":"Das OptiMate 3 x 4 Bank ist das vollst\u00e4ndig versiegelte 4-BANK-Ladeger\u00e4t und Erhaltungsladeger\u00e4t f\u00fcr 12V-AGM-, GEL- oder STD-Batterien.","breadcrumb":{"@id":"https:\/\/optimate1.com\/de\/product\/om3x4\/#breadcrumb"},"inLanguage":"de","potentialAction":[{"@type":"ReadAction","target":["https:\/\/optimate1.com\/de\/product\/om3x4\/"]}]},{"@type":"ImageObject","inLanguage":"de","@id":"https:\/\/optimate1.com\/de\/product\/om3x4\/#primaryimage","url":"https:\/\/optimate1.com\/wp-content\/uploads\/2026\/03\/OptiMate-3-TM450-x4-de.png","contentUrl":"https:\/\/optimate1.com\/wp-content\/uploads\/2026\/03\/OptiMate-3-TM450-x4-de.png","width":1500,"height":1500},{"@type":"BreadcrumbList","@id":"https:\/\/optimate1.com\/de\/product\/om3x4\/#breadcrumb","itemListElement":[{"@type":"ListItem","position":1,"name":"Home","item":"https:\/\/optimate1.com\/"},{"@type":"ListItem","position":2,"name":"Produkte","item":"https:\/\/optimate1.com\/shop\/"},{"@type":"ListItem","position":3,"name":"OptiMate 3 x 4 BANK"}]},{"@type":"WebSite","@id":"https:\/\/optimate1.com\/#website","url":"https:\/\/optimate1.com\/","name":"OptiMate","description":"Battery Chargers &amp; Accessories","publisher":{"@id":"https:\/\/optimate1.com\/#organization"},"potentialAction":[{"@type":"SearchAction","target":{"@type":"EntryPoint","urlTemplate":"https:\/\/optimate1.com\/?s={search_term_string}"},"query-input":{"@type":"PropertyValueSpecification","valueRequired":true,"valueName":"search_term_string"}}],"inLanguage":"de"},{"@type":"Organization","@id":"https:\/\/optimate1.com\/#organization","name":"OptiMate","url":"https:\/\/optimate1.com\/","logo":{"@type":"ImageObject","inLanguage":"de","@id":"https:\/\/optimate1.com\/#\/schema\/logo\/image\/","url":"https:\/\/optimate1.com\/wp-content\/uploads\/2021\/06\/optimate-hpbc-stacklogo.jpg","contentUrl":"https:\/\/optimate1.com\/wp-content\/uploads\/2021\/06\/optimate-hpbc-stacklogo.jpg","width":1025,"height":529,"caption":"OptiMate"},"image":{"@id":"https:\/\/optimate1.com\/#\/schema\/logo\/image\/"},"sameAs":["https:\/\/www.facebook.com\/OptiMatebatterysavingcharger\/"]}]}},"_links":{"self":[{"href":"https:\/\/optimate1.com\/de\/wp-json\/wp\/v2\/product\/30961","targetHints":{"allow":["GET"]}}],"collection":[{"href":"https:\/\/optimate1.com\/de\/wp-json\/wp\/v2\/product"}],"about":[{"href":"https:\/\/optimate1.com\/de\/wp-json\/wp\/v2\/types\/product"}],"wp:featuredmedia":[{"embeddable":true,"href":"https:\/\/optimate1.com\/de\/wp-json\/wp\/v2\/media\/41796"}],"wp:attachment":[{"href":"https:\/\/optimate1.com\/de\/wp-json\/wp\/v2\/media?parent=30961"}],"wp:term":[{"taxonomy":"product_brand","embeddable":true,"href":"https:\/\/optimate1.com\/de\/wp-json\/wp\/v2\/product_brand?post=30961"},{"taxonomy":"product_cat","embeddable":true,"href":"https:\/\/optimate1.com\/de\/wp-json\/wp\/v2\/product_cat?post=30961"},{"taxonomy":"product_tag","embeddable":true,"href":"https:\/\/optimate1.com\/de\/wp-json\/wp\/v2\/product_tag?post=30961"}],"curies":[{"name":"wp","href":"https:\/\/api.w.org\/{rel}","templated":true}]}}