{"id":31486,"date":"2022-11-23T07:12:46","date_gmt":"2022-11-23T12:12:46","guid":{"rendered":"https:\/\/optimate1.com\/product\/tm670\/"},"modified":"2026-03-31T06:10:58","modified_gmt":"2026-03-31T10:10:58","slug":"tm670","status":"publish","type":"product","link":"https:\/\/optimate1.com\/de\/product\/tm670\/","title":{"rendered":"OptiMate PRO-4 DUO"},"content":{"rendered":"<h6 style=\"text-align: center;\"><strong><span style=\"color: #10069f;\">OptiMate PRO-4 DUO ist das automatische Diagnoseladeger\u00e4t f\u00fcr 4 x 12V Pb-Blei-S\u00e4ure-Batterien (STD, AGM, GEL) und\/oder 12.8V LFP-Lithium-Batterien (LiFePO4 \/ Lithium-Eisenphosphat).<\/span><\/strong><\/h6>\n<h6 style=\"text-align: center;\"><img loading=\"lazy\" decoding=\"async\" class=\"aligncenter wp-image-20660\" src=\"https:\/\/optimate1.com\/wp-content\/uploads\/2021\/03\/2DUO-banks-4x-only-4-01.png\" alt=\"The 4 bank battery charger can independently charge, test and maintain 4 x 12V lead-acid and 12.8V \/ 13.2V lithium LFP batteries.\" width=\"428\" height=\"100\" \/><\/h6>\n<p>&nbsp;<\/p>\n<h6 style=\"text-align: center;\"><strong><span style=\"color: #10069f;\">Vier v\u00f6llig unabh\u00e4ngige 5-Ampere-Ladestationen\/-b\u00e4nke mit jeweils drei w\u00e4hlbaren Modi zur Wartung neuer und gebrauchter Powersport-Batterien, einschlie\u00dflich 12V Pb (Blei-S\u00e4ure, AGM, GEL) und 12.8V Lithium (LiFePO4\/LFP). <\/span><\/strong><span style=\"color: #10069f;\">\u2013<\/span><span style=\"color: #10069f;\"><i> 4x NEU aktivieren, oder 4x GEBRAUCHTE Akkus speichern und\/oder laden und testen!<\/i><\/span><\/h6>\n<h6 style=\"text-align: center;\"><img loading=\"lazy\" decoding=\"async\" class=\"aligncenter wp-image-20910\" src=\"https:\/\/optimate1.com\/wp-content\/uploads\/2022\/11\/3-PRO-selections-pro-4-copy.png\" alt=\"optimate pro 4 duo has 3 Selections: select a charge mode for 12V lead-acid OR 12.8V LiFePO4, or 60' mode for new pb or lfp batteries without bms\" width=\"428\" height=\"70\" \/><\/h6>\n<p>&nbsp;<\/p>\n<h6 style=\"text-align: center;\"><strong><span style=\"color: #10069f;\">Aktivieren oder bereiten Sie neue Batterien innerhalb einer Stunde (60 Minuten) vor, einschlie\u00dflich Pb (Blei-S\u00e4ure, trocken geladenes AGM) mit separatem S\u00e4urepaket, werkseitig aktiviertem Pb (AGM &amp; GEL) und LFP-Lithium, das im Schlafmodus geliefert wird und\/oder eine erfordert Aufladegeb\u00fchr <\/span><\/strong><span style=\"color: #10069f;\">\u2013 <\/span><span style=\"color: #10069f;\"><i>Bereitet neue Batterien richtig vor, um eine optimale Leistung zu erzielen und einen vorzeitigen Ausfall zu verhindern.<\/i><\/span><\/h6>\n<h6 style=\"text-align: center;\"><img loading=\"lazy\" decoding=\"async\" class=\"aligncenter wp-image-20910\" src=\"https:\/\/optimate1.com\/wp-content\/uploads\/2023\/12\/60-timer-happy-batteries-copy.png\" alt=\"test light indication on optimate pro 4 duo\" width=\"428\" height=\"70\" \/><\/h6>\n<p>&nbsp;<\/p>\n<h6 style=\"text-align: center;\"><strong><span style=\"color: #10069f;\">Speichern Sie jede Art von tiefentladener Batterie automatisch ab 0,5 Volt, zus\u00e4tzlich f\u00fcr LFP-Lithium, setzen Sie das Schutz-BMS manuell zur\u00fcck und speichern Sie ab Null Volt <\/span><\/strong><span style=\"color: #10069f;\">\u2013 <\/span><span style=\"color: #10069f;\"><i>Leere, vernachl\u00e4ssigte Batterien k\u00f6nnen wiederhergestellt werden!<\/i><\/span><\/h6>\n<h6 style=\"text-align: center;\"><img loading=\"lazy\" decoding=\"async\" class=\"aligncenter wp-image-20910\" src=\"https:\/\/optimate1.com\/wp-content\/uploads\/2023\/12\/battery-progress-copy-2.png\" alt=\"test light indication on optimate pro 4 duo\" width=\"428\" height=\"70\" \/><\/h6>\n<p>&nbsp;<\/p>\n<h6 style=\"text-align: center;\"><strong><span style=\"color: #10069f;\">Gesundheitszustandstest f\u00fcr GUTE (80 bis 100%), OK (60 \u2013 80%) oder SCHLECHTE (unter 60%) Batterien <\/span><\/strong><span style=\"color: #10069f;\">\u2013 <\/span><span style=\"color: #10069f;\"><i>Best\u00e4tigt, ob die Batterie betriebsbereit ist oder ausgetauscht werden sollte.<\/i><\/span><\/h6>\n<h6 style=\"text-align: center;\"><img loading=\"lazy\" decoding=\"async\" class=\"aligncenter wp-image-20910\" src=\"https:\/\/optimate1.com\/wp-content\/uploads\/2021\/11\/PRO-TEST-lights-copy-2.png\" alt=\"test light indication on optimate pro 4 duo\" width=\"428\" height=\"70\" \/><\/h6>\n<p>&nbsp;<\/p>\n<h6 style=\"text-align: center;\"><strong><span style=\"color: #10069f;\">Konzipiert f\u00fcr den globalen Profi, einschlie\u00dflich Batterieservice, neues Powersport-Fahrzeug und\/oder Verkauf neuer Batterien <\/span><\/strong><span style=\"color: #10069f;\">\u2013 <\/span><i><span style=\"color: #10069f;\">Serviceorientiertes Produkt f\u00fcr den Dauereinsatz.<\/span><\/i><\/h6>\n<h6 style=\"text-align: center;\"><img loading=\"lazy\" decoding=\"async\" class=\"aligncenter wp-image-20910\" src=\"https:\/\/optimate1.com\/wp-content\/uploads\/2023\/12\/Flags-copy-2.png\" alt=\"test light indication on optimate pro 4 duo\" width=\"428\" height=\"70\" \/><\/h6>\n<p>&nbsp;<\/p>\n<h6 style=\"text-align: center;\"><strong><span style=\"color: #10069f;\">Jede Bank wird mit einem austauschbaren Ausgangskabel und einem Satz abgesicherter Batterieklemmen geliefert. Das Wechselstromkabel ist austauschbar <\/span><\/strong><span style=\"color: #10069f;\">\u2013 <\/span><i><span style=\"color: #10069f;\">Premium-Kabel, international verf\u00fcgbar.<\/span><\/i><\/h6>\n<h6 style=\"text-align: center;\"><img loading=\"lazy\" decoding=\"async\" class=\"aligncenter wp-image-20910\" src=\"https:\/\/optimate1.com\/wp-content\/uploads\/2023\/12\/line-cables-copy.png\" alt=\"test light indication on optimate pro 4 duo\" width=\"428\" height=\"70\" \/><\/h6>\n<p>&nbsp;<\/p>\n<p>&nbsp;<\/p>\n<h4 style=\"text-align: center;\"><strong><span style=\"text-decoration: underline;\">MEHR FEATURES:<\/span><\/strong><\/h4>\n<p style=\"text-align: center;\">\n<table id=\"tablepress-586\" class=\"tablepress tablepress-id-586\">\n<tbody class=\"row-hover\">\n<tr class=\"row-1\">\n\t<td class=\"column-1\"><a href=\"\"><img loading=\"lazy\" decoding=\"async\" src=\"https:\/\/optimate1.com\/wp-content\/uploads\/2023\/09\/1DUO-batteries-copy-2.png\" alt=\"\" width=\"300\" height=\"50\" class=\"aligncenter size-medium wp-image-20927\" \/><\/a><body><h6><center>F\u00fcr alle 12-Volt-Energiesportbatterietypen, einschlie\u00dflich Blei-S\u00e4ure (Pb) > STD (mit Einf\u00fcllkappen), AGM &amp; GEL (versiegelte VRLA) und Li-Ion mit LiFePO4 \/ LFP-Technologie.<\/body><\/h6><\/center><br \/>\n<\/td>\n<\/tr>\n<tr class=\"row-2\">\n\t<td class=\"column-1\"><a href=\"\"><img loading=\"lazy\" decoding=\"async\" src=\"https:\/\/optimate1.com\/wp-content\/uploads\/2023\/11\/50-60hz.png\" alt=\"\" width=\"300\" height=\"50\" class=\"aligncenter size-medium wp-image-20928\" \/><\/a><body><h6><center>Globaler Eingang - 100 bis 240V 50-60Hz.<\/body><\/h6><\/center><\/td>\n<\/tr>\n<tr class=\"row-3\">\n\t<td class=\"column-1\"><a href=\"\"><img loading=\"lazy\" decoding=\"async\" src=\"https:\/\/optimate1.com\/wp-content\/uploads\/2021\/11\/AC-power-socket-copy-01.png\" alt=\"\" width=\"300\" height=\"50\" class=\"aligncenter size-medium wp-image-20995\" \/><\/a><body><h6><center>AC-Steckdose f\u00fcr Netzkabel der Klasse 2<\/body><\/h6><\/center><\/td>\n<\/tr>\n<tr class=\"row-4\">\n\t<td class=\"column-1\"><a href=\"\"><img loading=\"lazy\" decoding=\"async\" src=\"https:\/\/optimate1.com\/wp-content\/uploads\/2021\/11\/CE-certification-x-01-2.png\" alt=\"\" width=\"300\" height=\"50\" class=\"aligncenter size-medium wp-image-20982\" \/><\/a><body><h6><center>Zertifizierung - CE, UKCA, NRTL (UL &amp; CSA), PSE (Japan), SAA (Aus &amp; NZ).<\/center><\/h6><\/body><\/td>\n<\/tr>\n<tr class=\"row-5\">\n\t<td class=\"column-1\"><a href=\"\"><img loading=\"lazy\" decoding=\"async\" src=\"https:\/\/optimate1.com\/wp-content\/uploads\/2020\/12\/green-technology-hx2-1-300x49.png\" alt=\"\" width=\"300\" height=\"50\" class=\"aligncenter size-medium wp-image-20993\" \/><\/a><body><h6><center>50 % weniger Energie, 50 % geringere Kosten.<br \/>\n<strong>\u221a<\/strong> Leistungsfaktor-Korrektur<br \/>\n<strong>\u221a<\/strong> Synchrone Gleichrichtung<\/body><\/h6><\/center><\/td>\n<\/tr>\n<\/tbody>\n<\/table>\n<!-- #tablepress-586 from cache --><\/p>\n","protected":false},"excerpt":{"rendered":"<h3><span style=\"color: #231f20;\">PRO-Serie: Automatisches 12V 5A Diagnose-Batterieladeger\u00e4t <\/span><strong>x4<\/strong><\/h3>\n","protected":false},"featured_media":41974,"template":"","meta":[],"product_brand":[],"product_cat":[419],"product_tag":[],"class_list":{"0":"post-31486","1":"product","2":"type-product","3":"status-publish","4":"has-post-thumbnail","6":"product_cat-battery-chargers-de","7":"pa_charge-battery-chemistry-pb-agm-gel-std-lead-acid-de","8":"pa_charge-battery-more-12v-de","9":"pa_charge-battery-more-auto-lieferwagen","10":"pa_charge-battery-more-boot-wasserfahrzeug","11":"pa_charge-battery-more-flugzeug-licht","12":"pa_charge-battery-more-oldtimer-de","13":"pa_charge-battery-more-traktor-baumaschine","14":"pa_charge-battery-more-wohnmobil-wagen","15":"pa_power-ac-100-240vac-de","16":"pa_product-group-optimate-7-de","17":"pa_region-ca-de-2","18":"pa_region-eu-de-2","19":"pa_region-uk-de-2","20":"pa_region-us-de-2","21":"iside_voltage-12-de","22":"iside_voltage-12-8-de","23":"iside_ampere-5-de","24":"iside_vehicle-motorrad-powersport-de","25":"iside_charger_series-pro-professional-de","26":"iside_charger_features-bms-reset-fur-lfp-batterie","27":"iside_charger_features-duo-24-7-wartung-fur-pb-lfp","28":"iside_charger_features-save-low-volt-reset-bms-lithium-lfp-de","29":"iside_charger_features-neue-batterien-aktivieren-vorbereiten","30":"iside_charger_features-save-sulphated-pb-lead-acid-de","31":"iside_charger_features-sichere-batteriewartung-rund-um-die-uhr","32":"iside_charger_features-spannung-an-temperatur-anpassen-fur-pb","33":"iside_charger_features-stromstarke-an-temperatur-anpassen-fur-lfp","34":"iside_charger_type-multibank-de","35":"iside_battery_voltage-12-8v-13-2v","36":"iside_battery_voltage-12v-de","37":"iside_battery_chemistry-lfp-lifepo4-lithium-ion-de","38":"iside_battery_chemistry-pb-lead-acid-de","39":"battery_charger_current-5a-6a-de","40":"thunk-woo-product-list","41":"opn-qv-enable","42":"big-store-woo-hover-","43":"open-single-product-tab-horizontal","44":"open-shadow-","45":"open-shadow-hover-","47":"first","48":"instock","49":"shipping-taxable","50":"purchasable","51":"product-type-simple"},"yoast_head":"<!-- This site is optimized with the Yoast SEO plugin v27.2 - https:\/\/yoast.com\/product\/yoast-seo-wordpress\/ -->\n<title>OptiMate PRO-4 DUO - OptiMate<\/title>\n<meta name=\"description\" content=\"OptiMate PRO-4 DUO ist das automatische Diagnose-Batterieladeger\u00e4t von OptiMate f\u00fcr 4 x 12V-Blei-S\u00e4ure- und\/oder 12.8V-LiFePO4-Batterien. Weiterlesen.\" \/>\n<meta name=\"robots\" content=\"index, follow, max-snippet:-1, max-image-preview:large, max-video-preview:-1, noarchive\" \/>\n<link rel=\"canonical\" href=\"https:\/\/optimate1.com\/de\/product\/tm670\/\" \/>\n<meta property=\"og:locale\" content=\"de_DE\" \/>\n<meta property=\"og:type\" content=\"article\" \/>\n<meta property=\"og:title\" content=\"OptiMate PRO-4 DUO - OptiMate\" \/>\n<meta property=\"og:description\" content=\"OptiMate PRO-4 DUO ist das automatische Diagnose-Batterieladeger\u00e4t von OptiMate f\u00fcr 4 x 12V-Blei-S\u00e4ure- und\/oder 12.8V-LiFePO4-Batterien. Weiterlesen.\" \/>\n<meta property=\"og:url\" content=\"https:\/\/optimate1.com\/de\/product\/tm670\/\" \/>\n<meta property=\"og:site_name\" content=\"OptiMate\" \/>\n<meta property=\"article:publisher\" content=\"https:\/\/www.facebook.com\/OptiMatebatterysavingcharger\/\" \/>\n<meta property=\"article:modified_time\" content=\"2026-03-31T10:10:58+00:00\" \/>\n<meta property=\"og:image\" content=\"https:\/\/optimate1.com\/wp-content\/uploads\/2026\/03\/OptiMate-PRO-4-DUO-TM670-11-copy-de-1024x1024.png\" \/>\n\t<meta property=\"og:image:width\" content=\"1024\" \/>\n\t<meta property=\"og:image:height\" content=\"1024\" \/>\n\t<meta property=\"og:image:type\" content=\"image\/png\" \/>\n<meta name=\"twitter:card\" content=\"summary_large_image\" \/>\n<meta name=\"twitter:label1\" content=\"Gesch\u00e4tzte Lesezeit\" \/>\n\t<meta name=\"twitter:data1\" content=\"3\u00a0Minuten\" \/>\n<script type=\"application\/ld+json\" class=\"yoast-schema-graph\">{\"@context\":\"https:\/\/schema.org\",\"@graph\":[{\"@type\":\"WebPage\",\"@id\":\"https:\/\/optimate1.com\/de\/product\/tm670\/\",\"url\":\"https:\/\/optimate1.com\/de\/product\/tm670\/\",\"name\":\"OptiMate PRO-4 DUO - OptiMate\",\"isPartOf\":{\"@id\":\"https:\/\/optimate1.com\/#website\"},\"primaryImageOfPage\":{\"@id\":\"https:\/\/optimate1.com\/de\/product\/tm670\/#primaryimage\"},\"image\":{\"@id\":\"https:\/\/optimate1.com\/de\/product\/tm670\/#primaryimage\"},\"thumbnailUrl\":\"https:\/\/optimate1.com\/wp-content\/uploads\/2026\/03\/OptiMate-PRO-4-DUO-TM670-11-copy-de.png\",\"datePublished\":\"2022-11-23T12:12:46+00:00\",\"dateModified\":\"2026-03-31T10:10:58+00:00\",\"description\":\"OptiMate PRO-4 DUO ist das automatische Diagnose-Batterieladeger\u00e4t von OptiMate f\u00fcr 4 x 12V-Blei-S\u00e4ure- und\/oder 12.8V-LiFePO4-Batterien. Weiterlesen.\",\"breadcrumb\":{\"@id\":\"https:\/\/optimate1.com\/de\/product\/tm670\/#breadcrumb\"},\"inLanguage\":\"de\",\"potentialAction\":[{\"@type\":\"ReadAction\",\"target\":[\"https:\/\/optimate1.com\/de\/product\/tm670\/\"]}]},{\"@type\":\"ImageObject\",\"inLanguage\":\"de\",\"@id\":\"https:\/\/optimate1.com\/de\/product\/tm670\/#primaryimage\",\"url\":\"https:\/\/optimate1.com\/wp-content\/uploads\/2026\/03\/OptiMate-PRO-4-DUO-TM670-11-copy-de.png\",\"contentUrl\":\"https:\/\/optimate1.com\/wp-content\/uploads\/2026\/03\/OptiMate-PRO-4-DUO-TM670-11-copy-de.png\",\"width\":1500,\"height\":1500},{\"@type\":\"BreadcrumbList\",\"@id\":\"https:\/\/optimate1.com\/de\/product\/tm670\/#breadcrumb\",\"itemListElement\":[{\"@type\":\"ListItem\",\"position\":1,\"name\":\"Home\",\"item\":\"https:\/\/optimate1.com\/\"},{\"@type\":\"ListItem\",\"position\":2,\"name\":\"Produkte\",\"item\":\"https:\/\/optimate1.com\/shop\/\"},{\"@type\":\"ListItem\",\"position\":3,\"name\":\"OptiMate PRO-4 DUO\"}]},{\"@type\":\"WebSite\",\"@id\":\"https:\/\/optimate1.com\/#website\",\"url\":\"https:\/\/optimate1.com\/\",\"name\":\"OptiMate\",\"description\":\"Battery Chargers &amp; Accessories\",\"publisher\":{\"@id\":\"https:\/\/optimate1.com\/#organization\"},\"potentialAction\":[{\"@type\":\"SearchAction\",\"target\":{\"@type\":\"EntryPoint\",\"urlTemplate\":\"https:\/\/optimate1.com\/?s={search_term_string}\"},\"query-input\":{\"@type\":\"PropertyValueSpecification\",\"valueRequired\":true,\"valueName\":\"search_term_string\"}}],\"inLanguage\":\"de\"},{\"@type\":\"Organization\",\"@id\":\"https:\/\/optimate1.com\/#organization\",\"name\":\"OptiMate\",\"url\":\"https:\/\/optimate1.com\/\",\"logo\":{\"@type\":\"ImageObject\",\"inLanguage\":\"de\",\"@id\":\"https:\/\/optimate1.com\/#\/schema\/logo\/image\/\",\"url\":\"https:\/\/optimate1.com\/wp-content\/uploads\/2021\/06\/optimate-hpbc-stacklogo.jpg\",\"contentUrl\":\"https:\/\/optimate1.com\/wp-content\/uploads\/2021\/06\/optimate-hpbc-stacklogo.jpg\",\"width\":1025,\"height\":529,\"caption\":\"OptiMate\"},\"image\":{\"@id\":\"https:\/\/optimate1.com\/#\/schema\/logo\/image\/\"},\"sameAs\":[\"https:\/\/www.facebook.com\/OptiMatebatterysavingcharger\/\"]}]}<\/script>\n<!-- \/ Yoast SEO plugin. -->","yoast_head_json":{"title":"OptiMate PRO-4 DUO - OptiMate","description":"OptiMate PRO-4 DUO ist das automatische Diagnose-Batterieladeger\u00e4t von OptiMate f\u00fcr 4 x 12V-Blei-S\u00e4ure- und\/oder 12.8V-LiFePO4-Batterien. Weiterlesen.","robots":{"index":"index","follow":"follow","max-snippet":"max-snippet:-1","max-image-preview":"max-image-preview:large","max-video-preview":"max-video-preview:-1","archive":"noarchive"},"canonical":"https:\/\/optimate1.com\/de\/product\/tm670\/","og_locale":"de_DE","og_type":"article","og_title":"OptiMate PRO-4 DUO - OptiMate","og_description":"OptiMate PRO-4 DUO ist das automatische Diagnose-Batterieladeger\u00e4t von OptiMate f\u00fcr 4 x 12V-Blei-S\u00e4ure- und\/oder 12.8V-LiFePO4-Batterien. Weiterlesen.","og_url":"https:\/\/optimate1.com\/de\/product\/tm670\/","og_site_name":"OptiMate","article_publisher":"https:\/\/www.facebook.com\/OptiMatebatterysavingcharger\/","article_modified_time":"2026-03-31T10:10:58+00:00","og_image":[{"width":1024,"height":1024,"url":"https:\/\/optimate1.com\/wp-content\/uploads\/2026\/03\/OptiMate-PRO-4-DUO-TM670-11-copy-de-1024x1024.png","type":"image\/png"}],"twitter_card":"summary_large_image","twitter_misc":{"Gesch\u00e4tzte Lesezeit":"3\u00a0Minuten"},"schema":{"@context":"https:\/\/schema.org","@graph":[{"@type":"WebPage","@id":"https:\/\/optimate1.com\/de\/product\/tm670\/","url":"https:\/\/optimate1.com\/de\/product\/tm670\/","name":"OptiMate PRO-4 DUO - OptiMate","isPartOf":{"@id":"https:\/\/optimate1.com\/#website"},"primaryImageOfPage":{"@id":"https:\/\/optimate1.com\/de\/product\/tm670\/#primaryimage"},"image":{"@id":"https:\/\/optimate1.com\/de\/product\/tm670\/#primaryimage"},"thumbnailUrl":"https:\/\/optimate1.com\/wp-content\/uploads\/2026\/03\/OptiMate-PRO-4-DUO-TM670-11-copy-de.png","datePublished":"2022-11-23T12:12:46+00:00","dateModified":"2026-03-31T10:10:58+00:00","description":"OptiMate PRO-4 DUO ist das automatische Diagnose-Batterieladeger\u00e4t von OptiMate f\u00fcr 4 x 12V-Blei-S\u00e4ure- und\/oder 12.8V-LiFePO4-Batterien. Weiterlesen.","breadcrumb":{"@id":"https:\/\/optimate1.com\/de\/product\/tm670\/#breadcrumb"},"inLanguage":"de","potentialAction":[{"@type":"ReadAction","target":["https:\/\/optimate1.com\/de\/product\/tm670\/"]}]},{"@type":"ImageObject","inLanguage":"de","@id":"https:\/\/optimate1.com\/de\/product\/tm670\/#primaryimage","url":"https:\/\/optimate1.com\/wp-content\/uploads\/2026\/03\/OptiMate-PRO-4-DUO-TM670-11-copy-de.png","contentUrl":"https:\/\/optimate1.com\/wp-content\/uploads\/2026\/03\/OptiMate-PRO-4-DUO-TM670-11-copy-de.png","width":1500,"height":1500},{"@type":"BreadcrumbList","@id":"https:\/\/optimate1.com\/de\/product\/tm670\/#breadcrumb","itemListElement":[{"@type":"ListItem","position":1,"name":"Home","item":"https:\/\/optimate1.com\/"},{"@type":"ListItem","position":2,"name":"Produkte","item":"https:\/\/optimate1.com\/shop\/"},{"@type":"ListItem","position":3,"name":"OptiMate PRO-4 DUO"}]},{"@type":"WebSite","@id":"https:\/\/optimate1.com\/#website","url":"https:\/\/optimate1.com\/","name":"OptiMate","description":"Battery Chargers &amp; Accessories","publisher":{"@id":"https:\/\/optimate1.com\/#organization"},"potentialAction":[{"@type":"SearchAction","target":{"@type":"EntryPoint","urlTemplate":"https:\/\/optimate1.com\/?s={search_term_string}"},"query-input":{"@type":"PropertyValueSpecification","valueRequired":true,"valueName":"search_term_string"}}],"inLanguage":"de"},{"@type":"Organization","@id":"https:\/\/optimate1.com\/#organization","name":"OptiMate","url":"https:\/\/optimate1.com\/","logo":{"@type":"ImageObject","inLanguage":"de","@id":"https:\/\/optimate1.com\/#\/schema\/logo\/image\/","url":"https:\/\/optimate1.com\/wp-content\/uploads\/2021\/06\/optimate-hpbc-stacklogo.jpg","contentUrl":"https:\/\/optimate1.com\/wp-content\/uploads\/2021\/06\/optimate-hpbc-stacklogo.jpg","width":1025,"height":529,"caption":"OptiMate"},"image":{"@id":"https:\/\/optimate1.com\/#\/schema\/logo\/image\/"},"sameAs":["https:\/\/www.facebook.com\/OptiMatebatterysavingcharger\/"]}]}},"_links":{"self":[{"href":"https:\/\/optimate1.com\/de\/wp-json\/wp\/v2\/product\/31486","targetHints":{"allow":["GET"]}}],"collection":[{"href":"https:\/\/optimate1.com\/de\/wp-json\/wp\/v2\/product"}],"about":[{"href":"https:\/\/optimate1.com\/de\/wp-json\/wp\/v2\/types\/product"}],"wp:featuredmedia":[{"embeddable":true,"href":"https:\/\/optimate1.com\/de\/wp-json\/wp\/v2\/media\/41974"}],"wp:attachment":[{"href":"https:\/\/optimate1.com\/de\/wp-json\/wp\/v2\/media?parent=31486"}],"wp:term":[{"taxonomy":"product_brand","embeddable":true,"href":"https:\/\/optimate1.com\/de\/wp-json\/wp\/v2\/product_brand?post=31486"},{"taxonomy":"product_cat","embeddable":true,"href":"https:\/\/optimate1.com\/de\/wp-json\/wp\/v2\/product_cat?post=31486"},{"taxonomy":"product_tag","embeddable":true,"href":"https:\/\/optimate1.com\/de\/wp-json\/wp\/v2\/product_tag?post=31486"}],"curies":[{"name":"wp","href":"https:\/\/api.w.org\/{rel}","templated":true}]}}