{"id":31571,"date":"2022-09-20T07:00:51","date_gmt":"2022-09-20T11:00:51","guid":{"rendered":"https:\/\/optimate1.com\/product\/usbo-118\/"},"modified":"2026-04-15T06:28:09","modified_gmt":"2026-04-15T10:28:09","slug":"usbo-118","status":"publish","type":"product","link":"https:\/\/optimate1.com\/de\/product\/usbo-118\/","title":{"rendered":"OptiMate USB O-118"},"content":{"rendered":"<h6 style=\"text-align: center;\"><strong><span style=\"color: #10069f;\">Der OptiMate USB O-118 erm\u00f6glicht das sichere und schnelle USB-Laden aller Ger\u00e4te, die au\u00dfen am Lenker oder in Ihrer Tank- oder Gep\u00e4cktasche montiert sind<\/span><\/strong><span style=\"color: #10069f;\"> &#8211; <\/span><span style=\"color: #10069f;\"><i>Laden Sie Ihr Telefon, GPS, Ihre Kamera oder Ihr Tablet auf.<\/i><\/span><\/h6>\n<h6 style=\"text-align: center;\"><img loading=\"lazy\" decoding=\"async\" class=\"aligncenter wp-image-20668\" src=\"https:\/\/optimate1.com\/wp-content\/uploads\/2022\/09\/devices-2-copy.png\" alt=\"The O-118 motorcycle usb c charger charges your phone, GPS, camera or tablet.\" width=\"400\" height=\"100\" \/><\/h6>\n<p>&nbsp;<\/p>\n<h6 style=\"text-align: center;\"><strong><span style=\"color: #10069f;\">Ideal f\u00fcr 12V-AGM- und 12.8V-LiFeP04-\/LFP-Lithiumbatterien in Ihrem Motorrad<\/span><\/strong><span style=\"color: #10069f;\"> &#8211; <\/span><span style=\"color: #10069f;\"><i>Kabelf\u00fchrung dorthin, wo USB-Aufladung ben\u00f6tigt wird!<\/i><\/span><\/h6>\n<h6 style=\"text-align: center;\"><img loading=\"lazy\" decoding=\"async\" class=\"aligncenter wp-image-20660\" src=\"https:\/\/optimate1.com\/wp-content\/uploads\/2022\/09\/battery-range-copy-2.png\" alt=\"The O-118 motorcycle usb c charger is ideal for connection to 12V AGM &amp; 12.8V LiFeP04 \/ LFP lithium batteries, found in your motorcycle.\" width=\"270\" height=\"50\" \/><\/h6>\n<p>&nbsp;<\/p>\n<h6 style=\"text-align: center;\"><strong><span style=\"color: #10069f;\"><b>L\u00e4dt 1x USB-Ger\u00e4t mit bis zu 3300mA verf\u00fcgbarem Strom <\/b><\/span><\/strong><span style=\"color: #10069f;\">&#8211; <\/span><span style=\"color: #10069f;\"><i>Der Ladestrom passt sich dem angeschlossenen Ger\u00e4t an, um ein sicheres Aufladen zu erm\u00f6glichen.<\/i><\/span><\/h6>\n<h6 style=\"text-align: center;\"><img loading=\"lazy\" decoding=\"async\" class=\"aligncenter wp-image-20876\" src=\"https:\/\/optimate1.com\/wp-content\/uploads\/2022\/09\/usb-c-5v-3300ma.png\" alt=\"3300mA motorcycle usb c charger at 5V.\" width=\"328\" height=\"70\" \/><\/h6>\n<p>&nbsp;<\/p>\n<h6 style=\"text-align: center;\"><strong><span style=\"color: #10069f;\"><b>Versorgungskabel (50 cm \/ 20\u2033) mit M6 \/ 1\/4\u2033 Ringen passend f\u00fcr alle Powersport-Batterieklemmen<\/b><\/span><\/strong><span style=\"color: #10069f;\"> &#8211; <\/span><i><span style=\"color: #10069f;\">Sicherung gesch\u00fctzt!<\/span><\/i><\/h6>\n<h6 style=\"text-align: center;\"><img loading=\"lazy\" decoding=\"async\" class=\"aligncenter wp-image-20876\" src=\"https:\/\/optimate1.com\/wp-content\/uploads\/2022\/09\/O-124-length-copy-2.png\" alt=\"O-118 motorcycle USB c charger cable length + O-31 battery cable extension.\" width=\"300\" height=\"50\" \/><\/h6>\n<h6 style=\"text-align: center;\"><img loading=\"lazy\" decoding=\"async\" class=\"aligncenter wp-image-20876\" src=\"https:\/\/optimate1.com\/wp-content\/uploads\/2022\/09\/M6-M8-sae-copy-2_x.png\" alt=\"O-118 motorcycle USB C charger with M6 \/ 1\/4\u2033 rings and SAE connection.\" width=\"300\" height=\"50\" \/><\/h6>\n<p>&nbsp;<\/p>\n<p>&nbsp;<\/p>\n<h4 style=\"text-align: center;\"><span style=\"text-decoration: underline;\"><strong>WEITERE MERKMALE:<\/strong><\/span><\/h4>\n<p style=\"text-align: center;\">\n<table id=\"tablepress-461\" class=\"tablepress tablepress-id-461\">\n<tbody class=\"row-hover\">\n<tr class=\"row-1\">\n\t<td class=\"column-1\"><a href=\"\"><img loading=\"lazy\" decoding=\"async\" src=\"https:\/\/optimate1.com\/wp-content\/uploads\/2022\/09\/o-118-table-1.png\" alt=\"\" width=\"300\" height=\"50\" class=\"aligncenter size-medium wp-image-20927\" \/><\/a><body><h6><center>Fahrzeugbatterie Volt \u2265 13.3V: USB on.<\/body><\/h6><\/center><br \/>\n<\/td>\n<\/tr>\n<tr class=\"row-2\">\n\t<td class=\"column-1\"><a href=\"\"><img loading=\"lazy\" decoding=\"async\" src=\"https:\/\/optimate1.com\/wp-content\/uploads\/2022\/09\/o-118-table-1-copy.png\" alt=\"\" width=\"300\" height=\"50\" class=\"aligncenter size-medium wp-image-20928\" \/><\/a><body><h6><center>Der integrierte Schutz schaltet den USB-Ladevorgang nach einer Stunde ab, um zu verhindern, dass die Batterie Ihres geparkten Fahrzeugs leer wird.<\/body><\/h6><\/center><\/td>\n<\/tr>\n<tr class=\"row-3\">\n\t<td class=\"column-1\"><a href=\"\"><img loading=\"lazy\" decoding=\"async\" src=\"https:\/\/optimate1.com\/wp-content\/uploads\/2022\/01\/weather-icon-2-01.png\" alt=\"\" width=\"300\" height=\"50\" class=\"aligncenter size-medium wp-image-20995\" \/><\/a><body><h6><center>F\u00fcr normale Temperaturen und den Einsatz im Freien.<\/body><\/h6><\/center><\/td>\n<\/tr>\n<\/tbody>\n<\/table>\n<\/p>\n","protected":false},"excerpt":{"rendered":"<h3><span style=\"color: #cd202c;\">Intelligentes Inline-USB-C-Ladeger\u00e4t f\u00fcr Motorr\u00e4der mit 3300mA, mit Standby-Modus und Fahrzeugbatteriemonitor.<\/span><\/h3>\n","protected":false},"featured_media":31574,"template":"","meta":[],"product_brand":[],"product_cat":[1319,2247,2248],"product_tag":[],"class_list":{"0":"post-31571","1":"product","2":"type-product","3":"status-publish","4":"has-post-thumbnail","6":"product_cat-usb-de","7":"product_cat-marine-de","8":"product_cat-accessories-de","9":"pa_region-ca-de-2","10":"pa_region-eu-de-2","11":"pa_region-uk-de-2","12":"pa_region-us-de-2","13":"pa_special-use-auto-on-off-lithium-friendly-de","14":"pa_special-use-waterproof-de","15":"pa_usb-product-usb-charger-de","16":"pa_vehicle-connection-battery-de","17":"iside_usb_product-usb-charger-de","18":"iside_vehicle_connection-battery-de","19":"iside_special_use-auto-on-off-lithium-friendly-de","20":"iside_special_use-waterproof-de","21":"thunk-woo-product-list","22":"opn-qv-enable","23":"big-store-woo-hover-","24":"open-single-product-tab-horizontal","25":"open-shadow-","26":"open-shadow-hover-","28":"first","29":"instock","30":"featured","31":"shipping-taxable","32":"purchasable","33":"product-type-simple"},"yoast_head":"<!-- This site is optimized with the Yoast SEO plugin v27.2 - https:\/\/yoast.com\/product\/yoast-seo-wordpress\/ -->\n<title>OptiMate USB O-118 - OptiMate<\/title>\n<meta name=\"description\" content=\"Das OptiMate USB O-118 ist ein Motorrad-USB-C-Ladeger\u00e4t zum sicheren und schnellen Aufladen Ihres Telefons, GPS, Ihrer Kamera oder Ihres Tablets.\" \/>\n<meta name=\"robots\" content=\"index, follow, max-snippet:-1, max-image-preview:large, max-video-preview:-1, noarchive\" \/>\n<link rel=\"canonical\" href=\"https:\/\/optimate1.com\/de\/product\/usbo-118\/\" \/>\n<meta property=\"og:locale\" content=\"de_DE\" \/>\n<meta property=\"og:type\" content=\"article\" \/>\n<meta property=\"og:title\" content=\"OptiMate USB O-118 - OptiMate\" \/>\n<meta property=\"og:description\" content=\"Das OptiMate USB O-118 ist ein Motorrad-USB-C-Ladeger\u00e4t zum sicheren und schnellen Aufladen Ihres Telefons, GPS, Ihrer Kamera oder Ihres Tablets.\" \/>\n<meta property=\"og:url\" content=\"https:\/\/optimate1.com\/de\/product\/usbo-118\/\" \/>\n<meta property=\"og:site_name\" content=\"OptiMate\" \/>\n<meta property=\"article:publisher\" content=\"https:\/\/www.facebook.com\/OptiMatebatterysavingcharger\/\" \/>\n<meta property=\"article:modified_time\" content=\"2026-04-15T10:28:09+00:00\" \/>\n<meta property=\"og:image\" content=\"https:\/\/optimate1.com\/wp-content\/uploads\/2022\/12\/O118-1-de.png\" \/>\n\t<meta property=\"og:image:width\" content=\"1500\" \/>\n\t<meta property=\"og:image:height\" content=\"1500\" \/>\n\t<meta property=\"og:image:type\" content=\"image\/png\" \/>\n<meta name=\"twitter:card\" content=\"summary_large_image\" \/>\n<meta name=\"twitter:label1\" content=\"Gesch\u00e4tzte Lesezeit\" \/>\n\t<meta name=\"twitter:data1\" content=\"2\u00a0Minuten\" \/>\n<script type=\"application\/ld+json\" class=\"yoast-schema-graph\">{\"@context\":\"https:\/\/schema.org\",\"@graph\":[{\"@type\":\"WebPage\",\"@id\":\"https:\/\/optimate1.com\/de\/product\/usbo-118\/\",\"url\":\"https:\/\/optimate1.com\/de\/product\/usbo-118\/\",\"name\":\"OptiMate USB O-118 - OptiMate\",\"isPartOf\":{\"@id\":\"https:\/\/optimate1.com\/#website\"},\"primaryImageOfPage\":{\"@id\":\"https:\/\/optimate1.com\/de\/product\/usbo-118\/#primaryimage\"},\"image\":{\"@id\":\"https:\/\/optimate1.com\/de\/product\/usbo-118\/#primaryimage\"},\"thumbnailUrl\":\"https:\/\/optimate1.com\/wp-content\/uploads\/2022\/12\/O118-1-de.png\",\"datePublished\":\"2022-09-20T11:00:51+00:00\",\"dateModified\":\"2026-04-15T10:28:09+00:00\",\"description\":\"Das OptiMate USB O-118 ist ein Motorrad-USB-C-Ladeger\u00e4t zum sicheren und schnellen Aufladen Ihres Telefons, GPS, Ihrer Kamera oder Ihres Tablets.\",\"breadcrumb\":{\"@id\":\"https:\/\/optimate1.com\/de\/product\/usbo-118\/#breadcrumb\"},\"inLanguage\":\"de\",\"potentialAction\":[{\"@type\":\"ReadAction\",\"target\":[\"https:\/\/optimate1.com\/de\/product\/usbo-118\/\"]}]},{\"@type\":\"ImageObject\",\"inLanguage\":\"de\",\"@id\":\"https:\/\/optimate1.com\/de\/product\/usbo-118\/#primaryimage\",\"url\":\"https:\/\/optimate1.com\/wp-content\/uploads\/2022\/12\/O118-1-de.png\",\"contentUrl\":\"https:\/\/optimate1.com\/wp-content\/uploads\/2022\/12\/O118-1-de.png\",\"width\":1500,\"height\":1500,\"caption\":\"motorrad usb c ladeger\u00e4t\"},{\"@type\":\"BreadcrumbList\",\"@id\":\"https:\/\/optimate1.com\/de\/product\/usbo-118\/#breadcrumb\",\"itemListElement\":[{\"@type\":\"ListItem\",\"position\":1,\"name\":\"Home\",\"item\":\"https:\/\/optimate1.com\/\"},{\"@type\":\"ListItem\",\"position\":2,\"name\":\"Produkte\",\"item\":\"https:\/\/optimate1.com\/shop\/\"},{\"@type\":\"ListItem\",\"position\":3,\"name\":\"OptiMate USB O-118\"}]},{\"@type\":\"WebSite\",\"@id\":\"https:\/\/optimate1.com\/#website\",\"url\":\"https:\/\/optimate1.com\/\",\"name\":\"OptiMate\",\"description\":\"Battery Chargers &amp; Accessories\",\"publisher\":{\"@id\":\"https:\/\/optimate1.com\/#organization\"},\"potentialAction\":[{\"@type\":\"SearchAction\",\"target\":{\"@type\":\"EntryPoint\",\"urlTemplate\":\"https:\/\/optimate1.com\/?s={search_term_string}\"},\"query-input\":{\"@type\":\"PropertyValueSpecification\",\"valueRequired\":true,\"valueName\":\"search_term_string\"}}],\"inLanguage\":\"de\"},{\"@type\":\"Organization\",\"@id\":\"https:\/\/optimate1.com\/#organization\",\"name\":\"OptiMate\",\"url\":\"https:\/\/optimate1.com\/\",\"logo\":{\"@type\":\"ImageObject\",\"inLanguage\":\"de\",\"@id\":\"https:\/\/optimate1.com\/#\/schema\/logo\/image\/\",\"url\":\"https:\/\/optimate1.com\/wp-content\/uploads\/2021\/06\/optimate-hpbc-stacklogo.jpg\",\"contentUrl\":\"https:\/\/optimate1.com\/wp-content\/uploads\/2021\/06\/optimate-hpbc-stacklogo.jpg\",\"width\":1025,\"height\":529,\"caption\":\"OptiMate\"},\"image\":{\"@id\":\"https:\/\/optimate1.com\/#\/schema\/logo\/image\/\"},\"sameAs\":[\"https:\/\/www.facebook.com\/OptiMatebatterysavingcharger\/\"]}]}<\/script>\n<!-- \/ Yoast SEO plugin. -->","yoast_head_json":{"title":"OptiMate USB O-118 - OptiMate","description":"Das OptiMate USB O-118 ist ein Motorrad-USB-C-Ladeger\u00e4t zum sicheren und schnellen Aufladen Ihres Telefons, GPS, Ihrer Kamera oder Ihres Tablets.","robots":{"index":"index","follow":"follow","max-snippet":"max-snippet:-1","max-image-preview":"max-image-preview:large","max-video-preview":"max-video-preview:-1","archive":"noarchive"},"canonical":"https:\/\/optimate1.com\/de\/product\/usbo-118\/","og_locale":"de_DE","og_type":"article","og_title":"OptiMate USB O-118 - OptiMate","og_description":"Das OptiMate USB O-118 ist ein Motorrad-USB-C-Ladeger\u00e4t zum sicheren und schnellen Aufladen Ihres Telefons, GPS, Ihrer Kamera oder Ihres Tablets.","og_url":"https:\/\/optimate1.com\/de\/product\/usbo-118\/","og_site_name":"OptiMate","article_publisher":"https:\/\/www.facebook.com\/OptiMatebatterysavingcharger\/","article_modified_time":"2026-04-15T10:28:09+00:00","og_image":[{"width":1500,"height":1500,"url":"https:\/\/optimate1.com\/wp-content\/uploads\/2022\/12\/O118-1-de.png","type":"image\/png"}],"twitter_card":"summary_large_image","twitter_misc":{"Gesch\u00e4tzte Lesezeit":"2\u00a0Minuten"},"schema":{"@context":"https:\/\/schema.org","@graph":[{"@type":"WebPage","@id":"https:\/\/optimate1.com\/de\/product\/usbo-118\/","url":"https:\/\/optimate1.com\/de\/product\/usbo-118\/","name":"OptiMate USB O-118 - OptiMate","isPartOf":{"@id":"https:\/\/optimate1.com\/#website"},"primaryImageOfPage":{"@id":"https:\/\/optimate1.com\/de\/product\/usbo-118\/#primaryimage"},"image":{"@id":"https:\/\/optimate1.com\/de\/product\/usbo-118\/#primaryimage"},"thumbnailUrl":"https:\/\/optimate1.com\/wp-content\/uploads\/2022\/12\/O118-1-de.png","datePublished":"2022-09-20T11:00:51+00:00","dateModified":"2026-04-15T10:28:09+00:00","description":"Das OptiMate USB O-118 ist ein Motorrad-USB-C-Ladeger\u00e4t zum sicheren und schnellen Aufladen Ihres Telefons, GPS, Ihrer Kamera oder Ihres Tablets.","breadcrumb":{"@id":"https:\/\/optimate1.com\/de\/product\/usbo-118\/#breadcrumb"},"inLanguage":"de","potentialAction":[{"@type":"ReadAction","target":["https:\/\/optimate1.com\/de\/product\/usbo-118\/"]}]},{"@type":"ImageObject","inLanguage":"de","@id":"https:\/\/optimate1.com\/de\/product\/usbo-118\/#primaryimage","url":"https:\/\/optimate1.com\/wp-content\/uploads\/2022\/12\/O118-1-de.png","contentUrl":"https:\/\/optimate1.com\/wp-content\/uploads\/2022\/12\/O118-1-de.png","width":1500,"height":1500,"caption":"motorrad usb c ladeger\u00e4t"},{"@type":"BreadcrumbList","@id":"https:\/\/optimate1.com\/de\/product\/usbo-118\/#breadcrumb","itemListElement":[{"@type":"ListItem","position":1,"name":"Home","item":"https:\/\/optimate1.com\/"},{"@type":"ListItem","position":2,"name":"Produkte","item":"https:\/\/optimate1.com\/shop\/"},{"@type":"ListItem","position":3,"name":"OptiMate USB O-118"}]},{"@type":"WebSite","@id":"https:\/\/optimate1.com\/#website","url":"https:\/\/optimate1.com\/","name":"OptiMate","description":"Battery Chargers &amp; Accessories","publisher":{"@id":"https:\/\/optimate1.com\/#organization"},"potentialAction":[{"@type":"SearchAction","target":{"@type":"EntryPoint","urlTemplate":"https:\/\/optimate1.com\/?s={search_term_string}"},"query-input":{"@type":"PropertyValueSpecification","valueRequired":true,"valueName":"search_term_string"}}],"inLanguage":"de"},{"@type":"Organization","@id":"https:\/\/optimate1.com\/#organization","name":"OptiMate","url":"https:\/\/optimate1.com\/","logo":{"@type":"ImageObject","inLanguage":"de","@id":"https:\/\/optimate1.com\/#\/schema\/logo\/image\/","url":"https:\/\/optimate1.com\/wp-content\/uploads\/2021\/06\/optimate-hpbc-stacklogo.jpg","contentUrl":"https:\/\/optimate1.com\/wp-content\/uploads\/2021\/06\/optimate-hpbc-stacklogo.jpg","width":1025,"height":529,"caption":"OptiMate"},"image":{"@id":"https:\/\/optimate1.com\/#\/schema\/logo\/image\/"},"sameAs":["https:\/\/www.facebook.com\/OptiMatebatterysavingcharger\/"]}]}},"_links":{"self":[{"href":"https:\/\/optimate1.com\/de\/wp-json\/wp\/v2\/product\/31571","targetHints":{"allow":["GET"]}}],"collection":[{"href":"https:\/\/optimate1.com\/de\/wp-json\/wp\/v2\/product"}],"about":[{"href":"https:\/\/optimate1.com\/de\/wp-json\/wp\/v2\/types\/product"}],"wp:featuredmedia":[{"embeddable":true,"href":"https:\/\/optimate1.com\/de\/wp-json\/wp\/v2\/media\/31574"}],"wp:attachment":[{"href":"https:\/\/optimate1.com\/de\/wp-json\/wp\/v2\/media?parent=31571"}],"wp:term":[{"taxonomy":"product_brand","embeddable":true,"href":"https:\/\/optimate1.com\/de\/wp-json\/wp\/v2\/product_brand?post=31571"},{"taxonomy":"product_cat","embeddable":true,"href":"https:\/\/optimate1.com\/de\/wp-json\/wp\/v2\/product_cat?post=31571"},{"taxonomy":"product_tag","embeddable":true,"href":"https:\/\/optimate1.com\/de\/wp-json\/wp\/v2\/product_tag?post=31571"}],"curies":[{"name":"wp","href":"https:\/\/api.w.org\/{rel}","templated":true}]}}