{"id":31581,"date":"2022-12-01T05:47:33","date_gmt":"2022-12-01T10:47:33","guid":{"rendered":"https:\/\/optimate1.com\/product\/o10\/"},"modified":"2022-12-23T03:04:18","modified_gmt":"2022-12-23T08:04:18","slug":"o10","status":"publish","type":"product","link":"https:\/\/optimate1.com\/de\/product\/o10\/","title":{"rendered":"OptiMate O-10"},"content":{"rendered":"<h3 class=\"entry-summary hidden-phone\"><strong>Sch\u00fctzen Sie den SAE-Anschluss Ihres OptiMate mit unseren Kappen und Umh\u00fcllungen.<\/strong><\/h3>\n<ul>\n<li><span style=\"color: #10069f;\">Passt zu den zweipoligen OptiMate SAE-Steckern.<\/span><\/li>\n<li><span style=\"color: #10069f;\">Enth\u00e4lt 2 Kappen (1 gr\u00fcn &#8211; 1 schwarz) &amp; 2 Umh\u00fcllungen!<\/span><\/li>\n<li><span style=\"color: #10069f;\">Die Gummidichtung sch\u00fctzt den SAE-Anschluss.<\/span><\/li>\n<\/ul>\n<p>&nbsp;<\/p>\n","protected":false},"excerpt":{"rendered":"<h3 class=\"entry-summary hidden-phone\"><span style=\"color: #cd202c;\">Ersatzkappen und Umh\u00fcllungen O-Verbinder<\/span><\/h3>\n","protected":false},"featured_media":31586,"template":"","meta":[],"product_brand":[],"product_cat":[1061,2247,2248],"product_tag":[],"class_list":{"0":"post-31581","1":"product","2":"type-product","3":"status-publish","4":"has-post-thumbnail","6":"product_cat-cablesconnectors-de","7":"product_cat-marine-de","8":"product_cat-accessories-de","9":"pa_cable-type-battery-lead-de","10":"pa_connector-type-ring-m6-1-4-de","11":"pa_region-ca-de-2","12":"pa_region-eu-de-2","13":"pa_region-uk-de-2","14":"pa_region-us-de-2","15":"thunk-woo-product-list","16":"opn-qv-enable","17":"big-store-woo-hover-","18":"open-single-product-tab-horizontal","19":"open-shadow-","20":"open-shadow-hover-","22":"first","23":"instock","24":"featured","25":"shipping-taxable","26":"product-type-simple"},"yoast_head":"<!-- This site is optimized with the Yoast SEO plugin v27.2 - https:\/\/yoast.com\/product\/yoast-seo-wordpress\/ -->\n<title>OptiMate O-10 - OptiMate<\/title>\n<meta name=\"description\" content=\"Sch\u00fctzen Sie den SAE-Anschluss Ihres OptiMate mit unseren OptiMate-Anschlusskappen und -abdeckungen. Lesen Sie alles \u00fcber das Produkt auf unserer Website!\" \/>\n<meta name=\"robots\" content=\"index, follow, max-snippet:-1, max-image-preview:large, max-video-preview:-1, noarchive\" \/>\n<link rel=\"canonical\" href=\"https:\/\/optimate1.com\/product\/o10\/\" \/>\n<meta property=\"og:locale\" content=\"de_DE\" \/>\n<meta property=\"og:type\" content=\"article\" \/>\n<meta property=\"og:title\" content=\"OptiMate O-10 - OptiMate\" \/>\n<meta property=\"og:description\" content=\"Sch\u00fctzen Sie den SAE-Anschluss Ihres OptiMate mit unseren OptiMate-Anschlusskappen und -abdeckungen. Lesen Sie alles \u00fcber das Produkt auf unserer Website!\" \/>\n<meta property=\"og:url\" content=\"https:\/\/optimate1.com\/product\/o10\/\" \/>\n<meta property=\"og:site_name\" content=\"OptiMate\" \/>\n<meta property=\"article:publisher\" content=\"https:\/\/www.facebook.com\/OptiMatebatterysavingcharger\/\" \/>\n<meta property=\"article:modified_time\" content=\"2022-12-23T08:04:18+00:00\" \/>\n<meta property=\"og:image\" content=\"https:\/\/optimate1.com\/wp-content\/uploads\/2022\/12\/o-10-product-image-de-1014x1024.png\" \/>\n\t<meta property=\"og:image:width\" content=\"1014\" \/>\n\t<meta property=\"og:image:height\" content=\"1024\" \/>\n\t<meta property=\"og:image:type\" content=\"image\/png\" \/>\n<meta name=\"twitter:card\" content=\"summary_large_image\" \/>\n<meta name=\"twitter:label1\" content=\"Gesch\u00e4tzte Lesezeit\" \/>\n\t<meta name=\"twitter:data1\" content=\"1\u00a0Minute\" \/>\n<script type=\"application\/ld+json\" class=\"yoast-schema-graph\">{\"@context\":\"https:\/\/schema.org\",\"@graph\":[{\"@type\":\"WebPage\",\"@id\":\"https:\/\/optimate1.com\/product\/o10\/\",\"url\":\"https:\/\/optimate1.com\/product\/o10\/\",\"name\":\"OptiMate O-10 - OptiMate\",\"isPartOf\":{\"@id\":\"https:\/\/optimate1.com\/#website\"},\"primaryImageOfPage\":{\"@id\":\"https:\/\/optimate1.com\/product\/o10\/#primaryimage\"},\"image\":{\"@id\":\"https:\/\/optimate1.com\/product\/o10\/#primaryimage\"},\"thumbnailUrl\":\"https:\/\/optimate1.com\/wp-content\/uploads\/2022\/12\/o-10-product-image-de.png\",\"datePublished\":\"2022-12-01T10:47:33+00:00\",\"dateModified\":\"2022-12-23T08:04:18+00:00\",\"description\":\"Sch\u00fctzen Sie den SAE-Anschluss Ihres OptiMate mit unseren OptiMate-Anschlusskappen und -abdeckungen. Lesen Sie alles \u00fcber das Produkt auf unserer Website!\",\"breadcrumb\":{\"@id\":\"https:\/\/optimate1.com\/product\/o10\/#breadcrumb\"},\"inLanguage\":\"de\",\"potentialAction\":[{\"@type\":\"ReadAction\",\"target\":[\"https:\/\/optimate1.com\/product\/o10\/\"]}]},{\"@type\":\"ImageObject\",\"inLanguage\":\"de\",\"@id\":\"https:\/\/optimate1.com\/product\/o10\/#primaryimage\",\"url\":\"https:\/\/optimate1.com\/wp-content\/uploads\/2022\/12\/o-10-product-image-de.png\",\"contentUrl\":\"https:\/\/optimate1.com\/wp-content\/uploads\/2022\/12\/o-10-product-image-de.png\",\"width\":3636,\"height\":3671,\"caption\":\"Ersatzkappen und -abdeckungen f\u00fcr OptiMate-Anschl\u00fcsse\"},{\"@type\":\"BreadcrumbList\",\"@id\":\"https:\/\/optimate1.com\/product\/o10\/#breadcrumb\",\"itemListElement\":[{\"@type\":\"ListItem\",\"position\":1,\"name\":\"Home\",\"item\":\"https:\/\/optimate1.com\/\"},{\"@type\":\"ListItem\",\"position\":2,\"name\":\"Produkte\",\"item\":\"https:\/\/optimate1.com\/shop\/\"},{\"@type\":\"ListItem\",\"position\":3,\"name\":\"OptiMate CABLE O-01\"}]},{\"@type\":\"WebSite\",\"@id\":\"https:\/\/optimate1.com\/#website\",\"url\":\"https:\/\/optimate1.com\/\",\"name\":\"OptiMate\",\"description\":\"Battery Chargers &amp; Accessories\",\"publisher\":{\"@id\":\"https:\/\/optimate1.com\/#organization\"},\"potentialAction\":[{\"@type\":\"SearchAction\",\"target\":{\"@type\":\"EntryPoint\",\"urlTemplate\":\"https:\/\/optimate1.com\/?s={search_term_string}\"},\"query-input\":{\"@type\":\"PropertyValueSpecification\",\"valueRequired\":true,\"valueName\":\"search_term_string\"}}],\"inLanguage\":\"de\"},{\"@type\":\"Organization\",\"@id\":\"https:\/\/optimate1.com\/#organization\",\"name\":\"OptiMate\",\"url\":\"https:\/\/optimate1.com\/\",\"logo\":{\"@type\":\"ImageObject\",\"inLanguage\":\"de\",\"@id\":\"https:\/\/optimate1.com\/#\/schema\/logo\/image\/\",\"url\":\"https:\/\/optimate1.com\/wp-content\/uploads\/2021\/06\/optimate-hpbc-stacklogo.jpg\",\"contentUrl\":\"https:\/\/optimate1.com\/wp-content\/uploads\/2021\/06\/optimate-hpbc-stacklogo.jpg\",\"width\":1025,\"height\":529,\"caption\":\"OptiMate\"},\"image\":{\"@id\":\"https:\/\/optimate1.com\/#\/schema\/logo\/image\/\"},\"sameAs\":[\"https:\/\/www.facebook.com\/OptiMatebatterysavingcharger\/\"]}]}<\/script>\n<!-- \/ Yoast SEO plugin. -->","yoast_head_json":{"title":"OptiMate O-10 - OptiMate","description":"Sch\u00fctzen Sie den SAE-Anschluss Ihres OptiMate mit unseren OptiMate-Anschlusskappen und -abdeckungen. Lesen Sie alles \u00fcber das Produkt auf unserer Website!","robots":{"index":"index","follow":"follow","max-snippet":"max-snippet:-1","max-image-preview":"max-image-preview:large","max-video-preview":"max-video-preview:-1","archive":"noarchive"},"canonical":"https:\/\/optimate1.com\/product\/o10\/","og_locale":"de_DE","og_type":"article","og_title":"OptiMate O-10 - OptiMate","og_description":"Sch\u00fctzen Sie den SAE-Anschluss Ihres OptiMate mit unseren OptiMate-Anschlusskappen und -abdeckungen. Lesen Sie alles \u00fcber das Produkt auf unserer Website!","og_url":"https:\/\/optimate1.com\/product\/o10\/","og_site_name":"OptiMate","article_publisher":"https:\/\/www.facebook.com\/OptiMatebatterysavingcharger\/","article_modified_time":"2022-12-23T08:04:18+00:00","og_image":[{"width":1014,"height":1024,"url":"https:\/\/optimate1.com\/wp-content\/uploads\/2022\/12\/o-10-product-image-de-1014x1024.png","type":"image\/png"}],"twitter_card":"summary_large_image","twitter_misc":{"Gesch\u00e4tzte Lesezeit":"1\u00a0Minute"},"schema":{"@context":"https:\/\/schema.org","@graph":[{"@type":"WebPage","@id":"https:\/\/optimate1.com\/product\/o10\/","url":"https:\/\/optimate1.com\/product\/o10\/","name":"OptiMate O-10 - OptiMate","isPartOf":{"@id":"https:\/\/optimate1.com\/#website"},"primaryImageOfPage":{"@id":"https:\/\/optimate1.com\/product\/o10\/#primaryimage"},"image":{"@id":"https:\/\/optimate1.com\/product\/o10\/#primaryimage"},"thumbnailUrl":"https:\/\/optimate1.com\/wp-content\/uploads\/2022\/12\/o-10-product-image-de.png","datePublished":"2022-12-01T10:47:33+00:00","dateModified":"2022-12-23T08:04:18+00:00","description":"Sch\u00fctzen Sie den SAE-Anschluss Ihres OptiMate mit unseren OptiMate-Anschlusskappen und -abdeckungen. Lesen Sie alles \u00fcber das Produkt auf unserer Website!","breadcrumb":{"@id":"https:\/\/optimate1.com\/product\/o10\/#breadcrumb"},"inLanguage":"de","potentialAction":[{"@type":"ReadAction","target":["https:\/\/optimate1.com\/product\/o10\/"]}]},{"@type":"ImageObject","inLanguage":"de","@id":"https:\/\/optimate1.com\/product\/o10\/#primaryimage","url":"https:\/\/optimate1.com\/wp-content\/uploads\/2022\/12\/o-10-product-image-de.png","contentUrl":"https:\/\/optimate1.com\/wp-content\/uploads\/2022\/12\/o-10-product-image-de.png","width":3636,"height":3671,"caption":"Ersatzkappen und -abdeckungen f\u00fcr OptiMate-Anschl\u00fcsse"},{"@type":"BreadcrumbList","@id":"https:\/\/optimate1.com\/product\/o10\/#breadcrumb","itemListElement":[{"@type":"ListItem","position":1,"name":"Home","item":"https:\/\/optimate1.com\/"},{"@type":"ListItem","position":2,"name":"Produkte","item":"https:\/\/optimate1.com\/shop\/"},{"@type":"ListItem","position":3,"name":"OptiMate CABLE O-01"}]},{"@type":"WebSite","@id":"https:\/\/optimate1.com\/#website","url":"https:\/\/optimate1.com\/","name":"OptiMate","description":"Battery Chargers &amp; Accessories","publisher":{"@id":"https:\/\/optimate1.com\/#organization"},"potentialAction":[{"@type":"SearchAction","target":{"@type":"EntryPoint","urlTemplate":"https:\/\/optimate1.com\/?s={search_term_string}"},"query-input":{"@type":"PropertyValueSpecification","valueRequired":true,"valueName":"search_term_string"}}],"inLanguage":"de"},{"@type":"Organization","@id":"https:\/\/optimate1.com\/#organization","name":"OptiMate","url":"https:\/\/optimate1.com\/","logo":{"@type":"ImageObject","inLanguage":"de","@id":"https:\/\/optimate1.com\/#\/schema\/logo\/image\/","url":"https:\/\/optimate1.com\/wp-content\/uploads\/2021\/06\/optimate-hpbc-stacklogo.jpg","contentUrl":"https:\/\/optimate1.com\/wp-content\/uploads\/2021\/06\/optimate-hpbc-stacklogo.jpg","width":1025,"height":529,"caption":"OptiMate"},"image":{"@id":"https:\/\/optimate1.com\/#\/schema\/logo\/image\/"},"sameAs":["https:\/\/www.facebook.com\/OptiMatebatterysavingcharger\/"]}]}},"_links":{"self":[{"href":"https:\/\/optimate1.com\/de\/wp-json\/wp\/v2\/product\/31581","targetHints":{"allow":["GET"]}}],"collection":[{"href":"https:\/\/optimate1.com\/de\/wp-json\/wp\/v2\/product"}],"about":[{"href":"https:\/\/optimate1.com\/de\/wp-json\/wp\/v2\/types\/product"}],"wp:featuredmedia":[{"embeddable":true,"href":"https:\/\/optimate1.com\/de\/wp-json\/wp\/v2\/media\/31586"}],"wp:attachment":[{"href":"https:\/\/optimate1.com\/de\/wp-json\/wp\/v2\/media?parent=31581"}],"wp:term":[{"taxonomy":"product_brand","embeddable":true,"href":"https:\/\/optimate1.com\/de\/wp-json\/wp\/v2\/product_brand?post=31581"},{"taxonomy":"product_cat","embeddable":true,"href":"https:\/\/optimate1.com\/de\/wp-json\/wp\/v2\/product_cat?post=31581"},{"taxonomy":"product_tag","embeddable":true,"href":"https:\/\/optimate1.com\/de\/wp-json\/wp\/v2\/product_tag?post=31581"}],"curies":[{"name":"wp","href":"https:\/\/api.w.org\/{rel}","templated":true}]}}