{"id":31726,"date":"2023-02-02T04:03:28","date_gmt":"2023-02-02T09:03:28","guid":{"rendered":"https:\/\/optimate1.com\/product\/optimate-4-quad-program-premium\/"},"modified":"2026-03-26T09:54:07","modified_gmt":"2026-03-26T13:54:07","slug":"optimate-4-quad-program-premium","status":"publish","type":"product","link":"https:\/\/optimate1.com\/de\/product\/optimate-4-quad-program-premium\/","title":{"rendered":"OptiMate 4 Quad Program | PREMIUM Edition"},"content":{"rendered":"<h6 style=\"text-align: center;\"><strong><span style=\"color: #10069f;\">Das OptiMate 4 Quad Program Premium Edition ist das ultimative Batterieladeger\u00e4t f\u00fcr Ihr BMW- oder Triumph-Abenteuer-, Touring-, Cruiser- oder Performance-Motorrad, das \u00fcber die 12V-DIN-Steckdose aufgeladen werden kann oder die Batterie direkt an allen anderen Power-Sport-Fahrzeugen aufladen kann <\/span><\/strong><span style=\"color: #10069f;\"><i>&#8211; das weltweit fortschrittlichste Batterieladeger\u00e4t f\u00fcr die Motorsport!<\/i><\/span><\/h6>\n<h6 style=\"text-align: center;\"><img loading=\"lazy\" decoding=\"async\" class=\"aligncenter wp-image-20668\" src=\"https:\/\/optimate1.com\/wp-content\/uploads\/2023\/09\/Vehicle-range-OM4-copy.png\" alt=\"Optimate 1 DUO is ideal for motorcycles, ATVs, scooters and jet skis\" width=\"428\" height=\"66\" \/><\/h6>\n<p>&nbsp;<\/p>\n<h6 style=\"text-align: center;\"><strong><span style=\"color: #10069f;\">Quad Programm \u2013<\/span><\/strong> <span style=\"color: #10069f;\"><i>W\u00e4hlen Sie Programm 2 oder 4, um \u00fcber die BMW CAN-Bus-gesteuerte 12V-Steckdose zu laden, oder Programm 1 oder 3, um \u00fcber die stromf\u00fchrende (hei\u00dfe) 12V-Steckdose von Triumph oder die Batterie direkt zu laden.<\/i><\/span><\/h6>\n<h6 style=\"text-align: center;\"><img loading=\"lazy\" decoding=\"async\" class=\"aligncenter wp-image-20910\" src=\"https:\/\/optimate1.com\/wp-content\/uploads\/2022\/10\/voltage-programs-copy-2-01.png\" alt=\"OptiMate 4 quad program\" width=\"428\" height=\"70\" \/><\/h6>\n<p>&nbsp;<\/p>\n<h6 style=\"text-align: center;\"><strong><span style=\"color: #10069f;\">ENTH\u00c4LT das\u00a0<a href=\"https:\/\/optimate1.com\/de\/product\/optimate-cable-o-19\/\" target=\"_blank\" rel=\"noopener\">O-19<\/a>-Kabelzubeh\u00f6r\u00a0\u2013<\/span><\/strong> <span style=\"color: #10069f;\"><i>zum Aufladen \u00fcber die 12V-DIN-Buchse von BMW- und Triumph-Motorr\u00e4dern.<\/i><\/span><\/h6>\n<h6 style=\"text-align: center;\"><img loading=\"lazy\" decoding=\"async\" class=\"aligncenter wp-image-20977\" src=\"https:\/\/optimate1.com\/wp-content\/uploads\/2023\/02\/premium-edition-includes.png\" alt=\"OptiMate 4 Lithium optional cable accessories &amp; premium edition\" width=\"428\" height=\"70\" \/><\/h6>\n<p>&nbsp;<\/p>\n<h6 style=\"text-align: center;\"><strong><span style=\"color: #10069f;\">Vollautomatisches Mehrstufenprogramm bringt den Akku sicher zur vollen Ladung <\/span><\/strong><i><span style=\"color: #10069f;\">&#8211; <\/span><span style=\"color: #10069f;\">W\u00e4hlen Sie Batterietyp und Ladebedarf aus, das OptiMate 4 Quad-Programm erledigt den Rest, ohne dass eine \u00dcberwachung erforderlich ist!<\/span><\/i><\/h6>\n<h6 style=\"text-align: center;\"><img loading=\"lazy\" decoding=\"async\" class=\"aligncenter wp-image-20876\" src=\"https:\/\/optimate1.com\/wp-content\/uploads\/2022\/10\/connect-save-charge-optimize-maintain-200_x-01.png\" alt=\"The steps for long term maintenance: Connect, charge and maintain.\" width=\"428\" height=\"70\" \/><\/h6>\n<p>&nbsp;<\/p>\n<p>&nbsp;<\/p>\n<h4 style=\"text-align: center;\"><strong><span style=\"text-decoration: underline;\">WEITERE MERKMALE:<\/span><\/strong><\/h4>\n<p style=\"text-align: center;\">\n<table id=\"tablepress-441\" class=\"tablepress tablepress-id-441\">\n<tbody class=\"row-hover\">\n<tr class=\"row-1\">\n\t<td class=\"column-1\"><a href=\"\"><img loading=\"lazy\" decoding=\"async\" src=\"https:\/\/optimate1.com\/wp-content\/uploads\/2023\/09\/1DUO-batteries-copy-2.png\" alt=\"\" width=\"300\" height=\"50\" class=\"aligncenter size-medium wp-image-20927\" \/><\/a><body><h6><center>F\u00fcr alle 12V-Power-Sportbatterietypen, einschlie\u00dflich Blei-S\u00e4ure (Pb) > STD (mit F\u00fclldeckeln), AGM &amp; GEL (versiegeltes VRLA) und Li-Ion, hergestellt mit LiFePO4 \/ LFP-Technologie.<\/body><\/h6><\/center><br \/>\n<\/td>\n<\/tr>\n<tr class=\"row-2\">\n\t<td class=\"column-1\"><a href=\"\"><img loading=\"lazy\" decoding=\"async\" src=\"https:\/\/optimate1.com\/wp-content\/uploads\/2022\/10\/bmw-compatible_2-01.png\" alt=\"\" width=\"300\" height=\"50\" class=\"aligncenter size-medium wp-image-20928\" \/><\/a><body><h6><center>BMW Motorrad CAN-Bus kompatibel, automatische Aktivierung.<\/body><\/h6><\/center><\/td>\n<\/tr>\n<tr class=\"row-3\">\n\t<td class=\"column-1\"><a href=\"\"><img loading=\"lazy\" decoding=\"async\" src=\"https:\/\/optimate1.com\/wp-content\/uploads\/2023\/09\/analysis-desulphate-x-copy-3-01-copy.png\" alt=\"\" width=\"300\" height=\"50\" class=\"aligncenter size-medium wp-image-20995\" \/><\/a><body><h6><center>Intelligente Desulfatierung ab 0.5V, f\u00fcr Bleiakkus.<\/body><\/h6><\/center><\/td>\n<\/tr>\n<tr class=\"row-4\">\n\t<td class=\"column-1\"><a href=\"\"><img loading=\"lazy\" decoding=\"async\" src=\"https:\/\/optimate1.com\/wp-content\/uploads\/2021\/11\/SAFE-OM1-DUO-01-1.png\" alt=\"\" width=\"300\" height=\"50\" class=\"aligncenter size-medium wp-image-20982\" \/><\/a><body><h6><center>Kann problemlos angeschlossen bleiben. Vollst\u00e4ndiger elektronischer Schutz.<\/center><\/h6><\/body><\/td>\n<\/tr>\n<tr class=\"row-5\">\n\t<td class=\"column-1\"><a href=\"\"><img loading=\"lazy\" decoding=\"async\" src=\"https:\/\/optimate1.com\/wp-content\/uploads\/2020\/12\/24-7-x2-300x49.png\" alt=\"\" width=\"300\" height=\"50\" class=\"aligncenter size-medium wp-image-20993\" \/><\/a><body><h6><center>Erh\u00e4lt volle Ladung und Gesundheit der Batterie.<\/body><\/h6><\/center><\/td>\n<\/tr>\n<tr class=\"row-6\">\n\t<td class=\"column-1\"><a href=\"\"><img loading=\"lazy\" decoding=\"async\" src=\"https:\/\/optimate1.com\/wp-content\/uploads\/2022\/10\/analysis-desulphate-x-copy-5-01.png\" alt=\"\" width=\"300\" height=\"50\" class=\"aligncenter size-medium wp-image-20985\" \/><\/a><body><h6><center>Niederspannungswiederherstellung und BMS-Reset, f\u00fcr LFP-Batterie.<\/body><\/h6><\/center><\/td>\n<\/tr>\n<tr class=\"row-7\">\n\t<td class=\"column-1\"><a href=\"\"><img loading=\"lazy\" decoding=\"async\" src=\"https:\/\/optimate1.com\/wp-content\/uploads\/2020\/12\/state-of-health-test-3-LEDx2-300x49.png\" alt=\"\" width=\"300\" height=\"50\" class=\"aligncenter size-medium wp-image-20983\" \/><\/a><body><h6><center>Testet den Gesundheitszustand der Batterie.<\/body><\/h6><\/center><\/td>\n<\/tr>\n<tr class=\"row-8\">\n\t<td class=\"column-1\"><a href=\"\"><img loading=\"lazy\" decoding=\"async\" src=\"https:\/\/optimate1.com\/wp-content\/uploads\/2020\/12\/green-technology-hx2-1-300x49.png\" alt=\"\" width=\"300\" height=\"50\" class=\"aligncenter size-medium wp-image-20983\" \/><\/a><body><h6><center>Energiespartechnologie.<br \/>\n\u221a Standby-Leistung unter 0.5W.<br \/>\n\u221a Effiziente 24-7-Batteriewartung.<\/body><\/h6><\/center><\/td>\n<\/tr>\n<tr class=\"row-9\">\n\t<td class=\"column-1\"><a href=\"\"><img loading=\"lazy\" decoding=\"async\" src=\"https:\/\/optimate1.com\/wp-content\/uploads\/2020\/12\/weatherproof-x2-300x49.png\" alt=\"\" width=\"300\" height=\"50\" class=\"aligncenter size-medium wp-image-20983\" \/><\/a><body><h6><center>Witterungsbest\u00e4ndig. Kann noch bei -40\u00b0C \/ -40\u00b0F eingesetzt werden.<\/body><\/h6><\/center><\/td>\n<\/tr>\n<\/tbody>\n<\/table>\n<!-- #tablepress-441 from cache --><\/p>\n","protected":false},"excerpt":{"rendered":"<h3><span style=\"color: #947c4e;\">GOLD-Serie: 9-stufiges gekapseltes batterieschonendes 12V\/ 12.8V 1.25A Lade- &amp; Wartungsger\u00e4t<\/span><\/h3>\n","protected":false},"featured_media":41812,"template":"","meta":[],"product_brand":[],"product_cat":[419],"product_tag":[],"class_list":{"0":"post-31726","1":"product","2":"type-product","3":"status-publish","4":"has-post-thumbnail","6":"product_cat-battery-chargers-de","7":"pa_charge-battery-chemistry-li-lifepo4-lfp-lithium-de","8":"pa_charge-battery-chemistry-pb-agm-gel-std-lead-acid-de","9":"pa_charge-battery-more-12v-de","10":"pa_charge-battery-more-4x4-abenteuer","11":"pa_charge-battery-more-bmw-motorrad-de","12":"pa_charge-battery-more-boot-wasserfahrzeug","13":"pa_charge-battery-more-motorrad-gelandewagen","14":"pa_charge-battery-more-utv-sxs-cruiser-de","15":"pa_power-ac-100-240vac-de","16":"pa_product-group-optimate-4-de","17":"pa_region-ca-de-2","18":"pa_region-eu-de-2","19":"pa_region-uk-de-2","20":"pa_region-us-de-2","21":"iside_voltage-12-de","22":"iside_voltage-12-8-de","23":"iside_ampere-1-25-de","24":"iside_vehicle-motorrad-powersport-de","25":"iside_charger_series-gold-advanced-de-2","26":"iside_charger_features-bms-reset-fur-lfp-batterie","27":"iside_charger_features-bmw-motorrad-can-bus-de","28":"iside_charger_features-duo-24-7-wartung-fur-pb-lfp","29":"iside_charger_features-save-low-volt-reset-bms-lithium-lfp-de","30":"iside_charger_features-save-sulphated-pb-lead-acid-de","31":"iside_charger_features-sichere-batteriewartung-rund-um-die-uhr","32":"iside_charger_type-single-de","33":"iside_battery_voltage-12-8v-13-2v","34":"iside_battery_voltage-12v-de","35":"iside_battery_chemistry-lfp-lifepo4-lithium-ion-de","36":"iside_battery_chemistry-pb-lead-acid-de","37":"battery_charger_current-0-6a-1-5a-de","38":"thunk-woo-product-list","39":"opn-qv-enable","40":"big-store-woo-hover-","41":"open-single-product-tab-horizontal","42":"open-shadow-","43":"open-shadow-hover-","45":"first","46":"instock","47":"featured","48":"shipping-taxable","49":"purchasable","50":"product-type-simple"},"yoast_head":"<!-- This site is optimized with the Yoast SEO plugin v27.2 - https:\/\/yoast.com\/product\/yoast-seo-wordpress\/ -->\n<title>OptiMate 4 Quad Program | PREMIUM Edition - OptiMate<\/title>\n<meta name=\"description\" content=\"Das OptiMate 4 Quad-Programm ist das energieeffizienteste 1.25-Ampere-Ladeger\u00e4t f\u00fcr 12V- und 12.8V-Batterien! Besuchen Sie unsere Website f\u00fcr mehr!\" \/>\n<meta name=\"robots\" content=\"index, follow, max-snippet:-1, max-image-preview:large, max-video-preview:-1, noarchive\" \/>\n<link rel=\"canonical\" href=\"https:\/\/optimate1.com\/de\/product\/optimate-4-quad-program-premium\/\" \/>\n<meta property=\"og:locale\" content=\"de_DE\" \/>\n<meta property=\"og:type\" content=\"article\" \/>\n<meta property=\"og:title\" content=\"OptiMate 4 Quad Program | PREMIUM Edition - OptiMate\" \/>\n<meta property=\"og:description\" content=\"Das OptiMate 4 Quad-Programm ist das energieeffizienteste 1.25-Ampere-Ladeger\u00e4t f\u00fcr 12V- und 12.8V-Batterien! Besuchen Sie unsere Website f\u00fcr mehr!\" \/>\n<meta property=\"og:url\" content=\"https:\/\/optimate1.com\/de\/product\/optimate-4-quad-program-premium\/\" \/>\n<meta property=\"og:site_name\" content=\"OptiMate\" \/>\n<meta property=\"article:publisher\" content=\"https:\/\/www.facebook.com\/OptiMatebatterysavingcharger\/\" \/>\n<meta property=\"article:modified_time\" content=\"2026-03-26T13:54:07+00:00\" \/>\n<meta property=\"og:image\" content=\"https:\/\/optimate1.com\/wp-content\/uploads\/2026\/03\/OptiMate-4-Quad-PR-TM63x-11-copy-2-de-1024x1024.png\" \/>\n\t<meta property=\"og:image:width\" content=\"1024\" \/>\n\t<meta property=\"og:image:height\" content=\"1024\" \/>\n\t<meta property=\"og:image:type\" content=\"image\/png\" \/>\n<meta name=\"twitter:card\" content=\"summary_large_image\" \/>\n<meta name=\"twitter:label1\" content=\"Gesch\u00e4tzte Lesezeit\" \/>\n\t<meta name=\"twitter:data1\" content=\"2\u00a0Minuten\" \/>\n<script type=\"application\/ld+json\" class=\"yoast-schema-graph\">{\"@context\":\"https:\/\/schema.org\",\"@graph\":[{\"@type\":\"WebPage\",\"@id\":\"https:\/\/optimate1.com\/de\/product\/optimate-4-quad-program-premium\/\",\"url\":\"https:\/\/optimate1.com\/de\/product\/optimate-4-quad-program-premium\/\",\"name\":\"OptiMate 4 Quad Program | PREMIUM Edition - OptiMate\",\"isPartOf\":{\"@id\":\"https:\/\/optimate1.com\/#website\"},\"primaryImageOfPage\":{\"@id\":\"https:\/\/optimate1.com\/de\/product\/optimate-4-quad-program-premium\/#primaryimage\"},\"image\":{\"@id\":\"https:\/\/optimate1.com\/de\/product\/optimate-4-quad-program-premium\/#primaryimage\"},\"thumbnailUrl\":\"https:\/\/optimate1.com\/wp-content\/uploads\/2026\/03\/OptiMate-4-Quad-PR-TM63x-11-copy-2-de.png\",\"datePublished\":\"2023-02-02T09:03:28+00:00\",\"dateModified\":\"2026-03-26T13:54:07+00:00\",\"description\":\"Das OptiMate 4 Quad-Programm ist das energieeffizienteste 1.25-Ampere-Ladeger\u00e4t f\u00fcr 12V- und 12.8V-Batterien! Besuchen Sie unsere Website f\u00fcr mehr!\",\"breadcrumb\":{\"@id\":\"https:\/\/optimate1.com\/de\/product\/optimate-4-quad-program-premium\/#breadcrumb\"},\"inLanguage\":\"de\",\"potentialAction\":[{\"@type\":\"ReadAction\",\"target\":[\"https:\/\/optimate1.com\/de\/product\/optimate-4-quad-program-premium\/\"]}]},{\"@type\":\"ImageObject\",\"inLanguage\":\"de\",\"@id\":\"https:\/\/optimate1.com\/de\/product\/optimate-4-quad-program-premium\/#primaryimage\",\"url\":\"https:\/\/optimate1.com\/wp-content\/uploads\/2026\/03\/OptiMate-4-Quad-PR-TM63x-11-copy-2-de.png\",\"contentUrl\":\"https:\/\/optimate1.com\/wp-content\/uploads\/2026\/03\/OptiMate-4-Quad-PR-TM63x-11-copy-2-de.png\",\"width\":1500,\"height\":1500},{\"@type\":\"BreadcrumbList\",\"@id\":\"https:\/\/optimate1.com\/de\/product\/optimate-4-quad-program-premium\/#breadcrumb\",\"itemListElement\":[{\"@type\":\"ListItem\",\"position\":1,\"name\":\"Home\",\"item\":\"https:\/\/optimate1.com\/\"},{\"@type\":\"ListItem\",\"position\":2,\"name\":\"Produkte\",\"item\":\"https:\/\/optimate1.com\/shop\/\"},{\"@type\":\"ListItem\",\"position\":3,\"name\":\"OptiMate 4 Quad Program | PREMIUM Edition\"}]},{\"@type\":\"WebSite\",\"@id\":\"https:\/\/optimate1.com\/#website\",\"url\":\"https:\/\/optimate1.com\/\",\"name\":\"OptiMate\",\"description\":\"Battery Chargers &amp; Accessories\",\"publisher\":{\"@id\":\"https:\/\/optimate1.com\/#organization\"},\"potentialAction\":[{\"@type\":\"SearchAction\",\"target\":{\"@type\":\"EntryPoint\",\"urlTemplate\":\"https:\/\/optimate1.com\/?s={search_term_string}\"},\"query-input\":{\"@type\":\"PropertyValueSpecification\",\"valueRequired\":true,\"valueName\":\"search_term_string\"}}],\"inLanguage\":\"de\"},{\"@type\":\"Organization\",\"@id\":\"https:\/\/optimate1.com\/#organization\",\"name\":\"OptiMate\",\"url\":\"https:\/\/optimate1.com\/\",\"logo\":{\"@type\":\"ImageObject\",\"inLanguage\":\"de\",\"@id\":\"https:\/\/optimate1.com\/#\/schema\/logo\/image\/\",\"url\":\"https:\/\/optimate1.com\/wp-content\/uploads\/2021\/06\/optimate-hpbc-stacklogo.jpg\",\"contentUrl\":\"https:\/\/optimate1.com\/wp-content\/uploads\/2021\/06\/optimate-hpbc-stacklogo.jpg\",\"width\":1025,\"height\":529,\"caption\":\"OptiMate\"},\"image\":{\"@id\":\"https:\/\/optimate1.com\/#\/schema\/logo\/image\/\"},\"sameAs\":[\"https:\/\/www.facebook.com\/OptiMatebatterysavingcharger\/\"]}]}<\/script>\n<!-- \/ Yoast SEO plugin. -->","yoast_head_json":{"title":"OptiMate 4 Quad Program | PREMIUM Edition - OptiMate","description":"Das OptiMate 4 Quad-Programm ist das energieeffizienteste 1.25-Ampere-Ladeger\u00e4t f\u00fcr 12V- und 12.8V-Batterien! Besuchen Sie unsere Website f\u00fcr mehr!","robots":{"index":"index","follow":"follow","max-snippet":"max-snippet:-1","max-image-preview":"max-image-preview:large","max-video-preview":"max-video-preview:-1","archive":"noarchive"},"canonical":"https:\/\/optimate1.com\/de\/product\/optimate-4-quad-program-premium\/","og_locale":"de_DE","og_type":"article","og_title":"OptiMate 4 Quad Program | PREMIUM Edition - OptiMate","og_description":"Das OptiMate 4 Quad-Programm ist das energieeffizienteste 1.25-Ampere-Ladeger\u00e4t f\u00fcr 12V- und 12.8V-Batterien! Besuchen Sie unsere Website f\u00fcr mehr!","og_url":"https:\/\/optimate1.com\/de\/product\/optimate-4-quad-program-premium\/","og_site_name":"OptiMate","article_publisher":"https:\/\/www.facebook.com\/OptiMatebatterysavingcharger\/","article_modified_time":"2026-03-26T13:54:07+00:00","og_image":[{"width":1024,"height":1024,"url":"https:\/\/optimate1.com\/wp-content\/uploads\/2026\/03\/OptiMate-4-Quad-PR-TM63x-11-copy-2-de-1024x1024.png","type":"image\/png"}],"twitter_card":"summary_large_image","twitter_misc":{"Gesch\u00e4tzte Lesezeit":"2\u00a0Minuten"},"schema":{"@context":"https:\/\/schema.org","@graph":[{"@type":"WebPage","@id":"https:\/\/optimate1.com\/de\/product\/optimate-4-quad-program-premium\/","url":"https:\/\/optimate1.com\/de\/product\/optimate-4-quad-program-premium\/","name":"OptiMate 4 Quad Program | PREMIUM Edition - OptiMate","isPartOf":{"@id":"https:\/\/optimate1.com\/#website"},"primaryImageOfPage":{"@id":"https:\/\/optimate1.com\/de\/product\/optimate-4-quad-program-premium\/#primaryimage"},"image":{"@id":"https:\/\/optimate1.com\/de\/product\/optimate-4-quad-program-premium\/#primaryimage"},"thumbnailUrl":"https:\/\/optimate1.com\/wp-content\/uploads\/2026\/03\/OptiMate-4-Quad-PR-TM63x-11-copy-2-de.png","datePublished":"2023-02-02T09:03:28+00:00","dateModified":"2026-03-26T13:54:07+00:00","description":"Das OptiMate 4 Quad-Programm ist das energieeffizienteste 1.25-Ampere-Ladeger\u00e4t f\u00fcr 12V- und 12.8V-Batterien! Besuchen Sie unsere Website f\u00fcr mehr!","breadcrumb":{"@id":"https:\/\/optimate1.com\/de\/product\/optimate-4-quad-program-premium\/#breadcrumb"},"inLanguage":"de","potentialAction":[{"@type":"ReadAction","target":["https:\/\/optimate1.com\/de\/product\/optimate-4-quad-program-premium\/"]}]},{"@type":"ImageObject","inLanguage":"de","@id":"https:\/\/optimate1.com\/de\/product\/optimate-4-quad-program-premium\/#primaryimage","url":"https:\/\/optimate1.com\/wp-content\/uploads\/2026\/03\/OptiMate-4-Quad-PR-TM63x-11-copy-2-de.png","contentUrl":"https:\/\/optimate1.com\/wp-content\/uploads\/2026\/03\/OptiMate-4-Quad-PR-TM63x-11-copy-2-de.png","width":1500,"height":1500},{"@type":"BreadcrumbList","@id":"https:\/\/optimate1.com\/de\/product\/optimate-4-quad-program-premium\/#breadcrumb","itemListElement":[{"@type":"ListItem","position":1,"name":"Home","item":"https:\/\/optimate1.com\/"},{"@type":"ListItem","position":2,"name":"Produkte","item":"https:\/\/optimate1.com\/shop\/"},{"@type":"ListItem","position":3,"name":"OptiMate 4 Quad Program | PREMIUM Edition"}]},{"@type":"WebSite","@id":"https:\/\/optimate1.com\/#website","url":"https:\/\/optimate1.com\/","name":"OptiMate","description":"Battery Chargers &amp; Accessories","publisher":{"@id":"https:\/\/optimate1.com\/#organization"},"potentialAction":[{"@type":"SearchAction","target":{"@type":"EntryPoint","urlTemplate":"https:\/\/optimate1.com\/?s={search_term_string}"},"query-input":{"@type":"PropertyValueSpecification","valueRequired":true,"valueName":"search_term_string"}}],"inLanguage":"de"},{"@type":"Organization","@id":"https:\/\/optimate1.com\/#organization","name":"OptiMate","url":"https:\/\/optimate1.com\/","logo":{"@type":"ImageObject","inLanguage":"de","@id":"https:\/\/optimate1.com\/#\/schema\/logo\/image\/","url":"https:\/\/optimate1.com\/wp-content\/uploads\/2021\/06\/optimate-hpbc-stacklogo.jpg","contentUrl":"https:\/\/optimate1.com\/wp-content\/uploads\/2021\/06\/optimate-hpbc-stacklogo.jpg","width":1025,"height":529,"caption":"OptiMate"},"image":{"@id":"https:\/\/optimate1.com\/#\/schema\/logo\/image\/"},"sameAs":["https:\/\/www.facebook.com\/OptiMatebatterysavingcharger\/"]}]}},"_links":{"self":[{"href":"https:\/\/optimate1.com\/de\/wp-json\/wp\/v2\/product\/31726","targetHints":{"allow":["GET"]}}],"collection":[{"href":"https:\/\/optimate1.com\/de\/wp-json\/wp\/v2\/product"}],"about":[{"href":"https:\/\/optimate1.com\/de\/wp-json\/wp\/v2\/types\/product"}],"wp:featuredmedia":[{"embeddable":true,"href":"https:\/\/optimate1.com\/de\/wp-json\/wp\/v2\/media\/41812"}],"wp:attachment":[{"href":"https:\/\/optimate1.com\/de\/wp-json\/wp\/v2\/media?parent=31726"}],"wp:term":[{"taxonomy":"product_brand","embeddable":true,"href":"https:\/\/optimate1.com\/de\/wp-json\/wp\/v2\/product_brand?post=31726"},{"taxonomy":"product_cat","embeddable":true,"href":"https:\/\/optimate1.com\/de\/wp-json\/wp\/v2\/product_cat?post=31726"},{"taxonomy":"product_tag","embeddable":true,"href":"https:\/\/optimate1.com\/de\/wp-json\/wp\/v2\/product_tag?post=31726"}],"curies":[{"name":"wp","href":"https:\/\/api.w.org\/{rel}","templated":true}]}}