{"id":31793,"date":"2023-02-06T08:15:49","date_gmt":"2023-02-06T13:15:49","guid":{"rendered":"https:\/\/optimate1.com\/product\/cbleo-49\/"},"modified":"2023-02-16T09:00:39","modified_gmt":"2023-02-16T14:00:39","slug":"cbleo-49","status":"publish","type":"product","link":"https:\/\/optimate1.com\/de\/product\/cbleo-49\/","title":{"rendered":"OptiMate CABLE O-49"},"content":{"rendered":"<h3 class=\"entry-summary hidden-phone\" style=\"text-align: center;\"><strong>Passen Sie Ihr OptiMate 24V-Batterieladeger\u00e4t an, um die Leistung der 24V-Batterie in Ihren medizinischen Ger\u00e4ten zu optimieren!<\/strong><\/h3>\n<h6 style=\"text-align: center;\"><img loading=\"lazy\" decoding=\"async\" class=\"aligncenter wp-image-20910\" src=\"https:\/\/optimate1.com\/wp-content\/uploads\/2023\/02\/O-49-xlr-3-pin.png\" alt=\"Der XLR-Stecker passt in die Steckdose Ihres 24V-Elektrorollstuhls, Aufsitzrollers oder anderer medizinischer Ger\u00e4te\" width=\"428\" height=\"70\" \/><strong><span style=\"color: #10069f;\">Der 3-polige XLR-Stecker passt in die Steckdose Ihres 24V-Elektrorollstuhls, Aufsitzrollers oder anderer medizinischer Ger\u00e4te.<\/span><\/strong><\/h6>\n<h6 style=\"text-align: center;\"><img loading=\"lazy\" decoding=\"async\" class=\"aligncenter wp-image-20977\" src=\"https:\/\/optimate1.com\/wp-content\/uploads\/2023\/02\/prepare-24V-battery-charger-copy-2.png\" alt=\"Bereiten Sie Ihr OptiMate 24V-Batterieladeger\u00e4t f\u00fcr den Anschluss an Ihre medizinischen Ger\u00e4te mit unserem O-49 XLR-Stecker vor\" width=\"428\" height=\"70\" \/><strong><span style=\"color: #10069f;\">Bereiten Sie Ihr OptiMate 24V-Batterieladeger\u00e4t f\u00fcr den Anschluss an Ihre medizinischen Ger\u00e4te vor.<\/span><\/strong><\/h6>\n<h6 style=\"text-align: center;\"><a href=\"https:\/\/optimate1.com\/prod\/chargers\/?filters=charge-battery-more%5B24v%5D\" target=\"_blank\" rel=\"noopener\"><img loading=\"lazy\" decoding=\"async\" class=\"aligncenter wp-image-20977\" src=\"https:\/\/optimate1.com\/wp-content\/uploads\/2023\/02\/24v-battery-chargers.png\" alt=\"OptiMate 24V-Batterieladeger\u00e4te\" width=\"428\" height=\"70\" \/><\/a><strong><span style=\"color: #10069f;\">Funktioniert mit diesen <a href=\"https:\/\/optimate1.com\/prod\/chargers\/?filters=charge-battery-more%5B24v%5D\" target=\"_blank\" rel=\"noopener\">OptiMate 24V-Batterieladeger\u00e4ten.<\/a><\/span><\/strong><\/h6>\n<h6 style=\"text-align: center;\"><strong><span style=\"color: #10069f;\"><img loading=\"lazy\" decoding=\"async\" class=\"wp-image-20660 aligncenter\" src=\"https:\/\/optimate1.com\/wp-content\/uploads\/2023\/02\/O49-feature-cable-length.png\" alt=\"o-49 xlr stecker kabell\u00e4nge\" width=\"428\" height=\"100\" \/>L\u00e4nge = 30cm \/ 12&#8221;<\/span><\/strong><\/h6>\n<p>&nbsp;<\/p>\n<h4 style=\"text-align: center;\"><span style=\"text-decoration: underline;\"><strong>MEHR FUNKTIONEN:<\/strong><\/span><\/h4>\n<p style=\"text-align: center;\">\n<table id=\"tablepress-140\" class=\"tablepress tablepress-id-140\">\n<tbody class=\"row-hover\">\n<tr class=\"row-1\">\n\t<td class=\"column-1\"><a href=\"\"><img loading=\"lazy\" decoding=\"async\" src=\"https:\/\/optimate1.com\/wp-content\/uploads\/2021\/11\/Inline-protection-against-dust-rain-01_X-copy.png\" alt=\"\" width=\"300\" height=\"50\" class=\"aligncenter size-medium wp-image-20982\" \/><\/a><body><h6><center>Gummidichtung sch\u00fctzt SAE-Anschluss.<\/center><\/h6><\/body><\/td>\n<\/tr>\n<tr class=\"row-2\">\n\t<td class=\"column-1\"><a href=\"\"><img loading=\"lazy\" decoding=\"async\" src=\"https:\/\/optimate1.com\/wp-content\/uploads\/2021\/11\/cross-section-cable_600px.png\" alt=\"\" width=\"600\" height=\"40\" class=\"aligncenter size-medium wp-image-20993\" \/><\/a><body><h6><center>Dickere Isolierung f\u00fcr besseren Schutz.<\/body><\/h6><\/center><\/td>\n<\/tr>\n<tr class=\"row-3\">\n\t<td class=\"column-1\"><a href=\"\"><img loading=\"lazy\" decoding=\"async\" src=\"https:\/\/optimate1.com\/wp-content\/uploads\/2021\/11\/weather-icon-copy_600px-01.png\" alt=\"\" width=\"600\" height=\"40\" class=\"aligncenter size-medium wp-image-21012\" \/><\/a><body><h6><center>Bewertet f\u00fcr niedrige T\u00b0 und Au\u00dfeneinsatz.<\/body><\/h6><\/center><\/td>\n<\/tr>\n<\/tbody>\n<\/table>\n<!-- #tablepress-140 from cache --><\/p>\n","protected":false},"excerpt":{"rendered":"<h3><span style=\"color: #cd202c;\">Adapter, SAE auf 3-poligen XLR-Stecker zum Laden von 24V-Batterien<\/span><\/h3>\n","protected":false},"featured_media":31801,"template":"","meta":[],"product_brand":[],"product_cat":[1061,2247,2248],"product_tag":[],"class_list":{"0":"post-31793","1":"product","2":"type-product","3":"status-publish","4":"has-post-thumbnail","6":"product_cat-cablesconnectors-de","7":"product_cat-marine-de","8":"product_cat-accessories-de","9":"pa_connector-type-sae-de","10":"pa_region-ca-de-2","11":"pa_region-eu-de-2","12":"pa_region-uk-de-2","13":"pa_region-us-de-2","14":"iside_cable_type-adapter-sae-auf-andere","15":"iside_connector_type-sae-de","16":"thunk-woo-product-list","17":"opn-qv-enable","18":"big-store-woo-hover-","19":"open-single-product-tab-horizontal","20":"open-shadow-","21":"open-shadow-hover-","23":"first","24":"instock","25":"featured","26":"shipping-taxable","27":"purchasable","28":"product-type-simple"},"yoast_head":"<!-- This site is optimized with the Yoast SEO plugin v27.2 - https:\/\/yoast.com\/product\/yoast-seo-wordpress\/ -->\n<title>OptiMate CABLE O-49 - OptiMate<\/title>\n<meta name=\"description\" content=\"Passen Sie Ihr OptiMate 24V-Batterieladeger\u00e4t an, um die Leistung der 24V-Batterie in Ihren medizinischen Ger\u00e4ten zu optimieren! Weiterlesen!\" \/>\n<meta name=\"robots\" content=\"index, follow, max-snippet:-1, max-image-preview:large, max-video-preview:-1, noarchive\" \/>\n<link rel=\"canonical\" href=\"https:\/\/optimate1.com\/product\/cbleo-49\/\" \/>\n<meta property=\"og:locale\" content=\"de_DE\" \/>\n<meta property=\"og:type\" content=\"article\" \/>\n<meta property=\"og:title\" content=\"OptiMate CABLE O-49 - OptiMate\" \/>\n<meta property=\"og:description\" content=\"Passen Sie Ihr OptiMate 24V-Batterieladeger\u00e4t an, um die Leistung der 24V-Batterie in Ihren medizinischen Ger\u00e4ten zu optimieren! Weiterlesen!\" \/>\n<meta property=\"og:url\" content=\"https:\/\/optimate1.com\/product\/cbleo-49\/\" \/>\n<meta property=\"og:site_name\" content=\"OptiMate\" \/>\n<meta property=\"article:publisher\" content=\"https:\/\/www.facebook.com\/OptiMatebatterysavingcharger\/\" \/>\n<meta property=\"article:modified_time\" content=\"2023-02-16T14:00:39+00:00\" \/>\n<meta property=\"og:image\" content=\"https:\/\/optimate1.com\/wp-content\/uploads\/2023\/02\/O49-1-de.png\" \/>\n\t<meta property=\"og:image:width\" content=\"1500\" \/>\n\t<meta property=\"og:image:height\" content=\"1500\" \/>\n\t<meta property=\"og:image:type\" content=\"image\/png\" \/>\n<meta name=\"twitter:card\" content=\"summary_large_image\" \/>\n<meta name=\"twitter:label1\" content=\"Gesch\u00e4tzte Lesezeit\" \/>\n\t<meta name=\"twitter:data1\" content=\"2\u00a0Minuten\" \/>\n<script type=\"application\/ld+json\" class=\"yoast-schema-graph\">{\"@context\":\"https:\/\/schema.org\",\"@graph\":[{\"@type\":\"WebPage\",\"@id\":\"https:\/\/optimate1.com\/product\/cbleo-49\/\",\"url\":\"https:\/\/optimate1.com\/product\/cbleo-49\/\",\"name\":\"OptiMate CABLE O-49 - OptiMate\",\"isPartOf\":{\"@id\":\"https:\/\/optimate1.com\/#website\"},\"primaryImageOfPage\":{\"@id\":\"https:\/\/optimate1.com\/product\/cbleo-49\/#primaryimage\"},\"image\":{\"@id\":\"https:\/\/optimate1.com\/product\/cbleo-49\/#primaryimage\"},\"thumbnailUrl\":\"https:\/\/optimate1.com\/wp-content\/uploads\/2023\/02\/O49-1-de.png\",\"datePublished\":\"2023-02-06T13:15:49+00:00\",\"dateModified\":\"2023-02-16T14:00:39+00:00\",\"description\":\"Passen Sie Ihr OptiMate 24V-Batterieladeger\u00e4t an, um die Leistung der 24V-Batterie in Ihren medizinischen Ger\u00e4ten zu optimieren! Weiterlesen!\",\"breadcrumb\":{\"@id\":\"https:\/\/optimate1.com\/product\/cbleo-49\/#breadcrumb\"},\"inLanguage\":\"de\",\"potentialAction\":[{\"@type\":\"ReadAction\",\"target\":[\"https:\/\/optimate1.com\/product\/cbleo-49\/\"]}]},{\"@type\":\"ImageObject\",\"inLanguage\":\"de\",\"@id\":\"https:\/\/optimate1.com\/product\/cbleo-49\/#primaryimage\",\"url\":\"https:\/\/optimate1.com\/wp-content\/uploads\/2023\/02\/O49-1-de.png\",\"contentUrl\":\"https:\/\/optimate1.com\/wp-content\/uploads\/2023\/02\/O49-1-de.png\",\"width\":1500,\"height\":1500,\"caption\":\"O-49-Adapter, SAE-auf-XLR-3-Pin-Stecker zum Laden von 24V-Batterien\"},{\"@type\":\"BreadcrumbList\",\"@id\":\"https:\/\/optimate1.com\/product\/cbleo-49\/#breadcrumb\",\"itemListElement\":[{\"@type\":\"ListItem\",\"position\":1,\"name\":\"Home\",\"item\":\"https:\/\/optimate1.com\/\"},{\"@type\":\"ListItem\",\"position\":2,\"name\":\"Produkte\",\"item\":\"https:\/\/optimate1.com\/shop\/\"},{\"@type\":\"ListItem\",\"position\":3,\"name\":\"OptiMate CABLE O-49\"}]},{\"@type\":\"WebSite\",\"@id\":\"https:\/\/optimate1.com\/#website\",\"url\":\"https:\/\/optimate1.com\/\",\"name\":\"OptiMate\",\"description\":\"Battery Chargers &amp; Accessories\",\"publisher\":{\"@id\":\"https:\/\/optimate1.com\/#organization\"},\"potentialAction\":[{\"@type\":\"SearchAction\",\"target\":{\"@type\":\"EntryPoint\",\"urlTemplate\":\"https:\/\/optimate1.com\/?s={search_term_string}\"},\"query-input\":{\"@type\":\"PropertyValueSpecification\",\"valueRequired\":true,\"valueName\":\"search_term_string\"}}],\"inLanguage\":\"de\"},{\"@type\":\"Organization\",\"@id\":\"https:\/\/optimate1.com\/#organization\",\"name\":\"OptiMate\",\"url\":\"https:\/\/optimate1.com\/\",\"logo\":{\"@type\":\"ImageObject\",\"inLanguage\":\"de\",\"@id\":\"https:\/\/optimate1.com\/#\/schema\/logo\/image\/\",\"url\":\"https:\/\/optimate1.com\/wp-content\/uploads\/2021\/06\/optimate-hpbc-stacklogo.jpg\",\"contentUrl\":\"https:\/\/optimate1.com\/wp-content\/uploads\/2021\/06\/optimate-hpbc-stacklogo.jpg\",\"width\":1025,\"height\":529,\"caption\":\"OptiMate\"},\"image\":{\"@id\":\"https:\/\/optimate1.com\/#\/schema\/logo\/image\/\"},\"sameAs\":[\"https:\/\/www.facebook.com\/OptiMatebatterysavingcharger\/\"]}]}<\/script>\n<!-- \/ Yoast SEO plugin. -->","yoast_head_json":{"title":"OptiMate CABLE O-49 - OptiMate","description":"Passen Sie Ihr OptiMate 24V-Batterieladeger\u00e4t an, um die Leistung der 24V-Batterie in Ihren medizinischen Ger\u00e4ten zu optimieren! Weiterlesen!","robots":{"index":"index","follow":"follow","max-snippet":"max-snippet:-1","max-image-preview":"max-image-preview:large","max-video-preview":"max-video-preview:-1","archive":"noarchive"},"canonical":"https:\/\/optimate1.com\/product\/cbleo-49\/","og_locale":"de_DE","og_type":"article","og_title":"OptiMate CABLE O-49 - OptiMate","og_description":"Passen Sie Ihr OptiMate 24V-Batterieladeger\u00e4t an, um die Leistung der 24V-Batterie in Ihren medizinischen Ger\u00e4ten zu optimieren! Weiterlesen!","og_url":"https:\/\/optimate1.com\/product\/cbleo-49\/","og_site_name":"OptiMate","article_publisher":"https:\/\/www.facebook.com\/OptiMatebatterysavingcharger\/","article_modified_time":"2023-02-16T14:00:39+00:00","og_image":[{"width":1500,"height":1500,"url":"https:\/\/optimate1.com\/wp-content\/uploads\/2023\/02\/O49-1-de.png","type":"image\/png"}],"twitter_card":"summary_large_image","twitter_misc":{"Gesch\u00e4tzte Lesezeit":"2\u00a0Minuten"},"schema":{"@context":"https:\/\/schema.org","@graph":[{"@type":"WebPage","@id":"https:\/\/optimate1.com\/product\/cbleo-49\/","url":"https:\/\/optimate1.com\/product\/cbleo-49\/","name":"OptiMate CABLE O-49 - OptiMate","isPartOf":{"@id":"https:\/\/optimate1.com\/#website"},"primaryImageOfPage":{"@id":"https:\/\/optimate1.com\/product\/cbleo-49\/#primaryimage"},"image":{"@id":"https:\/\/optimate1.com\/product\/cbleo-49\/#primaryimage"},"thumbnailUrl":"https:\/\/optimate1.com\/wp-content\/uploads\/2023\/02\/O49-1-de.png","datePublished":"2023-02-06T13:15:49+00:00","dateModified":"2023-02-16T14:00:39+00:00","description":"Passen Sie Ihr OptiMate 24V-Batterieladeger\u00e4t an, um die Leistung der 24V-Batterie in Ihren medizinischen Ger\u00e4ten zu optimieren! Weiterlesen!","breadcrumb":{"@id":"https:\/\/optimate1.com\/product\/cbleo-49\/#breadcrumb"},"inLanguage":"de","potentialAction":[{"@type":"ReadAction","target":["https:\/\/optimate1.com\/product\/cbleo-49\/"]}]},{"@type":"ImageObject","inLanguage":"de","@id":"https:\/\/optimate1.com\/product\/cbleo-49\/#primaryimage","url":"https:\/\/optimate1.com\/wp-content\/uploads\/2023\/02\/O49-1-de.png","contentUrl":"https:\/\/optimate1.com\/wp-content\/uploads\/2023\/02\/O49-1-de.png","width":1500,"height":1500,"caption":"O-49-Adapter, SAE-auf-XLR-3-Pin-Stecker zum Laden von 24V-Batterien"},{"@type":"BreadcrumbList","@id":"https:\/\/optimate1.com\/product\/cbleo-49\/#breadcrumb","itemListElement":[{"@type":"ListItem","position":1,"name":"Home","item":"https:\/\/optimate1.com\/"},{"@type":"ListItem","position":2,"name":"Produkte","item":"https:\/\/optimate1.com\/shop\/"},{"@type":"ListItem","position":3,"name":"OptiMate CABLE O-49"}]},{"@type":"WebSite","@id":"https:\/\/optimate1.com\/#website","url":"https:\/\/optimate1.com\/","name":"OptiMate","description":"Battery Chargers &amp; Accessories","publisher":{"@id":"https:\/\/optimate1.com\/#organization"},"potentialAction":[{"@type":"SearchAction","target":{"@type":"EntryPoint","urlTemplate":"https:\/\/optimate1.com\/?s={search_term_string}"},"query-input":{"@type":"PropertyValueSpecification","valueRequired":true,"valueName":"search_term_string"}}],"inLanguage":"de"},{"@type":"Organization","@id":"https:\/\/optimate1.com\/#organization","name":"OptiMate","url":"https:\/\/optimate1.com\/","logo":{"@type":"ImageObject","inLanguage":"de","@id":"https:\/\/optimate1.com\/#\/schema\/logo\/image\/","url":"https:\/\/optimate1.com\/wp-content\/uploads\/2021\/06\/optimate-hpbc-stacklogo.jpg","contentUrl":"https:\/\/optimate1.com\/wp-content\/uploads\/2021\/06\/optimate-hpbc-stacklogo.jpg","width":1025,"height":529,"caption":"OptiMate"},"image":{"@id":"https:\/\/optimate1.com\/#\/schema\/logo\/image\/"},"sameAs":["https:\/\/www.facebook.com\/OptiMatebatterysavingcharger\/"]}]}},"_links":{"self":[{"href":"https:\/\/optimate1.com\/de\/wp-json\/wp\/v2\/product\/31793","targetHints":{"allow":["GET"]}}],"collection":[{"href":"https:\/\/optimate1.com\/de\/wp-json\/wp\/v2\/product"}],"about":[{"href":"https:\/\/optimate1.com\/de\/wp-json\/wp\/v2\/types\/product"}],"wp:featuredmedia":[{"embeddable":true,"href":"https:\/\/optimate1.com\/de\/wp-json\/wp\/v2\/media\/31801"}],"wp:attachment":[{"href":"https:\/\/optimate1.com\/de\/wp-json\/wp\/v2\/media?parent=31793"}],"wp:term":[{"taxonomy":"product_brand","embeddable":true,"href":"https:\/\/optimate1.com\/de\/wp-json\/wp\/v2\/product_brand?post=31793"},{"taxonomy":"product_cat","embeddable":true,"href":"https:\/\/optimate1.com\/de\/wp-json\/wp\/v2\/product_cat?post=31793"},{"taxonomy":"product_tag","embeddable":true,"href":"https:\/\/optimate1.com\/de\/wp-json\/wp\/v2\/product_tag?post=31793"}],"curies":[{"name":"wp","href":"https:\/\/api.w.org\/{rel}","templated":true}]}}