{"id":33001,"date":"2023-05-15T09:07:06","date_gmt":"2023-05-15T13:07:06","guid":{"rendered":"https:\/\/optimate1.com\/product\/usbo-119\/"},"modified":"2026-04-16T04:46:17","modified_gmt":"2026-04-16T08:46:17","slug":"usbo-119","status":"publish","type":"product","link":"https:\/\/optimate1.com\/de\/product\/usbo-119\/","title":{"rendered":"OptiMate USB O-119"},"content":{"rendered":"<h3 class=\"entry-summary hidden-phone\"><strong>Das tragbare 3300-mA-Dual-USB-Ladeger\u00e4t mit USB-A- und USB-C-Anschluss und 180\u00b0-BIKE-Stecker f\u00fcr Ihr Triumph-, Ducati Multistrada- oder BMW-Motorrad<\/strong> &#8211; <i>Die beste Wahl f\u00fcr Triumph 800 und die neueste Ducati MultiStrada.<\/i><\/h3>\n<h6 style=\"text-align: center;\"><img loading=\"lazy\" decoding=\"async\" class=\"aligncenter wp-image-20876\" src=\"https:\/\/optimate1.com\/wp-content\/uploads\/2023\/05\/O-119-length-copy-6.png\" alt=\"O-118 motorcycle USB c charger cable length + O-31 battery cable extension.\" width=\"400\" height=\"50\" \/><\/h6>\n<h6 style=\"text-align: center;\"><strong><span style=\"color: #10069f;\"><b><br \/>\n1x USB-A-Anschluss und 1x USB-C-Anschluss<\/b> &#8211; <\/span><\/strong><i><span style=\"color: #10069f;\">Inline 180\u00b0 DIN-Stecker!<\/span><\/i><\/h6>\n<p>&nbsp;<\/p>\n<h6 style=\"text-align: center;\"><img loading=\"lazy\" decoding=\"async\" class=\"aligncenter wp-image-20876\" src=\"https:\/\/optimate1.com\/wp-content\/uploads\/2023\/06\/USB-C-USB-A-copy.png\" alt=\"3300mA motorcycle usb c charger at 5V.\" width=\"328\" height=\"70\" \/><\/h6>\n<h6 style=\"text-align: center;\"><strong><span style=\"color: #10069f;\"><b>Leistungsstarker 3300-mA-Ladestrom, der vom USB-C-Anschluss geliefert wird oder der Strom geteilt wird, wenn auch der USB-A-Anschluss verwendet wird <\/b><\/span><\/strong><strong><span style=\"color: #10069f;\">&#8211; <\/span><\/strong><span style=\"color: #10069f;\"><i>Schnelles und sicheres Aufladen f\u00fcr alle USB-C- und USB-A-Ger\u00e4te!<\/i><\/span><\/h6>\n<p>&nbsp;<\/p>\n<h6 style=\"text-align: center;\"><img loading=\"lazy\" decoding=\"async\" class=\"aligncenter wp-image-20660\" src=\"https:\/\/optimate1.com\/wp-content\/uploads\/2023\/05\/battery-range-copy-5.png\" alt=\"The O-118 motorcycle usb c charger is ideal for connection to 12V AGM &amp; 12.8V LiFeP04 \/ LFP lithium batteries, found in your motorcycle.\" width=\"370\" height=\"50\" \/><img loading=\"lazy\" decoding=\"async\" class=\"aligncenter wp-image-20668\" src=\"https:\/\/optimate1.com\/wp-content\/uploads\/2023\/05\/devices-2-copy-2.png\" alt=\"The O-118 motorcycle usb c charger charges your phone, GPS, camera or tablet.\" width=\"400\" height=\"100\" \/><strong><span style=\"color: #10069f;\">Funktioniert auf Ihrer Ducati M\/S, BMW oder Triumph, die mit einer modernen 12V-Batterie, Blei-S\u00e4ure (Pb \/ AGM) oder Lithium-Ionen (LiFeP04 \/ LFP) ausgestattet ist. &#8211; <\/span><\/strong><span style=\"color: #10069f;\"><i>Entl\u00e4dt die Batterie nicht, wenn das Fahrzeug geparkt ist!<\/i><\/span><\/h6>\n<p>&nbsp;<\/p>\n<h4 style=\"text-align: center;\"><span style=\"text-decoration: underline;\"><strong>WEITERE MERKMALE:<\/strong><\/span><\/h4>\n<p style=\"text-align: center;\">\n<table id=\"tablepress-250\" class=\"tablepress tablepress-id-250\">\n<tbody class=\"row-hover\">\n<tr class=\"row-1\">\n\t<td class=\"column-1\"><a href=\"\"><img loading=\"lazy\" decoding=\"async\" src=\"https:\/\/optimate1.com\/wp-content\/uploads\/2022\/09\/o-118-table-1.png\" alt=\"\" width=\"300\" height=\"50\" class=\"aligncenter size-medium wp-image-20982\" \/><\/a><body><h6><center>Fahrzeugbatterie Volt \u2265 13.3V: USB on.<\/center><\/h6><\/body><\/td>\n<\/tr>\n<tr class=\"row-2\">\n\t<td class=\"column-1\"><a href=\"\"><img loading=\"lazy\" decoding=\"async\" src=\"https:\/\/optimate1.com\/wp-content\/uploads\/2022\/09\/o-118-table-1-copy.png\" alt=\"\" width=\"300\" height=\"50\" class=\"aligncenter size-medium wp-image-20993\" \/><\/a><body><h6><center>Der integrierte Schutz schaltet den USB-Ladevorgang nach einer Stunde ab, um zu verhindern, dass die Batterie Ihres geparkten Fahrzeugs leer wird.<\/body><\/h6><\/center><\/td>\n<\/tr>\n<tr class=\"row-3\">\n\t<td class=\"column-1\"><a href=\"\"><img loading=\"lazy\" decoding=\"async\" src=\"https:\/\/optimate1.com\/wp-content\/uploads\/2022\/01\/weather-icon-2-01.png\" alt=\"\" width=\"300\" height=\"40\" class=\"aligncenter size-medium wp-image-21012\" \/><\/a><body><h6><center>F\u00fcr normale Temperaturen und den Einsatz im Freien.<\/body><\/h6><\/center><\/td>\n<\/tr>\n<\/tbody>\n<\/table>\n<!-- #tablepress-250 from cache --><\/p>\n","protected":false},"excerpt":{"rendered":"<h3><span style=\"color: #cd202c;\">Wetterfestes 3300-mA-USB-Ladeger\u00e4t mit zwei Ausg\u00e4ngen und BIKE-Stecker (passend f\u00fcr BMW, Triumph, Ducati Multistrada)<\/span><\/h3>\n","protected":false},"featured_media":33014,"template":"","meta":[],"product_brand":[],"product_cat":[1319,2248],"product_tag":[],"class_list":{"0":"post-33001","1":"product","2":"type-product","3":"status-publish","4":"has-post-thumbnail","6":"product_cat-usb-de","7":"product_cat-accessories-de","8":"pa_region-ca-de-2","9":"pa_region-eu-de-2","10":"pa_region-uk-de-2","11":"pa_region-us-de-2","12":"pa_special-use-2-x-usb-ports-de","13":"pa_special-use-auto-on-off-de","14":"pa_special-use-bmw-motorad-triumph-de","15":"pa_special-use-ducati-multistrada-de","16":"pa_special-use-triumph-tiger-800-de","17":"pa_usb-product-usb-charger-de","18":"pa_vehicle-connection-socket-din-hella-de","19":"iside_usb_product-usb-charger-de","20":"iside_vehicle_connection-socket-din-hella-de","21":"iside_special_use-2-x-usb-ports-de","22":"iside_special_use-auto-on-off-de","23":"iside_special_use-bmw-motorad-triumph-de","24":"iside_special_use-ducati-multistrada-de","25":"iside_special_use-triumph-tiger-800-de","26":"thunk-woo-product-list","27":"opn-qv-enable","28":"big-store-woo-hover-","29":"open-single-product-tab-horizontal","30":"open-shadow-","31":"open-shadow-hover-","33":"first","34":"instock","35":"featured","36":"shipping-taxable","37":"purchasable","38":"product-type-simple"},"yoast_head":"<!-- This site is optimized with the Yoast SEO plugin v27.4 - https:\/\/yoast.com\/product\/yoast-seo-wordpress\/ -->\n<title>OptiMate USB O-119 - OptiMate<\/title>\n<meta name=\"description\" content=\"OptiMate USB O-119 ist ein Dual-USB-Ladeger\u00e4t. Es handelt sich um einen 3300-mA-Ladeger\u00e4t-BIKE-Stecker f\u00fcr Ihr Triumph- oder BMW-Motorrad.\" \/>\n<meta name=\"robots\" content=\"index, follow, max-snippet:-1, max-image-preview:large, max-video-preview:-1, noarchive\" \/>\n<link rel=\"canonical\" href=\"https:\/\/optimate1.com\/de\/product\/usbo-119\/\" \/>\n<meta property=\"og:locale\" content=\"de_DE\" \/>\n<meta property=\"og:type\" content=\"article\" \/>\n<meta property=\"og:title\" content=\"OptiMate USB O-119 - OptiMate\" \/>\n<meta property=\"og:description\" content=\"OptiMate USB O-119 ist ein Dual-USB-Ladeger\u00e4t. Es handelt sich um einen 3300-mA-Ladeger\u00e4t-BIKE-Stecker f\u00fcr Ihr Triumph- oder BMW-Motorrad.\" \/>\n<meta property=\"og:url\" content=\"https:\/\/optimate1.com\/de\/product\/usbo-119\/\" \/>\n<meta property=\"og:site_name\" content=\"OptiMate\" \/>\n<meta property=\"article:publisher\" content=\"https:\/\/www.facebook.com\/OptiMatebatterysavingcharger\/\" \/>\n<meta property=\"article:modified_time\" content=\"2026-04-16T08:46:17+00:00\" \/>\n<meta property=\"og:image\" content=\"https:\/\/optimate1.com\/wp-content\/uploads\/2023\/06\/O119-DE.png\" \/>\n\t<meta property=\"og:image:width\" content=\"1500\" \/>\n\t<meta property=\"og:image:height\" content=\"1500\" \/>\n\t<meta property=\"og:image:type\" content=\"image\/png\" \/>\n<meta name=\"twitter:card\" content=\"summary_large_image\" \/>\n<meta name=\"twitter:label1\" content=\"Gesch\u00e4tzte Lesezeit\" \/>\n\t<meta name=\"twitter:data1\" content=\"2\u00a0Minuten\" \/>\n<script type=\"application\/ld+json\" class=\"yoast-schema-graph\">{\"@context\":\"https:\\\/\\\/schema.org\",\"@graph\":[{\"@type\":\"WebPage\",\"@id\":\"https:\\\/\\\/optimate1.com\\\/de\\\/product\\\/usbo-119\\\/\",\"url\":\"https:\\\/\\\/optimate1.com\\\/de\\\/product\\\/usbo-119\\\/\",\"name\":\"OptiMate USB O-119 - OptiMate\",\"isPartOf\":{\"@id\":\"https:\\\/\\\/optimate1.com\\\/#website\"},\"primaryImageOfPage\":{\"@id\":\"https:\\\/\\\/optimate1.com\\\/de\\\/product\\\/usbo-119\\\/#primaryimage\"},\"image\":{\"@id\":\"https:\\\/\\\/optimate1.com\\\/de\\\/product\\\/usbo-119\\\/#primaryimage\"},\"thumbnailUrl\":\"https:\\\/\\\/optimate1.com\\\/wp-content\\\/uploads\\\/2023\\\/06\\\/O119-DE.png\",\"datePublished\":\"2023-05-15T13:07:06+00:00\",\"dateModified\":\"2026-04-16T08:46:17+00:00\",\"description\":\"OptiMate USB O-119 ist ein Dual-USB-Ladeger\u00e4t. Es handelt sich um einen 3300-mA-Ladeger\u00e4t-BIKE-Stecker f\u00fcr Ihr Triumph- oder BMW-Motorrad.\",\"breadcrumb\":{\"@id\":\"https:\\\/\\\/optimate1.com\\\/de\\\/product\\\/usbo-119\\\/#breadcrumb\"},\"inLanguage\":\"de\",\"potentialAction\":[{\"@type\":\"ReadAction\",\"target\":[\"https:\\\/\\\/optimate1.com\\\/de\\\/product\\\/usbo-119\\\/\"]}]},{\"@type\":\"ImageObject\",\"inLanguage\":\"de\",\"@id\":\"https:\\\/\\\/optimate1.com\\\/de\\\/product\\\/usbo-119\\\/#primaryimage\",\"url\":\"https:\\\/\\\/optimate1.com\\\/wp-content\\\/uploads\\\/2023\\\/06\\\/O119-DE.png\",\"contentUrl\":\"https:\\\/\\\/optimate1.com\\\/wp-content\\\/uploads\\\/2023\\\/06\\\/O119-DE.png\",\"width\":1500,\"height\":1500},{\"@type\":\"BreadcrumbList\",\"@id\":\"https:\\\/\\\/optimate1.com\\\/de\\\/product\\\/usbo-119\\\/#breadcrumb\",\"itemListElement\":[{\"@type\":\"ListItem\",\"position\":1,\"name\":\"Home\",\"item\":\"https:\\\/\\\/optimate1.com\\\/\"},{\"@type\":\"ListItem\",\"position\":2,\"name\":\"Produkte\",\"item\":\"https:\\\/\\\/optimate1.com\\\/shop\\\/\"},{\"@type\":\"ListItem\",\"position\":3,\"name\":\"OptiMate USB O-119\"}]},{\"@type\":\"WebSite\",\"@id\":\"https:\\\/\\\/optimate1.com\\\/#website\",\"url\":\"https:\\\/\\\/optimate1.com\\\/\",\"name\":\"OptiMate\",\"description\":\"Battery Chargers &amp; Accessories\",\"publisher\":{\"@id\":\"https:\\\/\\\/optimate1.com\\\/#organization\"},\"potentialAction\":[{\"@type\":\"SearchAction\",\"target\":{\"@type\":\"EntryPoint\",\"urlTemplate\":\"https:\\\/\\\/optimate1.com\\\/?s={search_term_string}\"},\"query-input\":{\"@type\":\"PropertyValueSpecification\",\"valueRequired\":true,\"valueName\":\"search_term_string\"}}],\"inLanguage\":\"de\"},{\"@type\":\"Organization\",\"@id\":\"https:\\\/\\\/optimate1.com\\\/#organization\",\"name\":\"OptiMate\",\"url\":\"https:\\\/\\\/optimate1.com\\\/\",\"logo\":{\"@type\":\"ImageObject\",\"inLanguage\":\"de\",\"@id\":\"https:\\\/\\\/optimate1.com\\\/#\\\/schema\\\/logo\\\/image\\\/\",\"url\":\"https:\\\/\\\/optimate1.com\\\/wp-content\\\/uploads\\\/2021\\\/06\\\/optimate-hpbc-stacklogo.jpg\",\"contentUrl\":\"https:\\\/\\\/optimate1.com\\\/wp-content\\\/uploads\\\/2021\\\/06\\\/optimate-hpbc-stacklogo.jpg\",\"width\":1025,\"height\":529,\"caption\":\"OptiMate\"},\"image\":{\"@id\":\"https:\\\/\\\/optimate1.com\\\/#\\\/schema\\\/logo\\\/image\\\/\"},\"sameAs\":[\"https:\\\/\\\/www.facebook.com\\\/OptiMatebatterysavingcharger\\\/\"]}]}<\/script>\n<!-- \/ Yoast SEO plugin. -->","yoast_head_json":{"title":"OptiMate USB O-119 - OptiMate","description":"OptiMate USB O-119 ist ein Dual-USB-Ladeger\u00e4t. Es handelt sich um einen 3300-mA-Ladeger\u00e4t-BIKE-Stecker f\u00fcr Ihr Triumph- oder BMW-Motorrad.","robots":{"index":"index","follow":"follow","max-snippet":"max-snippet:-1","max-image-preview":"max-image-preview:large","max-video-preview":"max-video-preview:-1","archive":"noarchive"},"canonical":"https:\/\/optimate1.com\/de\/product\/usbo-119\/","og_locale":"de_DE","og_type":"article","og_title":"OptiMate USB O-119 - OptiMate","og_description":"OptiMate USB O-119 ist ein Dual-USB-Ladeger\u00e4t. Es handelt sich um einen 3300-mA-Ladeger\u00e4t-BIKE-Stecker f\u00fcr Ihr Triumph- oder BMW-Motorrad.","og_url":"https:\/\/optimate1.com\/de\/product\/usbo-119\/","og_site_name":"OptiMate","article_publisher":"https:\/\/www.facebook.com\/OptiMatebatterysavingcharger\/","article_modified_time":"2026-04-16T08:46:17+00:00","og_image":[{"width":1500,"height":1500,"url":"https:\/\/optimate1.com\/wp-content\/uploads\/2023\/06\/O119-DE.png","type":"image\/png"}],"twitter_card":"summary_large_image","twitter_misc":{"Gesch\u00e4tzte Lesezeit":"2\u00a0Minuten"},"schema":{"@context":"https:\/\/schema.org","@graph":[{"@type":"WebPage","@id":"https:\/\/optimate1.com\/de\/product\/usbo-119\/","url":"https:\/\/optimate1.com\/de\/product\/usbo-119\/","name":"OptiMate USB O-119 - OptiMate","isPartOf":{"@id":"https:\/\/optimate1.com\/#website"},"primaryImageOfPage":{"@id":"https:\/\/optimate1.com\/de\/product\/usbo-119\/#primaryimage"},"image":{"@id":"https:\/\/optimate1.com\/de\/product\/usbo-119\/#primaryimage"},"thumbnailUrl":"https:\/\/optimate1.com\/wp-content\/uploads\/2023\/06\/O119-DE.png","datePublished":"2023-05-15T13:07:06+00:00","dateModified":"2026-04-16T08:46:17+00:00","description":"OptiMate USB O-119 ist ein Dual-USB-Ladeger\u00e4t. Es handelt sich um einen 3300-mA-Ladeger\u00e4t-BIKE-Stecker f\u00fcr Ihr Triumph- oder BMW-Motorrad.","breadcrumb":{"@id":"https:\/\/optimate1.com\/de\/product\/usbo-119\/#breadcrumb"},"inLanguage":"de","potentialAction":[{"@type":"ReadAction","target":["https:\/\/optimate1.com\/de\/product\/usbo-119\/"]}]},{"@type":"ImageObject","inLanguage":"de","@id":"https:\/\/optimate1.com\/de\/product\/usbo-119\/#primaryimage","url":"https:\/\/optimate1.com\/wp-content\/uploads\/2023\/06\/O119-DE.png","contentUrl":"https:\/\/optimate1.com\/wp-content\/uploads\/2023\/06\/O119-DE.png","width":1500,"height":1500},{"@type":"BreadcrumbList","@id":"https:\/\/optimate1.com\/de\/product\/usbo-119\/#breadcrumb","itemListElement":[{"@type":"ListItem","position":1,"name":"Home","item":"https:\/\/optimate1.com\/"},{"@type":"ListItem","position":2,"name":"Produkte","item":"https:\/\/optimate1.com\/shop\/"},{"@type":"ListItem","position":3,"name":"OptiMate USB O-119"}]},{"@type":"WebSite","@id":"https:\/\/optimate1.com\/#website","url":"https:\/\/optimate1.com\/","name":"OptiMate","description":"Battery Chargers &amp; Accessories","publisher":{"@id":"https:\/\/optimate1.com\/#organization"},"potentialAction":[{"@type":"SearchAction","target":{"@type":"EntryPoint","urlTemplate":"https:\/\/optimate1.com\/?s={search_term_string}"},"query-input":{"@type":"PropertyValueSpecification","valueRequired":true,"valueName":"search_term_string"}}],"inLanguage":"de"},{"@type":"Organization","@id":"https:\/\/optimate1.com\/#organization","name":"OptiMate","url":"https:\/\/optimate1.com\/","logo":{"@type":"ImageObject","inLanguage":"de","@id":"https:\/\/optimate1.com\/#\/schema\/logo\/image\/","url":"https:\/\/optimate1.com\/wp-content\/uploads\/2021\/06\/optimate-hpbc-stacklogo.jpg","contentUrl":"https:\/\/optimate1.com\/wp-content\/uploads\/2021\/06\/optimate-hpbc-stacklogo.jpg","width":1025,"height":529,"caption":"OptiMate"},"image":{"@id":"https:\/\/optimate1.com\/#\/schema\/logo\/image\/"},"sameAs":["https:\/\/www.facebook.com\/OptiMatebatterysavingcharger\/"]}]}},"_links":{"self":[{"href":"https:\/\/optimate1.com\/de\/wp-json\/wp\/v2\/product\/33001","targetHints":{"allow":["GET"]}}],"collection":[{"href":"https:\/\/optimate1.com\/de\/wp-json\/wp\/v2\/product"}],"about":[{"href":"https:\/\/optimate1.com\/de\/wp-json\/wp\/v2\/types\/product"}],"wp:featuredmedia":[{"embeddable":true,"href":"https:\/\/optimate1.com\/de\/wp-json\/wp\/v2\/media\/33014"}],"wp:attachment":[{"href":"https:\/\/optimate1.com\/de\/wp-json\/wp\/v2\/media?parent=33001"}],"wp:term":[{"taxonomy":"product_brand","embeddable":true,"href":"https:\/\/optimate1.com\/de\/wp-json\/wp\/v2\/product_brand?post=33001"},{"taxonomy":"product_cat","embeddable":true,"href":"https:\/\/optimate1.com\/de\/wp-json\/wp\/v2\/product_cat?post=33001"},{"taxonomy":"product_tag","embeddable":true,"href":"https:\/\/optimate1.com\/de\/wp-json\/wp\/v2\/product_tag?post=33001"}],"curies":[{"name":"wp","href":"https:\/\/api.w.org\/{rel}","templated":true}]}}