{"id":33370,"date":"2023-08-09T04:56:14","date_gmt":"2023-08-09T08:56:14","guid":{"rendered":"https:\/\/optimate1.com\/product\/optimate-cable-o-31s-jar\/"},"modified":"2026-02-25T04:51:18","modified_gmt":"2026-02-25T09:51:18","slug":"optimate-cable-o-31s-jar","status":"publish","type":"product","link":"https:\/\/optimate1.com\/de\/product\/optimate-cable-o-31s-jar\/","title":{"rendered":"O-31s Batteriekabel x20 |Ring\u00f6se M6 > SAE slim | 7A max"},"content":{"rendered":"<h3 class=\"entry-summary hidden-phone\"><strong>Einfache dauerhafte wetterfeste Verbindung mit schlankem SAE-Stecker zur 12V-Blei-S\u00e4ure- und 12.8V-\/13.2V-LiFePO4-\/LFP-Lithiumbatterie in Ihrem Powersport-Fahrzeug.<\/strong><\/h3>\n<h6 style=\"text-align: center;\"><img loading=\"lazy\" decoding=\"async\" class=\"aligncenter wp-image-20668\" src=\"https:\/\/optimate1.com\/wp-content\/uploads\/2023\/03\/Vehicle-range-OML-O-31.png\" alt=\"The lithium battery connector is recommend for ATV, motorcycles, motorbike and dirtbike.\" width=\"528\" height=\"132\" \/><\/h6>\n<h6 style=\"text-align: center;\"><strong><span style=\"color: #10069f;\">F\u00fcr Powersport-Batterien geeignet <\/span><\/strong><span style=\"color: #10069f;\">&#8211; <\/span><span style=\"color: #10069f;\"><i>Ringkabelschuhe passen auf Standard-M6-Schrauben (1\/4 Zoll) an Motorr\u00e4dern &amp; ATV 12.8V\/13.2V LiFePO4 \/ LFP-Lithiumbatterien.<\/i><\/span><\/h6>\n<p>&nbsp;<\/p>\n<h6 style=\"text-align: center;\"><img loading=\"lazy\" decoding=\"async\" class=\"aligncenter wp-image-20876\" src=\"https:\/\/optimate1.com\/wp-content\/uploads\/2023\/08\/ziptie-slits-copy.png\" alt=\"slots for velcro \/ cable strap\" width=\"428\" height=\"70\" \/><\/h6>\n<h6 style=\"text-align: center;\"><strong><span style=\"color: #10069f;\">Mit schlankem SAE-Anschluss <\/span><\/strong><span style=\"color: #10069f;\">&#8211; <\/span><span style=\"color: #10069f;\"><i>16mm 21\/32&#8243; x 8mm 11\/32&#8243;.<\/i><\/span><\/h6>\n<p>&nbsp;<\/p>\n<h6 style=\"text-align: center;\"><img loading=\"lazy\" decoding=\"async\" class=\"aligncenter wp-image-20876\" src=\"https:\/\/optimate1.com\/wp-content\/uploads\/2023\/08\/O-31s-premium-specifications.png\" alt=\"ringlets that perfectly fit to lithium power sport battery terminals with 7.5A fuse that protects the -40\u00b0 rated cable and electronics\" width=\"428\" height=\"70\" \/><\/h6>\n<h6 style=\"text-align: center;\"><strong><span style=\"color: #10069f;\"><b>Premium-Spezifikationen <\/b><\/span><\/strong><span style=\"color: #10069f;\">\u2013 <\/span><span style=\"color: #10069f;\"><i>50cm (20 Zoll) L\u00e4nge, 7.5A-Sicherung, f\u00fcr -40\u00b0 ausgelegtes Kabel, 5A (7A max.) Nennstrom, schlanker SAE-Ladeanschluss.<\/i><\/span><\/h6>\n<p>&nbsp;<\/p>\n<h4 style=\"text-align: center;\"><span style=\"text-decoration: underline;\"><strong>MEHR FUNKTIONEN:<\/strong><\/span><\/h4>\n<p style=\"text-align: center;\">\n<table id=\"tablepress-361\" class=\"tablepress tablepress-id-361\">\n<tbody class=\"row-hover\">\n<tr class=\"row-1\">\n\t<td class=\"column-1\"><a href=\"\"><img loading=\"lazy\" decoding=\"async\" src=\"https:\/\/optimate1.com\/wp-content\/uploads\/2023\/08\/includes-black-and-green-sealing-cap-copy-4.png\" alt=\"\" width=\"600\" height=\"50\" class=\"aligncenter size-medium wp-image-20982\" \/><\/a><body><h6><center>inbegriffen schwarze und gr\u00fcne Kappe (Li).<\/center><\/h6><\/body><\/td>\n<\/tr>\n<tr class=\"row-2\">\n\t<td class=\"column-1\"><a href=\"\"><img loading=\"lazy\" decoding=\"async\" src=\"https:\/\/optimate1.com\/wp-content\/uploads\/2023\/03\/SPT-2.png\" alt=\"\" width=\"300\" height=\"40\" class=\"aligncenter size-medium wp-image-20993\" \/><\/a><body><h6><center>Dickere Isolierung f\u00fcr besseren Schutz.<\/body><\/h6><\/center><\/td>\n<\/tr>\n<tr class=\"row-3\">\n\t<td class=\"column-1\"><a href=\"\"><img loading=\"lazy\" decoding=\"async\" src=\"https:\/\/optimate1.com\/wp-content\/uploads\/2023\/03\/18AWG.png\" alt=\"\" width=\"300\" height=\"40\" class=\"aligncenter size-medium wp-image-21012\" \/><\/a><body><h6><center>Nennstrom: 5A mit. \/ 7A max.<\/body><\/h6><\/center><\/td>\n<\/tr>\n<tr class=\"row-4\">\n\t<td class=\"column-1\"><a href=\"\"><img loading=\"lazy\" decoding=\"async\" src=\"https:\/\/optimate1.com\/wp-content\/uploads\/2021\/11\/weather-icon-copy_600px-01.png\" alt=\"\" width=\"600\" height=\"40\" class=\"aligncenter size-medium wp-image-21012\" \/><\/a><body><h6><center>Geeignet f\u00fcr den Einsatz bei niedrigen Temperaturen und im Freien.<\/body><\/h6><\/center><\/td>\n<\/tr>\n<\/tbody>\n<\/table>\n<!-- #tablepress-361 from cache --><\/p>\n","protected":false},"excerpt":{"rendered":"<h3>Wetterfestes Batteriekabel mit schwarzer und gr\u00fcner (Lithium-)Kappe<\/h3>\n","protected":false},"featured_media":33352,"template":"","meta":[],"product_brand":[],"product_cat":[1061],"product_tag":[],"class_list":{"0":"post-33370","1":"product","2":"type-product","3":"status-publish","4":"has-post-thumbnail","6":"product_cat-cablesconnectors-de","7":"pa_cable-type-battery-lead-de","8":"pa_connector-type-ring-m6-1-4-de","9":"pa_region-ca-de-2","10":"pa_region-eu-de-2","11":"pa_region-uk-de-2","12":"pa_region-us-de-2","13":"iside_cable_type-battery-lead-de","14":"recommended_for-optimate-1-1-duo-de","15":"recommended_for-optimate-2-2-duo-de","16":"recommended_for-optimate-3-de","17":"recommended_for-optimate-4-de","18":"recommended_for-optimate-dc-dc-de","19":"recommended_for-optimate-solar-duo-de","20":"compatible_with-batterie-motor-pwc","21":"thunk-woo-product-list","22":"opn-qv-enable","23":"big-store-woo-hover-","24":"open-single-product-tab-horizontal","25":"open-shadow-","26":"open-shadow-hover-","28":"first","29":"instock","30":"featured","31":"shipping-taxable","32":"purchasable","33":"product-type-simple"},"yoast_head":"<!-- This site is optimized with the Yoast SEO plugin v27.2 - https:\/\/yoast.com\/product\/yoast-seo-wordpress\/ -->\n<title>O-31s Batteriekabel x20 |Ring\u00f6se M6 &gt; SAE slim | 7A max - OptiMate<\/title>\n<meta name=\"description\" content=\"Das OptiMate CABLE O-31s x20 ist ideal f\u00fcr den Anschluss einer Starterbatterie und verf\u00fcgt \u00fcber einen schlanken SAE-Stecker.\" \/>\n<meta name=\"robots\" content=\"index, follow, max-snippet:-1, max-image-preview:large, max-video-preview:-1, noarchive\" \/>\n<link rel=\"canonical\" href=\"https:\/\/optimate1.com\/product\/optimate-cable-o-31s-jar\/\" \/>\n<meta property=\"og:locale\" content=\"de_DE\" \/>\n<meta property=\"og:type\" content=\"article\" \/>\n<meta property=\"og:title\" content=\"O-31s Batteriekabel x20 |Ring\u00f6se M6 &gt; SAE slim | 7A max - OptiMate\" \/>\n<meta property=\"og:description\" content=\"Das OptiMate CABLE O-31s x20 ist ideal f\u00fcr den Anschluss einer Starterbatterie und verf\u00fcgt \u00fcber einen schlanken SAE-Stecker.\" \/>\n<meta property=\"og:url\" content=\"https:\/\/optimate1.com\/product\/optimate-cable-o-31s-jar\/\" \/>\n<meta property=\"og:site_name\" content=\"OptiMate\" \/>\n<meta property=\"article:publisher\" content=\"https:\/\/www.facebook.com\/OptiMatebatterysavingcharger\/\" \/>\n<meta property=\"article:modified_time\" content=\"2026-02-25T09:51:18+00:00\" \/>\n<meta property=\"og:image\" content=\"https:\/\/optimate1.com\/wp-content\/uploads\/2023\/08\/O31s-JAR-05.png\" \/>\n\t<meta property=\"og:image:width\" content=\"1500\" \/>\n\t<meta property=\"og:image:height\" content=\"1500\" \/>\n\t<meta property=\"og:image:type\" content=\"image\/png\" \/>\n<meta name=\"twitter:card\" content=\"summary_large_image\" \/>\n<meta name=\"twitter:label1\" content=\"Gesch\u00e4tzte Lesezeit\" \/>\n\t<meta name=\"twitter:data1\" content=\"1\u00a0Minute\" \/>\n<script type=\"application\/ld+json\" class=\"yoast-schema-graph\">{\"@context\":\"https:\/\/schema.org\",\"@graph\":[{\"@type\":\"WebPage\",\"@id\":\"https:\/\/optimate1.com\/product\/optimate-cable-o-31s-jar\/\",\"url\":\"https:\/\/optimate1.com\/product\/optimate-cable-o-31s-jar\/\",\"name\":\"O-31s Batteriekabel x20 |Ring\u00f6se M6 > SAE slim | 7A max - OptiMate\",\"isPartOf\":{\"@id\":\"https:\/\/optimate1.com\/#website\"},\"primaryImageOfPage\":{\"@id\":\"https:\/\/optimate1.com\/product\/optimate-cable-o-31s-jar\/#primaryimage\"},\"image\":{\"@id\":\"https:\/\/optimate1.com\/product\/optimate-cable-o-31s-jar\/#primaryimage\"},\"thumbnailUrl\":\"https:\/\/optimate1.com\/wp-content\/uploads\/2023\/08\/O31s-JAR-05.png\",\"datePublished\":\"2023-08-09T08:56:14+00:00\",\"dateModified\":\"2026-02-25T09:51:18+00:00\",\"description\":\"Das OptiMate CABLE O-31s x20 ist ideal f\u00fcr den Anschluss einer Starterbatterie und verf\u00fcgt \u00fcber einen schlanken SAE-Stecker.\",\"breadcrumb\":{\"@id\":\"https:\/\/optimate1.com\/product\/optimate-cable-o-31s-jar\/#breadcrumb\"},\"inLanguage\":\"de\",\"potentialAction\":[{\"@type\":\"ReadAction\",\"target\":[\"https:\/\/optimate1.com\/product\/optimate-cable-o-31s-jar\/\"]}]},{\"@type\":\"ImageObject\",\"inLanguage\":\"de\",\"@id\":\"https:\/\/optimate1.com\/product\/optimate-cable-o-31s-jar\/#primaryimage\",\"url\":\"https:\/\/optimate1.com\/wp-content\/uploads\/2023\/08\/O31s-JAR-05.png\",\"contentUrl\":\"https:\/\/optimate1.com\/wp-content\/uploads\/2023\/08\/O31s-JAR-05.png\",\"width\":1500,\"height\":1500},{\"@type\":\"BreadcrumbList\",\"@id\":\"https:\/\/optimate1.com\/product\/optimate-cable-o-31s-jar\/#breadcrumb\",\"itemListElement\":[{\"@type\":\"ListItem\",\"position\":1,\"name\":\"Home\",\"item\":\"https:\/\/optimate1.com\/\"},{\"@type\":\"ListItem\",\"position\":2,\"name\":\"Produkte\",\"item\":\"https:\/\/optimate1.com\/shop\/\"},{\"@type\":\"ListItem\",\"position\":3,\"name\":\"OptiMate CABLE O-31s x20\"}]},{\"@type\":\"WebSite\",\"@id\":\"https:\/\/optimate1.com\/#website\",\"url\":\"https:\/\/optimate1.com\/\",\"name\":\"OptiMate\",\"description\":\"Battery Chargers &amp; Accessories\",\"publisher\":{\"@id\":\"https:\/\/optimate1.com\/#organization\"},\"potentialAction\":[{\"@type\":\"SearchAction\",\"target\":{\"@type\":\"EntryPoint\",\"urlTemplate\":\"https:\/\/optimate1.com\/?s={search_term_string}\"},\"query-input\":{\"@type\":\"PropertyValueSpecification\",\"valueRequired\":true,\"valueName\":\"search_term_string\"}}],\"inLanguage\":\"de\"},{\"@type\":\"Organization\",\"@id\":\"https:\/\/optimate1.com\/#organization\",\"name\":\"OptiMate\",\"url\":\"https:\/\/optimate1.com\/\",\"logo\":{\"@type\":\"ImageObject\",\"inLanguage\":\"de\",\"@id\":\"https:\/\/optimate1.com\/#\/schema\/logo\/image\/\",\"url\":\"https:\/\/optimate1.com\/wp-content\/uploads\/2021\/06\/optimate-hpbc-stacklogo.jpg\",\"contentUrl\":\"https:\/\/optimate1.com\/wp-content\/uploads\/2021\/06\/optimate-hpbc-stacklogo.jpg\",\"width\":1025,\"height\":529,\"caption\":\"OptiMate\"},\"image\":{\"@id\":\"https:\/\/optimate1.com\/#\/schema\/logo\/image\/\"},\"sameAs\":[\"https:\/\/www.facebook.com\/OptiMatebatterysavingcharger\/\"]}]}<\/script>\n<!-- \/ Yoast SEO plugin. -->","yoast_head_json":{"title":"O-31s Batteriekabel x20 |Ring\u00f6se M6 > SAE slim | 7A max - OptiMate","description":"Das OptiMate CABLE O-31s x20 ist ideal f\u00fcr den Anschluss einer Starterbatterie und verf\u00fcgt \u00fcber einen schlanken SAE-Stecker.","robots":{"index":"index","follow":"follow","max-snippet":"max-snippet:-1","max-image-preview":"max-image-preview:large","max-video-preview":"max-video-preview:-1","archive":"noarchive"},"canonical":"https:\/\/optimate1.com\/product\/optimate-cable-o-31s-jar\/","og_locale":"de_DE","og_type":"article","og_title":"O-31s Batteriekabel x20 |Ring\u00f6se M6 > SAE slim | 7A max - OptiMate","og_description":"Das OptiMate CABLE O-31s x20 ist ideal f\u00fcr den Anschluss einer Starterbatterie und verf\u00fcgt \u00fcber einen schlanken SAE-Stecker.","og_url":"https:\/\/optimate1.com\/product\/optimate-cable-o-31s-jar\/","og_site_name":"OptiMate","article_publisher":"https:\/\/www.facebook.com\/OptiMatebatterysavingcharger\/","article_modified_time":"2026-02-25T09:51:18+00:00","og_image":[{"width":1500,"height":1500,"url":"https:\/\/optimate1.com\/wp-content\/uploads\/2023\/08\/O31s-JAR-05.png","type":"image\/png"}],"twitter_card":"summary_large_image","twitter_misc":{"Gesch\u00e4tzte Lesezeit":"1\u00a0Minute"},"schema":{"@context":"https:\/\/schema.org","@graph":[{"@type":"WebPage","@id":"https:\/\/optimate1.com\/product\/optimate-cable-o-31s-jar\/","url":"https:\/\/optimate1.com\/product\/optimate-cable-o-31s-jar\/","name":"O-31s Batteriekabel x20 |Ring\u00f6se M6 > SAE slim | 7A max - OptiMate","isPartOf":{"@id":"https:\/\/optimate1.com\/#website"},"primaryImageOfPage":{"@id":"https:\/\/optimate1.com\/product\/optimate-cable-o-31s-jar\/#primaryimage"},"image":{"@id":"https:\/\/optimate1.com\/product\/optimate-cable-o-31s-jar\/#primaryimage"},"thumbnailUrl":"https:\/\/optimate1.com\/wp-content\/uploads\/2023\/08\/O31s-JAR-05.png","datePublished":"2023-08-09T08:56:14+00:00","dateModified":"2026-02-25T09:51:18+00:00","description":"Das OptiMate CABLE O-31s x20 ist ideal f\u00fcr den Anschluss einer Starterbatterie und verf\u00fcgt \u00fcber einen schlanken SAE-Stecker.","breadcrumb":{"@id":"https:\/\/optimate1.com\/product\/optimate-cable-o-31s-jar\/#breadcrumb"},"inLanguage":"de","potentialAction":[{"@type":"ReadAction","target":["https:\/\/optimate1.com\/product\/optimate-cable-o-31s-jar\/"]}]},{"@type":"ImageObject","inLanguage":"de","@id":"https:\/\/optimate1.com\/product\/optimate-cable-o-31s-jar\/#primaryimage","url":"https:\/\/optimate1.com\/wp-content\/uploads\/2023\/08\/O31s-JAR-05.png","contentUrl":"https:\/\/optimate1.com\/wp-content\/uploads\/2023\/08\/O31s-JAR-05.png","width":1500,"height":1500},{"@type":"BreadcrumbList","@id":"https:\/\/optimate1.com\/product\/optimate-cable-o-31s-jar\/#breadcrumb","itemListElement":[{"@type":"ListItem","position":1,"name":"Home","item":"https:\/\/optimate1.com\/"},{"@type":"ListItem","position":2,"name":"Produkte","item":"https:\/\/optimate1.com\/shop\/"},{"@type":"ListItem","position":3,"name":"OptiMate CABLE O-31s x20"}]},{"@type":"WebSite","@id":"https:\/\/optimate1.com\/#website","url":"https:\/\/optimate1.com\/","name":"OptiMate","description":"Battery Chargers &amp; Accessories","publisher":{"@id":"https:\/\/optimate1.com\/#organization"},"potentialAction":[{"@type":"SearchAction","target":{"@type":"EntryPoint","urlTemplate":"https:\/\/optimate1.com\/?s={search_term_string}"},"query-input":{"@type":"PropertyValueSpecification","valueRequired":true,"valueName":"search_term_string"}}],"inLanguage":"de"},{"@type":"Organization","@id":"https:\/\/optimate1.com\/#organization","name":"OptiMate","url":"https:\/\/optimate1.com\/","logo":{"@type":"ImageObject","inLanguage":"de","@id":"https:\/\/optimate1.com\/#\/schema\/logo\/image\/","url":"https:\/\/optimate1.com\/wp-content\/uploads\/2021\/06\/optimate-hpbc-stacklogo.jpg","contentUrl":"https:\/\/optimate1.com\/wp-content\/uploads\/2021\/06\/optimate-hpbc-stacklogo.jpg","width":1025,"height":529,"caption":"OptiMate"},"image":{"@id":"https:\/\/optimate1.com\/#\/schema\/logo\/image\/"},"sameAs":["https:\/\/www.facebook.com\/OptiMatebatterysavingcharger\/"]}]}},"_links":{"self":[{"href":"https:\/\/optimate1.com\/de\/wp-json\/wp\/v2\/product\/33370","targetHints":{"allow":["GET"]}}],"collection":[{"href":"https:\/\/optimate1.com\/de\/wp-json\/wp\/v2\/product"}],"about":[{"href":"https:\/\/optimate1.com\/de\/wp-json\/wp\/v2\/types\/product"}],"wp:featuredmedia":[{"embeddable":true,"href":"https:\/\/optimate1.com\/de\/wp-json\/wp\/v2\/media\/33352"}],"wp:attachment":[{"href":"https:\/\/optimate1.com\/de\/wp-json\/wp\/v2\/media?parent=33370"}],"wp:term":[{"taxonomy":"product_brand","embeddable":true,"href":"https:\/\/optimate1.com\/de\/wp-json\/wp\/v2\/product_brand?post=33370"},{"taxonomy":"product_cat","embeddable":true,"href":"https:\/\/optimate1.com\/de\/wp-json\/wp\/v2\/product_cat?post=33370"},{"taxonomy":"product_tag","embeddable":true,"href":"https:\/\/optimate1.com\/de\/wp-json\/wp\/v2\/product_tag?post=33370"}],"curies":[{"name":"wp","href":"https:\/\/api.w.org\/{rel}","templated":true}]}}