{"id":36738,"date":"2024-05-28T05:30:20","date_gmt":"2024-05-28T09:30:20","guid":{"rendered":"https:\/\/optimate1.com\/?post_type=product&#038;p=36738"},"modified":"2026-02-04T06:28:31","modified_gmt":"2026-02-04T11:28:31","slug":"tm522d2ck","status":"publish","type":"product","link":"https:\/\/optimate1.com\/de\/product\/tm522d2ck\/","title":{"rendered":"OptiMate Solar DUO Car Kit mit 20W-Panel"},"content":{"rendered":"<h3 class=\"entry-summary hidden-phone\" style=\"text-align: center;\"><strong>Das solarbetriebene automatische Batterieladeger\u00e4t und Batteriewartungsger\u00e4t, das in der Kabine Ihres Autos, Pick-ups oder Wohnmobils (Freizeitfahrzeug) funktioniert. <\/strong>&#8211; <i>Perfekt f\u00fcr die Langzeitlagerung von Fahrzeugen, garantiert keine Batterieprobleme mehr!<\/i><\/h3>\n<p>&nbsp;<\/p>\n<h6 style=\"text-align: center;\"><strong><span style=\"color: #10069f;\">Ideal f\u00fcr Batterien in diesen Fahrzeugen.<\/span><\/strong><\/h6>\n<h6 style=\"text-align: center;\"><img loading=\"lazy\" decoding=\"async\" class=\"aligncenter wp-image-20668\" src=\"https:\/\/optimate1.com\/wp-content\/uploads\/2024\/06\/Vehicles-car-kit_2.png\" alt=\"The portable solar charger for car is recommended for ATV, motorcycles, jet skis, cars and lawn mowers. \" width=\"328\" height=\"66\" \/><\/h6>\n<p>&nbsp;<\/p>\n<h6 style=\"text-align: center;\"><strong><span style=\"color: #10069f;\">Schlie\u00dfen Sie das Ger\u00e4t mit dem O-37-gesicherten OBDII-Ladeadapter an den OBDII-Diagnoseanschluss des Fahrzeugs an, der sich unter oder in der N\u00e4he des Lenkrads befindet.<\/span><\/strong><\/h6>\n<h6 style=\"text-align: center;\"><img loading=\"lazy\" decoding=\"async\" class=\"aligncenter wp-image-20876\" src=\"https:\/\/optimate1.com\/wp-content\/uploads\/2024\/06\/OptiMate-Solar-Panel-20W-Kit-TM522-D2TK-im16-1.png\" alt=\"The portable solar charger for car includes premium quality components: polycristalline solar panel, suction mounts, OptiMate Solar Duo controller, O-04 battery clips and O-01 battery lead. \" width=\"228\" height=\"70\" \/><\/h6>\n<p>&nbsp;<\/p>\n<h6 style=\"text-align: center;\"><strong><span style=\"color: #10069f;\">Platzieren Sie das Solarpanel mit den mitgelieferten Saugn\u00e4pfen an der Innenseite der Windschutzscheibe oder verwenden Sie die Saugn\u00e4pfe als weiche F\u00fc\u00dfe, um das Solarpanel direkt auf dem Armaturenbrett oder auf der Kofferraum-\/Laderaumabdeckung des SUV zu positionieren.<\/span><\/strong><\/h6>\n<h6 style=\"text-align: center;\"><img loading=\"lazy\" decoding=\"async\" class=\"aligncenter wp-image-20876\" src=\"https:\/\/optimate1.com\/wp-content\/uploads\/2024\/06\/OptiMate-Solar-Panel-20W-Kit-TM522-D2TK-im17-2-copy.png\" alt=\"The portable solar charger for car includes premium quality components: polycristalline solar panel, suction mounts, OptiMate Solar Duo controller, O-04 battery clips and O-01 battery lead. \" width=\"428\" height=\"70\" \/><\/h6>\n<p>&nbsp;<\/p>\n<h6 style=\"text-align: center;\"><strong><span style=\"color: #10069f;\">Der intelligente OptiMate Solar-Laderegler wandelt Strom vom Solarpanel um und sorgt \u00fcber den OBDII-Anschluss f\u00fcr eine sichere und genaue Ladung und Wartung <\/span><\/strong><span style=\"color: #10069f;\">&#8211; <\/span><i><span style=\"color: #10069f;\">einfach und 100% sicher f\u00fcr das System Ihres Fahrzeugs!<\/span><\/i><\/h6>\n<h6 style=\"text-align: center;\"><img loading=\"lazy\" decoding=\"async\" class=\"aligncenter wp-image-20876\" src=\"https:\/\/optimate1.com\/wp-content\/uploads\/2021\/01\/Smart-control-scaled.jpg\" alt=\"The smart charge controller automatically adjusts charge according to battery type and condition. \" width=\"428\" height=\"70\" \/><\/h6>\n<p>&nbsp;<\/p>\n<h6 style=\"text-align: center;\"><strong><span style=\"color: #10069f;\">Der intelligente Laderegler wandelt geringe Sonnenenergie von Teilsonne\/Sonne durch Wolken in effiziente Ladeimpulse um <\/span><\/strong><span style=\"color: #10069f;\">&#8211; <\/span><span style=\"color: #10069f;\"><i style=\"caret-color: #10069f;\">Ihre Batterie bleibt unabh\u00e4ngig vom Wetter erhalten.<\/i><\/span><\/h6>\n<h6 style=\"text-align: center;\"><img loading=\"lazy\" decoding=\"async\" class=\"aligncenter wp-image-20876\" src=\"https:\/\/optimate1.com\/wp-content\/uploads\/2021\/01\/SAVE-CHARGE-MAINTAIN-Solar-DUO-10W.png\" alt=\"The fully automatic multi-step program of the controller brings the battery to full charge. \" width=\"428\" height=\"70\" \/><\/h6>\n<p>&nbsp;<\/p>\n<h6 style=\"text-align: center;\"><strong><span style=\"color: #10069f;\">Das &#8220;CK&#8221;-Autoset enth\u00e4lt hochwertige Komponenten: 1) Aufbewahrungstasche 2) polykristallines 20W-Solarpanel 3) reversible Saughalterungen zur Montage des Panels am Fenster oder als weiche F\u00fc\u00dfe zum Schutz der Oberfl\u00e4che, auf der das Panel platziert ist 4) OptiMate Solar DUO smart Controller 5) O-37-Sicherungsadapter zum Anschluss an den OBDII-Anschluss im Fahrzeuginnenraum 6) O-04-Batterieklemmen zum direkten Laden der Batterie.<\/span><\/strong><\/h6>\n<h6 style=\"text-align: center;\"><img loading=\"lazy\" decoding=\"async\" class=\"aligncenter wp-image-20876\" src=\"https:\/\/optimate1.com\/wp-content\/uploads\/2024\/06\/Screenshot-2024-06-07-at-10.48.38.png\" alt=\"The portable solar charger for car includes premium quality components: polycristalline solar panel, suction mounts, OptiMate Solar Duo controller, O-04 battery clips and O-01 battery lead. \" width=\"628\" height=\"70\" \/><\/h6>\n<p>&nbsp;<\/p>\n<p>&nbsp;<\/p>\n<h4 style=\"text-align: center;\"><strong><span style=\"text-decoration: underline;\">MEHR FUNKTIONEN:<\/span><\/strong><\/h4>\n<p style=\"text-align: center;\">\n<table id=\"tablepress-643\" class=\"tablepress tablepress-id-643\">\n<tbody class=\"row-hover\">\n<tr class=\"row-1\">\n\t<td class=\"column-1\"><a href=\"\"><img loading=\"lazy\" decoding=\"async\" src=\"https:\/\/optimate1.com\/wp-content\/uploads\/2023\/09\/1DUO-batteries-copy-2.png\" alt=\"\" width=\"300\" height=\"50\" class=\"aligncenter size-medium wp-image-20927\" \/><\/a><body><h6><center>F\u00fcr alle 12V-Batterietypen, einschlie\u00dflich Blei-S\u00e4ure (Pb) > STD (mit F\u00fclldeckel), AGM &amp; GEL (versiegeltes VRLA) und Li-Ion, hergestellt mit LiFePO4 \/ LFP-Technologie.<br \/>\n<\/body><\/h6><\/center><br \/>\n<\/td>\n<\/tr>\n<tr class=\"row-2\">\n\t<td class=\"column-1\"><a href=\"\"><img loading=\"lazy\" decoding=\"async\" src=\"https:\/\/optimate1.com\/wp-content\/uploads\/2021\/01\/safe-solar-connection-01-scaled.jpg\" alt=\"\" width=\"300\" height=\"50\" class=\"aligncenter size-medium wp-image-20982\" \/><\/a><body><h6><center>Sicher angeschlossen bleiben. Vollst\u00e4ndiger elektronischer Schutz.<\/td>\n<\/tr>\n<tr class=\"row-3\">\n\t<td class=\"column-1\"><a href=\"\"><img loading=\"lazy\" decoding=\"async\" src=\"https:\/\/optimate1.com\/wp-content\/uploads\/2021\/01\/MONITOR-01-1.png\" alt=\"\" width=\"300\" height=\"50\" class=\"aligncenter size-medium wp-image-20995\" \/><\/a><body><h6><center>Zeigt den Ladezustand der Batterie rund um die Uhr an \u2013 TAG: Laden und Warten. NACHT: Ladezustand \u00fcberwachen.<\/body><\/h6><\/center><\/td>\n<\/tr>\n<tr class=\"row-4\">\n\t<td class=\"column-1\"><a href=\"\"><img loading=\"lazy\" decoding=\"async\" src=\"https:\/\/optimate1.com\/wp-content\/uploads\/2021\/01\/Saves-from-as-low-as-4V-01.png\" alt=\"\" width=\"300\" height=\"50\" class=\"aligncenter size-medium wp-image-20993\" \/><\/a><body><h6><center>Retten Sie Ihre \"leere\" Batterie ab einer Spannung von nur 4V.<\/body><\/h6><\/center><\/td>\n<\/tr>\n<tr class=\"row-5\">\n\t<td class=\"column-1\"><a href=\"\"><img loading=\"lazy\" decoding=\"async\" src=\"https:\/\/optimate1.com\/wp-content\/uploads\/2020\/12\/green-technology-hx2-1-300x49.png\" alt=\"\" width=\"300\" height=\"50\" class=\"aligncenter size-medium wp-image-20983\" \/><\/a><body><h6><center>Energiesparende Technologie.<br \/>\n<strong>\u221a<\/strong> Effiziente Doppelkonvertierung.<br \/>\n<strong>\u221a<\/strong> Komplette Wartung rund um die Uhr.<\/body><\/h6><\/center><\/td>\n<\/tr>\n<tr class=\"row-6\">\n\t<td class=\"column-1\"><a href=\"\"><img loading=\"lazy\" decoding=\"async\" src=\"https:\/\/optimate1.com\/wp-content\/uploads\/2021\/01\/Weatherproof-Solar-01.png\" alt=\"\" width=\"300\" height=\"50\" class=\"aligncenter size-medium wp-image-21012\" \/><\/a><body><h6><center>IP54 funktioniert bei jedem Wetter!<\/body><\/h6><\/center><\/td>\n<\/tr>\n<\/tbody>\n<\/table>\n<\/p>\n<h4 style=\"text-align: center;\"><strong><span style=\"text-decoration: underline;\">MEHR \u00dcBER SOLAR:<\/span><\/strong><\/h4>\n<p style=\"text-align: center;\"><a href=\"https:\/\/optimate1.com\/de\/solar\/\" target=\"_blank\" rel=\"noopener\">https:\/\/optimate1.com\/de\/solar\/<\/a><\/p>\n","protected":false},"excerpt":{"rendered":"<h3><span style=\"color: #cd202c;\">6-stufiges gekapseltes batterieschonendes 12V \/ 12.8V 0.83A Solarlade- &amp; -wartungsger\u00e4t<\/span><\/h3>\n","protected":false},"featured_media":36933,"template":"","meta":[],"product_brand":[],"product_cat":[419],"product_tag":[],"class_list":{"0":"post-36738","1":"product","2":"type-product","3":"status-publish","4":"has-post-thumbnail","6":"product_cat-battery-chargers-de","7":"pa_charge-battery-chemistry-pb-agm-gel-std-lead-acid-de","8":"pa_charge-battery-chemistry-pb-li-both-above-de","9":"pa_charge-battery-more-12v-de","10":"pa_charge-battery-more-auto-lieferwagen","11":"pa_charge-battery-more-boot-wasserfahrzeug","12":"pa_charge-battery-more-flugzeug-licht","13":"pa_charge-battery-more-motorrad-gelandewagen","14":"pa_charge-battery-more-oldtimer-de","15":"pa_charge-battery-more-utv-sxs-cruiser-de","16":"pa_power-solar-de","17":"pa_product-group-optimate-duo-de","18":"pa_product-group-optimate-solar-de","19":"pa_region-ca-de-2","20":"pa_region-eu-de-2","21":"pa_region-uk-de-2","22":"pa_region-us-de-2","23":"iside_voltage-12-de","24":"iside_voltage-12-8-de","25":"iside_ampere-1-67-de","26":"iside_vehicle-hochleistungsauto-rennwagen-de","27":"iside_vehicle-marine-de","28":"iside_vehicle-oldtimer-classic-car-de","29":"iside_vehicle-rv-caravan-de","30":"iside_charger_series-off-grid-eco-de","31":"iside_charger_features-duo-24-7-wartung-fur-pb-lfp","32":"iside_charger_features-save-sulphated-pb-lead-acid-de","33":"iside_charger_features-sichere-batteriewartung-rund-um-die-uhr","34":"iside_charger_type-solar-de","35":"iside_battery_voltage-12-8v-13-2v","36":"iside_battery_voltage-12v-de","37":"iside_battery_chemistry-lfp-lifepo4-lithium-ion-de","38":"iside_battery_chemistry-pb-lead-acid-de","39":"battery_charger_current-06a-19a-de","40":"thunk-woo-product-list","41":"opn-qv-enable","42":"big-store-woo-hover-","43":"open-single-product-tab-horizontal","44":"open-shadow-","45":"open-shadow-hover-","47":"first","48":"instock","49":"featured","50":"shipping-taxable","51":"purchasable","52":"product-type-simple"},"yoast_head":"<!-- This site is optimized with the Yoast SEO plugin v27.2 - https:\/\/yoast.com\/product\/yoast-seo-wordpress\/ -->\n<title>OptiMate Solar DUO Car Kit mit 20W-Panel - OptiMate<\/title>\n<meta name=\"description\" content=\"Das OptiMate Solar DUO 20W Car Kit ist ein Solar-Autobatterieladeger\u00e4t. Es ist ein intelligentes, sonnenbetriebenes Ladeger\u00e4t und Wartungsger\u00e4t.\" \/>\n<meta name=\"robots\" content=\"index, follow, max-snippet:-1, max-image-preview:large, max-video-preview:-1, noarchive\" \/>\n<link rel=\"canonical\" href=\"https:\/\/optimate1.com\/product\/tm522d2ck\/\" \/>\n<meta property=\"og:locale\" content=\"de_DE\" \/>\n<meta property=\"og:type\" content=\"article\" \/>\n<meta property=\"og:title\" content=\"OptiMate Solar DUO Car Kit mit 20W-Panel - OptiMate\" \/>\n<meta property=\"og:description\" content=\"Das OptiMate Solar DUO 20W Car Kit ist ein Solar-Autobatterieladeger\u00e4t. Es ist ein intelligentes, sonnenbetriebenes Ladeger\u00e4t und Wartungsger\u00e4t.\" \/>\n<meta property=\"og:url\" content=\"https:\/\/optimate1.com\/product\/tm522d2ck\/\" \/>\n<meta property=\"og:site_name\" content=\"OptiMate\" \/>\n<meta property=\"article:publisher\" content=\"https:\/\/www.facebook.com\/OptiMatebatterysavingcharger\/\" \/>\n<meta property=\"article:modified_time\" content=\"2026-02-04T11:28:31+00:00\" \/>\n<meta property=\"og:image\" content=\"https:\/\/optimate1.com\/wp-content\/uploads\/2024\/06\/OptiMate-Solar-Panel-20W-Kit-522-D2TK-im1b-copy-2-DE-1024x1024.png\" \/>\n\t<meta property=\"og:image:width\" content=\"1024\" \/>\n\t<meta property=\"og:image:height\" content=\"1024\" \/>\n\t<meta property=\"og:image:type\" content=\"image\/png\" \/>\n<meta name=\"twitter:card\" content=\"summary_large_image\" \/>\n<meta name=\"twitter:label1\" content=\"Gesch\u00e4tzte Lesezeit\" \/>\n\t<meta name=\"twitter:data1\" content=\"3\u00a0Minuten\" \/>\n<script type=\"application\/ld+json\" class=\"yoast-schema-graph\">{\"@context\":\"https:\/\/schema.org\",\"@graph\":[{\"@type\":\"WebPage\",\"@id\":\"https:\/\/optimate1.com\/product\/tm522d2ck\/\",\"url\":\"https:\/\/optimate1.com\/product\/tm522d2ck\/\",\"name\":\"OptiMate Solar DUO Car Kit mit 20W-Panel - OptiMate\",\"isPartOf\":{\"@id\":\"https:\/\/optimate1.com\/#website\"},\"primaryImageOfPage\":{\"@id\":\"https:\/\/optimate1.com\/product\/tm522d2ck\/#primaryimage\"},\"image\":{\"@id\":\"https:\/\/optimate1.com\/product\/tm522d2ck\/#primaryimage\"},\"thumbnailUrl\":\"https:\/\/optimate1.com\/wp-content\/uploads\/2024\/06\/OptiMate-Solar-Panel-20W-Kit-522-D2TK-im1b-copy-2-DE.png\",\"datePublished\":\"2024-05-28T09:30:20+00:00\",\"dateModified\":\"2026-02-04T11:28:31+00:00\",\"description\":\"Das OptiMate Solar DUO 20W Car Kit ist ein Solar-Autobatterieladeger\u00e4t. Es ist ein intelligentes, sonnenbetriebenes Ladeger\u00e4t und Wartungsger\u00e4t.\",\"breadcrumb\":{\"@id\":\"https:\/\/optimate1.com\/product\/tm522d2ck\/#breadcrumb\"},\"inLanguage\":\"de\",\"potentialAction\":[{\"@type\":\"ReadAction\",\"target\":[\"https:\/\/optimate1.com\/product\/tm522d2ck\/\"]}]},{\"@type\":\"ImageObject\",\"inLanguage\":\"de\",\"@id\":\"https:\/\/optimate1.com\/product\/tm522d2ck\/#primaryimage\",\"url\":\"https:\/\/optimate1.com\/wp-content\/uploads\/2024\/06\/OptiMate-Solar-Panel-20W-Kit-522-D2TK-im1b-copy-2-DE.png\",\"contentUrl\":\"https:\/\/optimate1.com\/wp-content\/uploads\/2024\/06\/OptiMate-Solar-Panel-20W-Kit-522-D2TK-im1b-copy-2-DE.png\",\"width\":1500,\"height\":1500},{\"@type\":\"BreadcrumbList\",\"@id\":\"https:\/\/optimate1.com\/product\/tm522d2ck\/#breadcrumb\",\"itemListElement\":[{\"@type\":\"ListItem\",\"position\":1,\"name\":\"Home\",\"item\":\"https:\/\/optimate1.com\/\"},{\"@type\":\"ListItem\",\"position\":2,\"name\":\"Produkte\",\"item\":\"https:\/\/optimate1.com\/shop\/\"},{\"@type\":\"ListItem\",\"position\":3,\"name\":\"OptiMate Solar DUO mit 20W-Panel und Car Kit\"}]},{\"@type\":\"WebSite\",\"@id\":\"https:\/\/optimate1.com\/#website\",\"url\":\"https:\/\/optimate1.com\/\",\"name\":\"OptiMate\",\"description\":\"Battery Chargers &amp; Accessories\",\"publisher\":{\"@id\":\"https:\/\/optimate1.com\/#organization\"},\"potentialAction\":[{\"@type\":\"SearchAction\",\"target\":{\"@type\":\"EntryPoint\",\"urlTemplate\":\"https:\/\/optimate1.com\/?s={search_term_string}\"},\"query-input\":{\"@type\":\"PropertyValueSpecification\",\"valueRequired\":true,\"valueName\":\"search_term_string\"}}],\"inLanguage\":\"de\"},{\"@type\":\"Organization\",\"@id\":\"https:\/\/optimate1.com\/#organization\",\"name\":\"OptiMate\",\"url\":\"https:\/\/optimate1.com\/\",\"logo\":{\"@type\":\"ImageObject\",\"inLanguage\":\"de\",\"@id\":\"https:\/\/optimate1.com\/#\/schema\/logo\/image\/\",\"url\":\"https:\/\/optimate1.com\/wp-content\/uploads\/2021\/06\/optimate-hpbc-stacklogo.jpg\",\"contentUrl\":\"https:\/\/optimate1.com\/wp-content\/uploads\/2021\/06\/optimate-hpbc-stacklogo.jpg\",\"width\":1025,\"height\":529,\"caption\":\"OptiMate\"},\"image\":{\"@id\":\"https:\/\/optimate1.com\/#\/schema\/logo\/image\/\"},\"sameAs\":[\"https:\/\/www.facebook.com\/OptiMatebatterysavingcharger\/\"]}]}<\/script>\n<!-- \/ Yoast SEO plugin. -->","yoast_head_json":{"title":"OptiMate Solar DUO Car Kit mit 20W-Panel - OptiMate","description":"Das OptiMate Solar DUO 20W Car Kit ist ein Solar-Autobatterieladeger\u00e4t. Es ist ein intelligentes, sonnenbetriebenes Ladeger\u00e4t und Wartungsger\u00e4t.","robots":{"index":"index","follow":"follow","max-snippet":"max-snippet:-1","max-image-preview":"max-image-preview:large","max-video-preview":"max-video-preview:-1","archive":"noarchive"},"canonical":"https:\/\/optimate1.com\/product\/tm522d2ck\/","og_locale":"de_DE","og_type":"article","og_title":"OptiMate Solar DUO Car Kit mit 20W-Panel - OptiMate","og_description":"Das OptiMate Solar DUO 20W Car Kit ist ein Solar-Autobatterieladeger\u00e4t. Es ist ein intelligentes, sonnenbetriebenes Ladeger\u00e4t und Wartungsger\u00e4t.","og_url":"https:\/\/optimate1.com\/product\/tm522d2ck\/","og_site_name":"OptiMate","article_publisher":"https:\/\/www.facebook.com\/OptiMatebatterysavingcharger\/","article_modified_time":"2026-02-04T11:28:31+00:00","og_image":[{"width":1024,"height":1024,"url":"https:\/\/optimate1.com\/wp-content\/uploads\/2024\/06\/OptiMate-Solar-Panel-20W-Kit-522-D2TK-im1b-copy-2-DE-1024x1024.png","type":"image\/png"}],"twitter_card":"summary_large_image","twitter_misc":{"Gesch\u00e4tzte Lesezeit":"3\u00a0Minuten"},"schema":{"@context":"https:\/\/schema.org","@graph":[{"@type":"WebPage","@id":"https:\/\/optimate1.com\/product\/tm522d2ck\/","url":"https:\/\/optimate1.com\/product\/tm522d2ck\/","name":"OptiMate Solar DUO Car Kit mit 20W-Panel - OptiMate","isPartOf":{"@id":"https:\/\/optimate1.com\/#website"},"primaryImageOfPage":{"@id":"https:\/\/optimate1.com\/product\/tm522d2ck\/#primaryimage"},"image":{"@id":"https:\/\/optimate1.com\/product\/tm522d2ck\/#primaryimage"},"thumbnailUrl":"https:\/\/optimate1.com\/wp-content\/uploads\/2024\/06\/OptiMate-Solar-Panel-20W-Kit-522-D2TK-im1b-copy-2-DE.png","datePublished":"2024-05-28T09:30:20+00:00","dateModified":"2026-02-04T11:28:31+00:00","description":"Das OptiMate Solar DUO 20W Car Kit ist ein Solar-Autobatterieladeger\u00e4t. Es ist ein intelligentes, sonnenbetriebenes Ladeger\u00e4t und Wartungsger\u00e4t.","breadcrumb":{"@id":"https:\/\/optimate1.com\/product\/tm522d2ck\/#breadcrumb"},"inLanguage":"de","potentialAction":[{"@type":"ReadAction","target":["https:\/\/optimate1.com\/product\/tm522d2ck\/"]}]},{"@type":"ImageObject","inLanguage":"de","@id":"https:\/\/optimate1.com\/product\/tm522d2ck\/#primaryimage","url":"https:\/\/optimate1.com\/wp-content\/uploads\/2024\/06\/OptiMate-Solar-Panel-20W-Kit-522-D2TK-im1b-copy-2-DE.png","contentUrl":"https:\/\/optimate1.com\/wp-content\/uploads\/2024\/06\/OptiMate-Solar-Panel-20W-Kit-522-D2TK-im1b-copy-2-DE.png","width":1500,"height":1500},{"@type":"BreadcrumbList","@id":"https:\/\/optimate1.com\/product\/tm522d2ck\/#breadcrumb","itemListElement":[{"@type":"ListItem","position":1,"name":"Home","item":"https:\/\/optimate1.com\/"},{"@type":"ListItem","position":2,"name":"Produkte","item":"https:\/\/optimate1.com\/shop\/"},{"@type":"ListItem","position":3,"name":"OptiMate Solar DUO mit 20W-Panel und Car Kit"}]},{"@type":"WebSite","@id":"https:\/\/optimate1.com\/#website","url":"https:\/\/optimate1.com\/","name":"OptiMate","description":"Battery Chargers &amp; Accessories","publisher":{"@id":"https:\/\/optimate1.com\/#organization"},"potentialAction":[{"@type":"SearchAction","target":{"@type":"EntryPoint","urlTemplate":"https:\/\/optimate1.com\/?s={search_term_string}"},"query-input":{"@type":"PropertyValueSpecification","valueRequired":true,"valueName":"search_term_string"}}],"inLanguage":"de"},{"@type":"Organization","@id":"https:\/\/optimate1.com\/#organization","name":"OptiMate","url":"https:\/\/optimate1.com\/","logo":{"@type":"ImageObject","inLanguage":"de","@id":"https:\/\/optimate1.com\/#\/schema\/logo\/image\/","url":"https:\/\/optimate1.com\/wp-content\/uploads\/2021\/06\/optimate-hpbc-stacklogo.jpg","contentUrl":"https:\/\/optimate1.com\/wp-content\/uploads\/2021\/06\/optimate-hpbc-stacklogo.jpg","width":1025,"height":529,"caption":"OptiMate"},"image":{"@id":"https:\/\/optimate1.com\/#\/schema\/logo\/image\/"},"sameAs":["https:\/\/www.facebook.com\/OptiMatebatterysavingcharger\/"]}]}},"_links":{"self":[{"href":"https:\/\/optimate1.com\/de\/wp-json\/wp\/v2\/product\/36738","targetHints":{"allow":["GET"]}}],"collection":[{"href":"https:\/\/optimate1.com\/de\/wp-json\/wp\/v2\/product"}],"about":[{"href":"https:\/\/optimate1.com\/de\/wp-json\/wp\/v2\/types\/product"}],"wp:featuredmedia":[{"embeddable":true,"href":"https:\/\/optimate1.com\/de\/wp-json\/wp\/v2\/media\/36933"}],"wp:attachment":[{"href":"https:\/\/optimate1.com\/de\/wp-json\/wp\/v2\/media?parent=36738"}],"wp:term":[{"taxonomy":"product_brand","embeddable":true,"href":"https:\/\/optimate1.com\/de\/wp-json\/wp\/v2\/product_brand?post=36738"},{"taxonomy":"product_cat","embeddable":true,"href":"https:\/\/optimate1.com\/de\/wp-json\/wp\/v2\/product_cat?post=36738"},{"taxonomy":"product_tag","embeddable":true,"href":"https:\/\/optimate1.com\/de\/wp-json\/wp\/v2\/product_tag?post=36738"}],"curies":[{"name":"wp","href":"https:\/\/api.w.org\/{rel}","templated":true}]}}