{"id":40698,"date":"2025-11-04T08:06:42","date_gmt":"2025-11-04T13:06:42","guid":{"rendered":"https:\/\/optimate1.com\/product\/optimate-g10-12v-16v\/"},"modified":"2025-12-09T04:20:34","modified_gmt":"2025-12-09T09:20:34","slug":"optimate-g10-12v-16v","status":"publish","type":"product","link":"https:\/\/optimate1.com\/de\/product\/optimate-g10-12v-16v\/","title":{"rendered":"OptiMate G10 12V\/16V"},"content":{"rendered":"<h6 style=\"text-align: center;\"><strong><span style=\"color: #10069f;\">OptiMate G10 12V\/16V, das fortschrittlichste \u2018Racing\u2019-Batterieladeger\u00e4t f\u00fcr 12V- &amp; 16V-AGM-Blei-S\u00e4ure-Batterien sowie 12.8V\/13.2V- &amp; 16V-LFP-Lithium-Ionen-Batterien.<\/span><\/strong><\/h6>\n<h6 style=\"text-align: center;\"><img loading=\"lazy\" decoding=\"async\" class=\"aligncenter wp-image-20910\" src=\"https:\/\/optimate1.com\/wp-content\/uploads\/2025\/11\/G10-PRO-Battery-Charger-ICON1-V2.png\" alt=\"\" width=\"328\" height=\"70\" \/><\/h6>\n<p>&nbsp;<\/p>\n<h6 style=\"text-align: center;\"><strong><span style=\"color: #10069f;\">4 Modi: 12V AGM, 16V AGM, 12.8V\/13.2V (4s) LFP &amp; 16V (5s) LFP.<\/span><\/strong><\/h6>\n<h6 style=\"text-align: center;\"><img loading=\"lazy\" decoding=\"async\" class=\"aligncenter wp-image-20910\" src=\"https:\/\/optimate1.com\/wp-content\/uploads\/2025\/11\/G10-PRO-Battery-Charger-ICON2-V3.png\" alt=\"\" width=\"428\" height=\"70\" \/><\/h6>\n<p>&nbsp;<\/p>\n<h6 style=\"text-align: center;\"><strong><span style=\"color: #10069f;\">Das FASTcharge-Programm l\u00e4dt eine teilweise entladene Batterie vor dem Rennen automatisch mit maximaler Leistung, damit sie schnell einsatzbereit ist. Ein blinkendes gr\u00fcnes Testlicht best\u00e4tigt, dass die Batterie zu mehr als 90% geladen und bereit ist.<\/span><\/strong><\/h6>\n<h6 style=\"text-align: center;\"><img loading=\"lazy\" decoding=\"async\" class=\"aligncenter wp-image-20977\" src=\"https:\/\/optimate1.com\/wp-content\/uploads\/2021\/11\/PRO-battery-activation-copy-1.png\" alt=\"\" width=\"428\" height=\"70\" \/><\/h6>\n<p>&nbsp;<\/p>\n<h6 style=\"text-align: center;\"><strong><span style=\"color: #10069f;\">FASTcharge bietet auch Batterieunterst\u00fctzung, w\u00e4hrend der Motor l\u00e4uft.<\/span><\/strong><\/h6>\n<h6 style=\"text-align: center;\"><strong><span style=\"color: #10069f;\"><img loading=\"lazy\" decoding=\"async\" class=\"aligncenter wp-image-20876\" src=\"https:\/\/optimate1.com\/wp-content\/uploads\/2025\/11\/G10-PRO-Battery-Charger-ICON4-V3-copy.png\" alt=\"\" width=\"428\" height=\"70\" \/><\/span><\/strong><\/h6>\n<p>&nbsp;<\/p>\n<h6 style=\"text-align: center;\"><strong><span style=\"color: #10069f;\">Das DIAGNOSTIC-Programm kann eine vollst\u00e4ndig entladene Batterie ab nur 0.5V wiederherstellen und l\u00e4sst sich manuell aktivieren, wenn die Batterie zu schwach f\u00fcr FASTcharge ist.<\/span><\/strong><\/h6>\n<h6 style=\"text-align: center;\"><strong><span style=\"color: #10069f;\"><img loading=\"lazy\" decoding=\"async\" class=\"aligncenter wp-image-20660\" src=\"https:\/\/optimate1.com\/wp-content\/uploads\/2025\/11\/G10-PRO-Battery-Charger-ICON5-V2.png\" alt=\"\" width=\"428\" height=\"100\" \/><\/span><\/strong><\/h6>\n<p>&nbsp;<\/p>\n<h6 style=\"text-align: center;\"><strong><span style=\"color: #10069f;\">DIAGNOSTIC kann f\u00fcr kontrolliertes Ampmatic-Laden kleinerer Batterien (unter 25Ah f\u00fcr AGM und 9Ah f\u00fcr LFP) vorgew\u00e4hlt werden \u2013 der Ladestrom wird automatisch an die Batteriekapazit\u00e4t angepasst.<\/span><\/strong><\/h6>\n<h6 style=\"text-align: center;\"><img loading=\"lazy\" decoding=\"async\" class=\"aligncenter wp-image-20910\" src=\"https:\/\/optimate1.com\/wp-content\/uploads\/2025\/11\/G10-PRO-Battery-Charger-ICON6-V2.png\" alt=\"\" width=\"428\" height=\"70\" \/><\/h6>\n<p>&nbsp;<\/p>\n<h6 style=\"text-align: center;\"><strong><span style=\"color: #10069f;\">BMS-Reset per Drucktaste f\u00fcr 12.8V \/ 13.2V \/ 16V LiFePO4-Batterien mit r\u00fccksetzbarem Unterspannungs- \/ Tiefentladeschutz.<\/span><\/strong><\/h6>\n<h6 style=\"text-align: center;\"><img loading=\"lazy\" decoding=\"async\" class=\"aligncenter wp-image-20977\" src=\"https:\/\/optimate1.com\/wp-content\/uploads\/2021\/11\/BMS-reset-copy-01.png\" alt=\"\" width=\"428\" height=\"70\" \/><\/h6>\n<p>&nbsp;<\/p>\n<h6 style=\"text-align: center;\"><strong><span style=\"color: #10069f;\">AGM-Ladespannung ist eingestellt f\u00fcr hochwertige AGM-Blei-S\u00e4ure-Batterien, die 2.45V pro Zelle erfordern; 14.7V f\u00fcr 12V AGM und 19.6V f\u00fcr 16V AGM.<\/span><\/strong><\/h6>\n<h6 style=\"text-align: center;\"><img loading=\"lazy\" decoding=\"async\" class=\"aligncenter wp-image-20977\" src=\"https:\/\/optimate1.com\/wp-content\/uploads\/2025\/11\/G10-PRO-Battery-Charger-ICON8-V2-copy.png\" alt=\"\" width=\"428\" height=\"70\" \/><\/h6>\n<p>&nbsp;<\/p>\n<h6 style=\"text-align: center;\"><strong><span style=\"color: #10069f;\">LFP-Ladespannung ist eingestellt f\u00fcr LiFePO4-Batterien, die 3.6V pro Zelle erfordern; 14.4V f\u00fcr 12.8V\/13.2V (4s) und 18V f\u00fcr 16V (5s).<\/span><\/strong><\/h6>\n<h6 style=\"text-align: center;\"><img loading=\"lazy\" decoding=\"async\" class=\"aligncenter wp-image-20977\" src=\"https:\/\/optimate1.com\/wp-content\/uploads\/2025\/11\/G10-PRO-Battery-Charger-ICON9-V3.png\" alt=\"\" width=\"428\" height=\"70\" \/><\/h6>\n<p>&nbsp;<\/p>\n<h6 style=\"text-align: center;\"><strong><span style=\"color: #10069f;\">Anschluss an die Batterie \u00fcber SB-50-Adapter (grau &amp; rot) oder Batterieklemmen, jeweils mit 25A-Sicherung gesch\u00fctzt.<\/span><\/strong><\/h6>\n<h6 style=\"text-align: center;\"><img loading=\"lazy\" decoding=\"async\" class=\"aligncenter wp-image-20977\" src=\"https:\/\/optimate1.com\/wp-content\/uploads\/2025\/11\/G10-PRO-Battery-Charger-ICON10-V2.png\" alt=\"\" width=\"428\" height=\"70\" \/><\/h6>\n<p>&nbsp;<\/p>\n<h4 style=\"text-align: center;\"><strong><span style=\"text-decoration: underline;\">WEITERE FUNKTIONEN:<\/span><\/strong><\/h4>\n<p style=\"text-align: center;\">\n<table id=\"tablepress-697\" class=\"tablepress tablepress-id-697\">\n<tbody class=\"row-hover\">\n<tr class=\"row-1\">\n\t<td class=\"column-1\"><a href=\"\"><img loading=\"lazy\" decoding=\"async\" src=\"https:\/\/optimate1.com\/wp-content\/uploads\/2023\/11\/50-60hz.png\" alt=\"\" width=\"300\" height=\"50\" class=\"aligncenter size-medium wp-image-20928\" \/><\/a><body><h6><center>Globaler Eingang \u2013 100\u2013240V, 50\u201360Hz.<\/center><\/h6><\/body><\/td>\n<\/tr>\n<tr class=\"row-2\">\n\t<td class=\"column-1\"><a href=\"\"><img loading=\"lazy\" decoding=\"async\" src=\"https:\/\/optimate1.com\/wp-content\/uploads\/2021\/11\/AC-power-socket-copy-01.png\" alt=\"\" width=\"300\" height=\"50\" class=\"aligncenter size-medium wp-image-20995\" \/><\/a><body><h6><center>AC-Eingangssteckdose f\u00fcr Klasse-2-Netzkabel.<\/center><\/h6><\/body><\/td>\n<\/tr>\n<tr class=\"row-3\">\n\t<td class=\"column-1\"><a href=\"\"><img loading=\"lazy\" decoding=\"async\" src=\"https:\/\/optimate1.com\/wp-content\/uploads\/2021\/11\/CE-certification-x-01-2.png\" alt=\"\" width=\"300\" height=\"50\" class=\"aligncenter size-medium wp-image-20982\" \/><\/a><body><h6><center>Zertifizierungen \u2013 CE, UKCA, NRTL (UL &amp; CSA), PSE (Japan), SAA (Australien &amp; Neuseeland) und damit gepr\u00fcfte Sicherheit, Leistung und Zuverl\u00e4ssigkeit weltweit.<\/center><\/h6><\/body><\/td>\n<\/tr>\n<tr class=\"row-4\">\n\t<td class=\"column-1\"><a href=\"\"><img loading=\"lazy\" decoding=\"async\" src=\"https:\/\/optimate1.com\/wp-content\/uploads\/2021\/11\/PRO-hooks-copy-2-x-01.png\" alt=\"\" width=\"300\" height=\"50\" class=\"aligncenter size-medium wp-image-20993\" \/><\/a><body><h6><center>Mobiler Einsatz \u2013 Fahrzeug-Aufh\u00e4ngehaken und Wandhalterung enthalten.<\/center><\/h6><\/body><\/td>\n<\/tr>\n<\/tbody>\n<\/table>\n<!-- #tablepress-697 from cache --><\/p>\n","protected":false},"excerpt":{"rendered":"<h3><span style=\"color: #231f20;\">PRO-Serie: 12V 10A \/ 16V 8A Batterieladeger\u00e4t f\u00fcr Racing-\/Performance-AGM-Blei-S\u00e4ure-Batterien und LFP-Lithiumbatterien<\/span><\/h3>\n","protected":false},"featured_media":40733,"template":"","meta":[],"product_brand":[],"product_cat":[419],"product_tag":[],"class_list":{"0":"post-40698","1":"product","2":"type-product","3":"status-publish","4":"has-post-thumbnail","6":"product_cat-battery-chargers-de","7":"pa_charge-battery-chemistry-pb-agm-gel-std-lead-acid-de","8":"pa_charge-battery-more-12v-de","9":"pa_charge-battery-more-motorrad-gelandewagen","10":"pa_charge-battery-more-utv-sxs-cruiser-de","11":"pa_power-ac-100-240vac-de","12":"pa_product-group-optimate-7-de","13":"pa_region-ca-de-2","14":"pa_region-eu-de-2","15":"pa_region-uk-de-2","16":"pa_region-us-de-2","17":"iside_voltage-12-de","18":"iside_voltage-16-de","19":"iside_ampere-9-9-de","20":"iside_vehicle-hochleistungsauto-rennwagen-de","21":"iside_charger_series-pro-professional-de","22":"iside_charger_features-agm-lfp-rennbatterien-laden","23":"iside_charger_features-bms-reset-fur-lfp-batterie","24":"iside_charger_features-duo-24-7-wartung-fur-pb-lfp","25":"iside_charger_features-save-low-volt-reset-bms-lithium-lfp-de","26":"iside_charger_features-save-sulphated-pb-lead-acid-de","27":"iside_charger_features-sichere-batteriewartung-rund-um-die-uhr","28":"iside_charger_features-spannung-an-temperatur-anpassen-fur-pb","29":"iside_charger_features-stromstarke-an-temperatur-anpassen-fur-lfp","30":"iside_charger_type-single-de","31":"iside_battery_voltage-12-8v-13-2v","32":"iside_battery_voltage-12v-de","33":"iside_battery_voltage-16v-de","34":"iside_battery_chemistry-lfp-lifepo4-lithium-ion-de","35":"iside_battery_chemistry-pb-lead-acid-de","36":"battery_charger_current-7-10a-de","37":"battery_charger_current-ampmatic-1-to-10a-de","38":"thunk-woo-product-list","39":"opn-qv-enable","40":"big-store-woo-hover-","41":"open-single-product-tab-horizontal","42":"open-shadow-","43":"open-shadow-hover-","45":"first","46":"instock","47":"shipping-taxable","48":"purchasable","49":"product-type-simple"},"yoast_head":"<!-- This site is optimized with the Yoast SEO plugin v27.2 - https:\/\/yoast.com\/product\/yoast-seo-wordpress\/ -->\n<title>OptiMate G10 12V\/16V - OptiMate<\/title>\n<meta name=\"description\" content=\"OptiMate G10 12V\/16V ist das fortschrittlichste Racing-Batterieladeger\u00e4t f\u00fcr 12V- und 16V-AGM-Blei-S\u00e4ure-Batterien sowie 12.8V\/13.2V- und 16V-LFP-Lithium-Ionen-Batterien. Mehr erfahren.\" \/>\n<meta name=\"robots\" content=\"index, follow, max-snippet:-1, max-image-preview:large, max-video-preview:-1, noarchive\" \/>\n<link rel=\"canonical\" href=\"https:\/\/optimate1.com\/product\/tm651\/\" \/>\n<meta property=\"og:locale\" content=\"de_DE\" \/>\n<meta property=\"og:type\" content=\"article\" \/>\n<meta property=\"og:title\" content=\"OptiMate G10 12V\/16V - OptiMate\" \/>\n<meta property=\"og:description\" content=\"OptiMate G10 12V\/16V ist das fortschrittlichste Racing-Batterieladeger\u00e4t f\u00fcr 12V- und 16V-AGM-Blei-S\u00e4ure-Batterien sowie 12.8V\/13.2V- und 16V-LFP-Lithium-Ionen-Batterien. Mehr erfahren.\" \/>\n<meta property=\"og:url\" content=\"https:\/\/optimate1.com\/product\/tm651\/\" \/>\n<meta property=\"og:site_name\" content=\"OptiMate\" \/>\n<meta property=\"article:publisher\" content=\"https:\/\/www.facebook.com\/OptiMatebatterysavingcharger\/\" \/>\n<meta property=\"article:modified_time\" content=\"2025-12-09T09:20:34+00:00\" \/>\n<meta property=\"og:image\" content=\"https:\/\/optimate1.com\/wp-content\/uploads\/2025\/12\/OptiMate-PRO-1-TM651-12-copy-1024x1024.png\" \/>\n\t<meta property=\"og:image:width\" content=\"1024\" \/>\n\t<meta property=\"og:image:height\" content=\"1024\" \/>\n\t<meta property=\"og:image:type\" content=\"image\/png\" \/>\n<meta name=\"twitter:card\" content=\"summary_large_image\" \/>\n<meta name=\"twitter:label1\" content=\"Gesch\u00e4tzte Lesezeit\" \/>\n\t<meta name=\"twitter:data1\" content=\"3\u00a0Minuten\" \/>\n<script type=\"application\/ld+json\" class=\"yoast-schema-graph\">{\"@context\":\"https:\/\/schema.org\",\"@graph\":[{\"@type\":\"WebPage\",\"@id\":\"https:\/\/optimate1.com\/product\/tm651\/\",\"url\":\"https:\/\/optimate1.com\/product\/tm651\/\",\"name\":\"OptiMate G10 12V\/16V - OptiMate\",\"isPartOf\":{\"@id\":\"https:\/\/optimate1.com\/#website\"},\"primaryImageOfPage\":{\"@id\":\"https:\/\/optimate1.com\/product\/tm651\/#primaryimage\"},\"image\":{\"@id\":\"https:\/\/optimate1.com\/product\/tm651\/#primaryimage\"},\"thumbnailUrl\":\"https:\/\/optimate1.com\/wp-content\/uploads\/2025\/12\/OptiMate-PRO-1-TM651-12-copy.png\",\"datePublished\":\"2025-11-04T13:06:42+00:00\",\"dateModified\":\"2025-12-09T09:20:34+00:00\",\"description\":\"OptiMate G10 12V\/16V ist das fortschrittlichste Racing-Batterieladeger\u00e4t f\u00fcr 12V- und 16V-AGM-Blei-S\u00e4ure-Batterien sowie 12.8V\/13.2V- und 16V-LFP-Lithium-Ionen-Batterien. Mehr erfahren.\",\"breadcrumb\":{\"@id\":\"https:\/\/optimate1.com\/product\/tm651\/#breadcrumb\"},\"inLanguage\":\"de\",\"potentialAction\":[{\"@type\":\"ReadAction\",\"target\":[\"https:\/\/optimate1.com\/product\/tm651\/\"]}]},{\"@type\":\"ImageObject\",\"inLanguage\":\"de\",\"@id\":\"https:\/\/optimate1.com\/product\/tm651\/#primaryimage\",\"url\":\"https:\/\/optimate1.com\/wp-content\/uploads\/2025\/12\/OptiMate-PRO-1-TM651-12-copy.png\",\"contentUrl\":\"https:\/\/optimate1.com\/wp-content\/uploads\/2025\/12\/OptiMate-PRO-1-TM651-12-copy.png\",\"width\":1500,\"height\":1500},{\"@type\":\"BreadcrumbList\",\"@id\":\"https:\/\/optimate1.com\/product\/tm651\/#breadcrumb\",\"itemListElement\":[{\"@type\":\"ListItem\",\"position\":1,\"name\":\"Home\",\"item\":\"https:\/\/optimate1.com\/\"},{\"@type\":\"ListItem\",\"position\":2,\"name\":\"Produkte\",\"item\":\"https:\/\/optimate1.com\/shop\/\"},{\"@type\":\"ListItem\",\"position\":3,\"name\":\"OptiMate G10 12V\/16V\"}]},{\"@type\":\"WebSite\",\"@id\":\"https:\/\/optimate1.com\/#website\",\"url\":\"https:\/\/optimate1.com\/\",\"name\":\"OptiMate\",\"description\":\"Battery Chargers &amp; Accessories\",\"publisher\":{\"@id\":\"https:\/\/optimate1.com\/#organization\"},\"potentialAction\":[{\"@type\":\"SearchAction\",\"target\":{\"@type\":\"EntryPoint\",\"urlTemplate\":\"https:\/\/optimate1.com\/?s={search_term_string}\"},\"query-input\":{\"@type\":\"PropertyValueSpecification\",\"valueRequired\":true,\"valueName\":\"search_term_string\"}}],\"inLanguage\":\"de\"},{\"@type\":\"Organization\",\"@id\":\"https:\/\/optimate1.com\/#organization\",\"name\":\"OptiMate\",\"url\":\"https:\/\/optimate1.com\/\",\"logo\":{\"@type\":\"ImageObject\",\"inLanguage\":\"de\",\"@id\":\"https:\/\/optimate1.com\/#\/schema\/logo\/image\/\",\"url\":\"https:\/\/optimate1.com\/wp-content\/uploads\/2021\/06\/optimate-hpbc-stacklogo.jpg\",\"contentUrl\":\"https:\/\/optimate1.com\/wp-content\/uploads\/2021\/06\/optimate-hpbc-stacklogo.jpg\",\"width\":1025,\"height\":529,\"caption\":\"OptiMate\"},\"image\":{\"@id\":\"https:\/\/optimate1.com\/#\/schema\/logo\/image\/\"},\"sameAs\":[\"https:\/\/www.facebook.com\/OptiMatebatterysavingcharger\/\"]}]}<\/script>\n<!-- \/ Yoast SEO plugin. -->","yoast_head_json":{"title":"OptiMate G10 12V\/16V - OptiMate","description":"OptiMate G10 12V\/16V ist das fortschrittlichste Racing-Batterieladeger\u00e4t f\u00fcr 12V- und 16V-AGM-Blei-S\u00e4ure-Batterien sowie 12.8V\/13.2V- und 16V-LFP-Lithium-Ionen-Batterien. Mehr erfahren.","robots":{"index":"index","follow":"follow","max-snippet":"max-snippet:-1","max-image-preview":"max-image-preview:large","max-video-preview":"max-video-preview:-1","archive":"noarchive"},"canonical":"https:\/\/optimate1.com\/product\/tm651\/","og_locale":"de_DE","og_type":"article","og_title":"OptiMate G10 12V\/16V - OptiMate","og_description":"OptiMate G10 12V\/16V ist das fortschrittlichste Racing-Batterieladeger\u00e4t f\u00fcr 12V- und 16V-AGM-Blei-S\u00e4ure-Batterien sowie 12.8V\/13.2V- und 16V-LFP-Lithium-Ionen-Batterien. Mehr erfahren.","og_url":"https:\/\/optimate1.com\/product\/tm651\/","og_site_name":"OptiMate","article_publisher":"https:\/\/www.facebook.com\/OptiMatebatterysavingcharger\/","article_modified_time":"2025-12-09T09:20:34+00:00","og_image":[{"width":1024,"height":1024,"url":"https:\/\/optimate1.com\/wp-content\/uploads\/2025\/12\/OptiMate-PRO-1-TM651-12-copy-1024x1024.png","type":"image\/png"}],"twitter_card":"summary_large_image","twitter_misc":{"Gesch\u00e4tzte Lesezeit":"3\u00a0Minuten"},"schema":{"@context":"https:\/\/schema.org","@graph":[{"@type":"WebPage","@id":"https:\/\/optimate1.com\/product\/tm651\/","url":"https:\/\/optimate1.com\/product\/tm651\/","name":"OptiMate G10 12V\/16V - OptiMate","isPartOf":{"@id":"https:\/\/optimate1.com\/#website"},"primaryImageOfPage":{"@id":"https:\/\/optimate1.com\/product\/tm651\/#primaryimage"},"image":{"@id":"https:\/\/optimate1.com\/product\/tm651\/#primaryimage"},"thumbnailUrl":"https:\/\/optimate1.com\/wp-content\/uploads\/2025\/12\/OptiMate-PRO-1-TM651-12-copy.png","datePublished":"2025-11-04T13:06:42+00:00","dateModified":"2025-12-09T09:20:34+00:00","description":"OptiMate G10 12V\/16V ist das fortschrittlichste Racing-Batterieladeger\u00e4t f\u00fcr 12V- und 16V-AGM-Blei-S\u00e4ure-Batterien sowie 12.8V\/13.2V- und 16V-LFP-Lithium-Ionen-Batterien. Mehr erfahren.","breadcrumb":{"@id":"https:\/\/optimate1.com\/product\/tm651\/#breadcrumb"},"inLanguage":"de","potentialAction":[{"@type":"ReadAction","target":["https:\/\/optimate1.com\/product\/tm651\/"]}]},{"@type":"ImageObject","inLanguage":"de","@id":"https:\/\/optimate1.com\/product\/tm651\/#primaryimage","url":"https:\/\/optimate1.com\/wp-content\/uploads\/2025\/12\/OptiMate-PRO-1-TM651-12-copy.png","contentUrl":"https:\/\/optimate1.com\/wp-content\/uploads\/2025\/12\/OptiMate-PRO-1-TM651-12-copy.png","width":1500,"height":1500},{"@type":"BreadcrumbList","@id":"https:\/\/optimate1.com\/product\/tm651\/#breadcrumb","itemListElement":[{"@type":"ListItem","position":1,"name":"Home","item":"https:\/\/optimate1.com\/"},{"@type":"ListItem","position":2,"name":"Produkte","item":"https:\/\/optimate1.com\/shop\/"},{"@type":"ListItem","position":3,"name":"OptiMate G10 12V\/16V"}]},{"@type":"WebSite","@id":"https:\/\/optimate1.com\/#website","url":"https:\/\/optimate1.com\/","name":"OptiMate","description":"Battery Chargers &amp; Accessories","publisher":{"@id":"https:\/\/optimate1.com\/#organization"},"potentialAction":[{"@type":"SearchAction","target":{"@type":"EntryPoint","urlTemplate":"https:\/\/optimate1.com\/?s={search_term_string}"},"query-input":{"@type":"PropertyValueSpecification","valueRequired":true,"valueName":"search_term_string"}}],"inLanguage":"de"},{"@type":"Organization","@id":"https:\/\/optimate1.com\/#organization","name":"OptiMate","url":"https:\/\/optimate1.com\/","logo":{"@type":"ImageObject","inLanguage":"de","@id":"https:\/\/optimate1.com\/#\/schema\/logo\/image\/","url":"https:\/\/optimate1.com\/wp-content\/uploads\/2021\/06\/optimate-hpbc-stacklogo.jpg","contentUrl":"https:\/\/optimate1.com\/wp-content\/uploads\/2021\/06\/optimate-hpbc-stacklogo.jpg","width":1025,"height":529,"caption":"OptiMate"},"image":{"@id":"https:\/\/optimate1.com\/#\/schema\/logo\/image\/"},"sameAs":["https:\/\/www.facebook.com\/OptiMatebatterysavingcharger\/"]}]}},"_links":{"self":[{"href":"https:\/\/optimate1.com\/de\/wp-json\/wp\/v2\/product\/40698","targetHints":{"allow":["GET"]}}],"collection":[{"href":"https:\/\/optimate1.com\/de\/wp-json\/wp\/v2\/product"}],"about":[{"href":"https:\/\/optimate1.com\/de\/wp-json\/wp\/v2\/types\/product"}],"wp:featuredmedia":[{"embeddable":true,"href":"https:\/\/optimate1.com\/de\/wp-json\/wp\/v2\/media\/40733"}],"wp:attachment":[{"href":"https:\/\/optimate1.com\/de\/wp-json\/wp\/v2\/media?parent=40698"}],"wp:term":[{"taxonomy":"product_brand","embeddable":true,"href":"https:\/\/optimate1.com\/de\/wp-json\/wp\/v2\/product_brand?post=40698"},{"taxonomy":"product_cat","embeddable":true,"href":"https:\/\/optimate1.com\/de\/wp-json\/wp\/v2\/product_cat?post=40698"},{"taxonomy":"product_tag","embeddable":true,"href":"https:\/\/optimate1.com\/de\/wp-json\/wp\/v2\/product_tag?post=40698"}],"curies":[{"name":"wp","href":"https:\/\/api.w.org\/{rel}","templated":true}]}}