{"id":40928,"date":"2025-11-25T04:26:17","date_gmt":"2025-11-25T09:26:17","guid":{"rendered":"https:\/\/optimate1.com\/product\/optimate-6-select-v2\/"},"modified":"2025-12-23T03:51:08","modified_gmt":"2025-12-23T08:51:08","slug":"optimate-6-select-v2","status":"publish","type":"product","link":"https:\/\/optimate1.com\/de\/product\/optimate-6-select-v2\/","title":{"rendered":"OptiMate 6 Select (v2)"},"content":{"rendered":"<h6 style=\"text-align: center;\"><strong><span style=\"color: #10069f;\">OptiMate 6 Select (Version 2) ist das ultimative 12V Batterieladeger\u00e4t, das jeden Typ von 12V Batterien retten, laden, testen und warten kann <\/span><\/strong><strong>\u2013 <\/strong><span style=\"color: #10069f;\"><i>Pb (Blei-S\u00e4ure), AGM und Lithium LFP.<\/i><\/span><\/h6>\n<h6 style=\"text-align: center;\"><strong><span style=\"color: #10069f;\"><img loading=\"lazy\" decoding=\"async\" class=\"aligncenter wp-image-20665\" src=\"https:\/\/optimate1.com\/wp-content\/uploads\/2020\/12\/vehicles_TM250-01.png\" alt=\"Das OptiMate 6 Batterieladeger\u00e4t wird f\u00fcr Batterien von Sportwagen, 4x4-Fahrzeugen, Traktoren, Wohnmobilen, maritimen Anwendungen und Motorr\u00e4dern empfohlen.\" width=\"428\" height=\"70\" \/><\/span><\/strong><\/h6>\n<p>&nbsp;<\/p>\n<h6 style=\"text-align: center;\"><strong><span style=\"color: #10069f;\">Drei Batteriemodi stellen sicher, dass jede Starter- oder Zusatzbatterie eines Fahrzeugs die richtige Ladespannung und Lademethode erh\u00e4lt: <\/span><\/strong><\/h6>\n<h6 style=\"text-align: center;\"><strong><span style=\"color: #10069f;\">Pb &#8211; 14.4V f\u00fcr STD Blei-S\u00e4ure-Batterien (fl\u00fcssig \/ EFB \/ GEL),<br \/>\nAGM &#8211; 14.7V f\u00fcr Premium-AGM-Batterien<br \/>\nLFP &#8211; 14.3V f\u00fcr Lithiumbatterien auf LiFePO4-Basis<\/span><\/strong><\/h6>\n<h6 style=\"text-align: center;\"><span style=\"color: #10069f;\"><i>Die Modusauswahl bleibt im Speicher erhalten, auch wenn die Netzspannung ausf\u00e4llt.<\/i><\/span><\/h6>\n<h6 style=\"text-align: center;\"><img loading=\"lazy\" decoding=\"async\" class=\"aligncenter wp-image-20910\" src=\"https:\/\/optimate1.com\/wp-content\/uploads\/2025\/11\/TM370-v2-selections-copy.png\" alt=\"Mit dem OptiMate 6 Batterieladeger\u00e4t k\u00f6nnen Sie eine Ladespannung von 14.4V f\u00fcr die meisten Batterien oder 14.7V f\u00fcr Premium-AGM-Batterien ausw\u00e4hlen oder den Power-Supply-Unterst\u00fctzungsmodus w\u00e4hlen.\" width=\"428\" height=\"70\" \/><\/h6>\n<p>&nbsp;<\/p>\n<h6 style=\"text-align: center;\"><strong><span style=\"color: #10069f;\">Der Servicemodus bietet eine konstante Batterieunterst\u00fctzung und ist ideal f\u00fcr Fahrzeugabstimmung, Diagnose und Fehlersuche oder den Einsatz im Showroom.<\/span><\/strong><\/h6>\n<h6 style=\"text-align: center;\"><img loading=\"lazy\" decoding=\"async\" class=\"aligncenter wp-image-20977\" src=\"https:\/\/optimate1.com\/wp-content\/uploads\/2020\/12\/TUNE-power-supplyx2-300x49.png\" alt=\"Der Power-Supply-Modus des OptiMate 6 Select liefert konstante Leistung f\u00fcr Fahrzeugabstimmung, Diagnose und Fehlersuche.\" width=\"428\" height=\"70\" srcset=\"https:\/\/optimate1.com\/wp-content\/uploads\/2020\/12\/TUNE-power-supplyx2-300x49.png 300w, https:\/\/optimate1.com\/wp-content\/uploads\/2020\/12\/TUNE-power-supplyx2-600x98.png 600w, https:\/\/optimate1.com\/wp-content\/uploads\/2020\/12\/TUNE-power-supplyx2-64x10.png 64w, https:\/\/optimate1.com\/wp-content\/uploads\/2020\/12\/TUNE-power-supplyx2-768x126.png 768w, https:\/\/optimate1.com\/wp-content\/uploads\/2020\/12\/TUNE-power-supplyx2.png 856w\" sizes=\"auto, (max-width: 428px) 100vw, 428px\" \/><\/h6>\n<p>&nbsp;<\/p>\n<h6 style=\"text-align: center;\"><strong><span style=\"color: #10069f;\">Nach dem Anschluss bringt das vollautomatische Mehrstufenprogramm die Batterie sicher zur vollst\u00e4ndigen Ladung. <\/span><\/strong><i><span style=\"color: #10069f;\">Batterie anschlie\u00dfen und OptiMate 6 Select erledigt den Rest, keine \u00dcberwachung erforderlich!<\/span><\/i><\/h6>\n<h6 style=\"text-align: center;\"><img loading=\"lazy\" decoding=\"async\" class=\"aligncenter wp-image-20876\" src=\"https:\/\/optimate1.com\/wp-content\/uploads\/2020\/12\/connect-save-charge-optimize-maintain-200.png\" alt=\"Das vollautomatische Mehrstufenprogramm zum sicheren vollst\u00e4ndigen Laden der Batterie.\" width=\"428\" height=\"70\" \/><\/h6>\n<p>&nbsp;<\/p>\n<h6 style=\"text-align: center;\"><strong><span style=\"color: #10069f;\">Der OptiMate SAVE Modus, modusspezifisch und batterietypabh\u00e4ngig, stellt eine vollst\u00e4ndig entladene Batterie sicher* und automatisch bereits ab Spannungen von nur 0.5 Volt wieder her. <\/span><\/strong><\/h6>\n<h6 style=\"text-align: center;\"><i><span style=\"color: #10069f;\">*Pb &amp; AGM: wendet einen fahrzeugsicheren Wiederherstellungsmodus an, wenn die Batterie im Fahrzeug erkannt wird.<br \/>\n*LFP: testet die Batterie, um sicherzustellen, dass sich die Zellen normal erholen. Ist dies nicht der Fall, wird der Ladevorgang gestoppt, um eine \u00dcberhitzung einer besch\u00e4digten Batterie zu vermeiden. <\/span><\/i><\/h6>\n<h6 style=\"text-align: center;\"><img loading=\"lazy\" decoding=\"async\" class=\"aligncenter wp-image-20977\" src=\"https:\/\/optimate1.com\/wp-content\/uploads\/2025\/11\/Safely-save-pb-and-lfp-copy-1.png\" alt=\"Der Power-Supply-Modus des OptiMate 6 Select liefert konstante Leistung f\u00fcr Fahrzeugabstimmung, Diagnose und Fehlersuche.\" width=\"528\" height=\"70\" \/><\/h6>\n<p>&nbsp;<\/p>\n<h6 style=\"text-align: center;\"><strong><span style=\"color: #10069f;\">Lithiumbatterien mit intelligenter Entladeschutzfunktion, die die Batterie bei zu niedriger Spannung abschaltet, k\u00f6nnen manuell zur\u00fcckgesetzt werden. <\/span><\/strong><i><span style=\"color: #10069f;\">Bei ausgew\u00e4hltem LFP-Modus die Drucktaste 3 Sekunden lang gedr\u00fcckt halten, um den BMS-Resetmodus zu aktivieren.<\/span><\/i><\/h6>\n<h6 style=\"text-align: center;\"><img loading=\"lazy\" decoding=\"async\" class=\"aligncenter wp-image-20910\" src=\"https:\/\/optimate1.com\/wp-content\/uploads\/2021\/11\/BMS-reset-01.png\" alt=\"bms batteriemanagementsystem des optimate lithium batterieladeger\u00e4ts\" width=\"428\" height=\"70\" \/><\/h6>\n<p>&nbsp;<\/p>\n<h6 style=\"text-align: center;\"><strong><span style=\"color: #10069f;\">Der Batterietest w\u00e4hrend des Ladevorgangs erkennt eine besch\u00e4digte Batterie und zeigt nach dem Laden an, wie gut die Batterie ihre Ladung h\u00e4lt.<\/span><\/strong><\/h6>\n<h6 style=\"text-align: center;\"><img loading=\"lazy\" decoding=\"async\" class=\"aligncenter wp-image-20977\" src=\"https:\/\/optimate1.com\/wp-content\/uploads\/2025\/11\/TEST-lights-TM370-v2-copy.png\" alt=\"Der Power-Supply-Modus des OptiMate 6 Select liefert konstante Leistung f\u00fcr Fahrzeugabstimmung, Diagnose und Fehlersuche.\" width=\"528\" height=\"70\" \/><\/h6>\n<p>&nbsp;<\/p>\n<p>&nbsp;<\/p>\n<h4 style=\"text-align: center;\"><strong><span style=\"text-decoration: underline;\">WEITERE FUNKTIONEN:<\/span><\/strong><\/h4>\n<p style=\"text-align: center;\">\n<table id=\"tablepress-704\" class=\"tablepress tablepress-id-704\">\n<tbody class=\"row-hover\">\n<tr class=\"row-1\">\n\t<td class=\"column-1\"><a href=\"\"><img loading=\"lazy\" decoding=\"async\" src=\"https:\/\/optimate1.com\/wp-content\/uploads\/2023\/09\/2DUO-batteries-copy-3.png\" alt=\"\" width=\"300\" height=\"50\" class=\"aligncenter size-medium wp-image-20927\" \/><\/a><body><h6><center>F\u00fcr 12V Blei-S\u00e4ure-Starterbatterien (Pb) f\u00fcr Kraftfahrzeuge (SLI), einschlie\u00dflich STD (mit Verschlusskappen), AGM, GEL (verschlossene VRLA) &amp; EFB sowie 4-zellige LFP (LiFePO4) 12.8V\/13.2V Lithiumbatterien.<\/body><\/h6><\/center><br \/>\n<\/td>\n<\/tr>\n<tr class=\"row-2\">\n\t<td class=\"column-1\"><a href=\"\"><img loading=\"lazy\" decoding=\"async\" src=\"https:\/\/optimate1.com\/wp-content\/uploads\/2020\/12\/Ampmatic-SFL200.png\" alt=\"\" width=\"300\" height=\"50\" class=\"aligncenter size-medium wp-image-20927\" \/><\/a><body><h6><center>Passt den Ladestrom automatisch an Batteriekapazit\u00e4t und Batteriezustand an.<\/body><\/h6><\/center><br \/>\n<\/td>\n<\/tr>\n<tr class=\"row-3\">\n\t<td class=\"column-1\"><a href=\"\"><img loading=\"lazy\" decoding=\"async\" src=\"https:\/\/optimate1.com\/wp-content\/uploads\/2020\/12\/Ambient-SFL200-1.png\" alt=\"\" width=\"300\" height=\"50\" class=\"aligncenter size-medium wp-image-20928\" \/><\/a><body><h6><center>Temperaturkompensation: Die Spannung wird bei niedrigen Temperaturen erh\u00f6ht und bei hohen Temperaturen reduziert. LFP: Der Ladestrom wird reduziert, wenn die Temperatur au\u00dferhalb des sicheren Ladebereichs liegt.<\/body><\/h6><\/center><br \/>\n<\/td>\n<\/tr>\n<tr class=\"row-4\">\n\t<td class=\"column-1\"><a href=\"\"><img loading=\"lazy\" decoding=\"async\" src=\"https:\/\/optimate1.com\/wp-content\/uploads\/2025\/11\/SAFE-connect.png\" alt=\"\" width=\"300\" height=\"50\" class=\"aligncenter size-medium wp-image-20995\" \/><\/a><body><h6><center>Sicher dauerhaft angeschlossen. Vollst\u00e4ndiger elektronischer Schutz.<\/body><\/h6><\/center><br \/>\n<\/td>\n<\/tr>\n<tr class=\"row-5\">\n\t<td class=\"column-1\"><a href=\"\"><img loading=\"lazy\" decoding=\"async\" src=\"https:\/\/optimate1.com\/wp-content\/uploads\/2020\/12\/24-7-x2-300x49.png\" alt=\"\" width=\"300\" height=\"50\" class=\"aligncenter size-medium wp-image-20982\" srcset=\"https:\/\/optimate1.com\/wp-content\/uploads\/2020\/12\/24-7-x2-300x49.png 300w, https:\/\/optimate1.com\/wp-content\/uploads\/2020\/12\/24-7-x2-600x98.png 600w, https:\/\/optimate1.com\/wp-content\/uploads\/2020\/12\/24-7-x2-64x10.png 64w, https:\/\/optimate1.com\/wp-content\/uploads\/2020\/12\/24-7-x2-768x126.png 768w, https:\/\/optimate1.com\/wp-content\/uploads\/2020\/12\/24-7-x2.png 856w\" sizes=\"auto, (max-width: 300px) 100vw, 300px\" \/><\/a><body><h6><center>Anschlie\u00dfen und vergessen, keine \u00dcberwachung erforderlich! H\u00e4lt die Batterie auf dem richtigen Ladezustand und in gutem Zustand.<\/center><\/h6><\/body><br \/>\n<\/td>\n<\/tr>\n<tr class=\"row-6\">\n\t<td class=\"column-1\"><a href=\"\"><img loading=\"lazy\" decoding=\"async\" src=\"https:\/\/optimate1.com\/wp-content\/uploads\/2020\/12\/SAVE-dead-battery-x2-300x49.png\" alt=\"\" width=\"300\" height=\"50\" class=\"aligncenter size-medium wp-image-20993\" srcset=\"https:\/\/optimate1.com\/wp-content\/uploads\/2020\/12\/SAVE-dead-battery-x2-300x49.png 300w, https:\/\/optimate1.com\/wp-content\/uploads\/2020\/12\/SAVE-dead-battery-x2-64x10.png 64w, https:\/\/optimate1.com\/wp-content\/uploads\/2020\/12\/SAVE-dead-battery-x2.png 428w\" sizes=\"auto, (max-width: 300px) 100vw, 300px\" \/><\/a><body><h6><center>Rettet Ihre \u201etote\u201c Batterie bereits ab Spannungen von nur 0.5V.<\/body><\/h6><\/center><br \/>\n<\/td>\n<\/tr>\n<tr class=\"row-7\">\n\t<td class=\"column-1\"><a href=\"\"><img loading=\"lazy\" decoding=\"async\" src=\"https:\/\/optimate1.com\/wp-content\/uploads\/2020\/12\/state-of-health-test-3-LEDx2-300x49.png\" alt=\"\" width=\"300\" height=\"50\" class=\"aligncenter size-medium wp-image-20985\" srcset=\"https:\/\/optimate1.com\/wp-content\/uploads\/2020\/12\/state-of-health-test-3-LEDx2-300x49.png 300w, https:\/\/optimate1.com\/wp-content\/uploads\/2020\/12\/state-of-health-test-3-LEDx2-600x98.png 600w, https:\/\/optimate1.com\/wp-content\/uploads\/2020\/12\/state-of-health-test-3-LEDx2-64x10.png 64w, https:\/\/optimate1.com\/wp-content\/uploads\/2020\/12\/state-of-health-test-3-LEDx2-768x126.png 768w, https:\/\/optimate1.com\/wp-content\/uploads\/2020\/12\/state-of-health-test-3-LEDx2.png 856w\" sizes=\"auto, (max-width: 300px) 100vw, 300px\" \/><\/a><body><h6><center>Testet den Gesundheitszustand der Batterie.<\/body><\/h6><\/center><br \/>\n<\/td>\n<\/tr>\n<tr class=\"row-8\">\n\t<td class=\"column-1\"><a href=\"\"><img loading=\"lazy\" decoding=\"async\" src=\"https:\/\/optimate1.com\/wp-content\/uploads\/2020\/12\/green-technology-hx2-1-300x49.png\" alt=\"\" width=\"300\" height=\"50\" class=\"aligncenter size-medium wp-image-20983\" \/><\/a><body><h6><center>50 % weniger Energieverbrauch, 50 % geringere Kosten.<br \/>\n<strong>\u221a<\/strong> Power Factor Correction<br \/>\n<strong>\u221a<\/strong> Synchrone Gleichrichtung<\/body><\/h6><\/center><br \/>\n<\/td>\n<\/tr>\n<tr class=\"row-9\">\n\t<td class=\"column-1\"><a href=\"\"><img loading=\"lazy\" decoding=\"async\" src=\"https:\/\/optimate1.com\/wp-content\/uploads\/2020\/12\/weatherproof-x2-300x49.png\" alt=\"\" width=\"300\" height=\"50\" class=\"aligncenter size-medium wp-image-21012\" srcset=\"https:\/\/optimate1.com\/wp-content\/uploads\/2020\/12\/weatherproof-x2-300x49.png 300w, https:\/\/optimate1.com\/wp-content\/uploads\/2020\/12\/weatherproof-x2-600x98.png 600w, https:\/\/optimate1.com\/wp-content\/uploads\/2020\/12\/weatherproof-x2-64x10.png 64w, https:\/\/optimate1.com\/wp-content\/uploads\/2020\/12\/weatherproof-x2-768x126.png 768w, https:\/\/optimate1.com\/wp-content\/uploads\/2020\/12\/weatherproof-x2.png 856w\" sizes=\"auto, (max-width: 300px) 100vw, 300px\" \/><\/a><body><h6><center>Wetterfest. F\u00fcr den Einsatz bis -40\u00b0C \/ -40\u00b0F geeignet.<\/body><\/h6><\/center><br \/>\n<\/td>\n<\/tr>\n<\/tbody>\n<\/table>\n<!-- #tablepress-704 from cache --><\/p>\n","protected":false},"excerpt":{"rendered":"<h3><span style=\"color: #947c4e;\">GOLD Serie: 9-stufiges 12V 6A Lade- und Wartungsger\u00e4t f\u00fcr geschlossene Batterien mit Wiederherstellungsfunktion<\/span><\/h3>\n","protected":false},"featured_media":40746,"template":"","meta":[],"product_brand":[],"product_cat":[419],"product_tag":[],"class_list":{"0":"post-40928","1":"product","2":"type-product","3":"status-publish","4":"has-post-thumbnail","6":"product_cat-battery-chargers-de","7":"pa_charge-battery-chemistry-li-lifepo4-lfp-lithium-de","8":"pa_charge-battery-chemistry-pb-agm-gel-std-lead-acid-de","9":"pa_charge-battery-more-12v-de","10":"pa_charge-battery-more-4x4-abenteuer","11":"pa_charge-battery-more-auto-lieferwagen","12":"pa_charge-battery-more-boot-wasserfahrzeug","13":"pa_charge-battery-more-flugzeug-licht","14":"pa_charge-battery-more-optima-odyssey-de-2","15":"pa_charge-battery-more-oldtimer-de","16":"pa_charge-battery-more-traktor-baumaschine","17":"pa_charge-battery-more-wohnmobil-wagen","18":"pa_power-ac-100-240vac-de","19":"pa_product-group-optimate-6-de","20":"pa_region-ca-de-2","21":"pa_region-eu-de-2","22":"pa_region-uk-de-2","23":"pa_region-us-de-2","24":"iside_voltage-12-de","25":"iside_voltage-12-8-de","26":"iside_ampere-6-de","27":"iside_vehicle-luftfahrt-de","28":"iside_vehicle-marine-de","29":"iside_vehicle-oldtimer-classic-car-de","30":"iside_charger_series-gold-advanced-de-2","31":"iside_charger_features-bms-reset-fur-lfp-batterie","32":"iside_charger_features-duo-24-7-wartung-fur-pb-lfp","33":"iside_charger_features-save-low-volt-reset-bms-lithium-lfp-de","34":"iside_charger_features-save-sulphated-pb-lead-acid-de","35":"iside_charger_features-sichere-batteriewartung-rund-um-die-uhr","36":"iside_charger_features-spannung-an-temperatur-anpassen-fur-pb","37":"iside_charger_features-stromstarke-an-temperatur-anpassen-fur-lfp","38":"iside_charger_features-power-supply-tune-mode-de","39":"iside_charger_type-single-de","40":"iside_battery_voltage-12-8v-13-2v","41":"iside_battery_voltage-12v-de","42":"iside_battery_chemistry-lfp-lifepo4-lithium-ion-de","43":"iside_battery_chemistry-premium-spiral-agm","44":"iside_battery_chemistry-pb-lead-acid-de","45":"battery_charger_current-5a-6a-de","46":"battery_charger_current-ampmatic-1-to-6a-de","47":"thunk-woo-product-list","48":"opn-qv-enable","49":"big-store-woo-hover-","50":"open-single-product-tab-horizontal","51":"open-shadow-","52":"open-shadow-hover-","54":"first","55":"instock","56":"featured","57":"shipping-taxable","58":"purchasable","59":"product-type-simple"},"yoast_head":"<!-- This site is optimized with the Yoast SEO plugin v27.2 - https:\/\/yoast.com\/product\/yoast-seo-wordpress\/ -->\n<title>OptiMate 6 Select (v2) - OptiMate<\/title>\n<meta name=\"description\" content=\"OptiMate 6 Select ist ein \u201ePro choice\u201c Ladeger\u00e4t, das das volle Potenzial der Batterie aussch\u00f6pft, einschlie\u00dflich Unterst\u00fctzung f\u00fcr Fahrzeugabstimmung. Mehr erfahren!\" \/>\n<meta name=\"robots\" content=\"index, follow, max-snippet:-1, max-image-preview:large, max-video-preview:-1, noarchive\" \/>\n<link rel=\"canonical\" href=\"https:\/\/optimate1.com\/product\/om6selectv2\/\" \/>\n<meta property=\"og:locale\" content=\"de_DE\" \/>\n<meta property=\"og:type\" content=\"article\" \/>\n<meta property=\"og:title\" content=\"OptiMate 6 Select (v2) - OptiMate\" \/>\n<meta property=\"og:description\" content=\"OptiMate 6 Select ist ein \u201ePro choice\u201c Ladeger\u00e4t, das das volle Potenzial der Batterie aussch\u00f6pft, einschlie\u00dflich Unterst\u00fctzung f\u00fcr Fahrzeugabstimmung. Mehr erfahren!\" \/>\n<meta property=\"og:url\" content=\"https:\/\/optimate1.com\/product\/om6selectv2\/\" \/>\n<meta property=\"og:site_name\" content=\"OptiMate\" \/>\n<meta property=\"article:publisher\" content=\"https:\/\/www.facebook.com\/OptiMatebatterysavingcharger\/\" \/>\n<meta property=\"article:modified_time\" content=\"2025-12-23T08:51:08+00:00\" \/>\n<meta property=\"og:image\" content=\"https:\/\/optimate1.com\/wp-content\/uploads\/2025\/12\/OptiMate-6-SELECT_v2-TM37x-12-copy-1024x1024.png\" \/>\n\t<meta property=\"og:image:width\" content=\"1024\" \/>\n\t<meta property=\"og:image:height\" content=\"1024\" \/>\n\t<meta property=\"og:image:type\" content=\"image\/png\" \/>\n<meta name=\"twitter:card\" content=\"summary_large_image\" \/>\n<meta name=\"twitter:label1\" content=\"Gesch\u00e4tzte Lesezeit\" \/>\n\t<meta name=\"twitter:data1\" content=\"3\u00a0Minuten\" \/>\n<script type=\"application\/ld+json\" class=\"yoast-schema-graph\">{\"@context\":\"https:\/\/schema.org\",\"@graph\":[{\"@type\":\"WebPage\",\"@id\":\"https:\/\/optimate1.com\/product\/om6selectv2\/\",\"url\":\"https:\/\/optimate1.com\/product\/om6selectv2\/\",\"name\":\"OptiMate 6 Select (v2) - OptiMate\",\"isPartOf\":{\"@id\":\"https:\/\/optimate1.com\/#website\"},\"primaryImageOfPage\":{\"@id\":\"https:\/\/optimate1.com\/product\/om6selectv2\/#primaryimage\"},\"image\":{\"@id\":\"https:\/\/optimate1.com\/product\/om6selectv2\/#primaryimage\"},\"thumbnailUrl\":\"https:\/\/optimate1.com\/wp-content\/uploads\/2025\/12\/OptiMate-6-SELECT_v2-TM37x-12-copy.png\",\"datePublished\":\"2025-11-25T09:26:17+00:00\",\"dateModified\":\"2025-12-23T08:51:08+00:00\",\"description\":\"OptiMate 6 Select ist ein \u201ePro choice\u201c Ladeger\u00e4t, das das volle Potenzial der Batterie aussch\u00f6pft, einschlie\u00dflich Unterst\u00fctzung f\u00fcr Fahrzeugabstimmung. Mehr erfahren!\",\"breadcrumb\":{\"@id\":\"https:\/\/optimate1.com\/product\/om6selectv2\/#breadcrumb\"},\"inLanguage\":\"de\",\"potentialAction\":[{\"@type\":\"ReadAction\",\"target\":[\"https:\/\/optimate1.com\/product\/om6selectv2\/\"]}]},{\"@type\":\"ImageObject\",\"inLanguage\":\"de\",\"@id\":\"https:\/\/optimate1.com\/product\/om6selectv2\/#primaryimage\",\"url\":\"https:\/\/optimate1.com\/wp-content\/uploads\/2025\/12\/OptiMate-6-SELECT_v2-TM37x-12-copy.png\",\"contentUrl\":\"https:\/\/optimate1.com\/wp-content\/uploads\/2025\/12\/OptiMate-6-SELECT_v2-TM37x-12-copy.png\",\"width\":1500,\"height\":1500},{\"@type\":\"BreadcrumbList\",\"@id\":\"https:\/\/optimate1.com\/product\/om6selectv2\/#breadcrumb\",\"itemListElement\":[{\"@type\":\"ListItem\",\"position\":1,\"name\":\"Home\",\"item\":\"https:\/\/optimate1.com\/\"},{\"@type\":\"ListItem\",\"position\":2,\"name\":\"Produkte\",\"item\":\"https:\/\/optimate1.com\/shop\/\"},{\"@type\":\"ListItem\",\"position\":3,\"name\":\"OptiMate 6 Select\"}]},{\"@type\":\"WebSite\",\"@id\":\"https:\/\/optimate1.com\/#website\",\"url\":\"https:\/\/optimate1.com\/\",\"name\":\"OptiMate\",\"description\":\"Battery Chargers &amp; Accessories\",\"publisher\":{\"@id\":\"https:\/\/optimate1.com\/#organization\"},\"potentialAction\":[{\"@type\":\"SearchAction\",\"target\":{\"@type\":\"EntryPoint\",\"urlTemplate\":\"https:\/\/optimate1.com\/?s={search_term_string}\"},\"query-input\":{\"@type\":\"PropertyValueSpecification\",\"valueRequired\":true,\"valueName\":\"search_term_string\"}}],\"inLanguage\":\"de\"},{\"@type\":\"Organization\",\"@id\":\"https:\/\/optimate1.com\/#organization\",\"name\":\"OptiMate\",\"url\":\"https:\/\/optimate1.com\/\",\"logo\":{\"@type\":\"ImageObject\",\"inLanguage\":\"de\",\"@id\":\"https:\/\/optimate1.com\/#\/schema\/logo\/image\/\",\"url\":\"https:\/\/optimate1.com\/wp-content\/uploads\/2021\/06\/optimate-hpbc-stacklogo.jpg\",\"contentUrl\":\"https:\/\/optimate1.com\/wp-content\/uploads\/2021\/06\/optimate-hpbc-stacklogo.jpg\",\"width\":1025,\"height\":529,\"caption\":\"OptiMate\"},\"image\":{\"@id\":\"https:\/\/optimate1.com\/#\/schema\/logo\/image\/\"},\"sameAs\":[\"https:\/\/www.facebook.com\/OptiMatebatterysavingcharger\/\"]}]}<\/script>\n<!-- \/ Yoast SEO plugin. -->","yoast_head_json":{"title":"OptiMate 6 Select (v2) - OptiMate","description":"OptiMate 6 Select ist ein \u201ePro choice\u201c Ladeger\u00e4t, das das volle Potenzial der Batterie aussch\u00f6pft, einschlie\u00dflich Unterst\u00fctzung f\u00fcr Fahrzeugabstimmung. Mehr erfahren!","robots":{"index":"index","follow":"follow","max-snippet":"max-snippet:-1","max-image-preview":"max-image-preview:large","max-video-preview":"max-video-preview:-1","archive":"noarchive"},"canonical":"https:\/\/optimate1.com\/product\/om6selectv2\/","og_locale":"de_DE","og_type":"article","og_title":"OptiMate 6 Select (v2) - OptiMate","og_description":"OptiMate 6 Select ist ein \u201ePro choice\u201c Ladeger\u00e4t, das das volle Potenzial der Batterie aussch\u00f6pft, einschlie\u00dflich Unterst\u00fctzung f\u00fcr Fahrzeugabstimmung. Mehr erfahren!","og_url":"https:\/\/optimate1.com\/product\/om6selectv2\/","og_site_name":"OptiMate","article_publisher":"https:\/\/www.facebook.com\/OptiMatebatterysavingcharger\/","article_modified_time":"2025-12-23T08:51:08+00:00","og_image":[{"width":1024,"height":1024,"url":"https:\/\/optimate1.com\/wp-content\/uploads\/2025\/12\/OptiMate-6-SELECT_v2-TM37x-12-copy-1024x1024.png","type":"image\/png"}],"twitter_card":"summary_large_image","twitter_misc":{"Gesch\u00e4tzte Lesezeit":"3\u00a0Minuten"},"schema":{"@context":"https:\/\/schema.org","@graph":[{"@type":"WebPage","@id":"https:\/\/optimate1.com\/product\/om6selectv2\/","url":"https:\/\/optimate1.com\/product\/om6selectv2\/","name":"OptiMate 6 Select (v2) - OptiMate","isPartOf":{"@id":"https:\/\/optimate1.com\/#website"},"primaryImageOfPage":{"@id":"https:\/\/optimate1.com\/product\/om6selectv2\/#primaryimage"},"image":{"@id":"https:\/\/optimate1.com\/product\/om6selectv2\/#primaryimage"},"thumbnailUrl":"https:\/\/optimate1.com\/wp-content\/uploads\/2025\/12\/OptiMate-6-SELECT_v2-TM37x-12-copy.png","datePublished":"2025-11-25T09:26:17+00:00","dateModified":"2025-12-23T08:51:08+00:00","description":"OptiMate 6 Select ist ein \u201ePro choice\u201c Ladeger\u00e4t, das das volle Potenzial der Batterie aussch\u00f6pft, einschlie\u00dflich Unterst\u00fctzung f\u00fcr Fahrzeugabstimmung. Mehr erfahren!","breadcrumb":{"@id":"https:\/\/optimate1.com\/product\/om6selectv2\/#breadcrumb"},"inLanguage":"de","potentialAction":[{"@type":"ReadAction","target":["https:\/\/optimate1.com\/product\/om6selectv2\/"]}]},{"@type":"ImageObject","inLanguage":"de","@id":"https:\/\/optimate1.com\/product\/om6selectv2\/#primaryimage","url":"https:\/\/optimate1.com\/wp-content\/uploads\/2025\/12\/OptiMate-6-SELECT_v2-TM37x-12-copy.png","contentUrl":"https:\/\/optimate1.com\/wp-content\/uploads\/2025\/12\/OptiMate-6-SELECT_v2-TM37x-12-copy.png","width":1500,"height":1500},{"@type":"BreadcrumbList","@id":"https:\/\/optimate1.com\/product\/om6selectv2\/#breadcrumb","itemListElement":[{"@type":"ListItem","position":1,"name":"Home","item":"https:\/\/optimate1.com\/"},{"@type":"ListItem","position":2,"name":"Produkte","item":"https:\/\/optimate1.com\/shop\/"},{"@type":"ListItem","position":3,"name":"OptiMate 6 Select"}]},{"@type":"WebSite","@id":"https:\/\/optimate1.com\/#website","url":"https:\/\/optimate1.com\/","name":"OptiMate","description":"Battery Chargers &amp; Accessories","publisher":{"@id":"https:\/\/optimate1.com\/#organization"},"potentialAction":[{"@type":"SearchAction","target":{"@type":"EntryPoint","urlTemplate":"https:\/\/optimate1.com\/?s={search_term_string}"},"query-input":{"@type":"PropertyValueSpecification","valueRequired":true,"valueName":"search_term_string"}}],"inLanguage":"de"},{"@type":"Organization","@id":"https:\/\/optimate1.com\/#organization","name":"OptiMate","url":"https:\/\/optimate1.com\/","logo":{"@type":"ImageObject","inLanguage":"de","@id":"https:\/\/optimate1.com\/#\/schema\/logo\/image\/","url":"https:\/\/optimate1.com\/wp-content\/uploads\/2021\/06\/optimate-hpbc-stacklogo.jpg","contentUrl":"https:\/\/optimate1.com\/wp-content\/uploads\/2021\/06\/optimate-hpbc-stacklogo.jpg","width":1025,"height":529,"caption":"OptiMate"},"image":{"@id":"https:\/\/optimate1.com\/#\/schema\/logo\/image\/"},"sameAs":["https:\/\/www.facebook.com\/OptiMatebatterysavingcharger\/"]}]}},"_links":{"self":[{"href":"https:\/\/optimate1.com\/de\/wp-json\/wp\/v2\/product\/40928","targetHints":{"allow":["GET"]}}],"collection":[{"href":"https:\/\/optimate1.com\/de\/wp-json\/wp\/v2\/product"}],"about":[{"href":"https:\/\/optimate1.com\/de\/wp-json\/wp\/v2\/types\/product"}],"wp:featuredmedia":[{"embeddable":true,"href":"https:\/\/optimate1.com\/de\/wp-json\/wp\/v2\/media\/40746"}],"wp:attachment":[{"href":"https:\/\/optimate1.com\/de\/wp-json\/wp\/v2\/media?parent=40928"}],"wp:term":[{"taxonomy":"product_brand","embeddable":true,"href":"https:\/\/optimate1.com\/de\/wp-json\/wp\/v2\/product_brand?post=40928"},{"taxonomy":"product_cat","embeddable":true,"href":"https:\/\/optimate1.com\/de\/wp-json\/wp\/v2\/product_cat?post=40928"},{"taxonomy":"product_tag","embeddable":true,"href":"https:\/\/optimate1.com\/de\/wp-json\/wp\/v2\/product_tag?post=40928"}],"curies":[{"name":"wp","href":"https:\/\/api.w.org\/{rel}","templated":true}]}}