{"id":40952,"date":"2025-12-15T04:01:31","date_gmt":"2025-12-15T09:01:31","guid":{"rendered":"https:\/\/optimate1.com\/product\/optimate-cable-o-22\/"},"modified":"2026-02-25T05:35:57","modified_gmt":"2026-02-25T10:35:57","slug":"optimate-cable-o-22","status":"publish","type":"product","link":"https:\/\/optimate1.com\/de\/product\/optimate-cable-o-22\/","title":{"rendered":"O-22 Steckeradapter | AUTO (\u00d822) > SAE | 10A max"},"content":{"rendered":"<h3 class=\"entry-summary hidden-phone\"><strong>Der Ladeadapter mit einzigartigem Steckerkonzept, der eine zuverl\u00e4ssige, kontinuierliche Stromversorgung \u00fcber jeden Typ von 12V Fahrzeugsteckdose gew\u00e4hrleistet <i>von hochwertigen verriegelnden Steckdosen bis zu einfachen Rohrsteckdosen.<\/i><\/strong><\/h3>\n<h6 style=\"text-align: center;\"><img loading=\"lazy\" decoding=\"async\" class=\"aligncenter wp-image-20876\" src=\"https:\/\/optimate1.com\/wp-content\/uploads\/2025\/12\/O-22-different-sockets-copy.png\" alt=\"This cable is SAE to SAE.\" width=\"428\" height=\"70\" \/><\/h6>\n<p>&nbsp;<\/p>\n<h6 style=\"text-align: center;\"><strong><span style=\"color: #10069f;\"><b>Passend f\u00fcr Standard \u00d821mm <\/b><\/span><\/strong><i><span style=\"color: #10069f;\">bis \u00d822mm (13\/16\u201d bis 7\/8\u201d) 12V Steckdosen in europ\u00e4ischen und amerikanischen Fahrzeugen und Motorr\u00e4dern sowie in japanischen Motorr\u00e4dern.<\/span><\/i><\/h6>\n<h6 style=\"text-align: center;\"><img loading=\"lazy\" decoding=\"async\" class=\"aligncenter wp-image-20876\" src=\"https:\/\/optimate1.com\/wp-content\/uploads\/2025\/12\/sockets-on-bikes.png\" alt=\"This cable is SAE to SAE.\" width=\"428\" height=\"70\" \/><\/h6>\n<p>&nbsp;<\/p>\n<h6 style=\"text-align: center;\"><strong><span style=\"color: #10069f;\"><b>OptiMate SAE Anschluss in Heavy Duty Ausf\u00fchrung <\/b><\/span><\/strong><span style=\"color: #10069f;\"><i>kompatibel mit allen standardm\u00e4\u00dfigen SAE 2-poligen Steckverbindern.<\/i><\/span><\/h6>\n<h6 style=\"text-align: center;\"><img loading=\"lazy\" decoding=\"async\" class=\"aligncenter wp-image-20876\" src=\"https:\/\/optimate1.com\/wp-content\/uploads\/2023\/03\/O-2-length-copy.png\" alt=\"This cable is SAE to SAE.\" width=\"280\" height=\"100\" \/><\/h6>\n<p>&nbsp;<\/p>\n<h6 style=\"text-align: center;\"><strong><span style=\"color: #10069f;\"><b>Das einzigartige OptiMate Design sorgt f\u00fcr eine zuverl\u00e4ssige und vibrationsbest\u00e4ndige Verbindung <\/b><\/span><\/strong><i><span style=\"color: #10069f;\">rastet in kompatiblen Steckdosen ein und der 360\u00b0 aufgeweitete Minus Ring \u00fcbt gleichm\u00e4\u00dfigen Druck im Metallrohr der Steckdose aus.<\/span><\/i><\/h6>\n<h6 style=\"text-align: center;\"><img loading=\"lazy\" decoding=\"async\" class=\"aligncenter wp-image-20660\" src=\"https:\/\/optimate1.com\/wp-content\/uploads\/2025\/12\/O-46-latches-into-socket-scaled.png\" alt=\"The SAE to SAE adapter is ideal for 12V lead-acid &amp; 12.8V lithium LFP batteries.\" width=\"428\" height=\"70\" \/><\/h6>\n<p>&nbsp;<\/p>\n<h6 style=\"text-align: center;\"><strong><span style=\"color: #10069f;\">Premium Spezifikationen <\/span><\/strong><span style=\"color: #10069f;\"><i>30cm (12\u201d) L\u00e4nge, allwettertaugliches Kabel.<\/i><\/span><\/h6>\n<h6 style=\"text-align: center;\"><img loading=\"lazy\" decoding=\"async\" class=\"aligncenter wp-image-20876\" src=\"https:\/\/optimate1.com\/wp-content\/uploads\/2025\/12\/O-22-length-specifications-copy-2-2-2-2-2-copy.png\" alt=\"This cable is SAE to SAE.\" width=\"428\" height=\"70\" \/><\/h6>\n<p>&nbsp;<\/p>\n<h4 style=\"text-align: center;\"><strong><span style=\"text-decoration: underline;\">WEITERE FUNKTIONEN:<\/span><\/strong><\/h4>\n<p style=\"text-align: center;\">\n<table id=\"tablepress-310\" class=\"tablepress tablepress-id-310\">\n<tbody class=\"row-hover\">\n<tr class=\"row-1\">\n\t<td class=\"column-1\"><a href=\"\"><img loading=\"lazy\" decoding=\"async\" src=\"https:\/\/optimate1.com\/wp-content\/uploads\/2021\/11\/Inline-protection-against-dust-rain-01_X-copy.png\" alt=\"\" width=\"300\" height=\"50\" class=\"aligncenter size-medium wp-image-20982\" \/><\/a><body><h6><center>Gummi-Inline-Dichtung sch\u00fctzt SAE-Anschluss.<\/center><\/h6><\/body><\/td>\n<\/tr>\n<tr class=\"row-2\">\n\t<td class=\"column-1\"><a href=\"\"><img loading=\"lazy\" decoding=\"async\" src=\"https:\/\/optimate1.com\/wp-content\/uploads\/2021\/11\/weather-icon-copy_600px-01.png\" alt=\"\" width=\"600\" height=\"40\" class=\"aligncenter size-medium wp-image-21012\" \/><\/a><body><h6><center>Geeignet f\u00fcr Temperaturen und den Einsatz im Freien.<\/body><\/h6><\/center><\/td>\n<\/tr>\n<tr class=\"row-3\">\n\t<td class=\"column-1\"><a href=\"\"><img loading=\"lazy\" decoding=\"async\" src=\"https:\/\/optimate1.com\/wp-content\/uploads\/2023\/03\/SPT-2.png\" alt=\"\" width=\"300\" height=\"40\" class=\"aligncenter size-medium wp-image-21012\" \/><\/a><body><h6><center>Dickere Isolierung f\u00fcr besseren Schutz.<\/body><\/h6><\/center><\/td>\n<\/tr>\n<tr class=\"row-4\">\n\t<td class=\"column-1\"><a href=\"\"><img loading=\"lazy\" decoding=\"async\" src=\"https:\/\/optimate1.com\/wp-content\/uploads\/2023\/03\/16AWG.png\" alt=\"\" width=\"300\" height=\"40\" class=\"aligncenter size-medium wp-image-21012\" \/><\/a><body><h6><center>Bemessungsstrom: 10A Durchschn. \/ 13A max.<\/body><\/h6><\/center><br \/>\n<br \/>\n<br \/>\n<br \/>\n<br \/>\n<br \/>\n<\/td>\n<\/tr>\n<\/tbody>\n<\/table>\n<!-- #tablepress-310 from cache --><\/p>\n","protected":false},"excerpt":{"rendered":"<h3 class=\"entry-summary hidden-phone\"><span style=\"color: #cd202c;\">Adapter, SAE auf AUTO-Stecker<\/span><\/h3>\n","protected":false},"featured_media":40847,"template":"","meta":[],"product_brand":[],"product_cat":[1061],"product_tag":[],"class_list":{"0":"post-40952","1":"product","2":"type-product","3":"status-publish","4":"has-post-thumbnail","6":"product_cat-cablesconnectors-de","7":"pa_cable-type-d21mm-plug-adapter-de","8":"pa_connector-type-auto-de","9":"pa_region-ca-de-2","10":"pa_region-eu-de-2","11":"pa_region-uk-de-2","12":"pa_region-us-de-2","13":"iside_connector_type-auto-std-22mm-de","14":"compatible_with-12v-steckdose-im-auto","15":"compatible_with-motorrad-standard-12v-steckdose","16":"thunk-woo-product-list","17":"opn-qv-enable","18":"big-store-woo-hover-","19":"open-single-product-tab-horizontal","20":"open-shadow-","21":"open-shadow-hover-","23":"first","24":"instock","25":"featured","26":"shipping-taxable","27":"purchasable","28":"product-type-simple"},"yoast_head":"<!-- This site is optimized with the Yoast SEO plugin v27.2 - https:\/\/yoast.com\/product\/yoast-seo-wordpress\/ -->\n<title>O-22 Steckeradapter | AUTO (\u00d822) &gt; SAE | 10A max - OptiMate<\/title>\n<meta name=\"description\" content=\"Der Ladeadapter mit einzigartigem Steckerkonzept, der eine zuverl\u00e4ssige, kontinuierliche Stromversorgung \u00fcber jeden Typ von 12V Fahrzeugsteckdose gew\u00e4hrleistet.\" \/>\n<meta name=\"robots\" content=\"index, follow, max-snippet:-1, max-image-preview:large, max-video-preview:-1, noarchive\" \/>\n<link rel=\"canonical\" href=\"https:\/\/optimate1.com\/product\/cbleo-22\/\" \/>\n<meta property=\"og:locale\" content=\"de_DE\" \/>\n<meta property=\"og:type\" content=\"article\" \/>\n<meta property=\"og:title\" content=\"O-22 Steckeradapter | AUTO (\u00d822) &gt; SAE | 10A max - OptiMate\" \/>\n<meta property=\"og:description\" content=\"Der Ladeadapter mit einzigartigem Steckerkonzept, der eine zuverl\u00e4ssige, kontinuierliche Stromversorgung \u00fcber jeden Typ von 12V Fahrzeugsteckdose gew\u00e4hrleistet.\" \/>\n<meta property=\"og:url\" content=\"https:\/\/optimate1.com\/product\/cbleo-22\/\" \/>\n<meta property=\"og:site_name\" content=\"OptiMate\" \/>\n<meta property=\"article:publisher\" content=\"https:\/\/www.facebook.com\/OptiMatebatterysavingcharger\/\" \/>\n<meta property=\"article:modified_time\" content=\"2026-02-25T10:35:57+00:00\" \/>\n<meta property=\"og:image\" content=\"https:\/\/optimate1.com\/wp-content\/uploads\/2025\/12\/O-22-1-copy.png\" \/>\n\t<meta property=\"og:image:width\" content=\"1500\" \/>\n\t<meta property=\"og:image:height\" content=\"1500\" \/>\n\t<meta property=\"og:image:type\" content=\"image\/png\" \/>\n<meta name=\"twitter:card\" content=\"summary_large_image\" \/>\n<meta name=\"twitter:label1\" content=\"Gesch\u00e4tzte Lesezeit\" \/>\n\t<meta name=\"twitter:data1\" content=\"2\u00a0Minuten\" \/>\n<script type=\"application\/ld+json\" class=\"yoast-schema-graph\">{\"@context\":\"https:\/\/schema.org\",\"@graph\":[{\"@type\":\"WebPage\",\"@id\":\"https:\/\/optimate1.com\/product\/cbleo-22\/\",\"url\":\"https:\/\/optimate1.com\/product\/cbleo-22\/\",\"name\":\"O-22 Steckeradapter | AUTO (\u00d822) > SAE | 10A max - OptiMate\",\"isPartOf\":{\"@id\":\"https:\/\/optimate1.com\/#website\"},\"primaryImageOfPage\":{\"@id\":\"https:\/\/optimate1.com\/product\/cbleo-22\/#primaryimage\"},\"image\":{\"@id\":\"https:\/\/optimate1.com\/product\/cbleo-22\/#primaryimage\"},\"thumbnailUrl\":\"https:\/\/optimate1.com\/wp-content\/uploads\/2025\/12\/O-22-1-copy.png\",\"datePublished\":\"2025-12-15T09:01:31+00:00\",\"dateModified\":\"2026-02-25T10:35:57+00:00\",\"description\":\"Der Ladeadapter mit einzigartigem Steckerkonzept, der eine zuverl\u00e4ssige, kontinuierliche Stromversorgung \u00fcber jeden Typ von 12V Fahrzeugsteckdose gew\u00e4hrleistet.\",\"breadcrumb\":{\"@id\":\"https:\/\/optimate1.com\/product\/cbleo-22\/#breadcrumb\"},\"inLanguage\":\"de\",\"potentialAction\":[{\"@type\":\"ReadAction\",\"target\":[\"https:\/\/optimate1.com\/product\/cbleo-22\/\"]}]},{\"@type\":\"ImageObject\",\"inLanguage\":\"de\",\"@id\":\"https:\/\/optimate1.com\/product\/cbleo-22\/#primaryimage\",\"url\":\"https:\/\/optimate1.com\/wp-content\/uploads\/2025\/12\/O-22-1-copy.png\",\"contentUrl\":\"https:\/\/optimate1.com\/wp-content\/uploads\/2025\/12\/O-22-1-copy.png\",\"width\":1500,\"height\":1500},{\"@type\":\"BreadcrumbList\",\"@id\":\"https:\/\/optimate1.com\/product\/cbleo-22\/#breadcrumb\",\"itemListElement\":[{\"@type\":\"ListItem\",\"position\":1,\"name\":\"Home\",\"item\":\"https:\/\/optimate1.com\/\"},{\"@type\":\"ListItem\",\"position\":2,\"name\":\"Produkte\",\"item\":\"https:\/\/optimate1.com\/shop\/\"},{\"@type\":\"ListItem\",\"position\":3,\"name\":\"OptiMate CABLE O-22\"}]},{\"@type\":\"WebSite\",\"@id\":\"https:\/\/optimate1.com\/#website\",\"url\":\"https:\/\/optimate1.com\/\",\"name\":\"OptiMate\",\"description\":\"Battery Chargers &amp; Accessories\",\"publisher\":{\"@id\":\"https:\/\/optimate1.com\/#organization\"},\"potentialAction\":[{\"@type\":\"SearchAction\",\"target\":{\"@type\":\"EntryPoint\",\"urlTemplate\":\"https:\/\/optimate1.com\/?s={search_term_string}\"},\"query-input\":{\"@type\":\"PropertyValueSpecification\",\"valueRequired\":true,\"valueName\":\"search_term_string\"}}],\"inLanguage\":\"de\"},{\"@type\":\"Organization\",\"@id\":\"https:\/\/optimate1.com\/#organization\",\"name\":\"OptiMate\",\"url\":\"https:\/\/optimate1.com\/\",\"logo\":{\"@type\":\"ImageObject\",\"inLanguage\":\"de\",\"@id\":\"https:\/\/optimate1.com\/#\/schema\/logo\/image\/\",\"url\":\"https:\/\/optimate1.com\/wp-content\/uploads\/2021\/06\/optimate-hpbc-stacklogo.jpg\",\"contentUrl\":\"https:\/\/optimate1.com\/wp-content\/uploads\/2021\/06\/optimate-hpbc-stacklogo.jpg\",\"width\":1025,\"height\":529,\"caption\":\"OptiMate\"},\"image\":{\"@id\":\"https:\/\/optimate1.com\/#\/schema\/logo\/image\/\"},\"sameAs\":[\"https:\/\/www.facebook.com\/OptiMatebatterysavingcharger\/\"]}]}<\/script>\n<!-- \/ Yoast SEO plugin. -->","yoast_head_json":{"title":"O-22 Steckeradapter | AUTO (\u00d822) > SAE | 10A max - OptiMate","description":"Der Ladeadapter mit einzigartigem Steckerkonzept, der eine zuverl\u00e4ssige, kontinuierliche Stromversorgung \u00fcber jeden Typ von 12V Fahrzeugsteckdose gew\u00e4hrleistet.","robots":{"index":"index","follow":"follow","max-snippet":"max-snippet:-1","max-image-preview":"max-image-preview:large","max-video-preview":"max-video-preview:-1","archive":"noarchive"},"canonical":"https:\/\/optimate1.com\/product\/cbleo-22\/","og_locale":"de_DE","og_type":"article","og_title":"O-22 Steckeradapter | AUTO (\u00d822) > SAE | 10A max - OptiMate","og_description":"Der Ladeadapter mit einzigartigem Steckerkonzept, der eine zuverl\u00e4ssige, kontinuierliche Stromversorgung \u00fcber jeden Typ von 12V Fahrzeugsteckdose gew\u00e4hrleistet.","og_url":"https:\/\/optimate1.com\/product\/cbleo-22\/","og_site_name":"OptiMate","article_publisher":"https:\/\/www.facebook.com\/OptiMatebatterysavingcharger\/","article_modified_time":"2026-02-25T10:35:57+00:00","og_image":[{"width":1500,"height":1500,"url":"https:\/\/optimate1.com\/wp-content\/uploads\/2025\/12\/O-22-1-copy.png","type":"image\/png"}],"twitter_card":"summary_large_image","twitter_misc":{"Gesch\u00e4tzte Lesezeit":"2\u00a0Minuten"},"schema":{"@context":"https:\/\/schema.org","@graph":[{"@type":"WebPage","@id":"https:\/\/optimate1.com\/product\/cbleo-22\/","url":"https:\/\/optimate1.com\/product\/cbleo-22\/","name":"O-22 Steckeradapter | AUTO (\u00d822) > SAE | 10A max - OptiMate","isPartOf":{"@id":"https:\/\/optimate1.com\/#website"},"primaryImageOfPage":{"@id":"https:\/\/optimate1.com\/product\/cbleo-22\/#primaryimage"},"image":{"@id":"https:\/\/optimate1.com\/product\/cbleo-22\/#primaryimage"},"thumbnailUrl":"https:\/\/optimate1.com\/wp-content\/uploads\/2025\/12\/O-22-1-copy.png","datePublished":"2025-12-15T09:01:31+00:00","dateModified":"2026-02-25T10:35:57+00:00","description":"Der Ladeadapter mit einzigartigem Steckerkonzept, der eine zuverl\u00e4ssige, kontinuierliche Stromversorgung \u00fcber jeden Typ von 12V Fahrzeugsteckdose gew\u00e4hrleistet.","breadcrumb":{"@id":"https:\/\/optimate1.com\/product\/cbleo-22\/#breadcrumb"},"inLanguage":"de","potentialAction":[{"@type":"ReadAction","target":["https:\/\/optimate1.com\/product\/cbleo-22\/"]}]},{"@type":"ImageObject","inLanguage":"de","@id":"https:\/\/optimate1.com\/product\/cbleo-22\/#primaryimage","url":"https:\/\/optimate1.com\/wp-content\/uploads\/2025\/12\/O-22-1-copy.png","contentUrl":"https:\/\/optimate1.com\/wp-content\/uploads\/2025\/12\/O-22-1-copy.png","width":1500,"height":1500},{"@type":"BreadcrumbList","@id":"https:\/\/optimate1.com\/product\/cbleo-22\/#breadcrumb","itemListElement":[{"@type":"ListItem","position":1,"name":"Home","item":"https:\/\/optimate1.com\/"},{"@type":"ListItem","position":2,"name":"Produkte","item":"https:\/\/optimate1.com\/shop\/"},{"@type":"ListItem","position":3,"name":"OptiMate CABLE O-22"}]},{"@type":"WebSite","@id":"https:\/\/optimate1.com\/#website","url":"https:\/\/optimate1.com\/","name":"OptiMate","description":"Battery Chargers &amp; Accessories","publisher":{"@id":"https:\/\/optimate1.com\/#organization"},"potentialAction":[{"@type":"SearchAction","target":{"@type":"EntryPoint","urlTemplate":"https:\/\/optimate1.com\/?s={search_term_string}"},"query-input":{"@type":"PropertyValueSpecification","valueRequired":true,"valueName":"search_term_string"}}],"inLanguage":"de"},{"@type":"Organization","@id":"https:\/\/optimate1.com\/#organization","name":"OptiMate","url":"https:\/\/optimate1.com\/","logo":{"@type":"ImageObject","inLanguage":"de","@id":"https:\/\/optimate1.com\/#\/schema\/logo\/image\/","url":"https:\/\/optimate1.com\/wp-content\/uploads\/2021\/06\/optimate-hpbc-stacklogo.jpg","contentUrl":"https:\/\/optimate1.com\/wp-content\/uploads\/2021\/06\/optimate-hpbc-stacklogo.jpg","width":1025,"height":529,"caption":"OptiMate"},"image":{"@id":"https:\/\/optimate1.com\/#\/schema\/logo\/image\/"},"sameAs":["https:\/\/www.facebook.com\/OptiMatebatterysavingcharger\/"]}]}},"_links":{"self":[{"href":"https:\/\/optimate1.com\/de\/wp-json\/wp\/v2\/product\/40952","targetHints":{"allow":["GET"]}}],"collection":[{"href":"https:\/\/optimate1.com\/de\/wp-json\/wp\/v2\/product"}],"about":[{"href":"https:\/\/optimate1.com\/de\/wp-json\/wp\/v2\/types\/product"}],"wp:featuredmedia":[{"embeddable":true,"href":"https:\/\/optimate1.com\/de\/wp-json\/wp\/v2\/media\/40847"}],"wp:attachment":[{"href":"https:\/\/optimate1.com\/de\/wp-json\/wp\/v2\/media?parent=40952"}],"wp:term":[{"taxonomy":"product_brand","embeddable":true,"href":"https:\/\/optimate1.com\/de\/wp-json\/wp\/v2\/product_brand?post=40952"},{"taxonomy":"product_cat","embeddable":true,"href":"https:\/\/optimate1.com\/de\/wp-json\/wp\/v2\/product_cat?post=40952"},{"taxonomy":"product_tag","embeddable":true,"href":"https:\/\/optimate1.com\/de\/wp-json\/wp\/v2\/product_tag?post=40952"}],"curies":[{"name":"wp","href":"https:\/\/api.w.org\/{rel}","templated":true}]}}