{"id":41022,"date":"2025-12-16T03:11:32","date_gmt":"2025-12-16T08:11:32","guid":{"rendered":"https:\/\/optimate1.com\/product\/optimate-cable-o-46kit\/"},"modified":"2026-02-12T04:10:56","modified_gmt":"2026-02-12T09:10:56","slug":"optimate-cable-o-46kit","status":"publish","type":"product","link":"https:\/\/optimate1.com\/de\/product\/optimate-cable-o-46kit\/","title":{"rendered":"OptiMate CABLE O-46KIT"},"content":{"rendered":"<h6 style=\"text-align: center;\"><strong><span style=\"color: #10069f;\">Das OptiMate O-46KIT bietet eine komplette, sofort installierbare L\u00f6sung zum Hinzuf\u00fcgen eines externen 12V-Strom- und Ladeanschlusses an Arbeitsfahrzeugen, Anh\u00e4ngern, Wohnmobilen \/ Caravans, industriellen Maschinen, Motorr\u00e4dern, ATVs und UTVs.<\/span><\/strong><i><span style=\"color: #10069f;\"> \u2013 Dieses Kit enth\u00e4lt die wetterfeste O-46-Steckdose zur Panelmontage sowie das O-22 SAE-Anschlusskabel.<\/span><\/i><\/h6>\n<h6 style=\"text-align: center;\"><img loading=\"lazy\" decoding=\"async\" class=\"aligncenter wp-image-20910\" src=\"https:\/\/optimate1.com\/wp-content\/uploads\/2025\/12\/O-46-open-cap-2.png\" alt=\"Das Euro-5-Kabel passt f\u00fcr Ducati-Modelle ab 2021+ und europ\u00e4ische Motorr\u00e4der mit 6-poligem Euro-5-Diagnoseanschluss\" width=\"428\" height=\"70\" \/><\/h6>\n<p>&nbsp;<\/p>\n<h6 style=\"text-align: center;\"><strong><span style=\"color: #10069f;\">Universelle \/ standardisierte 12V-Steckdose (\u00d821mm \/ 13\/16\u201d) mit Verriegelungskontakten, die sicher in einen passenden Stecker (O-02 \/ O-22) einrasten<\/span><\/strong><span style=\"color: #10069f;\"> \u2013 <\/span><span style=\"color: #10069f;\"><i>garantiert eine zuverl\u00e4ssige, vibrationsbest\u00e4ndige Verbindung.<\/i><\/span><\/h6>\n<h6 style=\"text-align: center;\"><strong><span style=\"color: #10069f;\"><img loading=\"lazy\" decoding=\"async\" class=\"aligncenter wp-image-20660\" src=\"https:\/\/optimate1.com\/wp-content\/uploads\/2025\/12\/O-46-latches-into-socket-2-2-2-scaled.png\" alt=\"Das Euro-5-Kabel hat eine L\u00e4nge von 40cm oder 1.33ft\" width=\"528\" height=\"100\" \/><\/span><\/strong><\/h6>\n<p>&nbsp;<\/p>\n<h6 style=\"text-align: center;\"><strong><span style=\"color: #10069f;\">Inklusive OptiMate <a href=\"https:\/\/optimate1.com\/de\/product\/optimate-cable-o-22\/\" target=\"_blank\" rel=\"noopener\">O-22<\/a> Adapterkabel<\/span><\/strong><span style=\"color: #10069f;\"> \u2013 <\/span><span style=\"color: #10069f;\"><i>erm\u00f6glicht eine zuverl\u00e4ssige SAE-zu-AUTO-Steckverbindung f\u00fcr standardm\u00e4\u00dfige 12V-Kfz-Steckdosen mit \u00d821\u201322mm.<\/i><\/span><\/h6>\n<h6 style=\"text-align: center;\"><strong><span style=\"color: #10069f;\"><img loading=\"lazy\" decoding=\"async\" class=\"aligncenter wp-image-20660\" src=\"https:\/\/optimate1.com\/wp-content\/uploads\/2025\/12\/O-22-different-sockets-2-copy.png\" alt=\"Das Euro-5-Kabel hat eine L\u00e4nge von 40cm oder 1.33ft\" width=\"528\" height=\"100\" \/><\/span><\/strong><\/h6>\n<p>&nbsp;<\/p>\n<h6 style=\"text-align: center;\"><strong><span style=\"color: #10069f;\">Abgesichertes Batteriekabel mit gr\u00f6\u00dfenanpassbarem Ringkabelschuh<\/span><\/strong><span style=\"color: #10069f;\"> \u2013 <\/span><span style=\"color: #10069f;\"><i>standardm\u00e4\u00dfig M6 (1\/4\u201d), anpassbar auf M8 (5\/16\u201d), erm\u00f6glicht flexible Installationsoptionen.<\/i><\/span><\/h6>\n<h6 style=\"text-align: center;\"><strong><span style=\"color: #10069f;\"><img loading=\"lazy\" decoding=\"async\" class=\"aligncenter wp-image-20660\" src=\"https:\/\/optimate1.com\/wp-content\/uploads\/2025\/12\/O-46-length-specifications-copy-2-2-2-2-copy.png\" alt=\"Das Euro-5-Kabel hat eine L\u00e4nge von 40cm oder 1.33ft\" width=\"528\" height=\"100\" \/><\/span><\/strong><\/h6>\n<p>&nbsp;<\/p>\n<h6 style=\"text-align: center;\"><strong><span style=\"color: #10069f;\">Premium-Spezifikationen<\/span><\/strong><span style=\"color: #10069f;\"> \u2013 <\/span><span style=\"color: #10069f;\"><i>L\u00e4nge 100cm (40\u201d), 15A-Sicherung, f\u00fcr -40\u00b0 freigegebenes Kabel, Nennstrom 10A (13A max.), Panelmontage.<\/i><\/span><\/h6>\n<h6 style=\"text-align: center;\"><strong><span style=\"color: #10069f;\"><img loading=\"lazy\" decoding=\"async\" class=\"aligncenter wp-image-20660\" src=\"https:\/\/optimate1.com\/wp-content\/uploads\/2025\/12\/O-46-length-specifications-copy-2-2-2-copy-2.png\" alt=\"Das Euro-5-Kabel hat eine L\u00e4nge von 40cm oder 1.33ft\" width=\"528\" height=\"100\" \/><\/span><\/strong><\/h6>\n<p>&nbsp;<\/p>\n<h4 style=\"text-align: center;\"><span style=\"text-decoration: underline;\"><strong>WEITERE FUNKTIONEN:<\/strong><\/span><\/h4>\n<p style=\"text-align: center;\">\n<table id=\"tablepress-371\" class=\"tablepress tablepress-id-371\">\n<tbody class=\"row-hover\">\n<tr class=\"row-1\">\n\t<td class=\"column-1\"><a href=\"\"><img loading=\"lazy\" decoding=\"async\" src=\"https:\/\/optimate1.com\/wp-content\/uploads\/2023\/08\/sealing-cap-O-97P-copy.png\" alt=\"\" width=\"300\" height=\"50\" class=\"aligncenter size-medium wp-image-20982\" \/><\/a><body><h6><center>Mit Verschlusskappe.<\/center><\/h6><\/body><\/td>\n<\/tr>\n<tr class=\"row-2\">\n\t<td class=\"column-1\"><a href=\"\"><img loading=\"lazy\" decoding=\"async\" src=\"https:\/\/optimate1.com\/wp-content\/uploads\/2021\/11\/weather-icon-copy_600px-01.png\" alt=\"\" width=\"600\" height=\"40\" class=\"aligncenter size-medium wp-image-21012\" \/><\/a><body><h6><center>Ausgelegt f\u00fcr niedrige Temperaturen und den Einsatz im Freien.<\/body><\/h6><\/center><\/td>\n<\/tr>\n<tr class=\"row-3\">\n\t<td class=\"column-1\"><a href=\"\"><img loading=\"lazy\" decoding=\"async\" src=\"https:\/\/optimate1.com\/wp-content\/uploads\/2023\/03\/SPT-2.png\" alt=\"\" width=\"300\" height=\"40\" class=\"aligncenter size-medium wp-image-21012\" \/><\/a><body><h6><center>Dickere Isolierung f\u00fcr besseren Schutz.<\/body><\/h6><\/center><\/td>\n<\/tr>\n<tr class=\"row-4\">\n\t<td class=\"column-1\"><a href=\"\"><img loading=\"lazy\" decoding=\"async\" src=\"https:\/\/optimate1.com\/wp-content\/uploads\/2023\/08\/16AWG-copy.png\" alt=\"\" width=\"300\" height=\"40\" class=\"aligncenter size-medium wp-image-21012\" \/><\/a><body><h6><center>Aktuelle Bewertung: 10A ave. \/ 13A max.<\/body><\/h6><\/center><\/td>\n<\/tr>\n<\/tbody>\n<\/table>\n<!-- #tablepress-371 from cache --><\/p>\n","protected":false},"excerpt":{"rendered":"<h3><span style=\"color: #ff0000;\"><span style=\"color: #cd202c;\">Weatherproof AUTO 12V socket, panel mount (O-46 + O-22 included)<\/span><\/span><\/h3>\n","protected":false},"featured_media":40868,"template":"","meta":[],"product_brand":[],"product_cat":[1061],"product_tag":[],"class_list":{"0":"post-41022","1":"product","2":"type-product","3":"status-publish","4":"has-post-thumbnail","6":"product_cat-cablesconnectors-de","7":"pa_cable-type-magcode","8":"pa_connector-type-ring-m10-3-8-de","9":"pa_connector-type-ring-m8-5-16-de","10":"pa_region-ca-de-2","11":"pa_region-eu-de-2","12":"pa_region-uk-de-2","13":"pa_region-us-de-2","14":"iside_cable_type-einbau-in-die-frontplatte-autooe22mm","15":"iside_connector_type-auto-std-22mm-de","16":"iside_connector_type-ringe-m6-m8","17":"thunk-woo-product-list","18":"opn-qv-enable","19":"big-store-woo-hover-","20":"open-single-product-tab-horizontal","21":"open-shadow-","22":"open-shadow-hover-","24":"first","25":"instock","26":"featured","27":"shipping-taxable","28":"purchasable","29":"product-type-simple"},"yoast_head":"<!-- This site is optimized with the Yoast SEO plugin v27.2 - https:\/\/yoast.com\/product\/yoast-seo-wordpress\/ -->\n<title>OptiMate CABLE O-46KIT - OptiMate<\/title>\n<meta name=\"description\" content=\"Das OptiMate O-46KIT bietet eine komplette, sofort installierbare L\u00f6sung zum Hinzuf\u00fcgen eines externen 12V-Strom- und Ladeanschlusses an Arbeitsfahrzeugen, Anh\u00e4ngern, Wohnmobilen \/ Caravans, industriellen Maschinen, Motorr\u00e4dern, ATVs und UTVs.\" \/>\n<meta name=\"robots\" content=\"index, follow, max-snippet:-1, max-image-preview:large, max-video-preview:-1, noarchive\" \/>\n<link rel=\"canonical\" href=\"https:\/\/optimate1.com\/product\/cbleo-46kit\/\" \/>\n<meta property=\"og:locale\" content=\"de_DE\" \/>\n<meta property=\"og:type\" content=\"article\" \/>\n<meta property=\"og:title\" content=\"OptiMate CABLE O-46KIT - OptiMate\" \/>\n<meta property=\"og:description\" content=\"Das OptiMate O-46KIT bietet eine komplette, sofort installierbare L\u00f6sung zum Hinzuf\u00fcgen eines externen 12V-Strom- und Ladeanschlusses an Arbeitsfahrzeugen, Anh\u00e4ngern, Wohnmobilen \/ Caravans, industriellen Maschinen, Motorr\u00e4dern, ATVs und UTVs.\" \/>\n<meta property=\"og:url\" content=\"https:\/\/optimate1.com\/product\/cbleo-46kit\/\" \/>\n<meta property=\"og:site_name\" content=\"OptiMate\" \/>\n<meta property=\"article:publisher\" content=\"https:\/\/www.facebook.com\/OptiMatebatterysavingcharger\/\" \/>\n<meta property=\"article:modified_time\" content=\"2026-02-12T09:10:56+00:00\" \/>\n<meta property=\"og:image\" content=\"https:\/\/optimate1.com\/wp-content\/uploads\/2025\/12\/O-46-OptiMate-Socket-O22-1-copy.png\" \/>\n\t<meta property=\"og:image:width\" content=\"1500\" \/>\n\t<meta property=\"og:image:height\" content=\"1500\" \/>\n\t<meta property=\"og:image:type\" content=\"image\/png\" \/>\n<meta name=\"twitter:card\" content=\"summary_large_image\" \/>\n<meta name=\"twitter:label1\" content=\"Gesch\u00e4tzte Lesezeit\" \/>\n\t<meta name=\"twitter:data1\" content=\"2\u00a0Minuten\" \/>\n<script type=\"application\/ld+json\" class=\"yoast-schema-graph\">{\"@context\":\"https:\/\/schema.org\",\"@graph\":[{\"@type\":\"WebPage\",\"@id\":\"https:\/\/optimate1.com\/product\/cbleo-46kit\/\",\"url\":\"https:\/\/optimate1.com\/product\/cbleo-46kit\/\",\"name\":\"OptiMate CABLE O-46KIT - OptiMate\",\"isPartOf\":{\"@id\":\"https:\/\/optimate1.com\/#website\"},\"primaryImageOfPage\":{\"@id\":\"https:\/\/optimate1.com\/product\/cbleo-46kit\/#primaryimage\"},\"image\":{\"@id\":\"https:\/\/optimate1.com\/product\/cbleo-46kit\/#primaryimage\"},\"thumbnailUrl\":\"https:\/\/optimate1.com\/wp-content\/uploads\/2025\/12\/O-46-OptiMate-Socket-O22-1-copy.png\",\"datePublished\":\"2025-12-16T08:11:32+00:00\",\"dateModified\":\"2026-02-12T09:10:56+00:00\",\"description\":\"Das OptiMate O-46KIT bietet eine komplette, sofort installierbare L\u00f6sung zum Hinzuf\u00fcgen eines externen 12V-Strom- und Ladeanschlusses an Arbeitsfahrzeugen, Anh\u00e4ngern, Wohnmobilen \/ Caravans, industriellen Maschinen, Motorr\u00e4dern, ATVs und UTVs.\",\"breadcrumb\":{\"@id\":\"https:\/\/optimate1.com\/product\/cbleo-46kit\/#breadcrumb\"},\"inLanguage\":\"de\",\"potentialAction\":[{\"@type\":\"ReadAction\",\"target\":[\"https:\/\/optimate1.com\/product\/cbleo-46kit\/\"]}]},{\"@type\":\"ImageObject\",\"inLanguage\":\"de\",\"@id\":\"https:\/\/optimate1.com\/product\/cbleo-46kit\/#primaryimage\",\"url\":\"https:\/\/optimate1.com\/wp-content\/uploads\/2025\/12\/O-46-OptiMate-Socket-O22-1-copy.png\",\"contentUrl\":\"https:\/\/optimate1.com\/wp-content\/uploads\/2025\/12\/O-46-OptiMate-Socket-O22-1-copy.png\",\"width\":1500,\"height\":1500},{\"@type\":\"BreadcrumbList\",\"@id\":\"https:\/\/optimate1.com\/product\/cbleo-46kit\/#breadcrumb\",\"itemListElement\":[{\"@type\":\"ListItem\",\"position\":1,\"name\":\"Home\",\"item\":\"https:\/\/optimate1.com\/\"},{\"@type\":\"ListItem\",\"position\":2,\"name\":\"Produkte\",\"item\":\"https:\/\/optimate1.com\/shop\/\"},{\"@type\":\"ListItem\",\"position\":3,\"name\":\"OptiMate CABLE O-46KIT\"}]},{\"@type\":\"WebSite\",\"@id\":\"https:\/\/optimate1.com\/#website\",\"url\":\"https:\/\/optimate1.com\/\",\"name\":\"OptiMate\",\"description\":\"Battery Chargers &amp; Accessories\",\"publisher\":{\"@id\":\"https:\/\/optimate1.com\/#organization\"},\"potentialAction\":[{\"@type\":\"SearchAction\",\"target\":{\"@type\":\"EntryPoint\",\"urlTemplate\":\"https:\/\/optimate1.com\/?s={search_term_string}\"},\"query-input\":{\"@type\":\"PropertyValueSpecification\",\"valueRequired\":true,\"valueName\":\"search_term_string\"}}],\"inLanguage\":\"de\"},{\"@type\":\"Organization\",\"@id\":\"https:\/\/optimate1.com\/#organization\",\"name\":\"OptiMate\",\"url\":\"https:\/\/optimate1.com\/\",\"logo\":{\"@type\":\"ImageObject\",\"inLanguage\":\"de\",\"@id\":\"https:\/\/optimate1.com\/#\/schema\/logo\/image\/\",\"url\":\"https:\/\/optimate1.com\/wp-content\/uploads\/2021\/06\/optimate-hpbc-stacklogo.jpg\",\"contentUrl\":\"https:\/\/optimate1.com\/wp-content\/uploads\/2021\/06\/optimate-hpbc-stacklogo.jpg\",\"width\":1025,\"height\":529,\"caption\":\"OptiMate\"},\"image\":{\"@id\":\"https:\/\/optimate1.com\/#\/schema\/logo\/image\/\"},\"sameAs\":[\"https:\/\/www.facebook.com\/OptiMatebatterysavingcharger\/\"]}]}<\/script>\n<!-- \/ Yoast SEO plugin. -->","yoast_head_json":{"title":"OptiMate CABLE O-46KIT - OptiMate","description":"Das OptiMate O-46KIT bietet eine komplette, sofort installierbare L\u00f6sung zum Hinzuf\u00fcgen eines externen 12V-Strom- und Ladeanschlusses an Arbeitsfahrzeugen, Anh\u00e4ngern, Wohnmobilen \/ Caravans, industriellen Maschinen, Motorr\u00e4dern, ATVs und UTVs.","robots":{"index":"index","follow":"follow","max-snippet":"max-snippet:-1","max-image-preview":"max-image-preview:large","max-video-preview":"max-video-preview:-1","archive":"noarchive"},"canonical":"https:\/\/optimate1.com\/product\/cbleo-46kit\/","og_locale":"de_DE","og_type":"article","og_title":"OptiMate CABLE O-46KIT - OptiMate","og_description":"Das OptiMate O-46KIT bietet eine komplette, sofort installierbare L\u00f6sung zum Hinzuf\u00fcgen eines externen 12V-Strom- und Ladeanschlusses an Arbeitsfahrzeugen, Anh\u00e4ngern, Wohnmobilen \/ Caravans, industriellen Maschinen, Motorr\u00e4dern, ATVs und UTVs.","og_url":"https:\/\/optimate1.com\/product\/cbleo-46kit\/","og_site_name":"OptiMate","article_publisher":"https:\/\/www.facebook.com\/OptiMatebatterysavingcharger\/","article_modified_time":"2026-02-12T09:10:56+00:00","og_image":[{"width":1500,"height":1500,"url":"https:\/\/optimate1.com\/wp-content\/uploads\/2025\/12\/O-46-OptiMate-Socket-O22-1-copy.png","type":"image\/png"}],"twitter_card":"summary_large_image","twitter_misc":{"Gesch\u00e4tzte Lesezeit":"2\u00a0Minuten"},"schema":{"@context":"https:\/\/schema.org","@graph":[{"@type":"WebPage","@id":"https:\/\/optimate1.com\/product\/cbleo-46kit\/","url":"https:\/\/optimate1.com\/product\/cbleo-46kit\/","name":"OptiMate CABLE O-46KIT - OptiMate","isPartOf":{"@id":"https:\/\/optimate1.com\/#website"},"primaryImageOfPage":{"@id":"https:\/\/optimate1.com\/product\/cbleo-46kit\/#primaryimage"},"image":{"@id":"https:\/\/optimate1.com\/product\/cbleo-46kit\/#primaryimage"},"thumbnailUrl":"https:\/\/optimate1.com\/wp-content\/uploads\/2025\/12\/O-46-OptiMate-Socket-O22-1-copy.png","datePublished":"2025-12-16T08:11:32+00:00","dateModified":"2026-02-12T09:10:56+00:00","description":"Das OptiMate O-46KIT bietet eine komplette, sofort installierbare L\u00f6sung zum Hinzuf\u00fcgen eines externen 12V-Strom- und Ladeanschlusses an Arbeitsfahrzeugen, Anh\u00e4ngern, Wohnmobilen \/ Caravans, industriellen Maschinen, Motorr\u00e4dern, ATVs und UTVs.","breadcrumb":{"@id":"https:\/\/optimate1.com\/product\/cbleo-46kit\/#breadcrumb"},"inLanguage":"de","potentialAction":[{"@type":"ReadAction","target":["https:\/\/optimate1.com\/product\/cbleo-46kit\/"]}]},{"@type":"ImageObject","inLanguage":"de","@id":"https:\/\/optimate1.com\/product\/cbleo-46kit\/#primaryimage","url":"https:\/\/optimate1.com\/wp-content\/uploads\/2025\/12\/O-46-OptiMate-Socket-O22-1-copy.png","contentUrl":"https:\/\/optimate1.com\/wp-content\/uploads\/2025\/12\/O-46-OptiMate-Socket-O22-1-copy.png","width":1500,"height":1500},{"@type":"BreadcrumbList","@id":"https:\/\/optimate1.com\/product\/cbleo-46kit\/#breadcrumb","itemListElement":[{"@type":"ListItem","position":1,"name":"Home","item":"https:\/\/optimate1.com\/"},{"@type":"ListItem","position":2,"name":"Produkte","item":"https:\/\/optimate1.com\/shop\/"},{"@type":"ListItem","position":3,"name":"OptiMate CABLE O-46KIT"}]},{"@type":"WebSite","@id":"https:\/\/optimate1.com\/#website","url":"https:\/\/optimate1.com\/","name":"OptiMate","description":"Battery Chargers &amp; Accessories","publisher":{"@id":"https:\/\/optimate1.com\/#organization"},"potentialAction":[{"@type":"SearchAction","target":{"@type":"EntryPoint","urlTemplate":"https:\/\/optimate1.com\/?s={search_term_string}"},"query-input":{"@type":"PropertyValueSpecification","valueRequired":true,"valueName":"search_term_string"}}],"inLanguage":"de"},{"@type":"Organization","@id":"https:\/\/optimate1.com\/#organization","name":"OptiMate","url":"https:\/\/optimate1.com\/","logo":{"@type":"ImageObject","inLanguage":"de","@id":"https:\/\/optimate1.com\/#\/schema\/logo\/image\/","url":"https:\/\/optimate1.com\/wp-content\/uploads\/2021\/06\/optimate-hpbc-stacklogo.jpg","contentUrl":"https:\/\/optimate1.com\/wp-content\/uploads\/2021\/06\/optimate-hpbc-stacklogo.jpg","width":1025,"height":529,"caption":"OptiMate"},"image":{"@id":"https:\/\/optimate1.com\/#\/schema\/logo\/image\/"},"sameAs":["https:\/\/www.facebook.com\/OptiMatebatterysavingcharger\/"]}]}},"_links":{"self":[{"href":"https:\/\/optimate1.com\/de\/wp-json\/wp\/v2\/product\/41022","targetHints":{"allow":["GET"]}}],"collection":[{"href":"https:\/\/optimate1.com\/de\/wp-json\/wp\/v2\/product"}],"about":[{"href":"https:\/\/optimate1.com\/de\/wp-json\/wp\/v2\/types\/product"}],"wp:featuredmedia":[{"embeddable":true,"href":"https:\/\/optimate1.com\/de\/wp-json\/wp\/v2\/media\/40868"}],"wp:attachment":[{"href":"https:\/\/optimate1.com\/de\/wp-json\/wp\/v2\/media?parent=41022"}],"wp:term":[{"taxonomy":"product_brand","embeddable":true,"href":"https:\/\/optimate1.com\/de\/wp-json\/wp\/v2\/product_brand?post=41022"},{"taxonomy":"product_cat","embeddable":true,"href":"https:\/\/optimate1.com\/de\/wp-json\/wp\/v2\/product_cat?post=41022"},{"taxonomy":"product_tag","embeddable":true,"href":"https:\/\/optimate1.com\/de\/wp-json\/wp\/v2\/product_tag?post=41022"}],"curies":[{"name":"wp","href":"https:\/\/api.w.org\/{rel}","templated":true}]}}