{"id":9115,"date":"2019-06-05T20:07:44","date_gmt":"2019-06-06T00:07:44","guid":{"rendered":"https:\/\/optimate1.com\/product\/optimate-2\/"},"modified":"2021-10-07T08:08:23","modified_gmt":"2021-10-07T12:08:23","slug":"optimate-2","status":"publish","type":"product","link":"https:\/\/optimate1.com\/de\/product\/optimate-2\/","title":{"rendered":"OptiMate 2"},"content":{"rendered":"<h3 class=\"entry-summary hidden-phone\">OptiMate 2, das vielseitige, automatische Wartungsger\u00e4t f\u00fcr gekapselte Batterien f\u00fcr Ihr Klassikfahrzeug\/ihren modernen Pkw oder Ihren Pickup oder die 12V-Batterie Ihres Wohnmobils\/Wohnwagens &#8211; <em>Ultimative Wartung f\u00fcr Starter- oder Tiefzyklusbatterien!<\/em><\/h3>\n<ul>\n<li><strong><span style=\"color: #10069f;\">&#8216;L\u00e4dt und sorgt f\u00fcr unbeaufsichtigte Langzeitwartung Ihrer 12V Blei-S\u00e4ure-Batterie (STD, AGM, GEL), Starter- oder Tiefzyklusbatterie.\u00a0<\/span><\/strong><\/li>\n<li><strong><span style=\"color: #10069f;\">Das interaktive Ladeprogramm ist perfekt f\u00fcr eine Batterie, die periodisch Strom liefert <em>&#8211; Ideal f\u00fcr den Inline-Betrieb!\u00a0<\/em><\/span><\/strong><\/li>\n<li><strong><span style=\"color: #10069f;\">Ideal f\u00fcr umweltfreundliche Fahrzeuge mit Start-Stopp-Technologie <em>&#8211; 100% sicher f\u00fcr empfindliche Elektronik.\u00a0<\/em><\/span><\/strong><\/li>\n<li><strong><span style=\"color: #10069f;\">Die intelligente interaktive Wartung des OptiMate 24-7 verhindert die Entladung durch angeschlossene Verbraucher und garantiert mehr Batterieleistung und h\u00f6here Lebensdauer!<em><br \/>\n<\/em><\/span><\/strong><\/li>\n<\/ul>\n<p>Verf\u00fcgbare Modelle: Alle unten aufgef\u00fchrten Batterieladeger\u00e4te von OptiMate funktionieren mit einer globalen Eingangsspannung von 100-240 Vac 50-60 Hz, <strong>n<a href=\"https:\/\/optimate1.com\/de\/power-plugs-de\/\">ur der TYP des Netzsteckers unterscheidet<\/a><\/strong> sich je nach nationalen\/regionalen Vorschriften f\u00fcr die elektrische Sicherheit..<\/p>\n<div class=\"woocommerce columns-3 \"><\/div>\n","protected":false},"excerpt":{"rendered":"<h3 class=\"entry-summary hidden-phone\"><span style=\"color: #cd202c;\">4-stufiges gekapseltes 12V 0,8A Batterielade- &amp; -wartungsger\u00e4t<\/span><\/h3>\n","protected":false},"featured_media":2757,"template":"","meta":[],"product_brand":[],"product_cat":[2254],"product_tag":[],"class_list":{"0":"post-9115","1":"product","2":"type-product","3":"status-publish","4":"has-post-thumbnail","6":"product_cat-marine-chargers-de","7":"pa_charge-battery-chemistry-pb-agm-gel-std-lead-acid-de","8":"pa_charge-battery-more-12v-de","9":"pa_charge-battery-more-4x4-abenteuer","10":"pa_charge-battery-more-auto-lieferwagen","11":"pa_charge-battery-more-boot-wasserfahrzeug","12":"pa_charge-battery-more-deep-cycle-industriell","13":"pa_charge-battery-more-flugzeug-licht","14":"pa_charge-battery-more-oldtimer-de","15":"pa_charge-battery-more-wohnmobil-wagen","16":"pa_power-ac-100-240vac-de","17":"pa_product-group-optimate-2-de","18":"pa_region-ca-de-2","19":"pa_region-eu-de-2","20":"pa_region-uk-de-2","21":"pa_region-us-de-2","22":"iside_vehicle-hochleistungsauto-rennwagen-de","23":"iside_vehicle-luftfahrt-de","24":"iside_vehicle-marine-de","25":"iside_vehicle-rv-caravan-de","26":"thunk-woo-product-list","27":"opn-qv-enable","28":"big-store-woo-hover-","29":"open-single-product-tab-horizontal","30":"open-shadow-","31":"open-shadow-hover-","33":"first","34":"instock","35":"featured","36":"shipping-taxable","37":"purchasable","38":"product-type-variable"},"yoast_head":"<!-- This site is optimized with the Yoast SEO plugin v27.2 - https:\/\/yoast.com\/product\/yoast-seo-wordpress\/ -->\n<title>OptiMate 2 - OptiMate<\/title>\n<meta name=\"robots\" content=\"index, follow, max-snippet:-1, max-image-preview:large, max-video-preview:-1\" \/>\n<link rel=\"canonical\" href=\"https:\/\/optimate1.com\/product\/optimate-2\/\" \/>\n<meta property=\"og:locale\" content=\"de_DE\" \/>\n<meta property=\"og:type\" content=\"article\" \/>\n<meta property=\"og:title\" content=\"OptiMate 2 - OptiMate\" \/>\n<meta property=\"og:description\" content=\"4-stufiges gekapseltes 12V 0,8A Batterielade- &amp; -wartungsger\u00e4t\" \/>\n<meta property=\"og:url\" content=\"https:\/\/optimate1.com\/product\/optimate-2\/\" \/>\n<meta property=\"og:site_name\" content=\"OptiMate\" \/>\n<meta property=\"article:publisher\" content=\"https:\/\/www.facebook.com\/OptiMatebatterysavingcharger\/\" \/>\n<meta property=\"article:modified_time\" content=\"2021-10-07T12:08:23+00:00\" \/>\n<meta property=\"og:image\" content=\"https:\/\/optimate1.com\/wp-content\/uploads\/2019\/06\/OptiMate-2-TM42x-5.png\" \/>\n\t<meta property=\"og:image:width\" content=\"900\" \/>\n\t<meta property=\"og:image:height\" content=\"900\" \/>\n\t<meta property=\"og:image:type\" content=\"image\/png\" \/>\n<meta name=\"twitter:card\" content=\"summary_large_image\" \/>\n<meta name=\"twitter:label1\" content=\"Gesch\u00e4tzte Lesezeit\" \/>\n\t<meta name=\"twitter:data1\" content=\"1\u00a0Minute\" \/>\n<script type=\"application\/ld+json\" class=\"yoast-schema-graph\">{\"@context\":\"https:\/\/schema.org\",\"@graph\":[{\"@type\":\"WebPage\",\"@id\":\"https:\/\/optimate1.com\/product\/optimate-2\/\",\"url\":\"https:\/\/optimate1.com\/product\/optimate-2\/\",\"name\":\"OptiMate 2 - OptiMate\",\"isPartOf\":{\"@id\":\"https:\/\/optimate1.com\/#website\"},\"primaryImageOfPage\":{\"@id\":\"https:\/\/optimate1.com\/product\/optimate-2\/#primaryimage\"},\"image\":{\"@id\":\"https:\/\/optimate1.com\/product\/optimate-2\/#primaryimage\"},\"thumbnailUrl\":\"https:\/\/optimate1.com\/wp-content\/uploads\/2019\/06\/OptiMate-2-TM42x-5.png\",\"datePublished\":\"2019-06-06T00:07:44+00:00\",\"dateModified\":\"2021-10-07T12:08:23+00:00\",\"breadcrumb\":{\"@id\":\"https:\/\/optimate1.com\/product\/optimate-2\/#breadcrumb\"},\"inLanguage\":\"de\",\"potentialAction\":[{\"@type\":\"ReadAction\",\"target\":[\"https:\/\/optimate1.com\/product\/optimate-2\/\"]}]},{\"@type\":\"ImageObject\",\"inLanguage\":\"de\",\"@id\":\"https:\/\/optimate1.com\/product\/optimate-2\/#primaryimage\",\"url\":\"https:\/\/optimate1.com\/wp-content\/uploads\/2019\/06\/OptiMate-2-TM42x-5.png\",\"contentUrl\":\"https:\/\/optimate1.com\/wp-content\/uploads\/2019\/06\/OptiMate-2-TM42x-5.png\",\"width\":900,\"height\":900},{\"@type\":\"BreadcrumbList\",\"@id\":\"https:\/\/optimate1.com\/product\/optimate-2\/#breadcrumb\",\"itemListElement\":[{\"@type\":\"ListItem\",\"position\":1,\"name\":\"Home\",\"item\":\"https:\/\/optimate1.com\/\"},{\"@type\":\"ListItem\",\"position\":2,\"name\":\"Produkte\",\"item\":\"https:\/\/optimate1.com\/shop\/\"},{\"@type\":\"ListItem\",\"position\":3,\"name\":\"OptiMate 2\"}]},{\"@type\":\"WebSite\",\"@id\":\"https:\/\/optimate1.com\/#website\",\"url\":\"https:\/\/optimate1.com\/\",\"name\":\"OptiMate\",\"description\":\"Battery Chargers &amp; Accessories\",\"publisher\":{\"@id\":\"https:\/\/optimate1.com\/#organization\"},\"potentialAction\":[{\"@type\":\"SearchAction\",\"target\":{\"@type\":\"EntryPoint\",\"urlTemplate\":\"https:\/\/optimate1.com\/?s={search_term_string}\"},\"query-input\":{\"@type\":\"PropertyValueSpecification\",\"valueRequired\":true,\"valueName\":\"search_term_string\"}}],\"inLanguage\":\"de\"},{\"@type\":\"Organization\",\"@id\":\"https:\/\/optimate1.com\/#organization\",\"name\":\"OptiMate\",\"url\":\"https:\/\/optimate1.com\/\",\"logo\":{\"@type\":\"ImageObject\",\"inLanguage\":\"de\",\"@id\":\"https:\/\/optimate1.com\/#\/schema\/logo\/image\/\",\"url\":\"https:\/\/optimate1.com\/wp-content\/uploads\/2021\/06\/optimate-hpbc-stacklogo.jpg\",\"contentUrl\":\"https:\/\/optimate1.com\/wp-content\/uploads\/2021\/06\/optimate-hpbc-stacklogo.jpg\",\"width\":1025,\"height\":529,\"caption\":\"OptiMate\"},\"image\":{\"@id\":\"https:\/\/optimate1.com\/#\/schema\/logo\/image\/\"},\"sameAs\":[\"https:\/\/www.facebook.com\/OptiMatebatterysavingcharger\/\"]}]}<\/script>\n<!-- \/ Yoast SEO plugin. -->","yoast_head_json":{"title":"OptiMate 2 - OptiMate","robots":{"index":"index","follow":"follow","max-snippet":"max-snippet:-1","max-image-preview":"max-image-preview:large","max-video-preview":"max-video-preview:-1"},"canonical":"https:\/\/optimate1.com\/product\/optimate-2\/","og_locale":"de_DE","og_type":"article","og_title":"OptiMate 2 - OptiMate","og_description":"4-stufiges gekapseltes 12V 0,8A Batterielade- &amp; -wartungsger\u00e4t","og_url":"https:\/\/optimate1.com\/product\/optimate-2\/","og_site_name":"OptiMate","article_publisher":"https:\/\/www.facebook.com\/OptiMatebatterysavingcharger\/","article_modified_time":"2021-10-07T12:08:23+00:00","og_image":[{"width":900,"height":900,"url":"https:\/\/optimate1.com\/wp-content\/uploads\/2019\/06\/OptiMate-2-TM42x-5.png","type":"image\/png"}],"twitter_card":"summary_large_image","twitter_misc":{"Gesch\u00e4tzte Lesezeit":"1\u00a0Minute"},"schema":{"@context":"https:\/\/schema.org","@graph":[{"@type":"WebPage","@id":"https:\/\/optimate1.com\/product\/optimate-2\/","url":"https:\/\/optimate1.com\/product\/optimate-2\/","name":"OptiMate 2 - OptiMate","isPartOf":{"@id":"https:\/\/optimate1.com\/#website"},"primaryImageOfPage":{"@id":"https:\/\/optimate1.com\/product\/optimate-2\/#primaryimage"},"image":{"@id":"https:\/\/optimate1.com\/product\/optimate-2\/#primaryimage"},"thumbnailUrl":"https:\/\/optimate1.com\/wp-content\/uploads\/2019\/06\/OptiMate-2-TM42x-5.png","datePublished":"2019-06-06T00:07:44+00:00","dateModified":"2021-10-07T12:08:23+00:00","breadcrumb":{"@id":"https:\/\/optimate1.com\/product\/optimate-2\/#breadcrumb"},"inLanguage":"de","potentialAction":[{"@type":"ReadAction","target":["https:\/\/optimate1.com\/product\/optimate-2\/"]}]},{"@type":"ImageObject","inLanguage":"de","@id":"https:\/\/optimate1.com\/product\/optimate-2\/#primaryimage","url":"https:\/\/optimate1.com\/wp-content\/uploads\/2019\/06\/OptiMate-2-TM42x-5.png","contentUrl":"https:\/\/optimate1.com\/wp-content\/uploads\/2019\/06\/OptiMate-2-TM42x-5.png","width":900,"height":900},{"@type":"BreadcrumbList","@id":"https:\/\/optimate1.com\/product\/optimate-2\/#breadcrumb","itemListElement":[{"@type":"ListItem","position":1,"name":"Home","item":"https:\/\/optimate1.com\/"},{"@type":"ListItem","position":2,"name":"Produkte","item":"https:\/\/optimate1.com\/shop\/"},{"@type":"ListItem","position":3,"name":"OptiMate 2"}]},{"@type":"WebSite","@id":"https:\/\/optimate1.com\/#website","url":"https:\/\/optimate1.com\/","name":"OptiMate","description":"Battery Chargers &amp; Accessories","publisher":{"@id":"https:\/\/optimate1.com\/#organization"},"potentialAction":[{"@type":"SearchAction","target":{"@type":"EntryPoint","urlTemplate":"https:\/\/optimate1.com\/?s={search_term_string}"},"query-input":{"@type":"PropertyValueSpecification","valueRequired":true,"valueName":"search_term_string"}}],"inLanguage":"de"},{"@type":"Organization","@id":"https:\/\/optimate1.com\/#organization","name":"OptiMate","url":"https:\/\/optimate1.com\/","logo":{"@type":"ImageObject","inLanguage":"de","@id":"https:\/\/optimate1.com\/#\/schema\/logo\/image\/","url":"https:\/\/optimate1.com\/wp-content\/uploads\/2021\/06\/optimate-hpbc-stacklogo.jpg","contentUrl":"https:\/\/optimate1.com\/wp-content\/uploads\/2021\/06\/optimate-hpbc-stacklogo.jpg","width":1025,"height":529,"caption":"OptiMate"},"image":{"@id":"https:\/\/optimate1.com\/#\/schema\/logo\/image\/"},"sameAs":["https:\/\/www.facebook.com\/OptiMatebatterysavingcharger\/"]}]}},"_links":{"self":[{"href":"https:\/\/optimate1.com\/de\/wp-json\/wp\/v2\/product\/9115","targetHints":{"allow":["GET"]}}],"collection":[{"href":"https:\/\/optimate1.com\/de\/wp-json\/wp\/v2\/product"}],"about":[{"href":"https:\/\/optimate1.com\/de\/wp-json\/wp\/v2\/types\/product"}],"wp:featuredmedia":[{"embeddable":true,"href":"https:\/\/optimate1.com\/de\/wp-json\/wp\/v2\/media\/2757"}],"wp:attachment":[{"href":"https:\/\/optimate1.com\/de\/wp-json\/wp\/v2\/media?parent=9115"}],"wp:term":[{"taxonomy":"product_brand","embeddable":true,"href":"https:\/\/optimate1.com\/de\/wp-json\/wp\/v2\/product_brand?post=9115"},{"taxonomy":"product_cat","embeddable":true,"href":"https:\/\/optimate1.com\/de\/wp-json\/wp\/v2\/product_cat?post=9115"},{"taxonomy":"product_tag","embeddable":true,"href":"https:\/\/optimate1.com\/de\/wp-json\/wp\/v2\/product_tag?post=9115"}],"curies":[{"name":"wp","href":"https:\/\/api.w.org\/{rel}","templated":true}]}}