{"id":9175,"date":"2019-06-06T11:50:52","date_gmt":"2019-06-06T15:50:52","guid":{"rendered":"https:\/\/optimate1.com\/product\/optimate-3-x-4-bank\/"},"modified":"2022-07-11T08:55:26","modified_gmt":"2022-07-11T12:55:26","slug":"optimate-3-x-4-bank-ladegerat","status":"publish","type":"product","link":"https:\/\/optimate1.com\/de\/product\/optimate-3-x-4-bank-ladegerat\/","title":{"rendered":"OptiMate 3 x 4 BANK"},"content":{"rendered":"<h3>Optimate 3 Quad Bank, das vollst\u00e4ndig gekapselte batterieschonende 4-Bank-Lade- und -Wartungsger\u00e4t f\u00fcr 12V AGM-, GEL- oder STD-Batterien &#8211; Die Wahl des H\u00e4ndlers f\u00fcr ausgelastete Werkst\u00e4tten.<\/h3>\n<ul>\n<li><strong><span style=\"color: #10069f;\">Motorrad-OEM auf der ganzen Welt setzen auf OptiMate 3 Ladeger\u00e4te<em>, darunter Honda, Triumph, Suzuki, Yamaha, Kawasaki und andere.\u00a0<\/em><\/span><\/strong><\/li>\n<li><strong><span style=\"color: #10069f;\">Unabh\u00e4ngiges Laden, Testen und Warten von 4 x 12V Blei-S\u00e4ure-Batterien (STD, AGM, GEL)<em> &#8211; immer frisch, immer einsatzbereit! <\/em><br \/>\n<\/span><\/strong><\/li>\n<li><strong><span style=\"color: #10069f;\">Rettet tiefentladene sulfatierte Batterien noch bei 2V.\u00a0<\/span><\/strong><\/li>\n<li><strong><span style=\"color: #10069f;\">Testet automatisch &#8211; zeigt an, ob ein Batterieproblem vorliegt.<\/span><\/strong><\/li>\n<li><strong><span style=\"color: #10069f;\">Die intelligente 24-7-Wartung des OptiMate garantiert mehr Batterieleistung und h\u00f6here Lebensdauer!<\/span><\/strong><\/li>\n<\/ul>\n<p>Verf\u00fcgbare Modelle: Alle unten aufgef\u00fchrten Batterieladeger\u00e4te von OptiMate funktionieren mit einer globalen Eingangsspannung von 100-240 Vac 50-60 Hz, <a href=\"https:\/\/optimate1.com\/de\/power-plugs-de\/\">nur der TYP des Netzsteckers unterscheidet<\/a> sich je nach nationalen\/regionalen Vorschriften f\u00fcr die elektrische Sicherheit.<\/p>\n<div class=\"woocommerce columns-3 \"><\/div>\n","protected":false},"excerpt":{"rendered":"<h3><span style=\"color: #ff0000;\">7-stufiges gekapseltes, batterieschonendes 4x12V 0.8A Lade- &amp; Wartungsger\u00e4t<\/span><\/h3>\n","protected":false},"featured_media":29969,"template":"","meta":[],"product_brand":[],"product_cat":[2254,2247],"product_tag":[],"class_list":{"0":"post-9175","1":"product","2":"type-product","3":"status-publish","4":"has-post-thumbnail","6":"product_cat-marine-chargers-de","7":"product_cat-marine-de","8":"pa_charge-battery-chemistry-pb-agm-gel-std-lead-acid-de","9":"pa_charge-battery-more-12v-de","10":"pa_charge-battery-more-motorrad-gelandewagen","11":"pa_charge-battery-more-utv-sxs-cruiser-de","12":"pa_power-ac-100-240vac-de","13":"pa_product-group-optimate-3-de","14":"pa_region-ca-de-2","15":"pa_region-eu-de-2","16":"pa_region-uk-de-2","17":"pa_region-us-de-2","18":"iside_vehicle-motorrad-powersport-de","19":"iside_charger_series-silver-smarter-de","20":"thunk-woo-product-list","21":"opn-qv-enable","22":"big-store-woo-hover-","23":"open-single-product-tab-horizontal","24":"open-shadow-","25":"open-shadow-hover-","27":"first","28":"instock","29":"featured","30":"shipping-taxable","31":"purchasable","32":"product-type-simple"},"yoast_head":"<!-- This site is optimized with the Yoast SEO plugin v27.2 - https:\/\/yoast.com\/product\/yoast-seo-wordpress\/ -->\n<title>OptiMate 3 x 4 BANK - OptiMate<\/title>\n<meta name=\"description\" content=\"Das OptiMate 3 x 4 BANK ladeger\u00e4t ist das vollst\u00e4ndig gekapselte batterieschonende 4-Bank-Lade-&amp; -Wartungsger\u00e4t f\u00fcr 12V Batterien. Mehr lesen!\" \/>\n<meta name=\"robots\" content=\"index, follow, max-snippet:-1, max-image-preview:large, max-video-preview:-1, noarchive\" \/>\n<link rel=\"canonical\" href=\"https:\/\/optimate1.com\/product\/om3x4-2020\/\" \/>\n<meta property=\"og:locale\" content=\"de_DE\" \/>\n<meta property=\"og:type\" content=\"article\" \/>\n<meta property=\"og:title\" content=\"OptiMate 3 x 4 BANK - OptiMate\" \/>\n<meta property=\"og:description\" content=\"Das OptiMate 3 x 4 BANK ladeger\u00e4t ist das vollst\u00e4ndig gekapselte batterieschonende 4-Bank-Lade-&amp; -Wartungsger\u00e4t f\u00fcr 12V Batterien. Mehr lesen!\" \/>\n<meta property=\"og:url\" content=\"https:\/\/optimate1.com\/product\/om3x4-2020\/\" \/>\n<meta property=\"og:site_name\" content=\"OptiMate\" \/>\n<meta property=\"article:publisher\" content=\"https:\/\/www.facebook.com\/OptiMatebatterysavingcharger\/\" \/>\n<meta property=\"article:modified_time\" content=\"2022-07-11T12:55:26+00:00\" \/>\n<meta property=\"og:image\" content=\"https:\/\/optimate1.com\/wp-content\/uploads\/2022\/07\/OptiMate-3-4-bank-TM45x-silver-corner-de.png\" \/>\n\t<meta property=\"og:image:width\" content=\"900\" \/>\n\t<meta property=\"og:image:height\" content=\"900\" \/>\n\t<meta property=\"og:image:type\" content=\"image\/png\" \/>\n<meta name=\"twitter:card\" content=\"summary_large_image\" \/>\n<meta name=\"twitter:label1\" content=\"Gesch\u00e4tzte Lesezeit\" \/>\n\t<meta name=\"twitter:data1\" content=\"1\u00a0Minute\" \/>\n<script type=\"application\/ld+json\" class=\"yoast-schema-graph\">{\"@context\":\"https:\/\/schema.org\",\"@graph\":[{\"@type\":\"WebPage\",\"@id\":\"https:\/\/optimate1.com\/product\/om3x4-2020\/\",\"url\":\"https:\/\/optimate1.com\/product\/om3x4-2020\/\",\"name\":\"OptiMate 3 x 4 BANK - OptiMate\",\"isPartOf\":{\"@id\":\"https:\/\/optimate1.com\/#website\"},\"primaryImageOfPage\":{\"@id\":\"https:\/\/optimate1.com\/product\/om3x4-2020\/#primaryimage\"},\"image\":{\"@id\":\"https:\/\/optimate1.com\/product\/om3x4-2020\/#primaryimage\"},\"thumbnailUrl\":\"https:\/\/optimate1.com\/wp-content\/uploads\/2022\/07\/OptiMate-3-4-bank-TM45x-silver-corner-de.png\",\"datePublished\":\"2019-06-06T15:50:52+00:00\",\"dateModified\":\"2022-07-11T12:55:26+00:00\",\"description\":\"Das OptiMate 3 x 4 BANK ladeger\u00e4t ist das vollst\u00e4ndig gekapselte batterieschonende 4-Bank-Lade-& -Wartungsger\u00e4t f\u00fcr 12V Batterien. Mehr lesen!\",\"breadcrumb\":{\"@id\":\"https:\/\/optimate1.com\/product\/om3x4-2020\/#breadcrumb\"},\"inLanguage\":\"de\",\"potentialAction\":[{\"@type\":\"ReadAction\",\"target\":[\"https:\/\/optimate1.com\/product\/om3x4-2020\/\"]}]},{\"@type\":\"ImageObject\",\"inLanguage\":\"de\",\"@id\":\"https:\/\/optimate1.com\/product\/om3x4-2020\/#primaryimage\",\"url\":\"https:\/\/optimate1.com\/wp-content\/uploads\/2022\/07\/OptiMate-3-4-bank-TM45x-silver-corner-de.png\",\"contentUrl\":\"https:\/\/optimate1.com\/wp-content\/uploads\/2022\/07\/OptiMate-3-4-bank-TM45x-silver-corner-de.png\",\"width\":900,\"height\":900,\"caption\":\"ladeger\u00e4t 4 bank produktbild\"},{\"@type\":\"BreadcrumbList\",\"@id\":\"https:\/\/optimate1.com\/product\/om3x4-2020\/#breadcrumb\",\"itemListElement\":[{\"@type\":\"ListItem\",\"position\":1,\"name\":\"Home\",\"item\":\"https:\/\/optimate1.com\/\"},{\"@type\":\"ListItem\",\"position\":2,\"name\":\"Produkte\",\"item\":\"https:\/\/optimate1.com\/shop\/\"},{\"@type\":\"ListItem\",\"position\":3,\"name\":\"OptiMate 3 x 4 BANK\"}]},{\"@type\":\"WebSite\",\"@id\":\"https:\/\/optimate1.com\/#website\",\"url\":\"https:\/\/optimate1.com\/\",\"name\":\"OptiMate\",\"description\":\"Battery Chargers &amp; Accessories\",\"publisher\":{\"@id\":\"https:\/\/optimate1.com\/#organization\"},\"potentialAction\":[{\"@type\":\"SearchAction\",\"target\":{\"@type\":\"EntryPoint\",\"urlTemplate\":\"https:\/\/optimate1.com\/?s={search_term_string}\"},\"query-input\":{\"@type\":\"PropertyValueSpecification\",\"valueRequired\":true,\"valueName\":\"search_term_string\"}}],\"inLanguage\":\"de\"},{\"@type\":\"Organization\",\"@id\":\"https:\/\/optimate1.com\/#organization\",\"name\":\"OptiMate\",\"url\":\"https:\/\/optimate1.com\/\",\"logo\":{\"@type\":\"ImageObject\",\"inLanguage\":\"de\",\"@id\":\"https:\/\/optimate1.com\/#\/schema\/logo\/image\/\",\"url\":\"https:\/\/optimate1.com\/wp-content\/uploads\/2021\/06\/optimate-hpbc-stacklogo.jpg\",\"contentUrl\":\"https:\/\/optimate1.com\/wp-content\/uploads\/2021\/06\/optimate-hpbc-stacklogo.jpg\",\"width\":1025,\"height\":529,\"caption\":\"OptiMate\"},\"image\":{\"@id\":\"https:\/\/optimate1.com\/#\/schema\/logo\/image\/\"},\"sameAs\":[\"https:\/\/www.facebook.com\/OptiMatebatterysavingcharger\/\"]}]}<\/script>\n<!-- \/ Yoast SEO plugin. -->","yoast_head_json":{"title":"OptiMate 3 x 4 BANK - OptiMate","description":"Das OptiMate 3 x 4 BANK ladeger\u00e4t ist das vollst\u00e4ndig gekapselte batterieschonende 4-Bank-Lade-& -Wartungsger\u00e4t f\u00fcr 12V Batterien. Mehr lesen!","robots":{"index":"index","follow":"follow","max-snippet":"max-snippet:-1","max-image-preview":"max-image-preview:large","max-video-preview":"max-video-preview:-1","archive":"noarchive"},"canonical":"https:\/\/optimate1.com\/product\/om3x4-2020\/","og_locale":"de_DE","og_type":"article","og_title":"OptiMate 3 x 4 BANK - OptiMate","og_description":"Das OptiMate 3 x 4 BANK ladeger\u00e4t ist das vollst\u00e4ndig gekapselte batterieschonende 4-Bank-Lade-& -Wartungsger\u00e4t f\u00fcr 12V Batterien. Mehr lesen!","og_url":"https:\/\/optimate1.com\/product\/om3x4-2020\/","og_site_name":"OptiMate","article_publisher":"https:\/\/www.facebook.com\/OptiMatebatterysavingcharger\/","article_modified_time":"2022-07-11T12:55:26+00:00","og_image":[{"width":900,"height":900,"url":"https:\/\/optimate1.com\/wp-content\/uploads\/2022\/07\/OptiMate-3-4-bank-TM45x-silver-corner-de.png","type":"image\/png"}],"twitter_card":"summary_large_image","twitter_misc":{"Gesch\u00e4tzte Lesezeit":"1\u00a0Minute"},"schema":{"@context":"https:\/\/schema.org","@graph":[{"@type":"WebPage","@id":"https:\/\/optimate1.com\/product\/om3x4-2020\/","url":"https:\/\/optimate1.com\/product\/om3x4-2020\/","name":"OptiMate 3 x 4 BANK - OptiMate","isPartOf":{"@id":"https:\/\/optimate1.com\/#website"},"primaryImageOfPage":{"@id":"https:\/\/optimate1.com\/product\/om3x4-2020\/#primaryimage"},"image":{"@id":"https:\/\/optimate1.com\/product\/om3x4-2020\/#primaryimage"},"thumbnailUrl":"https:\/\/optimate1.com\/wp-content\/uploads\/2022\/07\/OptiMate-3-4-bank-TM45x-silver-corner-de.png","datePublished":"2019-06-06T15:50:52+00:00","dateModified":"2022-07-11T12:55:26+00:00","description":"Das OptiMate 3 x 4 BANK ladeger\u00e4t ist das vollst\u00e4ndig gekapselte batterieschonende 4-Bank-Lade-& -Wartungsger\u00e4t f\u00fcr 12V Batterien. Mehr lesen!","breadcrumb":{"@id":"https:\/\/optimate1.com\/product\/om3x4-2020\/#breadcrumb"},"inLanguage":"de","potentialAction":[{"@type":"ReadAction","target":["https:\/\/optimate1.com\/product\/om3x4-2020\/"]}]},{"@type":"ImageObject","inLanguage":"de","@id":"https:\/\/optimate1.com\/product\/om3x4-2020\/#primaryimage","url":"https:\/\/optimate1.com\/wp-content\/uploads\/2022\/07\/OptiMate-3-4-bank-TM45x-silver-corner-de.png","contentUrl":"https:\/\/optimate1.com\/wp-content\/uploads\/2022\/07\/OptiMate-3-4-bank-TM45x-silver-corner-de.png","width":900,"height":900,"caption":"ladeger\u00e4t 4 bank produktbild"},{"@type":"BreadcrumbList","@id":"https:\/\/optimate1.com\/product\/om3x4-2020\/#breadcrumb","itemListElement":[{"@type":"ListItem","position":1,"name":"Home","item":"https:\/\/optimate1.com\/"},{"@type":"ListItem","position":2,"name":"Produkte","item":"https:\/\/optimate1.com\/shop\/"},{"@type":"ListItem","position":3,"name":"OptiMate 3 x 4 BANK"}]},{"@type":"WebSite","@id":"https:\/\/optimate1.com\/#website","url":"https:\/\/optimate1.com\/","name":"OptiMate","description":"Battery Chargers &amp; Accessories","publisher":{"@id":"https:\/\/optimate1.com\/#organization"},"potentialAction":[{"@type":"SearchAction","target":{"@type":"EntryPoint","urlTemplate":"https:\/\/optimate1.com\/?s={search_term_string}"},"query-input":{"@type":"PropertyValueSpecification","valueRequired":true,"valueName":"search_term_string"}}],"inLanguage":"de"},{"@type":"Organization","@id":"https:\/\/optimate1.com\/#organization","name":"OptiMate","url":"https:\/\/optimate1.com\/","logo":{"@type":"ImageObject","inLanguage":"de","@id":"https:\/\/optimate1.com\/#\/schema\/logo\/image\/","url":"https:\/\/optimate1.com\/wp-content\/uploads\/2021\/06\/optimate-hpbc-stacklogo.jpg","contentUrl":"https:\/\/optimate1.com\/wp-content\/uploads\/2021\/06\/optimate-hpbc-stacklogo.jpg","width":1025,"height":529,"caption":"OptiMate"},"image":{"@id":"https:\/\/optimate1.com\/#\/schema\/logo\/image\/"},"sameAs":["https:\/\/www.facebook.com\/OptiMatebatterysavingcharger\/"]}]}},"_links":{"self":[{"href":"https:\/\/optimate1.com\/de\/wp-json\/wp\/v2\/product\/9175","targetHints":{"allow":["GET"]}}],"collection":[{"href":"https:\/\/optimate1.com\/de\/wp-json\/wp\/v2\/product"}],"about":[{"href":"https:\/\/optimate1.com\/de\/wp-json\/wp\/v2\/types\/product"}],"wp:featuredmedia":[{"embeddable":true,"href":"https:\/\/optimate1.com\/de\/wp-json\/wp\/v2\/media\/29969"}],"wp:attachment":[{"href":"https:\/\/optimate1.com\/de\/wp-json\/wp\/v2\/media?parent=9175"}],"wp:term":[{"taxonomy":"product_brand","embeddable":true,"href":"https:\/\/optimate1.com\/de\/wp-json\/wp\/v2\/product_brand?post=9175"},{"taxonomy":"product_cat","embeddable":true,"href":"https:\/\/optimate1.com\/de\/wp-json\/wp\/v2\/product_cat?post=9175"},{"taxonomy":"product_tag","embeddable":true,"href":"https:\/\/optimate1.com\/de\/wp-json\/wp\/v2\/product_tag?post=9175"}],"curies":[{"name":"wp","href":"https:\/\/api.w.org\/{rel}","templated":true}]}}