{"id":9466,"date":"2019-01-10T17:06:06","date_gmt":"2019-01-10T22:06:06","guid":{"rendered":"https:\/\/optimate1.com\/product\/optimate-solar-10w-solar-panel\/"},"modified":"2021-01-21T08:43:31","modified_gmt":"2021-01-21T13:43:31","slug":"optimate-solar-10w-solar-panel","status":"publish","type":"product","link":"https:\/\/optimate1.com\/de\/product\/optimate-solar-10w-solar-panel\/","title":{"rendered":"OptiMate Solar + 10W Solar Panel"},"content":{"rendered":"<h3>OptiMate Solar 10W, das intelligenteste solarbetriebene 24-7-Wartungsger\u00e4t f\u00fcr die 12V-Batterie Ihres Motorrads, ATV, Side-by-Side-Quads oder Jetskis<em> &#8211; Laden bei Tag, \u00dcberwachen bei Nacht!\u00a0<\/em><\/h3>\n<ul>\n<li><span style=\"color: #10069f;\"><b>Der intelligente, vollst\u00e4ndig gekapselte Laderegler wandelt Solarstrom um und liefert max. 0.83A bei voller Sonneneinstrahlung ODER Stromimpulse bei bew\u00f6lktem Wetter an Ihre 12V Blei-S\u00e4ure- (STD, AGM, GEL) Starter- oder Tiefzyklus-Batterie.\u00a0<\/b><\/span><\/li>\n<li><span style=\"color: #10069f;\"><b>Der Nacht-Monitor-Modus des Reglers zeigt den Ladezustand der Batterie auf einem 3-LED-Panel an<em> &#8211; Der Status Ihrer Batterie ist Tag und Nacht sichtbar!\u00a0<\/em><\/b><\/span><\/li>\n<li><span style=\"color: #10069f;\"><b>Witterungsbest\u00e4ndiges polykristallines Panel mit breitem Spektrum und Eckmontage &#8211; <em>Funktioniert bei jedem Wetter!\u00a0<\/em><\/b><\/span><\/li>\n<li><span style=\"color: #10069f;\"><b>Der einzigartige Impulsrettungsmodus rettet tiefentladene, sulfatierte Batterien noch bei 1V &#8211; <em>Das fortschrittlichste Solar-Rettungsprogramm! \u00a0<\/em><\/b><\/span><\/li>\n<li><span style=\"color: #10069f;\"><b>Die intelligente Impulswartung des OptiMate Solar garantiert mehr Batterieleistung und h\u00f6here Lebensdauer!<br \/>\n<\/b><\/span><\/li>\n<\/ul>\n<p>&nbsp;<\/p>\n<p>&nbsp;<\/p>\n","protected":false},"excerpt":{"rendered":"<h3><span style=\"color: #cd202c;\">6-stufiges gekapseltes batterieschonendes 12V 0.83A Solarlade- &amp; -wartungsger\u00e4t<\/span><\/h3>\n","protected":false},"featured_media":4767,"template":"","meta":[],"product_brand":[],"product_cat":[419],"product_tag":[],"class_list":{"0":"post-9466","1":"product","2":"type-product","3":"status-publish","4":"has-post-thumbnail","6":"product_cat-battery-chargers-de","7":"pa_charge-battery-chemistry-pb-agm-gel-std-lead-acid-de","8":"pa_charge-battery-chemistry-pb-li-both-above-de","9":"pa_charge-battery-more-12v-de","10":"pa_charge-battery-more-motorrad-gelandewagen","11":"pa_charge-battery-more-utv-sxs-cruiser-de","12":"pa_power-solar-de","13":"pa_product-group-optimate-solar-de","14":"pa_region-ca-de-2","15":"pa_region-eu-de-2","16":"pa_region-uk-de-2","17":"pa_region-us-de-2","18":"iside_vehicle-motorrad-powersport-de","19":"iside_charger_type-solar-de","20":"thunk-woo-product-list","21":"opn-qv-enable","22":"big-store-woo-hover-","23":"open-single-product-tab-horizontal","24":"open-shadow-","25":"open-shadow-hover-","27":"first","28":"instock","29":"featured","30":"shipping-taxable","31":"purchasable","32":"product-type-simple"},"yoast_head":"<!-- This site is optimized with the Yoast SEO plugin v27.2 - https:\/\/yoast.com\/product\/yoast-seo-wordpress\/ -->\n<title>OptiMate Solar + 10W Solar Panel - OptiMate<\/title>\n<meta name=\"robots\" content=\"index, follow, max-snippet:-1, max-image-preview:large, max-video-preview:-1\" \/>\n<link rel=\"canonical\" href=\"https:\/\/optimate1.com\/product\/optimate-solar-10w-solar-panel\/\" \/>\n<meta property=\"og:locale\" content=\"de_DE\" \/>\n<meta property=\"og:type\" content=\"article\" \/>\n<meta property=\"og:title\" content=\"OptiMate Solar + 10W Solar Panel - OptiMate\" \/>\n<meta property=\"og:description\" content=\"6-stufiges gekapseltes batterieschonendes 12V 0.83A Solarlade- &amp; -wartungsger\u00e4t\" \/>\n<meta property=\"og:url\" content=\"https:\/\/optimate1.com\/product\/optimate-solar-10w-solar-panel\/\" \/>\n<meta property=\"og:site_name\" content=\"OptiMate\" \/>\n<meta property=\"article:publisher\" content=\"https:\/\/www.facebook.com\/OptiMatebatterysavingcharger\/\" \/>\n<meta property=\"article:modified_time\" content=\"2021-01-21T13:43:31+00:00\" \/>\n<meta property=\"og:image\" content=\"https:\/\/optimate1.com\/wp-content\/uploads\/2019\/01\/OptiMate-Solar-Panel-10W-Kit-TM522-1.png\" \/>\n\t<meta property=\"og:image:width\" content=\"900\" \/>\n\t<meta property=\"og:image:height\" content=\"900\" \/>\n\t<meta property=\"og:image:type\" content=\"image\/png\" \/>\n<meta name=\"twitter:card\" content=\"summary_large_image\" \/>\n<meta name=\"twitter:label1\" content=\"Gesch\u00e4tzte Lesezeit\" \/>\n\t<meta name=\"twitter:data1\" content=\"1\u00a0Minute\" \/>\n<script type=\"application\/ld+json\" class=\"yoast-schema-graph\">{\"@context\":\"https:\/\/schema.org\",\"@graph\":[{\"@type\":\"WebPage\",\"@id\":\"https:\/\/optimate1.com\/product\/optimate-solar-10w-solar-panel\/\",\"url\":\"https:\/\/optimate1.com\/product\/optimate-solar-10w-solar-panel\/\",\"name\":\"OptiMate Solar + 10W Solar Panel - OptiMate\",\"isPartOf\":{\"@id\":\"https:\/\/optimate1.com\/#website\"},\"primaryImageOfPage\":{\"@id\":\"https:\/\/optimate1.com\/product\/optimate-solar-10w-solar-panel\/#primaryimage\"},\"image\":{\"@id\":\"https:\/\/optimate1.com\/product\/optimate-solar-10w-solar-panel\/#primaryimage\"},\"thumbnailUrl\":\"https:\/\/optimate1.com\/wp-content\/uploads\/2019\/01\/OptiMate-Solar-Panel-10W-Kit-TM522-1.png\",\"datePublished\":\"2019-01-10T22:06:06+00:00\",\"dateModified\":\"2021-01-21T13:43:31+00:00\",\"breadcrumb\":{\"@id\":\"https:\/\/optimate1.com\/product\/optimate-solar-10w-solar-panel\/#breadcrumb\"},\"inLanguage\":\"de\",\"potentialAction\":[{\"@type\":\"ReadAction\",\"target\":[\"https:\/\/optimate1.com\/product\/optimate-solar-10w-solar-panel\/\"]}]},{\"@type\":\"ImageObject\",\"inLanguage\":\"de\",\"@id\":\"https:\/\/optimate1.com\/product\/optimate-solar-10w-solar-panel\/#primaryimage\",\"url\":\"https:\/\/optimate1.com\/wp-content\/uploads\/2019\/01\/OptiMate-Solar-Panel-10W-Kit-TM522-1.png\",\"contentUrl\":\"https:\/\/optimate1.com\/wp-content\/uploads\/2019\/01\/OptiMate-Solar-Panel-10W-Kit-TM522-1.png\",\"width\":900,\"height\":900},{\"@type\":\"BreadcrumbList\",\"@id\":\"https:\/\/optimate1.com\/product\/optimate-solar-10w-solar-panel\/#breadcrumb\",\"itemListElement\":[{\"@type\":\"ListItem\",\"position\":1,\"name\":\"Home\",\"item\":\"https:\/\/optimate1.com\/\"},{\"@type\":\"ListItem\",\"position\":2,\"name\":\"Produkte\",\"item\":\"https:\/\/optimate1.com\/shop\/\"},{\"@type\":\"ListItem\",\"position\":3,\"name\":\"OptiMate Solar + 10W Solar Panel\"}]},{\"@type\":\"WebSite\",\"@id\":\"https:\/\/optimate1.com\/#website\",\"url\":\"https:\/\/optimate1.com\/\",\"name\":\"OptiMate\",\"description\":\"Battery Chargers &amp; Accessories\",\"publisher\":{\"@id\":\"https:\/\/optimate1.com\/#organization\"},\"potentialAction\":[{\"@type\":\"SearchAction\",\"target\":{\"@type\":\"EntryPoint\",\"urlTemplate\":\"https:\/\/optimate1.com\/?s={search_term_string}\"},\"query-input\":{\"@type\":\"PropertyValueSpecification\",\"valueRequired\":true,\"valueName\":\"search_term_string\"}}],\"inLanguage\":\"de\"},{\"@type\":\"Organization\",\"@id\":\"https:\/\/optimate1.com\/#organization\",\"name\":\"OptiMate\",\"url\":\"https:\/\/optimate1.com\/\",\"logo\":{\"@type\":\"ImageObject\",\"inLanguage\":\"de\",\"@id\":\"https:\/\/optimate1.com\/#\/schema\/logo\/image\/\",\"url\":\"https:\/\/optimate1.com\/wp-content\/uploads\/2021\/06\/optimate-hpbc-stacklogo.jpg\",\"contentUrl\":\"https:\/\/optimate1.com\/wp-content\/uploads\/2021\/06\/optimate-hpbc-stacklogo.jpg\",\"width\":1025,\"height\":529,\"caption\":\"OptiMate\"},\"image\":{\"@id\":\"https:\/\/optimate1.com\/#\/schema\/logo\/image\/\"},\"sameAs\":[\"https:\/\/www.facebook.com\/OptiMatebatterysavingcharger\/\"]}]}<\/script>\n<!-- \/ Yoast SEO plugin. -->","yoast_head_json":{"title":"OptiMate Solar + 10W Solar Panel - OptiMate","robots":{"index":"index","follow":"follow","max-snippet":"max-snippet:-1","max-image-preview":"max-image-preview:large","max-video-preview":"max-video-preview:-1"},"canonical":"https:\/\/optimate1.com\/product\/optimate-solar-10w-solar-panel\/","og_locale":"de_DE","og_type":"article","og_title":"OptiMate Solar + 10W Solar Panel - OptiMate","og_description":"6-stufiges gekapseltes batterieschonendes 12V 0.83A Solarlade- &amp; -wartungsger\u00e4t","og_url":"https:\/\/optimate1.com\/product\/optimate-solar-10w-solar-panel\/","og_site_name":"OptiMate","article_publisher":"https:\/\/www.facebook.com\/OptiMatebatterysavingcharger\/","article_modified_time":"2021-01-21T13:43:31+00:00","og_image":[{"width":900,"height":900,"url":"https:\/\/optimate1.com\/wp-content\/uploads\/2019\/01\/OptiMate-Solar-Panel-10W-Kit-TM522-1.png","type":"image\/png"}],"twitter_card":"summary_large_image","twitter_misc":{"Gesch\u00e4tzte Lesezeit":"1\u00a0Minute"},"schema":{"@context":"https:\/\/schema.org","@graph":[{"@type":"WebPage","@id":"https:\/\/optimate1.com\/product\/optimate-solar-10w-solar-panel\/","url":"https:\/\/optimate1.com\/product\/optimate-solar-10w-solar-panel\/","name":"OptiMate Solar + 10W Solar Panel - OptiMate","isPartOf":{"@id":"https:\/\/optimate1.com\/#website"},"primaryImageOfPage":{"@id":"https:\/\/optimate1.com\/product\/optimate-solar-10w-solar-panel\/#primaryimage"},"image":{"@id":"https:\/\/optimate1.com\/product\/optimate-solar-10w-solar-panel\/#primaryimage"},"thumbnailUrl":"https:\/\/optimate1.com\/wp-content\/uploads\/2019\/01\/OptiMate-Solar-Panel-10W-Kit-TM522-1.png","datePublished":"2019-01-10T22:06:06+00:00","dateModified":"2021-01-21T13:43:31+00:00","breadcrumb":{"@id":"https:\/\/optimate1.com\/product\/optimate-solar-10w-solar-panel\/#breadcrumb"},"inLanguage":"de","potentialAction":[{"@type":"ReadAction","target":["https:\/\/optimate1.com\/product\/optimate-solar-10w-solar-panel\/"]}]},{"@type":"ImageObject","inLanguage":"de","@id":"https:\/\/optimate1.com\/product\/optimate-solar-10w-solar-panel\/#primaryimage","url":"https:\/\/optimate1.com\/wp-content\/uploads\/2019\/01\/OptiMate-Solar-Panel-10W-Kit-TM522-1.png","contentUrl":"https:\/\/optimate1.com\/wp-content\/uploads\/2019\/01\/OptiMate-Solar-Panel-10W-Kit-TM522-1.png","width":900,"height":900},{"@type":"BreadcrumbList","@id":"https:\/\/optimate1.com\/product\/optimate-solar-10w-solar-panel\/#breadcrumb","itemListElement":[{"@type":"ListItem","position":1,"name":"Home","item":"https:\/\/optimate1.com\/"},{"@type":"ListItem","position":2,"name":"Produkte","item":"https:\/\/optimate1.com\/shop\/"},{"@type":"ListItem","position":3,"name":"OptiMate Solar + 10W Solar Panel"}]},{"@type":"WebSite","@id":"https:\/\/optimate1.com\/#website","url":"https:\/\/optimate1.com\/","name":"OptiMate","description":"Battery Chargers &amp; Accessories","publisher":{"@id":"https:\/\/optimate1.com\/#organization"},"potentialAction":[{"@type":"SearchAction","target":{"@type":"EntryPoint","urlTemplate":"https:\/\/optimate1.com\/?s={search_term_string}"},"query-input":{"@type":"PropertyValueSpecification","valueRequired":true,"valueName":"search_term_string"}}],"inLanguage":"de"},{"@type":"Organization","@id":"https:\/\/optimate1.com\/#organization","name":"OptiMate","url":"https:\/\/optimate1.com\/","logo":{"@type":"ImageObject","inLanguage":"de","@id":"https:\/\/optimate1.com\/#\/schema\/logo\/image\/","url":"https:\/\/optimate1.com\/wp-content\/uploads\/2021\/06\/optimate-hpbc-stacklogo.jpg","contentUrl":"https:\/\/optimate1.com\/wp-content\/uploads\/2021\/06\/optimate-hpbc-stacklogo.jpg","width":1025,"height":529,"caption":"OptiMate"},"image":{"@id":"https:\/\/optimate1.com\/#\/schema\/logo\/image\/"},"sameAs":["https:\/\/www.facebook.com\/OptiMatebatterysavingcharger\/"]}]}},"_links":{"self":[{"href":"https:\/\/optimate1.com\/de\/wp-json\/wp\/v2\/product\/9466","targetHints":{"allow":["GET"]}}],"collection":[{"href":"https:\/\/optimate1.com\/de\/wp-json\/wp\/v2\/product"}],"about":[{"href":"https:\/\/optimate1.com\/de\/wp-json\/wp\/v2\/types\/product"}],"wp:featuredmedia":[{"embeddable":true,"href":"https:\/\/optimate1.com\/de\/wp-json\/wp\/v2\/media\/4767"}],"wp:attachment":[{"href":"https:\/\/optimate1.com\/de\/wp-json\/wp\/v2\/media?parent=9466"}],"wp:term":[{"taxonomy":"product_brand","embeddable":true,"href":"https:\/\/optimate1.com\/de\/wp-json\/wp\/v2\/product_brand?post=9466"},{"taxonomy":"product_cat","embeddable":true,"href":"https:\/\/optimate1.com\/de\/wp-json\/wp\/v2\/product_cat?post=9466"},{"taxonomy":"product_tag","embeddable":true,"href":"https:\/\/optimate1.com\/de\/wp-json\/wp\/v2\/product_tag?post=9466"}],"curies":[{"name":"wp","href":"https:\/\/api.w.org\/{rel}","templated":true}]}}