{"id":9510,"date":"2019-06-17T10:46:00","date_gmt":"2019-06-17T14:46:00","guid":{"rendered":"https:\/\/optimate1.com\/product\/optimate-cable-o-02\/"},"modified":"2026-02-25T05:22:57","modified_gmt":"2026-02-25T10:22:57","slug":"optimate-cable-o-02","status":"publish","type":"product","link":"https:\/\/optimate1.com\/de\/product\/optimate-cable-o-02\/","title":{"rendered":"O-02 Steckeradapter | AUTO (\u00d822) \/ DIN (\u00d812) > SAE | 7A max"},"content":{"rendered":"<h6 style=\"text-align: center;\"><strong><span style=\"color: #10069f;\"><b>Der O-02 passt in die Standardsteckdose (AUTO), die in japanischen Motorr\u00e4dern und amerikanischen Motorr\u00e4dern, ATV, UTV, Autos, Lastwagen und Wasserfahrzeugen zu finden ist, UND in die kleinere DIN-Buchse (BIKE), die in BMW-, Triumph- und Ducati-Multistrada-Motorr\u00e4dern zu finden ist.<\/b><\/span><\/strong><\/h6>\n<h6 style=\"text-align: center;\"><img loading=\"lazy\" decoding=\"async\" class=\"aligncenter wp-image-20876\" src=\"https:\/\/optimate1.com\/wp-content\/uploads\/2023\/09\/auto-din-plug-copy-2.png\" alt=\"This cable is SAE to SAE.\" width=\"280\" height=\"100\" \/><\/h6>\n<p>&nbsp;<\/p>\n<h6 style=\"text-align: center;\"><strong><span style=\"color: #10069f;\"><b>Die abdrehbare rote Spitze passt die Steckergr\u00f6\u00dfe von Standard \u00d8 21 mm AUTO auf kleinere \u00d8 12 mm BIKE \/ DIN an.<\/b><\/span><\/strong><\/h6>\n<h6 style=\"text-align: center;\"><img loading=\"lazy\" decoding=\"async\" class=\"aligncenter wp-image-20876\" src=\"https:\/\/optimate1.com\/wp-content\/uploads\/2023\/09\/auto-din-plug-copy-3.png\" alt=\"This cable is SAE to SAE.\" width=\"280\" height=\"100\" \/><\/h6>\n<p>&nbsp;<\/p>\n<h6 style=\"text-align: center;\"><strong><span style=\"color: #10069f;\"><b>Robuster OptiMate SAE-Stecker <\/b><\/span><\/strong><span style=\"color: #10069f;\">\u2013 <\/span><span style=\"color: #10069f;\"><i>passt auf alle standardm\u00e4\u00dfigen 2-poligen SAE-Stecker.<\/i><\/span><\/h6>\n<h6 style=\"text-align: center;\"><img loading=\"lazy\" decoding=\"async\" class=\"aligncenter wp-image-20876\" src=\"https:\/\/optimate1.com\/wp-content\/uploads\/2023\/03\/O-2-length-copy.png\" alt=\"This cable is SAE to SAE.\" width=\"280\" height=\"100\" \/><\/h6>\n<p>&nbsp;<\/p>\n<h6 style=\"text-align: center;\"><strong><span style=\"color: #10069f;\"><b>austauschbare 8A-Sicherung im Stecker.<\/b><\/span><\/strong><\/h6>\n<h6 style=\"text-align: center;\"><img loading=\"lazy\" decoding=\"async\" class=\"aligncenter wp-image-20876\" src=\"https:\/\/optimate1.com\/wp-content\/uploads\/2023\/03\/5A-max-8A-copy-2.png\" alt=\"This cable is SAE to SAE.\" width=\"280\" height=\"100\" \/><\/h6>\n<p>&nbsp;<\/p>\n<h6 style=\"text-align: center;\"><strong><span style=\"color: #10069f;\">Premium-Spezifikationen <\/span><\/strong><span style=\"color: #10069f;\">\u2013 <\/span><span style=\"color: #10069f;\"><i>50 cm (20 Zoll) L\u00e4nge, 5A Dauerstromnennwert, Allwetter-Kabelnennwert.<\/i><\/span><\/h6>\n<h6 style=\"text-align: center;\"><img loading=\"lazy\" decoding=\"async\" class=\"aligncenter wp-image-20660\" src=\"https:\/\/optimate1.com\/wp-content\/uploads\/2023\/03\/O-2-length-copy-2.png\" alt=\"The SAE to SAE adapter is ideal for 12V lead-acid &amp; 12.8V lithium LFP batteries.\" width=\"428\" height=\"70\" \/><\/h6>\n<p>&nbsp;<\/p>\n<p>&nbsp;<\/p>\n<h4 style=\"text-align: center;\"><strong><span style=\"text-decoration: underline;\">MEHR FUNKTIONEN:<\/span><\/strong><\/h4>\n<p style=\"text-align: center;\">\n<table id=\"tablepress-477\" class=\"tablepress tablepress-id-477\">\n<tbody class=\"row-hover\">\n<tr class=\"row-1\">\n\t<td class=\"column-1\"><a href=\"\"><img loading=\"lazy\" decoding=\"async\" src=\"https:\/\/optimate1.com\/wp-content\/uploads\/2021\/11\/Inline-protection-against-dust-rain-01_X-copy.png\" alt=\"\" width=\"300\" height=\"50\" class=\"aligncenter size-medium wp-image-20927\" \/><\/a><body><h6><center>Die Gummi-Inline-Dichtung sch\u00fctzt den SAE-Anschluss vor Schmutz und Wasser und h\u00e4lt den SAE-Anschluss sauber.<\/body><\/h6><\/center><br \/>\n<\/td>\n<\/tr>\n<tr class=\"row-2\">\n\t<td class=\"column-1\"><a href=\"\"><img loading=\"lazy\" decoding=\"async\" src=\"https:\/\/optimate1.com\/wp-content\/uploads\/2023\/09\/weather-icon-2-copy-01.png\" alt=\"\" width=\"300\" height=\"50\" class=\"aligncenter size-medium wp-image-20928\" \/><\/a><body><h6><center>Geeignet f\u00fcr Temperaturen und den Einsatz im Freien.<\/body><\/h6><\/center><\/td>\n<\/tr>\n<tr class=\"row-3\">\n\t<td class=\"column-1\"><a href=\"\"><img loading=\"lazy\" decoding=\"async\" src=\"https:\/\/optimate1.com\/wp-content\/uploads\/2023\/03\/SPT-2.png\" alt=\"\" width=\"300\" height=\"50\" class=\"aligncenter size-medium wp-image-20995\" \/><\/a><body><h6><center>Dickere Isolierung f\u00fcr besseren Schutz.<\/body><\/h6><\/center><\/td>\n<\/tr>\n<tr class=\"row-4\">\n\t<td class=\"column-1\"><a href=\"\"><img loading=\"lazy\" decoding=\"async\" src=\"https:\/\/optimate1.com\/wp-content\/uploads\/2023\/03\/18AWG.png\" alt=\"\" width=\"300\" height=\"50\" class=\"aligncenter size-medium wp-image-20982\" \/><\/a><body><h6><center>Bemessungsstrom: 5A Durchschn. \/ 7A max.<\/center><\/h6><\/body><\/td>\n<\/tr>\n<\/tbody>\n<\/table>\n<!-- #tablepress-477 from cache --><\/p>\n","protected":false},"excerpt":{"rendered":"<h3 class=\"entry-summary hidden-phone\"><span style=\"color: #cd202c;\">Adapter, SAE an AUTO-\/MOTORRAD-Stecker<\/span><\/h3>\n","protected":false},"featured_media":5245,"template":"","meta":[],"product_brand":[],"product_cat":[1061,2247,2248],"product_tag":[],"class_list":{"0":"post-9510","1":"product","2":"type-product","3":"status-publish","4":"has-post-thumbnail","6":"product_cat-cablesconnectors-de","7":"product_cat-marine-de","8":"product_cat-accessories-de","9":"pa_cable-type-d21mm-plug-adapter-de","10":"pa_cable-type-d12mm-bike-plug-adapter-de","11":"pa_connector-type-auto-de","12":"pa_connector-type-d12mm-bike-hella-de","13":"pa_region-ca-de-2","14":"pa_region-eu-de-2","15":"pa_region-uk-de-2","16":"pa_region-us-de-2","17":"iside_connector_type-auto-std-22mm-de","18":"iside_connector_type-d12mm-bike-hella-de","19":"compatible_with-12v-steckdose-im-auto","20":"compatible_with-bmw-triumph-din-buchse","21":"compatible_with-motorrad-standard-12v-steckdose","22":"thunk-woo-product-list","23":"opn-qv-enable","24":"big-store-woo-hover-","25":"open-single-product-tab-horizontal","26":"open-shadow-","27":"open-shadow-hover-","29":"first","30":"instock","31":"featured","32":"shipping-taxable","33":"purchasable","34":"product-type-simple"},"yoast_head":"<!-- This site is optimized with the Yoast SEO plugin v27.2 - https:\/\/yoast.com\/product\/yoast-seo-wordpress\/ -->\n<title>O-02 Steckeradapter | AUTO (\u00d822) \/ DIN (\u00d812) &gt; SAE | 7A max - OptiMate<\/title>\n<meta name=\"description\" content=\"Das OptiMate CABLE O-02 ist ein SAE-zu-Stecker-Adapter zum einfachen und schnellen Laden von Batterien \u00fcber DIN- oder Autosteckdosen. Weiterlesen!\" \/>\n<meta name=\"robots\" content=\"index, follow, max-snippet:-1, max-image-preview:large, max-video-preview:-1, noarchive\" \/>\n<link rel=\"canonical\" href=\"https:\/\/optimate1.com\/product\/cbleo-02\/\" \/>\n<meta property=\"og:locale\" content=\"de_DE\" \/>\n<meta property=\"og:type\" content=\"article\" \/>\n<meta property=\"og:title\" content=\"O-02 Steckeradapter | AUTO (\u00d822) \/ DIN (\u00d812) &gt; SAE | 7A max - OptiMate\" \/>\n<meta property=\"og:description\" content=\"Das OptiMate CABLE O-02 ist ein SAE-zu-Stecker-Adapter zum einfachen und schnellen Laden von Batterien \u00fcber DIN- oder Autosteckdosen. Weiterlesen!\" \/>\n<meta property=\"og:url\" content=\"https:\/\/optimate1.com\/product\/cbleo-02\/\" \/>\n<meta property=\"og:site_name\" content=\"OptiMate\" \/>\n<meta property=\"article:publisher\" content=\"https:\/\/www.facebook.com\/OptiMatebatterysavingcharger\/\" \/>\n<meta property=\"article:modified_time\" content=\"2026-02-25T10:22:57+00:00\" \/>\n<meta property=\"og:image\" content=\"https:\/\/optimate1.com\/wp-content\/uploads\/2019\/06\/O02-0.png\" \/>\n\t<meta property=\"og:image:width\" content=\"900\" \/>\n\t<meta property=\"og:image:height\" content=\"900\" \/>\n\t<meta property=\"og:image:type\" content=\"image\/png\" \/>\n<meta name=\"twitter:card\" content=\"summary_large_image\" \/>\n<meta name=\"twitter:label1\" content=\"Gesch\u00e4tzte Lesezeit\" \/>\n\t<meta name=\"twitter:data1\" content=\"2\u00a0Minuten\" \/>\n<script type=\"application\/ld+json\" class=\"yoast-schema-graph\">{\"@context\":\"https:\/\/schema.org\",\"@graph\":[{\"@type\":\"WebPage\",\"@id\":\"https:\/\/optimate1.com\/product\/cbleo-02\/\",\"url\":\"https:\/\/optimate1.com\/product\/cbleo-02\/\",\"name\":\"O-02 Steckeradapter | AUTO (\u00d822) \/ DIN (\u00d812) > SAE | 7A max - OptiMate\",\"isPartOf\":{\"@id\":\"https:\/\/optimate1.com\/#website\"},\"primaryImageOfPage\":{\"@id\":\"https:\/\/optimate1.com\/product\/cbleo-02\/#primaryimage\"},\"image\":{\"@id\":\"https:\/\/optimate1.com\/product\/cbleo-02\/#primaryimage\"},\"thumbnailUrl\":\"https:\/\/optimate1.com\/wp-content\/uploads\/2019\/06\/O02-0.png\",\"datePublished\":\"2019-06-17T14:46:00+00:00\",\"dateModified\":\"2026-02-25T10:22:57+00:00\",\"description\":\"Das OptiMate CABLE O-02 ist ein SAE-zu-Stecker-Adapter zum einfachen und schnellen Laden von Batterien \u00fcber DIN- oder Autosteckdosen. Weiterlesen!\",\"breadcrumb\":{\"@id\":\"https:\/\/optimate1.com\/product\/cbleo-02\/#breadcrumb\"},\"inLanguage\":\"de\",\"potentialAction\":[{\"@type\":\"ReadAction\",\"target\":[\"https:\/\/optimate1.com\/product\/cbleo-02\/\"]}]},{\"@type\":\"ImageObject\",\"inLanguage\":\"de\",\"@id\":\"https:\/\/optimate1.com\/product\/cbleo-02\/#primaryimage\",\"url\":\"https:\/\/optimate1.com\/wp-content\/uploads\/2019\/06\/O02-0.png\",\"contentUrl\":\"https:\/\/optimate1.com\/wp-content\/uploads\/2019\/06\/O02-0.png\",\"width\":900,\"height\":900,\"caption\":\"sae to plug product image\"},{\"@type\":\"BreadcrumbList\",\"@id\":\"https:\/\/optimate1.com\/product\/cbleo-02\/#breadcrumb\",\"itemListElement\":[{\"@type\":\"ListItem\",\"position\":1,\"name\":\"Home\",\"item\":\"https:\/\/optimate1.com\/\"},{\"@type\":\"ListItem\",\"position\":2,\"name\":\"Produkte\",\"item\":\"https:\/\/optimate1.com\/shop\/\"},{\"@type\":\"ListItem\",\"position\":3,\"name\":\"OptiMate CABLE O-02\"}]},{\"@type\":\"WebSite\",\"@id\":\"https:\/\/optimate1.com\/#website\",\"url\":\"https:\/\/optimate1.com\/\",\"name\":\"OptiMate\",\"description\":\"Battery Chargers &amp; Accessories\",\"publisher\":{\"@id\":\"https:\/\/optimate1.com\/#organization\"},\"potentialAction\":[{\"@type\":\"SearchAction\",\"target\":{\"@type\":\"EntryPoint\",\"urlTemplate\":\"https:\/\/optimate1.com\/?s={search_term_string}\"},\"query-input\":{\"@type\":\"PropertyValueSpecification\",\"valueRequired\":true,\"valueName\":\"search_term_string\"}}],\"inLanguage\":\"de\"},{\"@type\":\"Organization\",\"@id\":\"https:\/\/optimate1.com\/#organization\",\"name\":\"OptiMate\",\"url\":\"https:\/\/optimate1.com\/\",\"logo\":{\"@type\":\"ImageObject\",\"inLanguage\":\"de\",\"@id\":\"https:\/\/optimate1.com\/#\/schema\/logo\/image\/\",\"url\":\"https:\/\/optimate1.com\/wp-content\/uploads\/2021\/06\/optimate-hpbc-stacklogo.jpg\",\"contentUrl\":\"https:\/\/optimate1.com\/wp-content\/uploads\/2021\/06\/optimate-hpbc-stacklogo.jpg\",\"width\":1025,\"height\":529,\"caption\":\"OptiMate\"},\"image\":{\"@id\":\"https:\/\/optimate1.com\/#\/schema\/logo\/image\/\"},\"sameAs\":[\"https:\/\/www.facebook.com\/OptiMatebatterysavingcharger\/\"]}]}<\/script>\n<!-- \/ Yoast SEO plugin. -->","yoast_head_json":{"title":"O-02 Steckeradapter | AUTO (\u00d822) \/ DIN (\u00d812) > SAE | 7A max - OptiMate","description":"Das OptiMate CABLE O-02 ist ein SAE-zu-Stecker-Adapter zum einfachen und schnellen Laden von Batterien \u00fcber DIN- oder Autosteckdosen. Weiterlesen!","robots":{"index":"index","follow":"follow","max-snippet":"max-snippet:-1","max-image-preview":"max-image-preview:large","max-video-preview":"max-video-preview:-1","archive":"noarchive"},"canonical":"https:\/\/optimate1.com\/product\/cbleo-02\/","og_locale":"de_DE","og_type":"article","og_title":"O-02 Steckeradapter | AUTO (\u00d822) \/ DIN (\u00d812) > SAE | 7A max - OptiMate","og_description":"Das OptiMate CABLE O-02 ist ein SAE-zu-Stecker-Adapter zum einfachen und schnellen Laden von Batterien \u00fcber DIN- oder Autosteckdosen. Weiterlesen!","og_url":"https:\/\/optimate1.com\/product\/cbleo-02\/","og_site_name":"OptiMate","article_publisher":"https:\/\/www.facebook.com\/OptiMatebatterysavingcharger\/","article_modified_time":"2026-02-25T10:22:57+00:00","og_image":[{"width":900,"height":900,"url":"https:\/\/optimate1.com\/wp-content\/uploads\/2019\/06\/O02-0.png","type":"image\/png"}],"twitter_card":"summary_large_image","twitter_misc":{"Gesch\u00e4tzte Lesezeit":"2\u00a0Minuten"},"schema":{"@context":"https:\/\/schema.org","@graph":[{"@type":"WebPage","@id":"https:\/\/optimate1.com\/product\/cbleo-02\/","url":"https:\/\/optimate1.com\/product\/cbleo-02\/","name":"O-02 Steckeradapter | AUTO (\u00d822) \/ DIN (\u00d812) > SAE | 7A max - OptiMate","isPartOf":{"@id":"https:\/\/optimate1.com\/#website"},"primaryImageOfPage":{"@id":"https:\/\/optimate1.com\/product\/cbleo-02\/#primaryimage"},"image":{"@id":"https:\/\/optimate1.com\/product\/cbleo-02\/#primaryimage"},"thumbnailUrl":"https:\/\/optimate1.com\/wp-content\/uploads\/2019\/06\/O02-0.png","datePublished":"2019-06-17T14:46:00+00:00","dateModified":"2026-02-25T10:22:57+00:00","description":"Das OptiMate CABLE O-02 ist ein SAE-zu-Stecker-Adapter zum einfachen und schnellen Laden von Batterien \u00fcber DIN- oder Autosteckdosen. Weiterlesen!","breadcrumb":{"@id":"https:\/\/optimate1.com\/product\/cbleo-02\/#breadcrumb"},"inLanguage":"de","potentialAction":[{"@type":"ReadAction","target":["https:\/\/optimate1.com\/product\/cbleo-02\/"]}]},{"@type":"ImageObject","inLanguage":"de","@id":"https:\/\/optimate1.com\/product\/cbleo-02\/#primaryimage","url":"https:\/\/optimate1.com\/wp-content\/uploads\/2019\/06\/O02-0.png","contentUrl":"https:\/\/optimate1.com\/wp-content\/uploads\/2019\/06\/O02-0.png","width":900,"height":900,"caption":"sae to plug product image"},{"@type":"BreadcrumbList","@id":"https:\/\/optimate1.com\/product\/cbleo-02\/#breadcrumb","itemListElement":[{"@type":"ListItem","position":1,"name":"Home","item":"https:\/\/optimate1.com\/"},{"@type":"ListItem","position":2,"name":"Produkte","item":"https:\/\/optimate1.com\/shop\/"},{"@type":"ListItem","position":3,"name":"OptiMate CABLE O-02"}]},{"@type":"WebSite","@id":"https:\/\/optimate1.com\/#website","url":"https:\/\/optimate1.com\/","name":"OptiMate","description":"Battery Chargers &amp; Accessories","publisher":{"@id":"https:\/\/optimate1.com\/#organization"},"potentialAction":[{"@type":"SearchAction","target":{"@type":"EntryPoint","urlTemplate":"https:\/\/optimate1.com\/?s={search_term_string}"},"query-input":{"@type":"PropertyValueSpecification","valueRequired":true,"valueName":"search_term_string"}}],"inLanguage":"de"},{"@type":"Organization","@id":"https:\/\/optimate1.com\/#organization","name":"OptiMate","url":"https:\/\/optimate1.com\/","logo":{"@type":"ImageObject","inLanguage":"de","@id":"https:\/\/optimate1.com\/#\/schema\/logo\/image\/","url":"https:\/\/optimate1.com\/wp-content\/uploads\/2021\/06\/optimate-hpbc-stacklogo.jpg","contentUrl":"https:\/\/optimate1.com\/wp-content\/uploads\/2021\/06\/optimate-hpbc-stacklogo.jpg","width":1025,"height":529,"caption":"OptiMate"},"image":{"@id":"https:\/\/optimate1.com\/#\/schema\/logo\/image\/"},"sameAs":["https:\/\/www.facebook.com\/OptiMatebatterysavingcharger\/"]}]}},"_links":{"self":[{"href":"https:\/\/optimate1.com\/de\/wp-json\/wp\/v2\/product\/9510","targetHints":{"allow":["GET"]}}],"collection":[{"href":"https:\/\/optimate1.com\/de\/wp-json\/wp\/v2\/product"}],"about":[{"href":"https:\/\/optimate1.com\/de\/wp-json\/wp\/v2\/types\/product"}],"wp:featuredmedia":[{"embeddable":true,"href":"https:\/\/optimate1.com\/de\/wp-json\/wp\/v2\/media\/5245"}],"wp:attachment":[{"href":"https:\/\/optimate1.com\/de\/wp-json\/wp\/v2\/media?parent=9510"}],"wp:term":[{"taxonomy":"product_brand","embeddable":true,"href":"https:\/\/optimate1.com\/de\/wp-json\/wp\/v2\/product_brand?post=9510"},{"taxonomy":"product_cat","embeddable":true,"href":"https:\/\/optimate1.com\/de\/wp-json\/wp\/v2\/product_cat?post=9510"},{"taxonomy":"product_tag","embeddable":true,"href":"https:\/\/optimate1.com\/de\/wp-json\/wp\/v2\/product_tag?post=9510"}],"curies":[{"name":"wp","href":"https:\/\/api.w.org\/{rel}","templated":true}]}}