{"id":9520,"date":"2019-06-09T15:10:53","date_gmt":"2019-06-09T19:10:53","guid":{"rendered":"https:\/\/optimate1.com\/product\/optimate-dc-to-dc\/"},"modified":"2026-04-17T07:09:39","modified_gmt":"2026-04-17T11:09:39","slug":"optimate-dc-duo-dc-dc-ladegerat","status":"publish","type":"product","link":"https:\/\/optimate1.com\/de\/product\/optimate-dc-duo-dc-dc-ladegerat\/","title":{"rendered":"OptiMate DC-DUO"},"content":{"rendered":"<h6 style=\"text-align: center;\"><strong><span style=\"color: #10069f;\">OptiMate DC-DUO bezieht Strom von einer 12V-Batterie, um eine andere zu laden\u00a0<\/span><\/strong><strong><span style=\"color: #10069f;\">&#8211;\u00a0<\/span><\/strong><i><span style=\"color: #10069f;\">Keine AC-Stromversorgung erforderlich!<\/span><\/i><\/h6>\n<h6 style=\"text-align: center;\"><a href=\"https:\/\/optimate1.com\/wp-content\/uploads\/2021\/02\/DUO-concept.png\"><img loading=\"lazy\" decoding=\"async\" class=\"aligncenter wp-image-23033 size-full\" src=\"https:\/\/optimate1.com\/wp-content\/uploads\/2022\/11\/DC_DUO_connection-from-battery-to-battery-copy.png\" alt=\"The optimate 1 duo adapts automatically to the connected battery type: Lithium or standard.\" width=\"228\" height=\"98\" \/><\/a><\/h6>\n<p>&nbsp;<\/p>\n<h6 style=\"text-align: center;\"><strong><span style=\"color: #10069f;\">OptiMate DC-DUO passt sich automatisch <span style=\"caret-color: #10069f;\">an den angeschlossenen<\/span>\u00a0Batterietyp an\u00a0<\/span><\/strong><strong><span style=\"color: #10069f;\">&#8211;\u00a0<\/span><\/strong><i><span style=\"color: #10069f;\">Garantiert gesunde Lithium- oder Blei-S\u00e4ure-Batterien!<\/span><\/i><\/h6>\n<h6 style=\"text-align: center;\"><a href=\"https:\/\/optimate1.com\/wp-content\/uploads\/2021\/02\/DUO-concept.png\"><img loading=\"lazy\" decoding=\"async\" class=\"aligncenter wp-image-23033 size-full\" src=\"https:\/\/optimate1.com\/wp-content\/uploads\/2021\/02\/DUO-concept.png\" alt=\"The optimate 1 duo adapts automatically to the connected battery type: Lithium or standard.\" width=\"428\" height=\"98\" srcset=\"https:\/\/optimate1.com\/wp-content\/uploads\/2021\/02\/DUO-concept.png 428w, https:\/\/optimate1.com\/wp-content\/uploads\/2021\/02\/DUO-concept-64x15.png 64w, https:\/\/optimate1.com\/wp-content\/uploads\/2021\/02\/DUO-concept-300x69.png 300w\" sizes=\"auto, (max-width: 428px) 100vw, 428px\" \/><\/a><\/h6>\n<p>&nbsp;<\/p>\n<h6 style=\"text-align: center;\"><strong><span style=\"color: #10069f;\">Ideal f\u00fcr Batterien, die in diesen Fahrzeugen verwendet werden.<\/span><\/strong><\/h6>\n<h6 style=\"text-align: center;\"><img loading=\"lazy\" decoding=\"async\" class=\"aligncenter wp-image-20668\" src=\"https:\/\/optimate1.com\/wp-content\/uploads\/2022\/03\/Vehicle-range-OM-dc-dc-01.png\" alt=\"The DC to DC battery charger is recommended for scooters, motorcycles, maritime, cars and lawn mowers\" width=\"428\" height=\"66\" \/><\/h6>\n<p>&nbsp;<\/p>\n<h6 style=\"text-align: center;\"><strong><span style=\"color: #10069f;\">BMS reaktiviert die Batterie aus dem Schlaf- oder Tiefentladeschutzmodus.<\/span><\/strong><\/h6>\n<h6 style=\"text-align: center;\"><img loading=\"lazy\" decoding=\"async\" class=\"aligncenter wp-image-20910\" src=\"https:\/\/optimate1.com\/wp-content\/uploads\/2021\/12\/BMS-reset-copy-01.png\" alt=\"BMS (Battery management system) \" width=\"428\" height=\"70\" \/><\/h6>\n<p>&nbsp;<\/p>\n<h6 style=\"text-align: center;\"><strong><span style=\"color: #10069f;\">L\u00e4dt automatisch und liefert Langzeitwartung &#8211; <\/span><\/strong><span style=\"color: #10069f;\"><i style=\"caret-color: #10069f;\">Schlie\u00dfen Sie die Batterie an, und OptiMate DC-DUO erledigt den Rest, keine \u00dcberwachung erforderlich!<\/i><\/span><\/h6>\n<h6 style=\"text-align: center;\"><img loading=\"lazy\" decoding=\"async\" class=\"aligncenter wp-image-20876\" src=\"https:\/\/optimate1.com\/wp-content\/uploads\/2020\/12\/connect_save_charge-maintain-01.png\" alt=\"The fully automatic multi-step program to full charge the battery safely. \" width=\"428\" height=\"70\" \/><\/h6>\n<p>&nbsp;<\/p>\n<p>&nbsp;<\/p>\n<h4 style=\"text-align: center;\"><strong><span style=\"text-decoration: underline;\">MEHR FEATURES:<\/span><\/strong><\/h4>\n<p style=\"text-align: center;\">\n<table id=\"tablepress-574\" class=\"tablepress tablepress-id-574\">\n<tbody class=\"row-hover\">\n<tr class=\"row-1\">\n\t<td class=\"column-1\"><a href=\"\"><img loading=\"lazy\" decoding=\"async\" src=\"https:\/\/optimate1.com\/wp-content\/uploads\/2023\/09\/1DUO-batteries-copy-2.png\" alt=\"\" width=\"300\" height=\"50\" class=\"aligncenter size-medium wp-image-20927\" \/><\/a><body><h6><center>F\u00fcr alle 12V-Starterbatterietypen, einschlie\u00dflich Blei-S\u00e4ure (Pb) > STD (mit Einf\u00fcllkappen), AGM &amp; GEL (versiegelte VRLA) und Li-Ion mit LiFePO4 \/ LFP-Technologie.<\/body><\/h6><\/center><br \/>\n<\/td>\n<\/tr>\n<tr class=\"row-2\">\n\t<td class=\"column-1\"><a href=\"\"><img loading=\"lazy\" decoding=\"async\" src=\"https:\/\/optimate1.com\/wp-content\/uploads\/2022\/03\/SAFE-DC-DC-charge-01.png\" alt=\"\" width=\"300\" height=\"50\" class=\"aligncenter size-medium wp-image-20928\" \/><\/a><body><h6><center>Kann sicher angeschlossen bleiben. Vollst\u00e4ndiger elektronischer Schutz.<\/body><\/h6><\/center><\/td>\n<\/tr>\n<tr class=\"row-3\">\n\t<td class=\"column-1\"><a href=\"\"><img loading=\"lazy\" decoding=\"async\" src=\"https:\/\/optimate1.com\/wp-content\/uploads\/2020\/12\/24-7-x2-300x49.png\" alt=\"\" width=\"300\" height=\"50\" class=\"aligncenter size-medium wp-image-20995\" \/><\/a><body><h6><center>H\u00e4lt die Batterie voll geladen und in gutem Zustand.<\/body><\/h6><\/center><\/td>\n<\/tr>\n<tr class=\"row-4\">\n\t<td class=\"column-1\"><a href=\"\"><img loading=\"lazy\" decoding=\"async\" src=\"https:\/\/optimate1.com\/wp-content\/uploads\/2021\/11\/SAVE-dead-battery-x2x.png\" alt=\"\" width=\"300\" height=\"50\" class=\"aligncenter size-medium wp-image-20982\" \/><\/a><body><h6><center>Rettet Ihre \"tote\" Batterie von nur 2V.<\/center><\/h6><\/body><\/td>\n<\/tr>\n<tr class=\"row-5\">\n\t<td class=\"column-1\"><a href=\"\"><img loading=\"lazy\" decoding=\"async\" src=\"https:\/\/optimate1.com\/wp-content\/uploads\/2020\/12\/state-of-health-test-2-LED-200.png\" alt=\"\" width=\"300\" height=\"50\" class=\"aligncenter size-medium wp-image-20993\" \/><\/a><body><h6><center>Testet den Gesundheitszustand der Batterie.<\/body><\/h6><\/center><\/td>\n<\/tr>\n<tr class=\"row-6\">\n\t<td class=\"column-1\"><a href=\"\"><img loading=\"lazy\" decoding=\"async\" src=\"https:\/\/optimate1.com\/wp-content\/uploads\/2023\/11\/LED-DC-IN_xx-01.png\" alt=\"\" width=\"300\" height=\"50\" class=\"aligncenter size-medium wp-image-20985\" \/><\/a><body><h6><center>Sch\u00fctzt die Quellbatterie vor Tiefentladung.<\/body><\/h6><\/center><\/td>\n<\/tr>\n<tr class=\"row-7\">\n\t<td class=\"column-1\"><a href=\"\"><img loading=\"lazy\" decoding=\"async\" src=\"https:\/\/optimate1.com\/wp-content\/uploads\/2020\/12\/green-technology-hx2-1-300x49.png\" alt=\"\" width=\"300\" height=\"50\" class=\"aligncenter size-medium wp-image-20983\" \/><\/a><body><h6><center>Energiesparende Technologie.<br \/>\n<strong>\u221a<\/strong> Stand-by-Leistung weniger als 0.5W.<br \/>\n<strong>\u221a<\/strong> Effiziente 24\/7-Batteriewartung.<\/body><\/h6><\/center><\/td>\n<\/tr>\n<tr class=\"row-8\">\n\t<td class=\"column-1\"><a href=\"\"><img loading=\"lazy\" decoding=\"async\" src=\"https:\/\/optimate1.com\/wp-content\/uploads\/2020\/12\/weatherproof-x2-300x49.png\" alt=\"\" width=\"300\" height=\"50\" class=\"aligncenter size-medium wp-image-21012\" srcset=\"https:\/\/optimate1.com\/wp-content\/uploads\/2020\/12\/weatherproof-x2-300x49.png 300w, https:\/\/optimate1.com\/wp-content\/uploads\/2020\/12\/weatherproof-x2-600x98.png 600w, https:\/\/optimate1.com\/wp-content\/uploads\/2020\/12\/weatherproof-x2-64x10.png 64w, https:\/\/optimate1.com\/wp-content\/uploads\/2020\/12\/weatherproof-x2-768x126.png 768w, https:\/\/optimate1.com\/wp-content\/uploads\/2020\/12\/weatherproof-x2.png 856w\" sizes=\"auto, (max-width: 300px) 100vw, 300px\" \/><\/a><body><h6><center>Wetterfest. Geeignet f\u00fcr den Einsatz bis zu -40\u00b0C \/ -40\u00b0F.<br \/>\n<\/body><\/h6><\/center><\/td>\n<\/tr>\n<\/tbody>\n<\/table>\n<!-- #tablepress-574 from cache --><\/p>\n","protected":false},"excerpt":{"rendered":"<h3><span style=\"color: #eb5d23;\">OFF-GRID-Serie: 6-stufiges gekapseltes batterieschonendes 12V\/12.8V 2A DC-DUO-Lade- und -Wartungsger\u00e4t <\/span><\/h3>\n","protected":false},"featured_media":41956,"template":"","meta":[],"product_brand":[],"product_cat":[419],"product_tag":[],"class_list":{"0":"post-9520","1":"product","2":"type-product","3":"status-publish","4":"has-post-thumbnail","6":"product_cat-battery-chargers-de","7":"pa_charge-battery-chemistry-li-lifepo4-lfp-lithium-de","8":"pa_charge-battery-chemistry-pb-agm-gel-std-lead-acid-de","9":"pa_charge-battery-chemistry-pb-li-both-above-de","10":"pa_charge-battery-more-4x4-abenteuer","11":"pa_power-dc-12vdc-de-2","12":"pa_product-group-optimate-dc-dc-de","13":"pa_region-ca-de-2","14":"pa_region-eu-de-2","15":"pa_region-uk-de-2","16":"pa_region-us-de-2","17":"iside_voltage-12-de","18":"iside_voltage-12-8-de","19":"iside_ampere-2-de","20":"iside_vehicle-motorrad-powersport-de","21":"iside_vehicle-rv-caravan-de","22":"iside_charger_series-off-grid-eco-de","23":"iside_charger_features-bms-reset-fur-lfp-batterie","24":"iside_charger_features-duo-24-7-wartung-fur-pb-lfp","25":"iside_charger_features-save-low-volt-reset-bms-lithium-lfp-de","26":"iside_charger_features-save-sulphated-pb-lead-acid-de","27":"iside_charger_features-sichere-batteriewartung-rund-um-die-uhr","28":"iside_charger_type-dc-dc-de","29":"iside_battery_voltage-12-8v-13-2v","30":"iside_battery_voltage-12v-de","31":"iside_battery_chemistry-lfp-lifepo4-lithium-ion-de","32":"iside_battery_chemistry-pb-lead-acid-de","33":"battery_charger_current-2a-4a-de","34":"thunk-woo-product-list","35":"opn-qv-enable","36":"big-store-woo-hover-","37":"open-single-product-tab-horizontal","38":"open-shadow-","39":"open-shadow-hover-","41":"first","42":"instock","43":"featured","44":"shipping-taxable","45":"purchasable","46":"product-type-simple"},"yoast_head":"<!-- This site is optimized with the Yoast SEO plugin v27.4 - https:\/\/yoast.com\/product\/yoast-seo-wordpress\/ -->\n<title>OptiMate DC-DUO - OptiMate<\/title>\n<meta name=\"description\" content=\"Das OptiMate DC-DUO ist das schnellste professionelle DC-DC Ladeger\u00e4t f\u00fcr 12.8V\/16V LiFeP04 \/ LFP. Klicken Sie hier f\u00fcr mehr!\" \/>\n<meta name=\"robots\" content=\"index, follow, max-snippet:-1, max-image-preview:large, max-video-preview:-1, noarchive\" \/>\n<link rel=\"canonical\" href=\"https:\/\/optimate1.com\/de\/product\/optimate-dc-duo-dc-dc-ladegerat\/\" \/>\n<meta property=\"og:locale\" content=\"de_DE\" \/>\n<meta property=\"og:type\" content=\"article\" \/>\n<meta property=\"og:title\" content=\"OptiMate DC-DUO - OptiMate\" \/>\n<meta property=\"og:description\" content=\"Das OptiMate DC-DUO ist das schnellste professionelle DC-DC Ladeger\u00e4t f\u00fcr 12.8V\/16V LiFeP04 \/ LFP. Klicken Sie hier f\u00fcr mehr!\" \/>\n<meta property=\"og:url\" content=\"https:\/\/optimate1.com\/de\/product\/optimate-dc-duo-dc-dc-ladegerat\/\" \/>\n<meta property=\"og:site_name\" content=\"OptiMate\" \/>\n<meta property=\"article:publisher\" content=\"https:\/\/www.facebook.com\/OptiMatebatterysavingcharger\/\" \/>\n<meta property=\"article:modified_time\" content=\"2026-04-17T11:09:39+00:00\" \/>\n<meta property=\"og:image\" content=\"https:\/\/optimate1.com\/wp-content\/uploads\/2026\/03\/OptiMate-DC-to-DC-TM500v3-11-copy-de.png\" \/>\n\t<meta property=\"og:image:width\" content=\"1500\" \/>\n\t<meta property=\"og:image:height\" content=\"1500\" \/>\n\t<meta property=\"og:image:type\" content=\"image\/png\" \/>\n<meta name=\"twitter:card\" content=\"summary_large_image\" \/>\n<meta name=\"twitter:label1\" content=\"Gesch\u00e4tzte Lesezeit\" \/>\n\t<meta name=\"twitter:data1\" content=\"2\u00a0Minuten\" \/>\n<script type=\"application\/ld+json\" class=\"yoast-schema-graph\">{\"@context\":\"https:\\\/\\\/schema.org\",\"@graph\":[{\"@type\":\"WebPage\",\"@id\":\"https:\\\/\\\/optimate1.com\\\/de\\\/product\\\/optimate-dc-duo-dc-dc-ladegerat\\\/\",\"url\":\"https:\\\/\\\/optimate1.com\\\/de\\\/product\\\/optimate-dc-duo-dc-dc-ladegerat\\\/\",\"name\":\"OptiMate DC-DUO - OptiMate\",\"isPartOf\":{\"@id\":\"https:\\\/\\\/optimate1.com\\\/#website\"},\"primaryImageOfPage\":{\"@id\":\"https:\\\/\\\/optimate1.com\\\/de\\\/product\\\/optimate-dc-duo-dc-dc-ladegerat\\\/#primaryimage\"},\"image\":{\"@id\":\"https:\\\/\\\/optimate1.com\\\/de\\\/product\\\/optimate-dc-duo-dc-dc-ladegerat\\\/#primaryimage\"},\"thumbnailUrl\":\"https:\\\/\\\/optimate1.com\\\/wp-content\\\/uploads\\\/2026\\\/03\\\/OptiMate-DC-to-DC-TM500v3-11-copy-de.png\",\"datePublished\":\"2019-06-09T19:10:53+00:00\",\"dateModified\":\"2026-04-17T11:09:39+00:00\",\"description\":\"Das OptiMate DC-DUO ist das schnellste professionelle DC-DC Ladeger\u00e4t f\u00fcr 12.8V\\\/16V LiFeP04 \\\/ LFP. Klicken Sie hier f\u00fcr mehr!\",\"breadcrumb\":{\"@id\":\"https:\\\/\\\/optimate1.com\\\/de\\\/product\\\/optimate-dc-duo-dc-dc-ladegerat\\\/#breadcrumb\"},\"inLanguage\":\"de\",\"potentialAction\":[{\"@type\":\"ReadAction\",\"target\":[\"https:\\\/\\\/optimate1.com\\\/de\\\/product\\\/optimate-dc-duo-dc-dc-ladegerat\\\/\"]}]},{\"@type\":\"ImageObject\",\"inLanguage\":\"de\",\"@id\":\"https:\\\/\\\/optimate1.com\\\/de\\\/product\\\/optimate-dc-duo-dc-dc-ladegerat\\\/#primaryimage\",\"url\":\"https:\\\/\\\/optimate1.com\\\/wp-content\\\/uploads\\\/2026\\\/03\\\/OptiMate-DC-to-DC-TM500v3-11-copy-de.png\",\"contentUrl\":\"https:\\\/\\\/optimate1.com\\\/wp-content\\\/uploads\\\/2026\\\/03\\\/OptiMate-DC-to-DC-TM500v3-11-copy-de.png\",\"width\":1500,\"height\":1500},{\"@type\":\"BreadcrumbList\",\"@id\":\"https:\\\/\\\/optimate1.com\\\/de\\\/product\\\/optimate-dc-duo-dc-dc-ladegerat\\\/#breadcrumb\",\"itemListElement\":[{\"@type\":\"ListItem\",\"position\":1,\"name\":\"Home\",\"item\":\"https:\\\/\\\/optimate1.com\\\/\"},{\"@type\":\"ListItem\",\"position\":2,\"name\":\"Produkte\",\"item\":\"https:\\\/\\\/optimate1.com\\\/shop\\\/\"},{\"@type\":\"ListItem\",\"position\":3,\"name\":\"OptiMATE Lithium LFP Select\"}]},{\"@type\":\"WebSite\",\"@id\":\"https:\\\/\\\/optimate1.com\\\/#website\",\"url\":\"https:\\\/\\\/optimate1.com\\\/\",\"name\":\"OptiMate\",\"description\":\"Battery Chargers &amp; Accessories\",\"publisher\":{\"@id\":\"https:\\\/\\\/optimate1.com\\\/#organization\"},\"potentialAction\":[{\"@type\":\"SearchAction\",\"target\":{\"@type\":\"EntryPoint\",\"urlTemplate\":\"https:\\\/\\\/optimate1.com\\\/?s={search_term_string}\"},\"query-input\":{\"@type\":\"PropertyValueSpecification\",\"valueRequired\":true,\"valueName\":\"search_term_string\"}}],\"inLanguage\":\"de\"},{\"@type\":\"Organization\",\"@id\":\"https:\\\/\\\/optimate1.com\\\/#organization\",\"name\":\"OptiMate\",\"url\":\"https:\\\/\\\/optimate1.com\\\/\",\"logo\":{\"@type\":\"ImageObject\",\"inLanguage\":\"de\",\"@id\":\"https:\\\/\\\/optimate1.com\\\/#\\\/schema\\\/logo\\\/image\\\/\",\"url\":\"https:\\\/\\\/optimate1.com\\\/wp-content\\\/uploads\\\/2021\\\/06\\\/optimate-hpbc-stacklogo.jpg\",\"contentUrl\":\"https:\\\/\\\/optimate1.com\\\/wp-content\\\/uploads\\\/2021\\\/06\\\/optimate-hpbc-stacklogo.jpg\",\"width\":1025,\"height\":529,\"caption\":\"OptiMate\"},\"image\":{\"@id\":\"https:\\\/\\\/optimate1.com\\\/#\\\/schema\\\/logo\\\/image\\\/\"},\"sameAs\":[\"https:\\\/\\\/www.facebook.com\\\/OptiMatebatterysavingcharger\\\/\"]}]}<\/script>\n<!-- \/ Yoast SEO plugin. -->","yoast_head_json":{"title":"OptiMate DC-DUO - OptiMate","description":"Das OptiMate DC-DUO ist das schnellste professionelle DC-DC Ladeger\u00e4t f\u00fcr 12.8V\/16V LiFeP04 \/ LFP. Klicken Sie hier f\u00fcr mehr!","robots":{"index":"index","follow":"follow","max-snippet":"max-snippet:-1","max-image-preview":"max-image-preview:large","max-video-preview":"max-video-preview:-1","archive":"noarchive"},"canonical":"https:\/\/optimate1.com\/de\/product\/optimate-dc-duo-dc-dc-ladegerat\/","og_locale":"de_DE","og_type":"article","og_title":"OptiMate DC-DUO - OptiMate","og_description":"Das OptiMate DC-DUO ist das schnellste professionelle DC-DC Ladeger\u00e4t f\u00fcr 12.8V\/16V LiFeP04 \/ LFP. Klicken Sie hier f\u00fcr mehr!","og_url":"https:\/\/optimate1.com\/de\/product\/optimate-dc-duo-dc-dc-ladegerat\/","og_site_name":"OptiMate","article_publisher":"https:\/\/www.facebook.com\/OptiMatebatterysavingcharger\/","article_modified_time":"2026-04-17T11:09:39+00:00","og_image":[{"width":1500,"height":1500,"url":"https:\/\/optimate1.com\/wp-content\/uploads\/2026\/03\/OptiMate-DC-to-DC-TM500v3-11-copy-de.png","type":"image\/png"}],"twitter_card":"summary_large_image","twitter_misc":{"Gesch\u00e4tzte Lesezeit":"2\u00a0Minuten"},"schema":{"@context":"https:\/\/schema.org","@graph":[{"@type":"WebPage","@id":"https:\/\/optimate1.com\/de\/product\/optimate-dc-duo-dc-dc-ladegerat\/","url":"https:\/\/optimate1.com\/de\/product\/optimate-dc-duo-dc-dc-ladegerat\/","name":"OptiMate DC-DUO - OptiMate","isPartOf":{"@id":"https:\/\/optimate1.com\/#website"},"primaryImageOfPage":{"@id":"https:\/\/optimate1.com\/de\/product\/optimate-dc-duo-dc-dc-ladegerat\/#primaryimage"},"image":{"@id":"https:\/\/optimate1.com\/de\/product\/optimate-dc-duo-dc-dc-ladegerat\/#primaryimage"},"thumbnailUrl":"https:\/\/optimate1.com\/wp-content\/uploads\/2026\/03\/OptiMate-DC-to-DC-TM500v3-11-copy-de.png","datePublished":"2019-06-09T19:10:53+00:00","dateModified":"2026-04-17T11:09:39+00:00","description":"Das OptiMate DC-DUO ist das schnellste professionelle DC-DC Ladeger\u00e4t f\u00fcr 12.8V\/16V LiFeP04 \/ LFP. Klicken Sie hier f\u00fcr mehr!","breadcrumb":{"@id":"https:\/\/optimate1.com\/de\/product\/optimate-dc-duo-dc-dc-ladegerat\/#breadcrumb"},"inLanguage":"de","potentialAction":[{"@type":"ReadAction","target":["https:\/\/optimate1.com\/de\/product\/optimate-dc-duo-dc-dc-ladegerat\/"]}]},{"@type":"ImageObject","inLanguage":"de","@id":"https:\/\/optimate1.com\/de\/product\/optimate-dc-duo-dc-dc-ladegerat\/#primaryimage","url":"https:\/\/optimate1.com\/wp-content\/uploads\/2026\/03\/OptiMate-DC-to-DC-TM500v3-11-copy-de.png","contentUrl":"https:\/\/optimate1.com\/wp-content\/uploads\/2026\/03\/OptiMate-DC-to-DC-TM500v3-11-copy-de.png","width":1500,"height":1500},{"@type":"BreadcrumbList","@id":"https:\/\/optimate1.com\/de\/product\/optimate-dc-duo-dc-dc-ladegerat\/#breadcrumb","itemListElement":[{"@type":"ListItem","position":1,"name":"Home","item":"https:\/\/optimate1.com\/"},{"@type":"ListItem","position":2,"name":"Produkte","item":"https:\/\/optimate1.com\/shop\/"},{"@type":"ListItem","position":3,"name":"OptiMATE Lithium LFP Select"}]},{"@type":"WebSite","@id":"https:\/\/optimate1.com\/#website","url":"https:\/\/optimate1.com\/","name":"OptiMate","description":"Battery Chargers &amp; Accessories","publisher":{"@id":"https:\/\/optimate1.com\/#organization"},"potentialAction":[{"@type":"SearchAction","target":{"@type":"EntryPoint","urlTemplate":"https:\/\/optimate1.com\/?s={search_term_string}"},"query-input":{"@type":"PropertyValueSpecification","valueRequired":true,"valueName":"search_term_string"}}],"inLanguage":"de"},{"@type":"Organization","@id":"https:\/\/optimate1.com\/#organization","name":"OptiMate","url":"https:\/\/optimate1.com\/","logo":{"@type":"ImageObject","inLanguage":"de","@id":"https:\/\/optimate1.com\/#\/schema\/logo\/image\/","url":"https:\/\/optimate1.com\/wp-content\/uploads\/2021\/06\/optimate-hpbc-stacklogo.jpg","contentUrl":"https:\/\/optimate1.com\/wp-content\/uploads\/2021\/06\/optimate-hpbc-stacklogo.jpg","width":1025,"height":529,"caption":"OptiMate"},"image":{"@id":"https:\/\/optimate1.com\/#\/schema\/logo\/image\/"},"sameAs":["https:\/\/www.facebook.com\/OptiMatebatterysavingcharger\/"]}]}},"_links":{"self":[{"href":"https:\/\/optimate1.com\/de\/wp-json\/wp\/v2\/product\/9520","targetHints":{"allow":["GET"]}}],"collection":[{"href":"https:\/\/optimate1.com\/de\/wp-json\/wp\/v2\/product"}],"about":[{"href":"https:\/\/optimate1.com\/de\/wp-json\/wp\/v2\/types\/product"}],"wp:featuredmedia":[{"embeddable":true,"href":"https:\/\/optimate1.com\/de\/wp-json\/wp\/v2\/media\/41956"}],"wp:attachment":[{"href":"https:\/\/optimate1.com\/de\/wp-json\/wp\/v2\/media?parent=9520"}],"wp:term":[{"taxonomy":"product_brand","embeddable":true,"href":"https:\/\/optimate1.com\/de\/wp-json\/wp\/v2\/product_brand?post=9520"},{"taxonomy":"product_cat","embeddable":true,"href":"https:\/\/optimate1.com\/de\/wp-json\/wp\/v2\/product_cat?post=9520"},{"taxonomy":"product_tag","embeddable":true,"href":"https:\/\/optimate1.com\/de\/wp-json\/wp\/v2\/product_tag?post=9520"}],"curies":[{"name":"wp","href":"https:\/\/api.w.org\/{rel}","templated":true}]}}