{"id":9588,"date":"2019-06-17T06:17:28","date_gmt":"2019-06-17T10:17:28","guid":{"rendered":"https:\/\/optimate1.com\/product\/optimate-test-state-of-charge\/"},"modified":"2022-07-11T07:40:51","modified_gmt":"2022-07-11T11:40:51","slug":"optimate-test-state-of-charge","status":"publish","type":"product","link":"https:\/\/optimate1.com\/de\/product\/optimate-test-state-of-charge\/","title":{"rendered":"OptiMate TEST \u2013 State of Charge"},"content":{"rendered":"<h3 class=\"entry-summary hidden-phone\">Der ideale Batteriespannungstester f\u00fcr die Ersatzteilausgabe f\u00fcr alle 12V-Blei-S\u00e4ure- und 12.8V-\/13.2V- Lithium-Starterbatterien<em> &#8211; \u00dcberpr\u00fcfen Sie einfach jede Batteriespannung sofort!\u00a0<\/em><\/h3>\n<ul>\n<li><span style=\"color: #10069f;\"><b>Zeigt die statische Spannung und den prozentualen Ladezustand von 12V AGM-, GEL- und STD-Bleis\u00e4ure- und 12.8V-\/13.2V-Lithium-LFP\/LiFePO4-Batterien an.\u00a0<\/b><\/span><\/li>\n<li><span style=\"color: #10069f;\"><b>Leicht verst\u00e4ndliche Vergleichsanzeige zum Vergleich von Spannung und Ladezustand f\u00fcr alle Starterbatterietechnologien<em> &#8211; F\u00f6rdert die Aufkl\u00e4rung des Kunden!\u00a0<\/em><\/b><\/span><\/li>\n<li><span style=\"color: #10069f;\"><b>Benutzerfreundlich!\u00a0Verbinden Sie das Ger\u00e4t mit den mitgelieferten Klemmen mit der Batterie oder mit einem installierten SAE-Batteriekabel.<\/b><\/span><\/li>\n<li><span style=\"color: #10069f;\"><span style=\"color: #10069f;\"><b>Langlebigkeit nach Industriestandard &#8211; <em>H\u00e4lt ewig!<\/em><\/b><\/span><\/span><\/li>\n<\/ul>\n","protected":false},"excerpt":{"rendered":"<h3><span style=\"color: #cd202c;\">Ladezustandstester &#8211; alle 12V-Blei-S\u00e4ure- &amp; 12.8V-\/13.2V-Lithium-Batterien<\/span><\/h3>\n","protected":false},"featured_media":4927,"template":"","meta":[],"product_brand":[],"product_cat":[426],"product_tag":[],"class_list":{"0":"post-9588","1":"product","2":"type-product","3":"status-publish","4":"has-post-thumbnail","6":"product_cat-battery-testers-de","7":"pa_region-ca-de-2","8":"pa_region-eu-de-2","9":"pa_region-uk-de-2","10":"pa_region-us-de-2","11":"thunk-woo-product-list","12":"opn-qv-enable","13":"big-store-woo-hover-","14":"open-single-product-tab-horizontal","15":"open-shadow-","16":"open-shadow-hover-","18":"first","19":"instock","20":"featured","21":"shipping-taxable","22":"purchasable","23":"product-type-variable"},"yoast_head":"<!-- This site is optimized with the Yoast SEO plugin v27.2 - https:\/\/yoast.com\/product\/yoast-seo-wordpress\/ -->\n<title>OptiMate TEST \u2013 State of Charge - OptiMate<\/title>\n<meta name=\"robots\" content=\"index, follow, max-snippet:-1, max-image-preview:large, max-video-preview:-1, noarchive\" \/>\n<link rel=\"canonical\" href=\"https:\/\/optimate1.com\/product\/optimate-test-state-of-charge\/\" \/>\n<meta property=\"og:locale\" content=\"de_DE\" \/>\n<meta property=\"og:type\" content=\"article\" \/>\n<meta property=\"og:title\" content=\"OptiMate TEST \u2013 State of Charge - OptiMate\" \/>\n<meta property=\"og:description\" content=\"Ladezustandstester - alle 12V-Blei-S\u00e4ure- &amp; 12.8V-\/13.2V-Lithium-Batterien\" \/>\n<meta property=\"og:url\" content=\"https:\/\/optimate1.com\/product\/optimate-test-state-of-charge\/\" \/>\n<meta property=\"og:site_name\" content=\"OptiMate\" \/>\n<meta property=\"article:publisher\" content=\"https:\/\/www.facebook.com\/OptiMatebatterysavingcharger\/\" \/>\n<meta property=\"article:modified_time\" content=\"2022-07-11T11:40:51+00:00\" \/>\n<meta property=\"og:image\" content=\"https:\/\/optimate1.com\/wp-content\/uploads\/2019\/06\/TS127-State-of-Charge-Tester-2.png\" \/>\n\t<meta property=\"og:image:width\" content=\"900\" \/>\n\t<meta property=\"og:image:height\" content=\"900\" \/>\n\t<meta property=\"og:image:type\" content=\"image\/png\" \/>\n<meta name=\"twitter:card\" content=\"summary_large_image\" \/>\n<script type=\"application\/ld+json\" class=\"yoast-schema-graph\">{\"@context\":\"https:\/\/schema.org\",\"@graph\":[{\"@type\":\"WebPage\",\"@id\":\"https:\/\/optimate1.com\/product\/optimate-test-state-of-charge\/\",\"url\":\"https:\/\/optimate1.com\/product\/optimate-test-state-of-charge\/\",\"name\":\"OptiMate TEST \u2013 State of Charge - OptiMate\",\"isPartOf\":{\"@id\":\"https:\/\/optimate1.com\/#website\"},\"primaryImageOfPage\":{\"@id\":\"https:\/\/optimate1.com\/product\/optimate-test-state-of-charge\/#primaryimage\"},\"image\":{\"@id\":\"https:\/\/optimate1.com\/product\/optimate-test-state-of-charge\/#primaryimage\"},\"thumbnailUrl\":\"https:\/\/optimate1.com\/wp-content\/uploads\/2019\/06\/TS127-State-of-Charge-Tester-2.png\",\"datePublished\":\"2019-06-17T10:17:28+00:00\",\"dateModified\":\"2022-07-11T11:40:51+00:00\",\"breadcrumb\":{\"@id\":\"https:\/\/optimate1.com\/product\/optimate-test-state-of-charge\/#breadcrumb\"},\"inLanguage\":\"de\",\"potentialAction\":[{\"@type\":\"ReadAction\",\"target\":[\"https:\/\/optimate1.com\/product\/optimate-test-state-of-charge\/\"]}]},{\"@type\":\"ImageObject\",\"inLanguage\":\"de\",\"@id\":\"https:\/\/optimate1.com\/product\/optimate-test-state-of-charge\/#primaryimage\",\"url\":\"https:\/\/optimate1.com\/wp-content\/uploads\/2019\/06\/TS127-State-of-Charge-Tester-2.png\",\"contentUrl\":\"https:\/\/optimate1.com\/wp-content\/uploads\/2019\/06\/TS127-State-of-Charge-Tester-2.png\",\"width\":900,\"height\":900,\"caption\":\"12v battery tester product image\"},{\"@type\":\"BreadcrumbList\",\"@id\":\"https:\/\/optimate1.com\/product\/optimate-test-state-of-charge\/#breadcrumb\",\"itemListElement\":[{\"@type\":\"ListItem\",\"position\":1,\"name\":\"Home\",\"item\":\"https:\/\/optimate1.com\/\"},{\"@type\":\"ListItem\",\"position\":2,\"name\":\"Produkte\",\"item\":\"https:\/\/optimate1.com\/shop\/\"},{\"@type\":\"ListItem\",\"position\":3,\"name\":\"OptiMate TEST \u2013 State of Charge\"}]},{\"@type\":\"WebSite\",\"@id\":\"https:\/\/optimate1.com\/#website\",\"url\":\"https:\/\/optimate1.com\/\",\"name\":\"OptiMate\",\"description\":\"Battery Chargers &amp; Accessories\",\"publisher\":{\"@id\":\"https:\/\/optimate1.com\/#organization\"},\"potentialAction\":[{\"@type\":\"SearchAction\",\"target\":{\"@type\":\"EntryPoint\",\"urlTemplate\":\"https:\/\/optimate1.com\/?s={search_term_string}\"},\"query-input\":{\"@type\":\"PropertyValueSpecification\",\"valueRequired\":true,\"valueName\":\"search_term_string\"}}],\"inLanguage\":\"de\"},{\"@type\":\"Organization\",\"@id\":\"https:\/\/optimate1.com\/#organization\",\"name\":\"OptiMate\",\"url\":\"https:\/\/optimate1.com\/\",\"logo\":{\"@type\":\"ImageObject\",\"inLanguage\":\"de\",\"@id\":\"https:\/\/optimate1.com\/#\/schema\/logo\/image\/\",\"url\":\"https:\/\/optimate1.com\/wp-content\/uploads\/2021\/06\/optimate-hpbc-stacklogo.jpg\",\"contentUrl\":\"https:\/\/optimate1.com\/wp-content\/uploads\/2021\/06\/optimate-hpbc-stacklogo.jpg\",\"width\":1025,\"height\":529,\"caption\":\"OptiMate\"},\"image\":{\"@id\":\"https:\/\/optimate1.com\/#\/schema\/logo\/image\/\"},\"sameAs\":[\"https:\/\/www.facebook.com\/OptiMatebatterysavingcharger\/\"]}]}<\/script>\n<!-- \/ Yoast SEO plugin. -->","yoast_head_json":{"title":"OptiMate TEST \u2013 State of Charge - OptiMate","robots":{"index":"index","follow":"follow","max-snippet":"max-snippet:-1","max-image-preview":"max-image-preview:large","max-video-preview":"max-video-preview:-1","archive":"noarchive"},"canonical":"https:\/\/optimate1.com\/product\/optimate-test-state-of-charge\/","og_locale":"de_DE","og_type":"article","og_title":"OptiMate TEST \u2013 State of Charge - OptiMate","og_description":"Ladezustandstester - alle 12V-Blei-S\u00e4ure- &amp; 12.8V-\/13.2V-Lithium-Batterien","og_url":"https:\/\/optimate1.com\/product\/optimate-test-state-of-charge\/","og_site_name":"OptiMate","article_publisher":"https:\/\/www.facebook.com\/OptiMatebatterysavingcharger\/","article_modified_time":"2022-07-11T11:40:51+00:00","og_image":[{"width":900,"height":900,"url":"https:\/\/optimate1.com\/wp-content\/uploads\/2019\/06\/TS127-State-of-Charge-Tester-2.png","type":"image\/png"}],"twitter_card":"summary_large_image","schema":{"@context":"https:\/\/schema.org","@graph":[{"@type":"WebPage","@id":"https:\/\/optimate1.com\/product\/optimate-test-state-of-charge\/","url":"https:\/\/optimate1.com\/product\/optimate-test-state-of-charge\/","name":"OptiMate TEST \u2013 State of Charge - OptiMate","isPartOf":{"@id":"https:\/\/optimate1.com\/#website"},"primaryImageOfPage":{"@id":"https:\/\/optimate1.com\/product\/optimate-test-state-of-charge\/#primaryimage"},"image":{"@id":"https:\/\/optimate1.com\/product\/optimate-test-state-of-charge\/#primaryimage"},"thumbnailUrl":"https:\/\/optimate1.com\/wp-content\/uploads\/2019\/06\/TS127-State-of-Charge-Tester-2.png","datePublished":"2019-06-17T10:17:28+00:00","dateModified":"2022-07-11T11:40:51+00:00","breadcrumb":{"@id":"https:\/\/optimate1.com\/product\/optimate-test-state-of-charge\/#breadcrumb"},"inLanguage":"de","potentialAction":[{"@type":"ReadAction","target":["https:\/\/optimate1.com\/product\/optimate-test-state-of-charge\/"]}]},{"@type":"ImageObject","inLanguage":"de","@id":"https:\/\/optimate1.com\/product\/optimate-test-state-of-charge\/#primaryimage","url":"https:\/\/optimate1.com\/wp-content\/uploads\/2019\/06\/TS127-State-of-Charge-Tester-2.png","contentUrl":"https:\/\/optimate1.com\/wp-content\/uploads\/2019\/06\/TS127-State-of-Charge-Tester-2.png","width":900,"height":900,"caption":"12v battery tester product image"},{"@type":"BreadcrumbList","@id":"https:\/\/optimate1.com\/product\/optimate-test-state-of-charge\/#breadcrumb","itemListElement":[{"@type":"ListItem","position":1,"name":"Home","item":"https:\/\/optimate1.com\/"},{"@type":"ListItem","position":2,"name":"Produkte","item":"https:\/\/optimate1.com\/shop\/"},{"@type":"ListItem","position":3,"name":"OptiMate TEST \u2013 State of Charge"}]},{"@type":"WebSite","@id":"https:\/\/optimate1.com\/#website","url":"https:\/\/optimate1.com\/","name":"OptiMate","description":"Battery Chargers &amp; Accessories","publisher":{"@id":"https:\/\/optimate1.com\/#organization"},"potentialAction":[{"@type":"SearchAction","target":{"@type":"EntryPoint","urlTemplate":"https:\/\/optimate1.com\/?s={search_term_string}"},"query-input":{"@type":"PropertyValueSpecification","valueRequired":true,"valueName":"search_term_string"}}],"inLanguage":"de"},{"@type":"Organization","@id":"https:\/\/optimate1.com\/#organization","name":"OptiMate","url":"https:\/\/optimate1.com\/","logo":{"@type":"ImageObject","inLanguage":"de","@id":"https:\/\/optimate1.com\/#\/schema\/logo\/image\/","url":"https:\/\/optimate1.com\/wp-content\/uploads\/2021\/06\/optimate-hpbc-stacklogo.jpg","contentUrl":"https:\/\/optimate1.com\/wp-content\/uploads\/2021\/06\/optimate-hpbc-stacklogo.jpg","width":1025,"height":529,"caption":"OptiMate"},"image":{"@id":"https:\/\/optimate1.com\/#\/schema\/logo\/image\/"},"sameAs":["https:\/\/www.facebook.com\/OptiMatebatterysavingcharger\/"]}]}},"_links":{"self":[{"href":"https:\/\/optimate1.com\/de\/wp-json\/wp\/v2\/product\/9588","targetHints":{"allow":["GET"]}}],"collection":[{"href":"https:\/\/optimate1.com\/de\/wp-json\/wp\/v2\/product"}],"about":[{"href":"https:\/\/optimate1.com\/de\/wp-json\/wp\/v2\/types\/product"}],"wp:featuredmedia":[{"embeddable":true,"href":"https:\/\/optimate1.com\/de\/wp-json\/wp\/v2\/media\/4927"}],"wp:attachment":[{"href":"https:\/\/optimate1.com\/de\/wp-json\/wp\/v2\/media?parent=9588"}],"wp:term":[{"taxonomy":"product_brand","embeddable":true,"href":"https:\/\/optimate1.com\/de\/wp-json\/wp\/v2\/product_brand?post=9588"},{"taxonomy":"product_cat","embeddable":true,"href":"https:\/\/optimate1.com\/de\/wp-json\/wp\/v2\/product_cat?post=9588"},{"taxonomy":"product_tag","embeddable":true,"href":"https:\/\/optimate1.com\/de\/wp-json\/wp\/v2\/product_tag?post=9588"}],"curies":[{"name":"wp","href":"https:\/\/api.w.org\/{rel}","templated":true}]}}