{"id":9655,"date":"2019-06-23T10:18:23","date_gmt":"2019-06-23T14:18:23","guid":{"rendered":"https:\/\/optimate1.com\/product\/optimate-kickstand-puck\/"},"modified":"2022-07-13T05:40:40","modified_gmt":"2022-07-13T09:40:40","slug":"optimate-kickstand-puck","status":"publish","type":"product","link":"https:\/\/optimate1.com\/de\/product\/optimate-kickstand-puck\/","title":{"rendered":"OptiMATE Kickstand Puck (Single)"},"content":{"rendered":"<h3>Seitenst\u00e4nder-Puck; stellen Sie Ihr Motorrad sicher auf jedem Untergrund ab.<\/h3>\n<ul>\n<li><strong><span style=\"color: #10069f;\">Sorgt f\u00fcr Stabilit\u00e4t beim Parken auf weichen Oberfl\u00e4chen, wie z.B. weicher Erde, Rasen und (oder) hei\u00dfem Asphalt<\/span><\/strong><\/li>\n<li><strong><span style=\"color: #10069f;\">Die ovale Form eignet sich perfekt f\u00fcr alle Arten von Seitenst\u00e4ndern.<\/span><\/strong><\/li>\n<li><strong><span style=\"color: #10069f;\">Mit eingebautem Spritzschutzrand &#8211;<em> Perfekter Untersetzer f\u00fcr Getr\u00e4nke!<\/em><\/span><\/strong><\/li>\n<li><strong><span style=\"color: #10069f;\">Langlebigkeit nach Industriestandard &#8211;<em> H\u00e4lt ewig!<\/em><\/span><\/strong><\/li>\n<\/ul>\n<p>Der OptiMate Seitenst\u00e4nder-Puck sorgt f\u00fcr Stabilit\u00e4t, indem er das Gewicht verteilt und auf weichem Boden, Rasen (beim Camping) oder hei\u00dfem Asphalt Halt bietet. Die ovale Form eignet sich perfekt f\u00fcr Motorr\u00e4der mit kurzem Seitenst\u00e4nderfu\u00df und f\u00fcr gro\u00dfe Maschinen mit einem l\u00e4ngeren Seitenst\u00e4nderfu\u00df.<\/p>\n<p>BONUS: Mit eingebautem Spritzschutzrand zu Verwendung als Untersetzer f\u00fcr Kaffeebecher oder als Bierdeckel!<\/p>\n<ul>\n<li>Gr\u00f6\u00dfe: 14 x 12 cm \/ 5 1\/2 x 4 5\/8\u2033<\/li>\n<li>Material: Hitzebest\u00e4ndiges ABS.<\/li>\n<li>5 mm \/ 3\/16\u2033 Bohrung f\u00fcr Haltezug \/ Seil.<\/li>\n<\/ul>\n<p>&nbsp;<\/p>\n","protected":false},"excerpt":{"rendered":"<p>Seitenst\u00e4nder-Puck; stellen Sie Ihr Motorrad sicher auf jedem Untergrund ab. Sorgt f\u00fcr Stabilit\u00e4t beim Parken auf weichen Oberfl\u00e4chen, wie z.B. weicher Erde, Rasen und (oder) hei\u00dfem Asphalt Die ovale Form eignet sich perfekt f\u00fcr alle Arten von Seitenst\u00e4ndern. Mit eingebautem Spritzschutzrand &#8211; Perfekter Untersetzer f\u00fcr Getr\u00e4nke! Langlebigkeit nach Industriestandard &#8211; H\u00e4lt ewig! Der OptiMate Seitenst\u00e4nder-Puck &hellip;<\/p>\n<p class=\"read-more\"> <a class=\" thunk-readmore button \" href=\"https:\/\/optimate1.com\/de\/product\/optimate-kickstand-puck\/\"> <span class=\"screen-reader-text\">OptiMATE Kickstand Puck (Single)<\/span>Read More<\/a><\/p>\n","protected":false},"featured_media":7167,"template":"","meta":[],"product_brand":[],"product_cat":[1269],"product_tag":[],"class_list":{"0":"post-9655","1":"product","2":"type-product","3":"status-publish","4":"has-post-thumbnail","6":"product_cat-ware-de","7":"pa_region-ca-de-2","8":"pa_region-eu-de-2","9":"pa_region-uk-de-2","10":"pa_region-us-de-2","11":"thunk-woo-product-list","12":"opn-qv-enable","13":"big-store-woo-hover-","14":"open-single-product-tab-horizontal","15":"open-shadow-","16":"open-shadow-hover-","18":"first","19":"instock","20":"featured","21":"shipping-taxable","22":"purchasable","23":"product-type-simple"},"yoast_head":"<!-- This site is optimized with the Yoast SEO plugin v27.2 - https:\/\/yoast.com\/product\/yoast-seo-wordpress\/ -->\n<title>OptiMATE Kickstand Puck (Single) - OptiMate<\/title>\n<meta name=\"robots\" content=\"index, follow, max-snippet:-1, max-image-preview:large, max-video-preview:-1, noarchive\" \/>\n<link rel=\"canonical\" href=\"https:\/\/optimate1.com\/product\/optimate-kickstand-puck\/\" \/>\n<meta property=\"og:locale\" content=\"de_DE\" \/>\n<meta property=\"og:type\" content=\"article\" \/>\n<meta property=\"og:title\" content=\"OptiMATE Kickstand Puck (Single) - OptiMate\" \/>\n<meta property=\"og:description\" content=\"Seitenst\u00e4nder-Puck; stellen Sie Ihr Motorrad sicher auf jedem Untergrund ab. Sorgt f\u00fcr Stabilit\u00e4t beim Parken auf weichen Oberfl\u00e4chen, wie z.B. weicher Erde, Rasen und (oder) hei\u00dfem Asphalt Die ovale Form eignet sich perfekt f\u00fcr alle Arten von Seitenst\u00e4ndern. Mit eingebautem Spritzschutzrand &#8211; Perfekter Untersetzer f\u00fcr Getr\u00e4nke! Langlebigkeit nach Industriestandard &#8211; H\u00e4lt ewig! Der OptiMate Seitenst\u00e4nder-Puck &hellip; OptiMATE Kickstand Puck (Single)Read More\" \/>\n<meta property=\"og:url\" content=\"https:\/\/optimate1.com\/product\/optimate-kickstand-puck\/\" \/>\n<meta property=\"og:site_name\" content=\"OptiMate\" \/>\n<meta property=\"article:publisher\" content=\"https:\/\/www.facebook.com\/OptiMatebatterysavingcharger\/\" \/>\n<meta property=\"article:modified_time\" content=\"2022-07-13T09:40:40+00:00\" \/>\n<meta property=\"og:image\" content=\"https:\/\/optimate1.com\/wp-content\/uploads\/2019\/02\/OptiMate-kickstand-PUCK-TS251-1-1.png\" \/>\n\t<meta property=\"og:image:width\" content=\"900\" \/>\n\t<meta property=\"og:image:height\" content=\"900\" \/>\n\t<meta property=\"og:image:type\" content=\"image\/png\" \/>\n<meta name=\"twitter:card\" content=\"summary_large_image\" \/>\n<meta name=\"twitter:label1\" content=\"Gesch\u00e4tzte Lesezeit\" \/>\n\t<meta name=\"twitter:data1\" content=\"1\u00a0Minute\" \/>\n<script type=\"application\/ld+json\" class=\"yoast-schema-graph\">{\"@context\":\"https:\/\/schema.org\",\"@graph\":[{\"@type\":\"WebPage\",\"@id\":\"https:\/\/optimate1.com\/product\/optimate-kickstand-puck\/\",\"url\":\"https:\/\/optimate1.com\/product\/optimate-kickstand-puck\/\",\"name\":\"OptiMATE Kickstand Puck (Single) - OptiMate\",\"isPartOf\":{\"@id\":\"https:\/\/optimate1.com\/#website\"},\"primaryImageOfPage\":{\"@id\":\"https:\/\/optimate1.com\/product\/optimate-kickstand-puck\/#primaryimage\"},\"image\":{\"@id\":\"https:\/\/optimate1.com\/product\/optimate-kickstand-puck\/#primaryimage\"},\"thumbnailUrl\":\"https:\/\/optimate1.com\/wp-content\/uploads\/2019\/02\/OptiMate-kickstand-PUCK-TS251-1-1.png\",\"datePublished\":\"2019-06-23T14:18:23+00:00\",\"dateModified\":\"2022-07-13T09:40:40+00:00\",\"breadcrumb\":{\"@id\":\"https:\/\/optimate1.com\/product\/optimate-kickstand-puck\/#breadcrumb\"},\"inLanguage\":\"de\",\"potentialAction\":[{\"@type\":\"ReadAction\",\"target\":[\"https:\/\/optimate1.com\/product\/optimate-kickstand-puck\/\"]}]},{\"@type\":\"ImageObject\",\"inLanguage\":\"de\",\"@id\":\"https:\/\/optimate1.com\/product\/optimate-kickstand-puck\/#primaryimage\",\"url\":\"https:\/\/optimate1.com\/wp-content\/uploads\/2019\/02\/OptiMate-kickstand-PUCK-TS251-1-1.png\",\"contentUrl\":\"https:\/\/optimate1.com\/wp-content\/uploads\/2019\/02\/OptiMate-kickstand-PUCK-TS251-1-1.png\",\"width\":900,\"height\":900,\"caption\":\"kickstand puck product image\"},{\"@type\":\"BreadcrumbList\",\"@id\":\"https:\/\/optimate1.com\/product\/optimate-kickstand-puck\/#breadcrumb\",\"itemListElement\":[{\"@type\":\"ListItem\",\"position\":1,\"name\":\"Home\",\"item\":\"https:\/\/optimate1.com\/\"},{\"@type\":\"ListItem\",\"position\":2,\"name\":\"Produkte\",\"item\":\"https:\/\/optimate1.com\/shop\/\"},{\"@type\":\"ListItem\",\"position\":3,\"name\":\"OptiMATE Kickstand Puck (Single)\"}]},{\"@type\":\"WebSite\",\"@id\":\"https:\/\/optimate1.com\/#website\",\"url\":\"https:\/\/optimate1.com\/\",\"name\":\"OptiMate\",\"description\":\"Battery Chargers &amp; Accessories\",\"publisher\":{\"@id\":\"https:\/\/optimate1.com\/#organization\"},\"potentialAction\":[{\"@type\":\"SearchAction\",\"target\":{\"@type\":\"EntryPoint\",\"urlTemplate\":\"https:\/\/optimate1.com\/?s={search_term_string}\"},\"query-input\":{\"@type\":\"PropertyValueSpecification\",\"valueRequired\":true,\"valueName\":\"search_term_string\"}}],\"inLanguage\":\"de\"},{\"@type\":\"Organization\",\"@id\":\"https:\/\/optimate1.com\/#organization\",\"name\":\"OptiMate\",\"url\":\"https:\/\/optimate1.com\/\",\"logo\":{\"@type\":\"ImageObject\",\"inLanguage\":\"de\",\"@id\":\"https:\/\/optimate1.com\/#\/schema\/logo\/image\/\",\"url\":\"https:\/\/optimate1.com\/wp-content\/uploads\/2021\/06\/optimate-hpbc-stacklogo.jpg\",\"contentUrl\":\"https:\/\/optimate1.com\/wp-content\/uploads\/2021\/06\/optimate-hpbc-stacklogo.jpg\",\"width\":1025,\"height\":529,\"caption\":\"OptiMate\"},\"image\":{\"@id\":\"https:\/\/optimate1.com\/#\/schema\/logo\/image\/\"},\"sameAs\":[\"https:\/\/www.facebook.com\/OptiMatebatterysavingcharger\/\"]}]}<\/script>\n<!-- \/ Yoast SEO plugin. -->","yoast_head_json":{"title":"OptiMATE Kickstand Puck (Single) - OptiMate","robots":{"index":"index","follow":"follow","max-snippet":"max-snippet:-1","max-image-preview":"max-image-preview:large","max-video-preview":"max-video-preview:-1","archive":"noarchive"},"canonical":"https:\/\/optimate1.com\/product\/optimate-kickstand-puck\/","og_locale":"de_DE","og_type":"article","og_title":"OptiMATE Kickstand Puck (Single) - OptiMate","og_description":"Seitenst\u00e4nder-Puck; stellen Sie Ihr Motorrad sicher auf jedem Untergrund ab. Sorgt f\u00fcr Stabilit\u00e4t beim Parken auf weichen Oberfl\u00e4chen, wie z.B. weicher Erde, Rasen und (oder) hei\u00dfem Asphalt Die ovale Form eignet sich perfekt f\u00fcr alle Arten von Seitenst\u00e4ndern. Mit eingebautem Spritzschutzrand &#8211; Perfekter Untersetzer f\u00fcr Getr\u00e4nke! Langlebigkeit nach Industriestandard &#8211; H\u00e4lt ewig! Der OptiMate Seitenst\u00e4nder-Puck &hellip; OptiMATE Kickstand Puck (Single)Read More","og_url":"https:\/\/optimate1.com\/product\/optimate-kickstand-puck\/","og_site_name":"OptiMate","article_publisher":"https:\/\/www.facebook.com\/OptiMatebatterysavingcharger\/","article_modified_time":"2022-07-13T09:40:40+00:00","og_image":[{"width":900,"height":900,"url":"https:\/\/optimate1.com\/wp-content\/uploads\/2019\/02\/OptiMate-kickstand-PUCK-TS251-1-1.png","type":"image\/png"}],"twitter_card":"summary_large_image","twitter_misc":{"Gesch\u00e4tzte Lesezeit":"1\u00a0Minute"},"schema":{"@context":"https:\/\/schema.org","@graph":[{"@type":"WebPage","@id":"https:\/\/optimate1.com\/product\/optimate-kickstand-puck\/","url":"https:\/\/optimate1.com\/product\/optimate-kickstand-puck\/","name":"OptiMATE Kickstand Puck (Single) - OptiMate","isPartOf":{"@id":"https:\/\/optimate1.com\/#website"},"primaryImageOfPage":{"@id":"https:\/\/optimate1.com\/product\/optimate-kickstand-puck\/#primaryimage"},"image":{"@id":"https:\/\/optimate1.com\/product\/optimate-kickstand-puck\/#primaryimage"},"thumbnailUrl":"https:\/\/optimate1.com\/wp-content\/uploads\/2019\/02\/OptiMate-kickstand-PUCK-TS251-1-1.png","datePublished":"2019-06-23T14:18:23+00:00","dateModified":"2022-07-13T09:40:40+00:00","breadcrumb":{"@id":"https:\/\/optimate1.com\/product\/optimate-kickstand-puck\/#breadcrumb"},"inLanguage":"de","potentialAction":[{"@type":"ReadAction","target":["https:\/\/optimate1.com\/product\/optimate-kickstand-puck\/"]}]},{"@type":"ImageObject","inLanguage":"de","@id":"https:\/\/optimate1.com\/product\/optimate-kickstand-puck\/#primaryimage","url":"https:\/\/optimate1.com\/wp-content\/uploads\/2019\/02\/OptiMate-kickstand-PUCK-TS251-1-1.png","contentUrl":"https:\/\/optimate1.com\/wp-content\/uploads\/2019\/02\/OptiMate-kickstand-PUCK-TS251-1-1.png","width":900,"height":900,"caption":"kickstand puck product image"},{"@type":"BreadcrumbList","@id":"https:\/\/optimate1.com\/product\/optimate-kickstand-puck\/#breadcrumb","itemListElement":[{"@type":"ListItem","position":1,"name":"Home","item":"https:\/\/optimate1.com\/"},{"@type":"ListItem","position":2,"name":"Produkte","item":"https:\/\/optimate1.com\/shop\/"},{"@type":"ListItem","position":3,"name":"OptiMATE Kickstand Puck (Single)"}]},{"@type":"WebSite","@id":"https:\/\/optimate1.com\/#website","url":"https:\/\/optimate1.com\/","name":"OptiMate","description":"Battery Chargers &amp; Accessories","publisher":{"@id":"https:\/\/optimate1.com\/#organization"},"potentialAction":[{"@type":"SearchAction","target":{"@type":"EntryPoint","urlTemplate":"https:\/\/optimate1.com\/?s={search_term_string}"},"query-input":{"@type":"PropertyValueSpecification","valueRequired":true,"valueName":"search_term_string"}}],"inLanguage":"de"},{"@type":"Organization","@id":"https:\/\/optimate1.com\/#organization","name":"OptiMate","url":"https:\/\/optimate1.com\/","logo":{"@type":"ImageObject","inLanguage":"de","@id":"https:\/\/optimate1.com\/#\/schema\/logo\/image\/","url":"https:\/\/optimate1.com\/wp-content\/uploads\/2021\/06\/optimate-hpbc-stacklogo.jpg","contentUrl":"https:\/\/optimate1.com\/wp-content\/uploads\/2021\/06\/optimate-hpbc-stacklogo.jpg","width":1025,"height":529,"caption":"OptiMate"},"image":{"@id":"https:\/\/optimate1.com\/#\/schema\/logo\/image\/"},"sameAs":["https:\/\/www.facebook.com\/OptiMatebatterysavingcharger\/"]}]}},"_links":{"self":[{"href":"https:\/\/optimate1.com\/de\/wp-json\/wp\/v2\/product\/9655","targetHints":{"allow":["GET"]}}],"collection":[{"href":"https:\/\/optimate1.com\/de\/wp-json\/wp\/v2\/product"}],"about":[{"href":"https:\/\/optimate1.com\/de\/wp-json\/wp\/v2\/types\/product"}],"wp:featuredmedia":[{"embeddable":true,"href":"https:\/\/optimate1.com\/de\/wp-json\/wp\/v2\/media\/7167"}],"wp:attachment":[{"href":"https:\/\/optimate1.com\/de\/wp-json\/wp\/v2\/media?parent=9655"}],"wp:term":[{"taxonomy":"product_brand","embeddable":true,"href":"https:\/\/optimate1.com\/de\/wp-json\/wp\/v2\/product_brand?post=9655"},{"taxonomy":"product_cat","embeddable":true,"href":"https:\/\/optimate1.com\/de\/wp-json\/wp\/v2\/product_cat?post=9655"},{"taxonomy":"product_tag","embeddable":true,"href":"https:\/\/optimate1.com\/de\/wp-json\/wp\/v2\/product_tag?post=9655"}],"curies":[{"name":"wp","href":"https:\/\/api.w.org\/{rel}","templated":true}]}}