{"id":9696,"date":"2019-06-17T16:31:13","date_gmt":"2019-06-17T20:31:13","guid":{"rendered":"https:\/\/optimate1.com\/product\/optimate-cable-o-18s\/"},"modified":"2026-02-27T02:30:30","modified_gmt":"2026-02-27T07:30:30","slug":"optimate-cable-o-18s","status":"publish","type":"product","link":"https:\/\/optimate1.com\/de\/product\/optimate-cable-o-18s\/","title":{"rendered":"O-18s Panelmontage-Buchse \u00d818mm | DIN > 6.3mm Flachstecker | 15A max"},"content":{"rendered":"<div class=\"woocommerce-product-details__short-description\">\n<div class=\"woocommerce-product-details__short-description\">\n<div class=\"woocommerce-product-details__short-description\">\n<div class=\"woocommerce-product-details__short-description\">\n<h3 class=\"entry-summary hidden-phone\" style=\"text-align: center;\"><strong>Schaffen Sie eine kompakte 12-V-Steckdose oder ersetzen Sie die verschlissene DIN-Steckdose an Ihrem Powersport-Fahrzeug.<\/strong><\/h3>\n<h6 style=\"text-align: center;\"><strong><span style=\"color: #10069f;\"><img loading=\"lazy\" decoding=\"async\" class=\"wp-image-20660 aligncenter\" src=\"https:\/\/optimate1.com\/wp-content\/uploads\/2023\/04\/bmw-triumph-fits.png\" alt=\"\" width=\"428\" height=\"100\" \/>Ersetzen Sie Ihre abgenutzte Buchse <\/span><\/strong><i><span style=\"color: #10069f;\">\u2013passend f\u00fcr BMW, Triumph, Victory, ausgew\u00e4hlte Honda Goldwing Motorr\u00e4der und John Deere ATVs.<\/span><\/i><\/h6>\n<h6 style=\"text-align: center;\"><img loading=\"lazy\" decoding=\"async\" class=\"aligncenter wp-image-20977\" src=\"https:\/\/optimate1.com\/wp-content\/uploads\/2023\/04\/hole-drill-info-copy.png\" alt=\"\" width=\"428\" height=\"70\" \/><\/h6>\n<h6 style=\"text-align: center;\"><strong><span style=\"color: #10069f;\">Neue Steckdose schaffen<\/span><\/strong><i><span style=\"color: #10069f;\">\u2013 <\/span><\/i><span style=\"color: #10069f;\"><i>Die Buchse passt in eine \u00d6ffnung mit 18 mm (11\/16&#8243;) \u00d8 in einer Armaturentafel oder Halterung.<\/i><\/span><\/h6>\n<h6 style=\"text-align: center;\"><img loading=\"lazy\" decoding=\"async\" class=\"aligncenter wp-image-20910\" src=\"https:\/\/optimate1.com\/wp-content\/uploads\/2023\/04\/O-18s-secure-locking-copy.png\" alt=\"\" width=\"528\" height=\"70\" \/><strong><span style=\"color: #10069f;\">Nach DIN4165 genormtes Anschlusssystem mit formschl\u00fcssiger Verriegelung<\/span><\/strong><i><span style=\"color: #10069f;\">\u2013 der Stecker bleibt nach dem Anschlie\u00dfen auch bei starken Vibrationen verbunden.<\/span><\/i><\/h6>\n<h6 style=\"text-align: center;\"><img loading=\"lazy\" decoding=\"async\" class=\"aligncenter wp-image-20910\" src=\"https:\/\/optimate1.com\/wp-content\/uploads\/2023\/04\/Works-with-Optimate-cbale-DIN-accessories-o-18s-copy-2.png\" alt=\"\" width=\"528\" height=\"70\" \/><\/h6>\n<\/div>\n<\/div>\n<h6 style=\"text-align: center;\"><strong><span style=\"color: #10069f;\">Funktioniert mit OptiMate BIKE\/DIN-Kabelzubeh\u00f6r.<\/span><\/strong><\/h6>\n<p>&nbsp;<\/p>\n<div class=\"woocommerce-product-details__short-description\">\n<div class=\"woocommerce-product-details__short-description\">\n<h4 style=\"text-align: center;\"><span style=\"text-decoration: underline;\"><strong>WEITERE MERKMALE:<\/strong><\/span><\/h4>\n<p style=\"text-align: center;\">\n<table id=\"tablepress-347\" class=\"tablepress tablepress-id-347\">\n<tbody class=\"row-hover\">\n<tr class=\"row-1\">\n\t<td class=\"column-1\"><a href=\"\"><img loading=\"lazy\" decoding=\"async\" src=\"https:\/\/optimate1.com\/wp-content\/uploads\/2023\/04\/sealing-cap-O-18s.png\" alt=\"\" width=\"300\" height=\"50\" class=\"aligncenter size-medium wp-image-20982\" \/><\/a><body><h6><center>Mit federbelasteter Verschlusskappe.<\/center><\/h6><\/body><\/td>\n<\/tr>\n<tr class=\"row-2\">\n\t<td class=\"column-1\"><a href=\"\"><img loading=\"lazy\" decoding=\"async\" src=\"https:\/\/optimate1.com\/wp-content\/uploads\/2023\/04\/drainage-hole-O-18s.png\" alt=\"\" width=\"300\" height=\"50\" class=\"aligncenter size-medium wp-image-20982\" \/><\/a><body><h6><center>Entw\u00e4sserungs\u00f6ffnung.<\/center><\/h6><\/body><\/td>\n<\/tr>\n<tr class=\"row-3\">\n\t<td class=\"column-1\"><a href=\"\"><img loading=\"lazy\" decoding=\"async\" src=\"https:\/\/optimate1.com\/wp-content\/uploads\/2021\/11\/weather-icon-copy_600px-01.png\" alt=\"\" width=\"600\" height=\"40\" class=\"aligncenter size-medium wp-image-21012\" \/><\/a><body><h6><center>Geeignet f\u00fcr Temperaturen und den Einsatz im Freien..<\/body><\/h6><\/center><\/td>\n<\/tr>\n<\/tbody>\n<\/table>\n<!-- #tablepress-347 from cache --><\/p>\n<\/div>\n<\/div>\n<\/div>\n<\/div>\n","protected":false},"excerpt":{"rendered":"<h3><span style=\"color: #cd202c;\">BIKE (DIN) Premium-Steckdose, Armatureneinbau.<\/span><\/h3>\n","protected":false},"featured_media":6087,"template":"","meta":[],"product_brand":[],"product_cat":[1061,2247,2248],"product_tag":[],"class_list":{"0":"post-9696","1":"product","2":"type-product","3":"status-publish","4":"has-post-thumbnail","6":"product_cat-cablesconnectors-de","7":"product_cat-marine-de","8":"product_cat-accessories-de","9":"pa_cable-type-d12mm-bike-socket-nl-de","10":"pa_connector-type-d12mm-bike-hella-de","11":"pa_region-ca-de-2","12":"pa_region-eu-de-2","13":"pa_region-uk-de-2","14":"pa_region-us-de-2","15":"iside_cable_type-einbau-in-die-frontplatte-din-o12-mm","16":"iside_connector_type-d12mm-bike-hella-de","17":"thunk-woo-product-list","18":"opn-qv-enable","19":"big-store-woo-hover-","20":"open-single-product-tab-horizontal","21":"open-shadow-","22":"open-shadow-hover-","24":"first","25":"instock","26":"featured","27":"shipping-taxable","28":"purchasable","29":"product-type-simple"},"yoast_head":"<!-- This site is optimized with the Yoast SEO plugin v27.2 - https:\/\/yoast.com\/product\/yoast-seo-wordpress\/ -->\n<title>O-18s Panelmontage-Buchse \u00d818mm | DIN &gt; 6.3mm Flachstecker | 15A max - OptiMate<\/title>\n<meta name=\"description\" content=\"Das OptiMate CABLE O-18s ist ein DIN-Adapter-Verl\u00e4ngerer von SAE auf BIKE-Stecker. Lesen Sie mehr \u00fcber dieses Produkt auf unserer Website!\" \/>\n<meta name=\"robots\" content=\"index, follow, max-snippet:-1, max-image-preview:large, max-video-preview:-1, noarchive\" \/>\n<link rel=\"canonical\" href=\"https:\/\/optimate1.com\/product\/optimate-cable-o-18s\/\" \/>\n<meta property=\"og:locale\" content=\"de_DE\" \/>\n<meta property=\"og:type\" content=\"article\" \/>\n<meta property=\"og:title\" content=\"O-18s Panelmontage-Buchse \u00d818mm | DIN &gt; 6.3mm Flachstecker | 15A max - OptiMate\" \/>\n<meta property=\"og:description\" content=\"Das OptiMate CABLE O-18s ist ein DIN-Adapter-Verl\u00e4ngerer von SAE auf BIKE-Stecker. Lesen Sie mehr \u00fcber dieses Produkt auf unserer Website!\" \/>\n<meta property=\"og:url\" content=\"https:\/\/optimate1.com\/product\/optimate-cable-o-18s\/\" \/>\n<meta property=\"og:site_name\" content=\"OptiMate\" \/>\n<meta property=\"article:publisher\" content=\"https:\/\/www.facebook.com\/OptiMatebatterysavingcharger\/\" \/>\n<meta property=\"article:modified_time\" content=\"2026-02-27T07:30:30+00:00\" \/>\n<meta property=\"og:image\" content=\"https:\/\/optimate1.com\/wp-content\/uploads\/2019\/06\/O18s-3.png\" \/>\n\t<meta property=\"og:image:width\" content=\"900\" \/>\n\t<meta property=\"og:image:height\" content=\"900\" \/>\n\t<meta property=\"og:image:type\" content=\"image\/png\" \/>\n<meta name=\"twitter:card\" content=\"summary_large_image\" \/>\n<meta name=\"twitter:label1\" content=\"Gesch\u00e4tzte Lesezeit\" \/>\n\t<meta name=\"twitter:data1\" content=\"2\u00a0Minuten\" \/>\n<script type=\"application\/ld+json\" class=\"yoast-schema-graph\">{\"@context\":\"https:\/\/schema.org\",\"@graph\":[{\"@type\":\"WebPage\",\"@id\":\"https:\/\/optimate1.com\/product\/optimate-cable-o-18s\/\",\"url\":\"https:\/\/optimate1.com\/product\/optimate-cable-o-18s\/\",\"name\":\"O-18s Panelmontage-Buchse \u00d818mm | DIN > 6.3mm Flachstecker | 15A max - OptiMate\",\"isPartOf\":{\"@id\":\"https:\/\/optimate1.com\/#website\"},\"primaryImageOfPage\":{\"@id\":\"https:\/\/optimate1.com\/product\/optimate-cable-o-18s\/#primaryimage\"},\"image\":{\"@id\":\"https:\/\/optimate1.com\/product\/optimate-cable-o-18s\/#primaryimage\"},\"thumbnailUrl\":\"https:\/\/optimate1.com\/wp-content\/uploads\/2019\/06\/O18s-3.png\",\"datePublished\":\"2019-06-17T20:31:13+00:00\",\"dateModified\":\"2026-02-27T07:30:30+00:00\",\"description\":\"Das OptiMate CABLE O-18s ist ein DIN-Adapter-Verl\u00e4ngerer von SAE auf BIKE-Stecker. Lesen Sie mehr \u00fcber dieses Produkt auf unserer Website!\",\"breadcrumb\":{\"@id\":\"https:\/\/optimate1.com\/product\/optimate-cable-o-18s\/#breadcrumb\"},\"inLanguage\":\"de\",\"potentialAction\":[{\"@type\":\"ReadAction\",\"target\":[\"https:\/\/optimate1.com\/product\/optimate-cable-o-18s\/\"]}]},{\"@type\":\"ImageObject\",\"inLanguage\":\"de\",\"@id\":\"https:\/\/optimate1.com\/product\/optimate-cable-o-18s\/#primaryimage\",\"url\":\"https:\/\/optimate1.com\/wp-content\/uploads\/2019\/06\/O18s-3.png\",\"contentUrl\":\"https:\/\/optimate1.com\/wp-content\/uploads\/2019\/06\/O18s-3.png\",\"width\":900,\"height\":900,\"caption\":\"din adapter product image\"},{\"@type\":\"BreadcrumbList\",\"@id\":\"https:\/\/optimate1.com\/product\/optimate-cable-o-18s\/#breadcrumb\",\"itemListElement\":[{\"@type\":\"ListItem\",\"position\":1,\"name\":\"Home\",\"item\":\"https:\/\/optimate1.com\/\"},{\"@type\":\"ListItem\",\"position\":2,\"name\":\"Produkte\",\"item\":\"https:\/\/optimate1.com\/shop\/\"},{\"@type\":\"ListItem\",\"position\":3,\"name\":\"OptiMate CABLE O-18s\"}]},{\"@type\":\"WebSite\",\"@id\":\"https:\/\/optimate1.com\/#website\",\"url\":\"https:\/\/optimate1.com\/\",\"name\":\"OptiMate\",\"description\":\"Battery Chargers &amp; Accessories\",\"publisher\":{\"@id\":\"https:\/\/optimate1.com\/#organization\"},\"potentialAction\":[{\"@type\":\"SearchAction\",\"target\":{\"@type\":\"EntryPoint\",\"urlTemplate\":\"https:\/\/optimate1.com\/?s={search_term_string}\"},\"query-input\":{\"@type\":\"PropertyValueSpecification\",\"valueRequired\":true,\"valueName\":\"search_term_string\"}}],\"inLanguage\":\"de\"},{\"@type\":\"Organization\",\"@id\":\"https:\/\/optimate1.com\/#organization\",\"name\":\"OptiMate\",\"url\":\"https:\/\/optimate1.com\/\",\"logo\":{\"@type\":\"ImageObject\",\"inLanguage\":\"de\",\"@id\":\"https:\/\/optimate1.com\/#\/schema\/logo\/image\/\",\"url\":\"https:\/\/optimate1.com\/wp-content\/uploads\/2021\/06\/optimate-hpbc-stacklogo.jpg\",\"contentUrl\":\"https:\/\/optimate1.com\/wp-content\/uploads\/2021\/06\/optimate-hpbc-stacklogo.jpg\",\"width\":1025,\"height\":529,\"caption\":\"OptiMate\"},\"image\":{\"@id\":\"https:\/\/optimate1.com\/#\/schema\/logo\/image\/\"},\"sameAs\":[\"https:\/\/www.facebook.com\/OptiMatebatterysavingcharger\/\"]}]}<\/script>\n<!-- \/ Yoast SEO plugin. -->","yoast_head_json":{"title":"O-18s Panelmontage-Buchse \u00d818mm | DIN > 6.3mm Flachstecker | 15A max - OptiMate","description":"Das OptiMate CABLE O-18s ist ein DIN-Adapter-Verl\u00e4ngerer von SAE auf BIKE-Stecker. Lesen Sie mehr \u00fcber dieses Produkt auf unserer Website!","robots":{"index":"index","follow":"follow","max-snippet":"max-snippet:-1","max-image-preview":"max-image-preview:large","max-video-preview":"max-video-preview:-1","archive":"noarchive"},"canonical":"https:\/\/optimate1.com\/product\/optimate-cable-o-18s\/","og_locale":"de_DE","og_type":"article","og_title":"O-18s Panelmontage-Buchse \u00d818mm | DIN > 6.3mm Flachstecker | 15A max - OptiMate","og_description":"Das OptiMate CABLE O-18s ist ein DIN-Adapter-Verl\u00e4ngerer von SAE auf BIKE-Stecker. Lesen Sie mehr \u00fcber dieses Produkt auf unserer Website!","og_url":"https:\/\/optimate1.com\/product\/optimate-cable-o-18s\/","og_site_name":"OptiMate","article_publisher":"https:\/\/www.facebook.com\/OptiMatebatterysavingcharger\/","article_modified_time":"2026-02-27T07:30:30+00:00","og_image":[{"width":900,"height":900,"url":"https:\/\/optimate1.com\/wp-content\/uploads\/2019\/06\/O18s-3.png","type":"image\/png"}],"twitter_card":"summary_large_image","twitter_misc":{"Gesch\u00e4tzte Lesezeit":"2\u00a0Minuten"},"schema":{"@context":"https:\/\/schema.org","@graph":[{"@type":"WebPage","@id":"https:\/\/optimate1.com\/product\/optimate-cable-o-18s\/","url":"https:\/\/optimate1.com\/product\/optimate-cable-o-18s\/","name":"O-18s Panelmontage-Buchse \u00d818mm | DIN > 6.3mm Flachstecker | 15A max - OptiMate","isPartOf":{"@id":"https:\/\/optimate1.com\/#website"},"primaryImageOfPage":{"@id":"https:\/\/optimate1.com\/product\/optimate-cable-o-18s\/#primaryimage"},"image":{"@id":"https:\/\/optimate1.com\/product\/optimate-cable-o-18s\/#primaryimage"},"thumbnailUrl":"https:\/\/optimate1.com\/wp-content\/uploads\/2019\/06\/O18s-3.png","datePublished":"2019-06-17T20:31:13+00:00","dateModified":"2026-02-27T07:30:30+00:00","description":"Das OptiMate CABLE O-18s ist ein DIN-Adapter-Verl\u00e4ngerer von SAE auf BIKE-Stecker. Lesen Sie mehr \u00fcber dieses Produkt auf unserer Website!","breadcrumb":{"@id":"https:\/\/optimate1.com\/product\/optimate-cable-o-18s\/#breadcrumb"},"inLanguage":"de","potentialAction":[{"@type":"ReadAction","target":["https:\/\/optimate1.com\/product\/optimate-cable-o-18s\/"]}]},{"@type":"ImageObject","inLanguage":"de","@id":"https:\/\/optimate1.com\/product\/optimate-cable-o-18s\/#primaryimage","url":"https:\/\/optimate1.com\/wp-content\/uploads\/2019\/06\/O18s-3.png","contentUrl":"https:\/\/optimate1.com\/wp-content\/uploads\/2019\/06\/O18s-3.png","width":900,"height":900,"caption":"din adapter product image"},{"@type":"BreadcrumbList","@id":"https:\/\/optimate1.com\/product\/optimate-cable-o-18s\/#breadcrumb","itemListElement":[{"@type":"ListItem","position":1,"name":"Home","item":"https:\/\/optimate1.com\/"},{"@type":"ListItem","position":2,"name":"Produkte","item":"https:\/\/optimate1.com\/shop\/"},{"@type":"ListItem","position":3,"name":"OptiMate CABLE O-18s"}]},{"@type":"WebSite","@id":"https:\/\/optimate1.com\/#website","url":"https:\/\/optimate1.com\/","name":"OptiMate","description":"Battery Chargers &amp; Accessories","publisher":{"@id":"https:\/\/optimate1.com\/#organization"},"potentialAction":[{"@type":"SearchAction","target":{"@type":"EntryPoint","urlTemplate":"https:\/\/optimate1.com\/?s={search_term_string}"},"query-input":{"@type":"PropertyValueSpecification","valueRequired":true,"valueName":"search_term_string"}}],"inLanguage":"de"},{"@type":"Organization","@id":"https:\/\/optimate1.com\/#organization","name":"OptiMate","url":"https:\/\/optimate1.com\/","logo":{"@type":"ImageObject","inLanguage":"de","@id":"https:\/\/optimate1.com\/#\/schema\/logo\/image\/","url":"https:\/\/optimate1.com\/wp-content\/uploads\/2021\/06\/optimate-hpbc-stacklogo.jpg","contentUrl":"https:\/\/optimate1.com\/wp-content\/uploads\/2021\/06\/optimate-hpbc-stacklogo.jpg","width":1025,"height":529,"caption":"OptiMate"},"image":{"@id":"https:\/\/optimate1.com\/#\/schema\/logo\/image\/"},"sameAs":["https:\/\/www.facebook.com\/OptiMatebatterysavingcharger\/"]}]}},"_links":{"self":[{"href":"https:\/\/optimate1.com\/de\/wp-json\/wp\/v2\/product\/9696","targetHints":{"allow":["GET"]}}],"collection":[{"href":"https:\/\/optimate1.com\/de\/wp-json\/wp\/v2\/product"}],"about":[{"href":"https:\/\/optimate1.com\/de\/wp-json\/wp\/v2\/types\/product"}],"wp:featuredmedia":[{"embeddable":true,"href":"https:\/\/optimate1.com\/de\/wp-json\/wp\/v2\/media\/6087"}],"wp:attachment":[{"href":"https:\/\/optimate1.com\/de\/wp-json\/wp\/v2\/media?parent=9696"}],"wp:term":[{"taxonomy":"product_brand","embeddable":true,"href":"https:\/\/optimate1.com\/de\/wp-json\/wp\/v2\/product_brand?post=9696"},{"taxonomy":"product_cat","embeddable":true,"href":"https:\/\/optimate1.com\/de\/wp-json\/wp\/v2\/product_cat?post=9696"},{"taxonomy":"product_tag","embeddable":true,"href":"https:\/\/optimate1.com\/de\/wp-json\/wp\/v2\/product_tag?post=9696"}],"curies":[{"name":"wp","href":"https:\/\/api.w.org\/{rel}","templated":true}]}}