{"id":9774,"date":"2019-06-18T08:22:01","date_gmt":"2019-06-18T12:22:01","guid":{"rendered":"https:\/\/optimate1.com\/product\/optimate-usb-o-108kit\/"},"modified":"2024-09-09T10:32:06","modified_gmt":"2024-09-09T14:32:06","slug":"optimate-usb-o-108kit","status":"publish","type":"product","link":"https:\/\/optimate1.com\/de\/product\/optimate-usb-o-108kit\/","title":{"rendered":"OptiMate USB O-108KIT"},"content":{"rendered":"<h3>Das vollst\u00e4ndig gekapselte Inline-Akku an USB 3300mA Ladeger\u00e4t mit 150 cm \/ 60&#8243; Kabel und das O-31 Batteriekabel erm\u00f6glicht ein sicheres und schnelles USB-Laden jedes Ger\u00e4ts, das au\u00dfen am Lenker oder in Ihrem Tankrucksack oder Hardcase montiert ist &#8211; <em>Kabel f\u00fchrt dorthin, wo USB-Laden erforderlich ist! !<\/em><\/h3>\n<ul>\n<li><span style=\"color: #10069f;\"><b>Versorgungskabel (100cm \/ 40&#8243;) mit M6 \/ 1\/4&#8243; \u00d6sen, passend f\u00fcr alle Motorsport-Batterieklemmen. &#8211; <em>Mit Sicherung gesch\u00fctzt.\u00a0<\/em><\/b><\/span><\/li>\n<li><span style=\"color: #10069f;\"><b>L\u00e4dt 1x USB-Ger\u00e4t mit bis zu 3300mA Strom (oder optional mit O-110 USB-Splitter 2 Ger\u00e4te laden). &#8211;<em> Der Ladestrom passt sich dem angeschlossenen Ger\u00e4t f\u00fcr sicheres Aufladen an.\u00a0<\/em><\/b><\/span><\/li>\n<li><span style=\"color: #10069f;\"><b>Wetterfester USB-Ladeanschluss, wird einfach mit Kabelbinder an Lenker, Federbein oder gar am Brems-\/Kupplungszug angebracht &#8211;<em> Dichtet eingef\u00fchrtes USB-Kabel ab, zum Aufladen bei jeder Witterung!\u00a0<\/em><\/b><\/span><\/li>\n<li><span style=\"color: #10069f;\"><b><em>Der eingebaute Schutz unterbricht den USB-Ladevorgang und verhindert, dass die LFP (LiFePO4) oder AGM (Pb) Batterie Ihres geparkten Fahrzeugs sich entleert &#8211; Startet wieder, sobald der Fahrzeugmotor anspringt!<\/em><\/b><\/span><\/li>\n<li><span style=\"color: #10069f;\"><b>\u00dcberwacht und zeigt den Batteriestatus des geparkten Fahrzeugs an<em> &#8211; Zeigt durch Blinken einer LED an, dass die Batterie \u201estartbereit\u201c ist!\u00a0<\/em><br \/>\n<\/b><\/span><\/li>\n<\/ul>\n<p>&nbsp;<\/p>\n","protected":false},"excerpt":{"rendered":"<p>Das vollst\u00e4ndig gekapselte Inline-Akku an USB 3300mA Ladeger\u00e4t mit 150 cm \/ 60&#8243; Kabel und das O-31 Batteriekabel erm\u00f6glicht ein sicheres und schnelles USB-Laden jedes Ger\u00e4ts, das au\u00dfen am Lenker oder in Ihrem Tankrucksack oder Hardcase montiert ist &#8211; Kabel f\u00fchrt dorthin, wo USB-Laden erforderlich ist! ! Versorgungskabel (100cm \/ 40&#8243;) mit M6 \/ 1\/4&#8243; &hellip;<\/p>\n<p class=\"read-more\"> <a class=\" thunk-readmore button \" href=\"https:\/\/optimate1.com\/de\/product\/optimate-usb-o-108kit\/\"> <span class=\"screen-reader-text\">OptiMate USB O-108KIT<\/span>Read More<\/a><\/p>\n","protected":false},"featured_media":30177,"template":"","meta":[],"product_brand":[],"product_cat":[1319,2247,2248],"product_tag":[],"class_list":{"0":"post-9774","1":"product","2":"type-product","3":"status-publish","4":"has-post-thumbnail","6":"product_cat-usb-de","7":"product_cat-marine-de","8":"product_cat-accessories-de","9":"pa_region-ca-de-2","10":"pa_region-eu-de-2","11":"pa_region-uk-de-2","12":"pa_region-us-de-2","13":"pa_special-use-auto-on-off-lithium-friendly-de","14":"pa_special-use-waterproof-de","15":"pa_usb-product-usb-charger-de","16":"pa_vehicle-connection-battery-de","17":"iside_usb_product-usb-charger-de","18":"iside_vehicle_connection-battery-de","19":"iside_special_use-auto-on-off-lithium-friendly-de","20":"iside_special_use-waterproof-de","21":"thunk-woo-product-list","22":"opn-qv-enable","23":"big-store-woo-hover-","24":"open-single-product-tab-horizontal","25":"open-shadow-","26":"open-shadow-hover-","28":"first","29":"instock","30":"featured","31":"shipping-taxable","32":"purchasable","33":"product-type-simple"},"yoast_head":"<!-- This site is optimized with the Yoast SEO plugin v27.2 - https:\/\/yoast.com\/product\/yoast-seo-wordpress\/ -->\n<title>OptiMate USB O-108KIT - OptiMate<\/title>\n<meta name=\"robots\" content=\"index, follow, max-snippet:-1, max-image-preview:large, max-video-preview:-1, noarchive\" \/>\n<link rel=\"canonical\" href=\"https:\/\/optimate1.com\/product\/usbo-108kit\/\" \/>\n<meta property=\"og:locale\" content=\"de_DE\" \/>\n<meta property=\"og:type\" content=\"article\" \/>\n<meta property=\"og:title\" content=\"OptiMate USB O-108KIT - OptiMate\" \/>\n<meta property=\"og:description\" content=\"Das vollst\u00e4ndig gekapselte Inline-Akku an USB 3300mA Ladeger\u00e4t mit 150 cm \/ 60&#8243; Kabel und das O-31 Batteriekabel erm\u00f6glicht ein sicheres und schnelles USB-Laden jedes Ger\u00e4ts, das au\u00dfen am Lenker oder in Ihrem Tankrucksack oder Hardcase montiert ist &#8211; Kabel f\u00fchrt dorthin, wo USB-Laden erforderlich ist! ! Versorgungskabel (100cm \/ 40&#8243;) mit M6 \/ 1\/4&#8243; &hellip; OptiMate USB O-108KITRead More\" \/>\n<meta property=\"og:url\" content=\"https:\/\/optimate1.com\/product\/usbo-108kit\/\" \/>\n<meta property=\"og:site_name\" content=\"OptiMate\" \/>\n<meta property=\"article:publisher\" content=\"https:\/\/www.facebook.com\/OptiMatebatterysavingcharger\/\" \/>\n<meta property=\"article:modified_time\" content=\"2024-09-09T14:32:06+00:00\" \/>\n<meta property=\"og:image\" content=\"https:\/\/optimate1.com\/wp-content\/uploads\/2019\/06\/O108KIT-2-de.png\" \/>\n\t<meta property=\"og:image:width\" content=\"1500\" \/>\n\t<meta property=\"og:image:height\" content=\"1500\" \/>\n\t<meta property=\"og:image:type\" content=\"image\/png\" \/>\n<meta name=\"twitter:card\" content=\"summary_large_image\" \/>\n<meta name=\"twitter:label1\" content=\"Gesch\u00e4tzte Lesezeit\" \/>\n\t<meta name=\"twitter:data1\" content=\"1\u00a0Minute\" \/>\n<script type=\"application\/ld+json\" class=\"yoast-schema-graph\">{\"@context\":\"https:\/\/schema.org\",\"@graph\":[{\"@type\":\"WebPage\",\"@id\":\"https:\/\/optimate1.com\/product\/usbo-108kit\/\",\"url\":\"https:\/\/optimate1.com\/product\/usbo-108kit\/\",\"name\":\"OptiMate USB O-108KIT - OptiMate\",\"isPartOf\":{\"@id\":\"https:\/\/optimate1.com\/#website\"},\"primaryImageOfPage\":{\"@id\":\"https:\/\/optimate1.com\/product\/usbo-108kit\/#primaryimage\"},\"image\":{\"@id\":\"https:\/\/optimate1.com\/product\/usbo-108kit\/#primaryimage\"},\"thumbnailUrl\":\"https:\/\/optimate1.com\/wp-content\/uploads\/2019\/06\/O108KIT-2-de.png\",\"datePublished\":\"2019-06-18T12:22:01+00:00\",\"dateModified\":\"2024-09-09T14:32:06+00:00\",\"breadcrumb\":{\"@id\":\"https:\/\/optimate1.com\/product\/usbo-108kit\/#breadcrumb\"},\"inLanguage\":\"de\",\"potentialAction\":[{\"@type\":\"ReadAction\",\"target\":[\"https:\/\/optimate1.com\/product\/usbo-108kit\/\"]}]},{\"@type\":\"ImageObject\",\"inLanguage\":\"de\",\"@id\":\"https:\/\/optimate1.com\/product\/usbo-108kit\/#primaryimage\",\"url\":\"https:\/\/optimate1.com\/wp-content\/uploads\/2019\/06\/O108KIT-2-de.png\",\"contentUrl\":\"https:\/\/optimate1.com\/wp-content\/uploads\/2019\/06\/O108KIT-2-de.png\",\"width\":1500,\"height\":1500},{\"@type\":\"BreadcrumbList\",\"@id\":\"https:\/\/optimate1.com\/product\/usbo-108kit\/#breadcrumb\",\"itemListElement\":[{\"@type\":\"ListItem\",\"position\":1,\"name\":\"Home\",\"item\":\"https:\/\/optimate1.com\/\"},{\"@type\":\"ListItem\",\"position\":2,\"name\":\"Produkte\",\"item\":\"https:\/\/optimate1.com\/shop\/\"},{\"@type\":\"ListItem\",\"position\":3,\"name\":\"OptiMate USB O-108KIT\"}]},{\"@type\":\"WebSite\",\"@id\":\"https:\/\/optimate1.com\/#website\",\"url\":\"https:\/\/optimate1.com\/\",\"name\":\"OptiMate\",\"description\":\"Battery Chargers &amp; Accessories\",\"publisher\":{\"@id\":\"https:\/\/optimate1.com\/#organization\"},\"potentialAction\":[{\"@type\":\"SearchAction\",\"target\":{\"@type\":\"EntryPoint\",\"urlTemplate\":\"https:\/\/optimate1.com\/?s={search_term_string}\"},\"query-input\":{\"@type\":\"PropertyValueSpecification\",\"valueRequired\":true,\"valueName\":\"search_term_string\"}}],\"inLanguage\":\"de\"},{\"@type\":\"Organization\",\"@id\":\"https:\/\/optimate1.com\/#organization\",\"name\":\"OptiMate\",\"url\":\"https:\/\/optimate1.com\/\",\"logo\":{\"@type\":\"ImageObject\",\"inLanguage\":\"de\",\"@id\":\"https:\/\/optimate1.com\/#\/schema\/logo\/image\/\",\"url\":\"https:\/\/optimate1.com\/wp-content\/uploads\/2021\/06\/optimate-hpbc-stacklogo.jpg\",\"contentUrl\":\"https:\/\/optimate1.com\/wp-content\/uploads\/2021\/06\/optimate-hpbc-stacklogo.jpg\",\"width\":1025,\"height\":529,\"caption\":\"OptiMate\"},\"image\":{\"@id\":\"https:\/\/optimate1.com\/#\/schema\/logo\/image\/\"},\"sameAs\":[\"https:\/\/www.facebook.com\/OptiMatebatterysavingcharger\/\"]}]}<\/script>\n<!-- \/ Yoast SEO plugin. -->","yoast_head_json":{"title":"OptiMate USB O-108KIT - OptiMate","robots":{"index":"index","follow":"follow","max-snippet":"max-snippet:-1","max-image-preview":"max-image-preview:large","max-video-preview":"max-video-preview:-1","archive":"noarchive"},"canonical":"https:\/\/optimate1.com\/product\/usbo-108kit\/","og_locale":"de_DE","og_type":"article","og_title":"OptiMate USB O-108KIT - OptiMate","og_description":"Das vollst\u00e4ndig gekapselte Inline-Akku an USB 3300mA Ladeger\u00e4t mit 150 cm \/ 60&#8243; Kabel und das O-31 Batteriekabel erm\u00f6glicht ein sicheres und schnelles USB-Laden jedes Ger\u00e4ts, das au\u00dfen am Lenker oder in Ihrem Tankrucksack oder Hardcase montiert ist &#8211; Kabel f\u00fchrt dorthin, wo USB-Laden erforderlich ist! ! Versorgungskabel (100cm \/ 40&#8243;) mit M6 \/ 1\/4&#8243; &hellip; OptiMate USB O-108KITRead More","og_url":"https:\/\/optimate1.com\/product\/usbo-108kit\/","og_site_name":"OptiMate","article_publisher":"https:\/\/www.facebook.com\/OptiMatebatterysavingcharger\/","article_modified_time":"2024-09-09T14:32:06+00:00","og_image":[{"width":1500,"height":1500,"url":"https:\/\/optimate1.com\/wp-content\/uploads\/2019\/06\/O108KIT-2-de.png","type":"image\/png"}],"twitter_card":"summary_large_image","twitter_misc":{"Gesch\u00e4tzte Lesezeit":"1\u00a0Minute"},"schema":{"@context":"https:\/\/schema.org","@graph":[{"@type":"WebPage","@id":"https:\/\/optimate1.com\/product\/usbo-108kit\/","url":"https:\/\/optimate1.com\/product\/usbo-108kit\/","name":"OptiMate USB O-108KIT - OptiMate","isPartOf":{"@id":"https:\/\/optimate1.com\/#website"},"primaryImageOfPage":{"@id":"https:\/\/optimate1.com\/product\/usbo-108kit\/#primaryimage"},"image":{"@id":"https:\/\/optimate1.com\/product\/usbo-108kit\/#primaryimage"},"thumbnailUrl":"https:\/\/optimate1.com\/wp-content\/uploads\/2019\/06\/O108KIT-2-de.png","datePublished":"2019-06-18T12:22:01+00:00","dateModified":"2024-09-09T14:32:06+00:00","breadcrumb":{"@id":"https:\/\/optimate1.com\/product\/usbo-108kit\/#breadcrumb"},"inLanguage":"de","potentialAction":[{"@type":"ReadAction","target":["https:\/\/optimate1.com\/product\/usbo-108kit\/"]}]},{"@type":"ImageObject","inLanguage":"de","@id":"https:\/\/optimate1.com\/product\/usbo-108kit\/#primaryimage","url":"https:\/\/optimate1.com\/wp-content\/uploads\/2019\/06\/O108KIT-2-de.png","contentUrl":"https:\/\/optimate1.com\/wp-content\/uploads\/2019\/06\/O108KIT-2-de.png","width":1500,"height":1500},{"@type":"BreadcrumbList","@id":"https:\/\/optimate1.com\/product\/usbo-108kit\/#breadcrumb","itemListElement":[{"@type":"ListItem","position":1,"name":"Home","item":"https:\/\/optimate1.com\/"},{"@type":"ListItem","position":2,"name":"Produkte","item":"https:\/\/optimate1.com\/shop\/"},{"@type":"ListItem","position":3,"name":"OptiMate USB O-108KIT"}]},{"@type":"WebSite","@id":"https:\/\/optimate1.com\/#website","url":"https:\/\/optimate1.com\/","name":"OptiMate","description":"Battery Chargers &amp; Accessories","publisher":{"@id":"https:\/\/optimate1.com\/#organization"},"potentialAction":[{"@type":"SearchAction","target":{"@type":"EntryPoint","urlTemplate":"https:\/\/optimate1.com\/?s={search_term_string}"},"query-input":{"@type":"PropertyValueSpecification","valueRequired":true,"valueName":"search_term_string"}}],"inLanguage":"de"},{"@type":"Organization","@id":"https:\/\/optimate1.com\/#organization","name":"OptiMate","url":"https:\/\/optimate1.com\/","logo":{"@type":"ImageObject","inLanguage":"de","@id":"https:\/\/optimate1.com\/#\/schema\/logo\/image\/","url":"https:\/\/optimate1.com\/wp-content\/uploads\/2021\/06\/optimate-hpbc-stacklogo.jpg","contentUrl":"https:\/\/optimate1.com\/wp-content\/uploads\/2021\/06\/optimate-hpbc-stacklogo.jpg","width":1025,"height":529,"caption":"OptiMate"},"image":{"@id":"https:\/\/optimate1.com\/#\/schema\/logo\/image\/"},"sameAs":["https:\/\/www.facebook.com\/OptiMatebatterysavingcharger\/"]}]}},"_links":{"self":[{"href":"https:\/\/optimate1.com\/de\/wp-json\/wp\/v2\/product\/9774","targetHints":{"allow":["GET"]}}],"collection":[{"href":"https:\/\/optimate1.com\/de\/wp-json\/wp\/v2\/product"}],"about":[{"href":"https:\/\/optimate1.com\/de\/wp-json\/wp\/v2\/types\/product"}],"wp:featuredmedia":[{"embeddable":true,"href":"https:\/\/optimate1.com\/de\/wp-json\/wp\/v2\/media\/30177"}],"wp:attachment":[{"href":"https:\/\/optimate1.com\/de\/wp-json\/wp\/v2\/media?parent=9774"}],"wp:term":[{"taxonomy":"product_brand","embeddable":true,"href":"https:\/\/optimate1.com\/de\/wp-json\/wp\/v2\/product_brand?post=9774"},{"taxonomy":"product_cat","embeddable":true,"href":"https:\/\/optimate1.com\/de\/wp-json\/wp\/v2\/product_cat?post=9774"},{"taxonomy":"product_tag","embeddable":true,"href":"https:\/\/optimate1.com\/de\/wp-json\/wp\/v2\/product_tag?post=9774"}],"curies":[{"name":"wp","href":"https:\/\/api.w.org\/{rel}","templated":true}]}}