{"id":9810,"date":"2019-06-18T06:19:32","date_gmt":"2019-06-18T10:19:32","guid":{"rendered":"https:\/\/optimate1.com\/product\/optimate-usb-o-106\/"},"modified":"2026-04-15T05:32:54","modified_gmt":"2026-04-15T09:32:54","slug":"optimate-usb-o-106","status":"publish","type":"product","link":"https:\/\/optimate1.com\/de\/product\/optimate-usb-o-106\/","title":{"rendered":"OptiMate USB O-106"},"content":{"rendered":"<h3 class=\"entry-summary hidden-phone\">Das tragbare 3300mA Dual-USB-Ladeger\u00e4t, das in die normale 12V-Steckdose Ihres Motorrads, Pkw, Pickups oder Ihres Bootes passt<em> &#8211; L\u00e4dt Ihr Handy und GPS oder Ihre Kamera schnell!\u00a0<\/em><\/h3>\n<ul>\n<li><span style=\"color: #10069f;\"><b>Anschluss an normale(n) \u00d821-22mm \/ 7\/8&#8243; Zigarettenanz\u00fcnder\/12V-Steckdose &#8211;<em> Verriegelbare Blattfedern rasten in die Verriegelungsschlitzen in der Steckdose ein.\u00a0<\/em><\/b><\/span><\/li>\n<li><span style=\"color: #10069f;\"><b>L\u00e4dt 2 x USB-Ger\u00e4te mit bis zu 3300mA Strom, die zum Teilen zur Verf\u00fcgung stehen, oder l\u00e4dt 1 x USB-C-Ger\u00e4t schnell auf.<\/b><\/span><em><span style=\"color: #10069f;\"><b> &#8211; Der Ladestrom passt sich dem angeschlossenen Ger\u00e4t f\u00fcr sicheres Aufladen an.\u00a0<\/b><\/span><\/em><\/li>\n<li><span style=\"color: #10069f;\"><b>Sorgt f\u00fcr witterungsbest\u00e4ndige Abdichtung am eingef\u00fchrten USB-Kabel oder die \u201efahrtaugliche\u201c Kappe sch\u00fctzt den USB-Port bei Nichtgebrauch <em>&#8211; Problemloses Aufladen von Telefon, Kamera oder GPS bei jedem Wetter!\u00a0<\/em><\/b><\/span><\/li>\n<li><span style=\"color: #10069f;\"><b>Lumineszierendes Display &#8211;<em>\u00a0Finden Sie Ihren USB-Anschluss bei Dunkelheit problemlos!<\/em><br \/>\n<\/b><\/span><\/li>\n<\/ul>\n<p>&nbsp;<\/p>\n","protected":false},"excerpt":{"rendered":"<h3><span style=\"color: #cd202c;\">3300mA USB-Ladeger\u00e4t mit zwei Ausg\u00e4ngen, mit AUTO-Stecker.<\/span><\/h3>\n","protected":false},"featured_media":30167,"template":"","meta":[],"product_brand":[],"product_cat":[1319,2247,2248],"product_tag":[],"class_list":{"0":"post-9810","1":"product","2":"type-product","3":"status-publish","4":"has-post-thumbnail","6":"product_cat-usb-de","7":"product_cat-marine-de","8":"product_cat-accessories-de","9":"pa_region-ca-de-2","10":"pa_region-eu-de-2","11":"pa_region-uk-de-2","12":"pa_region-us-de-2","13":"pa_usb-product-usb-charger-de","14":"pa_vehicle-connection-socket-auto-de","15":"iside_usb_product-usb-charger-de","16":"iside_vehicle_connection-socket-auto-de","17":"thunk-woo-product-list","18":"opn-qv-enable","19":"big-store-woo-hover-","20":"open-single-product-tab-horizontal","21":"open-shadow-","22":"open-shadow-hover-","24":"first","25":"instock","26":"featured","27":"shipping-taxable","28":"purchasable","29":"product-type-simple"},"yoast_head":"<!-- This site is optimized with the Yoast SEO plugin v27.2 - https:\/\/yoast.com\/product\/yoast-seo-wordpress\/ -->\n<title>OptiMate USB O-106 - OptiMate<\/title>\n<meta name=\"robots\" content=\"index, follow, max-snippet:-1, max-image-preview:large, max-video-preview:-1, noarchive\" \/>\n<link rel=\"canonical\" href=\"https:\/\/optimate1.com\/de\/product\/optimate-usb-o-106\/\" \/>\n<meta property=\"og:locale\" content=\"de_DE\" \/>\n<meta property=\"og:type\" content=\"article\" \/>\n<meta property=\"og:title\" content=\"OptiMate USB O-106 - OptiMate\" \/>\n<meta property=\"og:description\" content=\"3300mA USB-Ladeger\u00e4t mit zwei Ausg\u00e4ngen, mit AUTO-Stecker.\" \/>\n<meta property=\"og:url\" content=\"https:\/\/optimate1.com\/de\/product\/optimate-usb-o-106\/\" \/>\n<meta property=\"og:site_name\" content=\"OptiMate\" \/>\n<meta property=\"article:publisher\" content=\"https:\/\/www.facebook.com\/OptiMatebatterysavingcharger\/\" \/>\n<meta property=\"article:modified_time\" content=\"2026-04-15T09:32:54+00:00\" \/>\n<meta property=\"og:image\" content=\"https:\/\/optimate1.com\/wp-content\/uploads\/2019\/06\/O106-5-de.png\" \/>\n\t<meta property=\"og:image:width\" content=\"1500\" \/>\n\t<meta property=\"og:image:height\" content=\"1500\" \/>\n\t<meta property=\"og:image:type\" content=\"image\/png\" \/>\n<meta name=\"twitter:card\" content=\"summary_large_image\" \/>\n<meta name=\"twitter:label1\" content=\"Gesch\u00e4tzte Lesezeit\" \/>\n\t<meta name=\"twitter:data1\" content=\"1\u00a0Minute\" \/>\n<script type=\"application\/ld+json\" class=\"yoast-schema-graph\">{\"@context\":\"https:\/\/schema.org\",\"@graph\":[{\"@type\":\"WebPage\",\"@id\":\"https:\/\/optimate1.com\/de\/product\/optimate-usb-o-106\/\",\"url\":\"https:\/\/optimate1.com\/de\/product\/optimate-usb-o-106\/\",\"name\":\"OptiMate USB O-106 - OptiMate\",\"isPartOf\":{\"@id\":\"https:\/\/optimate1.com\/#website\"},\"primaryImageOfPage\":{\"@id\":\"https:\/\/optimate1.com\/de\/product\/optimate-usb-o-106\/#primaryimage\"},\"image\":{\"@id\":\"https:\/\/optimate1.com\/de\/product\/optimate-usb-o-106\/#primaryimage\"},\"thumbnailUrl\":\"https:\/\/optimate1.com\/wp-content\/uploads\/2019\/06\/O106-5-de.png\",\"datePublished\":\"2019-06-18T10:19:32+00:00\",\"dateModified\":\"2026-04-15T09:32:54+00:00\",\"breadcrumb\":{\"@id\":\"https:\/\/optimate1.com\/de\/product\/optimate-usb-o-106\/#breadcrumb\"},\"inLanguage\":\"de\",\"potentialAction\":[{\"@type\":\"ReadAction\",\"target\":[\"https:\/\/optimate1.com\/de\/product\/optimate-usb-o-106\/\"]}]},{\"@type\":\"ImageObject\",\"inLanguage\":\"de\",\"@id\":\"https:\/\/optimate1.com\/de\/product\/optimate-usb-o-106\/#primaryimage\",\"url\":\"https:\/\/optimate1.com\/wp-content\/uploads\/2019\/06\/O106-5-de.png\",\"contentUrl\":\"https:\/\/optimate1.com\/wp-content\/uploads\/2019\/06\/O106-5-de.png\",\"width\":1500,\"height\":1500},{\"@type\":\"BreadcrumbList\",\"@id\":\"https:\/\/optimate1.com\/de\/product\/optimate-usb-o-106\/#breadcrumb\",\"itemListElement\":[{\"@type\":\"ListItem\",\"position\":1,\"name\":\"Home\",\"item\":\"https:\/\/optimate1.com\/\"},{\"@type\":\"ListItem\",\"position\":2,\"name\":\"Produkte\",\"item\":\"https:\/\/optimate1.com\/shop\/\"},{\"@type\":\"ListItem\",\"position\":3,\"name\":\"OptiMate USB O-106\"}]},{\"@type\":\"WebSite\",\"@id\":\"https:\/\/optimate1.com\/#website\",\"url\":\"https:\/\/optimate1.com\/\",\"name\":\"OptiMate\",\"description\":\"Battery Chargers &amp; Accessories\",\"publisher\":{\"@id\":\"https:\/\/optimate1.com\/#organization\"},\"potentialAction\":[{\"@type\":\"SearchAction\",\"target\":{\"@type\":\"EntryPoint\",\"urlTemplate\":\"https:\/\/optimate1.com\/?s={search_term_string}\"},\"query-input\":{\"@type\":\"PropertyValueSpecification\",\"valueRequired\":true,\"valueName\":\"search_term_string\"}}],\"inLanguage\":\"de\"},{\"@type\":\"Organization\",\"@id\":\"https:\/\/optimate1.com\/#organization\",\"name\":\"OptiMate\",\"url\":\"https:\/\/optimate1.com\/\",\"logo\":{\"@type\":\"ImageObject\",\"inLanguage\":\"de\",\"@id\":\"https:\/\/optimate1.com\/#\/schema\/logo\/image\/\",\"url\":\"https:\/\/optimate1.com\/wp-content\/uploads\/2021\/06\/optimate-hpbc-stacklogo.jpg\",\"contentUrl\":\"https:\/\/optimate1.com\/wp-content\/uploads\/2021\/06\/optimate-hpbc-stacklogo.jpg\",\"width\":1025,\"height\":529,\"caption\":\"OptiMate\"},\"image\":{\"@id\":\"https:\/\/optimate1.com\/#\/schema\/logo\/image\/\"},\"sameAs\":[\"https:\/\/www.facebook.com\/OptiMatebatterysavingcharger\/\"]}]}<\/script>\n<!-- \/ Yoast SEO plugin. -->","yoast_head_json":{"title":"OptiMate USB O-106 - OptiMate","robots":{"index":"index","follow":"follow","max-snippet":"max-snippet:-1","max-image-preview":"max-image-preview:large","max-video-preview":"max-video-preview:-1","archive":"noarchive"},"canonical":"https:\/\/optimate1.com\/de\/product\/optimate-usb-o-106\/","og_locale":"de_DE","og_type":"article","og_title":"OptiMate USB O-106 - OptiMate","og_description":"3300mA USB-Ladeger\u00e4t mit zwei Ausg\u00e4ngen, mit AUTO-Stecker.","og_url":"https:\/\/optimate1.com\/de\/product\/optimate-usb-o-106\/","og_site_name":"OptiMate","article_publisher":"https:\/\/www.facebook.com\/OptiMatebatterysavingcharger\/","article_modified_time":"2026-04-15T09:32:54+00:00","og_image":[{"width":1500,"height":1500,"url":"https:\/\/optimate1.com\/wp-content\/uploads\/2019\/06\/O106-5-de.png","type":"image\/png"}],"twitter_card":"summary_large_image","twitter_misc":{"Gesch\u00e4tzte Lesezeit":"1\u00a0Minute"},"schema":{"@context":"https:\/\/schema.org","@graph":[{"@type":"WebPage","@id":"https:\/\/optimate1.com\/de\/product\/optimate-usb-o-106\/","url":"https:\/\/optimate1.com\/de\/product\/optimate-usb-o-106\/","name":"OptiMate USB O-106 - OptiMate","isPartOf":{"@id":"https:\/\/optimate1.com\/#website"},"primaryImageOfPage":{"@id":"https:\/\/optimate1.com\/de\/product\/optimate-usb-o-106\/#primaryimage"},"image":{"@id":"https:\/\/optimate1.com\/de\/product\/optimate-usb-o-106\/#primaryimage"},"thumbnailUrl":"https:\/\/optimate1.com\/wp-content\/uploads\/2019\/06\/O106-5-de.png","datePublished":"2019-06-18T10:19:32+00:00","dateModified":"2026-04-15T09:32:54+00:00","breadcrumb":{"@id":"https:\/\/optimate1.com\/de\/product\/optimate-usb-o-106\/#breadcrumb"},"inLanguage":"de","potentialAction":[{"@type":"ReadAction","target":["https:\/\/optimate1.com\/de\/product\/optimate-usb-o-106\/"]}]},{"@type":"ImageObject","inLanguage":"de","@id":"https:\/\/optimate1.com\/de\/product\/optimate-usb-o-106\/#primaryimage","url":"https:\/\/optimate1.com\/wp-content\/uploads\/2019\/06\/O106-5-de.png","contentUrl":"https:\/\/optimate1.com\/wp-content\/uploads\/2019\/06\/O106-5-de.png","width":1500,"height":1500},{"@type":"BreadcrumbList","@id":"https:\/\/optimate1.com\/de\/product\/optimate-usb-o-106\/#breadcrumb","itemListElement":[{"@type":"ListItem","position":1,"name":"Home","item":"https:\/\/optimate1.com\/"},{"@type":"ListItem","position":2,"name":"Produkte","item":"https:\/\/optimate1.com\/shop\/"},{"@type":"ListItem","position":3,"name":"OptiMate USB O-106"}]},{"@type":"WebSite","@id":"https:\/\/optimate1.com\/#website","url":"https:\/\/optimate1.com\/","name":"OptiMate","description":"Battery Chargers &amp; Accessories","publisher":{"@id":"https:\/\/optimate1.com\/#organization"},"potentialAction":[{"@type":"SearchAction","target":{"@type":"EntryPoint","urlTemplate":"https:\/\/optimate1.com\/?s={search_term_string}"},"query-input":{"@type":"PropertyValueSpecification","valueRequired":true,"valueName":"search_term_string"}}],"inLanguage":"de"},{"@type":"Organization","@id":"https:\/\/optimate1.com\/#organization","name":"OptiMate","url":"https:\/\/optimate1.com\/","logo":{"@type":"ImageObject","inLanguage":"de","@id":"https:\/\/optimate1.com\/#\/schema\/logo\/image\/","url":"https:\/\/optimate1.com\/wp-content\/uploads\/2021\/06\/optimate-hpbc-stacklogo.jpg","contentUrl":"https:\/\/optimate1.com\/wp-content\/uploads\/2021\/06\/optimate-hpbc-stacklogo.jpg","width":1025,"height":529,"caption":"OptiMate"},"image":{"@id":"https:\/\/optimate1.com\/#\/schema\/logo\/image\/"},"sameAs":["https:\/\/www.facebook.com\/OptiMatebatterysavingcharger\/"]}]}},"_links":{"self":[{"href":"https:\/\/optimate1.com\/de\/wp-json\/wp\/v2\/product\/9810","targetHints":{"allow":["GET"]}}],"collection":[{"href":"https:\/\/optimate1.com\/de\/wp-json\/wp\/v2\/product"}],"about":[{"href":"https:\/\/optimate1.com\/de\/wp-json\/wp\/v2\/types\/product"}],"wp:featuredmedia":[{"embeddable":true,"href":"https:\/\/optimate1.com\/de\/wp-json\/wp\/v2\/media\/30167"}],"wp:attachment":[{"href":"https:\/\/optimate1.com\/de\/wp-json\/wp\/v2\/media?parent=9810"}],"wp:term":[{"taxonomy":"product_brand","embeddable":true,"href":"https:\/\/optimate1.com\/de\/wp-json\/wp\/v2\/product_brand?post=9810"},{"taxonomy":"product_cat","embeddable":true,"href":"https:\/\/optimate1.com\/de\/wp-json\/wp\/v2\/product_cat?post=9810"},{"taxonomy":"product_tag","embeddable":true,"href":"https:\/\/optimate1.com\/de\/wp-json\/wp\/v2\/product_tag?post=9810"}],"curies":[{"name":"wp","href":"https:\/\/api.w.org\/{rel}","templated":true}]}}