{"id":9901,"date":"2019-06-17T16:02:42","date_gmt":"2019-06-17T20:02:42","guid":{"rendered":"https:\/\/optimate1.com\/product\/optimate-cable-o-67m\/"},"modified":"2026-02-26T08:18:40","modified_gmt":"2026-02-26T13:18:40","slug":"optimate-cable-o-67m","status":"publish","type":"product","link":"https:\/\/optimate1.com\/de\/product\/optimate-cable-o-67m\/","title":{"rendered":"O-67M Heizbekleidung Adapter | DC2.5mm-Stecker > SAE | 13A max"},"content":{"rendered":"<div class=\"woocommerce-product-details__short-description\">\n<div class=\"woocommerce-product-details__short-description\">\n<h3 class=\"entry-summary hidden-phone\" style=\"text-align: center;\"><strong>R\u00fcsten Sie Ihren SAE-Anschluss auf DC 2,5 mm f\u00fcr beheizte Kleidung um.<\/strong><\/h3>\n<h6 style=\"text-align: center;\"><img loading=\"lazy\" decoding=\"async\" class=\"aligncenter wp-image-20668\" src=\"https:\/\/optimate1.com\/wp-content\/uploads\/2023\/04\/O-21-used-for-copy.png\" alt=\"This SAE battery connector is ideal for powersport vehicles\" width=\"528\" height=\"132\" \/><\/h6>\n<h6 style=\"text-align: center;\"><img loading=\"lazy\" decoding=\"async\" class=\"aligncenter wp-image-20876\" src=\"https:\/\/optimate1.com\/wp-content\/uploads\/2023\/05\/O-67M-DC2.5-plug.png\" alt=\"slots for velcro \/ cable strap\" width=\"328\" height=\"70\" \/><\/h6>\n<h6 style=\"text-align: center;\"><strong><span style=\"color: #10069f;\">Verwenden Sie diesen Adapter zusammen mit Ihrem Batterieladeger\u00e4t (mit SAE-Anschluss), um das Ger\u00e4t \u00fcber ein Batteriekabel f\u00fcr beheizte Kleidung zu laden.<\/span><\/strong><\/h6>\n<h6 style=\"text-align: center;\"><img loading=\"lazy\" decoding=\"async\" class=\"aligncenter wp-image-20876\" src=\"https:\/\/optimate1.com\/wp-content\/uploads\/2023\/05\/O-67-feature-2.png\" alt=\"50cm \/ 20 cable length, with M6 (1\/4&quot;) \/ M8 (5\/16&quot;) adjustable ringlets\" width=\"528\" height=\"70\" \/><\/h6>\n<h6 style=\"text-align: center;\"><strong><span style=\"color: #10069f;\"><b>Premium-Spezifikationen<\/b><\/span><\/strong><span style=\"color: #10069f;\"> \u2013 <\/span><span style=\"color: #10069f;\"><i>30 cm (12&#8243;) L\u00e4nge, 10A Dauerstrom, Kabel allwettertauglich.<\/i><\/span><\/h6>\n<p>&nbsp;<\/p>\n<h4 style=\"text-align: center;\"><span style=\"text-decoration: underline;\"><strong>WEITERE MERKMALE:<\/strong><\/span><\/h4>\n<p style=\"text-align: center;\">\n<table id=\"tablepress-401\" class=\"tablepress tablepress-id-401\">\n<tbody class=\"row-hover\">\n<tr class=\"row-1\">\n\t<td class=\"column-1\"><a href=\"\"><img loading=\"lazy\" decoding=\"async\" src=\"https:\/\/optimate1.com\/wp-content\/uploads\/2023\/05\/O-67F-2-inline-caps.png\" alt=\"\" width=\"300\" height=\"50\" class=\"aligncenter size-medium wp-image-20982\" \/><\/a><body><h6><center>Inklusive wetterfester DC- und SAE-Gummidichtung.<\/center><\/h6><\/body><\/td>\n<\/tr>\n<tr class=\"row-2\">\n\t<td class=\"column-1\"><a href=\"\"><img loading=\"lazy\" decoding=\"async\" src=\"https:\/\/optimate1.com\/wp-content\/uploads\/2021\/11\/weather-icon-copy_600px-01.png\" alt=\"\" width=\"600\" height=\"40\" class=\"aligncenter size-medium wp-image-21012\" \/><\/a><body><h6><center>Ausgelegt f\u00fcr niedrige Temperaturen und den Einsatz im Freien.<\/body><\/h6><\/center><\/td>\n<\/tr>\n<tr class=\"row-3\">\n\t<td class=\"column-1\"><a href=\"\"><img loading=\"lazy\" decoding=\"async\" src=\"https:\/\/optimate1.com\/wp-content\/uploads\/2023\/03\/SPT-2.png\" alt=\"\" width=\"300\" height=\"40\" class=\"aligncenter size-medium wp-image-21012\" \/><\/a><body><h6><center>Dickere Isolierung f\u00fcr besseren Schutz.<\/body><\/h6><\/center><\/td>\n<\/tr>\n<tr class=\"row-4\">\n\t<td class=\"column-1\"><a href=\"\"><img loading=\"lazy\" decoding=\"async\" src=\"https:\/\/optimate1.com\/wp-content\/uploads\/2023\/03\/18AWG.png\" alt=\"\" width=\"300\" height=\"40\" class=\"aligncenter size-medium wp-image-21012\" \/><\/a><body><h6><center>Aktuelle Bewertung: 5A ave. \/ 7A max.<\/body><\/h6><\/center><\/td>\n<\/tr>\n<\/tbody>\n<\/table>\n<\/p>\n<\/div>\n<\/div>\n","protected":false},"excerpt":{"rendered":"<h3><span style=\"color: #cd202c;\">DC 2,5 Stecker &#8211; SAE<\/span><\/h3>\n","protected":false},"featured_media":5931,"template":"","meta":[],"product_brand":[],"product_cat":[1061,2247,2248],"product_tag":[],"class_list":{"0":"post-9901","1":"product","2":"type-product","3":"status-publish","4":"has-post-thumbnail","6":"product_cat-cablesconnectors-de","7":"product_cat-marine-de","8":"product_cat-accessories-de","9":"pa_cable-type-heated-apparel-adapter-o2-5mm-de","10":"pa_connector-type-o2-5mm-dc-axial-de","11":"pa_region-ca-de-2","12":"pa_region-eu-de-2","13":"pa_region-uk-de-2","14":"pa_region-us-de-2","15":"iside_cable_type-adapter-sae-auf-andere","16":"iside_connector_type-o2-5mm-dc-axial-de","17":"compatible_with-beheizbare-ausruestung-bekleidung","18":"thunk-woo-product-list","19":"opn-qv-enable","20":"big-store-woo-hover-","21":"open-single-product-tab-horizontal","22":"open-shadow-","23":"open-shadow-hover-","25":"first","26":"instock","27":"featured","28":"shipping-taxable","29":"purchasable","30":"product-type-simple"},"yoast_head":"<!-- This site is optimized with the Yoast SEO plugin v27.2 - https:\/\/yoast.com\/product\/yoast-seo-wordpress\/ -->\n<title>O-67M Heizbekleidung Adapter | DC2.5mm-Stecker &gt; SAE | 13A max - OptiMate<\/title>\n<meta name=\"robots\" content=\"index, follow, max-snippet:-1, max-image-preview:large, max-video-preview:-1, noarchive\" \/>\n<link rel=\"canonical\" href=\"https:\/\/optimate1.com\/product\/cbleo-67m\/\" \/>\n<meta property=\"og:locale\" content=\"de_DE\" \/>\n<meta property=\"og:type\" content=\"article\" \/>\n<meta property=\"og:title\" content=\"O-67M Heizbekleidung Adapter | DC2.5mm-Stecker &gt; SAE | 13A max - OptiMate\" \/>\n<meta property=\"og:description\" content=\"DC 2,5 Stecker - SAE\" \/>\n<meta property=\"og:url\" content=\"https:\/\/optimate1.com\/product\/cbleo-67m\/\" \/>\n<meta property=\"og:site_name\" content=\"OptiMate\" \/>\n<meta property=\"article:publisher\" content=\"https:\/\/www.facebook.com\/OptiMatebatterysavingcharger\/\" \/>\n<meta property=\"article:modified_time\" content=\"2026-02-26T13:18:40+00:00\" \/>\n<meta property=\"og:image\" content=\"https:\/\/optimate1.com\/wp-content\/uploads\/2019\/06\/O67M-1.png\" \/>\n\t<meta property=\"og:image:width\" content=\"900\" \/>\n\t<meta property=\"og:image:height\" content=\"900\" \/>\n\t<meta property=\"og:image:type\" content=\"image\/png\" \/>\n<meta name=\"twitter:card\" content=\"summary_large_image\" \/>\n<meta name=\"twitter:label1\" content=\"Gesch\u00e4tzte Lesezeit\" \/>\n\t<meta name=\"twitter:data1\" content=\"1\u00a0Minute\" \/>\n<script type=\"application\/ld+json\" class=\"yoast-schema-graph\">{\"@context\":\"https:\/\/schema.org\",\"@graph\":[{\"@type\":\"WebPage\",\"@id\":\"https:\/\/optimate1.com\/product\/cbleo-67m\/\",\"url\":\"https:\/\/optimate1.com\/product\/cbleo-67m\/\",\"name\":\"O-67M Heizbekleidung Adapter | DC2.5mm-Stecker > SAE | 13A max - OptiMate\",\"isPartOf\":{\"@id\":\"https:\/\/optimate1.com\/#website\"},\"primaryImageOfPage\":{\"@id\":\"https:\/\/optimate1.com\/product\/cbleo-67m\/#primaryimage\"},\"image\":{\"@id\":\"https:\/\/optimate1.com\/product\/cbleo-67m\/#primaryimage\"},\"thumbnailUrl\":\"https:\/\/optimate1.com\/wp-content\/uploads\/2019\/06\/O67M-1.png\",\"datePublished\":\"2019-06-17T20:02:42+00:00\",\"dateModified\":\"2026-02-26T13:18:40+00:00\",\"breadcrumb\":{\"@id\":\"https:\/\/optimate1.com\/product\/cbleo-67m\/#breadcrumb\"},\"inLanguage\":\"de\",\"potentialAction\":[{\"@type\":\"ReadAction\",\"target\":[\"https:\/\/optimate1.com\/product\/cbleo-67m\/\"]}]},{\"@type\":\"ImageObject\",\"inLanguage\":\"de\",\"@id\":\"https:\/\/optimate1.com\/product\/cbleo-67m\/#primaryimage\",\"url\":\"https:\/\/optimate1.com\/wp-content\/uploads\/2019\/06\/O67M-1.png\",\"contentUrl\":\"https:\/\/optimate1.com\/wp-content\/uploads\/2019\/06\/O67M-1.png\",\"width\":900,\"height\":900,\"caption\":\"dc 2.5mm cable product image\"},{\"@type\":\"BreadcrumbList\",\"@id\":\"https:\/\/optimate1.com\/product\/cbleo-67m\/#breadcrumb\",\"itemListElement\":[{\"@type\":\"ListItem\",\"position\":1,\"name\":\"Home\",\"item\":\"https:\/\/optimate1.com\/\"},{\"@type\":\"ListItem\",\"position\":2,\"name\":\"Produkte\",\"item\":\"https:\/\/optimate1.com\/shop\/\"},{\"@type\":\"ListItem\",\"position\":3,\"name\":\"O-67M Heizbekleidung Adapter | DC2.5mm-Stecker > SAE | 13A max\"}]},{\"@type\":\"WebSite\",\"@id\":\"https:\/\/optimate1.com\/#website\",\"url\":\"https:\/\/optimate1.com\/\",\"name\":\"OptiMate\",\"description\":\"Battery Chargers &amp; Accessories\",\"publisher\":{\"@id\":\"https:\/\/optimate1.com\/#organization\"},\"potentialAction\":[{\"@type\":\"SearchAction\",\"target\":{\"@type\":\"EntryPoint\",\"urlTemplate\":\"https:\/\/optimate1.com\/?s={search_term_string}\"},\"query-input\":{\"@type\":\"PropertyValueSpecification\",\"valueRequired\":true,\"valueName\":\"search_term_string\"}}],\"inLanguage\":\"de\"},{\"@type\":\"Organization\",\"@id\":\"https:\/\/optimate1.com\/#organization\",\"name\":\"OptiMate\",\"url\":\"https:\/\/optimate1.com\/\",\"logo\":{\"@type\":\"ImageObject\",\"inLanguage\":\"de\",\"@id\":\"https:\/\/optimate1.com\/#\/schema\/logo\/image\/\",\"url\":\"https:\/\/optimate1.com\/wp-content\/uploads\/2021\/06\/optimate-hpbc-stacklogo.jpg\",\"contentUrl\":\"https:\/\/optimate1.com\/wp-content\/uploads\/2021\/06\/optimate-hpbc-stacklogo.jpg\",\"width\":1025,\"height\":529,\"caption\":\"OptiMate\"},\"image\":{\"@id\":\"https:\/\/optimate1.com\/#\/schema\/logo\/image\/\"},\"sameAs\":[\"https:\/\/www.facebook.com\/OptiMatebatterysavingcharger\/\"]}]}<\/script>\n<!-- \/ Yoast SEO plugin. -->","yoast_head_json":{"title":"O-67M Heizbekleidung Adapter | DC2.5mm-Stecker > SAE | 13A max - OptiMate","robots":{"index":"index","follow":"follow","max-snippet":"max-snippet:-1","max-image-preview":"max-image-preview:large","max-video-preview":"max-video-preview:-1","archive":"noarchive"},"canonical":"https:\/\/optimate1.com\/product\/cbleo-67m\/","og_locale":"de_DE","og_type":"article","og_title":"O-67M Heizbekleidung Adapter | DC2.5mm-Stecker > SAE | 13A max - OptiMate","og_description":"DC 2,5 Stecker - SAE","og_url":"https:\/\/optimate1.com\/product\/cbleo-67m\/","og_site_name":"OptiMate","article_publisher":"https:\/\/www.facebook.com\/OptiMatebatterysavingcharger\/","article_modified_time":"2026-02-26T13:18:40+00:00","og_image":[{"width":900,"height":900,"url":"https:\/\/optimate1.com\/wp-content\/uploads\/2019\/06\/O67M-1.png","type":"image\/png"}],"twitter_card":"summary_large_image","twitter_misc":{"Gesch\u00e4tzte Lesezeit":"1\u00a0Minute"},"schema":{"@context":"https:\/\/schema.org","@graph":[{"@type":"WebPage","@id":"https:\/\/optimate1.com\/product\/cbleo-67m\/","url":"https:\/\/optimate1.com\/product\/cbleo-67m\/","name":"O-67M Heizbekleidung Adapter | DC2.5mm-Stecker > SAE | 13A max - OptiMate","isPartOf":{"@id":"https:\/\/optimate1.com\/#website"},"primaryImageOfPage":{"@id":"https:\/\/optimate1.com\/product\/cbleo-67m\/#primaryimage"},"image":{"@id":"https:\/\/optimate1.com\/product\/cbleo-67m\/#primaryimage"},"thumbnailUrl":"https:\/\/optimate1.com\/wp-content\/uploads\/2019\/06\/O67M-1.png","datePublished":"2019-06-17T20:02:42+00:00","dateModified":"2026-02-26T13:18:40+00:00","breadcrumb":{"@id":"https:\/\/optimate1.com\/product\/cbleo-67m\/#breadcrumb"},"inLanguage":"de","potentialAction":[{"@type":"ReadAction","target":["https:\/\/optimate1.com\/product\/cbleo-67m\/"]}]},{"@type":"ImageObject","inLanguage":"de","@id":"https:\/\/optimate1.com\/product\/cbleo-67m\/#primaryimage","url":"https:\/\/optimate1.com\/wp-content\/uploads\/2019\/06\/O67M-1.png","contentUrl":"https:\/\/optimate1.com\/wp-content\/uploads\/2019\/06\/O67M-1.png","width":900,"height":900,"caption":"dc 2.5mm cable product image"},{"@type":"BreadcrumbList","@id":"https:\/\/optimate1.com\/product\/cbleo-67m\/#breadcrumb","itemListElement":[{"@type":"ListItem","position":1,"name":"Home","item":"https:\/\/optimate1.com\/"},{"@type":"ListItem","position":2,"name":"Produkte","item":"https:\/\/optimate1.com\/shop\/"},{"@type":"ListItem","position":3,"name":"O-67M Heizbekleidung Adapter | DC2.5mm-Stecker > SAE | 13A max"}]},{"@type":"WebSite","@id":"https:\/\/optimate1.com\/#website","url":"https:\/\/optimate1.com\/","name":"OptiMate","description":"Battery Chargers &amp; Accessories","publisher":{"@id":"https:\/\/optimate1.com\/#organization"},"potentialAction":[{"@type":"SearchAction","target":{"@type":"EntryPoint","urlTemplate":"https:\/\/optimate1.com\/?s={search_term_string}"},"query-input":{"@type":"PropertyValueSpecification","valueRequired":true,"valueName":"search_term_string"}}],"inLanguage":"de"},{"@type":"Organization","@id":"https:\/\/optimate1.com\/#organization","name":"OptiMate","url":"https:\/\/optimate1.com\/","logo":{"@type":"ImageObject","inLanguage":"de","@id":"https:\/\/optimate1.com\/#\/schema\/logo\/image\/","url":"https:\/\/optimate1.com\/wp-content\/uploads\/2021\/06\/optimate-hpbc-stacklogo.jpg","contentUrl":"https:\/\/optimate1.com\/wp-content\/uploads\/2021\/06\/optimate-hpbc-stacklogo.jpg","width":1025,"height":529,"caption":"OptiMate"},"image":{"@id":"https:\/\/optimate1.com\/#\/schema\/logo\/image\/"},"sameAs":["https:\/\/www.facebook.com\/OptiMatebatterysavingcharger\/"]}]}},"_links":{"self":[{"href":"https:\/\/optimate1.com\/de\/wp-json\/wp\/v2\/product\/9901","targetHints":{"allow":["GET"]}}],"collection":[{"href":"https:\/\/optimate1.com\/de\/wp-json\/wp\/v2\/product"}],"about":[{"href":"https:\/\/optimate1.com\/de\/wp-json\/wp\/v2\/types\/product"}],"wp:featuredmedia":[{"embeddable":true,"href":"https:\/\/optimate1.com\/de\/wp-json\/wp\/v2\/media\/5931"}],"wp:attachment":[{"href":"https:\/\/optimate1.com\/de\/wp-json\/wp\/v2\/media?parent=9901"}],"wp:term":[{"taxonomy":"product_brand","embeddable":true,"href":"https:\/\/optimate1.com\/de\/wp-json\/wp\/v2\/product_brand?post=9901"},{"taxonomy":"product_cat","embeddable":true,"href":"https:\/\/optimate1.com\/de\/wp-json\/wp\/v2\/product_cat?post=9901"},{"taxonomy":"product_tag","embeddable":true,"href":"https:\/\/optimate1.com\/de\/wp-json\/wp\/v2\/product_tag?post=9901"}],"curies":[{"name":"wp","href":"https:\/\/api.w.org\/{rel}","templated":true}]}}