{"id":9930,"date":"2019-06-17T09:32:55","date_gmt":"2019-06-17T13:32:55","guid":{"rendered":"https:\/\/optimate1.com\/product\/optimate-cable-o-11-x4\/"},"modified":"2026-02-25T04:30:28","modified_gmt":"2026-02-25T09:30:28","slug":"optimate-cable-o-11-x4","status":"publish","type":"product","link":"https:\/\/optimate1.com\/de\/product\/optimate-cable-o-11-x4\/","title":{"rendered":"O-11 Batteriekabel x4 |Ring\u00f6sen M8-M10 > SAE | 13A max"},"content":{"rendered":"<h3 class=\"entry-summary hidden-phone\"><strong>Schaffung eines permanenten Ladeanschlusses f\u00fcr Ihre 12-Volt-Fahrzeug-\/Boots-\/Ger\u00e4tebatterie.<\/strong><\/h3>\n<h6 style=\"text-align: center;\"><img loading=\"lazy\" decoding=\"async\" class=\"aligncenter wp-image-20876\" src=\"https:\/\/optimate1.com\/wp-content\/uploads\/2023\/04\/O-11-battery-connections-copy.png\" alt=\"50cm \/ 20\" width=\"528\" height=\"70\" \/><\/h6>\n<h6 style=\"text-align: center;\"><strong><span style=\"color: #10069f;\">Ideal f\u00fcr Batterieklemmen, die auf runde Batteriepole montiert werden, oder f\u00fcr Batterien mit eingebauten Schraubklemmen.<\/span><\/strong><\/h6>\n<h6 style=\"text-align: center;\"><img loading=\"lazy\" decoding=\"async\" class=\"aligncenter wp-image-20876\" src=\"https:\/\/optimate1.com\/wp-content\/uploads\/2023\/03\/O-11.png\" alt=\"Verstellbares, strapazierf\u00e4higes Formteil M8\" width=\"428\" height=\"70\" \/><\/h6>\n<h6 style=\"text-align: center;\"><strong><span style=\"color: #10069f;\"><b>Anpassbare Doppelringtechnik passend f\u00fcr alle Batteriepole <\/b><\/span><\/strong><i><span style=\"color: #10069f;\">&#8211; <\/span><\/i><strong><span style=\"color: #10069f;\"><b><i>Die Standardgr\u00f6\u00dfe der Ringanschl\u00fcsse ist M8 (5\/16&#8243;), anpassbar auf M10 (3\/8&#8243;).<\/i><\/b><\/span><\/strong><\/h6>\n<h6 style=\"text-align: center;\"><img loading=\"lazy\" decoding=\"async\" class=\"aligncenter wp-image-20876\" src=\"https:\/\/optimate1.com\/wp-content\/uploads\/2023\/03\/ziptie-slits.png\" alt=\"Slots f\u00fcr velcro \/ Kabel strap\" width=\"528\" height=\"70\" \/><\/h6>\n<h6 style=\"text-align: center;\"><strong><span style=\"color: #10069f;\"><b>Gesch\u00fctzter SAE-Anschluss <\/b><\/span><\/strong><span style=\"color: #10069f;\"><i>&#8211; <\/i><\/span><em><span style=\"color: #10069f;\">Gummikappe und Ummantelung verhindern das Eindringen von Wasser\/Schmutz und Schlitze f\u00fcr Rei\u00dfverschl\u00fcsse erlauben eine sichere Befestigung. <\/span><\/em><\/h6>\n<h6 style=\"text-align: center;\"><img loading=\"lazy\" decoding=\"async\" class=\"aligncenter wp-image-20876\" src=\"https:\/\/optimate1.com\/wp-content\/uploads\/2023\/03\/cable-length-O-11_V2.png\" alt=\"50cm \/ 20\" width=\"528\" height=\"70\" \/><\/h6>\n<h6 style=\"text-align: center;\"><strong><span style=\"color: #10069f;\"><b>Premium-Spezifikationen <\/b><\/span><\/strong><span style=\"color: #10069f;\"><i>\u2013 50 cm (20&#8243;) L\u00e4nge, 15A Sicherung, Kabel f\u00fcr -40\u00b0 geeignet, 10A (13A max.) Nennstrom, Standard-SAE-Ladestecker.<\/i><\/span><\/h6>\n<p>&nbsp;<\/p>\n<h4 style=\"text-align: center;\"><span style=\"text-decoration: underline;\"><strong>WEITERE MERKMALE:<\/strong><\/span><\/h4>\n<p style=\"text-align: center;\">\n<table id=\"tablepress-285\" class=\"tablepress tablepress-id-285\">\n<tbody class=\"row-hover\">\n<tr class=\"row-1\">\n\t<td class=\"column-1\"><a href=\"\"><img loading=\"lazy\" decoding=\"async\" src=\"https:\/\/optimate1.com\/wp-content\/uploads\/2023\/03\/Connection-part-2-copy-5.png\" alt=\"\" width=\"300\" height=\"50\" class=\"aligncenter size-medium wp-image-20982\" \/><\/a><body><h6><center>Zus\u00e4tzliche schwarze Kappe.<\/center><\/h6><\/body><\/td>\n<\/tr>\n<tr class=\"row-2\">\n\t<td class=\"column-1\"><a href=\"\"><img loading=\"lazy\" decoding=\"async\" src=\"https:\/\/optimate1.com\/wp-content\/uploads\/2023\/03\/SPT-2.png\" alt=\"\" width=\"300\" height=\"40\" class=\"aligncenter size-medium wp-image-20993\" \/><\/a><body><h6><center>Dickere Isolierung f\u00fcr besseren Schutz.<\/body><\/h6><\/center><\/td>\n<\/tr>\n<tr class=\"row-3\">\n\t<td class=\"column-1\"><a href=\"\"><img loading=\"lazy\" decoding=\"async\" src=\"https:\/\/optimate1.com\/wp-content\/uploads\/2023\/03\/16AWG.png\" alt=\"\" width=\"300\" height=\"40\" class=\"aligncenter size-medium wp-image-20993\" \/><\/a><body><h6><center>Bemessungsstrom: 10A Durchschn. \/ 13A max.<\/body><\/h6><\/center><\/td>\n<\/tr>\n<tr class=\"row-4\">\n\t<td class=\"column-1\"><a href=\"\"><img loading=\"lazy\" decoding=\"async\" src=\"https:\/\/optimate1.com\/wp-content\/uploads\/2021\/11\/weather-icon-copy_600px-01.png\" alt=\"\" width=\"600\" height=\"40\" class=\"aligncenter size-medium wp-image-21012\" \/><\/a><body><h6><center>Geeignet f\u00fcr Temperaturen und den Einsatz im Freien.<\/body><\/h6><\/center><\/td>\n<\/tr>\n<\/tbody>\n<\/table>\n<!-- #tablepress-285 from cache --><\/p>\n","protected":false},"excerpt":{"rendered":"<h3 class=\"entry-summary hidden-phone\"><span style=\"color: #cd202c;\">Witterungsbest\u00e4ndige Batteriezuleitung, Schwerlast\/Kfz\/Boot<\/span><\/h3>\n","protected":false},"featured_media":16196,"template":"","meta":[],"product_brand":[],"product_cat":[1061,2247,2248],"product_tag":[],"class_list":{"0":"post-9930","1":"product","2":"type-product","3":"status-publish","4":"has-post-thumbnail","6":"product_cat-cablesconnectors-de","7":"product_cat-marine-de","8":"product_cat-accessories-de","9":"pa_cable-type-battery-lead-de","10":"pa_connector-type-ring-m8-5-16-de","11":"pa_region-ca-de-2","12":"pa_region-eu-de-2","13":"pa_region-uk-de-2","14":"pa_region-us-de-2","15":"iside_cable_type-battery-lead-de","16":"iside_connector_type-ringe-m8-m10","17":"recommended_for-optimate-6-7-de","18":"recommended_for-optimate-g10-de","19":"compatible_with-batterie-auto-lkw-boot","20":"thunk-woo-product-list","21":"opn-qv-enable","22":"big-store-woo-hover-","23":"open-single-product-tab-horizontal","24":"open-shadow-","25":"open-shadow-hover-","27":"first","28":"instock","29":"featured","30":"shipping-taxable","31":"purchasable","32":"product-type-simple"},"yoast_head":"<!-- This site is optimized with the Yoast SEO plugin v27.2 - https:\/\/yoast.com\/product\/yoast-seo-wordpress\/ -->\n<title>O-11 Batteriekabel x4 |Ring\u00f6sen M8-M10 &gt; SAE | 13A max - OptiMate<\/title>\n<meta name=\"description\" content=\"Das OptiMate CABLE O-11 x4 ist ein Marine-Verbindungskabel f\u00fcr die Batterieverkabelung. Erfahren Sie mehr auf unserer Website!\" \/>\n<meta name=\"robots\" content=\"index, follow, max-snippet:-1, max-image-preview:large, max-video-preview:-1, noarchive\" \/>\n<link rel=\"canonical\" href=\"https:\/\/optimate1.com\/product\/cbleo-11x4\/\" \/>\n<meta property=\"og:locale\" content=\"de_DE\" \/>\n<meta property=\"og:type\" content=\"article\" \/>\n<meta property=\"og:title\" content=\"O-11 Batteriekabel x4 |Ring\u00f6sen M8-M10 &gt; SAE | 13A max - OptiMate\" \/>\n<meta property=\"og:description\" content=\"Das OptiMate CABLE O-11 x4 ist ein Marine-Verbindungskabel f\u00fcr die Batterieverkabelung. Erfahren Sie mehr auf unserer Website!\" \/>\n<meta property=\"og:url\" content=\"https:\/\/optimate1.com\/product\/cbleo-11x4\/\" \/>\n<meta property=\"og:site_name\" content=\"OptiMate\" \/>\n<meta property=\"article:publisher\" content=\"https:\/\/www.facebook.com\/OptiMatebatterysavingcharger\/\" \/>\n<meta property=\"article:modified_time\" content=\"2026-02-25T09:30:28+00:00\" \/>\n<meta property=\"og:image\" content=\"https:\/\/optimate1.com\/wp-content\/uploads\/2019\/06\/O11x4-1-2.jpg\" \/>\n\t<meta property=\"og:image:width\" content=\"900\" \/>\n\t<meta property=\"og:image:height\" content=\"900\" \/>\n\t<meta property=\"og:image:type\" content=\"image\/jpeg\" \/>\n<meta name=\"twitter:card\" content=\"summary_large_image\" \/>\n<meta name=\"twitter:label1\" content=\"Gesch\u00e4tzte Lesezeit\" \/>\n\t<meta name=\"twitter:data1\" content=\"2\u00a0Minuten\" \/>\n<script type=\"application\/ld+json\" class=\"yoast-schema-graph\">{\"@context\":\"https:\/\/schema.org\",\"@graph\":[{\"@type\":\"WebPage\",\"@id\":\"https:\/\/optimate1.com\/product\/cbleo-11x4\/\",\"url\":\"https:\/\/optimate1.com\/product\/cbleo-11x4\/\",\"name\":\"O-11 Batteriekabel x4 |Ring\u00f6sen M8-M10 > SAE | 13A max - OptiMate\",\"isPartOf\":{\"@id\":\"https:\/\/optimate1.com\/#website\"},\"primaryImageOfPage\":{\"@id\":\"https:\/\/optimate1.com\/product\/cbleo-11x4\/#primaryimage\"},\"image\":{\"@id\":\"https:\/\/optimate1.com\/product\/cbleo-11x4\/#primaryimage\"},\"thumbnailUrl\":\"https:\/\/optimate1.com\/wp-content\/uploads\/2019\/06\/O11x4-1-2.jpg\",\"datePublished\":\"2019-06-17T13:32:55+00:00\",\"dateModified\":\"2026-02-25T09:30:28+00:00\",\"description\":\"Das OptiMate CABLE O-11 x4 ist ein Marine-Verbindungskabel f\u00fcr die Batterieverkabelung. Erfahren Sie mehr auf unserer Website!\",\"breadcrumb\":{\"@id\":\"https:\/\/optimate1.com\/product\/cbleo-11x4\/#breadcrumb\"},\"inLanguage\":\"de\",\"potentialAction\":[{\"@type\":\"ReadAction\",\"target\":[\"https:\/\/optimate1.com\/product\/cbleo-11x4\/\"]}]},{\"@type\":\"ImageObject\",\"inLanguage\":\"de\",\"@id\":\"https:\/\/optimate1.com\/product\/cbleo-11x4\/#primaryimage\",\"url\":\"https:\/\/optimate1.com\/wp-content\/uploads\/2019\/06\/O11x4-1-2.jpg\",\"contentUrl\":\"https:\/\/optimate1.com\/wp-content\/uploads\/2019\/06\/O11x4-1-2.jpg\",\"width\":900,\"height\":900,\"caption\":\"battery wiring marine product image\"},{\"@type\":\"BreadcrumbList\",\"@id\":\"https:\/\/optimate1.com\/product\/cbleo-11x4\/#breadcrumb\",\"itemListElement\":[{\"@type\":\"ListItem\",\"position\":1,\"name\":\"Home\",\"item\":\"https:\/\/optimate1.com\/\"},{\"@type\":\"ListItem\",\"position\":2,\"name\":\"Produkte\",\"item\":\"https:\/\/optimate1.com\/shop\/\"},{\"@type\":\"ListItem\",\"position\":3,\"name\":\"OptiMate CABLE O-11 x4\"}]},{\"@type\":\"WebSite\",\"@id\":\"https:\/\/optimate1.com\/#website\",\"url\":\"https:\/\/optimate1.com\/\",\"name\":\"OptiMate\",\"description\":\"Battery Chargers &amp; Accessories\",\"publisher\":{\"@id\":\"https:\/\/optimate1.com\/#organization\"},\"potentialAction\":[{\"@type\":\"SearchAction\",\"target\":{\"@type\":\"EntryPoint\",\"urlTemplate\":\"https:\/\/optimate1.com\/?s={search_term_string}\"},\"query-input\":{\"@type\":\"PropertyValueSpecification\",\"valueRequired\":true,\"valueName\":\"search_term_string\"}}],\"inLanguage\":\"de\"},{\"@type\":\"Organization\",\"@id\":\"https:\/\/optimate1.com\/#organization\",\"name\":\"OptiMate\",\"url\":\"https:\/\/optimate1.com\/\",\"logo\":{\"@type\":\"ImageObject\",\"inLanguage\":\"de\",\"@id\":\"https:\/\/optimate1.com\/#\/schema\/logo\/image\/\",\"url\":\"https:\/\/optimate1.com\/wp-content\/uploads\/2021\/06\/optimate-hpbc-stacklogo.jpg\",\"contentUrl\":\"https:\/\/optimate1.com\/wp-content\/uploads\/2021\/06\/optimate-hpbc-stacklogo.jpg\",\"width\":1025,\"height\":529,\"caption\":\"OptiMate\"},\"image\":{\"@id\":\"https:\/\/optimate1.com\/#\/schema\/logo\/image\/\"},\"sameAs\":[\"https:\/\/www.facebook.com\/OptiMatebatterysavingcharger\/\"]}]}<\/script>\n<!-- \/ Yoast SEO plugin. -->","yoast_head_json":{"title":"O-11 Batteriekabel x4 |Ring\u00f6sen M8-M10 > SAE | 13A max - OptiMate","description":"Das OptiMate CABLE O-11 x4 ist ein Marine-Verbindungskabel f\u00fcr die Batterieverkabelung. Erfahren Sie mehr auf unserer Website!","robots":{"index":"index","follow":"follow","max-snippet":"max-snippet:-1","max-image-preview":"max-image-preview:large","max-video-preview":"max-video-preview:-1","archive":"noarchive"},"canonical":"https:\/\/optimate1.com\/product\/cbleo-11x4\/","og_locale":"de_DE","og_type":"article","og_title":"O-11 Batteriekabel x4 |Ring\u00f6sen M8-M10 > SAE | 13A max - OptiMate","og_description":"Das OptiMate CABLE O-11 x4 ist ein Marine-Verbindungskabel f\u00fcr die Batterieverkabelung. Erfahren Sie mehr auf unserer Website!","og_url":"https:\/\/optimate1.com\/product\/cbleo-11x4\/","og_site_name":"OptiMate","article_publisher":"https:\/\/www.facebook.com\/OptiMatebatterysavingcharger\/","article_modified_time":"2026-02-25T09:30:28+00:00","og_image":[{"width":900,"height":900,"url":"https:\/\/optimate1.com\/wp-content\/uploads\/2019\/06\/O11x4-1-2.jpg","type":"image\/jpeg"}],"twitter_card":"summary_large_image","twitter_misc":{"Gesch\u00e4tzte Lesezeit":"2\u00a0Minuten"},"schema":{"@context":"https:\/\/schema.org","@graph":[{"@type":"WebPage","@id":"https:\/\/optimate1.com\/product\/cbleo-11x4\/","url":"https:\/\/optimate1.com\/product\/cbleo-11x4\/","name":"O-11 Batteriekabel x4 |Ring\u00f6sen M8-M10 > SAE | 13A max - OptiMate","isPartOf":{"@id":"https:\/\/optimate1.com\/#website"},"primaryImageOfPage":{"@id":"https:\/\/optimate1.com\/product\/cbleo-11x4\/#primaryimage"},"image":{"@id":"https:\/\/optimate1.com\/product\/cbleo-11x4\/#primaryimage"},"thumbnailUrl":"https:\/\/optimate1.com\/wp-content\/uploads\/2019\/06\/O11x4-1-2.jpg","datePublished":"2019-06-17T13:32:55+00:00","dateModified":"2026-02-25T09:30:28+00:00","description":"Das OptiMate CABLE O-11 x4 ist ein Marine-Verbindungskabel f\u00fcr die Batterieverkabelung. Erfahren Sie mehr auf unserer Website!","breadcrumb":{"@id":"https:\/\/optimate1.com\/product\/cbleo-11x4\/#breadcrumb"},"inLanguage":"de","potentialAction":[{"@type":"ReadAction","target":["https:\/\/optimate1.com\/product\/cbleo-11x4\/"]}]},{"@type":"ImageObject","inLanguage":"de","@id":"https:\/\/optimate1.com\/product\/cbleo-11x4\/#primaryimage","url":"https:\/\/optimate1.com\/wp-content\/uploads\/2019\/06\/O11x4-1-2.jpg","contentUrl":"https:\/\/optimate1.com\/wp-content\/uploads\/2019\/06\/O11x4-1-2.jpg","width":900,"height":900,"caption":"battery wiring marine product image"},{"@type":"BreadcrumbList","@id":"https:\/\/optimate1.com\/product\/cbleo-11x4\/#breadcrumb","itemListElement":[{"@type":"ListItem","position":1,"name":"Home","item":"https:\/\/optimate1.com\/"},{"@type":"ListItem","position":2,"name":"Produkte","item":"https:\/\/optimate1.com\/shop\/"},{"@type":"ListItem","position":3,"name":"OptiMate CABLE O-11 x4"}]},{"@type":"WebSite","@id":"https:\/\/optimate1.com\/#website","url":"https:\/\/optimate1.com\/","name":"OptiMate","description":"Battery Chargers &amp; Accessories","publisher":{"@id":"https:\/\/optimate1.com\/#organization"},"potentialAction":[{"@type":"SearchAction","target":{"@type":"EntryPoint","urlTemplate":"https:\/\/optimate1.com\/?s={search_term_string}"},"query-input":{"@type":"PropertyValueSpecification","valueRequired":true,"valueName":"search_term_string"}}],"inLanguage":"de"},{"@type":"Organization","@id":"https:\/\/optimate1.com\/#organization","name":"OptiMate","url":"https:\/\/optimate1.com\/","logo":{"@type":"ImageObject","inLanguage":"de","@id":"https:\/\/optimate1.com\/#\/schema\/logo\/image\/","url":"https:\/\/optimate1.com\/wp-content\/uploads\/2021\/06\/optimate-hpbc-stacklogo.jpg","contentUrl":"https:\/\/optimate1.com\/wp-content\/uploads\/2021\/06\/optimate-hpbc-stacklogo.jpg","width":1025,"height":529,"caption":"OptiMate"},"image":{"@id":"https:\/\/optimate1.com\/#\/schema\/logo\/image\/"},"sameAs":["https:\/\/www.facebook.com\/OptiMatebatterysavingcharger\/"]}]}},"_links":{"self":[{"href":"https:\/\/optimate1.com\/de\/wp-json\/wp\/v2\/product\/9930","targetHints":{"allow":["GET"]}}],"collection":[{"href":"https:\/\/optimate1.com\/de\/wp-json\/wp\/v2\/product"}],"about":[{"href":"https:\/\/optimate1.com\/de\/wp-json\/wp\/v2\/types\/product"}],"wp:featuredmedia":[{"embeddable":true,"href":"https:\/\/optimate1.com\/de\/wp-json\/wp\/v2\/media\/16196"}],"wp:attachment":[{"href":"https:\/\/optimate1.com\/de\/wp-json\/wp\/v2\/media?parent=9930"}],"wp:term":[{"taxonomy":"product_brand","embeddable":true,"href":"https:\/\/optimate1.com\/de\/wp-json\/wp\/v2\/product_brand?post=9930"},{"taxonomy":"product_cat","embeddable":true,"href":"https:\/\/optimate1.com\/de\/wp-json\/wp\/v2\/product_cat?post=9930"},{"taxonomy":"product_tag","embeddable":true,"href":"https:\/\/optimate1.com\/de\/wp-json\/wp\/v2\/product_tag?post=9930"}],"curies":[{"name":"wp","href":"https:\/\/api.w.org\/{rel}","templated":true}]}}