{"id":11643,"date":"2019-07-25T14:31:23","date_gmt":"2019-07-25T18:31:23","guid":{"rendered":"https:\/\/optimate1.com\/?page_id=11643"},"modified":"2024-12-11T10:31:37","modified_gmt":"2024-12-11T15:31:37","slug":"declaracion-de-privacidad","status":"publish","type":"page","link":"https:\/\/optimate1.com\/es\/declaracion-de-privacidad\/","title":{"rendered":"Declaraci\u00f3n de privacidad"},"content":{"rendered":"<p>Tecmate otorga una gran importancia a la protecci\u00f3n de sus datos personales y su privacidad. En esta Declaraci\u00f3n de privacidad queremos proporcionar informaci\u00f3n clara y transparente sobre los datos que recopilamos y sobre c\u00f3mo tratamos los datos personales. Hacemos todo lo posible para garantizar su privacidad, por lo que tratamos los datos personales con cuidado. Tecmate cumple la legislaci\u00f3n y la normativa vigentes en todos los casos, incluido el RGPD de 25 de mayo de 2018.<\/p>\n<p>En Tecmate somos responsables del tratamiento de sus datos personales. Si, tras leer nuestra Declaraci\u00f3n de privacidad o en general, tiene alguna pregunta sobre ello o le gustar\u00eda ponerse en contacto con nosotros, puede hacerlo mediante la informaci\u00f3n de contacto siguiente:<\/p>\n<p>TECMATE INTERNATIONAL<br \/>\nNeringstraat 14<br \/>\n3300 Tienen<br \/>\nBelgium<\/p>\n<h1>\u00bfPor qu\u00e9 tratamos sus datos personales?<\/h1>\n<p>Tecmate trata sus datos personales con los siguientes fines:<\/p>\n<h3>Ejecuci\u00f3n de un acuerdo relativo a la entrega de productos de Tecmate.<\/h3>\n<p>Tratamos sus datos personales en el contexto de pedidos, contabilidad y emisi\u00f3n de facturas, as\u00ed como para mantenerle informado sobre el estado de sus pedidos.<\/p>\n<p>Para ello, Tecmate recopila los siguientes datos personales: apellidos, nombre, cargo, puesto, direcci\u00f3n de correo electr\u00f3nico, n\u00famero de tel\u00e9fono, n\u00famero de tel\u00e9fono m\u00f3vil, direcci\u00f3n de la empresa, idioma de la empresa y pa\u00eds en el que se ubica la empresa.<\/p>\n<p>El tratamiento de los datos personales para el fin descrito anteriormente es necesario para la ejecuci\u00f3n de un acuerdo.<\/p>\n<h3>Marketing y comunicaci\u00f3n<\/h3>\n<p>Mantenemos a los importadores y distribuidores actualizados sobre nuestros productos, listas de precios, promociones y lanzamientos de productos, informaci\u00f3n relevante, etc.<\/p>\n<p>Los distribuidores reciben correspondencia informativa y formativa de Tecmate sobre bater\u00edas y cargadores de bater\u00edas.<\/p>\n<p>Con el fin indicado anteriormente, solicitamos, recopilamos y tratamos la siguiente informaci\u00f3n: apellidos, nombre, cargo, puesto, direcci\u00f3n de correo electr\u00f3nico, n\u00famero de tel\u00e9fono, n\u00famero de tel\u00e9fono m\u00f3vil, direcci\u00f3n de la empresa, idioma de la empresa y pa\u00eds en el que se ubica la empresa.<\/p>\n<p>El tratamiento de los datos personales con el fin descrito anteriormente se basa en necesidades leg\u00edtimas.<\/p>\n<h3>Atenci\u00f3n al cliente<\/h3>\n<p>Para poder responder a sus preguntas y ofrecerle el mejor servicio posible, recopilamos los siguientes datos: apellidos, nombre y su direcci\u00f3n de correo electr\u00f3nico.<\/p>\n<p>El tratamiento de los datos personales con el fin descrito anteriormente se basa en necesidades leg\u00edtimas y tiene la finalidad de ejecutar un acuerdo.<\/p>\n<h3>Fines jur\u00eddicos<\/h3>\n<p>En determinados casos, debemos emplear su informaci\u00f3n para gestionar y resolver litigios judiciales o con fines de investigaci\u00f3n o cumplimiento requeridos por la legislaci\u00f3n y la normativa.<\/p>\n<p>El tratamiento de los datos personales con el fin descrito anteriormente se basa en necesidades leg\u00edtimas.<\/p>\n<p>Detecci\u00f3n y prevenci\u00f3n de fraudes<\/p>\n<p>Podremos utilizar sus datos personales para detectar y prevenir fraudes y otras actividades ilegales.<\/p>\n<p>El tratamiento de los datos personales con el fin descrito anteriormente se basa en un requisito legal.<\/p>\n<h3>Identificaci\u00f3n y recopilaci\u00f3n de informaci\u00f3n sobre visitas al sitio web<\/h3>\n<p>En el sitio web de la empresa se registran datos generales sobre cada visita, incluida la direcci\u00f3n IP de su ordenador, la hora a la que se recupera la informaci\u00f3n y los datos que env\u00eda su navegador. Estos datos se utilizan para analizar las visitas al sitio web y el comportamiento de clics en dicho sitio.<\/p>\n<p>Tecmate utiliza esta informaci\u00f3n para mejorar el funcionamiento del sitio web. Para ello, emplea Google Analytics. La informaci\u00f3n obtenida por estos medios, incluida la direcci\u00f3n IP de su ordenador, se transfiere a Google, que la almacena en sus servidores.<\/p>\n<p>Google utiliza esta informaci\u00f3n para controlar el modo en el que se emplea nuestro sitio web para poder proporcionar informes sobre el sitio web e informaci\u00f3n sobre la eficacia de las campa\u00f1as a Tecmate.<\/p>\n<p>Google puede ofrecer esta informaci\u00f3n a terceros \u00fanicamente cuando se le requiera legalmente hacerlo o siempre que dichos terceros traten la informaci\u00f3n en su nombre. Tecmate no influye de manera alguna en ello.<\/p>\n<p>Tecmate no ha dado permiso a Google para utilizar la informaci\u00f3n de Analytics obtenida a trav\u00e9s de Tecmate para otros servicios de Google.<\/p>\n<p>El tratamiento de los datos personales con el fin descrito anteriormente se basa en necesidades leg\u00edtimas.<\/p>\n<p>Utilizamos los datos recopilados exclusivamente con los fines para los que los hemos obtenido.<\/p>\n<p>Tratamos los datos que usted, como titular de los datos, comparte cuando se convierte en cliente de nuestros servicios. Tambi\u00e9n tratamos datos personales que usted, como titular de los datos, no nos ha proporcionado, como los datos personales proporcionados respecto a los empleados. Los datos personales tambi\u00e9n pueden provenir de fuentes p\u00fablicas, como Crossroads Bank for Enterprises, el Bolet\u00edn Oficial de B\u00e9lgica y sus anexos, etc.<\/p>\n<h1>Provisi\u00f3n de datos a terceros<\/h1>\n<p>Podemos proporcionar la informaci\u00f3n que nos suministra a terceros si as\u00ed lo requiere y lo permite la legislaci\u00f3n.<\/p>\n<p>Podemos proporcionar la informaci\u00f3n que nos suministra a terceros si es necesario para los fines descritos anteriormente. En tales casos, este reenv\u00edo de informaci\u00f3n se realiza en el contexto de su solicitud o pedido.<\/p>\n<p>Tambi\u00e9n podemos compartir sus datos personales con terceros si usted ha otorgado su consentimiento. Tendr\u00e1 derecho a revocar este consentimiento en cualquier momento, sin perjuicio de la legalidad del tratamiento antes de dicha revocaci\u00f3n.<\/p>\n<p>Con la excepci\u00f3n de los casos mencionados anteriormente, nunca enviaremos datos personales a terceros.<\/p>\n<p>En ninguna circunstancia proporcionaremos datos personales a terceros establecidos fuera de la UE.<\/p>\n<h3>Menores<\/h3>\n<p>En ning\u00fan caso tratamos los datos de personas menores de 16 a\u00f1os.<\/p>\n<h3>Periodo de retenci\u00f3n<\/h3>\n<p>Tecmate no almacena datos personales durante un periodo superior al necesario para los fines para los que se han proporcionado y necesario por ley.<\/p>\n<p><img loading=\"lazy\" decoding=\"async\" class=\"alignnone size-full wp-image-11663\" src=\"https:\/\/optimate1.com\/wp-content\/uploads\/2019\/07\/privtable-es.png\" alt=\"\" width=\"588\" height=\"262\" srcset=\"https:\/\/optimate1.com\/wp-content\/uploads\/2019\/07\/privtable-es.png 588w, https:\/\/optimate1.com\/wp-content\/uploads\/2019\/07\/privtable-es-64x29.png 64w, https:\/\/optimate1.com\/wp-content\/uploads\/2019\/07\/privtable-es-300x134.png 300w\" sizes=\"auto, (max-width: 588px) 100vw, 588px\" \/><\/p>\n<p>Tras la finalizaci\u00f3n de los periodos mencionados anteriormente, los datos personales se eliminan, salvo que la legislaci\u00f3n vigente estipule un periodo de retenci\u00f3n superior.<\/p>\n<h3>Protecci\u00f3n de los datos<\/h3>\n<p>Hemos tomado las medidas t\u00e9cnicas y organizativas adecuadas para proteger sus datos personales frente a un tratamiento il\u00edcito.<\/p>\n<p>Por ejemplo, hemos adoptado las siguientes medidas:<\/p>\n<ul>\n<li>Todas las personas que tienen acceso a sus datos en nombre de Tecmate est\u00e1n sometidas a la confidencialidad.<\/li>\n<li>Utilizamos una pol\u00edtica de nombre de usuario y contrase\u00f1a en todos nuestros sistemas.<\/li>\n<li>Hacemos copias de seguridad de los datos personales para poder restaurarlos en caso de incidentes f\u00edsicos o t\u00e9cnicos.<\/li>\n<li>Probamos y evaluamos nuestras medidas peri\u00f3dicamente.<\/li>\n<li>Todo el personal de Tecmate est\u00e1 informado sobre la importancia de proteger los datos personales.<\/li>\n<li>Los edificios de nuestra empresa cuentan con un sistema de alarmas.<\/li>\n<\/ul>\n<h3>Sus derechos respecto a los datos<\/h3>\n<p>Tiene derecho a acceder a, corregir y eliminar los datos personales que nos haya enviado. Puede encontrar nuestra informaci\u00f3n de contacto al principio de esta Declaraci\u00f3n de privacidad. Tambi\u00e9n podr\u00e1 oponerse al tratamiento de sus datos personales (o una parte de los mismos) por parte de Tecmate o uno de sus encargados del tratamiento. Tambi\u00e9n tiene derecho a que los datos que nos haya proporcionado se le transfieran directamente o a un tercero si as\u00ed lo solicita. Antes de atender a tales solicitudes, es posible que le pidamos una prueba de identidad.<\/p>\n<h3>Reclamaciones<\/h3>\n<p>Si tiene alguna reclamaci\u00f3n sobre el tratamiento de sus datos personales, le pedimos que se ponga en contacto con nosotros inmediatamente. Siempre tiene derecho a presentar una reclamaci\u00f3n ante la Comisi\u00f3n de Protecci\u00f3n de Datos de B\u00e9lgica, la autoridad de supervisi\u00f3n en el \u00e1mbito de la protecci\u00f3n de la privacidad.<\/p>\n<h3>Cambios en la Declaraci\u00f3n de privacidad<\/h3>\n<p>Tecmate puede modificar la Declaraci\u00f3n de privacidad. En ese caso, anunciaremos los cambios en nuestro sitio web.<\/p>\n","protected":false},"excerpt":{"rendered":"<p>Tecmate otorga una gran importancia a la protecci\u00f3n de sus datos personales y su privacidad. En esta Declaraci\u00f3n de privacidad queremos proporcionar informaci\u00f3n clara y transparente sobre los datos que recopilamos y sobre c\u00f3mo tratamos los datos personales. Hacemos todo lo posible para garantizar su privacidad, por lo que tratamos los datos personales con cuidado. &hellip;<\/p>\n<p class=\"read-more\"> <a class=\" thunk-readmore button \" href=\"https:\/\/optimate1.com\/es\/declaracion-de-privacidad\/\"> <span class=\"screen-reader-text\">Declaraci\u00f3n de privacidad<\/span>Leer m\u00e1s<\/a><\/p>\n","protected":false},"author":12,"featured_media":0,"parent":0,"menu_order":90,"comment_status":"closed","ping_status":"closed","template":"","meta":{"footnotes":""},"class_list":["post-11643","page","type-page","status-publish","hentry","thunk-woo-product-list","opn-qv-enable","big-store-woo-hover-","open-single-product-tab-horizontal","open-shadow-","open-shadow-hover-"],"yoast_head":"<!-- This site is optimized with the Yoast SEO plugin v27.2 - https:\/\/yoast.com\/product\/yoast-seo-wordpress\/ -->\n<title>Declaraci\u00f3n de privacidad - OptiMate<\/title>\n<meta name=\"robots\" content=\"index, follow, max-snippet:-1, max-image-preview:large, max-video-preview:-1\" \/>\n<link rel=\"canonical\" href=\"https:\/\/optimate1.com\/privacy-statement\/\" \/>\n<meta property=\"og:locale\" content=\"es_ES\" \/>\n<meta property=\"og:type\" content=\"article\" \/>\n<meta property=\"og:title\" content=\"Declaraci\u00f3n de privacidad - OptiMate\" \/>\n<meta property=\"og:description\" content=\"Tecmate otorga una gran importancia a la protecci\u00f3n de sus datos personales y su privacidad. En esta Declaraci\u00f3n de privacidad queremos proporcionar informaci\u00f3n clara y transparente sobre los datos que recopilamos y sobre c\u00f3mo tratamos los datos personales. Hacemos todo lo posible para garantizar su privacidad, por lo que tratamos los datos personales con cuidado. &hellip; Declaraci\u00f3n de privacidadLeer m\u00e1s\" \/>\n<meta property=\"og:url\" content=\"https:\/\/optimate1.com\/privacy-statement\/\" \/>\n<meta property=\"og:site_name\" content=\"OptiMate\" \/>\n<meta property=\"article:publisher\" content=\"https:\/\/www.facebook.com\/OptiMatebatterysavingcharger\/\" \/>\n<meta property=\"article:modified_time\" content=\"2024-12-11T15:31:37+00:00\" \/>\n<meta property=\"og:image\" content=\"https:\/\/optimate1.com\/wp-content\/uploads\/2019\/07\/privtable-es.png\" \/>\n\t<meta property=\"og:image:width\" content=\"588\" \/>\n\t<meta property=\"og:image:height\" content=\"262\" \/>\n\t<meta property=\"og:image:type\" content=\"image\/png\" \/>\n<meta name=\"twitter:card\" content=\"summary_large_image\" \/>\n<meta name=\"twitter:label1\" content=\"Tiempo de lectura\" \/>\n\t<meta name=\"twitter:data1\" content=\"6 minutos\" \/>\n<script type=\"application\/ld+json\" class=\"yoast-schema-graph\">{\"@context\":\"https:\/\/schema.org\",\"@graph\":[{\"@type\":\"WebPage\",\"@id\":\"https:\/\/optimate1.com\/privacy-statement\/\",\"url\":\"https:\/\/optimate1.com\/privacy-statement\/\",\"name\":\"Declaraci\u00f3n de privacidad - OptiMate\",\"isPartOf\":{\"@id\":\"https:\/\/optimate1.com\/#website\"},\"primaryImageOfPage\":{\"@id\":\"https:\/\/optimate1.com\/privacy-statement\/#primaryimage\"},\"image\":{\"@id\":\"https:\/\/optimate1.com\/privacy-statement\/#primaryimage\"},\"thumbnailUrl\":\"https:\/\/optimate1.com\/wp-content\/uploads\/2019\/07\/privtable-es.png\",\"datePublished\":\"2019-07-25T18:31:23+00:00\",\"dateModified\":\"2024-12-11T15:31:37+00:00\",\"breadcrumb\":{\"@id\":\"https:\/\/optimate1.com\/privacy-statement\/#breadcrumb\"},\"inLanguage\":\"es\",\"potentialAction\":[{\"@type\":\"ReadAction\",\"target\":[\"https:\/\/optimate1.com\/privacy-statement\/\"]}]},{\"@type\":\"ImageObject\",\"inLanguage\":\"es\",\"@id\":\"https:\/\/optimate1.com\/privacy-statement\/#primaryimage\",\"url\":\"https:\/\/optimate1.com\/wp-content\/uploads\/2019\/07\/privtable-es.png\",\"contentUrl\":\"https:\/\/optimate1.com\/wp-content\/uploads\/2019\/07\/privtable-es.png\"},{\"@type\":\"BreadcrumbList\",\"@id\":\"https:\/\/optimate1.com\/privacy-statement\/#breadcrumb\",\"itemListElement\":[{\"@type\":\"ListItem\",\"position\":1,\"name\":\"Home\",\"item\":\"https:\/\/optimate1.com\/\"},{\"@type\":\"ListItem\",\"position\":2,\"name\":\"Declaraci\u00f3n de privacidad\"}]},{\"@type\":\"WebSite\",\"@id\":\"https:\/\/optimate1.com\/#website\",\"url\":\"https:\/\/optimate1.com\/\",\"name\":\"OptiMate\",\"description\":\"Battery Chargers &amp; Accessories\",\"publisher\":{\"@id\":\"https:\/\/optimate1.com\/#organization\"},\"potentialAction\":[{\"@type\":\"SearchAction\",\"target\":{\"@type\":\"EntryPoint\",\"urlTemplate\":\"https:\/\/optimate1.com\/?s={search_term_string}\"},\"query-input\":{\"@type\":\"PropertyValueSpecification\",\"valueRequired\":true,\"valueName\":\"search_term_string\"}}],\"inLanguage\":\"es\"},{\"@type\":\"Organization\",\"@id\":\"https:\/\/optimate1.com\/#organization\",\"name\":\"OptiMate\",\"url\":\"https:\/\/optimate1.com\/\",\"logo\":{\"@type\":\"ImageObject\",\"inLanguage\":\"es\",\"@id\":\"https:\/\/optimate1.com\/#\/schema\/logo\/image\/\",\"url\":\"https:\/\/optimate1.com\/wp-content\/uploads\/2021\/06\/optimate-hpbc-stacklogo.jpg\",\"contentUrl\":\"https:\/\/optimate1.com\/wp-content\/uploads\/2021\/06\/optimate-hpbc-stacklogo.jpg\",\"width\":1025,\"height\":529,\"caption\":\"OptiMate\"},\"image\":{\"@id\":\"https:\/\/optimate1.com\/#\/schema\/logo\/image\/\"},\"sameAs\":[\"https:\/\/www.facebook.com\/OptiMatebatterysavingcharger\/\"]}]}<\/script>\n<!-- \/ Yoast SEO plugin. -->","yoast_head_json":{"title":"Declaraci\u00f3n de privacidad - OptiMate","robots":{"index":"index","follow":"follow","max-snippet":"max-snippet:-1","max-image-preview":"max-image-preview:large","max-video-preview":"max-video-preview:-1"},"canonical":"https:\/\/optimate1.com\/privacy-statement\/","og_locale":"es_ES","og_type":"article","og_title":"Declaraci\u00f3n de privacidad - OptiMate","og_description":"Tecmate otorga una gran importancia a la protecci\u00f3n de sus datos personales y su privacidad. En esta Declaraci\u00f3n de privacidad queremos proporcionar informaci\u00f3n clara y transparente sobre los datos que recopilamos y sobre c\u00f3mo tratamos los datos personales. Hacemos todo lo posible para garantizar su privacidad, por lo que tratamos los datos personales con cuidado. &hellip; Declaraci\u00f3n de privacidadLeer m\u00e1s","og_url":"https:\/\/optimate1.com\/privacy-statement\/","og_site_name":"OptiMate","article_publisher":"https:\/\/www.facebook.com\/OptiMatebatterysavingcharger\/","article_modified_time":"2024-12-11T15:31:37+00:00","og_image":[{"width":588,"height":262,"url":"https:\/\/optimate1.com\/wp-content\/uploads\/2019\/07\/privtable-es.png","type":"image\/png"}],"twitter_card":"summary_large_image","twitter_misc":{"Tiempo de lectura":"6 minutos"},"schema":{"@context":"https:\/\/schema.org","@graph":[{"@type":"WebPage","@id":"https:\/\/optimate1.com\/privacy-statement\/","url":"https:\/\/optimate1.com\/privacy-statement\/","name":"Declaraci\u00f3n de privacidad - OptiMate","isPartOf":{"@id":"https:\/\/optimate1.com\/#website"},"primaryImageOfPage":{"@id":"https:\/\/optimate1.com\/privacy-statement\/#primaryimage"},"image":{"@id":"https:\/\/optimate1.com\/privacy-statement\/#primaryimage"},"thumbnailUrl":"https:\/\/optimate1.com\/wp-content\/uploads\/2019\/07\/privtable-es.png","datePublished":"2019-07-25T18:31:23+00:00","dateModified":"2024-12-11T15:31:37+00:00","breadcrumb":{"@id":"https:\/\/optimate1.com\/privacy-statement\/#breadcrumb"},"inLanguage":"es","potentialAction":[{"@type":"ReadAction","target":["https:\/\/optimate1.com\/privacy-statement\/"]}]},{"@type":"ImageObject","inLanguage":"es","@id":"https:\/\/optimate1.com\/privacy-statement\/#primaryimage","url":"https:\/\/optimate1.com\/wp-content\/uploads\/2019\/07\/privtable-es.png","contentUrl":"https:\/\/optimate1.com\/wp-content\/uploads\/2019\/07\/privtable-es.png"},{"@type":"BreadcrumbList","@id":"https:\/\/optimate1.com\/privacy-statement\/#breadcrumb","itemListElement":[{"@type":"ListItem","position":1,"name":"Home","item":"https:\/\/optimate1.com\/"},{"@type":"ListItem","position":2,"name":"Declaraci\u00f3n de privacidad"}]},{"@type":"WebSite","@id":"https:\/\/optimate1.com\/#website","url":"https:\/\/optimate1.com\/","name":"OptiMate","description":"Battery Chargers &amp; Accessories","publisher":{"@id":"https:\/\/optimate1.com\/#organization"},"potentialAction":[{"@type":"SearchAction","target":{"@type":"EntryPoint","urlTemplate":"https:\/\/optimate1.com\/?s={search_term_string}"},"query-input":{"@type":"PropertyValueSpecification","valueRequired":true,"valueName":"search_term_string"}}],"inLanguage":"es"},{"@type":"Organization","@id":"https:\/\/optimate1.com\/#organization","name":"OptiMate","url":"https:\/\/optimate1.com\/","logo":{"@type":"ImageObject","inLanguage":"es","@id":"https:\/\/optimate1.com\/#\/schema\/logo\/image\/","url":"https:\/\/optimate1.com\/wp-content\/uploads\/2021\/06\/optimate-hpbc-stacklogo.jpg","contentUrl":"https:\/\/optimate1.com\/wp-content\/uploads\/2021\/06\/optimate-hpbc-stacklogo.jpg","width":1025,"height":529,"caption":"OptiMate"},"image":{"@id":"https:\/\/optimate1.com\/#\/schema\/logo\/image\/"},"sameAs":["https:\/\/www.facebook.com\/OptiMatebatterysavingcharger\/"]}]}},"_links":{"self":[{"href":"https:\/\/optimate1.com\/es\/wp-json\/wp\/v2\/pages\/11643","targetHints":{"allow":["GET"]}}],"collection":[{"href":"https:\/\/optimate1.com\/es\/wp-json\/wp\/v2\/pages"}],"about":[{"href":"https:\/\/optimate1.com\/es\/wp-json\/wp\/v2\/types\/page"}],"author":[{"embeddable":true,"href":"https:\/\/optimate1.com\/es\/wp-json\/wp\/v2\/users\/12"}],"replies":[{"embeddable":true,"href":"https:\/\/optimate1.com\/es\/wp-json\/wp\/v2\/comments?post=11643"}],"version-history":[{"count":1,"href":"https:\/\/optimate1.com\/es\/wp-json\/wp\/v2\/pages\/11643\/revisions"}],"predecessor-version":[{"id":38070,"href":"https:\/\/optimate1.com\/es\/wp-json\/wp\/v2\/pages\/11643\/revisions\/38070"}],"wp:attachment":[{"href":"https:\/\/optimate1.com\/es\/wp-json\/wp\/v2\/media?parent=11643"}],"curies":[{"name":"wp","href":"https:\/\/api.w.org\/{rel}","templated":true}]}}