{"id":27336,"date":"2021-09-30T07:25:15","date_gmt":"2021-09-30T11:25:15","guid":{"rendered":"https:\/\/optimate1.com\/power-plugs\/"},"modified":"2021-09-30T08:12:08","modified_gmt":"2021-09-30T12:12:08","slug":"power-plugs","status":"publish","type":"page","link":"https:\/\/optimate1.com\/es\/power-plugs\/","title":{"rendered":"Power plugs"},"content":{"rendered":"<p><img loading=\"lazy\" decoding=\"async\" class=\"alignleft size-full wp-image-19321\" src=\"https:\/\/optimate1.com\/wp-content\/uploads\/2021\/09\/Power-plugs-for-web-copy-2-01.png\" alt=\"\" width=\"1280\" height=\"540\" \/><\/p>\n<p>&nbsp;<\/p>\n<h1>Detalles del enchufe<\/h1>\n<p>&nbsp;<\/p>\n\t\t<style>\r\n\t#wps_accordion_pro_27341{\r\n\t\toverflow:hidden;\r\n\t\tdisplay:block;\r\n\t\twidth:100%;\r\n\t\tmargin-bottom:30px;\r\n\t}\r\n\t#accordion_pro_27341 .wpsm_panel-title {\r\n\t\tmargin-top: 0px !important;\r\n\t\tmargin-bottom: 0px !important;\r\n\t\tpadding-top: 0px !important;\r\n\t\tpadding-bottom: 0px !important;\r\n\t}\r\n\t\r\n\t#accordion_pro_27341 .wpsm_panel-title > a{\r\n\t\t\r\n\t\tborder-bottom: 0px !important;\r\n\t\ttext-decoration:none !important;\r\n\t\toutline: none !important;\r\n\t\tbox-shadow:none !important;\r\n\t}\r\n\t#accordion_pro_27341 .ac_title_icon{\r\n\t\tmargin-right:8px;\r\n\t\t\t\t\r\n\t}\r\n\t\r\n\t\r\n\t\/* css files *\/\r\n\tHello\r\n\r\n#accordion_pro_27341 a:hover, #accordion_pro_27341 a:focus{\r\n    outline: none !important;\r\n    text-decoration: none !important;\r\n}\r\n#accordion_pro_27341 .wpsm_panel{\r\n   \t    border: 1px solid #cccccc;\r\n\t    border-radius: 0px !important;\r\n    box-shadow: none !important;\r\n    margin-bottom: 3px !important;\r\n}\r\n#accordion_pro_27341 .wpsm_panel-heading{\r\n    padding: 0 !important;\r\n    border-radius: 0px !important;\r\n    \r\n}\r\n#accordion_pro_27341 .wpsm_panel-title > a{\r\n    display: block !important;\r\n\t    padding: 15px 15px 15px 50px !important;\r\n\t    position: relative !important;\r\n\ttransition:0.4s ease !important;\r\n    color:#ffffff !important;\r\n    background:#1e73be !important;\r\n\tfont-size: 18px !important;\r\n\tbox-shadow:none !important;\r\n\tline-height:1.5 !important;\r\n\tfont-weight:500 !important;\r\n}\r\n#accordion_pro_27341 .wpsm_panel-title > a > i{\r\n\tcolor:#ffffff !important;\r\n}\r\n#accordion_pro_27341 .wpsm_panel-title > a > .ac_title_img_icon{\r\n    \twidth: 18px !important;\r\n\theight: 18px !important;\r\n\tvertical-align: middle !important;\r\n\tmargin-left: 0 !important;\r\n\tmargin-top: 0 !important;\r\n\tmargin-bottom: 0 !important;\r\n}\r\n\r\n#accordion_pro_27341 .wpsm_panel-title > a.collapsed{\r\n    background: #ffffff !important;\r\n\tcolor: #000000 !important;\r\n}\r\n#accordion_pro_27341 .wpsm_panel-title > a.collapsed > i{\r\n    color: #000000 !important;\r\n}\r\n#accordion_pro_27341 .wpsm_panel-title > a:hover{\r\n   color:#ffffff !important;\r\n    background:#1e73be !important;\r\n}\r\n#accordion_pro_27341 .wpsm_panel-title > a:hover i{\r\n   color:#ffffff !important;\r\n}\r\n#accordion_pro_27341 .wpsm_panel-title > a:after,\r\n#accordion_pro_27341 .wpsm_panel-title > a.collapsed:after{\r\n    content: \"\\f068\" !important;\r\n    font-family: FontAwesome !important;\r\n    color: #ffffff !important;\r\n    font-size: 18px !important;\r\n    position: absolute !important;\r\n    top:calc(50% - 25px) !important;\r\n    left:0px !important;\r\n    padding: 14.5px !important;\r\n    line-height:16px !important;\r\n}\r\n#accordion_pro_27341 .wpsm_panel-title > a.collapsed:after{\r\n    content: \"\\f067\" !important;\r\n    color:#000000 !important;\r\n   transition: 0.4s ease !important;\r\n}\r\n#accordion_pro_27341 .wpsm_panel-title > a.collapsed:hover:after{\r\n    color:#ffffff !important;\r\n}\r\n#accordion_pro_27341 .wpsm_panel-body{\r\n\tbackground:#ffffff !important;\r\n\tcolor:#000000 !important;\r\n\tfont-size:16px !important;\r\n\tline-height: 26px !important;\r\n    \r\n    border-top: 1px solid #cccccc !important;\r\n}\r\n\r\n#accordion_pro_27341 .wpsm_panel-body p{\r\n\tcolor:#000000 !important;\r\n\tfont-size:16px !important;\r\n\tline-height: 26px !important;\r\n}\r\n\r\n\r\n\r\n\t\t#accordion_pro_27341 .wpsm_panel-title a, #accordion_pro_27341 .wpsm_panel-title a:hover, #accordion_pro_27341 .wpsm_panel-title a.collapsed, #accordion_pro_27341 .wpsm_panel-title a.collapsed:hover {\r\n\t\t\tbackground-image: none !important;\r\n\t\t}\r\n\t\t\t\t#accordion_pro_27341 .wpsm_panel-title > p{\r\n\t\t    display: block !important;\r\n\t\t\t\t\t    padding: 15px 15px 15px 50px !important;\r\n\t\t\t\t\t    position: relative !important;\r\n\t\t    color:#ffffff !important;\r\n\t\t\ttransition:0.4s ease !important;\r\n\t\t    background:#1e73be !important;\r\n\t\t\tfont-size: 18px !important;\r\n\t\t\tbox-shadow:none !important;\r\n\t\t\tline-height:1.5 !important;\r\n\t\t\tfont-weight:500 !important;\r\n\t\t}\r\n\t\t#accordion_pro_27341 .wpsm_panel-title > p{\r\n\t\t    background: #ffffff !important;\r\n\t\t\tcolor: #000000 !important;\r\n\t\t}\r\n\t\t#offset_27341 .wpsm_panel-title > p{\r\n\t\t\tmargin-bottom: 0;\r\n\t\t\tmargin-top: 0;\r\n\t\t}\r\n?>\t\r\n\t\/* open close icon option *\/\r\n\t\t\r\n\t#accordion_pro_27341 .wpsm_panel {\r\n\t\tbackground-color:transparent !important;\r\n\t\t\t\t\tmargin-bottom:10px !important;\r\n\t\t\t\tmargin-top:0px !important;\r\n\t}\r\n\t#accordion_pro_27341 .collapsing {\r\n\t\ttransition: height 0.6s;\r\n\t}\r\n\t#accordion_pro_27341 .wpsm_panel-body_inner{\r\n\t\toverflow:hidden;\r\n\t\tdisplay:block;\r\n\t\t\r\n\t}\r\n\t\r\n\t\t#accordion_pro_27341 .wpsm_panel-body{\r\n\t\tfont-family:Arial !important;\r\n\t}\r\n\t#accordion_pro_27341 .wpsm_panel-title a{\r\n\t\tfont-family:Arial !important;\r\n\t}\r\n\t\t\t\r\n\t\r\n\t#search_27341{\r\n\t    margin: 40px 0px;\r\n\t    width: 100%;\r\n\t    padding: 15px 12px;\r\n\t    border-radius: 3px;\r\n\t    border: 1px solid #e5e5e5 !important;\r\n\t    background: #fafafa !important;\r\n\t}\r\n\t#search_27341.search_dark{\r\n    background: #464646 !important;\r\n    color: #fff !important;\r\n\t}\r\n\t#search_27341.search_dark::placeholder{\r\n\t\tcolor: #d3d3d3;\r\n\t}\r\n\r\n\t\t\r\n\t<\/style>\r\n\r\n\r\n\t<div id=\"wps_accordion_pro_27341\"  >\r\n\t\t\t  <div class=\"noresults_27341 wpsm_panel-group\" style=\"display: none;\" id=\"accordion_pro_27341\" role=\"tablist\" aria-multiselectable=\"true\">\r\n\t\t  \t<div class=\"wpsm_panel panel\" id=\"offset_27341\">\r\n\t\t\t\t\t<div class=\"wpsm_panel-heading\" role=\"tab\" id=\"heading_27341\">\r\n\t\t\t\t\t\t<h4 class=\"wpsm_panel-title\">\r\n\t\t\t\t\t\t\t<p>No Result<\/p>\r\n\t\t\t\t\t\t<\/h4>\r\n\t\t\t\t\t<\/div>\r\n\t\t\t\t<\/div>\r\n\t\t\t<\/div>\r\n\t\t<div class=\"wpsm_panel-group\" id=\"accordion_pro_27341\" role=\"tablist\" aria-multiselectable=\"true\">\r\n\t\t\t\t\t<div class=\"wpsm_panel panel wpsm_panel-default\" id=\"offset_27341_1\">\r\n\t\t\t\t\t<div class=\"wpsm_panel-heading\" role=\"tab\" id=\"heading_27341_1\">\r\n\t\t\t\t\t\t<h4 class=\"wpsm_panel-title\">\r\n\t\t\t\t\t\t\t<a  role=\"button\"  data-toggle=\"collapse\" data-parent=\"#accordion_pro_27341\" href=\"#collapse_27341_1\" aria-expanded=\"true\" aria-controls=\"collapse_27341_1\">\r\n\t\t\t\t\t\t\t\t\t\t\t\t\t\t\t\t\t\t\t\t\t\t\t\tTipo A\t\t\t\t\t\t\t\t\r\n\t\t\t\t\t\t\t<\/a>\r\n\t\t\t\t\t\t<\/h4>\r\n\t\t\t\t\t<\/div>\r\n\t\t\t\t\t<div id=\"collapse_27341_1\" class=\"wpsm_panel-collapse collapse in\" role=\"tabwpsm_panel\" aria-labelledby=\"heading_27341_1\">\r\n\t\t\t\t\t\t<div class=\"wpsm_panel-body\">\r\n\t\t\t\t\t\t\t<div id=\"#wpsm_acc_desc_27341_1\" class=\"wpsm_panel-body_inner  animated fadeIn\"><p>Se usa en: Norteam\u00e9rica y Centroam\u00e9rica, Jap\u00f3n<\/p>\r\n<p>El enchufe el\u00e9ctrico tipo A (o enchufe de espiga plana) es un enchufe sin toma de tierra con dos clavijas planas paralelas. Aunque los enchufes americano y japon\u00e9s parecen id\u00e9nticos, la clavija neutra del enchufe americano es m\u00e1s ancha que la clavija de corriente, mientras que en el enchufe japon\u00e9s ambas clavijas tienen el mismo tama\u00f1o. Por ello, los enchufes japoneses pueden utilizarse en EE.UU., pero no al rev\u00e9s en muchas ocasiones.<\/p>\r\n<p>Las clavijas de los enchufes tipo A tienen un orificio cerca de la punta que encaja en las \"protuberancias\" que se encuentran en las escobillas de contacto de algunas tomas de corriente, de modo que el agarre a las clavijas es m\u00e1s firme, lo que permite un mejor contacto y tambi\u00e9n evita que el enchufe se salga de la toma de corriente. Algunas tomas de corriente cuentan espigas con resorte que agarran los lados de las clavijas, lo que hace innecesarios los orificios.<\/p>\t\t\t\t\t\t\t<\/div>\r\n\t\t\t\t\t\t\t   \r\n\t\t\t\t\t\t<\/div>\r\n\t\t\t\t\t<\/div>\r\n\t\t\t\t\t\t\t\t\t\t\t\r\n\t\t\t\t<\/div>\r\n\t\t\t\t\t\t\t<div class=\"wpsm_panel panel wpsm_panel-default\" id=\"offset_27341_2\">\r\n\t\t\t\t\t<div class=\"wpsm_panel-heading\" role=\"tab\" id=\"heading_27341_2\">\r\n\t\t\t\t\t\t<h4 class=\"wpsm_panel-title\">\r\n\t\t\t\t\t\t\t<a  role=\"button\" class=collapsed data-toggle=\"collapse\" data-parent=\"#accordion_pro_27341\" href=\"#collapse_27341_2\" aria-expanded=\"true\" aria-controls=\"collapse_27341_2\">\r\n\t\t\t\t\t\t\t\t\t\t\t\t\t\t\t\t\t\t\t\t\t\t\t\tTipo Anp\t\t\t\t\t\t\t\t\r\n\t\t\t\t\t\t\t<\/a>\r\n\t\t\t\t\t\t<\/h4>\r\n\t\t\t\t\t<\/div>\r\n\t\t\t\t\t<div id=\"collapse_27341_2\" class=\"wpsm_panel-collapse collapse \" role=\"tabwpsm_panel\" aria-labelledby=\"heading_27341_2\">\r\n\t\t\t\t\t\t<div class=\"wpsm_panel-body\">\r\n\t\t\t\t\t\t\t<div id=\"#wpsm_acc_desc_27341_2\" class=\"wpsm_panel-body_inner  animated fadeIn\"><p>Se usa en: Jap\u00f3n<\/p>\r\n<p>El conector el\u00e9ctrico tipo Anp (o conector de espiga plana) es un conector sin toma de tierra con dos clavijas planas paralelas del mismo tama\u00f1o. No se requiere polaridad en la toma de corriente, es decir, el conector puede insertarse en cualquier orientaci\u00f3n.\u00a0Aunque los enchufes americano y japon\u00e9s parecen id\u00e9nticos, la clavija neutra del enchufe americano es m\u00e1s ancha que la clavija de corriente, mientras que en el enchufe japon\u00e9s ambas clavijas tienen el mismo tama\u00f1o. Por ello, los enchufes japoneses pueden utilizarse en EE.UU., pero no al rev\u00e9s en muchas ocasiones.<\/p>\r\n<p>Las clavijas de los enchufes tipo A tienen un orificio cerca de la punta que encaja en las \"protuberancias\" que se encuentran en las escobillas de contacto de algunas tomas de corriente, de modo que el agarre a las clavijas es m\u00e1s firme, lo que permite un mejor contacto y tambi\u00e9n evita que el enchufe se salga de la toma de corriente. Algunas tomas de corriente cuentan espigas con resorte que agarran los lados de las clavijas, lo que hace innecesarios los orificios.<\/p>\t\t\t\t\t\t\t<\/div>\r\n\t\t\t\t\t\t\t   \r\n\t\t\t\t\t\t<\/div>\r\n\t\t\t\t\t<\/div>\r\n\t\t\t\t\t\t\t\t\t\t\t\r\n\t\t\t\t<\/div>\r\n\t\t\t\t\t\t\t<div class=\"wpsm_panel panel wpsm_panel-default\" id=\"offset_27341_3\">\r\n\t\t\t\t\t<div class=\"wpsm_panel-heading\" role=\"tab\" id=\"heading_27341_3\">\r\n\t\t\t\t\t\t<h4 class=\"wpsm_panel-title\">\r\n\t\t\t\t\t\t\t<a  role=\"button\" class=collapsed data-toggle=\"collapse\" data-parent=\"#accordion_pro_27341\" href=\"#collapse_27341_3\" aria-expanded=\"true\" aria-controls=\"collapse_27341_3\">\r\n\t\t\t\t\t\t\t\t\t\t\t\t\t\t\t\t\t\t\t\t\t\t\t\tTipo C\t\t\t\t\t\t\t\t\r\n\t\t\t\t\t\t\t<\/a>\r\n\t\t\t\t\t\t<\/h4>\r\n\t\t\t\t\t<\/div>\r\n\t\t\t\t\t<div id=\"collapse_27341_3\" class=\"wpsm_panel-collapse collapse \" role=\"tabwpsm_panel\" aria-labelledby=\"heading_27341_3\">\r\n\t\t\t\t\t\t<div class=\"wpsm_panel-body\">\r\n\t\t\t\t\t\t\t<div id=\"#wpsm_acc_desc_27341_3\" class=\"wpsm_panel-body_inner  animated fadeIn\"><p>Se usa en: Europa, a excepci\u00f3n de Reino Unido, Irlanda, Chipre y Malta<\/p>\r\n<p>El enchufe el\u00e9ctrico tipo C (o Europlug) es un enchufe de dos cables que cuenta con dos clavijas redondas. Encaja en cualquier toma de corriente que acepte contactos redondos de 4,0 a 4,8\u00a0mm en centros de 19\u00a0mm.<\/p>\r\n<p>El uso de los enchufes tipo C est\u00e1 por lo general limitado a aparatos que requieran 2,5 amperios o menos.<\/p>\t\t\t\t\t\t\t<\/div>\r\n\t\t\t\t\t\t\t   \r\n\t\t\t\t\t\t<\/div>\r\n\t\t\t\t\t<\/div>\r\n\t\t\t\t\t\t\t\t\t\t\t\r\n\t\t\t\t<\/div>\r\n\t\t\t\t\t\t\t<div class=\"wpsm_panel panel wpsm_panel-default\" id=\"offset_27341_4\">\r\n\t\t\t\t\t<div class=\"wpsm_panel-heading\" role=\"tab\" id=\"heading_27341_4\">\r\n\t\t\t\t\t\t<h4 class=\"wpsm_panel-title\">\r\n\t\t\t\t\t\t\t<a  role=\"button\" class=collapsed data-toggle=\"collapse\" data-parent=\"#accordion_pro_27341\" href=\"#collapse_27341_4\" aria-expanded=\"true\" aria-controls=\"collapse_27341_4\">\r\n\t\t\t\t\t\t\t\t\t\t\t\t\t\t\t\t\t\t\t\t\t\t\t\tTipo G\t\t\t\t\t\t\t\t\r\n\t\t\t\t\t\t\t<\/a>\r\n\t\t\t\t\t\t<\/h4>\r\n\t\t\t\t\t<\/div>\r\n\t\t\t\t\t<div id=\"collapse_27341_4\" class=\"wpsm_panel-collapse collapse \" role=\"tabwpsm_panel\" aria-labelledby=\"heading_27341_4\">\r\n\t\t\t\t\t\t<div class=\"wpsm_panel-body\">\r\n\t\t\t\t\t\t\t<div id=\"#wpsm_acc_desc_27341_4\" class=\"wpsm_panel-body_inner  animated fadeIn\"><p>Se usa en: Reino Unido, Irlanda, Chipre, Malta, Malasia, Singapur, Hong Kong<\/p>\r\n<p>El enchufe tipo G cuenta con tres espigas rectangulares dispuestas en forma de tri\u00e1ngulo y lleva un fusible incorporado (normalmente un fusible de 3 amperios para equipos peque\u00f1os, como un ordenador, y uno de 13 amperios para equipos de alto consumo, como calentadores). Las tomas de corriente brit\u00e1nicas tienen obturadores en los contactos de corriente y neutro para que no puedan introducirse objetos extra\u00f1os en ellos.<\/p>\t\t\t\t\t\t\t<\/div>\r\n\t\t\t\t\t\t\t   \r\n\t\t\t\t\t\t<\/div>\r\n\t\t\t\t\t<\/div>\r\n\t\t\t\t\t\t\t\t\t\t\t\r\n\t\t\t\t<\/div>\r\n\t\t\t\t\t\t\t<div class=\"wpsm_panel panel wpsm_panel-default\" id=\"offset_27341_5\">\r\n\t\t\t\t\t<div class=\"wpsm_panel-heading\" role=\"tab\" id=\"heading_27341_5\">\r\n\t\t\t\t\t\t<h4 class=\"wpsm_panel-title\">\r\n\t\t\t\t\t\t\t<a  role=\"button\" class=collapsed data-toggle=\"collapse\" data-parent=\"#accordion_pro_27341\" href=\"#collapse_27341_5\" aria-expanded=\"true\" aria-controls=\"collapse_27341_5\">\r\n\t\t\t\t\t\t\t\t\t\t\t\t\t\t\t\t\t\t\t\t\t\t\t\tTipo I\t\t\t\t\t\t\t\t\r\n\t\t\t\t\t\t\t<\/a>\r\n\t\t\t\t\t\t<\/h4>\r\n\t\t\t\t\t<\/div>\r\n\t\t\t\t\t<div id=\"collapse_27341_5\" class=\"wpsm_panel-collapse collapse \" role=\"tabwpsm_panel\" aria-labelledby=\"heading_27341_5\">\r\n\t\t\t\t\t\t<div class=\"wpsm_panel-body\">\r\n\t\t\t\t\t\t\t<div id=\"#wpsm_acc_desc_27341_5\" class=\"wpsm_panel-body_inner  animated fadeIn\"><p>Se usa en: Australia, Nueva Zelanda, Pap\u00faa Nueva Guinea, Argentina<\/p>\r\n<p>El enchufe de tipo I cuenta con dos clavijas planas dispuestas en forma de V y una clavija de conexi\u00f3n a tierra. Tambi\u00e9n existe una versi\u00f3n del enchufe que solo cuanta con las dos clavijas planas. El enchufe australiano tambi\u00e9n funciona con las tomas de corriente de China.<\/p>\r\n<p>El sistema de enchufe\/toma de corriente est\u00e1ndar de Australia es de 10 amperios, pero tambi\u00e9n existe una configuraci\u00f3n de enchufe\/toma de corriente de 15 amperios, si bien la clavija de conexi\u00f3n a tierra es m\u00e1s ancha. Un enchufe est\u00e1ndar de 10 amperios cabe en una toma de corriente de 15 amperios, pero no al rev\u00e9s.<\/p>\t\t\t\t\t\t\t<\/div>\r\n\t\t\t\t\t\t\t   \r\n\t\t\t\t\t\t<\/div>\r\n\t\t\t\t\t<\/div>\r\n\t\t\t\t\t\t\t\t\t\t\t\r\n\t\t\t\t<\/div>\r\n\t\t\t\t\r\n<\/div>\r\n<script>  \r\n\r\n\t\t\r\n\tjQuery(function () {\r\n\t\tjQuery('#accordion_pro_27341').on('shown.bs.collapse', function (e) {\r\n\t\t\tvar id =  jQuery(this).find(\".wpsm_panel-collapse.in\").parent().attr('id');\r\n\t\t\t\r\n\t\t\tvar offset = jQuery('.wpsm_panel.wpsm_panel-default > .wpsm_panel-collapse.in').offset();\r\n\t\t\t if(offset) {\r\n\t\t\t\tjQuery('html,body').animate({\r\n\t\t\t\t\tscrollTop: jQuery('#'+id).offset().top -30\r\n\t\t\t\t}, 800); \r\n\t\t\t}\r\n\t\t});\t\r\n\t}); \r\n\t\t\t\r\n\t\t\t\t\r\n<\/script>\r\n\t\t<\/div>\r\n\r\n\t\r\n\t\r\n\t\t\r\n<script type=\"text\/javascript\">\r\n\r\n\t\tjQuery(document).ready(function(){\r\n\t  jQuery('.noresults_27341').hide();\r\n\t  \r\n\t  jQuery(\"#search_27341\").on(\"keyup\", function() {\r\n\r\n\t  \tvar postID = \"27341\";\r\n\t  \t\r\n\t  \tconsole.log(postID);\r\n\r\n\r\n\r\n\t    var value = jQuery(this).val().toLowerCase();\r\n\t    jQuery(\"#accordion_pro_\" + postID + \" .wpsm_panel-default\").filter(function() {\r\n\t      jQuery(this).toggle(jQuery(this).text().toLowerCase().indexOf(value) > -1)\r\n\t      jQuery('.noresults_' + postID).hide();\r\n\t      \r\n\t      var noResult = true;\r\n\t      jQuery(\"#accordion_pro_\" + postID + \" .wpsm_panel-default\").children('div').each(function () {\r\n\t      \tif (jQuery(this).children(':visible').length != 0) {\r\n\t        \tnoResult = false;\r\n\t        }\r\n\t      });   \r\n\t      if (noResult) {\r\n\t      \tjQuery('.noresults_' + postID).show();\r\n\t      }\r\n\t    });\r\n\t  });\r\n\t});\r\n<\/script>\n","protected":false},"excerpt":{"rendered":"<p>&nbsp; Detalles del enchufe &nbsp;<\/p>\n","protected":false},"author":12,"featured_media":0,"parent":0,"menu_order":0,"comment_status":"closed","ping_status":"closed","template":"","meta":{"footnotes":""},"class_list":["post-27336","page","type-page","status-publish","hentry","thunk-woo-product-list","opn-qv-enable","big-store-woo-hover-","open-single-product-tab-horizontal","open-shadow-","open-shadow-hover-"],"yoast_head":"<!-- This site is optimized with the Yoast SEO plugin v27.2 - https:\/\/yoast.com\/product\/yoast-seo-wordpress\/ -->\n<title>Power plugs - OptiMate<\/title>\n<meta name=\"robots\" content=\"index, follow, max-snippet:-1, max-image-preview:large, max-video-preview:-1\" \/>\n<link rel=\"canonical\" href=\"https:\/\/optimate1.com\/power-plugs\/\" \/>\n<meta property=\"og:locale\" content=\"es_ES\" \/>\n<meta property=\"og:type\" content=\"article\" \/>\n<meta property=\"og:title\" content=\"Power plugs - OptiMate\" \/>\n<meta property=\"og:description\" content=\"&nbsp; Detalles del enchufe &nbsp;\" \/>\n<meta property=\"og:url\" content=\"https:\/\/optimate1.com\/power-plugs\/\" \/>\n<meta property=\"og:site_name\" content=\"OptiMate\" \/>\n<meta property=\"article:publisher\" content=\"https:\/\/www.facebook.com\/OptiMatebatterysavingcharger\/\" \/>\n<meta property=\"article:modified_time\" content=\"2021-09-30T12:12:08+00:00\" \/>\n<meta property=\"og:image\" content=\"https:\/\/optimate1.com\/wp-content\/uploads\/2020\/10\/SolarHeader_3Artboard-1@3x-100-1.jpg\" \/>\n\t<meta property=\"og:image:width\" content=\"1200\" \/>\n\t<meta property=\"og:image:height\" content=\"540\" \/>\n\t<meta property=\"og:image:type\" content=\"image\/jpeg\" \/>\n<meta name=\"twitter:card\" content=\"summary_large_image\" \/>\n<script type=\"application\/ld+json\" class=\"yoast-schema-graph\">{\"@context\":\"https:\/\/schema.org\",\"@graph\":[{\"@type\":\"WebPage\",\"@id\":\"https:\/\/optimate1.com\/power-plugs\/\",\"url\":\"https:\/\/optimate1.com\/power-plugs\/\",\"name\":\"Power plugs - OptiMate\",\"isPartOf\":{\"@id\":\"https:\/\/optimate1.com\/#website\"},\"primaryImageOfPage\":{\"@id\":\"https:\/\/optimate1.com\/power-plugs\/#primaryimage\"},\"image\":{\"@id\":\"https:\/\/optimate1.com\/power-plugs\/#primaryimage\"},\"thumbnailUrl\":\"https:\/\/optimate1.com\/wp-content\/uploads\/2021\/09\/Power-plugs-for-web-copy-2-01.png\",\"datePublished\":\"2021-09-30T11:25:15+00:00\",\"dateModified\":\"2021-09-30T12:12:08+00:00\",\"breadcrumb\":{\"@id\":\"https:\/\/optimate1.com\/power-plugs\/#breadcrumb\"},\"inLanguage\":\"es\",\"potentialAction\":[{\"@type\":\"ReadAction\",\"target\":[\"https:\/\/optimate1.com\/power-plugs\/\"]}]},{\"@type\":\"ImageObject\",\"inLanguage\":\"es\",\"@id\":\"https:\/\/optimate1.com\/power-plugs\/#primaryimage\",\"url\":\"https:\/\/optimate1.com\/wp-content\/uploads\/2021\/09\/Power-plugs-for-web-copy-2-01.png\",\"contentUrl\":\"https:\/\/optimate1.com\/wp-content\/uploads\/2021\/09\/Power-plugs-for-web-copy-2-01.png\"},{\"@type\":\"BreadcrumbList\",\"@id\":\"https:\/\/optimate1.com\/power-plugs\/#breadcrumb\",\"itemListElement\":[{\"@type\":\"ListItem\",\"position\":1,\"name\":\"Home\",\"item\":\"https:\/\/optimate1.com\/\"},{\"@type\":\"ListItem\",\"position\":2,\"name\":\"Power plugs\"}]},{\"@type\":\"WebSite\",\"@id\":\"https:\/\/optimate1.com\/#website\",\"url\":\"https:\/\/optimate1.com\/\",\"name\":\"OptiMate\",\"description\":\"Battery Chargers &amp; Accessories\",\"publisher\":{\"@id\":\"https:\/\/optimate1.com\/#organization\"},\"potentialAction\":[{\"@type\":\"SearchAction\",\"target\":{\"@type\":\"EntryPoint\",\"urlTemplate\":\"https:\/\/optimate1.com\/?s={search_term_string}\"},\"query-input\":{\"@type\":\"PropertyValueSpecification\",\"valueRequired\":true,\"valueName\":\"search_term_string\"}}],\"inLanguage\":\"es\"},{\"@type\":\"Organization\",\"@id\":\"https:\/\/optimate1.com\/#organization\",\"name\":\"OptiMate\",\"url\":\"https:\/\/optimate1.com\/\",\"logo\":{\"@type\":\"ImageObject\",\"inLanguage\":\"es\",\"@id\":\"https:\/\/optimate1.com\/#\/schema\/logo\/image\/\",\"url\":\"https:\/\/optimate1.com\/wp-content\/uploads\/2021\/06\/optimate-hpbc-stacklogo.jpg\",\"contentUrl\":\"https:\/\/optimate1.com\/wp-content\/uploads\/2021\/06\/optimate-hpbc-stacklogo.jpg\",\"width\":1025,\"height\":529,\"caption\":\"OptiMate\"},\"image\":{\"@id\":\"https:\/\/optimate1.com\/#\/schema\/logo\/image\/\"},\"sameAs\":[\"https:\/\/www.facebook.com\/OptiMatebatterysavingcharger\/\"]}]}<\/script>\n<!-- \/ Yoast SEO plugin. -->","yoast_head_json":{"title":"Power plugs - OptiMate","robots":{"index":"index","follow":"follow","max-snippet":"max-snippet:-1","max-image-preview":"max-image-preview:large","max-video-preview":"max-video-preview:-1"},"canonical":"https:\/\/optimate1.com\/power-plugs\/","og_locale":"es_ES","og_type":"article","og_title":"Power plugs - OptiMate","og_description":"&nbsp; Detalles del enchufe &nbsp;","og_url":"https:\/\/optimate1.com\/power-plugs\/","og_site_name":"OptiMate","article_publisher":"https:\/\/www.facebook.com\/OptiMatebatterysavingcharger\/","article_modified_time":"2021-09-30T12:12:08+00:00","og_image":[{"width":1200,"height":540,"url":"https:\/\/optimate1.com\/wp-content\/uploads\/2020\/10\/SolarHeader_3Artboard-1@3x-100-1.jpg","type":"image\/jpeg"}],"twitter_card":"summary_large_image","schema":{"@context":"https:\/\/schema.org","@graph":[{"@type":"WebPage","@id":"https:\/\/optimate1.com\/power-plugs\/","url":"https:\/\/optimate1.com\/power-plugs\/","name":"Power plugs - OptiMate","isPartOf":{"@id":"https:\/\/optimate1.com\/#website"},"primaryImageOfPage":{"@id":"https:\/\/optimate1.com\/power-plugs\/#primaryimage"},"image":{"@id":"https:\/\/optimate1.com\/power-plugs\/#primaryimage"},"thumbnailUrl":"https:\/\/optimate1.com\/wp-content\/uploads\/2021\/09\/Power-plugs-for-web-copy-2-01.png","datePublished":"2021-09-30T11:25:15+00:00","dateModified":"2021-09-30T12:12:08+00:00","breadcrumb":{"@id":"https:\/\/optimate1.com\/power-plugs\/#breadcrumb"},"inLanguage":"es","potentialAction":[{"@type":"ReadAction","target":["https:\/\/optimate1.com\/power-plugs\/"]}]},{"@type":"ImageObject","inLanguage":"es","@id":"https:\/\/optimate1.com\/power-plugs\/#primaryimage","url":"https:\/\/optimate1.com\/wp-content\/uploads\/2021\/09\/Power-plugs-for-web-copy-2-01.png","contentUrl":"https:\/\/optimate1.com\/wp-content\/uploads\/2021\/09\/Power-plugs-for-web-copy-2-01.png"},{"@type":"BreadcrumbList","@id":"https:\/\/optimate1.com\/power-plugs\/#breadcrumb","itemListElement":[{"@type":"ListItem","position":1,"name":"Home","item":"https:\/\/optimate1.com\/"},{"@type":"ListItem","position":2,"name":"Power plugs"}]},{"@type":"WebSite","@id":"https:\/\/optimate1.com\/#website","url":"https:\/\/optimate1.com\/","name":"OptiMate","description":"Battery Chargers &amp; Accessories","publisher":{"@id":"https:\/\/optimate1.com\/#organization"},"potentialAction":[{"@type":"SearchAction","target":{"@type":"EntryPoint","urlTemplate":"https:\/\/optimate1.com\/?s={search_term_string}"},"query-input":{"@type":"PropertyValueSpecification","valueRequired":true,"valueName":"search_term_string"}}],"inLanguage":"es"},{"@type":"Organization","@id":"https:\/\/optimate1.com\/#organization","name":"OptiMate","url":"https:\/\/optimate1.com\/","logo":{"@type":"ImageObject","inLanguage":"es","@id":"https:\/\/optimate1.com\/#\/schema\/logo\/image\/","url":"https:\/\/optimate1.com\/wp-content\/uploads\/2021\/06\/optimate-hpbc-stacklogo.jpg","contentUrl":"https:\/\/optimate1.com\/wp-content\/uploads\/2021\/06\/optimate-hpbc-stacklogo.jpg","width":1025,"height":529,"caption":"OptiMate"},"image":{"@id":"https:\/\/optimate1.com\/#\/schema\/logo\/image\/"},"sameAs":["https:\/\/www.facebook.com\/OptiMatebatterysavingcharger\/"]}]}},"_links":{"self":[{"href":"https:\/\/optimate1.com\/es\/wp-json\/wp\/v2\/pages\/27336","targetHints":{"allow":["GET"]}}],"collection":[{"href":"https:\/\/optimate1.com\/es\/wp-json\/wp\/v2\/pages"}],"about":[{"href":"https:\/\/optimate1.com\/es\/wp-json\/wp\/v2\/types\/page"}],"author":[{"embeddable":true,"href":"https:\/\/optimate1.com\/es\/wp-json\/wp\/v2\/users\/12"}],"replies":[{"embeddable":true,"href":"https:\/\/optimate1.com\/es\/wp-json\/wp\/v2\/comments?post=27336"}],"version-history":[{"count":0,"href":"https:\/\/optimate1.com\/es\/wp-json\/wp\/v2\/pages\/27336\/revisions"}],"wp:attachment":[{"href":"https:\/\/optimate1.com\/es\/wp-json\/wp\/v2\/media?parent=27336"}],"curies":[{"name":"wp","href":"https:\/\/api.w.org\/{rel}","templated":true}]}}