{"id":28411,"date":"2021-11-09T08:16:03","date_gmt":"2021-11-09T13:16:03","guid":{"rendered":"https:\/\/optimate1.com\/choosing-charger-series\/"},"modified":"2023-04-25T04:41:14","modified_gmt":"2023-04-25T08:41:14","slug":"cargador-de-baterias","status":"publish","type":"page","link":"https:\/\/optimate1.com\/es\/cargador-de-baterias\/","title":{"rendered":"Cargador de Bater\u00edas"},"content":{"rendered":"\n<table id=\"tablepress-127\" class=\"tablepress tablepress-id-127\">\n<tbody class=\"row-hover\">\n<tr class=\"row-1\">\n\t<td class=\"column-1\"><a href=\"https:\/\/optimate1.com\/bronze\"><img loading=\"lazy\" decoding=\"async\" src=\"https:\/\/optimate1.com\/wp-content\/uploads\/2021\/09\/bronze-corner-xx.png\" alt=\"\" width=\"50\" height=\"50\" class=\"aligncenter size-medium wp-image-20927\" \/><\/a><br \/>\n<\/td><td class=\"column-2\"><body><h6>\ud83d\udee0\ufe0f  F\u00e1cil<br \/>\n\u2699\ufe0f  Autom\u00e1tico<br \/>\n<img loading=\"lazy\" decoding=\"async\" src=\"https:\/\/optimate1.com\/wp-content\/uploads\/2021\/10\/Blue-voltage-symbol-copy-01.png\" alt=\"\" width=\"20\" height=\"20\" class=\"alignleft size-full wp-image-27872\" srcset=\"https:\/\/optimate1.com\/wp-content\/uploads\/2021\/10\/Blue-voltage-symbol-copy-01.png 71w, https:\/\/optimate1.com\/wp-content\/uploads\/2021\/10\/Blue-voltage-symbol-copy-01-64x64.png 64w\" sizes=\"auto, (max-width: 20px) 100vw, 20px\" \/> Carga y mantenimiento<\/body><\/h6><\/td><td class=\"column-3\"><body><p>Los cargadores de la serie OptiMate Bronze son f\u00e1ciles de usar, solo se requieren algunos conocimientos b\u00e1sicos. Estos cargadores cargan y mantienen autom\u00e1ticamente.<br \/>\n<br \/>\nAprender m\u00e1s acerca de:            <a href=\"https:\/\/optimate1.com\/es\/bronze-es\/\" rel=\"noopener\" target=\"_blank\">BRONZE<\/a><\/body><\/p><\/td>\n<\/tr>\n<tr class=\"row-2\">\n\t<td class=\"column-1\"><a href=\"https:\/\/optimate1.com\/silver\"><img loading=\"lazy\" decoding=\"async\" src=\"https:\/\/optimate1.com\/wp-content\/uploads\/2021\/09\/silver-corner-xx.png\" alt=\"\" width=\"50\" height=\"50\" class=\"aligncenter size-medium wp-image-20927\" \/><\/a><\/td><td class=\"column-2\"><body><h6>\ud83d\udee0\ufe0f  M\u00e1s lista<br \/>\n\u2699\ufe0f  Autom\u00e1tico, m\u00e1s funciones<br \/>\n<img loading=\"lazy\" decoding=\"async\" src=\"https:\/\/optimate1.com\/wp-content\/uploads\/2021\/10\/Blue-voltage-symbol-copy-01.png\" alt=\"\" width=\"20\" height=\"20\" class=\"alignleft size-full wp-image-27872\" srcset=\"https:\/\/optimate1.com\/wp-content\/uploads\/2021\/10\/Blue-voltage-symbol-copy-01.png 71w, https:\/\/optimate1.com\/wp-content\/uploads\/2021\/10\/Blue-voltage-symbol-copy-01-64x64.png 64w\" sizes=\"auto, (max-width: 20px) 100vw, 20px\" \/> Recuperaci\u00f3n, carga y mantenimiento<\/body><\/h6><\/td><td class=\"column-3\"><body><p>Los cargadores de la serie OptiMate Silver son cargadores m\u00e1s inteligentes con m\u00e1s potencia y capacidades. Los cargadores de la serie Silver pueden desulfatar bater\u00edas de bajo voltaje y rescatar, cargar y mantener autom\u00e1ticamente.<br \/>\n<br \/>\nAprender m\u00e1s acerca de:            <a href=\"https:\/\/optimate1.com\/es\/silver-es\/\" rel=\"noopener\" target=\"_blank\">SILVER<\/a><\/body><\/p><\/td>\n<\/tr>\n<tr class=\"row-3\">\n\t<td class=\"column-1\"><a href=\"https:\/\/optimate1.com\/gold\"><img loading=\"lazy\" decoding=\"async\" src=\"https:\/\/optimate1.com\/wp-content\/uploads\/2021\/09\/GOLD-corner-xx.png\" alt=\"\" width=\"50\" height=\"50\" class=\"aligncenter size-medium wp-image-20927\" \/><\/a><\/td><td class=\"column-2\"><body><h6>\ud83d\udee0\ufe0f  Avanzada<br \/>\n\u2699\ufe0f  Seleccionable, la mayor\u00eda de las funciones<br \/>\n<img loading=\"lazy\" decoding=\"async\" src=\"https:\/\/optimate1.com\/wp-content\/uploads\/2021\/10\/Blue-voltage-symbol-copy-01.png\" alt=\"\" width=\"20\" height=\"20\" class=\"alignleft size-full wp-image-27872\" srcset=\"https:\/\/optimate1.com\/wp-content\/uploads\/2021\/10\/Blue-voltage-symbol-copy-01.png 71w, https:\/\/optimate1.com\/wp-content\/uploads\/2021\/10\/Blue-voltage-symbol-copy-01-64x64.png 64w\" sizes=\"auto, (max-width: 20px) 100vw, 20px\" \/> Recuperaci\u00f3n, prueba, carga y mantenimiento<\/body><\/h6><\/td><td class=\"column-3\"><body><p>Los cargadores de la serie OptiMate Gold son cargadores avanzados para el m\u00e1ximo rendimiento. Los cargadores de la serie Gold pueden desulfatar bater\u00edas de bajo voltaje y rescatar, probar, cargar y mantener autom\u00e1ticamente.<br \/>\n<br \/>\nAprender m\u00e1s acerca de:            <a href=\"https:\/\/optimate1.com\/es\/gold-es\/\" rel=\"noopener\" target=\"_blank\">GOLD<\/a><\/body><\/p><\/td>\n<\/tr>\n<tr class=\"row-4\">\n\t<td class=\"column-1\"><a href=\"https:\/\/optimate1.com\/lithium\"><img loading=\"lazy\" decoding=\"async\" src=\"https:\/\/optimate1.com\/wp-content\/uploads\/2021\/09\/lithium-corner-xx.png\" alt=\"\" width=\"50\" height=\"50\" class=\"aligncenter size-medium wp-image-20927\" \/><\/a><\/td><td class=\"column-2\"><body><h6>\ud83d\udee0\ufe0f  Experta<br \/>\n\u2699\ufe0f  Funciones espec\u00edficas, reinicio BMS<br \/>\n<img loading=\"lazy\" decoding=\"async\" src=\"https:\/\/optimate1.com\/wp-content\/uploads\/2021\/10\/Blue-voltage-symbol-copy-01.png\" alt=\"\" width=\"20\" height=\"20\" class=\"alignleft size-full wp-image-27872\" srcset=\"https:\/\/optimate1.com\/wp-content\/uploads\/2021\/10\/Blue-voltage-symbol-copy-01.png 71w, https:\/\/optimate1.com\/wp-content\/uploads\/2021\/10\/Blue-voltage-symbol-copy-01-64x64.png 64w\" sizes=\"auto, (max-width: 20px) 100vw, 20px\" \/> Reinicio, recuperaci\u00f3n, prueba, carga y mantenimiento<\/body><\/h6><\/td><td class=\"column-3\"><body><p>\u00a1OptiMate ha desarrollado una serie especial de cargadores de bater\u00edas de litio para veh\u00edculos! Las bater\u00edas de litio son reemplazos populares para las bater\u00edas de plomo-\u00e1cido m\u00e1s voluminosas y pesadas y tienen diferentes necesidades de carga.<br \/>\n<br \/>\nAprender m\u00e1s acerca de:            <a href=\"https:\/\/optimate1.com\/es\/iones-de-litio\/\" rel=\"noopener\" target=\"_blank\">LITHIUM<\/a><\/body><\/p><\/td>\n<\/tr>\n<tr class=\"row-5\">\n\t<td class=\"column-1\"><a href=\"https:\/\/optimate1.com\/es\/off-grid-page\/\"><img loading=\"lazy\" decoding=\"async\" src=\"https:\/\/optimate1.com\/wp-content\/uploads\/2021\/09\/off-grid-corner-xx.png\" alt=\"\" width=\"50\" height=\"50\" class=\"aligncenter size-medium wp-image-20927\" \/><\/a><\/td><td class=\"column-2\"><body><h6>\ud83d\udee0\ufe0f  Eco-smart<br \/>\n\u2699\ufe0f  Autom\u00e1tico, funciones especiales<br \/>\n<img loading=\"lazy\" decoding=\"async\" src=\"https:\/\/optimate1.com\/wp-content\/uploads\/2021\/10\/Blue-voltage-symbol-copy-01.png\" alt=\"\" width=\"20\" height=\"20\" class=\"alignleft size-full wp-image-27872\" srcset=\"https:\/\/optimate1.com\/wp-content\/uploads\/2021\/10\/Blue-voltage-symbol-copy-01.png 71w, https:\/\/optimate1.com\/wp-content\/uploads\/2021\/10\/Blue-voltage-symbol-copy-01-64x64.png 64w\" sizes=\"auto, (max-width: 20px) 100vw, 20px\" \/> Recuperaci\u00f3n, prueba, carga y mantenimiento<\/body><\/h6><\/td><td class=\"column-3\"><body><p>La serie OptiMate OFF-GRID incluye los productos SOLAR ecol\u00f3gicos y nuestros productos de CC-CC de bajo voltaje que funcionan con una bater\u00eda de 12V o un sistema de veh\u00edculo de 12V.<br \/>\n<br \/>\nAprender m\u00e1s acerca de:            <a href=\"https:\/\/optimate1.com\/es\/solar\/\" rel=\"noopener\" target=\"_blank\">SOLAR<\/a> &amp; <a href=\"https:\/\/optimate1.com\/es\/optimate-dc-to-dc-cargador-baterias\/\" rel=\"noopener\" target=\"_blank\">DC-DC<\/a><\/body><\/p><\/td>\n<\/tr>\n<tr class=\"row-6\">\n\t<td class=\"column-1\"><a href=\"https:\/\/optimate1.com\/pro\/\"><img loading=\"lazy\" decoding=\"async\" src=\"https:\/\/optimate1.com\/wp-content\/uploads\/2021\/10\/PRO-corner_x.png\" alt=\"\" width=\"50\" height=\"50\" class=\"aligncenter size-medium wp-image-20927\" \/><\/a><\/td><td class=\"column-2\"><body><h6>\ud83d\udee0\ufe0f  Professional<br \/>\n\u2699\ufe0f  Funciones seleccionables, funciones de f\u00e1cil manejo para el distribuidor, funciones especiales<br \/>\n<img loading=\"lazy\" decoding=\"async\" src=\"https:\/\/optimate1.com\/wp-content\/uploads\/2021\/10\/Blue-voltage-symbol-copy-01.png\" alt=\"\" width=\"20\" height=\"20\" class=\"alignleft size-full wp-image-27872\" srcset=\"https:\/\/optimate1.com\/wp-content\/uploads\/2021\/10\/Blue-voltage-symbol-copy-01.png 71w, https:\/\/optimate1.com\/wp-content\/uploads\/2021\/10\/Blue-voltage-symbol-copy-01-64x64.png 64w\" sizes=\"auto, (max-width: 20px) 100vw, 20px\" \/> Recuperaci\u00f3n, carga, prueba, suministro de energ\u00eda<\/body><\/h6><\/td><td class=\"column-3\"><body><p>La serie OptiMate Pro es para el usuario profesional y las peque\u00f1as embarcaciones, los profesionales de la maquinaria, los talleres de reparaci\u00f3n y los minoristas de bater\u00edas. Adem\u00e1s de cargar la bater\u00eda, nuestros cargadores de la serie Pro tambi\u00e9n est\u00e1n dise\u00f1ados para el diagn\u00f3stico de veh\u00edculos.<br \/>\n<br \/>\nAprender m\u00e1s acerca de:            <a href=\"https:\/\/optimate1.com\/pro\/\" rel=\"noopener\" target=\"_blank\">PRO<\/a><\/body><\/p><\/td>\n<\/tr>\n<\/tbody>\n<\/table>\n<!-- #tablepress-127 from cache -->\n<p>&nbsp;<\/p>\n","protected":false},"excerpt":{"rendered":"<p>&nbsp;<\/p>\n","protected":false},"author":12,"featured_media":30501,"parent":0,"menu_order":0,"comment_status":"closed","ping_status":"closed","template":"","meta":{"footnotes":""},"class_list":["post-28411","page","type-page","status-publish","has-post-thumbnail","hentry","thunk-woo-product-list","opn-qv-enable","big-store-woo-hover-","open-single-product-tab-horizontal","open-shadow-","open-shadow-hover-"],"yoast_head":"<!-- This site is optimized with the Yoast SEO plugin v27.2 - https:\/\/yoast.com\/product\/yoast-seo-wordpress\/ -->\n<title>Cargador de Bater\u00edas - OptiMate<\/title>\n<meta name=\"description\" content=\"\u00bfNo puede decidir qu\u00e9 OptiMate elegir? Ahora se lo hemos puesto m\u00e1s f\u00e1cil con nuestra serie OptiMate. Echar un vistazo.\" \/>\n<meta name=\"robots\" content=\"index, follow, max-snippet:-1, max-image-preview:large, max-video-preview:-1, noarchive\" \/>\n<link rel=\"canonical\" href=\"https:\/\/optimate1.com\/series\/\" \/>\n<meta property=\"og:locale\" content=\"es_ES\" \/>\n<meta property=\"og:type\" content=\"article\" \/>\n<meta property=\"og:title\" content=\"Cargador de Bater\u00edas - OptiMate\" \/>\n<meta property=\"og:description\" content=\"\u00bfNo puede decidir qu\u00e9 OptiMate elegir? Ahora se lo hemos puesto m\u00e1s f\u00e1cil con nuestra serie OptiMate. Echar un vistazo.\" \/>\n<meta property=\"og:url\" content=\"https:\/\/optimate1.com\/series\/\" \/>\n<meta property=\"og:site_name\" content=\"OptiMate\" \/>\n<meta property=\"article:publisher\" content=\"https:\/\/www.facebook.com\/OptiMatebatterysavingcharger\/\" \/>\n<meta property=\"article:modified_time\" content=\"2023-04-25T08:41:14+00:00\" \/>\n<meta property=\"og:image\" content=\"https:\/\/optimate1.com\/wp-content\/uploads\/2022\/08\/BUTTON-SERIES-es.jpeg\" \/>\n\t<meta property=\"og:image:width\" content=\"270\" \/>\n\t<meta property=\"og:image:height\" content=\"252\" \/>\n\t<meta property=\"og:image:type\" content=\"image\/jpeg\" \/>\n<meta name=\"twitter:card\" content=\"summary_large_image\" \/>\n<meta name=\"twitter:label1\" content=\"Tiempo de lectura\" \/>\n\t<meta name=\"twitter:data1\" content=\"1 minuto\" \/>\n<script type=\"application\/ld+json\" class=\"yoast-schema-graph\">{\"@context\":\"https:\/\/schema.org\",\"@graph\":[{\"@type\":\"WebPage\",\"@id\":\"https:\/\/optimate1.com\/series\/\",\"url\":\"https:\/\/optimate1.com\/series\/\",\"name\":\"Cargador de Bater\u00edas - OptiMate\",\"isPartOf\":{\"@id\":\"https:\/\/optimate1.com\/#website\"},\"primaryImageOfPage\":{\"@id\":\"https:\/\/optimate1.com\/series\/#primaryimage\"},\"image\":{\"@id\":\"https:\/\/optimate1.com\/series\/#primaryimage\"},\"thumbnailUrl\":\"https:\/\/optimate1.com\/wp-content\/uploads\/2022\/08\/BUTTON-SERIES-es.jpeg\",\"datePublished\":\"2021-11-09T13:16:03+00:00\",\"dateModified\":\"2023-04-25T08:41:14+00:00\",\"description\":\"\u00bfNo puede decidir qu\u00e9 OptiMate elegir? Ahora se lo hemos puesto m\u00e1s f\u00e1cil con nuestra serie OptiMate. Echar un vistazo.\",\"breadcrumb\":{\"@id\":\"https:\/\/optimate1.com\/series\/#breadcrumb\"},\"inLanguage\":\"es\",\"potentialAction\":[{\"@type\":\"ReadAction\",\"target\":[\"https:\/\/optimate1.com\/series\/\"]}]},{\"@type\":\"ImageObject\",\"inLanguage\":\"es\",\"@id\":\"https:\/\/optimate1.com\/series\/#primaryimage\",\"url\":\"https:\/\/optimate1.com\/wp-content\/uploads\/2022\/08\/BUTTON-SERIES-es.jpeg\",\"contentUrl\":\"https:\/\/optimate1.com\/wp-content\/uploads\/2022\/08\/BUTTON-SERIES-es.jpeg\",\"width\":270,\"height\":252},{\"@type\":\"BreadcrumbList\",\"@id\":\"https:\/\/optimate1.com\/series\/#breadcrumb\",\"itemListElement\":[{\"@type\":\"ListItem\",\"position\":1,\"name\":\"Home\",\"item\":\"https:\/\/optimate1.com\/\"},{\"@type\":\"ListItem\",\"position\":2,\"name\":\"Cargador de Bater\u00edas\"}]},{\"@type\":\"WebSite\",\"@id\":\"https:\/\/optimate1.com\/#website\",\"url\":\"https:\/\/optimate1.com\/\",\"name\":\"OptiMate\",\"description\":\"Battery Chargers &amp; Accessories\",\"publisher\":{\"@id\":\"https:\/\/optimate1.com\/#organization\"},\"potentialAction\":[{\"@type\":\"SearchAction\",\"target\":{\"@type\":\"EntryPoint\",\"urlTemplate\":\"https:\/\/optimate1.com\/?s={search_term_string}\"},\"query-input\":{\"@type\":\"PropertyValueSpecification\",\"valueRequired\":true,\"valueName\":\"search_term_string\"}}],\"inLanguage\":\"es\"},{\"@type\":\"Organization\",\"@id\":\"https:\/\/optimate1.com\/#organization\",\"name\":\"OptiMate\",\"url\":\"https:\/\/optimate1.com\/\",\"logo\":{\"@type\":\"ImageObject\",\"inLanguage\":\"es\",\"@id\":\"https:\/\/optimate1.com\/#\/schema\/logo\/image\/\",\"url\":\"https:\/\/optimate1.com\/wp-content\/uploads\/2021\/06\/optimate-hpbc-stacklogo.jpg\",\"contentUrl\":\"https:\/\/optimate1.com\/wp-content\/uploads\/2021\/06\/optimate-hpbc-stacklogo.jpg\",\"width\":1025,\"height\":529,\"caption\":\"OptiMate\"},\"image\":{\"@id\":\"https:\/\/optimate1.com\/#\/schema\/logo\/image\/\"},\"sameAs\":[\"https:\/\/www.facebook.com\/OptiMatebatterysavingcharger\/\"]}]}<\/script>\n<!-- \/ Yoast SEO plugin. -->","yoast_head_json":{"title":"Cargador de Bater\u00edas - OptiMate","description":"\u00bfNo puede decidir qu\u00e9 OptiMate elegir? Ahora se lo hemos puesto m\u00e1s f\u00e1cil con nuestra serie OptiMate. Echar un vistazo.","robots":{"index":"index","follow":"follow","max-snippet":"max-snippet:-1","max-image-preview":"max-image-preview:large","max-video-preview":"max-video-preview:-1","archive":"noarchive"},"canonical":"https:\/\/optimate1.com\/series\/","og_locale":"es_ES","og_type":"article","og_title":"Cargador de Bater\u00edas - OptiMate","og_description":"\u00bfNo puede decidir qu\u00e9 OptiMate elegir? Ahora se lo hemos puesto m\u00e1s f\u00e1cil con nuestra serie OptiMate. Echar un vistazo.","og_url":"https:\/\/optimate1.com\/series\/","og_site_name":"OptiMate","article_publisher":"https:\/\/www.facebook.com\/OptiMatebatterysavingcharger\/","article_modified_time":"2023-04-25T08:41:14+00:00","og_image":[{"width":270,"height":252,"url":"https:\/\/optimate1.com\/wp-content\/uploads\/2022\/08\/BUTTON-SERIES-es.jpeg","type":"image\/jpeg"}],"twitter_card":"summary_large_image","twitter_misc":{"Tiempo de lectura":"1 minuto"},"schema":{"@context":"https:\/\/schema.org","@graph":[{"@type":"WebPage","@id":"https:\/\/optimate1.com\/series\/","url":"https:\/\/optimate1.com\/series\/","name":"Cargador de Bater\u00edas - OptiMate","isPartOf":{"@id":"https:\/\/optimate1.com\/#website"},"primaryImageOfPage":{"@id":"https:\/\/optimate1.com\/series\/#primaryimage"},"image":{"@id":"https:\/\/optimate1.com\/series\/#primaryimage"},"thumbnailUrl":"https:\/\/optimate1.com\/wp-content\/uploads\/2022\/08\/BUTTON-SERIES-es.jpeg","datePublished":"2021-11-09T13:16:03+00:00","dateModified":"2023-04-25T08:41:14+00:00","description":"\u00bfNo puede decidir qu\u00e9 OptiMate elegir? Ahora se lo hemos puesto m\u00e1s f\u00e1cil con nuestra serie OptiMate. Echar un vistazo.","breadcrumb":{"@id":"https:\/\/optimate1.com\/series\/#breadcrumb"},"inLanguage":"es","potentialAction":[{"@type":"ReadAction","target":["https:\/\/optimate1.com\/series\/"]}]},{"@type":"ImageObject","inLanguage":"es","@id":"https:\/\/optimate1.com\/series\/#primaryimage","url":"https:\/\/optimate1.com\/wp-content\/uploads\/2022\/08\/BUTTON-SERIES-es.jpeg","contentUrl":"https:\/\/optimate1.com\/wp-content\/uploads\/2022\/08\/BUTTON-SERIES-es.jpeg","width":270,"height":252},{"@type":"BreadcrumbList","@id":"https:\/\/optimate1.com\/series\/#breadcrumb","itemListElement":[{"@type":"ListItem","position":1,"name":"Home","item":"https:\/\/optimate1.com\/"},{"@type":"ListItem","position":2,"name":"Cargador de Bater\u00edas"}]},{"@type":"WebSite","@id":"https:\/\/optimate1.com\/#website","url":"https:\/\/optimate1.com\/","name":"OptiMate","description":"Battery Chargers &amp; Accessories","publisher":{"@id":"https:\/\/optimate1.com\/#organization"},"potentialAction":[{"@type":"SearchAction","target":{"@type":"EntryPoint","urlTemplate":"https:\/\/optimate1.com\/?s={search_term_string}"},"query-input":{"@type":"PropertyValueSpecification","valueRequired":true,"valueName":"search_term_string"}}],"inLanguage":"es"},{"@type":"Organization","@id":"https:\/\/optimate1.com\/#organization","name":"OptiMate","url":"https:\/\/optimate1.com\/","logo":{"@type":"ImageObject","inLanguage":"es","@id":"https:\/\/optimate1.com\/#\/schema\/logo\/image\/","url":"https:\/\/optimate1.com\/wp-content\/uploads\/2021\/06\/optimate-hpbc-stacklogo.jpg","contentUrl":"https:\/\/optimate1.com\/wp-content\/uploads\/2021\/06\/optimate-hpbc-stacklogo.jpg","width":1025,"height":529,"caption":"OptiMate"},"image":{"@id":"https:\/\/optimate1.com\/#\/schema\/logo\/image\/"},"sameAs":["https:\/\/www.facebook.com\/OptiMatebatterysavingcharger\/"]}]}},"_links":{"self":[{"href":"https:\/\/optimate1.com\/es\/wp-json\/wp\/v2\/pages\/28411","targetHints":{"allow":["GET"]}}],"collection":[{"href":"https:\/\/optimate1.com\/es\/wp-json\/wp\/v2\/pages"}],"about":[{"href":"https:\/\/optimate1.com\/es\/wp-json\/wp\/v2\/types\/page"}],"author":[{"embeddable":true,"href":"https:\/\/optimate1.com\/es\/wp-json\/wp\/v2\/users\/12"}],"replies":[{"embeddable":true,"href":"https:\/\/optimate1.com\/es\/wp-json\/wp\/v2\/comments?post=28411"}],"version-history":[{"count":3,"href":"https:\/\/optimate1.com\/es\/wp-json\/wp\/v2\/pages\/28411\/revisions"}],"predecessor-version":[{"id":32591,"href":"https:\/\/optimate1.com\/es\/wp-json\/wp\/v2\/pages\/28411\/revisions\/32591"}],"wp:featuredmedia":[{"embeddable":true,"href":"https:\/\/optimate1.com\/es\/wp-json\/wp\/v2\/media\/30501"}],"wp:attachment":[{"href":"https:\/\/optimate1.com\/es\/wp-json\/wp\/v2\/media?parent=28411"}],"curies":[{"name":"wp","href":"https:\/\/api.w.org\/{rel}","templated":true}]}}