{"id":34745,"date":"2023-11-03T04:38:47","date_gmt":"2023-11-03T08:38:47","guid":{"rendered":"https:\/\/optimate1.com\/almacenamiento-y-carga-seguros-proteja-la-bateria-de-su-bicicleta-electrica-con-los-cargadores-de-bateria-optimate\/"},"modified":"2023-11-03T05:53:10","modified_gmt":"2023-11-03T09:53:10","slug":"almacenamiento-y-carga-seguros-proteja-la-bateria-de-su-bicicleta-electrica-con-los-cargadores-de-bateria-optimate","status":"publish","type":"page","link":"https:\/\/optimate1.com\/es\/almacenamiento-y-carga-seguros-proteja-la-bateria-de-su-bicicleta-electrica-con-los-cargadores-de-bateria-optimate\/","title":{"rendered":"Almacenamiento y carga seguros: proteja la bater\u00eda de su bicicleta el\u00e9ctrica con los cargadores de bater\u00eda OptiMate"},"content":{"rendered":"<p><img loading=\"lazy\" decoding=\"async\" class=\"alignleft wp-image-19321 size-full\" src=\"https:\/\/optimate1.com\/wp-content\/uploads\/2023\/04\/Car-Battery-Charger-banner_9-copy-3.png\" alt=\"\" width=\"1280\" height=\"540\" \/><\/p>\n<h2><\/h2>\n<p style=\"text-align: center; font-size: 30px;\"><strong>Almacenamiento y carga seguros: proteja la bater\u00eda de su bicicleta el\u00e9ctrica con los cargadores de bater\u00eda OptiMate<\/strong><\/p>\n<p><strong>Los productos OptiMate High Performance Battery Chargers incluyen cargadores inteligentes innovadores con selecci\u00f3n de usuario para mayor VIDA \u00daTIL, m\u00e1s ENERG\u00cdA y modo de suspensi\u00f3n para un almacenamiento seguro a largo plazo, as\u00ed como conectores y monitoreo inteligente de la bater\u00eda.<br \/>\nNuestro objetivo es proporcionar una forma muy segura, confiable y eficiente para que los usuarios de bicicletas el\u00e9ctricas carguen y extiendan la vida \u00fatil de la bater\u00eda de su bicicleta el\u00e9ctrica, ya sea que vayan al trabajo o realicen un recorrido de larga distancia, o coloquen la bicicleta. almacenado durante el invierno. Nuestro enfoque innovador elimina el miedo a la carga sin supervisi\u00f3n y elimina los problemas de rendimiento de la bater\u00eda.<br \/>\nOptiMate quiere asociarse con fabricantes y distribuidores de bicicletas el\u00e9ctricas para satisfacer la creciente demanda de una carga segura sin supervisi\u00f3n y un cuidado correcto a largo plazo de las bater\u00edas de las bicicletas el\u00e9ctricas.<\/strong><\/p>\n<p>Con la tecnolog\u00eda de carga OptiMate, nos centramos principalmente en 3 tipos de bater\u00edas de iones de litio:<br \/>\n\u00d3xido de Litio Manganeso (LMO), \u00d3xido de Litio Cobalto (LCO) y \u00d3xido de Litio N\u00edquel Manganeso Cobalto (NMC), con una tensi\u00f3n nominal por celda de 3.6V-3.7V y con una tensi\u00f3n m\u00e1xima de carga de 4.2V por celda. Las bater\u00edas NMC son las bater\u00edas m\u00e1s populares para bicicletas el\u00e9ctricas.<\/p>\n<p>&nbsp;<\/p>\n<p><img loading=\"lazy\" decoding=\"async\" class=\"alignleft wp-image-19321 size-full\" src=\"https:\/\/optimate1.com\/wp-content\/uploads\/2023\/04\/Car-Battery-Charger-banner_9-copy-12.png\" alt=\"\" width=\"1280\" height=\"340\" \/><\/p>\n<h2>Control de temperatura: por qu\u00e9 es importante<\/h2>\n<p>Las bater\u00edas de litio se pueden descargar en un amplio rango de temperaturas, pero no es buena idea cargarlas a temperaturas extremas. El fr\u00edo y el calor extremos reducen la aceptaci\u00f3n de carga. El mejor rango de rendimiento de la bater\u00eda es entre 10\u00b0C y 30\u00b0C, con el rango de carga ideal entre 0\u00b0C y 40\u00b0C.<\/p>\n<p>&#8211; 20\u00b0C y menos: sin cargo<\/p>\n<p>&#8211; 20\u00b0C hasta &#8211; 10\u00b0C: carga al 25% de corriente<\/p>\n<p>&#8211; 10\u00b0C hasta 0\u00b0C: carga al 50% de corriente<\/p>\n<p>0\u00b0C hasta 40\u00b0C: carga al 100% de corriente<\/p>\n<p>40\u00b0C hasta 50\u00b0C: carga al 50% de corriente<\/p>\n<p>50\u00b0C hasta 55\u00b0C: carga al 25% de corriente<\/p>\n<p>55\u00b0C y m\u00e1s: sin cargo<\/p>\n<p><img decoding=\"async\" src=\"https:\/\/optimate1.com\/wp-content\/uploads\/2023\/04\/Car-Battery-Charger-banner_9-copy-10.png\" \/><\/p>\n<p>Los innovadores cargadores inteligentes OptiMate vienen con <strong>funciones avanzadas<\/strong> para recuperar bater\u00edas de forma segura con menos del 40% de carga. La seguridad durante la carga es clave para evitar que la bater\u00eda se sobrecargue o se cargue insuficientemente. Ambos da\u00f1ar\u00e1n la bater\u00eda y acortar\u00e1n su vida \u00fatil.<\/p>\n<p><img loading=\"lazy\" decoding=\"async\" class=\"alignleft wp-image-19321 size-full\" src=\"https:\/\/optimate1.com\/wp-content\/uploads\/2023\/04\/charge-wait-algorithm-copy.png\" alt=\"\" width=\"1280\" height=\"340\" \/><\/p>\n<p>&nbsp;<\/p>\n<p>OptiMate tambi\u00e9n ofrece una gama de conectores y cables adaptadores que se adaptan a la bater\u00eda de su bicicleta el\u00e9ctrica.<\/p>\n<p><img loading=\"lazy\" decoding=\"async\" class=\"alignleft wp-image-19321 size-full\" src=\"https:\/\/optimate1.com\/wp-content\/uploads\/2023\/05\/Car-Battery-Charger-banner_9-copy-13.png\" alt=\"\" width=\"1280\" height=\"340\" \/><\/p>\n<p>Un monitor de seguridad que se puede montar entre la bater\u00eda y cualquier cargador de bater\u00eda puede controlar la carga de la bater\u00eda en cualquier momento. Si se detecta una celda da\u00f1ada, el cargador dejar\u00e1 de cargar autom\u00e1ticamente para evitar el sobrecalentamiento o da\u00f1os mayores a la bater\u00eda. Con estas caracter\u00edsticas de seguridad, puede confiar en OptiMate para mantener la bater\u00eda de su bicicleta el\u00e9ctrica segura y en excelentes condiciones.<\/p>\n<p><img loading=\"lazy\" decoding=\"async\" class=\"alignleft wp-image-19321 size-full\" src=\"https:\/\/optimate1.com\/wp-content\/uploads\/2023\/05\/Car-Battery-Charger-banner_9-copy-14.png\" alt=\"\" width=\"1280\" height=\"340\" \/><\/p>\n<p>En resumen, si desea garantizar la seguridad y la longevidad de la bater\u00eda de iones de litio de su bicicleta el\u00e9ctrica, \u00a1ha venido al lugar correcto: OptiMate! Con sus funciones avanzadas, funciones de seguridad y pruebas rigurosas, los cargadores de bater\u00edas OptiMate son la opci\u00f3n inteligente para cualquier propietario de bicicleta el\u00e9ctrica que busque aprovechar al m\u00e1ximo su inversi\u00f3n.<\/p>\n<h6 style=\"text-align: center;\">Copyright 2023. TecMate International<\/h6>\n","protected":false},"excerpt":{"rendered":"<p>Almacenamiento y carga seguros: proteja la bater\u00eda de su bicicleta el\u00e9ctrica con los cargadores de bater\u00eda OptiMate Los productos OptiMate High Performance Battery Chargers incluyen cargadores inteligentes innovadores con selecci\u00f3n de usuario para mayor VIDA \u00daTIL, m\u00e1s ENERG\u00cdA y modo de suspensi\u00f3n para un almacenamiento seguro a largo plazo, as\u00ed como conectores y monitoreo inteligente &hellip;<\/p>\n<p class=\"read-more\"> <a class=\" thunk-readmore button \" href=\"https:\/\/optimate1.com\/es\/almacenamiento-y-carga-seguros-proteja-la-bateria-de-su-bicicleta-electrica-con-los-cargadores-de-bateria-optimate\/\"> <span class=\"screen-reader-text\">Almacenamiento y carga seguros: proteja la bater\u00eda de su bicicleta el\u00e9ctrica con los cargadores de bater\u00eda OptiMate<\/span>Leer m\u00e1s<\/a><\/p>\n","protected":false},"author":12,"featured_media":34732,"parent":0,"menu_order":0,"comment_status":"closed","ping_status":"closed","template":"","meta":{"footnotes":""},"class_list":["post-34745","page","type-page","status-publish","has-post-thumbnail","hentry","thunk-woo-product-list","opn-qv-enable","big-store-woo-hover-","open-single-product-tab-horizontal","open-shadow-","open-shadow-hover-"],"yoast_head":"<!-- This site is optimized with the Yoast SEO plugin v27.4 - https:\/\/yoast.com\/product\/yoast-seo-wordpress\/ -->\n<title>Almacenamiento y carga seguros: proteja la bater\u00eda de su bicicleta el\u00e9ctrica con los cargadores de bater\u00eda OptiMate - OptiMate<\/title>\n<meta name=\"description\" content=\"Almacenamiento y carga seguros: proteja la bater\u00eda de su bicicleta el\u00e9ctrica con los cargadores de bater\u00eda OptiMate.\" \/>\n<meta name=\"robots\" content=\"index, follow, max-snippet:-1, max-image-preview:large, max-video-preview:-1, noarchive\" \/>\n<link rel=\"canonical\" href=\"https:\/\/optimate1.com\/electric-bike-charger\/\" \/>\n<meta property=\"og:locale\" content=\"es_ES\" \/>\n<meta property=\"og:type\" content=\"article\" \/>\n<meta property=\"og:title\" content=\"Almacenamiento y carga seguros: proteja la bater\u00eda de su bicicleta el\u00e9ctrica con los cargadores de bater\u00eda OptiMate - OptiMate\" \/>\n<meta property=\"og:description\" content=\"Almacenamiento y carga seguros: proteja la bater\u00eda de su bicicleta el\u00e9ctrica con los cargadores de bater\u00eda OptiMate.\" \/>\n<meta property=\"og:url\" content=\"https:\/\/optimate1.com\/electric-bike-charger\/\" \/>\n<meta property=\"og:site_name\" content=\"OptiMate\" \/>\n<meta property=\"article:publisher\" content=\"https:\/\/www.facebook.com\/OptiMatebatterysavingcharger\/\" \/>\n<meta property=\"article:modified_time\" content=\"2023-11-03T09:53:10+00:00\" \/>\n<meta property=\"og:image\" content=\"https:\/\/optimate1.com\/wp-content\/uploads\/2023\/11\/Ebike-ES.png\" \/>\n\t<meta property=\"og:image:width\" content=\"1080\" \/>\n\t<meta property=\"og:image:height\" content=\"1080\" \/>\n\t<meta property=\"og:image:type\" content=\"image\/png\" \/>\n<meta name=\"twitter:card\" content=\"summary_large_image\" \/>\n<meta name=\"twitter:label1\" content=\"Tiempo de lectura\" \/>\n\t<meta name=\"twitter:data1\" content=\"4 minutos\" \/>\n<script type=\"application\/ld+json\" class=\"yoast-schema-graph\">{\"@context\":\"https:\\\/\\\/schema.org\",\"@graph\":[{\"@type\":\"WebPage\",\"@id\":\"https:\\\/\\\/optimate1.com\\\/electric-bike-charger\\\/\",\"url\":\"https:\\\/\\\/optimate1.com\\\/electric-bike-charger\\\/\",\"name\":\"Almacenamiento y carga seguros: proteja la bater\u00eda de su bicicleta el\u00e9ctrica con los cargadores de bater\u00eda OptiMate - OptiMate\",\"isPartOf\":{\"@id\":\"https:\\\/\\\/optimate1.com\\\/#website\"},\"primaryImageOfPage\":{\"@id\":\"https:\\\/\\\/optimate1.com\\\/electric-bike-charger\\\/#primaryimage\"},\"image\":{\"@id\":\"https:\\\/\\\/optimate1.com\\\/electric-bike-charger\\\/#primaryimage\"},\"thumbnailUrl\":\"https:\\\/\\\/optimate1.com\\\/wp-content\\\/uploads\\\/2023\\\/11\\\/Ebike-ES.png\",\"datePublished\":\"2023-11-03T08:38:47+00:00\",\"dateModified\":\"2023-11-03T09:53:10+00:00\",\"description\":\"Almacenamiento y carga seguros: proteja la bater\u00eda de su bicicleta el\u00e9ctrica con los cargadores de bater\u00eda OptiMate.\",\"breadcrumb\":{\"@id\":\"https:\\\/\\\/optimate1.com\\\/electric-bike-charger\\\/#breadcrumb\"},\"inLanguage\":\"es\",\"potentialAction\":[{\"@type\":\"ReadAction\",\"target\":[\"https:\\\/\\\/optimate1.com\\\/electric-bike-charger\\\/\"]}]},{\"@type\":\"ImageObject\",\"inLanguage\":\"es\",\"@id\":\"https:\\\/\\\/optimate1.com\\\/electric-bike-charger\\\/#primaryimage\",\"url\":\"https:\\\/\\\/optimate1.com\\\/wp-content\\\/uploads\\\/2023\\\/11\\\/Ebike-ES.png\",\"contentUrl\":\"https:\\\/\\\/optimate1.com\\\/wp-content\\\/uploads\\\/2023\\\/11\\\/Ebike-ES.png\",\"width\":1080,\"height\":1080},{\"@type\":\"BreadcrumbList\",\"@id\":\"https:\\\/\\\/optimate1.com\\\/electric-bike-charger\\\/#breadcrumb\",\"itemListElement\":[{\"@type\":\"ListItem\",\"position\":1,\"name\":\"Home\",\"item\":\"https:\\\/\\\/optimate1.com\\\/\"},{\"@type\":\"ListItem\",\"position\":2,\"name\":\"Optimice la duraci\u00f3n de la bater\u00eda de su bicicleta el\u00e9ctrica con los cargadores de bater\u00edas OptiMate\"}]},{\"@type\":\"WebSite\",\"@id\":\"https:\\\/\\\/optimate1.com\\\/#website\",\"url\":\"https:\\\/\\\/optimate1.com\\\/\",\"name\":\"OptiMate\",\"description\":\"Battery Chargers &amp; Accessories\",\"publisher\":{\"@id\":\"https:\\\/\\\/optimate1.com\\\/#organization\"},\"potentialAction\":[{\"@type\":\"SearchAction\",\"target\":{\"@type\":\"EntryPoint\",\"urlTemplate\":\"https:\\\/\\\/optimate1.com\\\/?s={search_term_string}\"},\"query-input\":{\"@type\":\"PropertyValueSpecification\",\"valueRequired\":true,\"valueName\":\"search_term_string\"}}],\"inLanguage\":\"es\"},{\"@type\":\"Organization\",\"@id\":\"https:\\\/\\\/optimate1.com\\\/#organization\",\"name\":\"OptiMate\",\"url\":\"https:\\\/\\\/optimate1.com\\\/\",\"logo\":{\"@type\":\"ImageObject\",\"inLanguage\":\"es\",\"@id\":\"https:\\\/\\\/optimate1.com\\\/#\\\/schema\\\/logo\\\/image\\\/\",\"url\":\"https:\\\/\\\/optimate1.com\\\/wp-content\\\/uploads\\\/2021\\\/06\\\/optimate-hpbc-stacklogo.jpg\",\"contentUrl\":\"https:\\\/\\\/optimate1.com\\\/wp-content\\\/uploads\\\/2021\\\/06\\\/optimate-hpbc-stacklogo.jpg\",\"width\":1025,\"height\":529,\"caption\":\"OptiMate\"},\"image\":{\"@id\":\"https:\\\/\\\/optimate1.com\\\/#\\\/schema\\\/logo\\\/image\\\/\"},\"sameAs\":[\"https:\\\/\\\/www.facebook.com\\\/OptiMatebatterysavingcharger\\\/\"]}]}<\/script>\n<!-- \/ Yoast SEO plugin. -->","yoast_head_json":{"title":"Almacenamiento y carga seguros: proteja la bater\u00eda de su bicicleta el\u00e9ctrica con los cargadores de bater\u00eda OptiMate - OptiMate","description":"Almacenamiento y carga seguros: proteja la bater\u00eda de su bicicleta el\u00e9ctrica con los cargadores de bater\u00eda OptiMate.","robots":{"index":"index","follow":"follow","max-snippet":"max-snippet:-1","max-image-preview":"max-image-preview:large","max-video-preview":"max-video-preview:-1","archive":"noarchive"},"canonical":"https:\/\/optimate1.com\/electric-bike-charger\/","og_locale":"es_ES","og_type":"article","og_title":"Almacenamiento y carga seguros: proteja la bater\u00eda de su bicicleta el\u00e9ctrica con los cargadores de bater\u00eda OptiMate - OptiMate","og_description":"Almacenamiento y carga seguros: proteja la bater\u00eda de su bicicleta el\u00e9ctrica con los cargadores de bater\u00eda OptiMate.","og_url":"https:\/\/optimate1.com\/electric-bike-charger\/","og_site_name":"OptiMate","article_publisher":"https:\/\/www.facebook.com\/OptiMatebatterysavingcharger\/","article_modified_time":"2023-11-03T09:53:10+00:00","og_image":[{"width":1080,"height":1080,"url":"https:\/\/optimate1.com\/wp-content\/uploads\/2023\/11\/Ebike-ES.png","type":"image\/png"}],"twitter_card":"summary_large_image","twitter_misc":{"Tiempo de lectura":"4 minutos"},"schema":{"@context":"https:\/\/schema.org","@graph":[{"@type":"WebPage","@id":"https:\/\/optimate1.com\/electric-bike-charger\/","url":"https:\/\/optimate1.com\/electric-bike-charger\/","name":"Almacenamiento y carga seguros: proteja la bater\u00eda de su bicicleta el\u00e9ctrica con los cargadores de bater\u00eda OptiMate - OptiMate","isPartOf":{"@id":"https:\/\/optimate1.com\/#website"},"primaryImageOfPage":{"@id":"https:\/\/optimate1.com\/electric-bike-charger\/#primaryimage"},"image":{"@id":"https:\/\/optimate1.com\/electric-bike-charger\/#primaryimage"},"thumbnailUrl":"https:\/\/optimate1.com\/wp-content\/uploads\/2023\/11\/Ebike-ES.png","datePublished":"2023-11-03T08:38:47+00:00","dateModified":"2023-11-03T09:53:10+00:00","description":"Almacenamiento y carga seguros: proteja la bater\u00eda de su bicicleta el\u00e9ctrica con los cargadores de bater\u00eda OptiMate.","breadcrumb":{"@id":"https:\/\/optimate1.com\/electric-bike-charger\/#breadcrumb"},"inLanguage":"es","potentialAction":[{"@type":"ReadAction","target":["https:\/\/optimate1.com\/electric-bike-charger\/"]}]},{"@type":"ImageObject","inLanguage":"es","@id":"https:\/\/optimate1.com\/electric-bike-charger\/#primaryimage","url":"https:\/\/optimate1.com\/wp-content\/uploads\/2023\/11\/Ebike-ES.png","contentUrl":"https:\/\/optimate1.com\/wp-content\/uploads\/2023\/11\/Ebike-ES.png","width":1080,"height":1080},{"@type":"BreadcrumbList","@id":"https:\/\/optimate1.com\/electric-bike-charger\/#breadcrumb","itemListElement":[{"@type":"ListItem","position":1,"name":"Home","item":"https:\/\/optimate1.com\/"},{"@type":"ListItem","position":2,"name":"Optimice la duraci\u00f3n de la bater\u00eda de su bicicleta el\u00e9ctrica con los cargadores de bater\u00edas OptiMate"}]},{"@type":"WebSite","@id":"https:\/\/optimate1.com\/#website","url":"https:\/\/optimate1.com\/","name":"OptiMate","description":"Battery Chargers &amp; Accessories","publisher":{"@id":"https:\/\/optimate1.com\/#organization"},"potentialAction":[{"@type":"SearchAction","target":{"@type":"EntryPoint","urlTemplate":"https:\/\/optimate1.com\/?s={search_term_string}"},"query-input":{"@type":"PropertyValueSpecification","valueRequired":true,"valueName":"search_term_string"}}],"inLanguage":"es"},{"@type":"Organization","@id":"https:\/\/optimate1.com\/#organization","name":"OptiMate","url":"https:\/\/optimate1.com\/","logo":{"@type":"ImageObject","inLanguage":"es","@id":"https:\/\/optimate1.com\/#\/schema\/logo\/image\/","url":"https:\/\/optimate1.com\/wp-content\/uploads\/2021\/06\/optimate-hpbc-stacklogo.jpg","contentUrl":"https:\/\/optimate1.com\/wp-content\/uploads\/2021\/06\/optimate-hpbc-stacklogo.jpg","width":1025,"height":529,"caption":"OptiMate"},"image":{"@id":"https:\/\/optimate1.com\/#\/schema\/logo\/image\/"},"sameAs":["https:\/\/www.facebook.com\/OptiMatebatterysavingcharger\/"]}]}},"_links":{"self":[{"href":"https:\/\/optimate1.com\/es\/wp-json\/wp\/v2\/pages\/34745","targetHints":{"allow":["GET"]}}],"collection":[{"href":"https:\/\/optimate1.com\/es\/wp-json\/wp\/v2\/pages"}],"about":[{"href":"https:\/\/optimate1.com\/es\/wp-json\/wp\/v2\/types\/page"}],"author":[{"embeddable":true,"href":"https:\/\/optimate1.com\/es\/wp-json\/wp\/v2\/users\/12"}],"replies":[{"embeddable":true,"href":"https:\/\/optimate1.com\/es\/wp-json\/wp\/v2\/comments?post=34745"}],"version-history":[{"count":1,"href":"https:\/\/optimate1.com\/es\/wp-json\/wp\/v2\/pages\/34745\/revisions"}],"predecessor-version":[{"id":34746,"href":"https:\/\/optimate1.com\/es\/wp-json\/wp\/v2\/pages\/34745\/revisions\/34746"}],"wp:featuredmedia":[{"embeddable":true,"href":"https:\/\/optimate1.com\/es\/wp-json\/wp\/v2\/media\/34732"}],"wp:attachment":[{"href":"https:\/\/optimate1.com\/es\/wp-json\/wp\/v2\/media?parent=34745"}],"curies":[{"name":"wp","href":"https:\/\/api.w.org\/{rel}","templated":true}]}}