{"id":40278,"date":"2025-11-03T03:31:40","date_gmt":"2025-11-03T08:31:40","guid":{"rendered":"https:\/\/optimate1.com\/cargadores-pro\/"},"modified":"2025-11-03T04:08:48","modified_gmt":"2025-11-03T09:08:48","slug":"cargadores-pro","status":"publish","type":"page","link":"https:\/\/optimate1.com\/es\/cargadores-pro\/","title":{"rendered":"Cargadores PRO"},"content":{"rendered":"<p><img loading=\"lazy\" decoding=\"async\" class=\"alignleft wp-image-19321 size-full\" src=\"https:\/\/optimate1.com\/wp-content\/uploads\/2025\/10\/2025-1029-Banner-PRO-scaled.png\" alt=\"car and portable car battery chargers: OptiMate 7 Select and OptiMate Lithium 4s 10A battery charger\" width=\"1280\" height=\"540\" \/><\/p>\n<p style=\"text-align: center; font-size: 30px;\"><strong>CARGADORES PROFESIONALES OPTIMATE<\/strong><\/p>\n<p>La serie PRO est\u00e1 dise\u00f1ada para talleres profesionales, especialistas en bater\u00edas o distribuidores: herramientas de carga y prueba de alto rendimiento creadas para uso profesional. Con programas de carga seleccionables y funciones \u201cPRO\u201d avanzadas, estas unidades ofrecen control, diagn\u00f3stico y fiabilidad.<\/p>\n\n<table id=\"tablepress-678\" class=\"tablepress tablepress-id-678\">\n<tbody class=\"row-hover\">\n<tr class=\"row-1\">\n\t<td class=\"column-1\"><body><h6><strong>AUTOM\u00c1TICO \u2013<\/strong> Los cargadores de bater\u00eda OptiMate son completamente autom\u00e1ticos una vez seleccionada la qu\u00edmica o el modo de bater\u00eda correctos.<\/h6><\/center><\/td>\n<\/tr>\n<tr class=\"row-2\">\n\t<td class=\"column-1\"><body><h6><strong>ACTIVA BATER\u00cdAS NUEVAS \u2013 <\/strong>Prepara cualquier bater\u00eda de motocicleta o de powersport para su primer uso.<\/h6><\/center><\/td>\n<\/tr>\n<tr class=\"row-3\">\n\t<td class=\"column-1\"><body><h6><strong>RECUPERA BATER\u00cdAS PROFUNDAMENTE DESCARGADAS \u2013 <\/strong>Recupera bater\u00edas de plomo (Pb) o de litio LFP (LiFePO\u2084) desde solo 0,5 voltios. Restablece y recupera bater\u00edas de litio LFP con protecci\u00f3n BMS.<\/h6><\/center><\/td>\n<\/tr>\n<tr class=\"row-4\">\n\t<td class=\"column-1\"><body><h6><strong>PRUEBA DEL ESTADO DE SALUD \u2013 <\/strong> BUENA (80-100%), ACEPTABLE (60-80%), DEFICIENTE (<60%) \u2013 ayuda a determinar si una bater\u00eda debe reemplazarse.<\/h6><\/center><\/td>\n<\/tr>\n<tr class=\"row-5\">\n\t<td class=\"column-1\"><body><h6><strong>ENTRADA GLOBAL \u2013 <\/strong> La alimentaci\u00f3n de entrada (100-240V 50-60Hz) se acepta a trav\u00e9s de un conector est\u00e1ndar IEC320 C8, es decir, el cable de alimentaci\u00f3n de CA puede cambiarse para adaptarse al enchufe de pared de cualquier regi\u00f3n.<\/h6><\/center><\/td>\n<\/tr>\n<tr class=\"row-6\">\n\t<td class=\"column-1\"><body><h6><strong>CONSUMO DE ENERG\u00cdA REDUCIDO \u2013 <\/strong> Los cargadores de bater\u00eda OptiMate cuentan con certificaci\u00f3n de eficiencia energ\u00e9tica. La avanzada tecnolog\u00eda electr\u00f3nica de OptiMate reduce el consumo de electricidad y te ayuda a ahorrar dinero.<\/h6><\/center><\/td>\n<\/tr>\n<tr class=\"row-7\">\n\t<td class=\"column-1\"><body><h6><strong>CERTIFICACI\u00d3N INTERNACIONAL: \u2013 <\/strong> CE, UKCA, NRTL (UL y CSA), PSE, SAA.<\/h6><\/center><\/td>\n<\/tr>\n<\/tbody>\n<\/table>\n<!-- #tablepress-678 from cache -->\n<p style=\"text-align: center; font-size: 30px;\"><strong>ELEGIR EL CARGADOR ADECUADO<\/strong><\/p>\n<h3 data-start=\"905\" data-end=\"924\">Modelos destacados<\/h3>\n<h4 data-start=\"926\" data-end=\"964\"><strong data-start=\"931\" data-end=\"962\">OptiMate PRO-1 DUO (TM-650)<\/strong><\/h4>\n<p data-start=\"965\" data-end=\"1082\">Ideal para el servicio en el veh\u00edculo y para la carga o preparaci\u00f3n r\u00e1pida de la bater\u00eda.<\/p>\n<p data-start=\"965\" data-end=\"1082\">\n<table id=\"tablepress-679\" class=\"tablepress tablepress-id-679\">\n<tbody class=\"row-hover\">\n<tr class=\"row-1\">\n\t<td class=\"column-1\"><body><h6><strong>3 MODOS SELECCIONABLES \u2013<\/strong> 12V de plomo-\u00e1cido O 12,8V\/13,2V de litio LiFePO\u2084 O fuente de alimentaci\u00f3n.<\/h6><\/center><\/td>\n<\/tr>\n<tr class=\"row-2\">\n\t<td class=\"column-1\"><body><h6><strong>UN BANCO DE CARGA \u2013 <\/strong>10 A m\u00e1x., el control de carga Ampmatic ajusta la corriente seg\u00fan el tama\u00f1o de la bater\u00eda.<\/h6><\/center><\/td>\n<\/tr>\n<tr class=\"row-3\">\n\t<td class=\"column-1\"><body><h6><strong>SERVICIO F\u00c1CIL \/ SOPORTE DE BATER\u00cdA \u2013 <\/strong> El modo de fuente de alimentaci\u00f3n proporciona un soporte estable a la bater\u00eda del veh\u00edculo, necesario para el diagn\u00f3stico el\u00e9ctrico o la actualizaci\u00f3n del software.<\/h6><\/center><\/td>\n<\/tr>\n<tr class=\"row-4\">\n\t<td class=\"column-1\"><body><h6><strong>AHORRO \/ RESTABLECIMIENTO DE BATER\u00cdA \u2013 <\/strong>Modo de recuperaci\u00f3n inteligente para bater\u00edas profundamente descargadas O restablecimiento de la protecci\u00f3n de bajo voltaje de una bater\u00eda de litio instalada en el veh\u00edculo.<\/h6><\/center><\/td>\n<\/tr>\n<\/tbody>\n<\/table>\n<!-- #tablepress-679 from cache --><\/p>\n<div class=\"woocommerce columns-5 \"><ul class=\"products columns-5\">\n<li class=\"thunk-woo-product-list opn-qv-enable big-store-woo-hover- open-single-product-tab-horizontal open-shadow- open-shadow-hover- product type-product post-28745 status-publish first instock product_cat-battery-chargers-es has-post-thumbnail shipping-taxable purchasable product-type-simple\">\n\t<div class=\"thunk-product-wrap\"><div class=\"thunk-product\"><a href=\"https:\/\/optimate1.com\/es\/producto\/optimate-pro-1-duo\/\" class=\"woocommerce-LoopProduct-link woocommerce-loop-product__link\"><div class=\"thunk-product-image\"><img loading=\"lazy\" decoding=\"async\" width=\"320\" height=\"320\" src=\"https:\/\/optimate1.com\/wp-content\/uploads\/2026\/03\/OptiMate-PRO-1-TM650-12-copy-es-1-320x320.png\" class=\"attachment-woocommerce_thumbnail size-woocommerce_thumbnail\" alt=\"OptiMate PRO-1 DUO\" srcset=\"https:\/\/optimate1.com\/wp-content\/uploads\/2026\/03\/OptiMate-PRO-1-TM650-12-copy-es-1-320x320.png 320w, https:\/\/optimate1.com\/wp-content\/uploads\/2026\/03\/OptiMate-PRO-1-TM650-12-copy-es-1-300x300.png 300w, https:\/\/optimate1.com\/wp-content\/uploads\/2026\/03\/OptiMate-PRO-1-TM650-12-copy-es-1-1024x1024.png 1024w, https:\/\/optimate1.com\/wp-content\/uploads\/2026\/03\/OptiMate-PRO-1-TM650-12-copy-es-1-150x150.png 150w, https:\/\/optimate1.com\/wp-content\/uploads\/2026\/03\/OptiMate-PRO-1-TM650-12-copy-es-1-768x768.png 768w, https:\/\/optimate1.com\/wp-content\/uploads\/2026\/03\/OptiMate-PRO-1-TM650-12-copy-es-1-600x600.png 600w, https:\/\/optimate1.com\/wp-content\/uploads\/2026\/03\/OptiMate-PRO-1-TM650-12-copy-es-1-100x100.png 100w, https:\/\/optimate1.com\/wp-content\/uploads\/2026\/03\/OptiMate-PRO-1-TM650-12-copy-es-1-64x64.png 64w, https:\/\/optimate1.com\/wp-content\/uploads\/2026\/03\/OptiMate-PRO-1-TM650-12-copy-es-1.png 1500w\" sizes=\"auto, (max-width: 320px) 100vw, 320px\" \/><\/div><div class=\"thunk-product-content\"><h2 class=\"woocommerce-loop-product__title\">OptiMate PRO-1 DUO<\/h2>\n\t<span class=\"price\"><span class=\"woocommerce-Price-amount amount\"><bdi><span class=\"woocommerce-Price-currencySymbol\">&#36;<\/span>209.95<\/bdi><\/span><\/span>\n<div class=\"short_desc\">12V \/ 12.8V 10A<\/div><\/div><div class=\"thunk-product-hover\"><\/a>           <div class=\"os-product-excerpt\"><h3><span style=\"color: #231f20;\">Serie PRO: Cargador comprobador de bater\u00edas y fuente de alimentaci\u00f3n para diagn\u00f3stico de 12\u00a0V, 10\u00a0A<\/span><\/h3>\n<\/div>\n        <div class=\"thunk-quik\">\n\t\t\t             <div class=\"thunk-quickview\">\n                               <span class=\"quik-view\">\n                                   <a href=\"#\" class=\"opn-quick-view-text\"  data-product_id=\"28745\">\n                                      <span>Vista r\u00e1pida<\/span>\n                                    \n                                   <\/a>\n                            <\/span>\n                          <\/div><\/div><\/div><\/div><\/div><\/li>\n<\/ul>\n<\/div>\n<h4><strong>OptiMate PRO-4 DUO (TM-670)<\/strong><\/h4>\n<p data-start=\"1690\" data-end=\"1807\">Dise\u00f1ado para talleres exigentes y centros de servicio que necesitan una carga profesional multibanco.<\/p>\n<p data-start=\"1690\" data-end=\"1807\">\n<table id=\"tablepress-668\" class=\"tablepress tablepress-id-668\">\n<tbody class=\"row-hover\">\n<tr class=\"row-1\">\n\t<td class=\"column-1\"><body><h6><strong>3 SELECTABLE MODES \u2013<\/strong> 12V lead-acid OR 12.8V\/13.2V LiFePO\u2084 lithium OR 60\u2019 fast new battery preparation.<\/h6><\/center><\/td>\n<\/tr>\n<tr class=\"row-2\">\n\t<td class=\"column-1\"><body><h6><strong>FOUR INDEPENDENT CHARGING BANKS \u2013 <\/strong> 5 Amp max per bank, Ampmatic charge control adjusts lower for smaller battery size.<\/h6><\/center><\/td>\n<\/tr>\n<tr class=\"row-3\">\n\t<td class=\"column-1\"><body><h6><strong>AUTOMATIC FAST BATTERY ACTIVATION \u2013 <\/strong>60\u2019 mode for fast preparation of a new battery.<\/h6><\/center><\/td>\n<\/tr>\n<\/tbody>\n<\/table>\n<!-- #tablepress-668 from cache --><\/p>\n<div class=\"woocommerce columns-5 \"><ul class=\"products columns-5\">\n<li class=\"thunk-woo-product-list opn-qv-enable big-store-woo-hover- open-single-product-tab-horizontal open-shadow- open-shadow-hover- product type-product post-31544 status-publish first instock product_cat-battery-chargers-es has-post-thumbnail shipping-taxable purchasable product-type-simple\">\n\t<div class=\"thunk-product-wrap\"><div class=\"thunk-product\"><a href=\"https:\/\/optimate1.com\/es\/producto\/tm670\/\" class=\"woocommerce-LoopProduct-link woocommerce-loop-product__link\"><div class=\"thunk-product-image\"><img loading=\"lazy\" decoding=\"async\" width=\"320\" height=\"320\" src=\"https:\/\/optimate1.com\/wp-content\/uploads\/2026\/03\/OptiMate-PRO-4-DUO-TM670-11-copy-es-320x320.png\" class=\"attachment-woocommerce_thumbnail size-woocommerce_thumbnail\" alt=\"OptiMate PRO-4 DUO\" srcset=\"https:\/\/optimate1.com\/wp-content\/uploads\/2026\/03\/OptiMate-PRO-4-DUO-TM670-11-copy-es-320x320.png 320w, https:\/\/optimate1.com\/wp-content\/uploads\/2026\/03\/OptiMate-PRO-4-DUO-TM670-11-copy-es-300x300.png 300w, https:\/\/optimate1.com\/wp-content\/uploads\/2026\/03\/OptiMate-PRO-4-DUO-TM670-11-copy-es-1024x1024.png 1024w, https:\/\/optimate1.com\/wp-content\/uploads\/2026\/03\/OptiMate-PRO-4-DUO-TM670-11-copy-es-150x150.png 150w, https:\/\/optimate1.com\/wp-content\/uploads\/2026\/03\/OptiMate-PRO-4-DUO-TM670-11-copy-es-768x768.png 768w, https:\/\/optimate1.com\/wp-content\/uploads\/2026\/03\/OptiMate-PRO-4-DUO-TM670-11-copy-es-600x600.png 600w, https:\/\/optimate1.com\/wp-content\/uploads\/2026\/03\/OptiMate-PRO-4-DUO-TM670-11-copy-es-100x100.png 100w, https:\/\/optimate1.com\/wp-content\/uploads\/2026\/03\/OptiMate-PRO-4-DUO-TM670-11-copy-es-64x64.png 64w, https:\/\/optimate1.com\/wp-content\/uploads\/2026\/03\/OptiMate-PRO-4-DUO-TM670-11-copy-es.png 1500w\" sizes=\"auto, (max-width: 320px) 100vw, 320px\" \/><\/div><div class=\"thunk-product-content\"><h2 class=\"woocommerce-loop-product__title\">OptiMate PRO-4 DUO<\/h2>\n\t<span class=\"price\"><span class=\"woocommerce-Price-amount amount\"><bdi><span class=\"woocommerce-Price-currencySymbol\">&#36;<\/span>619.95<\/bdi><\/span><\/span>\n<div class=\"short_desc\">12V \/ 12.8V 5A<\/div><\/div><div class=\"thunk-product-hover\"><\/a>           <div class=\"os-product-excerpt\"><h3><span style=\"color: #231f20;\">Serie PRO: cargador autom\u00e1tico de diagn\u00f3stico de 4 bater\u00edas de 12V 5A <\/span><strong>x4<\/strong><\/h3>\n<\/div>\n        <div class=\"thunk-quik\">\n\t\t\t             <div class=\"thunk-quickview\">\n                               <span class=\"quik-view\">\n                                   <a href=\"#\" class=\"opn-quick-view-text\"  data-product_id=\"31544\">\n                                      <span>Vista r\u00e1pida<\/span>\n                                    \n                                   <\/a>\n                            <\/span>\n                          <\/div><\/div><\/div><\/div><\/div><\/li>\n<\/ul>\n<\/div>\n<h3 data-start=\"2443\" data-end=\"2480\">\u00bfQu\u00e9 modelo PRO es el adecuado para ti?<\/h3>\n<p data-start=\"2483\" data-end=\"2641\">Elige el <strong data-start=\"2494\" data-end=\"2514\">TM-650 OptiMate PRO-1 DUO<\/strong> si trabajas con veh\u00edculos, motocicletas o bater\u00edas de alto rendimiento en una estaci\u00f3n \u00fanica y necesitas precisi\u00f3n y diagn\u00f3stico.<\/p>\n<p data-start=\"2644\" data-end=\"2842\">Elige el <strong data-start=\"2655\" data-end=\"2675\">TM-670 OptiMate PRO-4 DUO<\/strong> si necesitas una soluci\u00f3n multibanco (por ejemplo, un taller, concesionario o varios veh\u00edculos simult\u00e1neamente) con diagn\u00f3stico completo y estaciones de carga independientes.<\/p>\n<p>&nbsp;<\/p>\n<h4><a href=\"https:\/\/optimate1.com\/es\/cargador-de-baterias\/\" target=\"_blank\" rel=\"noopener\">\u00a1Descubre m\u00e1s sobre nuestras series OptiMate aqu\u00ed!<\/a><\/h4>\n<p>&nbsp;<\/p>\n","protected":false},"excerpt":{"rendered":"<p>CARGADORES PROFESIONALES OPTIMATE La serie PRO est\u00e1 dise\u00f1ada para talleres profesionales, especialistas en bater\u00edas o distribuidores: herramientas de carga y prueba de alto rendimiento creadas para uso profesional. Con programas de carga seleccionables y funciones \u201cPRO\u201d avanzadas, estas unidades ofrecen control, diagn\u00f3stico y fiabilidad. ELEGIR EL CARGADOR ADECUADO Modelos destacados OptiMate PRO-1 DUO (TM-650) Ideal &hellip;<\/p>\n<p class=\"read-more\"> <a class=\" thunk-readmore button \" href=\"https:\/\/optimate1.com\/es\/cargadores-pro\/\"> <span class=\"screen-reader-text\">Cargadores PRO<\/span>Leer m\u00e1s<\/a><\/p>\n","protected":false},"author":12,"featured_media":0,"parent":0,"menu_order":0,"comment_status":"closed","ping_status":"closed","template":"","meta":{"footnotes":""},"class_list":["post-40278","page","type-page","status-publish","hentry","thunk-woo-product-list","opn-qv-enable","big-store-woo-hover-","open-single-product-tab-horizontal","open-shadow-","open-shadow-hover-"],"yoast_head":"<!-- This site is optimized with the Yoast SEO plugin v27.4 - https:\/\/yoast.com\/product\/yoast-seo-wordpress\/ -->\n<title>Cargadores PRO - OptiMate<\/title>\n<meta name=\"description\" content=\"La serie PRO est\u00e1 dise\u00f1ada para talleres profesionales, especialistas en bater\u00edas o distribuidores: herramientas de carga y prueba de alto rendimiento creadas para uso profesional.\" \/>\n<meta name=\"robots\" content=\"index, follow, max-snippet:-1, max-image-preview:large, max-video-preview:-1, noarchive\" \/>\n<link rel=\"canonical\" href=\"https:\/\/optimate1.com\/pro-chargers\/\" \/>\n<meta property=\"og:locale\" content=\"es_ES\" \/>\n<meta property=\"og:type\" content=\"article\" \/>\n<meta property=\"og:title\" content=\"Cargadores PRO - OptiMate\" \/>\n<meta property=\"og:description\" content=\"La serie PRO est\u00e1 dise\u00f1ada para talleres profesionales, especialistas en bater\u00edas o distribuidores: herramientas de carga y prueba de alto rendimiento creadas para uso profesional.\" \/>\n<meta property=\"og:url\" content=\"https:\/\/optimate1.com\/pro-chargers\/\" \/>\n<meta property=\"og:site_name\" content=\"OptiMate\" \/>\n<meta property=\"article:publisher\" content=\"https:\/\/www.facebook.com\/OptiMatebatterysavingcharger\/\" \/>\n<meta property=\"article:modified_time\" content=\"2025-11-03T09:08:48+00:00\" \/>\n<meta property=\"og:image\" content=\"https:\/\/optimate1.com\/wp-content\/uploads\/2020\/10\/SolarHeader_3Artboard-1@3x-100-1.jpg\" \/>\n\t<meta property=\"og:image:width\" content=\"1200\" \/>\n\t<meta property=\"og:image:height\" content=\"540\" \/>\n\t<meta property=\"og:image:type\" content=\"image\/jpeg\" \/>\n<meta name=\"twitter:card\" content=\"summary_large_image\" \/>\n<meta name=\"twitter:label1\" content=\"Tiempo de lectura\" \/>\n\t<meta name=\"twitter:data1\" content=\"1 minuto\" \/>\n<script type=\"application\/ld+json\" class=\"yoast-schema-graph\">{\"@context\":\"https:\\\/\\\/schema.org\",\"@graph\":[{\"@type\":\"WebPage\",\"@id\":\"https:\\\/\\\/optimate1.com\\\/pro-chargers\\\/\",\"url\":\"https:\\\/\\\/optimate1.com\\\/pro-chargers\\\/\",\"name\":\"Cargadores PRO - OptiMate\",\"isPartOf\":{\"@id\":\"https:\\\/\\\/optimate1.com\\\/#website\"},\"primaryImageOfPage\":{\"@id\":\"https:\\\/\\\/optimate1.com\\\/pro-chargers\\\/#primaryimage\"},\"image\":{\"@id\":\"https:\\\/\\\/optimate1.com\\\/pro-chargers\\\/#primaryimage\"},\"thumbnailUrl\":\"https:\\\/\\\/optimate1.com\\\/wp-content\\\/uploads\\\/2025\\\/10\\\/2025-1029-Banner-PRO-scaled.png\",\"datePublished\":\"2025-11-03T08:31:40+00:00\",\"dateModified\":\"2025-11-03T09:08:48+00:00\",\"description\":\"La serie PRO est\u00e1 dise\u00f1ada para talleres profesionales, especialistas en bater\u00edas o distribuidores: herramientas de carga y prueba de alto rendimiento creadas para uso profesional.\",\"breadcrumb\":{\"@id\":\"https:\\\/\\\/optimate1.com\\\/pro-chargers\\\/#breadcrumb\"},\"inLanguage\":\"es\",\"potentialAction\":[{\"@type\":\"ReadAction\",\"target\":[\"https:\\\/\\\/optimate1.com\\\/pro-chargers\\\/\"]}]},{\"@type\":\"ImageObject\",\"inLanguage\":\"es\",\"@id\":\"https:\\\/\\\/optimate1.com\\\/pro-chargers\\\/#primaryimage\",\"url\":\"https:\\\/\\\/optimate1.com\\\/wp-content\\\/uploads\\\/2025\\\/10\\\/2025-1029-Banner-PRO-scaled.png\",\"contentUrl\":\"https:\\\/\\\/optimate1.com\\\/wp-content\\\/uploads\\\/2025\\\/10\\\/2025-1029-Banner-PRO-scaled.png\"},{\"@type\":\"BreadcrumbList\",\"@id\":\"https:\\\/\\\/optimate1.com\\\/pro-chargers\\\/#breadcrumb\",\"itemListElement\":[{\"@type\":\"ListItem\",\"position\":1,\"name\":\"Home\",\"item\":\"https:\\\/\\\/optimate1.com\\\/\"},{\"@type\":\"ListItem\",\"position\":2,\"name\":\"Cargadores PRO\"}]},{\"@type\":\"WebSite\",\"@id\":\"https:\\\/\\\/optimate1.com\\\/#website\",\"url\":\"https:\\\/\\\/optimate1.com\\\/\",\"name\":\"OptiMate\",\"description\":\"Battery Chargers &amp; Accessories\",\"publisher\":{\"@id\":\"https:\\\/\\\/optimate1.com\\\/#organization\"},\"potentialAction\":[{\"@type\":\"SearchAction\",\"target\":{\"@type\":\"EntryPoint\",\"urlTemplate\":\"https:\\\/\\\/optimate1.com\\\/?s={search_term_string}\"},\"query-input\":{\"@type\":\"PropertyValueSpecification\",\"valueRequired\":true,\"valueName\":\"search_term_string\"}}],\"inLanguage\":\"es\"},{\"@type\":\"Organization\",\"@id\":\"https:\\\/\\\/optimate1.com\\\/#organization\",\"name\":\"OptiMate\",\"url\":\"https:\\\/\\\/optimate1.com\\\/\",\"logo\":{\"@type\":\"ImageObject\",\"inLanguage\":\"es\",\"@id\":\"https:\\\/\\\/optimate1.com\\\/#\\\/schema\\\/logo\\\/image\\\/\",\"url\":\"https:\\\/\\\/optimate1.com\\\/wp-content\\\/uploads\\\/2021\\\/06\\\/optimate-hpbc-stacklogo.jpg\",\"contentUrl\":\"https:\\\/\\\/optimate1.com\\\/wp-content\\\/uploads\\\/2021\\\/06\\\/optimate-hpbc-stacklogo.jpg\",\"width\":1025,\"height\":529,\"caption\":\"OptiMate\"},\"image\":{\"@id\":\"https:\\\/\\\/optimate1.com\\\/#\\\/schema\\\/logo\\\/image\\\/\"},\"sameAs\":[\"https:\\\/\\\/www.facebook.com\\\/OptiMatebatterysavingcharger\\\/\"]}]}<\/script>\n<!-- \/ Yoast SEO plugin. -->","yoast_head_json":{"title":"Cargadores PRO - OptiMate","description":"La serie PRO est\u00e1 dise\u00f1ada para talleres profesionales, especialistas en bater\u00edas o distribuidores: herramientas de carga y prueba de alto rendimiento creadas para uso profesional.","robots":{"index":"index","follow":"follow","max-snippet":"max-snippet:-1","max-image-preview":"max-image-preview:large","max-video-preview":"max-video-preview:-1","archive":"noarchive"},"canonical":"https:\/\/optimate1.com\/pro-chargers\/","og_locale":"es_ES","og_type":"article","og_title":"Cargadores PRO - OptiMate","og_description":"La serie PRO est\u00e1 dise\u00f1ada para talleres profesionales, especialistas en bater\u00edas o distribuidores: herramientas de carga y prueba de alto rendimiento creadas para uso profesional.","og_url":"https:\/\/optimate1.com\/pro-chargers\/","og_site_name":"OptiMate","article_publisher":"https:\/\/www.facebook.com\/OptiMatebatterysavingcharger\/","article_modified_time":"2025-11-03T09:08:48+00:00","og_image":[{"width":1200,"height":540,"url":"https:\/\/optimate1.com\/wp-content\/uploads\/2020\/10\/SolarHeader_3Artboard-1@3x-100-1.jpg","type":"image\/jpeg"}],"twitter_card":"summary_large_image","twitter_misc":{"Tiempo de lectura":"1 minuto"},"schema":{"@context":"https:\/\/schema.org","@graph":[{"@type":"WebPage","@id":"https:\/\/optimate1.com\/pro-chargers\/","url":"https:\/\/optimate1.com\/pro-chargers\/","name":"Cargadores PRO - OptiMate","isPartOf":{"@id":"https:\/\/optimate1.com\/#website"},"primaryImageOfPage":{"@id":"https:\/\/optimate1.com\/pro-chargers\/#primaryimage"},"image":{"@id":"https:\/\/optimate1.com\/pro-chargers\/#primaryimage"},"thumbnailUrl":"https:\/\/optimate1.com\/wp-content\/uploads\/2025\/10\/2025-1029-Banner-PRO-scaled.png","datePublished":"2025-11-03T08:31:40+00:00","dateModified":"2025-11-03T09:08:48+00:00","description":"La serie PRO est\u00e1 dise\u00f1ada para talleres profesionales, especialistas en bater\u00edas o distribuidores: herramientas de carga y prueba de alto rendimiento creadas para uso profesional.","breadcrumb":{"@id":"https:\/\/optimate1.com\/pro-chargers\/#breadcrumb"},"inLanguage":"es","potentialAction":[{"@type":"ReadAction","target":["https:\/\/optimate1.com\/pro-chargers\/"]}]},{"@type":"ImageObject","inLanguage":"es","@id":"https:\/\/optimate1.com\/pro-chargers\/#primaryimage","url":"https:\/\/optimate1.com\/wp-content\/uploads\/2025\/10\/2025-1029-Banner-PRO-scaled.png","contentUrl":"https:\/\/optimate1.com\/wp-content\/uploads\/2025\/10\/2025-1029-Banner-PRO-scaled.png"},{"@type":"BreadcrumbList","@id":"https:\/\/optimate1.com\/pro-chargers\/#breadcrumb","itemListElement":[{"@type":"ListItem","position":1,"name":"Home","item":"https:\/\/optimate1.com\/"},{"@type":"ListItem","position":2,"name":"Cargadores PRO"}]},{"@type":"WebSite","@id":"https:\/\/optimate1.com\/#website","url":"https:\/\/optimate1.com\/","name":"OptiMate","description":"Battery Chargers &amp; Accessories","publisher":{"@id":"https:\/\/optimate1.com\/#organization"},"potentialAction":[{"@type":"SearchAction","target":{"@type":"EntryPoint","urlTemplate":"https:\/\/optimate1.com\/?s={search_term_string}"},"query-input":{"@type":"PropertyValueSpecification","valueRequired":true,"valueName":"search_term_string"}}],"inLanguage":"es"},{"@type":"Organization","@id":"https:\/\/optimate1.com\/#organization","name":"OptiMate","url":"https:\/\/optimate1.com\/","logo":{"@type":"ImageObject","inLanguage":"es","@id":"https:\/\/optimate1.com\/#\/schema\/logo\/image\/","url":"https:\/\/optimate1.com\/wp-content\/uploads\/2021\/06\/optimate-hpbc-stacklogo.jpg","contentUrl":"https:\/\/optimate1.com\/wp-content\/uploads\/2021\/06\/optimate-hpbc-stacklogo.jpg","width":1025,"height":529,"caption":"OptiMate"},"image":{"@id":"https:\/\/optimate1.com\/#\/schema\/logo\/image\/"},"sameAs":["https:\/\/www.facebook.com\/OptiMatebatterysavingcharger\/"]}]}},"_links":{"self":[{"href":"https:\/\/optimate1.com\/es\/wp-json\/wp\/v2\/pages\/40278","targetHints":{"allow":["GET"]}}],"collection":[{"href":"https:\/\/optimate1.com\/es\/wp-json\/wp\/v2\/pages"}],"about":[{"href":"https:\/\/optimate1.com\/es\/wp-json\/wp\/v2\/types\/page"}],"author":[{"embeddable":true,"href":"https:\/\/optimate1.com\/es\/wp-json\/wp\/v2\/users\/12"}],"replies":[{"embeddable":true,"href":"https:\/\/optimate1.com\/es\/wp-json\/wp\/v2\/comments?post=40278"}],"version-history":[{"count":3,"href":"https:\/\/optimate1.com\/es\/wp-json\/wp\/v2\/pages\/40278\/revisions"}],"predecessor-version":[{"id":40281,"href":"https:\/\/optimate1.com\/es\/wp-json\/wp\/v2\/pages\/40278\/revisions\/40281"}],"wp:attachment":[{"href":"https:\/\/optimate1.com\/es\/wp-json\/wp\/v2\/media?parent=40278"}],"curies":[{"name":"wp","href":"https:\/\/api.w.org\/{rel}","templated":true}]}}